{"id":10201,"date":"2020-06-18T09:32:48","date_gmt":"2019-06-18T06:32:48","guid":{"rendered":"https:\/\/www.stikla-serviss.lv\/?post_type=product&#038;p=10201"},"modified":"2025-03-12T12:53:17","modified_gmt":"2025-03-12T10:53:17","slug":"glass-doors-individual-solutions-for-sauna-and-steam-cabins","status":"publish","type":"product","link":"https:\/\/www.stikla-serviss.lv\/en\/product\/glass-doors-individual-solutions-for-sauna-and-steam-cabins\/","title":{"rendered":"GLASS DOORS &#8211; INDIVIDUAL SOLUTIONS FOR SAUNA AND STEAM CABINS &#8211; Individual solutions for sauna and steam cabins"},"content":{"rendered":"<p>&nbsp;<\/p>\n<table style=\"border-collapse: collapse; width: 100%; height: 332px;\">\n<tbody>\n<tr style=\"height: 332px;\">\n<td style=\"width: 55.2187%; vertical-align: top; height: 332px;\">Stikla Serviss offers individual solutions for installing a sauna or steam bath in your home.<\/td>\n<td style=\"width: 44.7813%; vertical-align: top; height: 332px;\"><div class=\"row\"  id=\"row-360021591\">\r\n\r\n\n\t<div id=\"col-2112313894\" class=\"col medium-6 small-12 large-6\"  >\n\t\t\t\t<div class=\"col-inner\"  >\n\t\t\t\n\t\t\t\r\n<p style=\"text-align: right;\">ART\u016aRS L\u016aSIS<\/p>\r\n<p style=\"text-align: right;\">Assambly manager<\/p>\r\n<p style=\"text-align: right;\">\u00a0+371 67472933<\/p>\r\n<p style=\"text-align: right;\">\u00a0+371 26713927<\/p>\r\n<p style=\"text-align: right;\"><a id=\"contact_email_12\" href=\"mailto:kirils@stikla-serviss.lv\">arturs@stikla-serviss.lv<\/a><\/p>\r\n<p style=\"text-align: right;\"><a href=\"mailto:info@stikla-serviss.lv\">info@stikla-serviss.lv<\/a><\/p>\r\n\t\t<\/div>\n\t\t\t\t\t<\/div>\n\n\t\r\n\n\t<div id=\"col-58990409\" class=\"col medium-6 small-12 large-6\"  >\n\t\t\t\t<div class=\"col-inner\"  >\n\t\t\t\n\t\t\t\r\n\r\n\t<div class=\"img has-hover x md-x lg-x y md-y lg-y\" id=\"image_9157435\">\n\t\t\t\t\t\t\t\t<div class=\"img-inner dark\" >\n\t\t\t<img loading=\"lazy\" decoding=\"async\" width=\"691\" height=\"800\" src=\"https:\/\/www.stikla-serviss.lv\/wp-content\/uploads\/2022\/10\/arturs_portrets-691x800.jpg\" class=\"attachment-large size-large\" alt=\"\" srcset=\"https:\/\/www.stikla-serviss.lv\/wp-content\/uploads\/2022\/10\/arturs_portrets-691x800.jpg 691w, https:\/\/www.stikla-serviss.lv\/wp-content\/uploads\/2022\/10\/arturs_portrets-510x591.jpg 510w, https:\/\/www.stikla-serviss.lv\/wp-content\/uploads\/2022\/10\/arturs_portrets-345x400.jpg 345w, https:\/\/www.stikla-serviss.lv\/wp-content\/uploads\/2022\/10\/arturs_portrets-768x890.jpg 768w, https:\/\/www.stikla-serviss.lv\/wp-content\/uploads\/2022\/10\/arturs_portrets-1326x1536.jpg 1326w, https:\/\/www.stikla-serviss.lv\/wp-content\/uploads\/2022\/10\/arturs_portrets.jpg 1476w\" sizes=\"auto, (max-width: 691px) 100vw, 691px\" \/>\t\t\t\t\t\t\n\t\t\t\t\t<\/div>\n\t\t\t\t\t\t\t\t\n<style>\n#image_9157435 {\n  width: 100%;\n}\n<\/style>\n\t<\/div>\n\t\r\n\r\n\t\t<\/div>\n\t\t\t\t\t<\/div>\n\n\t\r\n\r\n<\/div><\/td>\n<\/tr>\n<\/tbody>\n<\/table>\n<p>&nbsp;<\/p>\n","protected":false},"excerpt":{"rendered":"<p>These doors are designed for rooms with high humidity (showers, steam baths). Steam or Roman baths have been known for several thousand years since ancient Roman times. These saunas have a relatively low temperature, around 45-50 degrees, and 100 % humidity, so the use of ordinary sauna doors with a wooden box in these saunas is not possible. The biggest difference between a steam bath door and a sauna door in terms of configuration is an aluminium box. An aluminum box is needed to prevent the door from being damaged by high humidity.<\/p>\n","protected":false},"featured_media":59431,"template":"","meta":[],"product_brand":[],"product_cat":[258,324],"product_tag":[],"class_list":{"0":"post-10201","1":"product","2":"type-product","3":"status-publish","4":"has-post-thumbnail","6":"product_cat-glass-doors","7":"product_cat-saunas-un-tvaika-kabinu-individualie-risinajumi-en","9":"first","10":"instock","11":"shipping-taxable","12":"product-type-simple"},"yoast_head":"<!-- This site is optimized with the Yoast SEO plugin v27.1.1 - https:\/\/yoast.com\/product\/yoast-seo-wordpress\/ -->\n<title>GLASS DOORS - INDIVIDUAL SOLUTIONS FOR SAUNA AND STEAM CABINS - Individual solutions for sauna and steam cabins - STIKLA SERVISS<\/title>\n<meta name=\"description\" content=\"GLASS DOORS - INDIVIDUAL SOLUTIONS FOR SAUNA AND STEAM CABINS - Individual solutions for sauna and steam cabins - STIKLA SERVISS\" \/>\n<meta name=\"robots\" content=\"index, follow, max-snippet:-1, max-image-preview:large, max-video-preview:-1\" \/>\n<link rel=\"canonical\" href=\"https:\/\/www.stikla-serviss.lv\/en\/product\/glass-doors-individual-solutions-for-sauna-and-steam-cabins\/\" \/>\n<meta property=\"og:locale\" content=\"en_US\" \/>\n<meta property=\"og:type\" content=\"article\" \/>\n<meta property=\"og:title\" content=\"GLASS DOORS - INDIVIDUAL SOLUTIONS FOR SAUNA AND STEAM CABINS - Individual solutions for sauna and steam cabins - STIKLA SERVISS\" \/>\n<meta property=\"og:description\" content=\"GLASS DOORS - INDIVIDUAL SOLUTIONS FOR SAUNA AND STEAM CABINS - Individual solutions for sauna and steam cabins - STIKLA SERVISS\" \/>\n<meta property=\"og:url\" content=\"https:\/\/www.stikla-serviss.lv\/en\/product\/glass-doors-individual-solutions-for-sauna-and-steam-cabins\/\" \/>\n<meta property=\"og:site_name\" content=\"STIKLA SERVISS\" \/>\n<meta property=\"article:modified_time\" content=\"2025-03-12T10:53:17+00:00\" \/>\n<meta property=\"og:image\" content=\"https:\/\/www.stikla-serviss.lv\/wp-content\/uploads\/2024\/11\/Saunas-durvis-1.jpg\" \/>\n\t<meta property=\"og:image:width\" content=\"720\" \/>\n\t<meta property=\"og:image:height\" content=\"1064\" \/>\n\t<meta property=\"og:image:type\" content=\"image\/jpeg\" \/>\n<meta name=\"twitter:card\" content=\"summary_large_image\" \/>\n<meta name=\"twitter:label1\" content=\"Est. reading time\" \/>\n\t<meta name=\"twitter:data1\" content=\"1 minute\" \/>\n<script type=\"application\/ld+json\" class=\"yoast-schema-graph\">{\"@context\":\"https:\/\/schema.org\",\"@graph\":[{\"@type\":\"WebPage\",\"@id\":\"https:\/\/www.stikla-serviss.lv\/en\/product\/glass-doors-individual-solutions-for-sauna-and-steam-cabins\/\",\"url\":\"https:\/\/www.stikla-serviss.lv\/en\/product\/glass-doors-individual-solutions-for-sauna-and-steam-cabins\/\",\"name\":\"GLASS DOORS - INDIVIDUAL SOLUTIONS FOR SAUNA AND STEAM CABINS - Individual solutions for sauna and steam cabins - STIKLA SERVISS\",\"isPartOf\":{\"@id\":\"https:\/\/www.stikla-serviss.lv\/en\/#website\"},\"primaryImageOfPage\":{\"@id\":\"https:\/\/www.stikla-serviss.lv\/en\/product\/glass-doors-individual-solutions-for-sauna-and-steam-cabins\/#primaryimage\"},\"image\":{\"@id\":\"https:\/\/www.stikla-serviss.lv\/en\/product\/glass-doors-individual-solutions-for-sauna-and-steam-cabins\/#primaryimage\"},\"thumbnailUrl\":\"https:\/\/www.stikla-serviss.lv\/wp-content\/uploads\/2024\/11\/Saunas-durvis-1.jpg\",\"datePublished\":\"2019-06-18T06:32:48+00:00\",\"dateModified\":\"2025-03-12T10:53:17+00:00\",\"description\":\"GLASS DOORS - INDIVIDUAL SOLUTIONS FOR SAUNA AND STEAM CABINS - Individual solutions for sauna and steam cabins - STIKLA SERVISS\",\"breadcrumb\":{\"@id\":\"https:\/\/www.stikla-serviss.lv\/en\/product\/glass-doors-individual-solutions-for-sauna-and-steam-cabins\/#breadcrumb\"},\"inLanguage\":\"en-US\",\"potentialAction\":[{\"@type\":\"ReadAction\",\"target\":[\"https:\/\/www.stikla-serviss.lv\/en\/product\/glass-doors-individual-solutions-for-sauna-and-steam-cabins\/\"]}]},{\"@type\":\"ImageObject\",\"inLanguage\":\"en-US\",\"@id\":\"https:\/\/www.stikla-serviss.lv\/en\/product\/glass-doors-individual-solutions-for-sauna-and-steam-cabins\/#primaryimage\",\"url\":\"https:\/\/www.stikla-serviss.lv\/wp-content\/uploads\/2024\/11\/Saunas-durvis-1.jpg\",\"contentUrl\":\"https:\/\/www.stikla-serviss.lv\/wp-content\/uploads\/2024\/11\/Saunas-durvis-1.jpg\",\"width\":720,\"height\":1064},{\"@type\":\"BreadcrumbList\",\"@id\":\"https:\/\/www.stikla-serviss.lv\/en\/product\/glass-doors-individual-solutions-for-sauna-and-steam-cabins\/#breadcrumb\",\"itemListElement\":[{\"@type\":\"ListItem\",\"position\":1,\"name\":\"Home\",\"item\":\"https:\/\/www.stikla-serviss.lv\/en\/\"},{\"@type\":\"ListItem\",\"position\":2,\"name\":\"PRODUCTS\",\"item\":\"https:\/\/www.stikla-serviss.lv\/en\/produkti\/\"},{\"@type\":\"ListItem\",\"position\":3,\"name\":\"GLASS DOORS &#8211; INDIVIDUAL SOLUTIONS FOR SAUNA AND STEAM CABINS &#8211; Individual solutions for sauna and steam cabins\"}]},{\"@type\":\"WebSite\",\"@id\":\"https:\/\/www.stikla-serviss.lv\/en\/#website\",\"url\":\"https:\/\/www.stikla-serviss.lv\/en\/\",\"name\":\"STIKLA SERVISS\",\"description\":\"Stikla tirdzniec\u012bbas un stikla izstr\u0101d\u0101jumu ra\u017eo\u0161anas uz\u0146\u0113mums\",\"publisher\":{\"@id\":\"https:\/\/www.stikla-serviss.lv\/en\/#organization\"},\"potentialAction\":[{\"@type\":\"SearchAction\",\"target\":{\"@type\":\"EntryPoint\",\"urlTemplate\":\"https:\/\/www.stikla-serviss.lv\/en\/?s={search_term_string}\"},\"query-input\":{\"@type\":\"PropertyValueSpecification\",\"valueRequired\":true,\"valueName\":\"search_term_string\"}}],\"inLanguage\":\"en-US\"},{\"@type\":\"Organization\",\"@id\":\"https:\/\/www.stikla-serviss.lv\/en\/#organization\",\"name\":\"SIA \\\"STIKLA SERVISS\\\"\",\"url\":\"https:\/\/www.stikla-serviss.lv\/en\/\",\"logo\":{\"@type\":\"ImageObject\",\"inLanguage\":\"en-US\",\"@id\":\"https:\/\/www.stikla-serviss.lv\/en\/#\/schema\/logo\/image\/\",\"url\":\"https:\/\/www.stikla-serviss.lv\/wp-content\/uploads\/2020\/07\/LOGO-ISTS.jpg\",\"contentUrl\":\"https:\/\/www.stikla-serviss.lv\/wp-content\/uploads\/2020\/07\/LOGO-ISTS.jpg\",\"width\":1860,\"height\":817,\"caption\":\"SIA \\\"STIKLA SERVISS\\\"\"},\"image\":{\"@id\":\"https:\/\/www.stikla-serviss.lv\/en\/#\/schema\/logo\/image\/\"}}]}<\/script>\n<!-- \/ Yoast SEO plugin. -->","yoast_head_json":{"title":"GLASS DOORS - INDIVIDUAL SOLUTIONS FOR SAUNA AND STEAM CABINS - Individual solutions for sauna and steam cabins - STIKLA SERVISS","description":"GLASS DOORS - INDIVIDUAL SOLUTIONS FOR SAUNA AND STEAM CABINS - Individual solutions for sauna and steam cabins - STIKLA SERVISS","robots":{"index":"index","follow":"follow","max-snippet":"max-snippet:-1","max-image-preview":"max-image-preview:large","max-video-preview":"max-video-preview:-1"},"canonical":"https:\/\/www.stikla-serviss.lv\/en\/product\/glass-doors-individual-solutions-for-sauna-and-steam-cabins\/","og_locale":"en_US","og_type":"article","og_title":"GLASS DOORS - INDIVIDUAL SOLUTIONS FOR SAUNA AND STEAM CABINS - Individual solutions for sauna and steam cabins - STIKLA SERVISS","og_description":"GLASS DOORS - INDIVIDUAL SOLUTIONS FOR SAUNA AND STEAM CABINS - Individual solutions for sauna and steam cabins - STIKLA SERVISS","og_url":"https:\/\/www.stikla-serviss.lv\/en\/product\/glass-doors-individual-solutions-for-sauna-and-steam-cabins\/","og_site_name":"STIKLA SERVISS","article_modified_time":"2025-03-12T10:53:17+00:00","og_image":[{"width":720,"height":1064,"url":"https:\/\/www.stikla-serviss.lv\/wp-content\/uploads\/2024\/11\/Saunas-durvis-1.jpg","type":"image\/jpeg"}],"twitter_card":"summary_large_image","twitter_misc":{"Est. reading time":"1 minute"},"schema":{"@context":"https:\/\/schema.org","@graph":[{"@type":"WebPage","@id":"https:\/\/www.stikla-serviss.lv\/en\/product\/glass-doors-individual-solutions-for-sauna-and-steam-cabins\/","url":"https:\/\/www.stikla-serviss.lv\/en\/product\/glass-doors-individual-solutions-for-sauna-and-steam-cabins\/","name":"GLASS DOORS - INDIVIDUAL SOLUTIONS FOR SAUNA AND STEAM CABINS - Individual solutions for sauna and steam cabins - STIKLA SERVISS","isPartOf":{"@id":"https:\/\/www.stikla-serviss.lv\/en\/#website"},"primaryImageOfPage":{"@id":"https:\/\/www.stikla-serviss.lv\/en\/product\/glass-doors-individual-solutions-for-sauna-and-steam-cabins\/#primaryimage"},"image":{"@id":"https:\/\/www.stikla-serviss.lv\/en\/product\/glass-doors-individual-solutions-for-sauna-and-steam-cabins\/#primaryimage"},"thumbnailUrl":"https:\/\/www.stikla-serviss.lv\/wp-content\/uploads\/2024\/11\/Saunas-durvis-1.jpg","datePublished":"2019-06-18T06:32:48+00:00","dateModified":"2025-03-12T10:53:17+00:00","description":"GLASS DOORS - INDIVIDUAL SOLUTIONS FOR SAUNA AND STEAM CABINS - Individual solutions for sauna and steam cabins - STIKLA SERVISS","breadcrumb":{"@id":"https:\/\/www.stikla-serviss.lv\/en\/product\/glass-doors-individual-solutions-for-sauna-and-steam-cabins\/#breadcrumb"},"inLanguage":"en-US","potentialAction":[{"@type":"ReadAction","target":["https:\/\/www.stikla-serviss.lv\/en\/product\/glass-doors-individual-solutions-for-sauna-and-steam-cabins\/"]}]},{"@type":"ImageObject","inLanguage":"en-US","@id":"https:\/\/www.stikla-serviss.lv\/en\/product\/glass-doors-individual-solutions-for-sauna-and-steam-cabins\/#primaryimage","url":"https:\/\/www.stikla-serviss.lv\/wp-content\/uploads\/2024\/11\/Saunas-durvis-1.jpg","contentUrl":"https:\/\/www.stikla-serviss.lv\/wp-content\/uploads\/2024\/11\/Saunas-durvis-1.jpg","width":720,"height":1064},{"@type":"BreadcrumbList","@id":"https:\/\/www.stikla-serviss.lv\/en\/product\/glass-doors-individual-solutions-for-sauna-and-steam-cabins\/#breadcrumb","itemListElement":[{"@type":"ListItem","position":1,"name":"Home","item":"https:\/\/www.stikla-serviss.lv\/en\/"},{"@type":"ListItem","position":2,"name":"PRODUCTS","item":"https:\/\/www.stikla-serviss.lv\/en\/produkti\/"},{"@type":"ListItem","position":3,"name":"GLASS DOORS &#8211; INDIVIDUAL SOLUTIONS FOR SAUNA AND STEAM CABINS &#8211; Individual solutions for sauna and steam cabins"}]},{"@type":"WebSite","@id":"https:\/\/www.stikla-serviss.lv\/en\/#website","url":"https:\/\/www.stikla-serviss.lv\/en\/","name":"STIKLA SERVISS","description":"Stikla tirdzniec\u012bbas un stikla izstr\u0101d\u0101jumu ra\u017eo\u0161anas uz\u0146\u0113mums","publisher":{"@id":"https:\/\/www.stikla-serviss.lv\/en\/#organization"},"potentialAction":[{"@type":"SearchAction","target":{"@type":"EntryPoint","urlTemplate":"https:\/\/www.stikla-serviss.lv\/en\/?s={search_term_string}"},"query-input":{"@type":"PropertyValueSpecification","valueRequired":true,"valueName":"search_term_string"}}],"inLanguage":"en-US"},{"@type":"Organization","@id":"https:\/\/www.stikla-serviss.lv\/en\/#organization","name":"SIA \"STIKLA SERVISS\"","url":"https:\/\/www.stikla-serviss.lv\/en\/","logo":{"@type":"ImageObject","inLanguage":"en-US","@id":"https:\/\/www.stikla-serviss.lv\/en\/#\/schema\/logo\/image\/","url":"https:\/\/www.stikla-serviss.lv\/wp-content\/uploads\/2020\/07\/LOGO-ISTS.jpg","contentUrl":"https:\/\/www.stikla-serviss.lv\/wp-content\/uploads\/2020\/07\/LOGO-ISTS.jpg","width":1860,"height":817,"caption":"SIA \"STIKLA SERVISS\""},"image":{"@id":"https:\/\/www.stikla-serviss.lv\/en\/#\/schema\/logo\/image\/"}}]}},"_links":{"self":[{"href":"https:\/\/www.stikla-serviss.lv\/en\/wp-json\/wp\/v2\/product\/10201","targetHints":{"allow":["GET"]}}],"collection":[{"href":"https:\/\/www.stikla-serviss.lv\/en\/wp-json\/wp\/v2\/product"}],"about":[{"href":"https:\/\/www.stikla-serviss.lv\/en\/wp-json\/wp\/v2\/types\/product"}],"wp:featuredmedia":[{"embeddable":true,"href":"https:\/\/www.stikla-serviss.lv\/en\/wp-json\/wp\/v2\/media\/59431"}],"wp:attachment":[{"href":"https:\/\/www.stikla-serviss.lv\/en\/wp-json\/wp\/v2\/media?parent=10201"}],"wp:term":[{"taxonomy":"product_brand","embeddable":true,"href":"https:\/\/www.stikla-serviss.lv\/en\/wp-json\/wp\/v2\/product_brand?post=10201"},{"taxonomy":"product_cat","embeddable":true,"href":"https:\/\/www.stikla-serviss.lv\/en\/wp-json\/wp\/v2\/product_cat?post=10201"},{"taxonomy":"product_tag","embeddable":true,"href":"https:\/\/www.stikla-serviss.lv\/en\/wp-json\/wp\/v2\/product_tag?post=10201"}],"curies":[{"name":"wp","href":"https:\/\/api.w.org\/{rel}","templated":true}]}}