{"id":13585,"date":"2020-12-04T13:00:21","date_gmt":"2020-12-04T11:00:21","guid":{"rendered":"https:\/\/www.stikla-serviss.lv\/?post_type=product&#038;p=13585"},"modified":"2025-12-22T11:47:03","modified_gmt":"2025-12-22T09:47:03","slug":"shower-wallconforto-cor-black","status":"publish","type":"product","link":"https:\/\/www.stikla-serviss.lv\/en\/product\/shower-wallconforto-cor-black\/","title":{"rendered":"SHOWER WALL<p>CONFORTO COR BLACK<\/p>"},"content":{"rendered":"<div title=\"Page 45\">\n<div title=\"Page 45\">\n<table style=\"border-collapse: collapse; width: 100.072%;\" border=\"0\" cellspacing=\"0\" cellpadding=\"0\">\n<colgroup>\n<col width=\"72\" \/>\n<col span=\"2\" width=\"133\" \/>\n<col width=\"84\" \/>\n<col width=\"103\" \/>\n<col width=\"91\" \/>\n<col width=\"180\" \/><\/colgroup>\n<tbody>\n<tr style=\"background-color: #999999;\">\n<td class=\"xl65\" style=\"text-align: center; width: 10.3548%;\"><span style=\"color: #ffffff; font-size: 90%;\">Code\u00a0<\/span><\/td>\n<td class=\"xl65\" style=\"text-align: center; width: 13.8306%;\">\n<div title=\"Page 45\"><span style=\"color: #ffffff; font-size: 90%;\">Height (mm)<\/span><\/div>\n<\/td>\n<td class=\"xl65\" style=\"text-align: center; width: 12.4633%;\">\n<div title=\"Page 45\"><span style=\"color: #ffffff; font-size: 90%;\">Adjustment (mm)<\/span><\/div>\n<\/td>\n<td class=\"xl80\" style=\"vertical-align: top; text-align: center; width: 14.4013%;\"><span style=\"font-size: 90%; color: #ffffff;\">Clear<\/span><\/td>\n<td class=\"xl80\" style=\"vertical-align: top; text-align: center; width: 11.9479%;\"><span style=\"font-size: 90%; color: #ffffff;\">Bronze or Gray<\/span><\/td>\n<td class=\"xl80\" style=\"vertical-align: top; text-align: center; width: 12.3823%;\"><span style=\"font-size: 90%; color: #ffffff;\">Matte White \/ Crepi<\/span><\/td>\n<td class=\"xl80\" style=\"vertical-align: top; text-align: center; width: 12.8168%;\"><span style=\"font-size: 90%; color: #ffffff;\">Matte Bronze \/ Gray \/ Extra Clear<\/span><\/td>\n<td class=\"xl83\" style=\"vertical-align: top; text-align: center; width: 11.7306%;\"><span style=\"font-size: 90%; color: #ffffff;\">Matte extra clear \/ Mirror \/ Linea<\/span><\/td>\n<\/tr>\n<tr>\n<td style=\"width: 10.3548%; text-align: center;\" width=\"90\"><span style=\"font-size: 90%;\">60CON_CB<\/span><\/td>\n<td class=\"xl65\" style=\"text-align: center; width: 13.8306%;\"><span style=\"font-size: 90%;\">2000<\/span><\/td>\n<td style=\"text-align: center; width: 12.4633%;\"><span style=\"font-size: 90%;\">568-573<\/span><\/td>\n<td style=\"width: 14.4013%; text-align: center;\" width=\"66\">\u20ac337<\/td>\n<td style=\"width: 11.9479%; text-align: center;\" width=\"66\">\u20ac365<\/td>\n<td style=\"width: 12.3823%; text-align: center;\" width=\"66\">\u20ac419<\/td>\n<td style=\"width: 12.8168%; text-align: center;\" width=\"73\">\u20ac458<\/td>\n<td style=\"width: 11.7306%; text-align: center;\" width=\"73\">\u20ac527<\/td>\n<\/tr>\n<tr>\n<td style=\"width: 10.3548%; text-align: center;\" width=\"90\"><span style=\"font-size: 90%;\">70CON_CB<\/span><\/td>\n<td class=\"xl65\" style=\"text-align: center; width: 13.8306%;\"><span style=\"font-size: 90%;\">2000<\/span><\/td>\n<td style=\"text-align: center; width: 12.4633%;\"><span style=\"font-size: 90%;\">668-673<\/span><\/td>\n<td style=\"width: 14.4013%; text-align: center;\" width=\"66\">\u20ac353<\/td>\n<td style=\"width: 11.9479%; text-align: center;\" width=\"66\">\u20ac381<\/td>\n<td style=\"width: 12.3823%; text-align: center;\" width=\"66\">\u20ac438<\/td>\n<td style=\"width: 12.8168%; text-align: center;\" width=\"73\">\u20ac478<\/td>\n<td style=\"width: 11.7306%; text-align: center;\" width=\"73\">\u20ac550<\/td>\n<\/tr>\n<tr>\n<td style=\"width: 10.3548%; text-align: center;\" width=\"90\"><span style=\"font-size: 90%;\">80CON_CB<\/span><\/td>\n<td class=\"xl65\" style=\"text-align: center; width: 13.8306%;\"><span style=\"font-size: 90%;\">2000<\/span><\/td>\n<td style=\"text-align: center; width: 12.4633%;\"><span style=\"font-size: 90%;\">768-773<\/span><\/td>\n<td style=\"width: 14.4013%; text-align: center;\" width=\"66\">\u20ac365<\/td>\n<td style=\"width: 11.9479%; text-align: center;\" width=\"66\">\u20ac393<\/td>\n<td style=\"width: 12.3823%; text-align: center;\" width=\"66\">\u20ac458<\/td>\n<td style=\"width: 12.8168%; text-align: center;\" width=\"73\">\u20ac498<\/td>\n<td style=\"width: 11.7306%; text-align: center;\" width=\"73\">\u20ac573<\/td>\n<\/tr>\n<tr>\n<td style=\"width: 10.3548%; text-align: center;\" width=\"90\"><span style=\"font-size: 90%;\">90CON_CB<\/span><\/td>\n<td class=\"xl65\" style=\"text-align: center; width: 13.8306%;\"><span style=\"font-size: 90%;\">2000<\/span><\/td>\n<td style=\"text-align: center; width: 12.4633%;\"><span style=\"font-size: 90%;\">868-873<\/span><\/td>\n<td style=\"width: 14.4013%; text-align: center;\" width=\"66\">\u20ac379<\/td>\n<td style=\"width: 11.9479%; text-align: center;\" width=\"66\">\u20ac415<\/td>\n<td style=\"width: 12.3823%; text-align: center;\" width=\"66\">\u20ac462<\/td>\n<td style=\"width: 12.8168%; text-align: center;\" width=\"73\">\u20ac502<\/td>\n<td style=\"width: 11.7306%; text-align: center;\" width=\"73\">\u20ac577<\/td>\n<\/tr>\n<tr>\n<td style=\"width: 10.3548%; text-align: center;\" width=\"90\"><span style=\"font-size: 90%;\">100CON_CB<\/span><\/td>\n<td style=\"text-align: center; width: 13.8306%;\"><span style=\"font-size: 90%;\">2000<\/span><\/td>\n<td style=\"text-align: center; width: 12.4633%;\"><span style=\"font-size: 90%;\">968-973<\/span><\/td>\n<td style=\"width: 14.4013%; text-align: center;\" width=\"66\">\u20ac393<\/td>\n<td style=\"width: 11.9479%; text-align: center;\" width=\"66\">\u20ac438<\/td>\n<td style=\"width: 12.3823%; text-align: center;\" width=\"66\">\u20ac476<\/td>\n<td style=\"width: 12.8168%; text-align: center;\" width=\"73\">\u20ac516<\/td>\n<td style=\"width: 11.7306%; text-align: center;\" width=\"73\">\u20ac593<\/td>\n<\/tr>\n<tr>\n<td style=\"width: 10.3548%; text-align: center;\" width=\"90\"><span style=\"font-size: 90%;\">110CON_CB<\/span><\/td>\n<td style=\"text-align: center; width: 13.8306%;\"><span style=\"font-size: 90%;\">2000<\/span><\/td>\n<td style=\"text-align: center; width: 12.4633%;\"><span style=\"font-size: 90%;\">1068-1073<\/span><\/td>\n<td style=\"width: 14.4013%; text-align: center;\" width=\"66\">\u20ac409<\/td>\n<td style=\"width: 11.9479%; text-align: center;\" width=\"66\">\u20ac454<\/td>\n<td style=\"width: 12.3823%; text-align: center;\" width=\"66\">\u20ac488<\/td>\n<td style=\"width: 12.8168%; text-align: center;\" width=\"73\">\u20ac528<\/td>\n<td style=\"width: 11.7306%; text-align: center;\" width=\"73\">\u20ac607<\/td>\n<\/tr>\n<tr>\n<td style=\"width: 10.3548%; text-align: center;\" width=\"90\"><span style=\"font-size: 90%;\">120CON_CB<\/span><\/td>\n<td style=\"text-align: center; width: 13.8306%;\"><span style=\"font-size: 90%;\">2000<\/span><\/td>\n<td style=\"text-align: center; width: 12.4633%;\"><span style=\"font-size: 90%;\">1168-1173<\/span><\/td>\n<td style=\"width: 14.4013%; text-align: center;\" width=\"66\">\u20ac421<\/td>\n<td style=\"width: 11.9479%; text-align: center;\" width=\"66\">\u20ac472<\/td>\n<td style=\"width: 12.3823%; text-align: center;\" width=\"66\">\u20ac502<\/td>\n<td style=\"width: 12.8168%; text-align: center;\" width=\"73\">\u20ac542<\/td>\n<td style=\"width: 11.7306%; text-align: center;\" width=\"73\">\u20ac623<\/td>\n<\/tr>\n<\/tbody>\n<\/table>\n<p>*All prices include VAT.<\/p>\n<\/div>\n<\/div>\n","protected":false},"excerpt":{"rendered":"<div id='gallery-1' class='gallery galleryid-13585 gallery-columns-6 gallery-size-thumbnail'><figure class='gallery-item'>\n\t\t\t<div class='gallery-icon landscape'>\n\t\t\t\t<img width=\"280\" height=\"280\" src=\"https:\/\/www.stikla-serviss.lv\/wp-content\/uploads\/2020\/07\/ss_pic-10-280x280.png\" class=\"attachment-thumbnail size-thumbnail\" alt=\"\" decoding=\"async\" loading=\"lazy\" srcset=\"https:\/\/www.stikla-serviss.lv\/wp-content\/uploads\/2020\/07\/ss_pic-10-280x280.png 280w, https:\/\/www.stikla-serviss.lv\/wp-content\/uploads\/2020\/07\/ss_pic-10-400x400.png 400w, https:\/\/www.stikla-serviss.lv\/wp-content\/uploads\/2020\/07\/ss_pic-10-300x300.png 300w, https:\/\/www.stikla-serviss.lv\/wp-content\/uploads\/2020\/07\/ss_pic-10-100x100.png 100w, https:\/\/www.stikla-serviss.lv\/wp-content\/uploads\/2020\/07\/ss_pic-10-32x32.png 32w, https:\/\/www.stikla-serviss.lv\/wp-content\/uploads\/2020\/07\/ss_pic-10-e1604331947327.png 80w\" sizes=\"auto, (max-width: 280px) 100vw, 280px\" \/>\n\t\t\t<\/div><\/figure><figure class='gallery-item'>\n\t\t\t<div class='gallery-icon landscape'>\n\t\t\t\t<img width=\"280\" height=\"280\" src=\"https:\/\/www.stikla-serviss.lv\/wp-content\/uploads\/2020\/07\/ss_pic-02-280x280.png\" class=\"attachment-thumbnail size-thumbnail\" alt=\"\" decoding=\"async\" loading=\"lazy\" srcset=\"https:\/\/www.stikla-serviss.lv\/wp-content\/uploads\/2020\/07\/ss_pic-02-280x280.png 280w, https:\/\/www.stikla-serviss.lv\/wp-content\/uploads\/2020\/07\/ss_pic-02-401x400.png 401w, https:\/\/www.stikla-serviss.lv\/wp-content\/uploads\/2020\/07\/ss_pic-02-300x300.png 300w, https:\/\/www.stikla-serviss.lv\/wp-content\/uploads\/2020\/07\/ss_pic-02-100x100.png 100w, https:\/\/www.stikla-serviss.lv\/wp-content\/uploads\/2020\/07\/ss_pic-02-32x32.png 32w, https:\/\/www.stikla-serviss.lv\/wp-content\/uploads\/2020\/07\/ss_pic-02-e1604331855484.png 80w\" sizes=\"auto, (max-width: 280px) 100vw, 280px\" \/>\n\t\t\t<\/div><\/figure><figure class='gallery-item'>\n\t\t\t<div class='gallery-icon landscape'>\n\t\t\t\t<img width=\"280\" height=\"280\" src=\"https:\/\/www.stikla-serviss.lv\/wp-content\/uploads\/2020\/07\/ss_pic-03-280x280.png\" class=\"attachment-thumbnail size-thumbnail\" alt=\"\" decoding=\"async\" loading=\"lazy\" srcset=\"https:\/\/www.stikla-serviss.lv\/wp-content\/uploads\/2020\/07\/ss_pic-03-280x280.png 280w, https:\/\/www.stikla-serviss.lv\/wp-content\/uploads\/2020\/07\/ss_pic-03-401x400.png 401w, https:\/\/www.stikla-serviss.lv\/wp-content\/uploads\/2020\/07\/ss_pic-03-300x300.png 300w, https:\/\/www.stikla-serviss.lv\/wp-content\/uploads\/2020\/07\/ss_pic-03-100x100.png 100w, https:\/\/www.stikla-serviss.lv\/wp-content\/uploads\/2020\/07\/ss_pic-03-32x32.png 32w, https:\/\/www.stikla-serviss.lv\/wp-content\/uploads\/2020\/07\/ss_pic-03-e1604331865897.png 80w\" sizes=\"auto, (max-width: 280px) 100vw, 280px\" \/>\n\t\t\t<\/div><\/figure><figure class='gallery-item'>\n\t\t\t<div class='gallery-icon landscape'>\n\t\t\t\t<img width=\"280\" height=\"280\" src=\"https:\/\/www.stikla-serviss.lv\/wp-content\/uploads\/2020\/07\/ss_pic-09-280x280.png\" class=\"attachment-thumbnail size-thumbnail\" alt=\"\" decoding=\"async\" loading=\"lazy\" srcset=\"https:\/\/www.stikla-serviss.lv\/wp-content\/uploads\/2020\/07\/ss_pic-09-280x280.png 280w, https:\/\/www.stikla-serviss.lv\/wp-content\/uploads\/2020\/07\/ss_pic-09-400x400.png 400w, https:\/\/www.stikla-serviss.lv\/wp-content\/uploads\/2020\/07\/ss_pic-09-300x300.png 300w, https:\/\/www.stikla-serviss.lv\/wp-content\/uploads\/2020\/07\/ss_pic-09-100x100.png 100w, https:\/\/www.stikla-serviss.lv\/wp-content\/uploads\/2020\/07\/ss_pic-09-32x32.png 32w, https:\/\/www.stikla-serviss.lv\/wp-content\/uploads\/2020\/07\/ss_pic-09-e1604331937629.png 80w\" sizes=\"auto, (max-width: 280px) 100vw, 280px\" \/>\n\t\t\t<\/div><\/figure><figure class='gallery-item'>\n\t\t\t<div class='gallery-icon landscape'>\n\t\t\t\t<img width=\"280\" height=\"280\" src=\"https:\/\/www.stikla-serviss.lv\/wp-content\/uploads\/2020\/07\/ss_pic-04-280x280.png\" class=\"attachment-thumbnail size-thumbnail\" alt=\"\" decoding=\"async\" loading=\"lazy\" srcset=\"https:\/\/www.stikla-serviss.lv\/wp-content\/uploads\/2020\/07\/ss_pic-04-280x280.png 280w, https:\/\/www.stikla-serviss.lv\/wp-content\/uploads\/2020\/07\/ss_pic-04-400x400.png 400w, https:\/\/www.stikla-serviss.lv\/wp-content\/uploads\/2020\/07\/ss_pic-04-300x300.png 300w, https:\/\/www.stikla-serviss.lv\/wp-content\/uploads\/2020\/07\/ss_pic-04-100x100.png 100w, https:\/\/www.stikla-serviss.lv\/wp-content\/uploads\/2020\/07\/ss_pic-04-32x32.png 32w, https:\/\/www.stikla-serviss.lv\/wp-content\/uploads\/2020\/07\/ss_pic-04-e1604331879773.png 80w\" sizes=\"auto, (max-width: 280px) 100vw, 280px\" \/>\n\t\t\t<\/div><\/figure><figure class='gallery-item'>\n\t\t\t<div class='gallery-icon landscape'>\n\t\t\t\t<img width=\"280\" height=\"280\" src=\"https:\/\/www.stikla-serviss.lv\/wp-content\/uploads\/2020\/07\/ss_pic-14-280x280.png\" class=\"attachment-thumbnail size-thumbnail\" alt=\"\" decoding=\"async\" loading=\"lazy\" srcset=\"https:\/\/www.stikla-serviss.lv\/wp-content\/uploads\/2020\/07\/ss_pic-14-280x280.png 280w, https:\/\/www.stikla-serviss.lv\/wp-content\/uploads\/2020\/07\/ss_pic-14-399x400.png 399w, https:\/\/www.stikla-serviss.lv\/wp-content\/uploads\/2020\/07\/ss_pic-14-300x300.png 300w, https:\/\/www.stikla-serviss.lv\/wp-content\/uploads\/2020\/07\/ss_pic-14-100x100.png 100w, https:\/\/www.stikla-serviss.lv\/wp-content\/uploads\/2020\/07\/ss_pic-14-32x32.png 32w, https:\/\/www.stikla-serviss.lv\/wp-content\/uploads\/2020\/07\/ss_pic-14-e1604331998354.png 80w\" sizes=\"auto, (max-width: 280px) 100vw, 280px\" \/>\n\t\t\t<\/div><\/figure>\n\t\t<\/div>\n\n<p><img loading=\"lazy\" decoding=\"async\" class=\"alignnone wp-image-5008 size-full\" src=\"https:\/\/www.stikla-serviss.lv\/wp-content\/uploads\/2020\/07\/siena4.jpg\" alt=\"\" width=\"166\" height=\"179\" srcset=\"https:\/\/www.stikla-serviss.lv\/wp-content\/uploads\/2020\/07\/siena4.jpg 166w, https:\/\/www.stikla-serviss.lv\/wp-content\/uploads\/2020\/07\/siena4-30x32.jpg 30w\" sizes=\"auto, (max-width: 166px) 100vw, 166px\" \/><\/p>\n","protected":false},"featured_media":58695,"template":"","meta":[],"product_brand":[],"product_cat":[250,246],"product_tag":[],"class_list":{"0":"post-13585","1":"product","2":"type-product","3":"status-publish","4":"has-post-thumbnail","6":"product_cat-shower-walls","7":"product_cat-shower-enclosures-and-bath-screens","9":"first","10":"instock","11":"shipping-taxable","12":"product-type-simple"},"yoast_head":"<!-- This site is optimized with the Yoast SEO plugin v27.1.1 - https:\/\/yoast.com\/product\/yoast-seo-wordpress\/ -->\n<title>SHOWER WALLCONFORTO COR BLACK - STIKLA SERVISS<\/title>\n<meta name=\"description\" content=\"SHOWER WALLCONFORTO COR BLACK - STIKLA SERVISS\" \/>\n<meta name=\"robots\" content=\"index, follow, max-snippet:-1, max-image-preview:large, max-video-preview:-1\" \/>\n<link rel=\"canonical\" href=\"https:\/\/www.stikla-serviss.lv\/en\/product\/shower-wallconforto-cor-black\/\" \/>\n<meta property=\"og:locale\" content=\"en_US\" \/>\n<meta property=\"og:type\" content=\"article\" \/>\n<meta property=\"og:title\" content=\"SHOWER WALLCONFORTO COR BLACK - STIKLA SERVISS\" \/>\n<meta property=\"og:description\" content=\"SHOWER WALLCONFORTO COR BLACK - STIKLA SERVISS\" \/>\n<meta property=\"og:url\" content=\"https:\/\/www.stikla-serviss.lv\/en\/product\/shower-wallconforto-cor-black\/\" \/>\n<meta property=\"og:site_name\" content=\"STIKLA SERVISS\" \/>\n<meta property=\"article:modified_time\" content=\"2025-12-22T09:47:03+00:00\" \/>\n<meta property=\"og:image\" content=\"https:\/\/www.stikla-serviss.lv\/wp-content\/uploads\/2020\/12\/Conforto-cor_black-1.jpg\" \/>\n\t<meta property=\"og:image:width\" content=\"1766\" \/>\n\t<meta property=\"og:image:height\" content=\"1800\" \/>\n\t<meta property=\"og:image:type\" content=\"image\/jpeg\" \/>\n<meta name=\"twitter:card\" content=\"summary_large_image\" \/>\n<meta name=\"twitter:label1\" content=\"Est. reading time\" \/>\n\t<meta name=\"twitter:data1\" content=\"1 minute\" \/>\n<script type=\"application\/ld+json\" class=\"yoast-schema-graph\">{\"@context\":\"https:\/\/schema.org\",\"@graph\":[{\"@type\":\"WebPage\",\"@id\":\"https:\/\/www.stikla-serviss.lv\/en\/product\/shower-wallconforto-cor-black\/\",\"url\":\"https:\/\/www.stikla-serviss.lv\/en\/product\/shower-wallconforto-cor-black\/\",\"name\":\"SHOWER WALLCONFORTO COR BLACK - STIKLA SERVISS\",\"isPartOf\":{\"@id\":\"https:\/\/www.stikla-serviss.lv\/en\/#website\"},\"primaryImageOfPage\":{\"@id\":\"https:\/\/www.stikla-serviss.lv\/en\/product\/shower-wallconforto-cor-black\/#primaryimage\"},\"image\":{\"@id\":\"https:\/\/www.stikla-serviss.lv\/en\/product\/shower-wallconforto-cor-black\/#primaryimage\"},\"thumbnailUrl\":\"https:\/\/www.stikla-serviss.lv\/wp-content\/uploads\/2020\/12\/Conforto-cor_black-1.jpg\",\"datePublished\":\"2020-12-04T11:00:21+00:00\",\"dateModified\":\"2025-12-22T09:47:03+00:00\",\"description\":\"SHOWER WALLCONFORTO COR BLACK - STIKLA SERVISS\",\"breadcrumb\":{\"@id\":\"https:\/\/www.stikla-serviss.lv\/en\/product\/shower-wallconforto-cor-black\/#breadcrumb\"},\"inLanguage\":\"en-US\",\"potentialAction\":[{\"@type\":\"ReadAction\",\"target\":[\"https:\/\/www.stikla-serviss.lv\/en\/product\/shower-wallconforto-cor-black\/\"]}]},{\"@type\":\"ImageObject\",\"inLanguage\":\"en-US\",\"@id\":\"https:\/\/www.stikla-serviss.lv\/en\/product\/shower-wallconforto-cor-black\/#primaryimage\",\"url\":\"https:\/\/www.stikla-serviss.lv\/wp-content\/uploads\/2020\/12\/Conforto-cor_black-1.jpg\",\"contentUrl\":\"https:\/\/www.stikla-serviss.lv\/wp-content\/uploads\/2020\/12\/Conforto-cor_black-1.jpg\",\"width\":1766,\"height\":1800},{\"@type\":\"BreadcrumbList\",\"@id\":\"https:\/\/www.stikla-serviss.lv\/en\/product\/shower-wallconforto-cor-black\/#breadcrumb\",\"itemListElement\":[{\"@type\":\"ListItem\",\"position\":1,\"name\":\"Home\",\"item\":\"https:\/\/www.stikla-serviss.lv\/en\/\"},{\"@type\":\"ListItem\",\"position\":2,\"name\":\"PRODUCTS\",\"item\":\"https:\/\/www.stikla-serviss.lv\/en\/produkti\/\"},{\"@type\":\"ListItem\",\"position\":3,\"name\":\"SHOWER WALLCONFORTO COR BLACK\"}]},{\"@type\":\"WebSite\",\"@id\":\"https:\/\/www.stikla-serviss.lv\/en\/#website\",\"url\":\"https:\/\/www.stikla-serviss.lv\/en\/\",\"name\":\"STIKLA SERVISS\",\"description\":\"Stikla tirdzniec\u012bbas un stikla izstr\u0101d\u0101jumu ra\u017eo\u0161anas uz\u0146\u0113mums\",\"publisher\":{\"@id\":\"https:\/\/www.stikla-serviss.lv\/en\/#organization\"},\"potentialAction\":[{\"@type\":\"SearchAction\",\"target\":{\"@type\":\"EntryPoint\",\"urlTemplate\":\"https:\/\/www.stikla-serviss.lv\/en\/?s={search_term_string}\"},\"query-input\":{\"@type\":\"PropertyValueSpecification\",\"valueRequired\":true,\"valueName\":\"search_term_string\"}}],\"inLanguage\":\"en-US\"},{\"@type\":\"Organization\",\"@id\":\"https:\/\/www.stikla-serviss.lv\/en\/#organization\",\"name\":\"SIA \\\"STIKLA SERVISS\\\"\",\"url\":\"https:\/\/www.stikla-serviss.lv\/en\/\",\"logo\":{\"@type\":\"ImageObject\",\"inLanguage\":\"en-US\",\"@id\":\"https:\/\/www.stikla-serviss.lv\/en\/#\/schema\/logo\/image\/\",\"url\":\"https:\/\/www.stikla-serviss.lv\/wp-content\/uploads\/2020\/07\/LOGO-ISTS.jpg\",\"contentUrl\":\"https:\/\/www.stikla-serviss.lv\/wp-content\/uploads\/2020\/07\/LOGO-ISTS.jpg\",\"width\":1860,\"height\":817,\"caption\":\"SIA \\\"STIKLA SERVISS\\\"\"},\"image\":{\"@id\":\"https:\/\/www.stikla-serviss.lv\/en\/#\/schema\/logo\/image\/\"}}]}<\/script>\n<!-- \/ Yoast SEO plugin. -->","yoast_head_json":{"title":"SHOWER WALLCONFORTO COR BLACK - STIKLA SERVISS","description":"SHOWER WALLCONFORTO COR BLACK - STIKLA SERVISS","robots":{"index":"index","follow":"follow","max-snippet":"max-snippet:-1","max-image-preview":"max-image-preview:large","max-video-preview":"max-video-preview:-1"},"canonical":"https:\/\/www.stikla-serviss.lv\/en\/product\/shower-wallconforto-cor-black\/","og_locale":"en_US","og_type":"article","og_title":"SHOWER WALLCONFORTO COR BLACK - STIKLA SERVISS","og_description":"SHOWER WALLCONFORTO COR BLACK - STIKLA SERVISS","og_url":"https:\/\/www.stikla-serviss.lv\/en\/product\/shower-wallconforto-cor-black\/","og_site_name":"STIKLA SERVISS","article_modified_time":"2025-12-22T09:47:03+00:00","og_image":[{"width":1766,"height":1800,"url":"https:\/\/www.stikla-serviss.lv\/wp-content\/uploads\/2020\/12\/Conforto-cor_black-1.jpg","type":"image\/jpeg"}],"twitter_card":"summary_large_image","twitter_misc":{"Est. reading time":"1 minute"},"schema":{"@context":"https:\/\/schema.org","@graph":[{"@type":"WebPage","@id":"https:\/\/www.stikla-serviss.lv\/en\/product\/shower-wallconforto-cor-black\/","url":"https:\/\/www.stikla-serviss.lv\/en\/product\/shower-wallconforto-cor-black\/","name":"SHOWER WALLCONFORTO COR BLACK - STIKLA SERVISS","isPartOf":{"@id":"https:\/\/www.stikla-serviss.lv\/en\/#website"},"primaryImageOfPage":{"@id":"https:\/\/www.stikla-serviss.lv\/en\/product\/shower-wallconforto-cor-black\/#primaryimage"},"image":{"@id":"https:\/\/www.stikla-serviss.lv\/en\/product\/shower-wallconforto-cor-black\/#primaryimage"},"thumbnailUrl":"https:\/\/www.stikla-serviss.lv\/wp-content\/uploads\/2020\/12\/Conforto-cor_black-1.jpg","datePublished":"2020-12-04T11:00:21+00:00","dateModified":"2025-12-22T09:47:03+00:00","description":"SHOWER WALLCONFORTO COR BLACK - STIKLA SERVISS","breadcrumb":{"@id":"https:\/\/www.stikla-serviss.lv\/en\/product\/shower-wallconforto-cor-black\/#breadcrumb"},"inLanguage":"en-US","potentialAction":[{"@type":"ReadAction","target":["https:\/\/www.stikla-serviss.lv\/en\/product\/shower-wallconforto-cor-black\/"]}]},{"@type":"ImageObject","inLanguage":"en-US","@id":"https:\/\/www.stikla-serviss.lv\/en\/product\/shower-wallconforto-cor-black\/#primaryimage","url":"https:\/\/www.stikla-serviss.lv\/wp-content\/uploads\/2020\/12\/Conforto-cor_black-1.jpg","contentUrl":"https:\/\/www.stikla-serviss.lv\/wp-content\/uploads\/2020\/12\/Conforto-cor_black-1.jpg","width":1766,"height":1800},{"@type":"BreadcrumbList","@id":"https:\/\/www.stikla-serviss.lv\/en\/product\/shower-wallconforto-cor-black\/#breadcrumb","itemListElement":[{"@type":"ListItem","position":1,"name":"Home","item":"https:\/\/www.stikla-serviss.lv\/en\/"},{"@type":"ListItem","position":2,"name":"PRODUCTS","item":"https:\/\/www.stikla-serviss.lv\/en\/produkti\/"},{"@type":"ListItem","position":3,"name":"SHOWER WALLCONFORTO COR BLACK"}]},{"@type":"WebSite","@id":"https:\/\/www.stikla-serviss.lv\/en\/#website","url":"https:\/\/www.stikla-serviss.lv\/en\/","name":"STIKLA SERVISS","description":"Stikla tirdzniec\u012bbas un stikla izstr\u0101d\u0101jumu ra\u017eo\u0161anas uz\u0146\u0113mums","publisher":{"@id":"https:\/\/www.stikla-serviss.lv\/en\/#organization"},"potentialAction":[{"@type":"SearchAction","target":{"@type":"EntryPoint","urlTemplate":"https:\/\/www.stikla-serviss.lv\/en\/?s={search_term_string}"},"query-input":{"@type":"PropertyValueSpecification","valueRequired":true,"valueName":"search_term_string"}}],"inLanguage":"en-US"},{"@type":"Organization","@id":"https:\/\/www.stikla-serviss.lv\/en\/#organization","name":"SIA \"STIKLA SERVISS\"","url":"https:\/\/www.stikla-serviss.lv\/en\/","logo":{"@type":"ImageObject","inLanguage":"en-US","@id":"https:\/\/www.stikla-serviss.lv\/en\/#\/schema\/logo\/image\/","url":"https:\/\/www.stikla-serviss.lv\/wp-content\/uploads\/2020\/07\/LOGO-ISTS.jpg","contentUrl":"https:\/\/www.stikla-serviss.lv\/wp-content\/uploads\/2020\/07\/LOGO-ISTS.jpg","width":1860,"height":817,"caption":"SIA \"STIKLA SERVISS\""},"image":{"@id":"https:\/\/www.stikla-serviss.lv\/en\/#\/schema\/logo\/image\/"}}]}},"_links":{"self":[{"href":"https:\/\/www.stikla-serviss.lv\/en\/wp-json\/wp\/v2\/product\/13585","targetHints":{"allow":["GET"]}}],"collection":[{"href":"https:\/\/www.stikla-serviss.lv\/en\/wp-json\/wp\/v2\/product"}],"about":[{"href":"https:\/\/www.stikla-serviss.lv\/en\/wp-json\/wp\/v2\/types\/product"}],"wp:featuredmedia":[{"embeddable":true,"href":"https:\/\/www.stikla-serviss.lv\/en\/wp-json\/wp\/v2\/media\/58695"}],"wp:attachment":[{"href":"https:\/\/www.stikla-serviss.lv\/en\/wp-json\/wp\/v2\/media?parent=13585"}],"wp:term":[{"taxonomy":"product_brand","embeddable":true,"href":"https:\/\/www.stikla-serviss.lv\/en\/wp-json\/wp\/v2\/product_brand?post=13585"},{"taxonomy":"product_cat","embeddable":true,"href":"https:\/\/www.stikla-serviss.lv\/en\/wp-json\/wp\/v2\/product_cat?post=13585"},{"taxonomy":"product_tag","embeddable":true,"href":"https:\/\/www.stikla-serviss.lv\/en\/wp-json\/wp\/v2\/product_tag?post=13585"}],"curies":[{"name":"wp","href":"https:\/\/api.w.org\/{rel}","templated":true}]}}