{"id":17282,"date":"2022-05-13T12:18:01","date_gmt":"2022-05-13T09:18:01","guid":{"rendered":"https:\/\/www.stikla-serviss.lv\/?post_type=product&#038;p=17282"},"modified":"2025-09-16T10:45:28","modified_gmt":"2025-09-16T07:45:28","slug":"rodica-interior-mirror","status":"publish","type":"product","link":"https:\/\/www.stikla-serviss.lv\/en\/product\/rodica-interior-mirror\/","title":{"rendered":"RODICA LED mirror"},"content":{"rendered":"<table style=\"border-collapse: collapse; width: 89.8163%; height: 126px;\">\n<tbody>\n<tr style=\"height: 21px;\">\n<td style=\"width: 15.305%; height: 21px; background-color: #a1a1a1; text-align: center;\"><strong style=\"font-size: 14.4px;\"><span style=\"color: #ffffff;\">CODE<\/span><\/strong><\/td>\n<td style=\"width: 26.6513%; height: 21px; background-color: #a1a1a1; text-align: center;\"><strong><span style=\"color: #ffffff;\">HEIGHT (H) mm<\/span><\/strong><\/td>\n<td style=\"width: 25.4529%; height: 21px; background-color: #a1a1a1; text-align: center;\"><strong><span style=\"color: #ffffff;\">WIDTH (W) mm<\/span><\/strong><\/td>\n<td style=\"width: 42.7444%; height: 21px; background-color: #a1a1a1; text-align: center;\"><strong><span style=\"color: #ffffff;\">PRICE<\/span><\/strong><\/td>\n<\/tr>\n<tr>\n<td class=\"xl76\" style=\"width: 15.305%; text-align: center;\" width=\"137\" height=\"32\">60X60ROD<\/td>\n<td class=\"xl74\" style=\"width: 26.6513%; text-align: center;\" width=\"88\">600<\/td>\n<td class=\"xl74\" style=\"width: 25.4529%; text-align: center;\" width=\"83\">600<\/td>\n<td class=\"xl75\" style=\"width: 42.7444%; text-align: center;\" width=\"92\">\u20ac322<\/td>\n<\/tr>\n<tr>\n<td class=\"xl76\" style=\"width: 15.305%; text-align: center;\" width=\"137\" height=\"32\">60X80ROD<\/td>\n<td class=\"xl70\" style=\"width: 26.6513%; text-align: center;\" width=\"88\">600<\/td>\n<td class=\"xl70\" style=\"width: 25.4529%; text-align: center;\" width=\"83\">800<\/td>\n<td class=\"xl71\" style=\"width: 42.7444%; text-align: center;\">\u20ac336<\/td>\n<\/tr>\n<tr>\n<td class=\"xl76\" style=\"width: 15.305%; text-align: center;\" width=\"137\" height=\"32\">70X100ROD<\/td>\n<td class=\"xl70\" style=\"width: 26.6513%; text-align: center;\" width=\"88\">700<\/td>\n<td class=\"xl70\" style=\"width: 25.4529%; text-align: center;\" width=\"83\">1000<\/td>\n<td class=\"xl71\" style=\"width: 42.7444%; text-align: center;\">\u20ac436<\/td>\n<\/tr>\n<tr>\n<td class=\"xl76\" style=\"width: 15.305%; text-align: center;\" width=\"137\" height=\"32\">80X120ROD<\/td>\n<td class=\"xl70\" style=\"width: 26.6513%; text-align: center;\" width=\"88\">800<\/td>\n<td class=\"xl70\" style=\"width: 25.4529%; text-align: center;\" width=\"83\">1200<\/td>\n<td class=\"xl71\" style=\"width: 42.7444%; text-align: center;\">\u20ac511<\/td>\n<\/tr>\n<tr>\n<td class=\"xl77\" style=\"width: 15.305%; text-align: center;\" width=\"137\" height=\"32\">80X150ROD<\/td>\n<td class=\"xl72\" style=\"width: 26.6513%; text-align: center;\" width=\"88\">800<\/td>\n<td class=\"xl72\" style=\"width: 25.4529%; text-align: center;\" width=\"83\">1500<\/td>\n<td class=\"xl73\" style=\"width: 42.7444%; text-align: center;\">\u20ac649<\/td>\n<\/tr>\n<\/tbody>\n<\/table>\n<p>*All prices include VAT.<\/p>\n","protected":false},"excerpt":{"rendered":"<p>Backlit LED mirror<\/p>\n<div id='gallery-1' class='gallery galleryid-17282 gallery-columns-5 gallery-size-full'><figure class='gallery-item'>\n\t\t\t<div class='gallery-icon portrait'>\n\t\t\t\t<img width=\"403\" height=\"568\" src=\"https:\/\/www.stikla-serviss.lv\/wp-content\/uploads\/2020\/12\/SS_LED_pictB-17.png\" class=\"attachment-full size-full\" alt=\"\" decoding=\"async\" loading=\"lazy\" srcset=\"https:\/\/www.stikla-serviss.lv\/wp-content\/uploads\/2020\/12\/SS_LED_pictB-17.png 403w, https:\/\/www.stikla-serviss.lv\/wp-content\/uploads\/2020\/12\/SS_LED_pictB-17-284x400.png 284w, https:\/\/www.stikla-serviss.lv\/wp-content\/uploads\/2020\/12\/SS_LED_pictB-17-23x32.png 23w\" sizes=\"auto, (max-width: 403px) 100vw, 403px\" \/>\n\t\t\t<\/div><\/figure><figure class='gallery-item'>\n\t\t\t<div class='gallery-icon portrait'>\n\t\t\t\t<img width=\"403\" height=\"568\" src=\"https:\/\/www.stikla-serviss.lv\/wp-content\/uploads\/2020\/12\/SS_LED_pictB-16.png\" class=\"attachment-full size-full\" alt=\"\" decoding=\"async\" loading=\"lazy\" srcset=\"https:\/\/www.stikla-serviss.lv\/wp-content\/uploads\/2020\/12\/SS_LED_pictB-16.png 403w, https:\/\/www.stikla-serviss.lv\/wp-content\/uploads\/2020\/12\/SS_LED_pictB-16-284x400.png 284w, https:\/\/www.stikla-serviss.lv\/wp-content\/uploads\/2020\/12\/SS_LED_pictB-16-23x32.png 23w\" sizes=\"auto, (max-width: 403px) 100vw, 403px\" \/>\n\t\t\t<\/div><\/figure><figure class='gallery-item'>\n\t\t\t<div class='gallery-icon portrait'>\n\t\t\t\t<img width=\"402\" height=\"568\" src=\"https:\/\/www.stikla-serviss.lv\/wp-content\/uploads\/2020\/12\/SS_LED_pictB-03.png\" class=\"attachment-full size-full\" alt=\"\" decoding=\"async\" loading=\"lazy\" srcset=\"https:\/\/www.stikla-serviss.lv\/wp-content\/uploads\/2020\/12\/SS_LED_pictB-03.png 402w, https:\/\/www.stikla-serviss.lv\/wp-content\/uploads\/2020\/12\/SS_LED_pictB-03-283x400.png 283w, https:\/\/www.stikla-serviss.lv\/wp-content\/uploads\/2020\/12\/SS_LED_pictB-03-23x32.png 23w\" sizes=\"auto, (max-width: 402px) 100vw, 402px\" \/>\n\t\t\t<\/div><\/figure><figure class='gallery-item'>\n\t\t\t<div class='gallery-icon portrait'>\n\t\t\t\t<img width=\"80\" height=\"113\" src=\"https:\/\/www.stikla-serviss.lv\/wp-content\/uploads\/2020\/12\/SS_LED_pictB-09-e1710162338715.png\" class=\"attachment-full size-full\" alt=\"\" decoding=\"async\" loading=\"lazy\" \/>\n\t\t\t<\/div><\/figure><figure class='gallery-item'>\n\t\t\t<div class='gallery-icon portrait'>\n\t\t\t\t<img width=\"403\" height=\"568\" src=\"https:\/\/www.stikla-serviss.lv\/wp-content\/uploads\/2020\/12\/SS_LED_pictB-04.png\" class=\"attachment-full size-full\" alt=\"\" decoding=\"async\" loading=\"lazy\" srcset=\"https:\/\/www.stikla-serviss.lv\/wp-content\/uploads\/2020\/12\/SS_LED_pictB-04.png 403w, https:\/\/www.stikla-serviss.lv\/wp-content\/uploads\/2020\/12\/SS_LED_pictB-04-284x400.png 284w, https:\/\/www.stikla-serviss.lv\/wp-content\/uploads\/2020\/12\/SS_LED_pictB-04-23x32.png 23w\" sizes=\"auto, (max-width: 403px) 100vw, 403px\" \/>\n\t\t\t<\/div><\/figure>\n\t\t<\/div>\n\n<p><img loading=\"lazy\" decoding=\"async\" class=\"alignnone wp-image-57162 size-full\" src=\"https:\/\/www.stikla-serviss.lv\/wp-content\/uploads\/2022\/05\/Rodica-3.jpg\" alt=\"\" width=\"574\" height=\"408\" srcset=\"https:\/\/www.stikla-serviss.lv\/wp-content\/uploads\/2022\/05\/Rodica-3.jpg 574w, https:\/\/www.stikla-serviss.lv\/wp-content\/uploads\/2022\/05\/Rodica-3-563x400.jpg 563w, https:\/\/www.stikla-serviss.lv\/wp-content\/uploads\/2022\/05\/Rodica-3-510x363.jpg 510w\" sizes=\"auto, (max-width: 574px) 100vw, 574px\" \/><\/p>\n<p>&nbsp;<\/p>\n","protected":false},"featured_media":38021,"template":"","meta":[],"product_brand":[],"product_cat":[288,257],"product_tag":[],"class_list":{"0":"post-17282","1":"product","2":"type-product","3":"status-publish","4":"has-post-thumbnail","6":"product_cat-led-interior-mirrors","7":"product_cat-interior-mirrors-and-glass-shelves","9":"first","10":"instock","11":"shipping-taxable","12":"product-type-simple"},"yoast_head":"<!-- This site is optimized with the Yoast SEO plugin v27.1.1 - https:\/\/yoast.com\/product\/yoast-seo-wordpress\/ -->\n<title>RODICA LED mirror - STIKLA SERVISS<\/title>\n<meta name=\"description\" content=\"RODICA LED mirror - STIKLA SERVISS\" \/>\n<meta name=\"robots\" content=\"index, follow, max-snippet:-1, max-image-preview:large, max-video-preview:-1\" \/>\n<link rel=\"canonical\" href=\"https:\/\/www.stikla-serviss.lv\/en\/product\/rodica-interior-mirror\/\" \/>\n<meta property=\"og:locale\" content=\"en_US\" \/>\n<meta property=\"og:type\" content=\"article\" \/>\n<meta property=\"og:title\" content=\"RODICA LED mirror - STIKLA SERVISS\" \/>\n<meta property=\"og:description\" content=\"RODICA LED mirror - STIKLA SERVISS\" \/>\n<meta property=\"og:url\" content=\"https:\/\/www.stikla-serviss.lv\/en\/product\/rodica-interior-mirror\/\" \/>\n<meta property=\"og:site_name\" content=\"STIKLA SERVISS\" \/>\n<meta property=\"article:modified_time\" content=\"2025-09-16T07:45:28+00:00\" \/>\n<meta property=\"og:image\" content=\"https:\/\/www.stikla-serviss.lv\/wp-content\/uploads\/2022\/05\/Rodica-640x800.png\" \/>\n\t<meta property=\"og:image:width\" content=\"640\" \/>\n\t<meta property=\"og:image:height\" content=\"800\" \/>\n\t<meta property=\"og:image:type\" content=\"image\/png\" \/>\n<meta name=\"twitter:card\" content=\"summary_large_image\" \/>\n<meta name=\"twitter:label1\" content=\"Est. reading time\" \/>\n\t<meta name=\"twitter:data1\" content=\"1 minute\" \/>\n<script type=\"application\/ld+json\" class=\"yoast-schema-graph\">{\"@context\":\"https:\/\/schema.org\",\"@graph\":[{\"@type\":\"WebPage\",\"@id\":\"https:\/\/www.stikla-serviss.lv\/en\/product\/rodica-interior-mirror\/\",\"url\":\"https:\/\/www.stikla-serviss.lv\/en\/product\/rodica-interior-mirror\/\",\"name\":\"RODICA LED mirror - STIKLA SERVISS\",\"isPartOf\":{\"@id\":\"https:\/\/www.stikla-serviss.lv\/en\/#website\"},\"primaryImageOfPage\":{\"@id\":\"https:\/\/www.stikla-serviss.lv\/en\/product\/rodica-interior-mirror\/#primaryimage\"},\"image\":{\"@id\":\"https:\/\/www.stikla-serviss.lv\/en\/product\/rodica-interior-mirror\/#primaryimage\"},\"thumbnailUrl\":\"https:\/\/www.stikla-serviss.lv\/wp-content\/uploads\/2022\/05\/Rodica.png\",\"datePublished\":\"2022-05-13T09:18:01+00:00\",\"dateModified\":\"2025-09-16T07:45:28+00:00\",\"description\":\"RODICA LED mirror - STIKLA SERVISS\",\"breadcrumb\":{\"@id\":\"https:\/\/www.stikla-serviss.lv\/en\/product\/rodica-interior-mirror\/#breadcrumb\"},\"inLanguage\":\"en-US\",\"potentialAction\":[{\"@type\":\"ReadAction\",\"target\":[\"https:\/\/www.stikla-serviss.lv\/en\/product\/rodica-interior-mirror\/\"]}]},{\"@type\":\"ImageObject\",\"inLanguage\":\"en-US\",\"@id\":\"https:\/\/www.stikla-serviss.lv\/en\/product\/rodica-interior-mirror\/#primaryimage\",\"url\":\"https:\/\/www.stikla-serviss.lv\/wp-content\/uploads\/2022\/05\/Rodica.png\",\"contentUrl\":\"https:\/\/www.stikla-serviss.lv\/wp-content\/uploads\/2022\/05\/Rodica.png\",\"width\":2560,\"height\":3200},{\"@type\":\"BreadcrumbList\",\"@id\":\"https:\/\/www.stikla-serviss.lv\/en\/product\/rodica-interior-mirror\/#breadcrumb\",\"itemListElement\":[{\"@type\":\"ListItem\",\"position\":1,\"name\":\"Home\",\"item\":\"https:\/\/www.stikla-serviss.lv\/en\/\"},{\"@type\":\"ListItem\",\"position\":2,\"name\":\"PRODUCTS\",\"item\":\"https:\/\/www.stikla-serviss.lv\/en\/produkti\/\"},{\"@type\":\"ListItem\",\"position\":3,\"name\":\"RODICA LED mirror\"}]},{\"@type\":\"WebSite\",\"@id\":\"https:\/\/www.stikla-serviss.lv\/en\/#website\",\"url\":\"https:\/\/www.stikla-serviss.lv\/en\/\",\"name\":\"STIKLA SERVISS\",\"description\":\"Stikla tirdzniec\u012bbas un stikla izstr\u0101d\u0101jumu ra\u017eo\u0161anas uz\u0146\u0113mums\",\"publisher\":{\"@id\":\"https:\/\/www.stikla-serviss.lv\/en\/#organization\"},\"potentialAction\":[{\"@type\":\"SearchAction\",\"target\":{\"@type\":\"EntryPoint\",\"urlTemplate\":\"https:\/\/www.stikla-serviss.lv\/en\/?s={search_term_string}\"},\"query-input\":{\"@type\":\"PropertyValueSpecification\",\"valueRequired\":true,\"valueName\":\"search_term_string\"}}],\"inLanguage\":\"en-US\"},{\"@type\":\"Organization\",\"@id\":\"https:\/\/www.stikla-serviss.lv\/en\/#organization\",\"name\":\"SIA \\\"STIKLA SERVISS\\\"\",\"url\":\"https:\/\/www.stikla-serviss.lv\/en\/\",\"logo\":{\"@type\":\"ImageObject\",\"inLanguage\":\"en-US\",\"@id\":\"https:\/\/www.stikla-serviss.lv\/en\/#\/schema\/logo\/image\/\",\"url\":\"https:\/\/www.stikla-serviss.lv\/wp-content\/uploads\/2020\/07\/LOGO-ISTS.jpg\",\"contentUrl\":\"https:\/\/www.stikla-serviss.lv\/wp-content\/uploads\/2020\/07\/LOGO-ISTS.jpg\",\"width\":1860,\"height\":817,\"caption\":\"SIA \\\"STIKLA SERVISS\\\"\"},\"image\":{\"@id\":\"https:\/\/www.stikla-serviss.lv\/en\/#\/schema\/logo\/image\/\"}}]}<\/script>\n<!-- \/ Yoast SEO plugin. -->","yoast_head_json":{"title":"RODICA LED mirror - STIKLA SERVISS","description":"RODICA LED mirror - STIKLA SERVISS","robots":{"index":"index","follow":"follow","max-snippet":"max-snippet:-1","max-image-preview":"max-image-preview:large","max-video-preview":"max-video-preview:-1"},"canonical":"https:\/\/www.stikla-serviss.lv\/en\/product\/rodica-interior-mirror\/","og_locale":"en_US","og_type":"article","og_title":"RODICA LED mirror - STIKLA SERVISS","og_description":"RODICA LED mirror - STIKLA SERVISS","og_url":"https:\/\/www.stikla-serviss.lv\/en\/product\/rodica-interior-mirror\/","og_site_name":"STIKLA SERVISS","article_modified_time":"2025-09-16T07:45:28+00:00","og_image":[{"width":640,"height":800,"url":"https:\/\/www.stikla-serviss.lv\/wp-content\/uploads\/2022\/05\/Rodica-640x800.png","type":"image\/png"}],"twitter_card":"summary_large_image","twitter_misc":{"Est. reading time":"1 minute"},"schema":{"@context":"https:\/\/schema.org","@graph":[{"@type":"WebPage","@id":"https:\/\/www.stikla-serviss.lv\/en\/product\/rodica-interior-mirror\/","url":"https:\/\/www.stikla-serviss.lv\/en\/product\/rodica-interior-mirror\/","name":"RODICA LED mirror - STIKLA SERVISS","isPartOf":{"@id":"https:\/\/www.stikla-serviss.lv\/en\/#website"},"primaryImageOfPage":{"@id":"https:\/\/www.stikla-serviss.lv\/en\/product\/rodica-interior-mirror\/#primaryimage"},"image":{"@id":"https:\/\/www.stikla-serviss.lv\/en\/product\/rodica-interior-mirror\/#primaryimage"},"thumbnailUrl":"https:\/\/www.stikla-serviss.lv\/wp-content\/uploads\/2022\/05\/Rodica.png","datePublished":"2022-05-13T09:18:01+00:00","dateModified":"2025-09-16T07:45:28+00:00","description":"RODICA LED mirror - STIKLA SERVISS","breadcrumb":{"@id":"https:\/\/www.stikla-serviss.lv\/en\/product\/rodica-interior-mirror\/#breadcrumb"},"inLanguage":"en-US","potentialAction":[{"@type":"ReadAction","target":["https:\/\/www.stikla-serviss.lv\/en\/product\/rodica-interior-mirror\/"]}]},{"@type":"ImageObject","inLanguage":"en-US","@id":"https:\/\/www.stikla-serviss.lv\/en\/product\/rodica-interior-mirror\/#primaryimage","url":"https:\/\/www.stikla-serviss.lv\/wp-content\/uploads\/2022\/05\/Rodica.png","contentUrl":"https:\/\/www.stikla-serviss.lv\/wp-content\/uploads\/2022\/05\/Rodica.png","width":2560,"height":3200},{"@type":"BreadcrumbList","@id":"https:\/\/www.stikla-serviss.lv\/en\/product\/rodica-interior-mirror\/#breadcrumb","itemListElement":[{"@type":"ListItem","position":1,"name":"Home","item":"https:\/\/www.stikla-serviss.lv\/en\/"},{"@type":"ListItem","position":2,"name":"PRODUCTS","item":"https:\/\/www.stikla-serviss.lv\/en\/produkti\/"},{"@type":"ListItem","position":3,"name":"RODICA LED mirror"}]},{"@type":"WebSite","@id":"https:\/\/www.stikla-serviss.lv\/en\/#website","url":"https:\/\/www.stikla-serviss.lv\/en\/","name":"STIKLA SERVISS","description":"Stikla tirdzniec\u012bbas un stikla izstr\u0101d\u0101jumu ra\u017eo\u0161anas uz\u0146\u0113mums","publisher":{"@id":"https:\/\/www.stikla-serviss.lv\/en\/#organization"},"potentialAction":[{"@type":"SearchAction","target":{"@type":"EntryPoint","urlTemplate":"https:\/\/www.stikla-serviss.lv\/en\/?s={search_term_string}"},"query-input":{"@type":"PropertyValueSpecification","valueRequired":true,"valueName":"search_term_string"}}],"inLanguage":"en-US"},{"@type":"Organization","@id":"https:\/\/www.stikla-serviss.lv\/en\/#organization","name":"SIA \"STIKLA SERVISS\"","url":"https:\/\/www.stikla-serviss.lv\/en\/","logo":{"@type":"ImageObject","inLanguage":"en-US","@id":"https:\/\/www.stikla-serviss.lv\/en\/#\/schema\/logo\/image\/","url":"https:\/\/www.stikla-serviss.lv\/wp-content\/uploads\/2020\/07\/LOGO-ISTS.jpg","contentUrl":"https:\/\/www.stikla-serviss.lv\/wp-content\/uploads\/2020\/07\/LOGO-ISTS.jpg","width":1860,"height":817,"caption":"SIA \"STIKLA SERVISS\""},"image":{"@id":"https:\/\/www.stikla-serviss.lv\/en\/#\/schema\/logo\/image\/"}}]}},"_links":{"self":[{"href":"https:\/\/www.stikla-serviss.lv\/en\/wp-json\/wp\/v2\/product\/17282","targetHints":{"allow":["GET"]}}],"collection":[{"href":"https:\/\/www.stikla-serviss.lv\/en\/wp-json\/wp\/v2\/product"}],"about":[{"href":"https:\/\/www.stikla-serviss.lv\/en\/wp-json\/wp\/v2\/types\/product"}],"wp:featuredmedia":[{"embeddable":true,"href":"https:\/\/www.stikla-serviss.lv\/en\/wp-json\/wp\/v2\/media\/38021"}],"wp:attachment":[{"href":"https:\/\/www.stikla-serviss.lv\/en\/wp-json\/wp\/v2\/media?parent=17282"}],"wp:term":[{"taxonomy":"product_brand","embeddable":true,"href":"https:\/\/www.stikla-serviss.lv\/en\/wp-json\/wp\/v2\/product_brand?post=17282"},{"taxonomy":"product_cat","embeddable":true,"href":"https:\/\/www.stikla-serviss.lv\/en\/wp-json\/wp\/v2\/product_cat?post=17282"},{"taxonomy":"product_tag","embeddable":true,"href":"https:\/\/www.stikla-serviss.lv\/en\/wp-json\/wp\/v2\/product_tag?post=17282"}],"curies":[{"name":"wp","href":"https:\/\/api.w.org\/{rel}","templated":true}]}}