{"id":32683,"date":"2020-12-03T15:10:00","date_gmt":"2020-12-03T13:10:00","guid":{"rendered":"https:\/\/www.stikla-serviss.lv\/?post_type=product&#038;p=32683"},"modified":"2024-05-20T12:16:03","modified_gmt":"2024-05-20T09:16:03","slug":"kaminstikls-2","status":"publish","type":"product","link":"https:\/\/www.stikla-serviss.lv\/en\/product\/kaminstikls-2\/","title":{"rendered":"KAM\u012aNSTIKLS"},"content":{"rendered":"<table style=\"border-collapse: collapse; width: 100%; height: 93px;\">\n<tbody>\n<tr style=\"height: 205px;\">\n<td style=\"width: 50%; height: 93px; text-align: justify;\">\n<p style=\"text-align: left;\">Kam\u012bnstikls Neoceram N-0 ir specifisks ugunsiztur\u012bgs stikls, kas tiek izmantots kam\u012bnu un kr\u0101sns durvju stikliem.<\/p>\n<ul>\n<li>Neoceram N-0 ir \u013coti iztur\u012bgs pret augst\u0101m temperat\u016br\u0101m un uguni, iztur augstas temperat\u016bras l\u012bdz pat 760\u00b0C (1400\u00b0F). Tas ir izstr\u0101d\u0101ts, lai nodro\u0161in\u0101tu skaidru skatu uz kam\u012bnu liesm\u0101m un taj\u0101 pa\u0161\u0101 laik\u0101 iztur\u0113tu uguns karstumu bez deform\u0101cijas vai plais\u0101m.<\/li>\n<li>Neoceram N-0 tiek pla\u0161i izmantots kam\u012bnu durvju stikliem, lai nodro\u0161in\u0101tu dro\u0161u un skaidru skatu uz kam\u012bnu liesm\u0101m, kas \u013cauj baud\u012bt kam\u012bna liesmas skatu un rad\u012bt m\u0101j\u012bgu atmosf\u0113ru.<\/li>\n<li>Tas var tikt izmantots ar\u012b cit\u0101s aplik\u0101cij\u0101s, kur nepiecie\u0161ama augsta temperat\u016bras iztur\u012bba un skaidrs stikls, piem\u0113ram, koka pl\u012bti\u0146\u0101s, kr\u0101sn\u012bs un da\u017e\u0101dos r\u016bpniec\u012bbas procesos.<\/li>\n<\/ul>\n<table style=\"border-collapse: collapse; width: 100%;\">\n<tbody>\n<tr>\n<td style=\"width: 50%;\">4mm<\/td>\n<td style=\"width: 50%;\">1266x2100mm<\/td>\n<\/tr>\n<\/tbody>\n<\/table>\n<\/td>\n<td style=\"width: 50%; height: 93px;\"><div class=\"row\"  id=\"row-178484448\">\r\n\r\n\n\t<div id=\"col-1751330947\" class=\"col medium-6 small-12 large-6\"  >\n\t\t\t\t<div class=\"col-inner\"  >\n\t\t\t\n\t\t\t\r\n<p style=\"text-align: right;\">M\u0100RIS K\u013bAVI\u0145\u0160<\/p>\r\n<p style=\"text-align: right;\">Tehniskais speci\u0101lists<\/p>\r\n<p style=\"text-align: right;\">+371 67472933<\/p>\r\n<p style=\"text-align: right;\">\u00a0+371 27838328<\/p>\r\n<p style=\"text-align: right;\"><a id=\"contact_email_4\" href=\"mailto:marisk@stikla-serviss.lv\">marisk@stikla-serviss.lv<\/a><\/p>\r\n<p style=\"text-align: right;\"><a id=\"contact_email_4\" href=\"mailto:info@stikla-serviss.lv\">info@stikla-serviss.lv<\/a><\/p>\r\n\t\t<\/div>\n\t\t\t\t\t<\/div>\n\n\t\r\n\n\t<div id=\"col-1675596048\" class=\"col medium-6 small-12 large-6\"  >\n\t\t\t\t<div class=\"col-inner\"  >\n\t\t\t\n\t\t\t\r\n\r\n\t<div class=\"img has-hover x md-x lg-x y md-y lg-y\" id=\"image_160582068\">\n\t\t\t\t\t\t\t\t<div class=\"img-inner dark\" >\n\t\t\t<img loading=\"lazy\" decoding=\"async\" width=\"774\" height=\"800\" src=\"https:\/\/www.stikla-serviss.lv\/wp-content\/uploads\/2021\/03\/foto_LaumaKalnina-0026-scaled-e1619442440622-774x800.jpg\" class=\"attachment-large size-large\" alt=\"\" srcset=\"https:\/\/www.stikla-serviss.lv\/wp-content\/uploads\/2021\/03\/foto_LaumaKalnina-0026-scaled-e1619442440622-774x800.jpg 774w, https:\/\/www.stikla-serviss.lv\/wp-content\/uploads\/2021\/03\/foto_LaumaKalnina-0026-scaled-e1619442440622-510x527.jpg 510w, https:\/\/www.stikla-serviss.lv\/wp-content\/uploads\/2021\/03\/foto_LaumaKalnina-0026-scaled-e1619442440622-387x400.jpg 387w, https:\/\/www.stikla-serviss.lv\/wp-content\/uploads\/2021\/03\/foto_LaumaKalnina-0026-scaled-e1619442440622-768x794.jpg 768w, https:\/\/www.stikla-serviss.lv\/wp-content\/uploads\/2021\/03\/foto_LaumaKalnina-0026-scaled-e1619442440622-1485x1536.jpg 1485w, https:\/\/www.stikla-serviss.lv\/wp-content\/uploads\/2021\/03\/foto_LaumaKalnina-0026-scaled-e1619442440622.jpg 1702w\" sizes=\"auto, (max-width: 774px) 100vw, 774px\" \/>\t\t\t\t\t\t\n\t\t\t\t\t<\/div>\n\t\t\t\t\t\t\t\t\n<style>\n#image_160582068 {\n  width: 100%;\n}\n<\/style>\n\t<\/div>\n\t\r\n\r\n\t\t<\/div>\n\t\t\t\t\t<\/div>\n\n\t\r\n\r\n<\/div>\n<div class=\"row\"  id=\"row-1511891578\">\n\n\n\t<div id=\"col-964502154\" class=\"col medium-6 small-12 large-6\"  >\n\t\t\t\t<div class=\"col-inner\"  >\n\t\t\t\n\t\t\t\n\n<p style=\"text-align: right;\">M\u0100RIS BUTLERS<\/p>\n<p style=\"text-align: right;\">Tirdzniec\u012bbas vad\u012bt\u0101js<\/p>\n<p style=\"text-align: right;\">\u00a0+371 67472933<\/p>\n<p style=\"text-align: right;\">\u00a0+371 29463776<\/p>\n<p style=\"text-align: right;\"><a id=\"contact_email_4\" href=\"mailto:maris@stikla-serviss.lv\">maris@stikla-serviss.lv<\/a><\/p>\n<p style=\"text-align: right;\"><a id=\"contact_email_4\" href=\"mailto:info@stikla-serviss.lv\">info@stikla-serviss.lv<\/a><\/p>\n\n\t\t<\/div>\n\t\t\t\t\t<\/div>\n\n\t\n\n\t<div id=\"col-1264314881\" class=\"col medium-6 small-12 large-6\"  >\n\t\t\t\t<div class=\"col-inner\"  >\n\t\t\t\n\t\t\t\n\n\t<div class=\"img has-hover x md-x lg-x y md-y lg-y\" id=\"image_975240759\">\n\t\t\t\t\t\t\t\t<div class=\"img-inner dark\" >\n\t\t\t<img loading=\"lazy\" decoding=\"async\" width=\"785\" height=\"800\" src=\"https:\/\/www.stikla-serviss.lv\/wp-content\/uploads\/2021\/03\/foto_LaumaKalnina-0053-scaled-e1614866288815-785x800.jpg\" class=\"attachment-large size-large\" alt=\"\" srcset=\"https:\/\/www.stikla-serviss.lv\/wp-content\/uploads\/2021\/03\/foto_LaumaKalnina-0053-scaled-e1614866288815-785x800.jpg 785w, https:\/\/www.stikla-serviss.lv\/wp-content\/uploads\/2021\/03\/foto_LaumaKalnina-0053-scaled-e1614866288815-510x520.jpg 510w, https:\/\/www.stikla-serviss.lv\/wp-content\/uploads\/2021\/03\/foto_LaumaKalnina-0053-scaled-e1614866288815-392x400.jpg 392w, https:\/\/www.stikla-serviss.lv\/wp-content\/uploads\/2021\/03\/foto_LaumaKalnina-0053-scaled-e1614866288815-768x783.jpg 768w, https:\/\/www.stikla-serviss.lv\/wp-content\/uploads\/2021\/03\/foto_LaumaKalnina-0053-scaled-e1614866288815-1507x1536.jpg 1507w, https:\/\/www.stikla-serviss.lv\/wp-content\/uploads\/2021\/03\/foto_LaumaKalnina-0053-scaled-e1614866288815.jpg 1707w\" sizes=\"auto, (max-width: 785px) 100vw, 785px\" \/>\t\t\t\t\t\t\n\t\t\t\t\t<\/div>\n\t\t\t\t\t\t\t\t\n<style>\n#image_975240759 {\n  width: 100%;\n}\n<\/style>\n\t<\/div>\n\t\n\n\n\t\t<\/div>\n\t\t\t\t\t<\/div>\n\n\t\n\n<\/div><\/td>\n<\/tr>\n<\/tbody>\n<\/table>\n<p>&nbsp;<\/p>\n<p>&nbsp;<\/p>\n<p>&nbsp;<\/p>\n<p>&nbsp;<\/p>\n","protected":false},"excerpt":{"rendered":"<p>Kam\u012bnstikls Neoceram N-0 ir specifisks ugunsiztur\u012bgs stikls, kas tiek izmantots kam\u012bnu un kr\u0101sns durvju stikliem. Neoceram N-0 ir \u013coti iztur\u012bgs pret augst\u0101m temperat\u016br\u0101m un uguni, iztur augstas temperat\u016bras l\u012bdz pat 760\u00b0C (1400\u00b0F). Tas ir izstr\u0101d\u0101ts, lai nodro\u0161in\u0101tu skaidru skatu uz kam\u012bnu liesm\u0101m un taj\u0101 pa\u0161\u0101 laik\u0101 iztur\u0113tu uguns karstumu bez deform\u0101cijas vai plais\u0101m. Neoceram N-0 [&#8230;]\n","protected":false},"featured_media":37848,"template":"","meta":[],"product_brand":[],"product_cat":[150,330],"product_tag":[],"class_list":{"0":"post-32683","1":"product","2":"type-product","3":"status-publish","4":"has-post-thumbnail","6":"product_cat-loksnu-stikls-un-spoguli","7":"product_cat-kaminstikls","9":"first","10":"instock","11":"shipping-taxable","12":"product-type-simple"},"yoast_head":"<!-- This site is optimized with the Yoast SEO plugin v27.1.1 - https:\/\/yoast.com\/product\/yoast-seo-wordpress\/ -->\n<title>KAM\u012aNSTIKLS - STIKLA SERVISS<\/title>\n<meta name=\"description\" content=\"KAM\u012aNSTIKLS - STIKLA SERVISS\" \/>\n<meta name=\"robots\" content=\"index, follow, max-snippet:-1, max-image-preview:large, max-video-preview:-1\" \/>\n<link rel=\"canonical\" href=\"https:\/\/www.stikla-serviss.lv\/en\/product\/kaminstikls-2\/\" \/>\n<meta property=\"og:locale\" content=\"en_US\" \/>\n<meta property=\"og:type\" content=\"article\" \/>\n<meta property=\"og:title\" content=\"KAM\u012aNSTIKLS - STIKLA SERVISS\" \/>\n<meta property=\"og:description\" content=\"KAM\u012aNSTIKLS - STIKLA SERVISS\" \/>\n<meta property=\"og:url\" content=\"https:\/\/www.stikla-serviss.lv\/en\/product\/kaminstikls-2\/\" \/>\n<meta property=\"og:site_name\" content=\"STIKLA SERVISS\" \/>\n<meta property=\"article:modified_time\" content=\"2024-05-20T09:16:03+00:00\" \/>\n<meta property=\"og:image\" content=\"https:\/\/www.stikla-serviss.lv\/wp-content\/uploads\/2023\/02\/d.jpg\" \/>\n\t<meta property=\"og:image:width\" content=\"461\" \/>\n\t<meta property=\"og:image:height\" content=\"351\" \/>\n\t<meta property=\"og:image:type\" content=\"image\/jpeg\" \/>\n<meta name=\"twitter:card\" content=\"summary_large_image\" \/>\n<meta name=\"twitter:label1\" content=\"Est. reading time\" \/>\n\t<meta name=\"twitter:data1\" content=\"1 minute\" \/>\n<script type=\"application\/ld+json\" class=\"yoast-schema-graph\">{\"@context\":\"https:\/\/schema.org\",\"@graph\":[{\"@type\":\"WebPage\",\"@id\":\"https:\/\/www.stikla-serviss.lv\/en\/product\/kaminstikls-2\/\",\"url\":\"https:\/\/www.stikla-serviss.lv\/en\/product\/kaminstikls-2\/\",\"name\":\"KAM\u012aNSTIKLS - STIKLA SERVISS\",\"isPartOf\":{\"@id\":\"https:\/\/www.stikla-serviss.lv\/en\/#website\"},\"primaryImageOfPage\":{\"@id\":\"https:\/\/www.stikla-serviss.lv\/en\/product\/kaminstikls-2\/#primaryimage\"},\"image\":{\"@id\":\"https:\/\/www.stikla-serviss.lv\/en\/product\/kaminstikls-2\/#primaryimage\"},\"thumbnailUrl\":\"https:\/\/www.stikla-serviss.lv\/wp-content\/uploads\/2023\/02\/d.jpg\",\"datePublished\":\"2020-12-03T13:10:00+00:00\",\"dateModified\":\"2024-05-20T09:16:03+00:00\",\"description\":\"KAM\u012aNSTIKLS - STIKLA SERVISS\",\"breadcrumb\":{\"@id\":\"https:\/\/www.stikla-serviss.lv\/en\/product\/kaminstikls-2\/#breadcrumb\"},\"inLanguage\":\"en-US\",\"potentialAction\":[{\"@type\":\"ReadAction\",\"target\":[\"https:\/\/www.stikla-serviss.lv\/en\/product\/kaminstikls-2\/\"]}]},{\"@type\":\"ImageObject\",\"inLanguage\":\"en-US\",\"@id\":\"https:\/\/www.stikla-serviss.lv\/en\/product\/kaminstikls-2\/#primaryimage\",\"url\":\"https:\/\/www.stikla-serviss.lv\/wp-content\/uploads\/2023\/02\/d.jpg\",\"contentUrl\":\"https:\/\/www.stikla-serviss.lv\/wp-content\/uploads\/2023\/02\/d.jpg\",\"width\":461,\"height\":351},{\"@type\":\"BreadcrumbList\",\"@id\":\"https:\/\/www.stikla-serviss.lv\/en\/product\/kaminstikls-2\/#breadcrumb\",\"itemListElement\":[{\"@type\":\"ListItem\",\"position\":1,\"name\":\"Home\",\"item\":\"https:\/\/www.stikla-serviss.lv\/en\/\"},{\"@type\":\"ListItem\",\"position\":2,\"name\":\"PRODUCTS\",\"item\":\"https:\/\/www.stikla-serviss.lv\/en\/produkti\/\"},{\"@type\":\"ListItem\",\"position\":3,\"name\":\"KAM\u012aNSTIKLS\"}]},{\"@type\":\"WebSite\",\"@id\":\"https:\/\/www.stikla-serviss.lv\/en\/#website\",\"url\":\"https:\/\/www.stikla-serviss.lv\/en\/\",\"name\":\"STIKLA SERVISS\",\"description\":\"Stikla tirdzniec\u012bbas un stikla izstr\u0101d\u0101jumu ra\u017eo\u0161anas uz\u0146\u0113mums\",\"publisher\":{\"@id\":\"https:\/\/www.stikla-serviss.lv\/en\/#organization\"},\"potentialAction\":[{\"@type\":\"SearchAction\",\"target\":{\"@type\":\"EntryPoint\",\"urlTemplate\":\"https:\/\/www.stikla-serviss.lv\/en\/?s={search_term_string}\"},\"query-input\":{\"@type\":\"PropertyValueSpecification\",\"valueRequired\":true,\"valueName\":\"search_term_string\"}}],\"inLanguage\":\"en-US\"},{\"@type\":\"Organization\",\"@id\":\"https:\/\/www.stikla-serviss.lv\/en\/#organization\",\"name\":\"SIA \\\"STIKLA SERVISS\\\"\",\"url\":\"https:\/\/www.stikla-serviss.lv\/en\/\",\"logo\":{\"@type\":\"ImageObject\",\"inLanguage\":\"en-US\",\"@id\":\"https:\/\/www.stikla-serviss.lv\/en\/#\/schema\/logo\/image\/\",\"url\":\"https:\/\/www.stikla-serviss.lv\/wp-content\/uploads\/2020\/07\/LOGO-ISTS.jpg\",\"contentUrl\":\"https:\/\/www.stikla-serviss.lv\/wp-content\/uploads\/2020\/07\/LOGO-ISTS.jpg\",\"width\":1860,\"height\":817,\"caption\":\"SIA \\\"STIKLA SERVISS\\\"\"},\"image\":{\"@id\":\"https:\/\/www.stikla-serviss.lv\/en\/#\/schema\/logo\/image\/\"}}]}<\/script>\n<!-- \/ Yoast SEO plugin. -->","yoast_head_json":{"title":"KAM\u012aNSTIKLS - STIKLA SERVISS","description":"KAM\u012aNSTIKLS - STIKLA SERVISS","robots":{"index":"index","follow":"follow","max-snippet":"max-snippet:-1","max-image-preview":"max-image-preview:large","max-video-preview":"max-video-preview:-1"},"canonical":"https:\/\/www.stikla-serviss.lv\/en\/product\/kaminstikls-2\/","og_locale":"en_US","og_type":"article","og_title":"KAM\u012aNSTIKLS - STIKLA SERVISS","og_description":"KAM\u012aNSTIKLS - STIKLA SERVISS","og_url":"https:\/\/www.stikla-serviss.lv\/en\/product\/kaminstikls-2\/","og_site_name":"STIKLA SERVISS","article_modified_time":"2024-05-20T09:16:03+00:00","og_image":[{"width":461,"height":351,"url":"https:\/\/www.stikla-serviss.lv\/wp-content\/uploads\/2023\/02\/d.jpg","type":"image\/jpeg"}],"twitter_card":"summary_large_image","twitter_misc":{"Est. reading time":"1 minute"},"schema":{"@context":"https:\/\/schema.org","@graph":[{"@type":"WebPage","@id":"https:\/\/www.stikla-serviss.lv\/en\/product\/kaminstikls-2\/","url":"https:\/\/www.stikla-serviss.lv\/en\/product\/kaminstikls-2\/","name":"KAM\u012aNSTIKLS - STIKLA SERVISS","isPartOf":{"@id":"https:\/\/www.stikla-serviss.lv\/en\/#website"},"primaryImageOfPage":{"@id":"https:\/\/www.stikla-serviss.lv\/en\/product\/kaminstikls-2\/#primaryimage"},"image":{"@id":"https:\/\/www.stikla-serviss.lv\/en\/product\/kaminstikls-2\/#primaryimage"},"thumbnailUrl":"https:\/\/www.stikla-serviss.lv\/wp-content\/uploads\/2023\/02\/d.jpg","datePublished":"2020-12-03T13:10:00+00:00","dateModified":"2024-05-20T09:16:03+00:00","description":"KAM\u012aNSTIKLS - STIKLA SERVISS","breadcrumb":{"@id":"https:\/\/www.stikla-serviss.lv\/en\/product\/kaminstikls-2\/#breadcrumb"},"inLanguage":"en-US","potentialAction":[{"@type":"ReadAction","target":["https:\/\/www.stikla-serviss.lv\/en\/product\/kaminstikls-2\/"]}]},{"@type":"ImageObject","inLanguage":"en-US","@id":"https:\/\/www.stikla-serviss.lv\/en\/product\/kaminstikls-2\/#primaryimage","url":"https:\/\/www.stikla-serviss.lv\/wp-content\/uploads\/2023\/02\/d.jpg","contentUrl":"https:\/\/www.stikla-serviss.lv\/wp-content\/uploads\/2023\/02\/d.jpg","width":461,"height":351},{"@type":"BreadcrumbList","@id":"https:\/\/www.stikla-serviss.lv\/en\/product\/kaminstikls-2\/#breadcrumb","itemListElement":[{"@type":"ListItem","position":1,"name":"Home","item":"https:\/\/www.stikla-serviss.lv\/en\/"},{"@type":"ListItem","position":2,"name":"PRODUCTS","item":"https:\/\/www.stikla-serviss.lv\/en\/produkti\/"},{"@type":"ListItem","position":3,"name":"KAM\u012aNSTIKLS"}]},{"@type":"WebSite","@id":"https:\/\/www.stikla-serviss.lv\/en\/#website","url":"https:\/\/www.stikla-serviss.lv\/en\/","name":"STIKLA SERVISS","description":"Stikla tirdzniec\u012bbas un stikla izstr\u0101d\u0101jumu ra\u017eo\u0161anas uz\u0146\u0113mums","publisher":{"@id":"https:\/\/www.stikla-serviss.lv\/en\/#organization"},"potentialAction":[{"@type":"SearchAction","target":{"@type":"EntryPoint","urlTemplate":"https:\/\/www.stikla-serviss.lv\/en\/?s={search_term_string}"},"query-input":{"@type":"PropertyValueSpecification","valueRequired":true,"valueName":"search_term_string"}}],"inLanguage":"en-US"},{"@type":"Organization","@id":"https:\/\/www.stikla-serviss.lv\/en\/#organization","name":"SIA \"STIKLA SERVISS\"","url":"https:\/\/www.stikla-serviss.lv\/en\/","logo":{"@type":"ImageObject","inLanguage":"en-US","@id":"https:\/\/www.stikla-serviss.lv\/en\/#\/schema\/logo\/image\/","url":"https:\/\/www.stikla-serviss.lv\/wp-content\/uploads\/2020\/07\/LOGO-ISTS.jpg","contentUrl":"https:\/\/www.stikla-serviss.lv\/wp-content\/uploads\/2020\/07\/LOGO-ISTS.jpg","width":1860,"height":817,"caption":"SIA \"STIKLA SERVISS\""},"image":{"@id":"https:\/\/www.stikla-serviss.lv\/en\/#\/schema\/logo\/image\/"}}]}},"_links":{"self":[{"href":"https:\/\/www.stikla-serviss.lv\/en\/wp-json\/wp\/v2\/product\/32683","targetHints":{"allow":["GET"]}}],"collection":[{"href":"https:\/\/www.stikla-serviss.lv\/en\/wp-json\/wp\/v2\/product"}],"about":[{"href":"https:\/\/www.stikla-serviss.lv\/en\/wp-json\/wp\/v2\/types\/product"}],"wp:featuredmedia":[{"embeddable":true,"href":"https:\/\/www.stikla-serviss.lv\/en\/wp-json\/wp\/v2\/media\/37848"}],"wp:attachment":[{"href":"https:\/\/www.stikla-serviss.lv\/en\/wp-json\/wp\/v2\/media?parent=32683"}],"wp:term":[{"taxonomy":"product_brand","embeddable":true,"href":"https:\/\/www.stikla-serviss.lv\/en\/wp-json\/wp\/v2\/product_brand?post=32683"},{"taxonomy":"product_cat","embeddable":true,"href":"https:\/\/www.stikla-serviss.lv\/en\/wp-json\/wp\/v2\/product_cat?post=32683"},{"taxonomy":"product_tag","embeddable":true,"href":"https:\/\/www.stikla-serviss.lv\/en\/wp-json\/wp\/v2\/product_tag?post=32683"}],"curies":[{"name":"wp","href":"https:\/\/api.w.org\/{rel}","templated":true}]}}