{"id":34941,"date":"2023-05-12T13:45:35","date_gmt":"2023-05-12T10:45:35","guid":{"rendered":"https:\/\/www.stikla-serviss.lv\/?post_type=product&#038;p=34941"},"modified":"2023-05-12T13:46:30","modified_gmt":"2023-05-12T10:46:30","slug":"stikla-spoguli-un-stikla-plauktini-stikla-plauktini-plauktins-600-matets-peleks","status":"publish","type":"product","link":"https:\/\/www.stikla-serviss.lv\/en\/product\/stikla-spoguli-un-stikla-plauktini-stikla-plauktini-plauktins-600-matets-peleks\/","title":{"rendered":"STIKLA SPOGU\u013bI UN STIKLA PLAUKTI\u0145I &#8211; STIKLA PLAUKTI\u0145I &#8211; Plaukti\u0146\u0161 600 mat\u0113ts pel\u0113ks"},"content":{"rendered":"<p>&nbsp;<\/p>\n<table style=\"border-collapse: collapse; width: 100%; height: 332px;\">\n<tbody>\n<tr style=\"height: 332px;\">\n<td style=\"vertical-align: top;\">&nbsp;<\/p>\n<table style=\"font-family: inherit; font-size: inherit; width: 30.272302662307332%;\">\n<tbody>\n<tr>\n<td class=\"xl65\" style=\"width: 62.31884057971014%;\" width=\"125\" height=\"21\">Izm\u0113rs<\/td>\n<td class=\"xl65\" style=\"width: 31.88405797101449%;\" width=\"87\">EUR<\/td>\n<\/tr>\n<tr>\n<td class=\"xl65\" style=\"width: 62.31884057971014%;\" height=\"21\">600x120mm<\/td>\n<td class=\"xl65\" style=\"width: 31.88405797101449%;\">28,20<\/td>\n<\/tr>\n<\/tbody>\n<\/table>\n<p>*visas cenas nor\u0101d\u012btas ar PVN<\/p>\n<p>&nbsp;<\/p>\n<p>&nbsp;<\/p>\n<p>&nbsp;<\/p>\n<p>Iesp\u0113jams pas\u016bt\u012bt nestandarta izm\u0113rus<\/td>\n<td style=\"width: 50%; vertical-align: top; height: 332px;\"><div class=\"row\"  id=\"row-1782336287\">\r\n\r\n\n\t<div id=\"col-597517658\" class=\"col medium-6 small-12 large-6\"  >\n\t\t\t\t<div class=\"col-inner\"  >\n\t\t\t\n\t\t\t\r\n<p style=\"text-align: right;\">VINETA MIKIT\u0100NE<\/p>\r\n<p style=\"text-align: right;\">Projekta vad\u012bt\u0101ja<\/p>\r\n<p style=\"text-align: right;\">+371 67472933<\/p>\r\n<p style=\"text-align: right;\">\u00a0+371 20036026<\/p>\r\n<p style=\"text-align: right;\"><a id=\"contact_email_19\" href=\"mailto:vineta@stikla-serviss.lv\">vineta@stikla-serviss.lv<\/a><\/p>\r\n<p style=\"text-align: right;\"><a href=\"mailto:info@stikla-serviss.lv\">info@stikla-serviss.lv<\/a><\/p>\r\n\t\t<\/div>\n\t\t\t\t\t<\/div>\n\n\t\r\n\n\t<div id=\"col-875364516\" class=\"col medium-6 small-12 large-6\"  >\n\t\t\t\t<div class=\"col-inner\"  >\n\t\t\t\n\t\t\t\r\n\r\n\t<div class=\"img has-hover x md-x lg-x y md-y lg-y\" id=\"image_1324772424\">\n\t\t\t\t\t\t\t\t<div class=\"img-inner dark\" >\n\t\t\t<img loading=\"lazy\" decoding=\"async\" width=\"686\" height=\"800\" src=\"https:\/\/www.stikla-serviss.lv\/wp-content\/uploads\/2021\/03\/foto_LaumaKalnina-9989-scaled-e1614866382365-686x800.jpg\" class=\"attachment-large size-large\" alt=\"\" srcset=\"https:\/\/www.stikla-serviss.lv\/wp-content\/uploads\/2021\/03\/foto_LaumaKalnina-9989-scaled-e1614866382365-686x800.jpg 686w, https:\/\/www.stikla-serviss.lv\/wp-content\/uploads\/2021\/03\/foto_LaumaKalnina-9989-scaled-e1614866382365-510x595.jpg 510w, https:\/\/www.stikla-serviss.lv\/wp-content\/uploads\/2021\/03\/foto_LaumaKalnina-9989-scaled-e1614866382365-343x400.jpg 343w, https:\/\/www.stikla-serviss.lv\/wp-content\/uploads\/2021\/03\/foto_LaumaKalnina-9989-scaled-e1614866382365-768x896.jpg 768w, https:\/\/www.stikla-serviss.lv\/wp-content\/uploads\/2021\/03\/foto_LaumaKalnina-9989-scaled-e1614866382365-1317x1536.jpg 1317w, https:\/\/www.stikla-serviss.lv\/wp-content\/uploads\/2021\/03\/foto_LaumaKalnina-9989-scaled-e1614866382365.jpg 1706w\" sizes=\"auto, (max-width: 686px) 100vw, 686px\" \/>\t\t\t\t\t\t\n\t\t\t\t\t<\/div>\n\t\t\t\t\t\t\t\t\n<style>\n#image_1324772424 {\n  width: 100%;\n}\n<\/style>\n\t<\/div>\n\t\r\n\r\n\t\t<\/div>\n\t\t\t\t\t<\/div>\n\n\t\r\n\r\n<\/div><\/td>\n<\/tr>\n<\/tbody>\n<\/table>\n<p>&nbsp;<\/p>\n","protected":false},"excerpt":{"rendered":"<p>SIA &#8220;Stikla serviss&#8221; ra\u017eotie plaukti\u0146i ir no 8 mm stikla. Pied\u0101v\u0101jum\u0101 ir caursp\u012bd\u012bgi, bronzas un pel\u0113ki, k\u0101 ar\u012b \u0161o to\u0146u mat\u0113tie mode\u013ci.<\/p>\n","protected":false},"featured_media":34902,"template":"","meta":[],"product_brand":[],"product_cat":[184,182],"product_tag":[],"class_list":{"0":"post-34941","1":"product","2":"type-product","3":"status-publish","4":"has-post-thumbnail","6":"product_cat-stikla-plauktini","7":"product_cat-spoguli-un-stikla-plauktini","9":"first","10":"instock","11":"shipping-taxable","12":"product-type-simple"},"yoast_head":"<!-- This site is optimized with the Yoast SEO plugin v27.1.1 - https:\/\/yoast.com\/product\/yoast-seo-wordpress\/ -->\n<title>STIKLA SPOGU\u013bI UN STIKLA PLAUKTI\u0145I - STIKLA PLAUKTI\u0145I - Plaukti\u0146\u0161 600 mat\u0113ts pel\u0113ks - STIKLA SERVISS<\/title>\n<meta name=\"description\" content=\"STIKLA SPOGU\u013bI UN STIKLA PLAUKTI\u0145I - STIKLA PLAUKTI\u0145I - Plaukti\u0146\u0161 600 mat\u0113ts pel\u0113ks - STIKLA SERVISS\" \/>\n<meta name=\"robots\" content=\"index, follow, max-snippet:-1, max-image-preview:large, max-video-preview:-1\" \/>\n<link rel=\"canonical\" href=\"https:\/\/www.stikla-serviss.lv\/en\/product\/stikla-spoguli-un-stikla-plauktini-stikla-plauktini-plauktins-600-matets-peleks\/\" \/>\n<meta property=\"og:locale\" content=\"en_US\" \/>\n<meta property=\"og:type\" content=\"article\" \/>\n<meta property=\"og:title\" content=\"STIKLA SPOGU\u013bI UN STIKLA PLAUKTI\u0145I - STIKLA PLAUKTI\u0145I - Plaukti\u0146\u0161 600 mat\u0113ts pel\u0113ks - STIKLA SERVISS\" \/>\n<meta property=\"og:description\" content=\"STIKLA SPOGU\u013bI UN STIKLA PLAUKTI\u0145I - STIKLA PLAUKTI\u0145I - Plaukti\u0146\u0161 600 mat\u0113ts pel\u0113ks - STIKLA SERVISS\" \/>\n<meta property=\"og:url\" content=\"https:\/\/www.stikla-serviss.lv\/en\/product\/stikla-spoguli-un-stikla-plauktini-stikla-plauktini-plauktins-600-matets-peleks\/\" \/>\n<meta property=\"og:site_name\" content=\"STIKLA SERVISS\" \/>\n<meta property=\"article:modified_time\" content=\"2023-05-12T10:46:30+00:00\" \/>\n<meta property=\"og:image\" content=\"https:\/\/www.stikla-serviss.lv\/wp-content\/uploads\/2023\/05\/Matets-peleks-scaled.jpg\" \/>\n\t<meta property=\"og:image:width\" content=\"2560\" \/>\n\t<meta property=\"og:image:height\" content=\"1707\" \/>\n\t<meta property=\"og:image:type\" content=\"image\/jpeg\" \/>\n<meta name=\"twitter:card\" content=\"summary_large_image\" \/>\n<meta name=\"twitter:label1\" content=\"Est. reading time\" \/>\n\t<meta name=\"twitter:data1\" content=\"1 minute\" \/>\n<script type=\"application\/ld+json\" class=\"yoast-schema-graph\">{\"@context\":\"https:\/\/schema.org\",\"@graph\":[{\"@type\":\"WebPage\",\"@id\":\"https:\/\/www.stikla-serviss.lv\/en\/product\/stikla-spoguli-un-stikla-plauktini-stikla-plauktini-plauktins-600-matets-peleks\/\",\"url\":\"https:\/\/www.stikla-serviss.lv\/en\/product\/stikla-spoguli-un-stikla-plauktini-stikla-plauktini-plauktins-600-matets-peleks\/\",\"name\":\"STIKLA SPOGU\u013bI UN STIKLA PLAUKTI\u0145I - STIKLA PLAUKTI\u0145I - Plaukti\u0146\u0161 600 mat\u0113ts pel\u0113ks - STIKLA SERVISS\",\"isPartOf\":{\"@id\":\"https:\/\/www.stikla-serviss.lv\/en\/#website\"},\"primaryImageOfPage\":{\"@id\":\"https:\/\/www.stikla-serviss.lv\/en\/product\/stikla-spoguli-un-stikla-plauktini-stikla-plauktini-plauktins-600-matets-peleks\/#primaryimage\"},\"image\":{\"@id\":\"https:\/\/www.stikla-serviss.lv\/en\/product\/stikla-spoguli-un-stikla-plauktini-stikla-plauktini-plauktins-600-matets-peleks\/#primaryimage\"},\"thumbnailUrl\":\"https:\/\/www.stikla-serviss.lv\/wp-content\/uploads\/2023\/05\/Matets-peleks-scaled.jpg\",\"datePublished\":\"2023-05-12T10:45:35+00:00\",\"dateModified\":\"2023-05-12T10:46:30+00:00\",\"description\":\"STIKLA SPOGU\u013bI UN STIKLA PLAUKTI\u0145I - STIKLA PLAUKTI\u0145I - Plaukti\u0146\u0161 600 mat\u0113ts pel\u0113ks - STIKLA SERVISS\",\"breadcrumb\":{\"@id\":\"https:\/\/www.stikla-serviss.lv\/en\/product\/stikla-spoguli-un-stikla-plauktini-stikla-plauktini-plauktins-600-matets-peleks\/#breadcrumb\"},\"inLanguage\":\"en-US\",\"potentialAction\":[{\"@type\":\"ReadAction\",\"target\":[\"https:\/\/www.stikla-serviss.lv\/en\/product\/stikla-spoguli-un-stikla-plauktini-stikla-plauktini-plauktins-600-matets-peleks\/\"]}]},{\"@type\":\"ImageObject\",\"inLanguage\":\"en-US\",\"@id\":\"https:\/\/www.stikla-serviss.lv\/en\/product\/stikla-spoguli-un-stikla-plauktini-stikla-plauktini-plauktins-600-matets-peleks\/#primaryimage\",\"url\":\"https:\/\/www.stikla-serviss.lv\/wp-content\/uploads\/2023\/05\/Matets-peleks-scaled.jpg\",\"contentUrl\":\"https:\/\/www.stikla-serviss.lv\/wp-content\/uploads\/2023\/05\/Matets-peleks-scaled.jpg\",\"width\":2560,\"height\":1707},{\"@type\":\"BreadcrumbList\",\"@id\":\"https:\/\/www.stikla-serviss.lv\/en\/product\/stikla-spoguli-un-stikla-plauktini-stikla-plauktini-plauktins-600-matets-peleks\/#breadcrumb\",\"itemListElement\":[{\"@type\":\"ListItem\",\"position\":1,\"name\":\"Home\",\"item\":\"https:\/\/www.stikla-serviss.lv\/en\/\"},{\"@type\":\"ListItem\",\"position\":2,\"name\":\"PRODUCTS\",\"item\":\"https:\/\/www.stikla-serviss.lv\/en\/produkti\/\"},{\"@type\":\"ListItem\",\"position\":3,\"name\":\"STIKLA SPOGU\u013bI UN STIKLA PLAUKTI\u0145I &#8211; STIKLA PLAUKTI\u0145I &#8211; Plaukti\u0146\u0161 600 mat\u0113ts pel\u0113ks\"}]},{\"@type\":\"WebSite\",\"@id\":\"https:\/\/www.stikla-serviss.lv\/en\/#website\",\"url\":\"https:\/\/www.stikla-serviss.lv\/en\/\",\"name\":\"STIKLA SERVISS\",\"description\":\"Stikla tirdzniec\u012bbas un stikla izstr\u0101d\u0101jumu ra\u017eo\u0161anas uz\u0146\u0113mums\",\"publisher\":{\"@id\":\"https:\/\/www.stikla-serviss.lv\/en\/#organization\"},\"potentialAction\":[{\"@type\":\"SearchAction\",\"target\":{\"@type\":\"EntryPoint\",\"urlTemplate\":\"https:\/\/www.stikla-serviss.lv\/en\/?s={search_term_string}\"},\"query-input\":{\"@type\":\"PropertyValueSpecification\",\"valueRequired\":true,\"valueName\":\"search_term_string\"}}],\"inLanguage\":\"en-US\"},{\"@type\":\"Organization\",\"@id\":\"https:\/\/www.stikla-serviss.lv\/en\/#organization\",\"name\":\"SIA \\\"STIKLA SERVISS\\\"\",\"url\":\"https:\/\/www.stikla-serviss.lv\/en\/\",\"logo\":{\"@type\":\"ImageObject\",\"inLanguage\":\"en-US\",\"@id\":\"https:\/\/www.stikla-serviss.lv\/en\/#\/schema\/logo\/image\/\",\"url\":\"https:\/\/www.stikla-serviss.lv\/wp-content\/uploads\/2020\/07\/LOGO-ISTS.jpg\",\"contentUrl\":\"https:\/\/www.stikla-serviss.lv\/wp-content\/uploads\/2020\/07\/LOGO-ISTS.jpg\",\"width\":1860,\"height\":817,\"caption\":\"SIA \\\"STIKLA SERVISS\\\"\"},\"image\":{\"@id\":\"https:\/\/www.stikla-serviss.lv\/en\/#\/schema\/logo\/image\/\"}}]}<\/script>\n<!-- \/ Yoast SEO plugin. -->","yoast_head_json":{"title":"STIKLA SPOGU\u013bI UN STIKLA PLAUKTI\u0145I - STIKLA PLAUKTI\u0145I - Plaukti\u0146\u0161 600 mat\u0113ts pel\u0113ks - STIKLA SERVISS","description":"STIKLA SPOGU\u013bI UN STIKLA PLAUKTI\u0145I - STIKLA PLAUKTI\u0145I - Plaukti\u0146\u0161 600 mat\u0113ts pel\u0113ks - STIKLA SERVISS","robots":{"index":"index","follow":"follow","max-snippet":"max-snippet:-1","max-image-preview":"max-image-preview:large","max-video-preview":"max-video-preview:-1"},"canonical":"https:\/\/www.stikla-serviss.lv\/en\/product\/stikla-spoguli-un-stikla-plauktini-stikla-plauktini-plauktins-600-matets-peleks\/","og_locale":"en_US","og_type":"article","og_title":"STIKLA SPOGU\u013bI UN STIKLA PLAUKTI\u0145I - STIKLA PLAUKTI\u0145I - Plaukti\u0146\u0161 600 mat\u0113ts pel\u0113ks - STIKLA SERVISS","og_description":"STIKLA SPOGU\u013bI UN STIKLA PLAUKTI\u0145I - STIKLA PLAUKTI\u0145I - Plaukti\u0146\u0161 600 mat\u0113ts pel\u0113ks - STIKLA SERVISS","og_url":"https:\/\/www.stikla-serviss.lv\/en\/product\/stikla-spoguli-un-stikla-plauktini-stikla-plauktini-plauktins-600-matets-peleks\/","og_site_name":"STIKLA SERVISS","article_modified_time":"2023-05-12T10:46:30+00:00","og_image":[{"width":2560,"height":1707,"url":"https:\/\/www.stikla-serviss.lv\/wp-content\/uploads\/2023\/05\/Matets-peleks-scaled.jpg","type":"image\/jpeg"}],"twitter_card":"summary_large_image","twitter_misc":{"Est. reading time":"1 minute"},"schema":{"@context":"https:\/\/schema.org","@graph":[{"@type":"WebPage","@id":"https:\/\/www.stikla-serviss.lv\/en\/product\/stikla-spoguli-un-stikla-plauktini-stikla-plauktini-plauktins-600-matets-peleks\/","url":"https:\/\/www.stikla-serviss.lv\/en\/product\/stikla-spoguli-un-stikla-plauktini-stikla-plauktini-plauktins-600-matets-peleks\/","name":"STIKLA SPOGU\u013bI UN STIKLA PLAUKTI\u0145I - STIKLA PLAUKTI\u0145I - Plaukti\u0146\u0161 600 mat\u0113ts pel\u0113ks - STIKLA SERVISS","isPartOf":{"@id":"https:\/\/www.stikla-serviss.lv\/en\/#website"},"primaryImageOfPage":{"@id":"https:\/\/www.stikla-serviss.lv\/en\/product\/stikla-spoguli-un-stikla-plauktini-stikla-plauktini-plauktins-600-matets-peleks\/#primaryimage"},"image":{"@id":"https:\/\/www.stikla-serviss.lv\/en\/product\/stikla-spoguli-un-stikla-plauktini-stikla-plauktini-plauktins-600-matets-peleks\/#primaryimage"},"thumbnailUrl":"https:\/\/www.stikla-serviss.lv\/wp-content\/uploads\/2023\/05\/Matets-peleks-scaled.jpg","datePublished":"2023-05-12T10:45:35+00:00","dateModified":"2023-05-12T10:46:30+00:00","description":"STIKLA SPOGU\u013bI UN STIKLA PLAUKTI\u0145I - STIKLA PLAUKTI\u0145I - Plaukti\u0146\u0161 600 mat\u0113ts pel\u0113ks - STIKLA SERVISS","breadcrumb":{"@id":"https:\/\/www.stikla-serviss.lv\/en\/product\/stikla-spoguli-un-stikla-plauktini-stikla-plauktini-plauktins-600-matets-peleks\/#breadcrumb"},"inLanguage":"en-US","potentialAction":[{"@type":"ReadAction","target":["https:\/\/www.stikla-serviss.lv\/en\/product\/stikla-spoguli-un-stikla-plauktini-stikla-plauktini-plauktins-600-matets-peleks\/"]}]},{"@type":"ImageObject","inLanguage":"en-US","@id":"https:\/\/www.stikla-serviss.lv\/en\/product\/stikla-spoguli-un-stikla-plauktini-stikla-plauktini-plauktins-600-matets-peleks\/#primaryimage","url":"https:\/\/www.stikla-serviss.lv\/wp-content\/uploads\/2023\/05\/Matets-peleks-scaled.jpg","contentUrl":"https:\/\/www.stikla-serviss.lv\/wp-content\/uploads\/2023\/05\/Matets-peleks-scaled.jpg","width":2560,"height":1707},{"@type":"BreadcrumbList","@id":"https:\/\/www.stikla-serviss.lv\/en\/product\/stikla-spoguli-un-stikla-plauktini-stikla-plauktini-plauktins-600-matets-peleks\/#breadcrumb","itemListElement":[{"@type":"ListItem","position":1,"name":"Home","item":"https:\/\/www.stikla-serviss.lv\/en\/"},{"@type":"ListItem","position":2,"name":"PRODUCTS","item":"https:\/\/www.stikla-serviss.lv\/en\/produkti\/"},{"@type":"ListItem","position":3,"name":"STIKLA SPOGU\u013bI UN STIKLA PLAUKTI\u0145I &#8211; STIKLA PLAUKTI\u0145I &#8211; Plaukti\u0146\u0161 600 mat\u0113ts pel\u0113ks"}]},{"@type":"WebSite","@id":"https:\/\/www.stikla-serviss.lv\/en\/#website","url":"https:\/\/www.stikla-serviss.lv\/en\/","name":"STIKLA SERVISS","description":"Stikla tirdzniec\u012bbas un stikla izstr\u0101d\u0101jumu ra\u017eo\u0161anas uz\u0146\u0113mums","publisher":{"@id":"https:\/\/www.stikla-serviss.lv\/en\/#organization"},"potentialAction":[{"@type":"SearchAction","target":{"@type":"EntryPoint","urlTemplate":"https:\/\/www.stikla-serviss.lv\/en\/?s={search_term_string}"},"query-input":{"@type":"PropertyValueSpecification","valueRequired":true,"valueName":"search_term_string"}}],"inLanguage":"en-US"},{"@type":"Organization","@id":"https:\/\/www.stikla-serviss.lv\/en\/#organization","name":"SIA \"STIKLA SERVISS\"","url":"https:\/\/www.stikla-serviss.lv\/en\/","logo":{"@type":"ImageObject","inLanguage":"en-US","@id":"https:\/\/www.stikla-serviss.lv\/en\/#\/schema\/logo\/image\/","url":"https:\/\/www.stikla-serviss.lv\/wp-content\/uploads\/2020\/07\/LOGO-ISTS.jpg","contentUrl":"https:\/\/www.stikla-serviss.lv\/wp-content\/uploads\/2020\/07\/LOGO-ISTS.jpg","width":1860,"height":817,"caption":"SIA \"STIKLA SERVISS\""},"image":{"@id":"https:\/\/www.stikla-serviss.lv\/en\/#\/schema\/logo\/image\/"}}]}},"_links":{"self":[{"href":"https:\/\/www.stikla-serviss.lv\/en\/wp-json\/wp\/v2\/product\/34941","targetHints":{"allow":["GET"]}}],"collection":[{"href":"https:\/\/www.stikla-serviss.lv\/en\/wp-json\/wp\/v2\/product"}],"about":[{"href":"https:\/\/www.stikla-serviss.lv\/en\/wp-json\/wp\/v2\/types\/product"}],"wp:featuredmedia":[{"embeddable":true,"href":"https:\/\/www.stikla-serviss.lv\/en\/wp-json\/wp\/v2\/media\/34902"}],"wp:attachment":[{"href":"https:\/\/www.stikla-serviss.lv\/en\/wp-json\/wp\/v2\/media?parent=34941"}],"wp:term":[{"taxonomy":"product_brand","embeddable":true,"href":"https:\/\/www.stikla-serviss.lv\/en\/wp-json\/wp\/v2\/product_brand?post=34941"},{"taxonomy":"product_cat","embeddable":true,"href":"https:\/\/www.stikla-serviss.lv\/en\/wp-json\/wp\/v2\/product_cat?post=34941"},{"taxonomy":"product_tag","embeddable":true,"href":"https:\/\/www.stikla-serviss.lv\/en\/wp-json\/wp\/v2\/product_tag?post=34941"}],"curies":[{"name":"wp","href":"https:\/\/api.w.org\/{rel}","templated":true}]}}