{"id":38878,"date":"2023-07-20T08:50:49","date_gmt":"2023-10-24T11:40:04","guid":{"rendered":"https:\/\/www.stikla-serviss.lv\/?post_type=product&#038;p=38878"},"modified":"2025-09-16T10:45:19","modified_gmt":"2025-09-16T07:45:19","slug":"ken-interior-mirror","status":"publish","type":"product","link":"https:\/\/www.stikla-serviss.lv\/en\/product\/ken-interior-mirror\/","title":{"rendered":"KEN LED mirror"},"content":{"rendered":"<table style=\"border-collapse: collapse; width: 59.695%; height: 185px;\">\n<tbody>\n<tr style=\"height: 21px;\">\n<td style=\"width: 15.305%; height: 21px; background-color: #a1a1a1; text-align: center;\"><strong><span style=\"color: #ffffff;\">CODE<\/span><\/strong><\/td>\n<td style=\"width: 20.3524%; height: 21px; background-color: #a1a1a1; text-align: center;\"><strong><span style=\"color: #ffffff;\">HIGHT (H) mm<\/span><\/strong><\/td>\n<td style=\"width: 27.288%; height: 21px; background-color: #a1a1a1; text-align: center;\"><strong><span style=\"color: #ffffff;\">WIDTH (W) mm<\/span><\/strong><\/td>\n<td style=\"width: 25.5265%; height: 21px; background-color: #a1a1a1; text-align: center;\"><strong><span style=\"color: #ffffff;\">PRICE\u00a0\u00a0<\/span><\/strong><\/td>\n<\/tr>\n<tr style=\"height: 29px;\">\n<td class=\"xl76\" style=\"width: 15.305%; text-align: center; height: 29px;\" width=\"137\" height=\"29\">50X90KEN<\/td>\n<td class=\"xl74\" style=\"width: 20.3524%; text-align: center; height: 29px;\" width=\"88\">900<\/td>\n<td class=\"xl74\" style=\"width: 27.288%; text-align: center; height: 29px;\" width=\"83\">500<\/td>\n<td class=\"xl75\" style=\"width: 25.5265%; text-align: center; height: 29px;\" width=\"92\">\u20ac330<\/td>\n<\/tr>\n<tr style=\"height: 29px;\">\n<td class=\"xl76\" style=\"width: 15.305%; text-align: center; height: 29px;\" width=\"137\" height=\"29\">50X120KEN<\/td>\n<td class=\"xl70\" style=\"width: 20.3524%; text-align: center; height: 29px;\" width=\"88\">1200<\/td>\n<td class=\"xl70\" style=\"width: 27.288%; text-align: center; height: 29px;\" width=\"83\">500<\/td>\n<td class=\"xl71\" style=\"width: 25.5265%; text-align: center; height: 29px;\">\u20ac390<\/td>\n<\/tr>\n<tr style=\"height: 29px;\">\n<td class=\"xl76\" style=\"width: 15.305%; text-align: center; height: 29px;\" width=\"137\" height=\"29\">60X150KEN<\/td>\n<td class=\"xl70\" style=\"width: 20.3524%; text-align: center; height: 29px;\" width=\"88\">1500<\/td>\n<td class=\"xl70\" style=\"width: 27.288%; text-align: center; height: 29px;\" width=\"83\">600<\/td>\n<td class=\"xl71\" style=\"width: 25.5265%; text-align: center; height: 29px;\">\u20ac490<\/td>\n<\/tr>\n<\/tbody>\n<\/table>\n<p>*All prices include VAT.<\/p>\n","protected":false},"excerpt":{"rendered":"<p>Backlit LED mirror<\/p>\n<div id='gallery-1' class='gallery galleryid-38878 gallery-columns-5 gallery-size-full'><figure class='gallery-item'>\n\t\t\t<div class='gallery-icon portrait'>\n\t\t\t\t<img width=\"402\" height=\"568\" src=\"https:\/\/www.stikla-serviss.lv\/wp-content\/uploads\/2020\/12\/SS_LED_pictB-01.png\" class=\"attachment-full size-full\" alt=\"\" decoding=\"async\" loading=\"lazy\" srcset=\"https:\/\/www.stikla-serviss.lv\/wp-content\/uploads\/2020\/12\/SS_LED_pictB-01.png 402w, https:\/\/www.stikla-serviss.lv\/wp-content\/uploads\/2020\/12\/SS_LED_pictB-01-283x400.png 283w, https:\/\/www.stikla-serviss.lv\/wp-content\/uploads\/2020\/12\/SS_LED_pictB-01-23x32.png 23w\" sizes=\"auto, (max-width: 402px) 100vw, 402px\" \/>\n\t\t\t<\/div><\/figure><figure class='gallery-item'>\n\t\t\t<div class='gallery-icon portrait'>\n\t\t\t\t<img width=\"403\" height=\"568\" src=\"https:\/\/www.stikla-serviss.lv\/wp-content\/uploads\/2020\/12\/SS_LED_pictB-11.png\" class=\"attachment-full size-full\" alt=\"\" decoding=\"async\" loading=\"lazy\" srcset=\"https:\/\/www.stikla-serviss.lv\/wp-content\/uploads\/2020\/12\/SS_LED_pictB-11.png 403w, https:\/\/www.stikla-serviss.lv\/wp-content\/uploads\/2020\/12\/SS_LED_pictB-11-284x400.png 284w, https:\/\/www.stikla-serviss.lv\/wp-content\/uploads\/2020\/12\/SS_LED_pictB-11-23x32.png 23w\" sizes=\"auto, (max-width: 403px) 100vw, 403px\" \/>\n\t\t\t<\/div><\/figure><figure class='gallery-item'>\n\t\t\t<div class='gallery-icon portrait'>\n\t\t\t\t<img width=\"402\" height=\"568\" src=\"https:\/\/www.stikla-serviss.lv\/wp-content\/uploads\/2020\/12\/SS_LED_pictB-03.png\" class=\"attachment-full size-full\" alt=\"\" decoding=\"async\" loading=\"lazy\" srcset=\"https:\/\/www.stikla-serviss.lv\/wp-content\/uploads\/2020\/12\/SS_LED_pictB-03.png 402w, https:\/\/www.stikla-serviss.lv\/wp-content\/uploads\/2020\/12\/SS_LED_pictB-03-283x400.png 283w, https:\/\/www.stikla-serviss.lv\/wp-content\/uploads\/2020\/12\/SS_LED_pictB-03-23x32.png 23w\" sizes=\"auto, (max-width: 402px) 100vw, 402px\" \/>\n\t\t\t<\/div><\/figure><figure class='gallery-item'>\n\t\t\t<div class='gallery-icon portrait'>\n\t\t\t\t<img width=\"80\" height=\"113\" src=\"https:\/\/www.stikla-serviss.lv\/wp-content\/uploads\/2020\/12\/SS_LED_pictB-09-e1710162338715.png\" class=\"attachment-full size-full\" alt=\"\" decoding=\"async\" loading=\"lazy\" \/>\n\t\t\t<\/div><\/figure><figure class='gallery-item'>\n\t\t\t<div class='gallery-icon portrait'>\n\t\t\t\t<img width=\"403\" height=\"568\" src=\"https:\/\/www.stikla-serviss.lv\/wp-content\/uploads\/2020\/12\/SS_LED_pictB-04.png\" class=\"attachment-full size-full\" alt=\"\" decoding=\"async\" loading=\"lazy\" srcset=\"https:\/\/www.stikla-serviss.lv\/wp-content\/uploads\/2020\/12\/SS_LED_pictB-04.png 403w, https:\/\/www.stikla-serviss.lv\/wp-content\/uploads\/2020\/12\/SS_LED_pictB-04-284x400.png 284w, https:\/\/www.stikla-serviss.lv\/wp-content\/uploads\/2020\/12\/SS_LED_pictB-04-23x32.png 23w\" sizes=\"auto, (max-width: 403px) 100vw, 403px\" \/>\n\t\t\t<\/div><\/figure>\n\t\t<\/div>\n\n<p><img loading=\"lazy\" decoding=\"async\" class=\"alignnone wp-image-56944 size-full\" src=\"https:\/\/www.stikla-serviss.lv\/wp-content\/uploads\/2023\/07\/Ken.jpg\" alt=\"\" width=\"370\" height=\"423\" srcset=\"https:\/\/www.stikla-serviss.lv\/wp-content\/uploads\/2023\/07\/Ken.jpg 370w, https:\/\/www.stikla-serviss.lv\/wp-content\/uploads\/2023\/07\/Ken-350x400.jpg 350w\" sizes=\"auto, (max-width: 370px) 100vw, 370px\" \/><\/p>\n","protected":false},"featured_media":37982,"template":"","meta":[],"product_brand":[],"product_cat":[288,257],"product_tag":[],"class_list":{"0":"post-38878","1":"product","2":"type-product","3":"status-publish","4":"has-post-thumbnail","6":"product_cat-led-interior-mirrors","7":"product_cat-interior-mirrors-and-glass-shelves","9":"first","10":"instock","11":"shipping-taxable","12":"product-type-simple"},"yoast_head":"<!-- This site is optimized with the Yoast SEO plugin v27.1.1 - https:\/\/yoast.com\/product\/yoast-seo-wordpress\/ -->\n<title>KEN LED mirror - STIKLA SERVISS<\/title>\n<meta name=\"description\" content=\"KEN LED mirror - STIKLA SERVISS\" \/>\n<meta name=\"robots\" content=\"index, follow, max-snippet:-1, max-image-preview:large, max-video-preview:-1\" \/>\n<link rel=\"canonical\" href=\"https:\/\/www.stikla-serviss.lv\/en\/product\/ken-interior-mirror\/\" \/>\n<meta property=\"og:locale\" content=\"en_US\" \/>\n<meta property=\"og:type\" content=\"article\" \/>\n<meta property=\"og:title\" content=\"KEN LED mirror - STIKLA SERVISS\" \/>\n<meta property=\"og:description\" content=\"KEN LED mirror - STIKLA SERVISS\" \/>\n<meta property=\"og:url\" content=\"https:\/\/www.stikla-serviss.lv\/en\/product\/ken-interior-mirror\/\" \/>\n<meta property=\"og:site_name\" content=\"STIKLA SERVISS\" \/>\n<meta property=\"article:modified_time\" content=\"2025-09-16T07:45:19+00:00\" \/>\n<meta property=\"og:image\" content=\"https:\/\/www.stikla-serviss.lv\/wp-content\/uploads\/2023\/07\/Ken-640x800.png\" \/>\n\t<meta property=\"og:image:width\" content=\"640\" \/>\n\t<meta property=\"og:image:height\" content=\"800\" \/>\n\t<meta property=\"og:image:type\" content=\"image\/png\" \/>\n<meta name=\"twitter:card\" content=\"summary_large_image\" \/>\n<meta name=\"twitter:label1\" content=\"Est. reading time\" \/>\n\t<meta name=\"twitter:data1\" content=\"1 minute\" \/>\n<script type=\"application\/ld+json\" class=\"yoast-schema-graph\">{\"@context\":\"https:\/\/schema.org\",\"@graph\":[{\"@type\":\"WebPage\",\"@id\":\"https:\/\/www.stikla-serviss.lv\/en\/product\/ken-interior-mirror\/\",\"url\":\"https:\/\/www.stikla-serviss.lv\/en\/product\/ken-interior-mirror\/\",\"name\":\"KEN LED mirror - STIKLA SERVISS\",\"isPartOf\":{\"@id\":\"https:\/\/www.stikla-serviss.lv\/en\/#website\"},\"primaryImageOfPage\":{\"@id\":\"https:\/\/www.stikla-serviss.lv\/en\/product\/ken-interior-mirror\/#primaryimage\"},\"image\":{\"@id\":\"https:\/\/www.stikla-serviss.lv\/en\/product\/ken-interior-mirror\/#primaryimage\"},\"thumbnailUrl\":\"https:\/\/www.stikla-serviss.lv\/wp-content\/uploads\/2023\/07\/Ken.png\",\"datePublished\":\"2023-10-24T11:40:04+00:00\",\"dateModified\":\"2025-09-16T07:45:19+00:00\",\"description\":\"KEN LED mirror - STIKLA SERVISS\",\"breadcrumb\":{\"@id\":\"https:\/\/www.stikla-serviss.lv\/en\/product\/ken-interior-mirror\/#breadcrumb\"},\"inLanguage\":\"en-US\",\"potentialAction\":[{\"@type\":\"ReadAction\",\"target\":[\"https:\/\/www.stikla-serviss.lv\/en\/product\/ken-interior-mirror\/\"]}]},{\"@type\":\"ImageObject\",\"inLanguage\":\"en-US\",\"@id\":\"https:\/\/www.stikla-serviss.lv\/en\/product\/ken-interior-mirror\/#primaryimage\",\"url\":\"https:\/\/www.stikla-serviss.lv\/wp-content\/uploads\/2023\/07\/Ken.png\",\"contentUrl\":\"https:\/\/www.stikla-serviss.lv\/wp-content\/uploads\/2023\/07\/Ken.png\",\"width\":2560,\"height\":3200},{\"@type\":\"BreadcrumbList\",\"@id\":\"https:\/\/www.stikla-serviss.lv\/en\/product\/ken-interior-mirror\/#breadcrumb\",\"itemListElement\":[{\"@type\":\"ListItem\",\"position\":1,\"name\":\"Home\",\"item\":\"https:\/\/www.stikla-serviss.lv\/en\/\"},{\"@type\":\"ListItem\",\"position\":2,\"name\":\"PRODUCTS\",\"item\":\"https:\/\/www.stikla-serviss.lv\/en\/produkti\/\"},{\"@type\":\"ListItem\",\"position\":3,\"name\":\"KEN LED mirror\"}]},{\"@type\":\"WebSite\",\"@id\":\"https:\/\/www.stikla-serviss.lv\/en\/#website\",\"url\":\"https:\/\/www.stikla-serviss.lv\/en\/\",\"name\":\"STIKLA SERVISS\",\"description\":\"Stikla tirdzniec\u012bbas un stikla izstr\u0101d\u0101jumu ra\u017eo\u0161anas uz\u0146\u0113mums\",\"publisher\":{\"@id\":\"https:\/\/www.stikla-serviss.lv\/en\/#organization\"},\"potentialAction\":[{\"@type\":\"SearchAction\",\"target\":{\"@type\":\"EntryPoint\",\"urlTemplate\":\"https:\/\/www.stikla-serviss.lv\/en\/?s={search_term_string}\"},\"query-input\":{\"@type\":\"PropertyValueSpecification\",\"valueRequired\":true,\"valueName\":\"search_term_string\"}}],\"inLanguage\":\"en-US\"},{\"@type\":\"Organization\",\"@id\":\"https:\/\/www.stikla-serviss.lv\/en\/#organization\",\"name\":\"SIA \\\"STIKLA SERVISS\\\"\",\"url\":\"https:\/\/www.stikla-serviss.lv\/en\/\",\"logo\":{\"@type\":\"ImageObject\",\"inLanguage\":\"en-US\",\"@id\":\"https:\/\/www.stikla-serviss.lv\/en\/#\/schema\/logo\/image\/\",\"url\":\"https:\/\/www.stikla-serviss.lv\/wp-content\/uploads\/2020\/07\/LOGO-ISTS.jpg\",\"contentUrl\":\"https:\/\/www.stikla-serviss.lv\/wp-content\/uploads\/2020\/07\/LOGO-ISTS.jpg\",\"width\":1860,\"height\":817,\"caption\":\"SIA \\\"STIKLA SERVISS\\\"\"},\"image\":{\"@id\":\"https:\/\/www.stikla-serviss.lv\/en\/#\/schema\/logo\/image\/\"}}]}<\/script>\n<!-- \/ Yoast SEO plugin. -->","yoast_head_json":{"title":"KEN LED mirror - STIKLA SERVISS","description":"KEN LED mirror - STIKLA SERVISS","robots":{"index":"index","follow":"follow","max-snippet":"max-snippet:-1","max-image-preview":"max-image-preview:large","max-video-preview":"max-video-preview:-1"},"canonical":"https:\/\/www.stikla-serviss.lv\/en\/product\/ken-interior-mirror\/","og_locale":"en_US","og_type":"article","og_title":"KEN LED mirror - STIKLA SERVISS","og_description":"KEN LED mirror - STIKLA SERVISS","og_url":"https:\/\/www.stikla-serviss.lv\/en\/product\/ken-interior-mirror\/","og_site_name":"STIKLA SERVISS","article_modified_time":"2025-09-16T07:45:19+00:00","og_image":[{"width":640,"height":800,"url":"https:\/\/www.stikla-serviss.lv\/wp-content\/uploads\/2023\/07\/Ken-640x800.png","type":"image\/png"}],"twitter_card":"summary_large_image","twitter_misc":{"Est. reading time":"1 minute"},"schema":{"@context":"https:\/\/schema.org","@graph":[{"@type":"WebPage","@id":"https:\/\/www.stikla-serviss.lv\/en\/product\/ken-interior-mirror\/","url":"https:\/\/www.stikla-serviss.lv\/en\/product\/ken-interior-mirror\/","name":"KEN LED mirror - STIKLA SERVISS","isPartOf":{"@id":"https:\/\/www.stikla-serviss.lv\/en\/#website"},"primaryImageOfPage":{"@id":"https:\/\/www.stikla-serviss.lv\/en\/product\/ken-interior-mirror\/#primaryimage"},"image":{"@id":"https:\/\/www.stikla-serviss.lv\/en\/product\/ken-interior-mirror\/#primaryimage"},"thumbnailUrl":"https:\/\/www.stikla-serviss.lv\/wp-content\/uploads\/2023\/07\/Ken.png","datePublished":"2023-10-24T11:40:04+00:00","dateModified":"2025-09-16T07:45:19+00:00","description":"KEN LED mirror - STIKLA SERVISS","breadcrumb":{"@id":"https:\/\/www.stikla-serviss.lv\/en\/product\/ken-interior-mirror\/#breadcrumb"},"inLanguage":"en-US","potentialAction":[{"@type":"ReadAction","target":["https:\/\/www.stikla-serviss.lv\/en\/product\/ken-interior-mirror\/"]}]},{"@type":"ImageObject","inLanguage":"en-US","@id":"https:\/\/www.stikla-serviss.lv\/en\/product\/ken-interior-mirror\/#primaryimage","url":"https:\/\/www.stikla-serviss.lv\/wp-content\/uploads\/2023\/07\/Ken.png","contentUrl":"https:\/\/www.stikla-serviss.lv\/wp-content\/uploads\/2023\/07\/Ken.png","width":2560,"height":3200},{"@type":"BreadcrumbList","@id":"https:\/\/www.stikla-serviss.lv\/en\/product\/ken-interior-mirror\/#breadcrumb","itemListElement":[{"@type":"ListItem","position":1,"name":"Home","item":"https:\/\/www.stikla-serviss.lv\/en\/"},{"@type":"ListItem","position":2,"name":"PRODUCTS","item":"https:\/\/www.stikla-serviss.lv\/en\/produkti\/"},{"@type":"ListItem","position":3,"name":"KEN LED mirror"}]},{"@type":"WebSite","@id":"https:\/\/www.stikla-serviss.lv\/en\/#website","url":"https:\/\/www.stikla-serviss.lv\/en\/","name":"STIKLA SERVISS","description":"Stikla tirdzniec\u012bbas un stikla izstr\u0101d\u0101jumu ra\u017eo\u0161anas uz\u0146\u0113mums","publisher":{"@id":"https:\/\/www.stikla-serviss.lv\/en\/#organization"},"potentialAction":[{"@type":"SearchAction","target":{"@type":"EntryPoint","urlTemplate":"https:\/\/www.stikla-serviss.lv\/en\/?s={search_term_string}"},"query-input":{"@type":"PropertyValueSpecification","valueRequired":true,"valueName":"search_term_string"}}],"inLanguage":"en-US"},{"@type":"Organization","@id":"https:\/\/www.stikla-serviss.lv\/en\/#organization","name":"SIA \"STIKLA SERVISS\"","url":"https:\/\/www.stikla-serviss.lv\/en\/","logo":{"@type":"ImageObject","inLanguage":"en-US","@id":"https:\/\/www.stikla-serviss.lv\/en\/#\/schema\/logo\/image\/","url":"https:\/\/www.stikla-serviss.lv\/wp-content\/uploads\/2020\/07\/LOGO-ISTS.jpg","contentUrl":"https:\/\/www.stikla-serviss.lv\/wp-content\/uploads\/2020\/07\/LOGO-ISTS.jpg","width":1860,"height":817,"caption":"SIA \"STIKLA SERVISS\""},"image":{"@id":"https:\/\/www.stikla-serviss.lv\/en\/#\/schema\/logo\/image\/"}}]}},"_links":{"self":[{"href":"https:\/\/www.stikla-serviss.lv\/en\/wp-json\/wp\/v2\/product\/38878","targetHints":{"allow":["GET"]}}],"collection":[{"href":"https:\/\/www.stikla-serviss.lv\/en\/wp-json\/wp\/v2\/product"}],"about":[{"href":"https:\/\/www.stikla-serviss.lv\/en\/wp-json\/wp\/v2\/types\/product"}],"wp:featuredmedia":[{"embeddable":true,"href":"https:\/\/www.stikla-serviss.lv\/en\/wp-json\/wp\/v2\/media\/37982"}],"wp:attachment":[{"href":"https:\/\/www.stikla-serviss.lv\/en\/wp-json\/wp\/v2\/media?parent=38878"}],"wp:term":[{"taxonomy":"product_brand","embeddable":true,"href":"https:\/\/www.stikla-serviss.lv\/en\/wp-json\/wp\/v2\/product_brand?post=38878"},{"taxonomy":"product_cat","embeddable":true,"href":"https:\/\/www.stikla-serviss.lv\/en\/wp-json\/wp\/v2\/product_cat?post=38878"},{"taxonomy":"product_tag","embeddable":true,"href":"https:\/\/www.stikla-serviss.lv\/en\/wp-json\/wp\/v2\/product_tag?post=38878"}],"curies":[{"name":"wp","href":"https:\/\/api.w.org\/{rel}","templated":true}]}}