{"id":39260,"date":"2023-12-19T12:56:22","date_gmt":"2023-12-19T10:56:22","guid":{"rendered":"https:\/\/www.stikla-serviss.lv\/?post_type=product&#038;p=39260"},"modified":"2023-12-19T12:57:15","modified_gmt":"2023-12-19T10:57:15","slug":"elio","status":"publish","type":"product","link":"https:\/\/www.stikla-serviss.lv\/en\/product\/elio\/","title":{"rendered":"INTERIOR MIRRORS AND GLASS SHELVES &#8211; INTERIOR MIRROR-ELIO"},"content":{"rendered":"<p>&nbsp;<\/p>\n<table style=\"border-collapse: collapse; width: 100%; height: 332px;\">\n<tbody>\n<tr style=\"height: 332px;\">\n<td style=\"vertical-align: top;\">\n<table style=\"border-collapse: collapse; width: 59.5953%; height: 149px;\">\n<tbody>\n<tr style=\"height: 21px;\">\n<td style=\"width: 15.305%; height: 21px; background-color: #a1a1a1; text-align: center;\"><strong><span style=\"color: #ffffff;\">CODE<\/span><\/strong><\/td>\n<td style=\"width: 20.3524%; height: 21px; background-color: #a1a1a1; text-align: center;\"><strong><span style=\"color: #ffffff;\">HIGHT (H) mm<\/span><\/strong><\/td>\n<td style=\"width: 27.288%; height: 21px; background-color: #a1a1a1; text-align: center;\"><strong><span style=\"color: #ffffff;\">WIDTH (W) mm<\/span><\/strong><\/td>\n<td style=\"width: 25.5265%; height: 21px; background-color: #a1a1a1; text-align: center;\"><strong><span style=\"color: #ffffff;\">PRICE\u00a0 (incl VAT)<\/span><\/strong><\/td>\n<\/tr>\n<tr style=\"height: 40px;\">\n<td class=\"xl73\" style=\"width: 15.305%; text-align: center; height: 40px;\" width=\"69\" height=\"40\">50x90ELI<\/td>\n<td class=\"xl71\" style=\"width: 20.3524%; text-align: center; height: 40px;\" width=\"69\">900<\/td>\n<td style=\"width: 27.288%; text-align: center; height: 40px;\">500<\/td>\n<td class=\"xl72\" style=\"width: 25.5265%; text-align: center; height: 40px;\" width=\"69\">\u20ac135<\/td>\n<\/tr>\n<tr style=\"height: 40px;\">\n<td class=\"xl73\" style=\"width: 15.305%; text-align: center; height: 42px;\" width=\"69\" height=\"40\">50X120ELI<\/td>\n<td class=\"xl67\" style=\"width: 20.3524%; text-align: center; height: 42px;\" width=\"69\">1200<\/td>\n<td style=\"width: 27.288%; text-align: center; height: 42px;\">500<\/td>\n<td class=\"xl68\" style=\"width: 25.5265%; text-align: center; height: 42px;\">\u20ac170<\/td>\n<\/tr>\n<tr style=\"height: 46px;\">\n<td style=\"width: 15.305%; text-align: center; height: 46px;\">60X150ELI<\/td>\n<td style=\"width: 20.3524%; text-align: center; height: 46px;\">1500<\/td>\n<td style=\"width: 27.288%; text-align: center; height: 46px;\">600<\/td>\n<td style=\"width: 25.5265%; text-align: center; height: 46px;\">\u20ac210<\/td>\n<\/tr>\n<\/tbody>\n<\/table>\n<p>*All prices include VAT.<\/td>\n<td style=\"width: 50%; vertical-align: top; height: 332px;\"><div class=\"row\"  id=\"row-1936051473\">\r\n\r\n\n\t<div id=\"col-1050589234\" class=\"col medium-6 small-12 large-6\"  >\n\t\t\t\t<div class=\"col-inner\"  >\n\t\t\t\n\t\t\t\r\n<p style=\"text-align: right;\">VINETA MIKITANE<\/p>\r\n<p style=\"text-align: right;\">Project manager<\/p>\r\n<p style=\"text-align: right;\">+371 67472933<\/p>\r\n<p style=\"text-align: right;\">\u00a0+371 20036026<\/p>\r\n<p style=\"text-align: right;\"><a id=\"contact_email_19\" href=\"mailto:vineta@stikla-serviss.lv\">vineta@stikla-serviss.lv<\/a><\/p>\r\n<p style=\"text-align: right;\"><a href=\"mailto:info@stikla-serviss.lv\">info@stikla-serviss.lv<\/a><\/p>\r\n\t\t<\/div>\n\t\t\t\t\t<\/div>\n\n\t\r\n\n\t<div id=\"col-2115293147\" class=\"col medium-6 small-12 large-6\"  >\n\t\t\t\t<div class=\"col-inner\"  >\n\t\t\t\n\t\t\t\r\n\r\n\t<div class=\"img has-hover x md-x lg-x y md-y lg-y\" id=\"image_681300258\">\n\t\t\t\t\t\t\t\t<div class=\"img-inner dark\" >\n\t\t\t<img loading=\"lazy\" decoding=\"async\" width=\"666\" height=\"800\" src=\"https:\/\/www.stikla-serviss.lv\/wp-content\/uploads\/2021\/03\/foto_LaumaKalnina-9989-scaled-e1614866226278-666x800.jpg\" class=\"attachment-large size-large\" alt=\"\" srcset=\"https:\/\/www.stikla-serviss.lv\/wp-content\/uploads\/2021\/03\/foto_LaumaKalnina-9989-scaled-e1614866226278-666x800.jpg 666w, https:\/\/www.stikla-serviss.lv\/wp-content\/uploads\/2021\/03\/foto_LaumaKalnina-9989-scaled-e1614866226278-247x296.jpg 247w, https:\/\/www.stikla-serviss.lv\/wp-content\/uploads\/2021\/03\/foto_LaumaKalnina-9989-scaled-e1614866226278-510x612.jpg 510w, https:\/\/www.stikla-serviss.lv\/wp-content\/uploads\/2021\/03\/foto_LaumaKalnina-9989-scaled-e1614866226278-333x400.jpg 333w, https:\/\/www.stikla-serviss.lv\/wp-content\/uploads\/2021\/03\/foto_LaumaKalnina-9989-scaled-e1614866226278-768x922.jpg 768w, https:\/\/www.stikla-serviss.lv\/wp-content\/uploads\/2021\/03\/foto_LaumaKalnina-9989-scaled-e1614866226278-1280x1536.jpg 1280w, https:\/\/www.stikla-serviss.lv\/wp-content\/uploads\/2021\/03\/foto_LaumaKalnina-9989-scaled-e1614866226278-350x420.jpg 350w, https:\/\/www.stikla-serviss.lv\/wp-content\/uploads\/2021\/03\/foto_LaumaKalnina-9989-scaled-e1614866226278.jpg 1706w\" sizes=\"auto, (max-width: 666px) 100vw, 666px\" \/>\t\t\t\t\t\t\n\t\t\t\t\t<\/div>\n\t\t\t\t\t\t\t\t\n<style>\n#image_681300258 {\n  width: 100%;\n}\n<\/style>\n\t<\/div>\n\t\r\n\r\n\t\t<\/div>\n\t\t\t\t\t<\/div>\n\n\t\r\n\r\n<\/div><\/td>\n<\/tr>\n<\/tbody>\n<\/table>\n<p>&nbsp;<\/p>\n","protected":false},"excerpt":{"rendered":"<p>Mirror with black frame 30mm behind back around the perimeter.<\/p>\n<p>All mirrors include:<\/p>\n<p>fasteners;<\/p>\n<p>assembly instructions;<\/p>\n<p>cardboard packaging.<\/p>\n<p><img loading=\"lazy\" decoding=\"async\" class=\"alignnone wp-image-38527 \" src=\"https:\/\/www.stikla-serviss.lv\/wp-content\/uploads\/2023\/10\/ELIO.png\" alt=\"\" width=\"206\" height=\"312\" \/><\/p>\n<p>&nbsp;<\/p>\n","protected":false},"featured_media":38531,"template":"","meta":[],"product_brand":[],"product_cat":[289,257],"product_tag":[],"class_list":{"0":"post-39260","1":"product","2":"type-product","3":"status-publish","4":"has-post-thumbnail","6":"product_cat-interior-mirrors","7":"product_cat-interior-mirrors-and-glass-shelves","9":"first","10":"instock","11":"shipping-taxable","12":"product-type-simple"},"yoast_head":"<!-- This site is optimized with the Yoast SEO plugin v27.1.1 - https:\/\/yoast.com\/product\/yoast-seo-wordpress\/ -->\n<title>INTERIOR MIRRORS AND GLASS SHELVES - INTERIOR MIRROR-ELIO - STIKLA SERVISS<\/title>\n<meta name=\"description\" content=\"INTERIOR MIRRORS AND GLASS SHELVES - INTERIOR MIRROR-ELIO - STIKLA SERVISS\" \/>\n<meta name=\"robots\" content=\"index, follow, max-snippet:-1, max-image-preview:large, max-video-preview:-1\" \/>\n<link rel=\"canonical\" href=\"https:\/\/www.stikla-serviss.lv\/en\/product\/elio\/\" \/>\n<meta property=\"og:locale\" content=\"en_US\" \/>\n<meta property=\"og:type\" content=\"article\" \/>\n<meta property=\"og:title\" content=\"INTERIOR MIRRORS AND GLASS SHELVES - INTERIOR MIRROR-ELIO - STIKLA SERVISS\" \/>\n<meta property=\"og:description\" content=\"INTERIOR MIRRORS AND GLASS SHELVES - INTERIOR MIRROR-ELIO - STIKLA SERVISS\" \/>\n<meta property=\"og:url\" content=\"https:\/\/www.stikla-serviss.lv\/en\/product\/elio\/\" \/>\n<meta property=\"og:site_name\" content=\"STIKLA SERVISS\" \/>\n<meta property=\"article:modified_time\" content=\"2023-12-19T10:57:15+00:00\" \/>\n<meta property=\"og:image\" content=\"https:\/\/www.stikla-serviss.lv\/wp-content\/uploads\/2023\/10\/Elio-1-640x800.png\" \/>\n\t<meta property=\"og:image:width\" content=\"640\" \/>\n\t<meta property=\"og:image:height\" content=\"800\" \/>\n\t<meta property=\"og:image:type\" content=\"image\/png\" \/>\n<meta name=\"twitter:card\" content=\"summary_large_image\" \/>\n<meta name=\"twitter:label1\" content=\"Est. reading time\" \/>\n\t<meta name=\"twitter:data1\" content=\"1 minute\" \/>\n<script type=\"application\/ld+json\" class=\"yoast-schema-graph\">{\"@context\":\"https:\/\/schema.org\",\"@graph\":[{\"@type\":\"WebPage\",\"@id\":\"https:\/\/www.stikla-serviss.lv\/en\/product\/elio\/\",\"url\":\"https:\/\/www.stikla-serviss.lv\/en\/product\/elio\/\",\"name\":\"INTERIOR MIRRORS AND GLASS SHELVES - INTERIOR MIRROR-ELIO - STIKLA SERVISS\",\"isPartOf\":{\"@id\":\"https:\/\/www.stikla-serviss.lv\/en\/#website\"},\"primaryImageOfPage\":{\"@id\":\"https:\/\/www.stikla-serviss.lv\/en\/product\/elio\/#primaryimage\"},\"image\":{\"@id\":\"https:\/\/www.stikla-serviss.lv\/en\/product\/elio\/#primaryimage\"},\"thumbnailUrl\":\"https:\/\/www.stikla-serviss.lv\/wp-content\/uploads\/2023\/10\/Elio-1.png\",\"datePublished\":\"2023-12-19T10:56:22+00:00\",\"dateModified\":\"2023-12-19T10:57:15+00:00\",\"description\":\"INTERIOR MIRRORS AND GLASS SHELVES - INTERIOR MIRROR-ELIO - STIKLA SERVISS\",\"breadcrumb\":{\"@id\":\"https:\/\/www.stikla-serviss.lv\/en\/product\/elio\/#breadcrumb\"},\"inLanguage\":\"en-US\",\"potentialAction\":[{\"@type\":\"ReadAction\",\"target\":[\"https:\/\/www.stikla-serviss.lv\/en\/product\/elio\/\"]}]},{\"@type\":\"ImageObject\",\"inLanguage\":\"en-US\",\"@id\":\"https:\/\/www.stikla-serviss.lv\/en\/product\/elio\/#primaryimage\",\"url\":\"https:\/\/www.stikla-serviss.lv\/wp-content\/uploads\/2023\/10\/Elio-1.png\",\"contentUrl\":\"https:\/\/www.stikla-serviss.lv\/wp-content\/uploads\/2023\/10\/Elio-1.png\",\"width\":2560,\"height\":3200},{\"@type\":\"BreadcrumbList\",\"@id\":\"https:\/\/www.stikla-serviss.lv\/en\/product\/elio\/#breadcrumb\",\"itemListElement\":[{\"@type\":\"ListItem\",\"position\":1,\"name\":\"Home\",\"item\":\"https:\/\/www.stikla-serviss.lv\/en\/\"},{\"@type\":\"ListItem\",\"position\":2,\"name\":\"PRODUCTS\",\"item\":\"https:\/\/www.stikla-serviss.lv\/en\/produkti\/\"},{\"@type\":\"ListItem\",\"position\":3,\"name\":\"INTERIOR MIRRORS AND GLASS SHELVES &#8211; INTERIOR MIRROR-ELIO\"}]},{\"@type\":\"WebSite\",\"@id\":\"https:\/\/www.stikla-serviss.lv\/en\/#website\",\"url\":\"https:\/\/www.stikla-serviss.lv\/en\/\",\"name\":\"STIKLA SERVISS\",\"description\":\"Stikla tirdzniec\u012bbas un stikla izstr\u0101d\u0101jumu ra\u017eo\u0161anas uz\u0146\u0113mums\",\"publisher\":{\"@id\":\"https:\/\/www.stikla-serviss.lv\/en\/#organization\"},\"potentialAction\":[{\"@type\":\"SearchAction\",\"target\":{\"@type\":\"EntryPoint\",\"urlTemplate\":\"https:\/\/www.stikla-serviss.lv\/en\/?s={search_term_string}\"},\"query-input\":{\"@type\":\"PropertyValueSpecification\",\"valueRequired\":true,\"valueName\":\"search_term_string\"}}],\"inLanguage\":\"en-US\"},{\"@type\":\"Organization\",\"@id\":\"https:\/\/www.stikla-serviss.lv\/en\/#organization\",\"name\":\"SIA \\\"STIKLA SERVISS\\\"\",\"url\":\"https:\/\/www.stikla-serviss.lv\/en\/\",\"logo\":{\"@type\":\"ImageObject\",\"inLanguage\":\"en-US\",\"@id\":\"https:\/\/www.stikla-serviss.lv\/en\/#\/schema\/logo\/image\/\",\"url\":\"https:\/\/www.stikla-serviss.lv\/wp-content\/uploads\/2020\/07\/LOGO-ISTS.jpg\",\"contentUrl\":\"https:\/\/www.stikla-serviss.lv\/wp-content\/uploads\/2020\/07\/LOGO-ISTS.jpg\",\"width\":1860,\"height\":817,\"caption\":\"SIA \\\"STIKLA SERVISS\\\"\"},\"image\":{\"@id\":\"https:\/\/www.stikla-serviss.lv\/en\/#\/schema\/logo\/image\/\"}}]}<\/script>\n<!-- \/ Yoast SEO plugin. -->","yoast_head_json":{"title":"INTERIOR MIRRORS AND GLASS SHELVES - INTERIOR MIRROR-ELIO - STIKLA SERVISS","description":"INTERIOR MIRRORS AND GLASS SHELVES - INTERIOR MIRROR-ELIO - STIKLA SERVISS","robots":{"index":"index","follow":"follow","max-snippet":"max-snippet:-1","max-image-preview":"max-image-preview:large","max-video-preview":"max-video-preview:-1"},"canonical":"https:\/\/www.stikla-serviss.lv\/en\/product\/elio\/","og_locale":"en_US","og_type":"article","og_title":"INTERIOR MIRRORS AND GLASS SHELVES - INTERIOR MIRROR-ELIO - STIKLA SERVISS","og_description":"INTERIOR MIRRORS AND GLASS SHELVES - INTERIOR MIRROR-ELIO - STIKLA SERVISS","og_url":"https:\/\/www.stikla-serviss.lv\/en\/product\/elio\/","og_site_name":"STIKLA SERVISS","article_modified_time":"2023-12-19T10:57:15+00:00","og_image":[{"width":640,"height":800,"url":"https:\/\/www.stikla-serviss.lv\/wp-content\/uploads\/2023\/10\/Elio-1-640x800.png","type":"image\/png"}],"twitter_card":"summary_large_image","twitter_misc":{"Est. reading time":"1 minute"},"schema":{"@context":"https:\/\/schema.org","@graph":[{"@type":"WebPage","@id":"https:\/\/www.stikla-serviss.lv\/en\/product\/elio\/","url":"https:\/\/www.stikla-serviss.lv\/en\/product\/elio\/","name":"INTERIOR MIRRORS AND GLASS SHELVES - INTERIOR MIRROR-ELIO - STIKLA SERVISS","isPartOf":{"@id":"https:\/\/www.stikla-serviss.lv\/en\/#website"},"primaryImageOfPage":{"@id":"https:\/\/www.stikla-serviss.lv\/en\/product\/elio\/#primaryimage"},"image":{"@id":"https:\/\/www.stikla-serviss.lv\/en\/product\/elio\/#primaryimage"},"thumbnailUrl":"https:\/\/www.stikla-serviss.lv\/wp-content\/uploads\/2023\/10\/Elio-1.png","datePublished":"2023-12-19T10:56:22+00:00","dateModified":"2023-12-19T10:57:15+00:00","description":"INTERIOR MIRRORS AND GLASS SHELVES - INTERIOR MIRROR-ELIO - STIKLA SERVISS","breadcrumb":{"@id":"https:\/\/www.stikla-serviss.lv\/en\/product\/elio\/#breadcrumb"},"inLanguage":"en-US","potentialAction":[{"@type":"ReadAction","target":["https:\/\/www.stikla-serviss.lv\/en\/product\/elio\/"]}]},{"@type":"ImageObject","inLanguage":"en-US","@id":"https:\/\/www.stikla-serviss.lv\/en\/product\/elio\/#primaryimage","url":"https:\/\/www.stikla-serviss.lv\/wp-content\/uploads\/2023\/10\/Elio-1.png","contentUrl":"https:\/\/www.stikla-serviss.lv\/wp-content\/uploads\/2023\/10\/Elio-1.png","width":2560,"height":3200},{"@type":"BreadcrumbList","@id":"https:\/\/www.stikla-serviss.lv\/en\/product\/elio\/#breadcrumb","itemListElement":[{"@type":"ListItem","position":1,"name":"Home","item":"https:\/\/www.stikla-serviss.lv\/en\/"},{"@type":"ListItem","position":2,"name":"PRODUCTS","item":"https:\/\/www.stikla-serviss.lv\/en\/produkti\/"},{"@type":"ListItem","position":3,"name":"INTERIOR MIRRORS AND GLASS SHELVES &#8211; INTERIOR MIRROR-ELIO"}]},{"@type":"WebSite","@id":"https:\/\/www.stikla-serviss.lv\/en\/#website","url":"https:\/\/www.stikla-serviss.lv\/en\/","name":"STIKLA SERVISS","description":"Stikla tirdzniec\u012bbas un stikla izstr\u0101d\u0101jumu ra\u017eo\u0161anas uz\u0146\u0113mums","publisher":{"@id":"https:\/\/www.stikla-serviss.lv\/en\/#organization"},"potentialAction":[{"@type":"SearchAction","target":{"@type":"EntryPoint","urlTemplate":"https:\/\/www.stikla-serviss.lv\/en\/?s={search_term_string}"},"query-input":{"@type":"PropertyValueSpecification","valueRequired":true,"valueName":"search_term_string"}}],"inLanguage":"en-US"},{"@type":"Organization","@id":"https:\/\/www.stikla-serviss.lv\/en\/#organization","name":"SIA \"STIKLA SERVISS\"","url":"https:\/\/www.stikla-serviss.lv\/en\/","logo":{"@type":"ImageObject","inLanguage":"en-US","@id":"https:\/\/www.stikla-serviss.lv\/en\/#\/schema\/logo\/image\/","url":"https:\/\/www.stikla-serviss.lv\/wp-content\/uploads\/2020\/07\/LOGO-ISTS.jpg","contentUrl":"https:\/\/www.stikla-serviss.lv\/wp-content\/uploads\/2020\/07\/LOGO-ISTS.jpg","width":1860,"height":817,"caption":"SIA \"STIKLA SERVISS\""},"image":{"@id":"https:\/\/www.stikla-serviss.lv\/en\/#\/schema\/logo\/image\/"}}]}},"_links":{"self":[{"href":"https:\/\/www.stikla-serviss.lv\/en\/wp-json\/wp\/v2\/product\/39260","targetHints":{"allow":["GET"]}}],"collection":[{"href":"https:\/\/www.stikla-serviss.lv\/en\/wp-json\/wp\/v2\/product"}],"about":[{"href":"https:\/\/www.stikla-serviss.lv\/en\/wp-json\/wp\/v2\/types\/product"}],"wp:featuredmedia":[{"embeddable":true,"href":"https:\/\/www.stikla-serviss.lv\/en\/wp-json\/wp\/v2\/media\/38531"}],"wp:attachment":[{"href":"https:\/\/www.stikla-serviss.lv\/en\/wp-json\/wp\/v2\/media?parent=39260"}],"wp:term":[{"taxonomy":"product_brand","embeddable":true,"href":"https:\/\/www.stikla-serviss.lv\/en\/wp-json\/wp\/v2\/product_brand?post=39260"},{"taxonomy":"product_cat","embeddable":true,"href":"https:\/\/www.stikla-serviss.lv\/en\/wp-json\/wp\/v2\/product_cat?post=39260"},{"taxonomy":"product_tag","embeddable":true,"href":"https:\/\/www.stikla-serviss.lv\/en\/wp-json\/wp\/v2\/product_tag?post=39260"}],"curies":[{"name":"wp","href":"https:\/\/api.w.org\/{rel}","templated":true}]}}