{"id":40273,"date":"2022-12-02T16:22:27","date_gmt":"2022-12-02T14:22:27","guid":{"rendered":"https:\/\/www.stikla-serviss.lv\/?post_type=product&#038;p=40273"},"modified":"2025-12-22T14:22:57","modified_gmt":"2025-12-22T12:22:57","slug":"shower-enclosure-carlotta","status":"publish","type":"product","link":"https:\/\/www.stikla-serviss.lv\/en\/product\/shower-enclosure-carlotta\/","title":{"rendered":"SHOWER ENCLOSURE <p>CARLOTTA<\/p>"},"content":{"rendered":"<table style=\"border-collapse: collapse; width: 100%; height: 219px;\" border=\"0\" cellspacing=\"0\" cellpadding=\"0\">\n<colgroup>\n<col width=\"99\" \/>\n<col width=\"60\" \/>\n<col span=\"8\" width=\"76\" \/>\n<col width=\"73\" \/><\/colgroup>\n<tbody>\n<tr style=\"background-color: #8a8a8a;\">\n<td class=\"xl81\" style=\"vertical-align: top; text-align: center; width: 16.835%; height: 44px;\"><span style=\"font-size: 90%; color: #ffffff;\">Code<\/span><\/td>\n<td class=\"xl81\" style=\"vertical-align: top; text-align: center; width: 3.7037%; height: 44px;\"><span style=\"font-size: 90%; color: #ffffff;\">Height (mm)<\/span><\/td>\n<td class=\"xl81\" style=\"vertical-align: top; text-align: center; width: 11.4478%; height: 44px;\"><span style=\"font-size: 90%; color: #ffffff;\">Adjustment A+B (mm)<\/span><\/td>\n<td style=\"vertical-align: top; text-align: center; width: 4.88216%; height: 44px;\"><span style=\"font-size: 90%; color: #ffffff;\">Adjustment C (mm)<\/span><\/td>\n<td class=\"xl81\" style=\"vertical-align: top; text-align: center; width: 4.88216%; height: 44px;\"><span style=\"font-size: 90%; color: #ffffff;\">Entrance width A1\u00a0 (mm)<\/span><\/td>\n<td class=\"xl81\" style=\"vertical-align: top; text-align: center; width: 7.40741%; height: 44px;\"><span style=\"font-size: 90%; color: #ffffff;\">Width B (mm)<\/span><\/td>\n<td class=\"xl80\" style=\"vertical-align: top; text-align: center; width: 7.07071%; height: 44px;\"><span style=\"font-size: 90%; color: #ffffff;\">Clear<\/span><\/td>\n<td class=\"xl80\" style=\"vertical-align: top; text-align: center; width: 8.58586%; height: 44px;\"><span style=\"font-size: 90%; color: #ffffff;\">Bronze or Gray<\/span><\/td>\n<td class=\"xl80\" style=\"vertical-align: top; text-align: center; width: 7.57576%; height: 44px;\"><span style=\"font-size: 90%; color: #ffffff;\">Matte White \/ Crepi<\/span><\/td>\n<td class=\"xl80\" style=\"vertical-align: top; text-align: center; width: 8.58586%; height: 44px;\"><span style=\"font-size: 90%; color: #ffffff;\">Matte Bronze \/ Gray \/ Extra Clear<\/span><\/td>\n<td class=\"xl83\" style=\"vertical-align: top; text-align: center; width: 7.23906%; height: 44px;\"><span style=\"font-size: 90%; color: #ffffff;\">Matte extra clear, Mirror, Linea<\/span><\/td>\n<\/tr>\n<tr style=\"height: 22px;\">\n<td class=\"xl79\" style=\"width: 16.835%; text-align: center; height: 22px;\" width=\"99\" height=\"20\"><span style=\"font-size: 90%;\">90X90CAR<\/span><\/td>\n<td class=\"xl82\" style=\"width: 3.7037%; text-align: center; height: 22px;\" width=\"60\"><span style=\"font-size: 90%;\">2000<\/span><\/td>\n<td class=\"xl78\" style=\"width: 11.4478%; text-align: center; height: 22px;\" width=\"76\"><span style=\"font-size: 90%;\">894-900<\/span><\/td>\n<td class=\"xl78\" style=\"width: 4.88216%; text-align: center; height: 22px;\" width=\"76\"><span style=\"font-size: 90%;\">887-892<\/span><\/td>\n<td class=\"xl78\" style=\"width: 4.88216%; text-align: center; height: 22px;\" width=\"76\"><span style=\"font-size: 90%;\">550<\/span><\/td>\n<td class=\"xl78\" style=\"width: 7.40741%; text-align: center; height: 22px;\" width=\"76\"><span style=\"font-size: 90%;\">300<\/span><\/td>\n<td style=\"width: 7.07071%; height: 22px; text-align: center;\" width=\"73\">\u20ac950<\/td>\n<td style=\"width: 8.58586%; height: 22px; text-align: center;\" width=\"73\">\u20ac999<\/td>\n<td style=\"width: 7.57576%; height: 22px; text-align: center;\" width=\"72\">\u20ac1 075<\/td>\n<td style=\"width: 8.58586%; height: 22px; text-align: center;\" width=\"73\">\u20ac1 133<\/td>\n<td style=\"width: 7.23906%; height: 22px; text-align: center;\" width=\"72\">\u20ac1 303<\/td>\n<\/tr>\n<tr style=\"height: 22px;\">\n<td class=\"xl79\" style=\"width: 16.835%; text-align: center; height: 22px;\" width=\"99\" height=\"20\"><span style=\"font-size: 90%;\">100X100CAR<\/span><\/td>\n<td class=\"xl82\" style=\"width: 3.7037%; text-align: center; height: 22px;\" width=\"60\"><span style=\"font-size: 90%;\">2000<\/span><\/td>\n<td class=\"xl78\" style=\"width: 11.4478%; text-align: center; height: 22px;\" width=\"76\"><span style=\"font-size: 90%;\">994 1000<\/span><\/td>\n<td class=\"xl78\" style=\"width: 4.88216%; text-align: center; height: 22px;\" width=\"76\"><span style=\"font-size: 90%;\">987-992<\/span><\/td>\n<td class=\"xl78\" style=\"width: 4.88216%; text-align: center; height: 22px;\" width=\"76\"><span style=\"font-size: 90%;\">650<\/span><\/td>\n<td class=\"xl78\" style=\"width: 7.40741%; text-align: center; height: 22px;\" width=\"76\"><span style=\"font-size: 90%;\">300<\/span><\/td>\n<td style=\"width: 7.07071%; height: 22px; text-align: center;\" width=\"73\">\u20ac975<\/td>\n<td style=\"width: 8.58586%; height: 22px; text-align: center;\" width=\"73\">\u20ac1 029<\/td>\n<td style=\"width: 7.57576%; height: 22px; text-align: center;\" width=\"72\">\u20ac1 093<\/td>\n<td style=\"width: 8.58586%; height: 22px; text-align: center;\" width=\"73\">\u20ac1 150<\/td>\n<td style=\"width: 7.23906%; height: 22px; text-align: center;\" width=\"72\">\u20ac1 323<\/td>\n<\/tr>\n<tr style=\"height: 22px;\">\n<td class=\"xl79\" style=\"width: 16.835%; text-align: center; height: 22px;\" width=\"99\" height=\"20\"><span style=\"font-size: 90%;\">110X110CAR<\/span><\/td>\n<td class=\"xl82\" style=\"width: 3.7037%; text-align: center; height: 22px;\" width=\"60\"><span style=\"font-size: 90%;\">2000<\/span><\/td>\n<td class=\"xl78\" style=\"width: 11.4478%; text-align: center; height: 22px;\" width=\"76\"><span style=\"font-size: 90%;\">1094-1100<\/span><\/td>\n<td class=\"xl78\" style=\"width: 4.88216%; text-align: center; height: 22px;\" width=\"76\"><span style=\"font-size: 90%;\">1087-1092<\/span><\/td>\n<td class=\"xl78\" style=\"width: 4.88216%; text-align: center; height: 22px;\" width=\"76\"><span style=\"font-size: 90%;\">650<\/span><\/td>\n<td class=\"xl78\" style=\"width: 7.40741%; text-align: center; height: 22px;\" width=\"76\"><span style=\"font-size: 90%;\">400<\/span><\/td>\n<td style=\"width: 7.07071%; height: 22px; text-align: center;\" width=\"73\">\u20ac999<\/td>\n<td style=\"width: 8.58586%; height: 22px; text-align: center;\" width=\"73\">\u20ac1 061<\/td>\n<td style=\"width: 7.57576%; height: 22px; text-align: center;\" width=\"72\">\u20ac1 117<\/td>\n<td style=\"width: 8.58586%; height: 22px; text-align: center;\" width=\"73\">\u20ac1 174<\/td>\n<td style=\"width: 7.23906%; height: 22px; text-align: center;\" width=\"72\">\u20ac1 351<\/td>\n<\/tr>\n<tr style=\"height: 22px;\">\n<td class=\"xl79\" style=\"width: 16.835%; text-align: center; height: 22px;\" width=\"99\" height=\"20\"><span style=\"font-size: 90%;\">120X120CAR<\/span><\/td>\n<td class=\"xl82\" style=\"width: 3.7037%; text-align: center; height: 22px;\" width=\"60\"><span style=\"font-size: 90%;\">2000<\/span><\/td>\n<td class=\"xl78\" style=\"width: 11.4478%; text-align: center; height: 22px;\" width=\"76\"><span style=\"font-size: 90%;\">1194-1200<\/span><\/td>\n<td class=\"xl78\" style=\"width: 4.88216%; text-align: center; height: 22px;\" width=\"76\"><span style=\"font-size: 90%;\">1187-1192<\/span><\/td>\n<td class=\"xl78\" style=\"width: 4.88216%; text-align: center; height: 22px;\" width=\"76\"><span style=\"font-size: 90%;\">650<\/span><\/td>\n<td class=\"xl78\" style=\"width: 7.40741%; text-align: center; height: 22px;\" width=\"76\"><span style=\"font-size: 90%;\">500<\/span><\/td>\n<td style=\"width: 7.07071%; height: 22px; text-align: center;\" width=\"73\">\u20ac1 025<\/td>\n<td style=\"width: 8.58586%; height: 22px; text-align: center;\" width=\"73\">\u20ac1 087<\/td>\n<td style=\"width: 7.57576%; height: 22px; text-align: center;\" width=\"72\">\u20ac1 140<\/td>\n<td style=\"width: 8.58586%; height: 22px; text-align: center;\" width=\"73\">\u20ac1 197<\/td>\n<td style=\"width: 7.23906%; height: 22px; text-align: center;\" width=\"72\">\u20ac1 377<\/td>\n<\/tr>\n<tr style=\"height: 22px;\">\n<td class=\"xl79\" style=\"width: 16.835%; text-align: center; height: 22px;\" width=\"99\" height=\"20\"><span style=\"font-size: 90%;\">120X80CAR<\/span><\/td>\n<td class=\"xl82\" style=\"width: 3.7037%; text-align: center; height: 22px;\" width=\"60\"><span style=\"font-size: 90%;\">2000<\/span><\/td>\n<td class=\"xl78\" style=\"width: 11.4478%; text-align: center; height: 22px;\" width=\"76\"><span style=\"font-size: 90%;\">1194-1200<\/span><\/td>\n<td class=\"xl78\" style=\"width: 4.88216%; text-align: center; height: 22px;\" width=\"76\"><span style=\"font-size: 90%;\">787-792<\/span><\/td>\n<td class=\"xl78\" style=\"width: 4.88216%; text-align: center; height: 22px;\" width=\"76\"><span style=\"font-size: 90%;\">650<\/span><\/td>\n<td class=\"xl78\" style=\"width: 7.40741%; text-align: center; height: 22px;\" width=\"76\"><span style=\"font-size: 90%;\">500<\/span><\/td>\n<td style=\"width: 7.07071%; height: 22px; text-align: center;\" width=\"73\">\u20ac1 048<\/td>\n<td style=\"width: 8.58586%; height: 22px; text-align: center;\" width=\"73\">\u20ac1 114<\/td>\n<td style=\"width: 7.57576%; height: 22px; text-align: center;\" width=\"72\">\u20ac1 164<\/td>\n<td style=\"width: 8.58586%; height: 22px; text-align: center;\" width=\"73\">\u20ac1 222<\/td>\n<td style=\"width: 7.23906%; height: 22px; text-align: center;\" width=\"72\">\u20ac1 405<\/td>\n<\/tr>\n<tr style=\"height: 22px;\">\n<td class=\"xl79\" style=\"width: 16.835%; text-align: center; height: 22px;\" width=\"99\" height=\"20\"><span style=\"font-size: 90%;\">120X90CAR<\/span><\/td>\n<td class=\"xl82\" style=\"width: 3.7037%; text-align: center; height: 22px;\" width=\"60\"><span style=\"font-size: 90%;\">2000<\/span><\/td>\n<td class=\"xl78\" style=\"width: 11.4478%; text-align: center; height: 22px;\" width=\"76\"><span style=\"font-size: 90%;\">1194-1200<\/span><\/td>\n<td class=\"xl78\" style=\"width: 4.88216%; text-align: center; height: 22px;\" width=\"76\"><span style=\"font-size: 90%;\">887-892<\/span><\/td>\n<td class=\"xl78\" style=\"width: 4.88216%; text-align: center; height: 22px;\" width=\"76\"><span style=\"font-size: 90%;\">650<\/span><\/td>\n<td class=\"xl78\" style=\"width: 7.40741%; text-align: center; height: 22px;\" width=\"76\"><span style=\"font-size: 90%;\">500<\/span><\/td>\n<td style=\"width: 7.07071%; height: 22px; text-align: center;\" width=\"73\">\u20ac1 008<\/td>\n<td style=\"width: 8.58586%; height: 22px; text-align: center;\" width=\"73\">\u20ac1 057<\/td>\n<td style=\"width: 7.57576%; height: 22px; text-align: center;\" width=\"72\">\u20ac1 133<\/td>\n<td style=\"width: 8.58586%; height: 22px; text-align: center;\" width=\"73\">\u20ac1 190<\/td>\n<td style=\"width: 7.23906%; height: 22px; text-align: center;\" width=\"72\">\u20ac1 369<\/td>\n<\/tr>\n<tr style=\"height: 43px;\">\n<td style=\"width: 16.835%; height: 43px;\"><\/td>\n<td style=\"width: 3.7037%; height: 43px;\"><\/td>\n<td style=\"width: 11.4478%; height: 43px;\"><\/td>\n<td style=\"width: 4.88216%; height: 43px;\"><\/td>\n<td style=\"width: 4.88216%; height: 43px;\"><\/td>\n<td style=\"width: 7.40741%; height: 43px;\"><\/td>\n<td style=\"width: 7.07071%; height: 43px; text-align: center;\" width=\"73\">\u20ac1 018<\/td>\n<td style=\"width: 8.58586%; height: 43px; text-align: center;\" width=\"73\">\u20ac1 072<\/td>\n<td style=\"width: 7.57576%; height: 43px; text-align: center;\" width=\"72\">\u20ac1 136<\/td>\n<td style=\"width: 8.58586%; height: 43px; text-align: center;\" width=\"73\">\u20ac1 193<\/td>\n<td style=\"width: 7.23906%; height: 43px; text-align: center;\" width=\"72\">\u20ac1 372<\/td>\n<\/tr>\n<\/tbody>\n<\/table>\n<p>*All prices include VAT.<\/p>\n","protected":false},"excerpt":{"rendered":"<div id='gallery-1' class='gallery galleryid-40273 gallery-columns-6 gallery-size-thumbnail'><figure class='gallery-item'>\n\t\t\t<div class='gallery-icon landscape'>\n\t\t\t\t<img width=\"280\" height=\"280\" src=\"https:\/\/www.stikla-serviss.lv\/wp-content\/uploads\/2020\/07\/ss_pic-02-280x280.png\" class=\"attachment-thumbnail size-thumbnail\" alt=\"\" decoding=\"async\" loading=\"lazy\" srcset=\"https:\/\/www.stikla-serviss.lv\/wp-content\/uploads\/2020\/07\/ss_pic-02-280x280.png 280w, https:\/\/www.stikla-serviss.lv\/wp-content\/uploads\/2020\/07\/ss_pic-02-401x400.png 401w, https:\/\/www.stikla-serviss.lv\/wp-content\/uploads\/2020\/07\/ss_pic-02-300x300.png 300w, https:\/\/www.stikla-serviss.lv\/wp-content\/uploads\/2020\/07\/ss_pic-02-100x100.png 100w, https:\/\/www.stikla-serviss.lv\/wp-content\/uploads\/2020\/07\/ss_pic-02-32x32.png 32w, https:\/\/www.stikla-serviss.lv\/wp-content\/uploads\/2020\/07\/ss_pic-02-e1604331855484.png 80w\" sizes=\"auto, (max-width: 280px) 100vw, 280px\" \/>\n\t\t\t<\/div><\/figure><figure class='gallery-item'>\n\t\t\t<div class='gallery-icon landscape'>\n\t\t\t\t<img width=\"280\" height=\"280\" src=\"https:\/\/www.stikla-serviss.lv\/wp-content\/uploads\/2020\/07\/ss_pic-03-280x280.png\" class=\"attachment-thumbnail size-thumbnail\" alt=\"\" decoding=\"async\" loading=\"lazy\" srcset=\"https:\/\/www.stikla-serviss.lv\/wp-content\/uploads\/2020\/07\/ss_pic-03-280x280.png 280w, https:\/\/www.stikla-serviss.lv\/wp-content\/uploads\/2020\/07\/ss_pic-03-401x400.png 401w, https:\/\/www.stikla-serviss.lv\/wp-content\/uploads\/2020\/07\/ss_pic-03-300x300.png 300w, https:\/\/www.stikla-serviss.lv\/wp-content\/uploads\/2020\/07\/ss_pic-03-100x100.png 100w, https:\/\/www.stikla-serviss.lv\/wp-content\/uploads\/2020\/07\/ss_pic-03-32x32.png 32w, https:\/\/www.stikla-serviss.lv\/wp-content\/uploads\/2020\/07\/ss_pic-03-e1604331865897.png 80w\" sizes=\"auto, (max-width: 280px) 100vw, 280px\" \/>\n\t\t\t<\/div><\/figure><figure class='gallery-item'>\n\t\t\t<div class='gallery-icon landscape'>\n\t\t\t\t<img width=\"280\" height=\"280\" src=\"https:\/\/www.stikla-serviss.lv\/wp-content\/uploads\/2020\/07\/ss_pic-09-280x280.png\" class=\"attachment-thumbnail size-thumbnail\" alt=\"\" decoding=\"async\" loading=\"lazy\" srcset=\"https:\/\/www.stikla-serviss.lv\/wp-content\/uploads\/2020\/07\/ss_pic-09-280x280.png 280w, https:\/\/www.stikla-serviss.lv\/wp-content\/uploads\/2020\/07\/ss_pic-09-400x400.png 400w, https:\/\/www.stikla-serviss.lv\/wp-content\/uploads\/2020\/07\/ss_pic-09-300x300.png 300w, https:\/\/www.stikla-serviss.lv\/wp-content\/uploads\/2020\/07\/ss_pic-09-100x100.png 100w, https:\/\/www.stikla-serviss.lv\/wp-content\/uploads\/2020\/07\/ss_pic-09-32x32.png 32w, https:\/\/www.stikla-serviss.lv\/wp-content\/uploads\/2020\/07\/ss_pic-09-e1604331937629.png 80w\" sizes=\"auto, (max-width: 280px) 100vw, 280px\" \/>\n\t\t\t<\/div><\/figure><figure class='gallery-item'>\n\t\t\t<div class='gallery-icon landscape'>\n\t\t\t\t<img width=\"280\" height=\"280\" src=\"https:\/\/www.stikla-serviss.lv\/wp-content\/uploads\/2020\/07\/ss_pic-12-280x280.png\" class=\"attachment-thumbnail size-thumbnail\" alt=\"\" decoding=\"async\" loading=\"lazy\" srcset=\"https:\/\/www.stikla-serviss.lv\/wp-content\/uploads\/2020\/07\/ss_pic-12-280x280.png 280w, https:\/\/www.stikla-serviss.lv\/wp-content\/uploads\/2020\/07\/ss_pic-12-399x400.png 399w, https:\/\/www.stikla-serviss.lv\/wp-content\/uploads\/2020\/07\/ss_pic-12-300x300.png 300w, https:\/\/www.stikla-serviss.lv\/wp-content\/uploads\/2020\/07\/ss_pic-12-100x100.png 100w, https:\/\/www.stikla-serviss.lv\/wp-content\/uploads\/2020\/07\/ss_pic-12-32x32.png 32w, https:\/\/www.stikla-serviss.lv\/wp-content\/uploads\/2020\/07\/ss_pic-12-e1604331975911.png 80w\" sizes=\"auto, (max-width: 280px) 100vw, 280px\" \/>\n\t\t\t<\/div><\/figure><figure class='gallery-item'>\n\t\t\t<div class='gallery-icon landscape'>\n\t\t\t\t<img width=\"280\" height=\"280\" src=\"https:\/\/www.stikla-serviss.lv\/wp-content\/uploads\/2020\/12\/ch_sn_ral-280x280.png\" class=\"attachment-thumbnail size-thumbnail\" alt=\"\" decoding=\"async\" loading=\"lazy\" srcset=\"https:\/\/www.stikla-serviss.lv\/wp-content\/uploads\/2020\/12\/ch_sn_ral-280x280.png 280w, https:\/\/www.stikla-serviss.lv\/wp-content\/uploads\/2020\/12\/ch_sn_ral-100x100.png 100w, https:\/\/www.stikla-serviss.lv\/wp-content\/uploads\/2020\/12\/ch_sn_ral-510x510.png 510w, https:\/\/www.stikla-serviss.lv\/wp-content\/uploads\/2020\/12\/ch_sn_ral-400x400.png 400w, https:\/\/www.stikla-serviss.lv\/wp-content\/uploads\/2020\/12\/ch_sn_ral-32x32.png 32w, https:\/\/www.stikla-serviss.lv\/wp-content\/uploads\/2020\/12\/ch_sn_ral.png 592w\" sizes=\"auto, (max-width: 280px) 100vw, 280px\" \/>\n\t\t\t<\/div><\/figure>\n\t\t<\/div>\n\n<p><img loading=\"lazy\" decoding=\"async\" class=\"alignnone wp-image-5162 size-full\" src=\"https:\/\/www.stikla-serviss.lv\/wp-content\/uploads\/2020\/07\/kabine15.jpg\" alt=\"\" width=\"186\" height=\"203\" srcset=\"https:\/\/www.stikla-serviss.lv\/wp-content\/uploads\/2020\/07\/kabine15.jpg 186w, https:\/\/www.stikla-serviss.lv\/wp-content\/uploads\/2020\/07\/kabine15-29x32.jpg 29w\" sizes=\"auto, (max-width: 186px) 100vw, 186px\" \/><\/p>\n","protected":false},"featured_media":29947,"template":"","meta":[],"product_brand":[],"product_cat":[246,248],"product_tag":[],"class_list":{"0":"post-40273","1":"product","2":"type-product","3":"status-publish","4":"has-post-thumbnail","6":"product_cat-shower-enclosures-and-bath-screens","7":"product_cat-shower-enclosures","9":"first","10":"instock","11":"shipping-taxable","12":"product-type-simple"},"yoast_head":"<!-- This site is optimized with the Yoast SEO plugin v27.1.1 - https:\/\/yoast.com\/product\/yoast-seo-wordpress\/ -->\n<title>SHOWER ENCLOSURE CARLOTTA - STIKLA SERVISS<\/title>\n<meta name=\"description\" content=\"SHOWER ENCLOSURE CARLOTTA - STIKLA SERVISS\" \/>\n<meta name=\"robots\" content=\"index, follow, max-snippet:-1, max-image-preview:large, max-video-preview:-1\" \/>\n<link rel=\"canonical\" href=\"https:\/\/www.stikla-serviss.lv\/en\/product\/shower-enclosure-carlotta\/\" \/>\n<meta property=\"og:locale\" content=\"en_US\" \/>\n<meta property=\"og:type\" content=\"article\" \/>\n<meta property=\"og:title\" content=\"SHOWER ENCLOSURE CARLOTTA - STIKLA SERVISS\" \/>\n<meta property=\"og:description\" content=\"SHOWER ENCLOSURE CARLOTTA - STIKLA SERVISS\" \/>\n<meta property=\"og:url\" content=\"https:\/\/www.stikla-serviss.lv\/en\/product\/shower-enclosure-carlotta\/\" \/>\n<meta property=\"og:site_name\" content=\"STIKLA SERVISS\" \/>\n<meta property=\"article:modified_time\" content=\"2025-12-22T12:22:57+00:00\" \/>\n<meta property=\"og:image\" content=\"https:\/\/www.stikla-serviss.lv\/wp-content\/uploads\/2022\/12\/carlotta_apgriezta.jpg\" \/>\n\t<meta property=\"og:image:width\" content=\"2400\" \/>\n\t<meta property=\"og:image:height\" content=\"2400\" \/>\n\t<meta property=\"og:image:type\" content=\"image\/jpeg\" \/>\n<meta name=\"twitter:card\" content=\"summary_large_image\" \/>\n<meta name=\"twitter:label1\" content=\"Est. reading time\" \/>\n\t<meta name=\"twitter:data1\" content=\"1 minute\" \/>\n<script type=\"application\/ld+json\" class=\"yoast-schema-graph\">{\"@context\":\"https:\/\/schema.org\",\"@graph\":[{\"@type\":\"WebPage\",\"@id\":\"https:\/\/www.stikla-serviss.lv\/en\/product\/shower-enclosure-carlotta\/\",\"url\":\"https:\/\/www.stikla-serviss.lv\/en\/product\/shower-enclosure-carlotta\/\",\"name\":\"SHOWER ENCLOSURE CARLOTTA - STIKLA SERVISS\",\"isPartOf\":{\"@id\":\"https:\/\/www.stikla-serviss.lv\/en\/#website\"},\"primaryImageOfPage\":{\"@id\":\"https:\/\/www.stikla-serviss.lv\/en\/product\/shower-enclosure-carlotta\/#primaryimage\"},\"image\":{\"@id\":\"https:\/\/www.stikla-serviss.lv\/en\/product\/shower-enclosure-carlotta\/#primaryimage\"},\"thumbnailUrl\":\"https:\/\/www.stikla-serviss.lv\/wp-content\/uploads\/2022\/12\/carlotta_apgriezta.jpg\",\"datePublished\":\"2022-12-02T14:22:27+00:00\",\"dateModified\":\"2025-12-22T12:22:57+00:00\",\"description\":\"SHOWER ENCLOSURE CARLOTTA - STIKLA SERVISS\",\"breadcrumb\":{\"@id\":\"https:\/\/www.stikla-serviss.lv\/en\/product\/shower-enclosure-carlotta\/#breadcrumb\"},\"inLanguage\":\"en-US\",\"potentialAction\":[{\"@type\":\"ReadAction\",\"target\":[\"https:\/\/www.stikla-serviss.lv\/en\/product\/shower-enclosure-carlotta\/\"]}]},{\"@type\":\"ImageObject\",\"inLanguage\":\"en-US\",\"@id\":\"https:\/\/www.stikla-serviss.lv\/en\/product\/shower-enclosure-carlotta\/#primaryimage\",\"url\":\"https:\/\/www.stikla-serviss.lv\/wp-content\/uploads\/2022\/12\/carlotta_apgriezta.jpg\",\"contentUrl\":\"https:\/\/www.stikla-serviss.lv\/wp-content\/uploads\/2022\/12\/carlotta_apgriezta.jpg\",\"width\":2400,\"height\":2400},{\"@type\":\"BreadcrumbList\",\"@id\":\"https:\/\/www.stikla-serviss.lv\/en\/product\/shower-enclosure-carlotta\/#breadcrumb\",\"itemListElement\":[{\"@type\":\"ListItem\",\"position\":1,\"name\":\"Home\",\"item\":\"https:\/\/www.stikla-serviss.lv\/en\/\"},{\"@type\":\"ListItem\",\"position\":2,\"name\":\"PRODUCTS\",\"item\":\"https:\/\/www.stikla-serviss.lv\/en\/produkti\/\"},{\"@type\":\"ListItem\",\"position\":3,\"name\":\"SHOWER ENCLOSURE CARLOTTA\"}]},{\"@type\":\"WebSite\",\"@id\":\"https:\/\/www.stikla-serviss.lv\/en\/#website\",\"url\":\"https:\/\/www.stikla-serviss.lv\/en\/\",\"name\":\"STIKLA SERVISS\",\"description\":\"Stikla tirdzniec\u012bbas un stikla izstr\u0101d\u0101jumu ra\u017eo\u0161anas uz\u0146\u0113mums\",\"publisher\":{\"@id\":\"https:\/\/www.stikla-serviss.lv\/en\/#organization\"},\"potentialAction\":[{\"@type\":\"SearchAction\",\"target\":{\"@type\":\"EntryPoint\",\"urlTemplate\":\"https:\/\/www.stikla-serviss.lv\/en\/?s={search_term_string}\"},\"query-input\":{\"@type\":\"PropertyValueSpecification\",\"valueRequired\":true,\"valueName\":\"search_term_string\"}}],\"inLanguage\":\"en-US\"},{\"@type\":\"Organization\",\"@id\":\"https:\/\/www.stikla-serviss.lv\/en\/#organization\",\"name\":\"SIA \\\"STIKLA SERVISS\\\"\",\"url\":\"https:\/\/www.stikla-serviss.lv\/en\/\",\"logo\":{\"@type\":\"ImageObject\",\"inLanguage\":\"en-US\",\"@id\":\"https:\/\/www.stikla-serviss.lv\/en\/#\/schema\/logo\/image\/\",\"url\":\"https:\/\/www.stikla-serviss.lv\/wp-content\/uploads\/2020\/07\/LOGO-ISTS.jpg\",\"contentUrl\":\"https:\/\/www.stikla-serviss.lv\/wp-content\/uploads\/2020\/07\/LOGO-ISTS.jpg\",\"width\":1860,\"height\":817,\"caption\":\"SIA \\\"STIKLA SERVISS\\\"\"},\"image\":{\"@id\":\"https:\/\/www.stikla-serviss.lv\/en\/#\/schema\/logo\/image\/\"}}]}<\/script>\n<!-- \/ Yoast SEO plugin. -->","yoast_head_json":{"title":"SHOWER ENCLOSURE CARLOTTA - STIKLA SERVISS","description":"SHOWER ENCLOSURE CARLOTTA - STIKLA SERVISS","robots":{"index":"index","follow":"follow","max-snippet":"max-snippet:-1","max-image-preview":"max-image-preview:large","max-video-preview":"max-video-preview:-1"},"canonical":"https:\/\/www.stikla-serviss.lv\/en\/product\/shower-enclosure-carlotta\/","og_locale":"en_US","og_type":"article","og_title":"SHOWER ENCLOSURE CARLOTTA - STIKLA SERVISS","og_description":"SHOWER ENCLOSURE CARLOTTA - STIKLA SERVISS","og_url":"https:\/\/www.stikla-serviss.lv\/en\/product\/shower-enclosure-carlotta\/","og_site_name":"STIKLA SERVISS","article_modified_time":"2025-12-22T12:22:57+00:00","og_image":[{"width":2400,"height":2400,"url":"https:\/\/www.stikla-serviss.lv\/wp-content\/uploads\/2022\/12\/carlotta_apgriezta.jpg","type":"image\/jpeg"}],"twitter_card":"summary_large_image","twitter_misc":{"Est. reading time":"1 minute"},"schema":{"@context":"https:\/\/schema.org","@graph":[{"@type":"WebPage","@id":"https:\/\/www.stikla-serviss.lv\/en\/product\/shower-enclosure-carlotta\/","url":"https:\/\/www.stikla-serviss.lv\/en\/product\/shower-enclosure-carlotta\/","name":"SHOWER ENCLOSURE CARLOTTA - STIKLA SERVISS","isPartOf":{"@id":"https:\/\/www.stikla-serviss.lv\/en\/#website"},"primaryImageOfPage":{"@id":"https:\/\/www.stikla-serviss.lv\/en\/product\/shower-enclosure-carlotta\/#primaryimage"},"image":{"@id":"https:\/\/www.stikla-serviss.lv\/en\/product\/shower-enclosure-carlotta\/#primaryimage"},"thumbnailUrl":"https:\/\/www.stikla-serviss.lv\/wp-content\/uploads\/2022\/12\/carlotta_apgriezta.jpg","datePublished":"2022-12-02T14:22:27+00:00","dateModified":"2025-12-22T12:22:57+00:00","description":"SHOWER ENCLOSURE CARLOTTA - STIKLA SERVISS","breadcrumb":{"@id":"https:\/\/www.stikla-serviss.lv\/en\/product\/shower-enclosure-carlotta\/#breadcrumb"},"inLanguage":"en-US","potentialAction":[{"@type":"ReadAction","target":["https:\/\/www.stikla-serviss.lv\/en\/product\/shower-enclosure-carlotta\/"]}]},{"@type":"ImageObject","inLanguage":"en-US","@id":"https:\/\/www.stikla-serviss.lv\/en\/product\/shower-enclosure-carlotta\/#primaryimage","url":"https:\/\/www.stikla-serviss.lv\/wp-content\/uploads\/2022\/12\/carlotta_apgriezta.jpg","contentUrl":"https:\/\/www.stikla-serviss.lv\/wp-content\/uploads\/2022\/12\/carlotta_apgriezta.jpg","width":2400,"height":2400},{"@type":"BreadcrumbList","@id":"https:\/\/www.stikla-serviss.lv\/en\/product\/shower-enclosure-carlotta\/#breadcrumb","itemListElement":[{"@type":"ListItem","position":1,"name":"Home","item":"https:\/\/www.stikla-serviss.lv\/en\/"},{"@type":"ListItem","position":2,"name":"PRODUCTS","item":"https:\/\/www.stikla-serviss.lv\/en\/produkti\/"},{"@type":"ListItem","position":3,"name":"SHOWER ENCLOSURE CARLOTTA"}]},{"@type":"WebSite","@id":"https:\/\/www.stikla-serviss.lv\/en\/#website","url":"https:\/\/www.stikla-serviss.lv\/en\/","name":"STIKLA SERVISS","description":"Stikla tirdzniec\u012bbas un stikla izstr\u0101d\u0101jumu ra\u017eo\u0161anas uz\u0146\u0113mums","publisher":{"@id":"https:\/\/www.stikla-serviss.lv\/en\/#organization"},"potentialAction":[{"@type":"SearchAction","target":{"@type":"EntryPoint","urlTemplate":"https:\/\/www.stikla-serviss.lv\/en\/?s={search_term_string}"},"query-input":{"@type":"PropertyValueSpecification","valueRequired":true,"valueName":"search_term_string"}}],"inLanguage":"en-US"},{"@type":"Organization","@id":"https:\/\/www.stikla-serviss.lv\/en\/#organization","name":"SIA \"STIKLA SERVISS\"","url":"https:\/\/www.stikla-serviss.lv\/en\/","logo":{"@type":"ImageObject","inLanguage":"en-US","@id":"https:\/\/www.stikla-serviss.lv\/en\/#\/schema\/logo\/image\/","url":"https:\/\/www.stikla-serviss.lv\/wp-content\/uploads\/2020\/07\/LOGO-ISTS.jpg","contentUrl":"https:\/\/www.stikla-serviss.lv\/wp-content\/uploads\/2020\/07\/LOGO-ISTS.jpg","width":1860,"height":817,"caption":"SIA \"STIKLA SERVISS\""},"image":{"@id":"https:\/\/www.stikla-serviss.lv\/en\/#\/schema\/logo\/image\/"}}]}},"_links":{"self":[{"href":"https:\/\/www.stikla-serviss.lv\/en\/wp-json\/wp\/v2\/product\/40273","targetHints":{"allow":["GET"]}}],"collection":[{"href":"https:\/\/www.stikla-serviss.lv\/en\/wp-json\/wp\/v2\/product"}],"about":[{"href":"https:\/\/www.stikla-serviss.lv\/en\/wp-json\/wp\/v2\/types\/product"}],"wp:featuredmedia":[{"embeddable":true,"href":"https:\/\/www.stikla-serviss.lv\/en\/wp-json\/wp\/v2\/media\/29947"}],"wp:attachment":[{"href":"https:\/\/www.stikla-serviss.lv\/en\/wp-json\/wp\/v2\/media?parent=40273"}],"wp:term":[{"taxonomy":"product_brand","embeddable":true,"href":"https:\/\/www.stikla-serviss.lv\/en\/wp-json\/wp\/v2\/product_brand?post=40273"},{"taxonomy":"product_cat","embeddable":true,"href":"https:\/\/www.stikla-serviss.lv\/en\/wp-json\/wp\/v2\/product_cat?post=40273"},{"taxonomy":"product_tag","embeddable":true,"href":"https:\/\/www.stikla-serviss.lv\/en\/wp-json\/wp\/v2\/product_tag?post=40273"}],"curies":[{"name":"wp","href":"https:\/\/api.w.org\/{rel}","templated":true}]}}