{"id":41400,"date":"2023-11-24T12:24:32","date_gmt":"2023-11-24T10:42:45","guid":{"rendered":"https:\/\/www.stikla-serviss.lv\/?post_type=product&#038;p=41400"},"modified":"2025-06-17T16:25:31","modified_gmt":"2025-06-17T13:25:31","slug":"glass-doors-sauna-door-etna","status":"publish","type":"product","link":"https:\/\/www.stikla-serviss.lv\/en\/product\/glass-doors-sauna-door-etna\/","title":{"rendered":"GLASS DOORS- SAUNA DOOR &#8211; ETNA"},"content":{"rendered":"<table style=\"border-collapse: collapse; width: 100%;\">\n<tbody>\n<tr>\n<td style=\"width: 50%; vertical-align: top;\">\n<table style=\"border-collapse: collapse; width: 100%;\">\n<tbody>\n<tr>\n<td class=\"xl65\" style=\"width: 45.1754%; text-align: center;\" width=\"120\" height=\"21\">Doorway size, dm<\/td>\n<td class=\"xl65\" style=\"width: 27.193%; text-align: center;\" width=\"71\">Sauna door BENELUX\u00a0 bronze, clear, gray, EUR<\/td>\n<td style=\"width: 27.193%; text-align: center;\" width=\"71\">Sauna door BENELUX matte bronze, clear, gray, EUR<\/td>\n<\/tr>\n<tr>\n<td class=\"xl66\" style=\"width: 45.1754%; text-align: center;\" height=\"20\">7\u00d719<\/td>\n<td class=\"xl66\" style=\"width: 27.193%; text-align: center; height: 21px;\" align=\"right\">1530 \u20ac<\/td>\n<td class=\"xl66\" style=\"width: 27.193%; text-align: center; height: 21px;\" align=\"right\">1630 \u20ac<\/td>\n<\/tr>\n<tr>\n<td class=\"xl66\" style=\"width: 45.1754%; text-align: center;\" height=\"20\">7\u00d720<\/td>\n<td class=\"xl66\" style=\"width: 27.193%; text-align: center; height: 21px;\" align=\"right\">1570 \u20ac<\/td>\n<td class=\"xl66\" style=\"width: 27.193%; text-align: center; height: 21px;\" align=\"right\">1670 \u20ac<\/td>\n<\/tr>\n<tr>\n<td class=\"xl66\" style=\"width: 45.1754%; text-align: center;\" height=\"20\">7\u00d721<\/td>\n<td class=\"xl66\" style=\"width: 27.193%; text-align: center; height: 21px;\" align=\"right\">1611 \u20ac<\/td>\n<td class=\"xl66\" style=\"width: 27.193%; text-align: center; height: 21px;\" align=\"right\">1711 \u20ac<\/td>\n<\/tr>\n<tr>\n<td class=\"xl66\" style=\"width: 45.1754%; text-align: center;\" height=\"20\">8\u00d719<\/td>\n<td class=\"xl66\" style=\"width: 27.193%; text-align: center; height: 21px;\" align=\"right\">1652 \u20ac<\/td>\n<td class=\"xl66\" style=\"width: 27.193%; text-align: center; height: 21px;\" align=\"right\">1752 \u20ac<\/td>\n<\/tr>\n<tr>\n<td class=\"xl66\" style=\"width: 45.1754%; text-align: center;\" height=\"20\">8\u00d720<\/td>\n<td class=\"xl66\" style=\"width: 27.193%; text-align: center; height: 21px;\" align=\"right\">1691 \u20ac<\/td>\n<td class=\"xl66\" style=\"width: 27.193%; text-align: center; height: 21px;\" align=\"right\">1791 \u20ac<\/td>\n<\/tr>\n<tr>\n<td class=\"xl66\" style=\"width: 45.1754%; text-align: center;\" height=\"20\">8\u00d721<\/td>\n<td class=\"xl66\" style=\"width: 27.193%; text-align: center; height: 21px;\" align=\"right\">1730 \u20ac<\/td>\n<td class=\"xl66\" style=\"width: 27.193%; text-align: center; height: 21px;\" align=\"right\">1830 \u20ac<\/td>\n<\/tr>\n<tr>\n<td class=\"xl66\" style=\"width: 45.1754%; text-align: center;\" height=\"20\">9\u00d719<\/td>\n<td class=\"xl66\" style=\"width: 27.193%; text-align: center; height: 21px;\" align=\"right\">1750 \u20ac<\/td>\n<td class=\"xl66\" style=\"width: 27.193%; text-align: center; height: 21px;\" align=\"right\">1850 \u20ac<\/td>\n<\/tr>\n<tr>\n<td class=\"xl66\" style=\"width: 45.1754%; text-align: center;\" height=\"20\">9\u00d720<\/td>\n<td class=\"xl66\" style=\"width: 27.193%; text-align: center; height: 21px;\" align=\"right\">1770 \u20ac<\/td>\n<td class=\"xl66\" style=\"width: 27.193%; text-align: center; height: 21px;\" align=\"right\">1870 \u20ac<\/td>\n<\/tr>\n<tr>\n<td class=\"xl66\" style=\"width: 45.1754%; text-align: center;\" height=\"20\">9\u00d721<\/td>\n<td class=\"xl66\" style=\"width: 27.193%; text-align: center; height: 10px;\" align=\"right\">1770 \u20ac<\/td>\n<td class=\"xl66\" style=\"width: 27.193%; text-align: center; height: 10px;\" align=\"right\">1870 \u20ac<\/td>\n<\/tr>\n<\/tbody>\n<\/table>\n<p>*All prices include VAT.<\/td>\n<td style=\"width: 50%; vertical-align: top;\"><div class=\"row\"  id=\"row-1765601678\">\r\n\r\n\n\t<div id=\"col-96401173\" class=\"col medium-6 small-12 large-6\"  >\n\t\t\t\t<div class=\"col-inner\"  >\n\t\t\t\n\t\t\t\r\n<p style=\"text-align: right;\">VINETA MIKITANE<\/p>\r\n<p style=\"text-align: right;\">Project manager<\/p>\r\n<p style=\"text-align: right;\">+371 67472933<\/p>\r\n<p style=\"text-align: right;\">\u00a0+371 20036026<\/p>\r\n<p style=\"text-align: right;\"><a id=\"contact_email_19\" href=\"mailto:vineta@stikla-serviss.lv\">vineta@stikla-serviss.lv<\/a><\/p>\r\n<p style=\"text-align: right;\"><a href=\"mailto:info@stikla-serviss.lv\">info@stikla-serviss.lv<\/a><\/p>\r\n\t\t<\/div>\n\t\t\t\t\t<\/div>\n\n\t\r\n\n\t<div id=\"col-1382227969\" class=\"col medium-6 small-12 large-6\"  >\n\t\t\t\t<div class=\"col-inner\"  >\n\t\t\t\n\t\t\t\r\n\r\n\t<div class=\"img has-hover x md-x lg-x y md-y lg-y\" id=\"image_914837546\">\n\t\t\t\t\t\t\t\t<div class=\"img-inner dark\" >\n\t\t\t<img loading=\"lazy\" decoding=\"async\" width=\"666\" height=\"800\" src=\"https:\/\/www.stikla-serviss.lv\/wp-content\/uploads\/2021\/03\/foto_LaumaKalnina-9989-scaled-e1614866226278-666x800.jpg\" class=\"attachment-large size-large\" alt=\"\" srcset=\"https:\/\/www.stikla-serviss.lv\/wp-content\/uploads\/2021\/03\/foto_LaumaKalnina-9989-scaled-e1614866226278-666x800.jpg 666w, https:\/\/www.stikla-serviss.lv\/wp-content\/uploads\/2021\/03\/foto_LaumaKalnina-9989-scaled-e1614866226278-247x296.jpg 247w, https:\/\/www.stikla-serviss.lv\/wp-content\/uploads\/2021\/03\/foto_LaumaKalnina-9989-scaled-e1614866226278-510x612.jpg 510w, https:\/\/www.stikla-serviss.lv\/wp-content\/uploads\/2021\/03\/foto_LaumaKalnina-9989-scaled-e1614866226278-333x400.jpg 333w, https:\/\/www.stikla-serviss.lv\/wp-content\/uploads\/2021\/03\/foto_LaumaKalnina-9989-scaled-e1614866226278-768x922.jpg 768w, https:\/\/www.stikla-serviss.lv\/wp-content\/uploads\/2021\/03\/foto_LaumaKalnina-9989-scaled-e1614866226278-1280x1536.jpg 1280w, https:\/\/www.stikla-serviss.lv\/wp-content\/uploads\/2021\/03\/foto_LaumaKalnina-9989-scaled-e1614866226278-350x420.jpg 350w, https:\/\/www.stikla-serviss.lv\/wp-content\/uploads\/2021\/03\/foto_LaumaKalnina-9989-scaled-e1614866226278.jpg 1706w\" sizes=\"auto, (max-width: 666px) 100vw, 666px\" \/>\t\t\t\t\t\t\n\t\t\t\t\t<\/div>\n\t\t\t\t\t\t\t\t\n<style>\n#image_914837546 {\n  width: 100%;\n}\n<\/style>\n\t<\/div>\n\t\r\n\r\n\t\t<\/div>\n\t\t\t\t\t<\/div>\n\n\t\r\n\r\n<\/div><\/td>\n<\/tr>\n<\/tbody>\n<\/table>\n","protected":false},"excerpt":{"rendered":"<p>Sauna doors ETNA are made of the highest quality thermal aspen wood, which has excellent resistance to moisture and temperature fluctuations. Insulated double glazing will significantly save energy and will not form condensation on it.<\/p>\n<p>Door set:<\/p>\n<ul>\n<li>Glass sash<\/li>\n<li>Thermal aspen box<\/li>\n<li>Wooden handle<\/li>\n<li>Decorative pins<\/li>\n<li>Cardboard packaging<\/li>\n<\/ul>\n","protected":false},"featured_media":59390,"template":"","meta":[],"product_brand":[],"product_cat":[298,258],"product_tag":[],"class_list":{"0":"post-41400","1":"product","2":"type-product","3":"status-publish","4":"has-post-thumbnail","6":"product_cat-sauna-doors","7":"product_cat-glass-doors","9":"first","10":"instock","11":"shipping-taxable","12":"product-type-simple"},"yoast_head":"<!-- This site is optimized with the Yoast SEO plugin v27.1.1 - https:\/\/yoast.com\/product\/yoast-seo-wordpress\/ -->\n<title>GLASS DOORS- SAUNA DOOR - ETNA - STIKLA SERVISS<\/title>\n<meta name=\"description\" content=\"GLASS DOORS- SAUNA DOOR - ETNA - STIKLA SERVISS\" \/>\n<meta name=\"robots\" content=\"index, follow, max-snippet:-1, max-image-preview:large, max-video-preview:-1\" \/>\n<link rel=\"canonical\" href=\"https:\/\/www.stikla-serviss.lv\/en\/product\/glass-doors-sauna-door-etna\/\" \/>\n<meta property=\"og:locale\" content=\"en_US\" \/>\n<meta property=\"og:type\" content=\"article\" \/>\n<meta property=\"og:title\" content=\"GLASS DOORS- SAUNA DOOR - ETNA - STIKLA SERVISS\" \/>\n<meta property=\"og:description\" content=\"GLASS DOORS- SAUNA DOOR - ETNA - STIKLA SERVISS\" \/>\n<meta property=\"og:url\" content=\"https:\/\/www.stikla-serviss.lv\/en\/product\/glass-doors-sauna-door-etna\/\" \/>\n<meta property=\"og:site_name\" content=\"STIKLA SERVISS\" \/>\n<meta property=\"article:modified_time\" content=\"2025-06-17T13:25:31+00:00\" \/>\n<meta property=\"og:image\" content=\"https:\/\/www.stikla-serviss.lv\/wp-content\/uploads\/2023\/11\/image001-6-1.png\" \/>\n\t<meta property=\"og:image:width\" content=\"468\" \/>\n\t<meta property=\"og:image:height\" content=\"512\" \/>\n\t<meta property=\"og:image:type\" content=\"image\/png\" \/>\n<meta name=\"twitter:card\" content=\"summary_large_image\" \/>\n<meta name=\"twitter:label1\" content=\"Est. reading time\" \/>\n\t<meta name=\"twitter:data1\" content=\"1 minute\" \/>\n<script type=\"application\/ld+json\" class=\"yoast-schema-graph\">{\"@context\":\"https:\/\/schema.org\",\"@graph\":[{\"@type\":\"WebPage\",\"@id\":\"https:\/\/www.stikla-serviss.lv\/en\/product\/glass-doors-sauna-door-etna\/\",\"url\":\"https:\/\/www.stikla-serviss.lv\/en\/product\/glass-doors-sauna-door-etna\/\",\"name\":\"GLASS DOORS- SAUNA DOOR - ETNA - STIKLA SERVISS\",\"isPartOf\":{\"@id\":\"https:\/\/www.stikla-serviss.lv\/en\/#website\"},\"primaryImageOfPage\":{\"@id\":\"https:\/\/www.stikla-serviss.lv\/en\/product\/glass-doors-sauna-door-etna\/#primaryimage\"},\"image\":{\"@id\":\"https:\/\/www.stikla-serviss.lv\/en\/product\/glass-doors-sauna-door-etna\/#primaryimage\"},\"thumbnailUrl\":\"https:\/\/www.stikla-serviss.lv\/wp-content\/uploads\/2023\/11\/image001-6-1.png\",\"datePublished\":\"2023-11-24T10:42:45+00:00\",\"dateModified\":\"2025-06-17T13:25:31+00:00\",\"description\":\"GLASS DOORS- SAUNA DOOR - ETNA - STIKLA SERVISS\",\"breadcrumb\":{\"@id\":\"https:\/\/www.stikla-serviss.lv\/en\/product\/glass-doors-sauna-door-etna\/#breadcrumb\"},\"inLanguage\":\"en-US\",\"potentialAction\":[{\"@type\":\"ReadAction\",\"target\":[\"https:\/\/www.stikla-serviss.lv\/en\/product\/glass-doors-sauna-door-etna\/\"]}]},{\"@type\":\"ImageObject\",\"inLanguage\":\"en-US\",\"@id\":\"https:\/\/www.stikla-serviss.lv\/en\/product\/glass-doors-sauna-door-etna\/#primaryimage\",\"url\":\"https:\/\/www.stikla-serviss.lv\/wp-content\/uploads\/2023\/11\/image001-6-1.png\",\"contentUrl\":\"https:\/\/www.stikla-serviss.lv\/wp-content\/uploads\/2023\/11\/image001-6-1.png\",\"width\":468,\"height\":512},{\"@type\":\"BreadcrumbList\",\"@id\":\"https:\/\/www.stikla-serviss.lv\/en\/product\/glass-doors-sauna-door-etna\/#breadcrumb\",\"itemListElement\":[{\"@type\":\"ListItem\",\"position\":1,\"name\":\"Home\",\"item\":\"https:\/\/www.stikla-serviss.lv\/en\/\"},{\"@type\":\"ListItem\",\"position\":2,\"name\":\"PRODUCTS\",\"item\":\"https:\/\/www.stikla-serviss.lv\/en\/produkti\/\"},{\"@type\":\"ListItem\",\"position\":3,\"name\":\"GLASS DOORS- SAUNA DOOR &#8211; ETNA\"}]},{\"@type\":\"WebSite\",\"@id\":\"https:\/\/www.stikla-serviss.lv\/en\/#website\",\"url\":\"https:\/\/www.stikla-serviss.lv\/en\/\",\"name\":\"STIKLA SERVISS\",\"description\":\"Stikla tirdzniec\u012bbas un stikla izstr\u0101d\u0101jumu ra\u017eo\u0161anas uz\u0146\u0113mums\",\"publisher\":{\"@id\":\"https:\/\/www.stikla-serviss.lv\/en\/#organization\"},\"potentialAction\":[{\"@type\":\"SearchAction\",\"target\":{\"@type\":\"EntryPoint\",\"urlTemplate\":\"https:\/\/www.stikla-serviss.lv\/en\/?s={search_term_string}\"},\"query-input\":{\"@type\":\"PropertyValueSpecification\",\"valueRequired\":true,\"valueName\":\"search_term_string\"}}],\"inLanguage\":\"en-US\"},{\"@type\":\"Organization\",\"@id\":\"https:\/\/www.stikla-serviss.lv\/en\/#organization\",\"name\":\"SIA \\\"STIKLA SERVISS\\\"\",\"url\":\"https:\/\/www.stikla-serviss.lv\/en\/\",\"logo\":{\"@type\":\"ImageObject\",\"inLanguage\":\"en-US\",\"@id\":\"https:\/\/www.stikla-serviss.lv\/en\/#\/schema\/logo\/image\/\",\"url\":\"https:\/\/www.stikla-serviss.lv\/wp-content\/uploads\/2020\/07\/LOGO-ISTS.jpg\",\"contentUrl\":\"https:\/\/www.stikla-serviss.lv\/wp-content\/uploads\/2020\/07\/LOGO-ISTS.jpg\",\"width\":1860,\"height\":817,\"caption\":\"SIA \\\"STIKLA SERVISS\\\"\"},\"image\":{\"@id\":\"https:\/\/www.stikla-serviss.lv\/en\/#\/schema\/logo\/image\/\"}}]}<\/script>\n<!-- \/ Yoast SEO plugin. -->","yoast_head_json":{"title":"GLASS DOORS- SAUNA DOOR - ETNA - STIKLA SERVISS","description":"GLASS DOORS- SAUNA DOOR - ETNA - STIKLA SERVISS","robots":{"index":"index","follow":"follow","max-snippet":"max-snippet:-1","max-image-preview":"max-image-preview:large","max-video-preview":"max-video-preview:-1"},"canonical":"https:\/\/www.stikla-serviss.lv\/en\/product\/glass-doors-sauna-door-etna\/","og_locale":"en_US","og_type":"article","og_title":"GLASS DOORS- SAUNA DOOR - ETNA - STIKLA SERVISS","og_description":"GLASS DOORS- SAUNA DOOR - ETNA - STIKLA SERVISS","og_url":"https:\/\/www.stikla-serviss.lv\/en\/product\/glass-doors-sauna-door-etna\/","og_site_name":"STIKLA SERVISS","article_modified_time":"2025-06-17T13:25:31+00:00","og_image":[{"width":468,"height":512,"url":"https:\/\/www.stikla-serviss.lv\/wp-content\/uploads\/2023\/11\/image001-6-1.png","type":"image\/png"}],"twitter_card":"summary_large_image","twitter_misc":{"Est. reading time":"1 minute"},"schema":{"@context":"https:\/\/schema.org","@graph":[{"@type":"WebPage","@id":"https:\/\/www.stikla-serviss.lv\/en\/product\/glass-doors-sauna-door-etna\/","url":"https:\/\/www.stikla-serviss.lv\/en\/product\/glass-doors-sauna-door-etna\/","name":"GLASS DOORS- SAUNA DOOR - ETNA - STIKLA SERVISS","isPartOf":{"@id":"https:\/\/www.stikla-serviss.lv\/en\/#website"},"primaryImageOfPage":{"@id":"https:\/\/www.stikla-serviss.lv\/en\/product\/glass-doors-sauna-door-etna\/#primaryimage"},"image":{"@id":"https:\/\/www.stikla-serviss.lv\/en\/product\/glass-doors-sauna-door-etna\/#primaryimage"},"thumbnailUrl":"https:\/\/www.stikla-serviss.lv\/wp-content\/uploads\/2023\/11\/image001-6-1.png","datePublished":"2023-11-24T10:42:45+00:00","dateModified":"2025-06-17T13:25:31+00:00","description":"GLASS DOORS- SAUNA DOOR - ETNA - STIKLA SERVISS","breadcrumb":{"@id":"https:\/\/www.stikla-serviss.lv\/en\/product\/glass-doors-sauna-door-etna\/#breadcrumb"},"inLanguage":"en-US","potentialAction":[{"@type":"ReadAction","target":["https:\/\/www.stikla-serviss.lv\/en\/product\/glass-doors-sauna-door-etna\/"]}]},{"@type":"ImageObject","inLanguage":"en-US","@id":"https:\/\/www.stikla-serviss.lv\/en\/product\/glass-doors-sauna-door-etna\/#primaryimage","url":"https:\/\/www.stikla-serviss.lv\/wp-content\/uploads\/2023\/11\/image001-6-1.png","contentUrl":"https:\/\/www.stikla-serviss.lv\/wp-content\/uploads\/2023\/11\/image001-6-1.png","width":468,"height":512},{"@type":"BreadcrumbList","@id":"https:\/\/www.stikla-serviss.lv\/en\/product\/glass-doors-sauna-door-etna\/#breadcrumb","itemListElement":[{"@type":"ListItem","position":1,"name":"Home","item":"https:\/\/www.stikla-serviss.lv\/en\/"},{"@type":"ListItem","position":2,"name":"PRODUCTS","item":"https:\/\/www.stikla-serviss.lv\/en\/produkti\/"},{"@type":"ListItem","position":3,"name":"GLASS DOORS- SAUNA DOOR &#8211; ETNA"}]},{"@type":"WebSite","@id":"https:\/\/www.stikla-serviss.lv\/en\/#website","url":"https:\/\/www.stikla-serviss.lv\/en\/","name":"STIKLA SERVISS","description":"Stikla tirdzniec\u012bbas un stikla izstr\u0101d\u0101jumu ra\u017eo\u0161anas uz\u0146\u0113mums","publisher":{"@id":"https:\/\/www.stikla-serviss.lv\/en\/#organization"},"potentialAction":[{"@type":"SearchAction","target":{"@type":"EntryPoint","urlTemplate":"https:\/\/www.stikla-serviss.lv\/en\/?s={search_term_string}"},"query-input":{"@type":"PropertyValueSpecification","valueRequired":true,"valueName":"search_term_string"}}],"inLanguage":"en-US"},{"@type":"Organization","@id":"https:\/\/www.stikla-serviss.lv\/en\/#organization","name":"SIA \"STIKLA SERVISS\"","url":"https:\/\/www.stikla-serviss.lv\/en\/","logo":{"@type":"ImageObject","inLanguage":"en-US","@id":"https:\/\/www.stikla-serviss.lv\/en\/#\/schema\/logo\/image\/","url":"https:\/\/www.stikla-serviss.lv\/wp-content\/uploads\/2020\/07\/LOGO-ISTS.jpg","contentUrl":"https:\/\/www.stikla-serviss.lv\/wp-content\/uploads\/2020\/07\/LOGO-ISTS.jpg","width":1860,"height":817,"caption":"SIA \"STIKLA SERVISS\""},"image":{"@id":"https:\/\/www.stikla-serviss.lv\/en\/#\/schema\/logo\/image\/"}}]}},"_links":{"self":[{"href":"https:\/\/www.stikla-serviss.lv\/en\/wp-json\/wp\/v2\/product\/41400","targetHints":{"allow":["GET"]}}],"collection":[{"href":"https:\/\/www.stikla-serviss.lv\/en\/wp-json\/wp\/v2\/product"}],"about":[{"href":"https:\/\/www.stikla-serviss.lv\/en\/wp-json\/wp\/v2\/types\/product"}],"wp:featuredmedia":[{"embeddable":true,"href":"https:\/\/www.stikla-serviss.lv\/en\/wp-json\/wp\/v2\/media\/59390"}],"wp:attachment":[{"href":"https:\/\/www.stikla-serviss.lv\/en\/wp-json\/wp\/v2\/media?parent=41400"}],"wp:term":[{"taxonomy":"product_brand","embeddable":true,"href":"https:\/\/www.stikla-serviss.lv\/en\/wp-json\/wp\/v2\/product_brand?post=41400"},{"taxonomy":"product_cat","embeddable":true,"href":"https:\/\/www.stikla-serviss.lv\/en\/wp-json\/wp\/v2\/product_cat?post=41400"},{"taxonomy":"product_tag","embeddable":true,"href":"https:\/\/www.stikla-serviss.lv\/en\/wp-json\/wp\/v2\/product_tag?post=41400"}],"curies":[{"name":"wp","href":"https:\/\/api.w.org\/{rel}","templated":true}]}}