{"id":47487,"date":"2024-02-13T12:13:11","date_gmt":"2024-02-13T10:13:11","guid":{"rendered":"https:\/\/www.stikla-serviss.lv\/?post_type=product&#038;p=47487"},"modified":"2025-12-22T13:04:18","modified_gmt":"2025-12-22T11:04:18","slug":"shower-door-stella","status":"publish","type":"product","link":"https:\/\/www.stikla-serviss.lv\/en\/product\/shower-door-stella\/","title":{"rendered":"SHOWER DOOR<p>STELLA<\/p>"},"content":{"rendered":"<table style=\"border-collapse: collapse; width: 100%; height: 139px;\" border=\"0\" cellspacing=\"0\" cellpadding=\"0\">\n<colgroup>\n<col width=\"52\" \/>\n<col width=\"103\" \/>\n<col width=\"119\" \/>\n<col width=\"149\" \/>\n<col width=\"103\" \/>\n<col width=\"77\" \/>\n<col width=\"112\" \/>\n<col width=\"80\" \/>\n<col width=\"137\" \/>\n<col width=\"85\" \/><\/colgroup>\n<tbody>\n<tr style=\"background-color: #999999;\">\n<td class=\"xl77\" style=\"text-align: center; width: 11.4478%; height: 43px;\"><span style=\"color: #ffffff;\">Code<\/span><\/td>\n<td class=\"xl77\" style=\"text-align: center; width: 7.07075%; height: 43px;\"><span style=\"color: #ffffff;\">Height (mm)<\/span><\/td>\n<td class=\"xl77\" style=\"text-align: center; width: 14.9832%; height: 43px;\"><span style=\"color: #ffffff;\">Adjustment A (mm)<\/span><\/td>\n<td class=\"xl77\" style=\"text-align: center; width: 14.8148%; height: 43px;\"><span style=\"color: #ffffff;\">Entrance width A1\u00a0 (mm)<\/span><\/td>\n<td class=\"xl65\" style=\"text-align: center; width: 9.76431%; height: 43px;\"><span style=\"color: #ffffff;\">Clear<\/span><\/td>\n<td class=\"xl65\" style=\"text-align: center; width: 9.59596%; height: 43px;\"><span style=\"color: #ffffff;\">Bronze or Gray<\/span><\/td>\n<td class=\"xl65\" style=\"text-align: center; width: 10.4377%; height: 43px;\"><span style=\"color: #ffffff;\">Matte White \/ Crepi<\/span><\/td>\n<td style=\"text-align: center; width: 9.76431%; height: 43px;\"><span style=\"color: #ffffff;\">Matte Bronze \/ Gray \/ Extra Clear<\/span><\/td>\n<td class=\"xl65\" style=\"text-align: center; width: 11.9529%; height: 43px;\"><span style=\"color: #ffffff;\">Matte extra clear <span style=\"font-size: 90%; color: #ffffff;\"> \/ Mirror \/ Linea<\/span><\/span><\/td>\n<\/tr>\n<tr style=\"height: 25px;\">\n<td style=\"width: 11.4478%; text-align: center; height: 25px;\" width=\"89\"><span style=\"font-size: 90%;\">60STE<\/span><\/td>\n<td class=\"xl79\" style=\"width: 7.07075%; text-align: center; height: 25px;\" align=\"right\" width=\"103\"><span style=\"font-size: 90%;\">2000<\/span><\/td>\n<td style=\"width: 14.9832%; text-align: center; height: 25px;\" width=\"66\"><span style=\"font-size: 90%;\">595-600<\/span><\/td>\n<td style=\"width: 14.8148%; text-align: center; height: 25px;\" width=\"66\"><span style=\"font-size: 90%;\">530<\/span><\/td>\n<td style=\"width: 9.76431%; text-align: center;\" width=\"66\">\u20ac371<\/td>\n<td style=\"width: 9.59596%; text-align: center;\" width=\"66\">\u20ac393<\/td>\n<td style=\"width: 10.4377%; text-align: center;\" width=\"73\">\u20ac439<\/td>\n<td style=\"width: 9.76431%; text-align: center;\" width=\"73\">\u20ac471<\/td>\n<td style=\"width: 11.9529%; text-align: center;\" width=\"72\">\u20ac543<\/td>\n<\/tr>\n<tr style=\"height: 25px;\">\n<td style=\"width: 11.4478%; text-align: center; height: 25px;\" width=\"89\"><span style=\"font-size: 90%;\">70STE<\/span><\/td>\n<td class=\"xl79\" style=\"width: 7.07075%; text-align: center; height: 25px;\" align=\"right\" width=\"103\"><span style=\"font-size: 90%;\">2000<\/span><\/td>\n<td style=\"width: 14.9832%; text-align: center; height: 25px;\" width=\"66\"><span style=\"font-size: 90%;\">695-700<\/span><\/td>\n<td style=\"width: 14.8148%; text-align: center; height: 25px;\" width=\"66\"><span style=\"font-size: 90%;\">630<\/span><\/td>\n<td style=\"width: 9.76431%; text-align: center;\" width=\"66\">\u20ac383<\/td>\n<td style=\"width: 9.59596%; text-align: center;\" width=\"66\">\u20ac405<\/td>\n<td style=\"width: 10.4377%; text-align: center;\" width=\"73\">\u20ac451<\/td>\n<td style=\"width: 9.76431%; text-align: center;\" width=\"73\">\u20ac482<\/td>\n<td style=\"width: 11.9529%; text-align: center;\" width=\"72\">\u20ac555<\/td>\n<\/tr>\n<tr style=\"height: 25px;\">\n<td style=\"width: 11.4478%; text-align: center; height: 25px;\" width=\"89\"><span style=\"font-size: 90%;\">80STE<\/span><\/td>\n<td class=\"xl79\" style=\"width: 7.07075%; text-align: center; height: 25px;\" align=\"right\" width=\"103\"><span style=\"font-size: 90%;\">2000<\/span><\/td>\n<td style=\"width: 14.9832%; text-align: center; height: 25px;\" width=\"66\"><span style=\"font-size: 90%;\">795-800<\/span><\/td>\n<td style=\"width: 14.8148%; text-align: center; height: 25px;\" width=\"66\"><span style=\"font-size: 90%;\">730<\/span><\/td>\n<td style=\"width: 9.76431%; text-align: center;\" width=\"66\">\u20ac394<\/td>\n<td style=\"width: 9.59596%; text-align: center;\" width=\"66\">\u20ac416<\/td>\n<td style=\"width: 10.4377%; text-align: center;\" width=\"73\">\u20ac462<\/td>\n<td style=\"width: 9.76431%; text-align: center;\" width=\"73\">\u20ac493<\/td>\n<td style=\"width: 11.9529%; text-align: center;\" width=\"72\">\u20ac567<\/td>\n<\/tr>\n<tr style=\"height: 21px;\">\n<td style=\"width: 11.4478%; text-align: center; height: 21px;\" width=\"89\"><span style=\"font-size: 90%;\">90STE<\/span><\/td>\n<td class=\"xl79\" style=\"width: 7.07075%; text-align: center; height: 21px;\" align=\"right\" width=\"103\"><span style=\"font-size: 90%;\">2000<\/span><\/td>\n<td style=\"width: 14.9832%; text-align: center; height: 21px;\" width=\"66\"><span style=\"font-size: 90%;\">895-900<\/span><\/td>\n<td style=\"width: 14.8148%; text-align: center; height: 21px;\" width=\"66\"><span style=\"font-size: 90%;\">830<\/span><\/td>\n<td style=\"width: 9.76431%; text-align: center;\" width=\"66\">\u20ac405<\/td>\n<td style=\"width: 9.59596%; text-align: center;\" width=\"66\">\u20ac427<\/td>\n<td style=\"width: 10.4377%; text-align: center;\" width=\"73\">\u20ac473<\/td>\n<td style=\"width: 9.76431%; text-align: center;\" width=\"73\">\u20ac504<\/td>\n<td style=\"width: 11.9529%; text-align: center;\" width=\"72\">\u20ac580<\/td>\n<\/tr>\n<\/tbody>\n<\/table>\n<p>*All prices include VAT.<\/p>\n","protected":false},"excerpt":{"rendered":"<div id='gallery-1' class='gallery galleryid-47487 gallery-columns-6 gallery-size-thumbnail'><figure class='gallery-item'>\n\t\t\t<div class='gallery-icon landscape'>\n\t\t\t\t<img width=\"280\" height=\"280\" src=\"https:\/\/www.stikla-serviss.lv\/wp-content\/uploads\/2020\/07\/ss_pic-01-280x280.png\" class=\"attachment-thumbnail size-thumbnail\" alt=\"\" decoding=\"async\" loading=\"lazy\" srcset=\"https:\/\/www.stikla-serviss.lv\/wp-content\/uploads\/2020\/07\/ss_pic-01-280x280.png 280w, https:\/\/www.stikla-serviss.lv\/wp-content\/uploads\/2020\/07\/ss_pic-01-100x100.png 100w, https:\/\/www.stikla-serviss.lv\/wp-content\/uploads\/2020\/07\/ss_pic-01-510x509.png 510w, https:\/\/www.stikla-serviss.lv\/wp-content\/uploads\/2020\/07\/ss_pic-01-401x400.png 401w, https:\/\/www.stikla-serviss.lv\/wp-content\/uploads\/2020\/07\/ss_pic-01-32x32.png 32w, https:\/\/www.stikla-serviss.lv\/wp-content\/uploads\/2020\/07\/ss_pic-01-e1718282085458.png 80w\" sizes=\"auto, (max-width: 280px) 100vw, 280px\" \/>\n\t\t\t<\/div><\/figure><figure class='gallery-item'>\n\t\t\t<div class='gallery-icon landscape'>\n\t\t\t\t<img width=\"280\" height=\"280\" src=\"https:\/\/www.stikla-serviss.lv\/wp-content\/uploads\/2020\/07\/ss_pic-03-280x280.png\" class=\"attachment-thumbnail size-thumbnail\" alt=\"\" decoding=\"async\" loading=\"lazy\" srcset=\"https:\/\/www.stikla-serviss.lv\/wp-content\/uploads\/2020\/07\/ss_pic-03-280x280.png 280w, https:\/\/www.stikla-serviss.lv\/wp-content\/uploads\/2020\/07\/ss_pic-03-401x400.png 401w, https:\/\/www.stikla-serviss.lv\/wp-content\/uploads\/2020\/07\/ss_pic-03-300x300.png 300w, https:\/\/www.stikla-serviss.lv\/wp-content\/uploads\/2020\/07\/ss_pic-03-100x100.png 100w, https:\/\/www.stikla-serviss.lv\/wp-content\/uploads\/2020\/07\/ss_pic-03-32x32.png 32w, https:\/\/www.stikla-serviss.lv\/wp-content\/uploads\/2020\/07\/ss_pic-03-e1604331865897.png 80w\" sizes=\"auto, (max-width: 280px) 100vw, 280px\" \/>\n\t\t\t<\/div><\/figure><figure class='gallery-item'>\n\t\t\t<div class='gallery-icon landscape'>\n\t\t\t\t<img width=\"280\" height=\"280\" src=\"https:\/\/www.stikla-serviss.lv\/wp-content\/uploads\/2020\/07\/ss_pic-09-280x280.png\" class=\"attachment-thumbnail size-thumbnail\" alt=\"\" decoding=\"async\" loading=\"lazy\" srcset=\"https:\/\/www.stikla-serviss.lv\/wp-content\/uploads\/2020\/07\/ss_pic-09-280x280.png 280w, https:\/\/www.stikla-serviss.lv\/wp-content\/uploads\/2020\/07\/ss_pic-09-400x400.png 400w, https:\/\/www.stikla-serviss.lv\/wp-content\/uploads\/2020\/07\/ss_pic-09-300x300.png 300w, https:\/\/www.stikla-serviss.lv\/wp-content\/uploads\/2020\/07\/ss_pic-09-100x100.png 100w, https:\/\/www.stikla-serviss.lv\/wp-content\/uploads\/2020\/07\/ss_pic-09-32x32.png 32w, https:\/\/www.stikla-serviss.lv\/wp-content\/uploads\/2020\/07\/ss_pic-09-e1604331937629.png 80w\" sizes=\"auto, (max-width: 280px) 100vw, 280px\" \/>\n\t\t\t<\/div><\/figure><figure class='gallery-item'>\n\t\t\t<div class='gallery-icon landscape'>\n\t\t\t\t<img width=\"280\" height=\"280\" src=\"https:\/\/www.stikla-serviss.lv\/wp-content\/uploads\/2020\/07\/ss_pic-13-280x280.png\" class=\"attachment-thumbnail size-thumbnail\" alt=\"\" decoding=\"async\" loading=\"lazy\" srcset=\"https:\/\/www.stikla-serviss.lv\/wp-content\/uploads\/2020\/07\/ss_pic-13-280x280.png 280w, https:\/\/www.stikla-serviss.lv\/wp-content\/uploads\/2020\/07\/ss_pic-13-400x400.png 400w, https:\/\/www.stikla-serviss.lv\/wp-content\/uploads\/2020\/07\/ss_pic-13-300x300.png 300w, https:\/\/www.stikla-serviss.lv\/wp-content\/uploads\/2020\/07\/ss_pic-13-100x100.png 100w, https:\/\/www.stikla-serviss.lv\/wp-content\/uploads\/2020\/07\/ss_pic-13-32x32.png 32w, https:\/\/www.stikla-serviss.lv\/wp-content\/uploads\/2020\/07\/ss_pic-13-e1604331986104.png 80w\" sizes=\"auto, (max-width: 280px) 100vw, 280px\" \/>\n\t\t\t<\/div><\/figure><figure class='gallery-item'>\n\t\t\t<div class='gallery-icon landscape'>\n\t\t\t\t<img width=\"280\" height=\"280\" src=\"https:\/\/www.stikla-serviss.lv\/wp-content\/uploads\/2020\/07\/ss_pic-07-280x280.png\" class=\"attachment-thumbnail size-thumbnail\" alt=\"\" decoding=\"async\" loading=\"lazy\" srcset=\"https:\/\/www.stikla-serviss.lv\/wp-content\/uploads\/2020\/07\/ss_pic-07-280x280.png 280w, https:\/\/www.stikla-serviss.lv\/wp-content\/uploads\/2020\/07\/ss_pic-07-400x400.png 400w, https:\/\/www.stikla-serviss.lv\/wp-content\/uploads\/2020\/07\/ss_pic-07-300x300.png 300w, https:\/\/www.stikla-serviss.lv\/wp-content\/uploads\/2020\/07\/ss_pic-07-100x100.png 100w, https:\/\/www.stikla-serviss.lv\/wp-content\/uploads\/2020\/07\/ss_pic-07-32x32.png 32w, https:\/\/www.stikla-serviss.lv\/wp-content\/uploads\/2020\/07\/ss_pic-07-e1604331916526.png 80w\" sizes=\"auto, (max-width: 280px) 100vw, 280px\" \/>\n\t\t\t<\/div><\/figure><figure class='gallery-item'>\n\t\t\t<div class='gallery-icon landscape'>\n\t\t\t\t<img width=\"280\" height=\"280\" src=\"https:\/\/www.stikla-serviss.lv\/wp-content\/uploads\/2020\/07\/ss_pic-04-280x280.png\" class=\"attachment-thumbnail size-thumbnail\" alt=\"\" decoding=\"async\" loading=\"lazy\" srcset=\"https:\/\/www.stikla-serviss.lv\/wp-content\/uploads\/2020\/07\/ss_pic-04-280x280.png 280w, https:\/\/www.stikla-serviss.lv\/wp-content\/uploads\/2020\/07\/ss_pic-04-400x400.png 400w, https:\/\/www.stikla-serviss.lv\/wp-content\/uploads\/2020\/07\/ss_pic-04-300x300.png 300w, https:\/\/www.stikla-serviss.lv\/wp-content\/uploads\/2020\/07\/ss_pic-04-100x100.png 100w, https:\/\/www.stikla-serviss.lv\/wp-content\/uploads\/2020\/07\/ss_pic-04-32x32.png 32w, https:\/\/www.stikla-serviss.lv\/wp-content\/uploads\/2020\/07\/ss_pic-04-e1604331879773.png 80w\" sizes=\"auto, (max-width: 280px) 100vw, 280px\" \/>\n\t\t\t<\/div><\/figure><figure class='gallery-item'>\n\t\t\t<div class='gallery-icon landscape'>\n\t\t\t\t<img width=\"280\" height=\"280\" src=\"https:\/\/www.stikla-serviss.lv\/wp-content\/uploads\/2020\/07\/ss_pic-11-280x280.png\" class=\"attachment-thumbnail size-thumbnail\" alt=\"\" decoding=\"async\" loading=\"lazy\" srcset=\"https:\/\/www.stikla-serviss.lv\/wp-content\/uploads\/2020\/07\/ss_pic-11-280x280.png 280w, https:\/\/www.stikla-serviss.lv\/wp-content\/uploads\/2020\/07\/ss_pic-11-399x400.png 399w, https:\/\/www.stikla-serviss.lv\/wp-content\/uploads\/2020\/07\/ss_pic-11-300x300.png 300w, https:\/\/www.stikla-serviss.lv\/wp-content\/uploads\/2020\/07\/ss_pic-11-100x100.png 100w, https:\/\/www.stikla-serviss.lv\/wp-content\/uploads\/2020\/07\/ss_pic-11-32x32.png 32w, https:\/\/www.stikla-serviss.lv\/wp-content\/uploads\/2020\/07\/ss_pic-11-e1604331963655.png 80w\" sizes=\"auto, (max-width: 280px) 100vw, 280px\" \/>\n\t\t\t<\/div><\/figure><figure class='gallery-item'>\n\t\t\t<div class='gallery-icon landscape'>\n\t\t\t\t<img width=\"280\" height=\"280\" src=\"https:\/\/www.stikla-serviss.lv\/wp-content\/uploads\/2020\/12\/ch_ral--280x280.png\" class=\"attachment-thumbnail size-thumbnail\" alt=\"\" decoding=\"async\" loading=\"lazy\" srcset=\"https:\/\/www.stikla-serviss.lv\/wp-content\/uploads\/2020\/12\/ch_ral--280x280.png 280w, https:\/\/www.stikla-serviss.lv\/wp-content\/uploads\/2020\/12\/ch_ral--100x100.png 100w, https:\/\/www.stikla-serviss.lv\/wp-content\/uploads\/2020\/12\/ch_ral--510x510.png 510w, https:\/\/www.stikla-serviss.lv\/wp-content\/uploads\/2020\/12\/ch_ral--400x400.png 400w, https:\/\/www.stikla-serviss.lv\/wp-content\/uploads\/2020\/12\/ch_ral--32x32.png 32w, https:\/\/www.stikla-serviss.lv\/wp-content\/uploads\/2020\/12\/ch_ral-.png 592w\" sizes=\"auto, (max-width: 280px) 100vw, 280px\" \/>\n\t\t\t<\/div><\/figure>\n\t\t<\/div>\n\n<p><img loading=\"lazy\" decoding=\"async\" class=\"alignnone wp-image-5261 size-full\" src=\"https:\/\/www.stikla-serviss.lv\/wp-content\/uploads\/2020\/12\/durvis.jpg\" alt=\"\" width=\"179\" height=\"208\" srcset=\"https:\/\/www.stikla-serviss.lv\/wp-content\/uploads\/2020\/12\/durvis.jpg 179w, https:\/\/www.stikla-serviss.lv\/wp-content\/uploads\/2020\/12\/durvis-28x32.jpg 28w\" sizes=\"auto, (max-width: 179px) 100vw, 179px\" \/><\/p>\n","protected":false},"featured_media":47097,"template":"","meta":[],"product_brand":[],"product_cat":[246,247],"product_tag":[],"class_list":{"0":"post-47487","1":"product","2":"type-product","3":"status-publish","4":"has-post-thumbnail","6":"product_cat-shower-enclosures-and-bath-screens","7":"product_cat-shower-doors","9":"first","10":"instock","11":"shipping-taxable","12":"product-type-simple"},"yoast_head":"<!-- This site is optimized with the Yoast SEO plugin v27.1.1 - https:\/\/yoast.com\/product\/yoast-seo-wordpress\/ -->\n<title>SHOWER DOORSTELLA - STIKLA SERVISS<\/title>\n<meta name=\"description\" content=\"SHOWER DOORSTELLA - STIKLA SERVISS\" \/>\n<meta name=\"robots\" content=\"index, follow, max-snippet:-1, max-image-preview:large, max-video-preview:-1\" \/>\n<link rel=\"canonical\" href=\"https:\/\/www.stikla-serviss.lv\/en\/product\/shower-door-stella\/\" \/>\n<meta property=\"og:locale\" content=\"en_US\" \/>\n<meta property=\"og:type\" content=\"article\" \/>\n<meta property=\"og:title\" content=\"SHOWER DOORSTELLA - STIKLA SERVISS\" \/>\n<meta property=\"og:description\" content=\"SHOWER DOORSTELLA - STIKLA SERVISS\" \/>\n<meta property=\"og:url\" content=\"https:\/\/www.stikla-serviss.lv\/en\/product\/shower-door-stella\/\" \/>\n<meta property=\"og:site_name\" content=\"STIKLA SERVISS\" \/>\n<meta property=\"article:modified_time\" content=\"2025-12-22T11:04:18+00:00\" \/>\n<meta property=\"og:image\" content=\"https:\/\/www.stikla-serviss.lv\/wp-content\/uploads\/2024\/02\/Stella-Chrome-web-2-scaled-e1708436231178.jpg\" \/>\n\t<meta property=\"og:image:width\" content=\"1800\" \/>\n\t<meta property=\"og:image:height\" content=\"1923\" \/>\n\t<meta property=\"og:image:type\" content=\"image\/jpeg\" \/>\n<meta name=\"twitter:card\" content=\"summary_large_image\" \/>\n<meta name=\"twitter:label1\" content=\"Est. reading time\" \/>\n\t<meta name=\"twitter:data1\" content=\"1 minute\" \/>\n<script type=\"application\/ld+json\" class=\"yoast-schema-graph\">{\"@context\":\"https:\/\/schema.org\",\"@graph\":[{\"@type\":\"WebPage\",\"@id\":\"https:\/\/www.stikla-serviss.lv\/en\/product\/shower-door-stella\/\",\"url\":\"https:\/\/www.stikla-serviss.lv\/en\/product\/shower-door-stella\/\",\"name\":\"SHOWER DOORSTELLA - STIKLA SERVISS\",\"isPartOf\":{\"@id\":\"https:\/\/www.stikla-serviss.lv\/en\/#website\"},\"primaryImageOfPage\":{\"@id\":\"https:\/\/www.stikla-serviss.lv\/en\/product\/shower-door-stella\/#primaryimage\"},\"image\":{\"@id\":\"https:\/\/www.stikla-serviss.lv\/en\/product\/shower-door-stella\/#primaryimage\"},\"thumbnailUrl\":\"https:\/\/www.stikla-serviss.lv\/wp-content\/uploads\/2024\/02\/Stella-Chrome-web-2-scaled-e1708436231178.jpg\",\"datePublished\":\"2024-02-13T10:13:11+00:00\",\"dateModified\":\"2025-12-22T11:04:18+00:00\",\"description\":\"SHOWER DOORSTELLA - STIKLA SERVISS\",\"breadcrumb\":{\"@id\":\"https:\/\/www.stikla-serviss.lv\/en\/product\/shower-door-stella\/#breadcrumb\"},\"inLanguage\":\"en-US\",\"potentialAction\":[{\"@type\":\"ReadAction\",\"target\":[\"https:\/\/www.stikla-serviss.lv\/en\/product\/shower-door-stella\/\"]}]},{\"@type\":\"ImageObject\",\"inLanguage\":\"en-US\",\"@id\":\"https:\/\/www.stikla-serviss.lv\/en\/product\/shower-door-stella\/#primaryimage\",\"url\":\"https:\/\/www.stikla-serviss.lv\/wp-content\/uploads\/2024\/02\/Stella-Chrome-web-2-scaled-e1708436231178.jpg\",\"contentUrl\":\"https:\/\/www.stikla-serviss.lv\/wp-content\/uploads\/2024\/02\/Stella-Chrome-web-2-scaled-e1708436231178.jpg\",\"width\":1800,\"height\":1923},{\"@type\":\"BreadcrumbList\",\"@id\":\"https:\/\/www.stikla-serviss.lv\/en\/product\/shower-door-stella\/#breadcrumb\",\"itemListElement\":[{\"@type\":\"ListItem\",\"position\":1,\"name\":\"Home\",\"item\":\"https:\/\/www.stikla-serviss.lv\/en\/\"},{\"@type\":\"ListItem\",\"position\":2,\"name\":\"PRODUCTS\",\"item\":\"https:\/\/www.stikla-serviss.lv\/en\/produkti\/\"},{\"@type\":\"ListItem\",\"position\":3,\"name\":\"SHOWER DOORSTELLA\"}]},{\"@type\":\"WebSite\",\"@id\":\"https:\/\/www.stikla-serviss.lv\/en\/#website\",\"url\":\"https:\/\/www.stikla-serviss.lv\/en\/\",\"name\":\"STIKLA SERVISS\",\"description\":\"Stikla tirdzniec\u012bbas un stikla izstr\u0101d\u0101jumu ra\u017eo\u0161anas uz\u0146\u0113mums\",\"publisher\":{\"@id\":\"https:\/\/www.stikla-serviss.lv\/en\/#organization\"},\"potentialAction\":[{\"@type\":\"SearchAction\",\"target\":{\"@type\":\"EntryPoint\",\"urlTemplate\":\"https:\/\/www.stikla-serviss.lv\/en\/?s={search_term_string}\"},\"query-input\":{\"@type\":\"PropertyValueSpecification\",\"valueRequired\":true,\"valueName\":\"search_term_string\"}}],\"inLanguage\":\"en-US\"},{\"@type\":\"Organization\",\"@id\":\"https:\/\/www.stikla-serviss.lv\/en\/#organization\",\"name\":\"SIA \\\"STIKLA SERVISS\\\"\",\"url\":\"https:\/\/www.stikla-serviss.lv\/en\/\",\"logo\":{\"@type\":\"ImageObject\",\"inLanguage\":\"en-US\",\"@id\":\"https:\/\/www.stikla-serviss.lv\/en\/#\/schema\/logo\/image\/\",\"url\":\"https:\/\/www.stikla-serviss.lv\/wp-content\/uploads\/2020\/07\/LOGO-ISTS.jpg\",\"contentUrl\":\"https:\/\/www.stikla-serviss.lv\/wp-content\/uploads\/2020\/07\/LOGO-ISTS.jpg\",\"width\":1860,\"height\":817,\"caption\":\"SIA \\\"STIKLA SERVISS\\\"\"},\"image\":{\"@id\":\"https:\/\/www.stikla-serviss.lv\/en\/#\/schema\/logo\/image\/\"}}]}<\/script>\n<!-- \/ Yoast SEO plugin. -->","yoast_head_json":{"title":"SHOWER DOORSTELLA - STIKLA SERVISS","description":"SHOWER DOORSTELLA - STIKLA SERVISS","robots":{"index":"index","follow":"follow","max-snippet":"max-snippet:-1","max-image-preview":"max-image-preview:large","max-video-preview":"max-video-preview:-1"},"canonical":"https:\/\/www.stikla-serviss.lv\/en\/product\/shower-door-stella\/","og_locale":"en_US","og_type":"article","og_title":"SHOWER DOORSTELLA - STIKLA SERVISS","og_description":"SHOWER DOORSTELLA - STIKLA SERVISS","og_url":"https:\/\/www.stikla-serviss.lv\/en\/product\/shower-door-stella\/","og_site_name":"STIKLA SERVISS","article_modified_time":"2025-12-22T11:04:18+00:00","og_image":[{"width":1800,"height":1923,"url":"https:\/\/www.stikla-serviss.lv\/wp-content\/uploads\/2024\/02\/Stella-Chrome-web-2-scaled-e1708436231178.jpg","type":"image\/jpeg"}],"twitter_card":"summary_large_image","twitter_misc":{"Est. reading time":"1 minute"},"schema":{"@context":"https:\/\/schema.org","@graph":[{"@type":"WebPage","@id":"https:\/\/www.stikla-serviss.lv\/en\/product\/shower-door-stella\/","url":"https:\/\/www.stikla-serviss.lv\/en\/product\/shower-door-stella\/","name":"SHOWER DOORSTELLA - STIKLA SERVISS","isPartOf":{"@id":"https:\/\/www.stikla-serviss.lv\/en\/#website"},"primaryImageOfPage":{"@id":"https:\/\/www.stikla-serviss.lv\/en\/product\/shower-door-stella\/#primaryimage"},"image":{"@id":"https:\/\/www.stikla-serviss.lv\/en\/product\/shower-door-stella\/#primaryimage"},"thumbnailUrl":"https:\/\/www.stikla-serviss.lv\/wp-content\/uploads\/2024\/02\/Stella-Chrome-web-2-scaled-e1708436231178.jpg","datePublished":"2024-02-13T10:13:11+00:00","dateModified":"2025-12-22T11:04:18+00:00","description":"SHOWER DOORSTELLA - STIKLA SERVISS","breadcrumb":{"@id":"https:\/\/www.stikla-serviss.lv\/en\/product\/shower-door-stella\/#breadcrumb"},"inLanguage":"en-US","potentialAction":[{"@type":"ReadAction","target":["https:\/\/www.stikla-serviss.lv\/en\/product\/shower-door-stella\/"]}]},{"@type":"ImageObject","inLanguage":"en-US","@id":"https:\/\/www.stikla-serviss.lv\/en\/product\/shower-door-stella\/#primaryimage","url":"https:\/\/www.stikla-serviss.lv\/wp-content\/uploads\/2024\/02\/Stella-Chrome-web-2-scaled-e1708436231178.jpg","contentUrl":"https:\/\/www.stikla-serviss.lv\/wp-content\/uploads\/2024\/02\/Stella-Chrome-web-2-scaled-e1708436231178.jpg","width":1800,"height":1923},{"@type":"BreadcrumbList","@id":"https:\/\/www.stikla-serviss.lv\/en\/product\/shower-door-stella\/#breadcrumb","itemListElement":[{"@type":"ListItem","position":1,"name":"Home","item":"https:\/\/www.stikla-serviss.lv\/en\/"},{"@type":"ListItem","position":2,"name":"PRODUCTS","item":"https:\/\/www.stikla-serviss.lv\/en\/produkti\/"},{"@type":"ListItem","position":3,"name":"SHOWER DOORSTELLA"}]},{"@type":"WebSite","@id":"https:\/\/www.stikla-serviss.lv\/en\/#website","url":"https:\/\/www.stikla-serviss.lv\/en\/","name":"STIKLA SERVISS","description":"Stikla tirdzniec\u012bbas un stikla izstr\u0101d\u0101jumu ra\u017eo\u0161anas uz\u0146\u0113mums","publisher":{"@id":"https:\/\/www.stikla-serviss.lv\/en\/#organization"},"potentialAction":[{"@type":"SearchAction","target":{"@type":"EntryPoint","urlTemplate":"https:\/\/www.stikla-serviss.lv\/en\/?s={search_term_string}"},"query-input":{"@type":"PropertyValueSpecification","valueRequired":true,"valueName":"search_term_string"}}],"inLanguage":"en-US"},{"@type":"Organization","@id":"https:\/\/www.stikla-serviss.lv\/en\/#organization","name":"SIA \"STIKLA SERVISS\"","url":"https:\/\/www.stikla-serviss.lv\/en\/","logo":{"@type":"ImageObject","inLanguage":"en-US","@id":"https:\/\/www.stikla-serviss.lv\/en\/#\/schema\/logo\/image\/","url":"https:\/\/www.stikla-serviss.lv\/wp-content\/uploads\/2020\/07\/LOGO-ISTS.jpg","contentUrl":"https:\/\/www.stikla-serviss.lv\/wp-content\/uploads\/2020\/07\/LOGO-ISTS.jpg","width":1860,"height":817,"caption":"SIA \"STIKLA SERVISS\""},"image":{"@id":"https:\/\/www.stikla-serviss.lv\/en\/#\/schema\/logo\/image\/"}}]}},"_links":{"self":[{"href":"https:\/\/www.stikla-serviss.lv\/en\/wp-json\/wp\/v2\/product\/47487","targetHints":{"allow":["GET"]}}],"collection":[{"href":"https:\/\/www.stikla-serviss.lv\/en\/wp-json\/wp\/v2\/product"}],"about":[{"href":"https:\/\/www.stikla-serviss.lv\/en\/wp-json\/wp\/v2\/types\/product"}],"wp:featuredmedia":[{"embeddable":true,"href":"https:\/\/www.stikla-serviss.lv\/en\/wp-json\/wp\/v2\/media\/47097"}],"wp:attachment":[{"href":"https:\/\/www.stikla-serviss.lv\/en\/wp-json\/wp\/v2\/media?parent=47487"}],"wp:term":[{"taxonomy":"product_brand","embeddable":true,"href":"https:\/\/www.stikla-serviss.lv\/en\/wp-json\/wp\/v2\/product_brand?post=47487"},{"taxonomy":"product_cat","embeddable":true,"href":"https:\/\/www.stikla-serviss.lv\/en\/wp-json\/wp\/v2\/product_cat?post=47487"},{"taxonomy":"product_tag","embeddable":true,"href":"https:\/\/www.stikla-serviss.lv\/en\/wp-json\/wp\/v2\/product_tag?post=47487"}],"curies":[{"name":"wp","href":"https:\/\/api.w.org\/{rel}","templated":true}]}}