{"id":47493,"date":"2024-02-13T12:20:06","date_gmt":"2024-02-13T10:20:06","guid":{"rendered":"https:\/\/www.stikla-serviss.lv\/?post_type=product&#038;p=47493"},"modified":"2025-12-22T13:06:47","modified_gmt":"2025-12-22T11:06:47","slug":"shower-doorr-stella-plus-black","status":"publish","type":"product","link":"https:\/\/www.stikla-serviss.lv\/en\/product\/shower-doorr-stella-plus-black\/","title":{"rendered":"SHOWER DOOR<p>STELLA PLUS BLACK<\/p>"},"content":{"rendered":"<table style=\"border-collapse: collapse; width: 100%;\" border=\"0\" cellspacing=\"0\" cellpadding=\"0\">\n<colgroup>\n<col width=\"52\" \/>\n<col width=\"103\" \/>\n<col width=\"119\" \/>\n<col width=\"149\" \/>\n<col width=\"103\" \/>\n<col width=\"77\" \/>\n<col width=\"112\" \/>\n<col width=\"80\" \/>\n<col width=\"137\" \/>\n<col width=\"85\" \/><\/colgroup>\n<tbody>\n<tr style=\"background-color: #999999;\">\n<td class=\"xl77\" style=\"text-align: center; width: 11.1111%;\"><span style=\"color: #ffffff;\">Code<\/span><\/td>\n<td class=\"xl77\" style=\"text-align: center; width: 6.73401%;\"><span style=\"color: #ffffff;\">Height (mm)<\/span><\/td>\n<td class=\"xl77\" style=\"text-align: center; width: 14.1414%;\"><span style=\"color: #ffffff;\">Adjustment A (mm)<\/span><\/td>\n<td class=\"xl77\" style=\"text-align: center; width: 13.2997%;\"><span style=\"color: #ffffff;\">Entrance width A1\u00a0 (mm)<\/span><\/td>\n<td class=\"xl77\" style=\"text-align: center; width: 8.75421%;\"><span style=\"color: #ffffff;\">Width B (mm)<\/span><\/td>\n<td class=\"xl65\" style=\"text-align: center; width: 7.57576%;\"><span style=\"color: #ffffff;\">Clear<\/span><\/td>\n<td class=\"xl65\" style=\"text-align: center; width: 10.4377%;\"><span style=\"color: #ffffff;\">Bronze or Gray<\/span><\/td>\n<td class=\"xl65\" style=\"text-align: center; width: 8.08081%;\"><span style=\"color: #ffffff;\">Matte White \/ Crepi<\/span><\/td>\n<td style=\"text-align: center; width: 11.4478%;\"><span style=\"color: #ffffff;\">Matte Bronze \/ Gray \/ Extra Clear<\/span><\/td>\n<td class=\"xl65\" style=\"text-align: center; width: 8.24916%;\"><span style=\"color: #ffffff;\">Matte extra clear<span style=\"font-size: 90%; color: #ffffff;\"> \/ Mirror \/ Linea<\/span><\/span><\/td>\n<\/tr>\n<tr>\n<td style=\"width: 11.1111%; text-align: center;\" width=\"89\"><span style=\"font-size: 90%;\">70STE+B<\/span><\/td>\n<td class=\"xl79\" style=\"width: 6.73401%; text-align: center; height: 26px;\" align=\"right\" width=\"103\"><span style=\"font-size: 90%;\">2000<\/span><\/td>\n<td style=\"width: 14.1414%; height: 26px; text-align: center;\" width=\"66\"><span style=\"font-size: 90%;\">695-703<\/span><\/td>\n<td style=\"width: 13.2997%; height: 26px; text-align: center;\" width=\"66\"><span style=\"font-size: 90%;\">430<\/span><\/td>\n<td style=\"width: 8.75421%; height: 26px; text-align: center;\" width=\"66\"><span style=\"font-size: 90%;\">200<\/span><\/td>\n<td style=\"width: 7.57576%; text-align: center;\" width=\"66\">\u20ac555<\/td>\n<td style=\"width: 10.4377%; text-align: center;\" width=\"73\">\u20ac580<\/td>\n<td style=\"width: 8.08081%; text-align: center;\" width=\"73\">\u20ac630<\/td>\n<td style=\"width: 11.4478%; text-align: center;\" width=\"72\">\u20ac665<\/td>\n<td style=\"width: 8.24916%; text-align: center;\" width=\"73\">\u20ac765<\/td>\n<\/tr>\n<tr>\n<td style=\"width: 11.1111%; text-align: center;\" width=\"89\"><span style=\"font-size: 90%;\">80STE+B<\/span><\/td>\n<td class=\"xl79\" style=\"width: 6.73401%; text-align: center; height: 26px;\" align=\"right\" width=\"103\"><span style=\"font-size: 90%;\">2000<\/span><\/td>\n<td style=\"width: 14.1414%; height: 26px; text-align: center;\" width=\"66\"><span style=\"font-size: 90%;\">795-803<\/span><\/td>\n<td style=\"width: 13.2997%; height: 26px; text-align: center;\" width=\"66\"><span style=\"font-size: 90%;\">530<\/span><\/td>\n<td style=\"width: 8.75421%; height: 26px; text-align: center;\" width=\"66\"><span style=\"font-size: 90%;\">200<\/span><\/td>\n<td style=\"width: 7.57576%; text-align: center;\" width=\"66\">\u20ac568<\/td>\n<td style=\"width: 10.4377%; text-align: center;\" width=\"73\">\u20ac592<\/td>\n<td style=\"width: 8.08081%; text-align: center;\" width=\"73\">\u20ac642<\/td>\n<td style=\"width: 11.4478%; text-align: center;\" width=\"72\">\u20ac677<\/td>\n<td style=\"width: 8.24916%; text-align: center;\" width=\"73\">\u20ac778<\/td>\n<\/tr>\n<tr>\n<td style=\"width: 11.1111%; text-align: center;\" width=\"89\"><span style=\"font-size: 90%;\">90STE+B<\/span><\/td>\n<td class=\"xl79\" style=\"width: 6.73401%; text-align: center; height: 26px;\" align=\"right\" width=\"103\"><span style=\"font-size: 90%;\">2000<\/span><\/td>\n<td style=\"width: 14.1414%; height: 26px; text-align: center;\" width=\"66\"><span style=\"font-size: 90%;\">895-903<\/span><\/td>\n<td style=\"width: 13.2997%; height: 26px; text-align: center;\" width=\"66\"><span style=\"font-size: 90%;\">530<\/span><\/td>\n<td style=\"width: 8.75421%; height: 26px; text-align: center;\" width=\"66\"><span style=\"font-size: 90%;\">300<\/span><\/td>\n<td style=\"width: 7.57576%; text-align: center;\" width=\"66\">\u20ac580<\/td>\n<td style=\"width: 10.4377%; text-align: center;\" width=\"73\">\u20ac606<\/td>\n<td style=\"width: 8.08081%; text-align: center;\" width=\"73\">\u20ac654<\/td>\n<td style=\"width: 11.4478%; text-align: center;\" width=\"72\">\u20ac689<\/td>\n<td style=\"width: 8.24916%; text-align: center;\" width=\"73\">\u20ac792<\/td>\n<\/tr>\n<tr>\n<td style=\"width: 11.1111%; text-align: center;\" width=\"89\"><span style=\"font-size: 90%;\">100STE+B<\/span><\/td>\n<td class=\"xl79\" style=\"width: 6.73401%; text-align: center; height: 22px;\" align=\"right\" width=\"103\"><span style=\"font-size: 90%;\">2000<\/span><\/td>\n<td style=\"width: 14.1414%; height: 22px; text-align: center;\" width=\"66\"><span style=\"font-size: 90%;\">995-1003<\/span><\/td>\n<td style=\"width: 13.2997%; height: 22px; text-align: center;\" width=\"66\"><span style=\"font-size: 90%;\">630<\/span><\/td>\n<td style=\"width: 8.75421%; height: 22px; text-align: center;\" width=\"66\"><span style=\"font-size: 90%;\">300<\/span><\/td>\n<td style=\"width: 7.57576%; text-align: center;\" width=\"66\">\u20ac592<\/td>\n<td style=\"width: 10.4377%; text-align: center;\" width=\"73\">\u20ac618<\/td>\n<td style=\"width: 8.08081%; text-align: center;\" width=\"73\">\u20ac667<\/td>\n<td style=\"width: 11.4478%; text-align: center;\" width=\"72\">\u20ac701<\/td>\n<td style=\"width: 8.24916%; text-align: center;\" width=\"73\">\u20ac806<\/td>\n<\/tr>\n<tr>\n<td style=\"width: 11.1111%; text-align: center;\" width=\"89\"><span style=\"font-size: 90%;\">110STE+B<\/span><\/td>\n<td style=\"width: 6.73401%; height: 21px; text-align: center;\"><span style=\"font-size: 90%;\">2000<\/span><\/td>\n<td style=\"width: 14.1414%; height: 21px; text-align: center;\" width=\"66\"><span style=\"font-size: 90%;\">1095-1103<\/span><\/td>\n<td style=\"width: 13.2997%; height: 21px; text-align: center;\" width=\"66\"><span style=\"font-size: 90%;\">630<\/span><\/td>\n<td style=\"width: 8.75421%; height: 21px; text-align: center;\" width=\"66\"><span style=\"font-size: 90%;\">400<\/span><\/td>\n<td style=\"width: 7.57576%; text-align: center;\" width=\"66\">\u20ac606<\/td>\n<td style=\"width: 10.4377%; text-align: center;\" width=\"73\">\u20ac630<\/td>\n<td style=\"width: 8.08081%; text-align: center;\" width=\"73\">\u20ac679<\/td>\n<td style=\"width: 11.4478%; text-align: center;\" width=\"72\">\u20ac713<\/td>\n<td style=\"width: 8.24916%; text-align: center;\" width=\"73\">\u20ac820<\/td>\n<\/tr>\n<tr>\n<td style=\"width: 11.1111%; text-align: center;\" width=\"89\"><span style=\"font-size: 90%;\">120STE+B<\/span><\/td>\n<td style=\"width: 6.73401%; height: 21px; text-align: center;\"><span style=\"font-size: 90%;\">2000<\/span><\/td>\n<td style=\"width: 14.1414%; height: 21px; text-align: center;\" width=\"66\"><span style=\"font-size: 90%;\">1195-1203<\/span><\/td>\n<td style=\"width: 13.2997%; height: 21px; text-align: center;\" width=\"66\"><span style=\"font-size: 90%;\">630<\/span><\/td>\n<td style=\"width: 8.75421%; height: 21px; text-align: center;\" width=\"66\"><span style=\"font-size: 90%;\">500<\/span><\/td>\n<td style=\"width: 7.57576%; text-align: center;\" width=\"66\">\u20ac618<\/td>\n<td style=\"width: 10.4377%; text-align: center;\" width=\"73\">\u20ac642<\/td>\n<td style=\"width: 8.08081%; text-align: center;\" width=\"73\">\u20ac691<\/td>\n<td style=\"width: 11.4478%; text-align: center;\" width=\"72\">\u20ac726<\/td>\n<td style=\"width: 8.24916%; text-align: center;\" width=\"73\">\u20ac834<\/td>\n<\/tr>\n<\/tbody>\n<\/table>\n<p>*All prices include VAT.<\/p>\n","protected":false},"excerpt":{"rendered":"<div id='gallery-1' class='gallery galleryid-47493 gallery-columns-6 gallery-size-thumbnail'><figure class='gallery-item'>\n\t\t\t<div class='gallery-icon landscape'>\n\t\t\t\t<img width=\"280\" height=\"280\" src=\"https:\/\/www.stikla-serviss.lv\/wp-content\/uploads\/2022\/12\/ss_pic-01-280x280.png\" class=\"attachment-thumbnail size-thumbnail\" alt=\"\" decoding=\"async\" loading=\"lazy\" srcset=\"https:\/\/www.stikla-serviss.lv\/wp-content\/uploads\/2022\/12\/ss_pic-01-280x280.png 280w, https:\/\/www.stikla-serviss.lv\/wp-content\/uploads\/2022\/12\/ss_pic-01-100x100.png 100w, https:\/\/www.stikla-serviss.lv\/wp-content\/uploads\/2022\/12\/ss_pic-01-510x509.png 510w, https:\/\/www.stikla-serviss.lv\/wp-content\/uploads\/2022\/12\/ss_pic-01-401x400.png 401w, https:\/\/www.stikla-serviss.lv\/wp-content\/uploads\/2022\/12\/ss_pic-01-e1727955044630.png 80w\" sizes=\"auto, (max-width: 280px) 100vw, 280px\" \/>\n\t\t\t<\/div><\/figure><figure class='gallery-item'>\n\t\t\t<div class='gallery-icon landscape'>\n\t\t\t\t<img width=\"280\" height=\"280\" src=\"https:\/\/www.stikla-serviss.lv\/wp-content\/uploads\/2020\/07\/ss_pic-03-280x280.png\" class=\"attachment-thumbnail size-thumbnail\" alt=\"\" decoding=\"async\" loading=\"lazy\" srcset=\"https:\/\/www.stikla-serviss.lv\/wp-content\/uploads\/2020\/07\/ss_pic-03-280x280.png 280w, https:\/\/www.stikla-serviss.lv\/wp-content\/uploads\/2020\/07\/ss_pic-03-401x400.png 401w, https:\/\/www.stikla-serviss.lv\/wp-content\/uploads\/2020\/07\/ss_pic-03-300x300.png 300w, https:\/\/www.stikla-serviss.lv\/wp-content\/uploads\/2020\/07\/ss_pic-03-100x100.png 100w, https:\/\/www.stikla-serviss.lv\/wp-content\/uploads\/2020\/07\/ss_pic-03-32x32.png 32w, https:\/\/www.stikla-serviss.lv\/wp-content\/uploads\/2020\/07\/ss_pic-03-e1604331865897.png 80w\" sizes=\"auto, (max-width: 280px) 100vw, 280px\" \/>\n\t\t\t<\/div><\/figure><figure class='gallery-item'>\n\t\t\t<div class='gallery-icon landscape'>\n\t\t\t\t<img width=\"280\" height=\"280\" src=\"https:\/\/www.stikla-serviss.lv\/wp-content\/uploads\/2020\/07\/ss_pic-09-280x280.png\" class=\"attachment-thumbnail size-thumbnail\" alt=\"\" decoding=\"async\" loading=\"lazy\" srcset=\"https:\/\/www.stikla-serviss.lv\/wp-content\/uploads\/2020\/07\/ss_pic-09-280x280.png 280w, https:\/\/www.stikla-serviss.lv\/wp-content\/uploads\/2020\/07\/ss_pic-09-400x400.png 400w, https:\/\/www.stikla-serviss.lv\/wp-content\/uploads\/2020\/07\/ss_pic-09-300x300.png 300w, https:\/\/www.stikla-serviss.lv\/wp-content\/uploads\/2020\/07\/ss_pic-09-100x100.png 100w, https:\/\/www.stikla-serviss.lv\/wp-content\/uploads\/2020\/07\/ss_pic-09-32x32.png 32w, https:\/\/www.stikla-serviss.lv\/wp-content\/uploads\/2020\/07\/ss_pic-09-e1604331937629.png 80w\" sizes=\"auto, (max-width: 280px) 100vw, 280px\" \/>\n\t\t\t<\/div><\/figure><figure class='gallery-item'>\n\t\t\t<div class='gallery-icon landscape'>\n\t\t\t\t<img width=\"280\" height=\"280\" src=\"https:\/\/www.stikla-serviss.lv\/wp-content\/uploads\/2020\/07\/ss_pic-13-280x280.png\" class=\"attachment-thumbnail size-thumbnail\" alt=\"\" decoding=\"async\" loading=\"lazy\" srcset=\"https:\/\/www.stikla-serviss.lv\/wp-content\/uploads\/2020\/07\/ss_pic-13-280x280.png 280w, https:\/\/www.stikla-serviss.lv\/wp-content\/uploads\/2020\/07\/ss_pic-13-400x400.png 400w, https:\/\/www.stikla-serviss.lv\/wp-content\/uploads\/2020\/07\/ss_pic-13-300x300.png 300w, https:\/\/www.stikla-serviss.lv\/wp-content\/uploads\/2020\/07\/ss_pic-13-100x100.png 100w, https:\/\/www.stikla-serviss.lv\/wp-content\/uploads\/2020\/07\/ss_pic-13-32x32.png 32w, https:\/\/www.stikla-serviss.lv\/wp-content\/uploads\/2020\/07\/ss_pic-13-e1604331986104.png 80w\" sizes=\"auto, (max-width: 280px) 100vw, 280px\" \/>\n\t\t\t<\/div><\/figure><figure class='gallery-item'>\n\t\t\t<div class='gallery-icon landscape'>\n\t\t\t\t<img width=\"280\" height=\"280\" src=\"https:\/\/www.stikla-serviss.lv\/wp-content\/uploads\/2020\/07\/ss_pic-07-280x280.png\" class=\"attachment-thumbnail size-thumbnail\" alt=\"\" decoding=\"async\" loading=\"lazy\" srcset=\"https:\/\/www.stikla-serviss.lv\/wp-content\/uploads\/2020\/07\/ss_pic-07-280x280.png 280w, https:\/\/www.stikla-serviss.lv\/wp-content\/uploads\/2020\/07\/ss_pic-07-400x400.png 400w, https:\/\/www.stikla-serviss.lv\/wp-content\/uploads\/2020\/07\/ss_pic-07-300x300.png 300w, https:\/\/www.stikla-serviss.lv\/wp-content\/uploads\/2020\/07\/ss_pic-07-100x100.png 100w, https:\/\/www.stikla-serviss.lv\/wp-content\/uploads\/2020\/07\/ss_pic-07-32x32.png 32w, https:\/\/www.stikla-serviss.lv\/wp-content\/uploads\/2020\/07\/ss_pic-07-e1604331916526.png 80w\" sizes=\"auto, (max-width: 280px) 100vw, 280px\" \/>\n\t\t\t<\/div><\/figure><figure class='gallery-item'>\n\t\t\t<div class='gallery-icon landscape'>\n\t\t\t\t<img width=\"280\" height=\"280\" src=\"https:\/\/www.stikla-serviss.lv\/wp-content\/uploads\/2020\/07\/ss_pic-04-280x280.png\" class=\"attachment-thumbnail size-thumbnail\" alt=\"\" decoding=\"async\" loading=\"lazy\" srcset=\"https:\/\/www.stikla-serviss.lv\/wp-content\/uploads\/2020\/07\/ss_pic-04-280x280.png 280w, https:\/\/www.stikla-serviss.lv\/wp-content\/uploads\/2020\/07\/ss_pic-04-400x400.png 400w, https:\/\/www.stikla-serviss.lv\/wp-content\/uploads\/2020\/07\/ss_pic-04-300x300.png 300w, https:\/\/www.stikla-serviss.lv\/wp-content\/uploads\/2020\/07\/ss_pic-04-100x100.png 100w, https:\/\/www.stikla-serviss.lv\/wp-content\/uploads\/2020\/07\/ss_pic-04-32x32.png 32w, https:\/\/www.stikla-serviss.lv\/wp-content\/uploads\/2020\/07\/ss_pic-04-e1604331879773.png 80w\" sizes=\"auto, (max-width: 280px) 100vw, 280px\" \/>\n\t\t\t<\/div><\/figure><figure class='gallery-item'>\n\t\t\t<div class='gallery-icon landscape'>\n\t\t\t\t<img width=\"280\" height=\"280\" src=\"https:\/\/www.stikla-serviss.lv\/wp-content\/uploads\/2020\/12\/ch_ral--280x280.png\" class=\"attachment-thumbnail size-thumbnail\" alt=\"\" decoding=\"async\" loading=\"lazy\" srcset=\"https:\/\/www.stikla-serviss.lv\/wp-content\/uploads\/2020\/12\/ch_ral--280x280.png 280w, https:\/\/www.stikla-serviss.lv\/wp-content\/uploads\/2020\/12\/ch_ral--100x100.png 100w, https:\/\/www.stikla-serviss.lv\/wp-content\/uploads\/2020\/12\/ch_ral--510x510.png 510w, https:\/\/www.stikla-serviss.lv\/wp-content\/uploads\/2020\/12\/ch_ral--400x400.png 400w, https:\/\/www.stikla-serviss.lv\/wp-content\/uploads\/2020\/12\/ch_ral--32x32.png 32w, https:\/\/www.stikla-serviss.lv\/wp-content\/uploads\/2020\/12\/ch_ral-.png 592w\" sizes=\"auto, (max-width: 280px) 100vw, 280px\" \/>\n\t\t\t<\/div><\/figure><figure class='gallery-item'>\n\t\t\t<div class='gallery-icon landscape'>\n\t\t\t\t<img width=\"280\" height=\"280\" src=\"https:\/\/www.stikla-serviss.lv\/wp-content\/uploads\/2020\/07\/ss_pic-11-280x280.png\" class=\"attachment-thumbnail size-thumbnail\" alt=\"\" decoding=\"async\" loading=\"lazy\" srcset=\"https:\/\/www.stikla-serviss.lv\/wp-content\/uploads\/2020\/07\/ss_pic-11-280x280.png 280w, https:\/\/www.stikla-serviss.lv\/wp-content\/uploads\/2020\/07\/ss_pic-11-399x400.png 399w, https:\/\/www.stikla-serviss.lv\/wp-content\/uploads\/2020\/07\/ss_pic-11-300x300.png 300w, https:\/\/www.stikla-serviss.lv\/wp-content\/uploads\/2020\/07\/ss_pic-11-100x100.png 100w, https:\/\/www.stikla-serviss.lv\/wp-content\/uploads\/2020\/07\/ss_pic-11-32x32.png 32w, https:\/\/www.stikla-serviss.lv\/wp-content\/uploads\/2020\/07\/ss_pic-11-e1604331963655.png 80w\" sizes=\"auto, (max-width: 280px) 100vw, 280px\" \/>\n\t\t\t<\/div><\/figure>\n\t\t<\/div>\n\n<p><img loading=\"lazy\" decoding=\"async\" class=\"alignnone wp-image-5094 size-full\" src=\"https:\/\/www.stikla-serviss.lv\/wp-content\/uploads\/2020\/07\/durvis5.jpg\" alt=\"\" width=\"175\" height=\"203\" srcset=\"https:\/\/www.stikla-serviss.lv\/wp-content\/uploads\/2020\/07\/durvis5.jpg 175w, https:\/\/www.stikla-serviss.lv\/wp-content\/uploads\/2020\/07\/durvis5-28x32.jpg 28w\" sizes=\"auto, (max-width: 175px) 100vw, 175px\" \/><\/p>\n<p>&nbsp;<\/p>\n","protected":false},"featured_media":47204,"template":"","meta":[],"product_brand":[],"product_cat":[246,247],"product_tag":[],"class_list":{"0":"post-47493","1":"product","2":"type-product","3":"status-publish","4":"has-post-thumbnail","6":"product_cat-shower-enclosures-and-bath-screens","7":"product_cat-shower-doors","9":"first","10":"instock","11":"shipping-taxable","12":"product-type-simple"},"yoast_head":"<!-- This site is optimized with the Yoast SEO plugin v27.1.1 - https:\/\/yoast.com\/product\/yoast-seo-wordpress\/ -->\n<title>SHOWER DOORSTELLA PLUS BLACK - STIKLA SERVISS<\/title>\n<meta name=\"description\" content=\"SHOWER DOORSTELLA PLUS BLACK - STIKLA SERVISS\" \/>\n<meta name=\"robots\" content=\"index, follow, max-snippet:-1, max-image-preview:large, max-video-preview:-1\" \/>\n<link rel=\"canonical\" href=\"https:\/\/www.stikla-serviss.lv\/en\/product\/shower-doorr-stella-plus-black\/\" \/>\n<meta property=\"og:locale\" content=\"en_US\" \/>\n<meta property=\"og:type\" content=\"article\" \/>\n<meta property=\"og:title\" content=\"SHOWER DOORSTELLA PLUS BLACK - STIKLA SERVISS\" \/>\n<meta property=\"og:description\" content=\"SHOWER DOORSTELLA PLUS BLACK - STIKLA SERVISS\" \/>\n<meta property=\"og:url\" content=\"https:\/\/www.stikla-serviss.lv\/en\/product\/shower-doorr-stella-plus-black\/\" \/>\n<meta property=\"og:site_name\" content=\"STIKLA SERVISS\" \/>\n<meta property=\"article:modified_time\" content=\"2025-12-22T11:06:47+00:00\" \/>\n<meta property=\"og:image\" content=\"https:\/\/www.stikla-serviss.lv\/wp-content\/uploads\/2024\/02\/Stella-plus-Black-web-scaled-e1708437194312.jpg\" \/>\n\t<meta property=\"og:image:width\" content=\"1800\" \/>\n\t<meta property=\"og:image:height\" content=\"1801\" \/>\n\t<meta property=\"og:image:type\" content=\"image\/jpeg\" \/>\n<meta name=\"twitter:card\" content=\"summary_large_image\" \/>\n<meta name=\"twitter:label1\" content=\"Est. reading time\" \/>\n\t<meta name=\"twitter:data1\" content=\"1 minute\" \/>\n<script type=\"application\/ld+json\" class=\"yoast-schema-graph\">{\"@context\":\"https:\/\/schema.org\",\"@graph\":[{\"@type\":\"WebPage\",\"@id\":\"https:\/\/www.stikla-serviss.lv\/en\/product\/shower-doorr-stella-plus-black\/\",\"url\":\"https:\/\/www.stikla-serviss.lv\/en\/product\/shower-doorr-stella-plus-black\/\",\"name\":\"SHOWER DOORSTELLA PLUS BLACK - STIKLA SERVISS\",\"isPartOf\":{\"@id\":\"https:\/\/www.stikla-serviss.lv\/en\/#website\"},\"primaryImageOfPage\":{\"@id\":\"https:\/\/www.stikla-serviss.lv\/en\/product\/shower-doorr-stella-plus-black\/#primaryimage\"},\"image\":{\"@id\":\"https:\/\/www.stikla-serviss.lv\/en\/product\/shower-doorr-stella-plus-black\/#primaryimage\"},\"thumbnailUrl\":\"https:\/\/www.stikla-serviss.lv\/wp-content\/uploads\/2024\/02\/Stella-plus-Black-web-scaled-e1708437194312.jpg\",\"datePublished\":\"2024-02-13T10:20:06+00:00\",\"dateModified\":\"2025-12-22T11:06:47+00:00\",\"description\":\"SHOWER DOORSTELLA PLUS BLACK - STIKLA SERVISS\",\"breadcrumb\":{\"@id\":\"https:\/\/www.stikla-serviss.lv\/en\/product\/shower-doorr-stella-plus-black\/#breadcrumb\"},\"inLanguage\":\"en-US\",\"potentialAction\":[{\"@type\":\"ReadAction\",\"target\":[\"https:\/\/www.stikla-serviss.lv\/en\/product\/shower-doorr-stella-plus-black\/\"]}]},{\"@type\":\"ImageObject\",\"inLanguage\":\"en-US\",\"@id\":\"https:\/\/www.stikla-serviss.lv\/en\/product\/shower-doorr-stella-plus-black\/#primaryimage\",\"url\":\"https:\/\/www.stikla-serviss.lv\/wp-content\/uploads\/2024\/02\/Stella-plus-Black-web-scaled-e1708437194312.jpg\",\"contentUrl\":\"https:\/\/www.stikla-serviss.lv\/wp-content\/uploads\/2024\/02\/Stella-plus-Black-web-scaled-e1708437194312.jpg\",\"width\":1800,\"height\":1801},{\"@type\":\"BreadcrumbList\",\"@id\":\"https:\/\/www.stikla-serviss.lv\/en\/product\/shower-doorr-stella-plus-black\/#breadcrumb\",\"itemListElement\":[{\"@type\":\"ListItem\",\"position\":1,\"name\":\"Home\",\"item\":\"https:\/\/www.stikla-serviss.lv\/en\/\"},{\"@type\":\"ListItem\",\"position\":2,\"name\":\"PRODUCTS\",\"item\":\"https:\/\/www.stikla-serviss.lv\/en\/produkti\/\"},{\"@type\":\"ListItem\",\"position\":3,\"name\":\"SHOWER DOORSTELLA PLUS BLACK\"}]},{\"@type\":\"WebSite\",\"@id\":\"https:\/\/www.stikla-serviss.lv\/en\/#website\",\"url\":\"https:\/\/www.stikla-serviss.lv\/en\/\",\"name\":\"STIKLA SERVISS\",\"description\":\"Stikla tirdzniec\u012bbas un stikla izstr\u0101d\u0101jumu ra\u017eo\u0161anas uz\u0146\u0113mums\",\"publisher\":{\"@id\":\"https:\/\/www.stikla-serviss.lv\/en\/#organization\"},\"potentialAction\":[{\"@type\":\"SearchAction\",\"target\":{\"@type\":\"EntryPoint\",\"urlTemplate\":\"https:\/\/www.stikla-serviss.lv\/en\/?s={search_term_string}\"},\"query-input\":{\"@type\":\"PropertyValueSpecification\",\"valueRequired\":true,\"valueName\":\"search_term_string\"}}],\"inLanguage\":\"en-US\"},{\"@type\":\"Organization\",\"@id\":\"https:\/\/www.stikla-serviss.lv\/en\/#organization\",\"name\":\"SIA \\\"STIKLA SERVISS\\\"\",\"url\":\"https:\/\/www.stikla-serviss.lv\/en\/\",\"logo\":{\"@type\":\"ImageObject\",\"inLanguage\":\"en-US\",\"@id\":\"https:\/\/www.stikla-serviss.lv\/en\/#\/schema\/logo\/image\/\",\"url\":\"https:\/\/www.stikla-serviss.lv\/wp-content\/uploads\/2020\/07\/LOGO-ISTS.jpg\",\"contentUrl\":\"https:\/\/www.stikla-serviss.lv\/wp-content\/uploads\/2020\/07\/LOGO-ISTS.jpg\",\"width\":1860,\"height\":817,\"caption\":\"SIA \\\"STIKLA SERVISS\\\"\"},\"image\":{\"@id\":\"https:\/\/www.stikla-serviss.lv\/en\/#\/schema\/logo\/image\/\"}}]}<\/script>\n<!-- \/ Yoast SEO plugin. -->","yoast_head_json":{"title":"SHOWER DOORSTELLA PLUS BLACK - STIKLA SERVISS","description":"SHOWER DOORSTELLA PLUS BLACK - STIKLA SERVISS","robots":{"index":"index","follow":"follow","max-snippet":"max-snippet:-1","max-image-preview":"max-image-preview:large","max-video-preview":"max-video-preview:-1"},"canonical":"https:\/\/www.stikla-serviss.lv\/en\/product\/shower-doorr-stella-plus-black\/","og_locale":"en_US","og_type":"article","og_title":"SHOWER DOORSTELLA PLUS BLACK - STIKLA SERVISS","og_description":"SHOWER DOORSTELLA PLUS BLACK - STIKLA SERVISS","og_url":"https:\/\/www.stikla-serviss.lv\/en\/product\/shower-doorr-stella-plus-black\/","og_site_name":"STIKLA SERVISS","article_modified_time":"2025-12-22T11:06:47+00:00","og_image":[{"width":1800,"height":1801,"url":"https:\/\/www.stikla-serviss.lv\/wp-content\/uploads\/2024\/02\/Stella-plus-Black-web-scaled-e1708437194312.jpg","type":"image\/jpeg"}],"twitter_card":"summary_large_image","twitter_misc":{"Est. reading time":"1 minute"},"schema":{"@context":"https:\/\/schema.org","@graph":[{"@type":"WebPage","@id":"https:\/\/www.stikla-serviss.lv\/en\/product\/shower-doorr-stella-plus-black\/","url":"https:\/\/www.stikla-serviss.lv\/en\/product\/shower-doorr-stella-plus-black\/","name":"SHOWER DOORSTELLA PLUS BLACK - STIKLA SERVISS","isPartOf":{"@id":"https:\/\/www.stikla-serviss.lv\/en\/#website"},"primaryImageOfPage":{"@id":"https:\/\/www.stikla-serviss.lv\/en\/product\/shower-doorr-stella-plus-black\/#primaryimage"},"image":{"@id":"https:\/\/www.stikla-serviss.lv\/en\/product\/shower-doorr-stella-plus-black\/#primaryimage"},"thumbnailUrl":"https:\/\/www.stikla-serviss.lv\/wp-content\/uploads\/2024\/02\/Stella-plus-Black-web-scaled-e1708437194312.jpg","datePublished":"2024-02-13T10:20:06+00:00","dateModified":"2025-12-22T11:06:47+00:00","description":"SHOWER DOORSTELLA PLUS BLACK - STIKLA SERVISS","breadcrumb":{"@id":"https:\/\/www.stikla-serviss.lv\/en\/product\/shower-doorr-stella-plus-black\/#breadcrumb"},"inLanguage":"en-US","potentialAction":[{"@type":"ReadAction","target":["https:\/\/www.stikla-serviss.lv\/en\/product\/shower-doorr-stella-plus-black\/"]}]},{"@type":"ImageObject","inLanguage":"en-US","@id":"https:\/\/www.stikla-serviss.lv\/en\/product\/shower-doorr-stella-plus-black\/#primaryimage","url":"https:\/\/www.stikla-serviss.lv\/wp-content\/uploads\/2024\/02\/Stella-plus-Black-web-scaled-e1708437194312.jpg","contentUrl":"https:\/\/www.stikla-serviss.lv\/wp-content\/uploads\/2024\/02\/Stella-plus-Black-web-scaled-e1708437194312.jpg","width":1800,"height":1801},{"@type":"BreadcrumbList","@id":"https:\/\/www.stikla-serviss.lv\/en\/product\/shower-doorr-stella-plus-black\/#breadcrumb","itemListElement":[{"@type":"ListItem","position":1,"name":"Home","item":"https:\/\/www.stikla-serviss.lv\/en\/"},{"@type":"ListItem","position":2,"name":"PRODUCTS","item":"https:\/\/www.stikla-serviss.lv\/en\/produkti\/"},{"@type":"ListItem","position":3,"name":"SHOWER DOORSTELLA PLUS BLACK"}]},{"@type":"WebSite","@id":"https:\/\/www.stikla-serviss.lv\/en\/#website","url":"https:\/\/www.stikla-serviss.lv\/en\/","name":"STIKLA SERVISS","description":"Stikla tirdzniec\u012bbas un stikla izstr\u0101d\u0101jumu ra\u017eo\u0161anas uz\u0146\u0113mums","publisher":{"@id":"https:\/\/www.stikla-serviss.lv\/en\/#organization"},"potentialAction":[{"@type":"SearchAction","target":{"@type":"EntryPoint","urlTemplate":"https:\/\/www.stikla-serviss.lv\/en\/?s={search_term_string}"},"query-input":{"@type":"PropertyValueSpecification","valueRequired":true,"valueName":"search_term_string"}}],"inLanguage":"en-US"},{"@type":"Organization","@id":"https:\/\/www.stikla-serviss.lv\/en\/#organization","name":"SIA \"STIKLA SERVISS\"","url":"https:\/\/www.stikla-serviss.lv\/en\/","logo":{"@type":"ImageObject","inLanguage":"en-US","@id":"https:\/\/www.stikla-serviss.lv\/en\/#\/schema\/logo\/image\/","url":"https:\/\/www.stikla-serviss.lv\/wp-content\/uploads\/2020\/07\/LOGO-ISTS.jpg","contentUrl":"https:\/\/www.stikla-serviss.lv\/wp-content\/uploads\/2020\/07\/LOGO-ISTS.jpg","width":1860,"height":817,"caption":"SIA \"STIKLA SERVISS\""},"image":{"@id":"https:\/\/www.stikla-serviss.lv\/en\/#\/schema\/logo\/image\/"}}]}},"_links":{"self":[{"href":"https:\/\/www.stikla-serviss.lv\/en\/wp-json\/wp\/v2\/product\/47493","targetHints":{"allow":["GET"]}}],"collection":[{"href":"https:\/\/www.stikla-serviss.lv\/en\/wp-json\/wp\/v2\/product"}],"about":[{"href":"https:\/\/www.stikla-serviss.lv\/en\/wp-json\/wp\/v2\/types\/product"}],"wp:featuredmedia":[{"embeddable":true,"href":"https:\/\/www.stikla-serviss.lv\/en\/wp-json\/wp\/v2\/media\/47204"}],"wp:attachment":[{"href":"https:\/\/www.stikla-serviss.lv\/en\/wp-json\/wp\/v2\/media?parent=47493"}],"wp:term":[{"taxonomy":"product_brand","embeddable":true,"href":"https:\/\/www.stikla-serviss.lv\/en\/wp-json\/wp\/v2\/product_brand?post=47493"},{"taxonomy":"product_cat","embeddable":true,"href":"https:\/\/www.stikla-serviss.lv\/en\/wp-json\/wp\/v2\/product_cat?post=47493"},{"taxonomy":"product_tag","embeddable":true,"href":"https:\/\/www.stikla-serviss.lv\/en\/wp-json\/wp\/v2\/product_tag?post=47493"}],"curies":[{"name":"wp","href":"https:\/\/api.w.org\/{rel}","templated":true}]}}