{"id":53851,"date":"2023-12-22T09:10:09","date_gmt":"2023-12-22T07:10:09","guid":{"rendered":"https:\/\/www.stikla-serviss.lv\/?post_type=product&#038;p=53851"},"modified":"2026-03-13T12:24:16","modified_gmt":"2026-03-13T10:24:16","slug":"glass-partition-wall-mon03","status":"publish","type":"product","link":"https:\/\/www.stikla-serviss.lv\/en\/product\/glass-partition-wall-mon03\/","title":{"rendered":"GLASS PARTITION WALL<p>MON03<\/p>"},"content":{"rendered":"<p>The cost of a set of door fittings EUR with VAT<\/p>\n<table style=\"width: 66.4478%; height: 116px;\" border=\"0\" width=\"840\" cellspacing=\"0\" cellpadding=\"0\">\n<tbody>\n<tr style=\"background-color: #8a8a8a; height: 48px;\">\n<td class=\"xl81\" style=\"vertical-align: top; width: 59.1728%; text-align: center; height: 48px;\" width=\"99\" height=\"32\"><span style=\"font-size: 90%; color: #ffffff;\">Set<\/span><\/td>\n<td class=\"xl81\" style=\"vertical-align: top; width: 147.746%; text-align: center; height: 48px;\" width=\"60\"><span style=\"font-size: 90%; color: #ffffff;\">Price<\/span><\/td>\n<\/tr>\n<tr style=\"height: 37px;\">\n<td style=\"width: 59.1728%; text-align: center; height: 37px;\" width=\"90\"><span style=\"font-size: 90%;\">Anodized aluminum fittings MON01-ALU<\/span><\/td>\n<td class=\"xl82\" style=\"width: 147.746%; height: 37px; text-align: center;\" width=\"60\"><span style=\"font-size: 90%;\">750<\/span><\/td>\n<\/tr>\n<tr style=\"height: 31px;\">\n<td style=\"width: 59.1728%; text-align: center; height: 31px;\" width=\"90\"><span style=\"font-size: 90%;\">Stainless steel fittings MON01-SS<\/span><\/td>\n<td class=\"xl82\" style=\"width: 147.746%; height: 31px; text-align: center;\" width=\"60\"><span style=\"font-size: 90%;\">813<\/span><\/td>\n<\/tr>\n<tr>\n<td style=\"width: 59.1728%; text-align: center;\"><span style=\"font-size: 90%;\">Black matte fittings MON01-B<\/span><\/td>\n<td style=\"width: 147.746%; text-align: center;\"><span style=\"font-size: 90%;\">813<\/span><\/td>\n<\/tr>\n<\/tbody>\n<\/table>\n<p>* the cost of the fittings set is indicated up to the maximum dimensions: minimum door width 800mm, minimum niche width 1500mm<\/p>\n<p>Glass price EUR\/m<span style=\"font-size: 90%;\">\u00b2 with VAT<\/span><\/p>\n<table style=\"width: 88.5401%; height: 205px;\" border=\"0\" width=\"840\" cellspacing=\"0\" cellpadding=\"0\">\n<colgroup>\n<col width=\"99\" \/>\n<col width=\"60\" \/>\n<col span=\"8\" width=\"76\" \/>\n<col width=\"73\" \/><\/colgroup>\n<tbody>\n<tr style=\"background-color: #8a8a8a;\">\n<td class=\"xl81\" style=\"vertical-align: top; width: 14.2075%; text-align: center; height: 48px;\" width=\"99\" height=\"32\"><span style=\"font-size: 90%; color: #ffffff;\">Type of tempered glass\u00a0<\/span><\/td>\n<td class=\"xl81\" style=\"vertical-align: top; width: 4.18797%; text-align: center; height: 48px;\" width=\"60\"><span style=\"font-size: 90%; color: #ffffff;\">Clear<\/span><\/td>\n<td class=\"xl81\" style=\"vertical-align: top; width: 5.85704%; text-align: center; height: 48px;\" width=\"76\"><span style=\"font-size: 90%; color: #ffffff;\">Bronze, Gray<\/span><\/td>\n<td class=\"xl81\" style=\"vertical-align: top; width: 6.55872%; text-align: center; height: 48px;\" width=\"76\"><span style=\"font-size: 90%; color: #ffffff;\">Extra Clear (Clearvision)<\/span><\/td>\n<td class=\"xl81\" style=\"vertical-align: top; width: 20.2026%; text-align: center; height: 48px;\" width=\"76\"><span style=\"font-size: 90%; color: #ffffff;\">MAT white, MAT bronze, MAT gray<\/span><\/td>\n<td class=\"xl80\" style=\"vertical-align: top; width: 26.6103%; text-align: center; height: 48px;\" width=\"76\"><span style=\"font-size: 90%; color: #ffffff;\">CREPI, LINEA, DARK GREY, MAT EXTRA clear<\/span><\/td>\n<\/tr>\n<tr style=\"height: 37px;\">\n<td style=\"width: 14.2075%; text-align: center; height: 37px;\" width=\"90\"><span style=\"font-size: 90%;\">Glass thickness<\/span><\/td>\n<td class=\"xl82\" style=\"width: 4.18797%; height: 37px; text-align: center;\" width=\"60\"><span style=\"font-size: 90%;\">EUR\/m\u00b2<\/span><\/td>\n<td style=\"width: 5.85704%; text-align: center; height: 37px;\" width=\"69\"><span style=\"font-size: 90%;\">EUR\/m\u00b2<\/span><\/td>\n<td style=\"width: 6.55872%; text-align: center; height: 37px;\" width=\"69\"><span style=\"font-size: 90%;\">EUR\/m\u00b2<\/span><\/td>\n<td style=\"width: 20.2026%; text-align: center; height: 37px;\" width=\"69\"><span style=\"font-size: 90%;\">EUR\/m\u00b2<\/span><\/td>\n<td style=\"width: 26.6103%; text-align: center; height: 37px;\" width=\"67\"><span style=\"font-size: 90%;\">EUR\/m\u00b2<\/span><\/td>\n<\/tr>\n<tr style=\"height: 31px;\">\n<td style=\"width: 14.2075%; text-align: center; height: 31px;\" width=\"90\"><span style=\"font-size: 90%;\">8 mm<\/span><\/td>\n<td class=\"xl82\" style=\"width: 4.18797%; height: 31px; text-align: center;\" width=\"60\"><span style=\"font-size: 90%;\">112<\/span><\/td>\n<td style=\"width: 5.85704%; text-align: center; height: 31px;\" width=\"69\"><span style=\"font-size: 12.96px;\">137<\/span><\/td>\n<td style=\"width: 6.55872%; text-align: center; height: 31px;\" width=\"69\"><span style=\"font-size: 90%;\">169<\/span><\/td>\n<td style=\"width: 20.2026%; text-align: center; height: 31px;\" width=\"69\"><span style=\"font-size: 90%;\">179<\/span><\/td>\n<td style=\"width: 26.6103%; text-align: center; height: 31px;\" width=\"67\"><span style=\"font-size: 90%;\">198<\/span><\/td>\n<\/tr>\n<tr style=\"height: 30px;\">\n<td style=\"width: 14.2075%; text-align: center; height: 30px;\" width=\"90\"><span style=\"font-size: 90%;\">10 mm<\/span><\/td>\n<td class=\"xl82\" style=\"width: 4.18797%; height: 30px; text-align: center;\" width=\"60\"><span style=\"font-size: 90%;\">137<\/span><\/td>\n<td style=\"width: 5.85704%; text-align: center; height: 30px;\" width=\"69\"><span style=\"font-size: 90%;\">177<\/span><\/td>\n<td style=\"width: 6.55872%; text-align: center; height: 30px;\" width=\"69\"><span style=\"font-size: 90%;\">213<\/span><\/td>\n<td style=\"width: 20.2026%; text-align: center; height: 30px;\" width=\"69\"><span style=\"font-size: 90%;\">236<\/span><\/td>\n<td style=\"width: 26.6103%; text-align: center; height: 30px;\" width=\"67\"><\/td>\n<\/tr>\n<tr style=\"height: 30px;\">\n<td style=\"width: 14.2075%; text-align: center; height: 30px;\" width=\"90\"><span style=\"font-size: 90%;\">12 mm<\/span><\/td>\n<td class=\"xl82\" style=\"width: 4.18797%; height: 30px; text-align: center;\" width=\"60\"><span style=\"font-size: 90%;\">166<\/span><\/td>\n<td style=\"width: 5.85704%; text-align: center; height: 30px;\" width=\"69\"><\/td>\n<td style=\"width: 6.55872%; text-align: center; height: 30px;\" width=\"69\"><\/td>\n<td style=\"width: 20.2026%; text-align: center; height: 30px;\" width=\"69\"><\/td>\n<td style=\"width: 26.6103%; text-align: center; height: 30px;\" width=\"67\"><\/td>\n<\/tr>\n<tr style=\"height: 21px;\">\n<td style=\"width: 14.2075%; text-align: center; height: 29px;\"><span style=\"font-size: 90%;\">4+4 mm<\/span><\/td>\n<td style=\"width: 4.18797%; text-align: center; height: 29px;\"><span style=\"font-size: 90%;\">180<\/span><\/td>\n<td style=\"width: 5.85704%; text-align: center; height: 29px;\"><span style=\"font-size: 90%;\">\u00a0<\/span><\/td>\n<td style=\"width: 6.55872%; text-align: center; height: 29px;\"><span style=\"font-size: 90%;\">\u00a0<\/span><\/td>\n<td style=\"width: 20.2026%; text-align: center; height: 29px;\"><span style=\"font-size: 90%;\">\u00a0<\/span><\/td>\n<td style=\"width: 26.6103%; text-align: center; height: 29px;\"><span style=\"font-size: 90%;\">\u00a0<\/span><\/td>\n<\/tr>\n<\/tbody>\n<\/table>\n<p>*glass processing, edge processing, drilling and cutouts are included in the stated glass costs. The full price of the set consists of the cost of the door fittings together with the cost of the glass, for a more detailed price calculation contact: arturs@stikla-serviss.lv, +371 26713927<\/p>\n","protected":false},"excerpt":{"rendered":"<div id='gallery-1' class='gallery galleryid-53851 gallery-columns-6 gallery-size-thumbnail'><figure class='gallery-item'>\n\t\t\t<div class='gallery-icon landscape'>\n\t\t\t\t<img width=\"280\" height=\"280\" src=\"https:\/\/www.stikla-serviss.lv\/wp-content\/uploads\/2023\/11\/8_10mm-280x280.png\" class=\"attachment-thumbnail size-thumbnail\" alt=\"\" decoding=\"async\" loading=\"lazy\" srcset=\"https:\/\/www.stikla-serviss.lv\/wp-content\/uploads\/2023\/11\/8_10mm-280x280.png 280w, https:\/\/www.stikla-serviss.lv\/wp-content\/uploads\/2023\/11\/8_10mm-100x100.png 100w, https:\/\/www.stikla-serviss.lv\/wp-content\/uploads\/2023\/11\/8_10mm-510x509.png 510w, https:\/\/www.stikla-serviss.lv\/wp-content\/uploads\/2023\/11\/8_10mm-401x400.png 401w, https:\/\/www.stikla-serviss.lv\/wp-content\/uploads\/2023\/11\/8_10mm.png 592w\" sizes=\"auto, (max-width: 280px) 100vw, 280px\" \/>\n\t\t\t<\/div><\/figure><figure class='gallery-item'>\n\t\t\t<div class='gallery-icon landscape'>\n\t\t\t\t<img width=\"280\" height=\"280\" src=\"https:\/\/www.stikla-serviss.lv\/wp-content\/uploads\/2020\/07\/ss_pic-03-280x280.png\" class=\"attachment-thumbnail size-thumbnail\" alt=\"\" decoding=\"async\" loading=\"lazy\" srcset=\"https:\/\/www.stikla-serviss.lv\/wp-content\/uploads\/2020\/07\/ss_pic-03-280x280.png 280w, https:\/\/www.stikla-serviss.lv\/wp-content\/uploads\/2020\/07\/ss_pic-03-401x400.png 401w, https:\/\/www.stikla-serviss.lv\/wp-content\/uploads\/2020\/07\/ss_pic-03-300x300.png 300w, https:\/\/www.stikla-serviss.lv\/wp-content\/uploads\/2020\/07\/ss_pic-03-100x100.png 100w, https:\/\/www.stikla-serviss.lv\/wp-content\/uploads\/2020\/07\/ss_pic-03-32x32.png 32w, https:\/\/www.stikla-serviss.lv\/wp-content\/uploads\/2020\/07\/ss_pic-03-e1604331865897.png 80w\" sizes=\"auto, (max-width: 280px) 100vw, 280px\" \/>\n\t\t\t<\/div><\/figure><figure class='gallery-item'>\n\t\t\t<div class='gallery-icon landscape'>\n\t\t\t\t<img width=\"280\" height=\"280\" src=\"https:\/\/www.stikla-serviss.lv\/wp-content\/uploads\/2020\/07\/ss_pic-04-280x280.png\" class=\"attachment-thumbnail size-thumbnail\" alt=\"\" decoding=\"async\" loading=\"lazy\" srcset=\"https:\/\/www.stikla-serviss.lv\/wp-content\/uploads\/2020\/07\/ss_pic-04-280x280.png 280w, https:\/\/www.stikla-serviss.lv\/wp-content\/uploads\/2020\/07\/ss_pic-04-400x400.png 400w, https:\/\/www.stikla-serviss.lv\/wp-content\/uploads\/2020\/07\/ss_pic-04-300x300.png 300w, https:\/\/www.stikla-serviss.lv\/wp-content\/uploads\/2020\/07\/ss_pic-04-100x100.png 100w, https:\/\/www.stikla-serviss.lv\/wp-content\/uploads\/2020\/07\/ss_pic-04-32x32.png 32w, https:\/\/www.stikla-serviss.lv\/wp-content\/uploads\/2020\/07\/ss_pic-04-e1604331879773.png 80w\" sizes=\"auto, (max-width: 280px) 100vw, 280px\" \/>\n\t\t\t<\/div><\/figure><figure class='gallery-item'>\n\t\t\t<div class='gallery-icon landscape'>\n\t\t\t\t<img width=\"280\" height=\"280\" src=\"https:\/\/www.stikla-serviss.lv\/wp-content\/uploads\/2020\/12\/ch_sn_ral-280x280.png\" class=\"attachment-thumbnail size-thumbnail\" alt=\"\" decoding=\"async\" loading=\"lazy\" srcset=\"https:\/\/www.stikla-serviss.lv\/wp-content\/uploads\/2020\/12\/ch_sn_ral-280x280.png 280w, https:\/\/www.stikla-serviss.lv\/wp-content\/uploads\/2020\/12\/ch_sn_ral-100x100.png 100w, https:\/\/www.stikla-serviss.lv\/wp-content\/uploads\/2020\/12\/ch_sn_ral-510x510.png 510w, https:\/\/www.stikla-serviss.lv\/wp-content\/uploads\/2020\/12\/ch_sn_ral-400x400.png 400w, https:\/\/www.stikla-serviss.lv\/wp-content\/uploads\/2020\/12\/ch_sn_ral-32x32.png 32w, https:\/\/www.stikla-serviss.lv\/wp-content\/uploads\/2020\/12\/ch_sn_ral.png 592w\" sizes=\"auto, (max-width: 280px) 100vw, 280px\" \/>\n\t\t\t<\/div><\/figure><figure class='gallery-item'>\n\t\t\t<div class='gallery-icon landscape'>\n\t\t\t\t<img width=\"280\" height=\"280\" src=\"https:\/\/www.stikla-serviss.lv\/wp-content\/uploads\/2020\/07\/ss_pic-09-280x280.png\" class=\"attachment-thumbnail size-thumbnail\" alt=\"\" decoding=\"async\" loading=\"lazy\" srcset=\"https:\/\/www.stikla-serviss.lv\/wp-content\/uploads\/2020\/07\/ss_pic-09-280x280.png 280w, https:\/\/www.stikla-serviss.lv\/wp-content\/uploads\/2020\/07\/ss_pic-09-400x400.png 400w, https:\/\/www.stikla-serviss.lv\/wp-content\/uploads\/2020\/07\/ss_pic-09-300x300.png 300w, https:\/\/www.stikla-serviss.lv\/wp-content\/uploads\/2020\/07\/ss_pic-09-100x100.png 100w, https:\/\/www.stikla-serviss.lv\/wp-content\/uploads\/2020\/07\/ss_pic-09-32x32.png 32w, https:\/\/www.stikla-serviss.lv\/wp-content\/uploads\/2020\/07\/ss_pic-09-e1604331937629.png 80w\" sizes=\"auto, (max-width: 280px) 100vw, 280px\" \/>\n\t\t\t<\/div><\/figure>\n\t\t<\/div>\n\n<p><img loading=\"lazy\" decoding=\"async\" class=\"alignnone wp-image-45367 \" src=\"https:\/\/www.stikla-serviss.lv\/wp-content\/uploads\/2023\/12\/Mono04.png\" alt=\"\" width=\"159\" height=\"161\" \/><\/p>\n","protected":false},"featured_media":47404,"template":"","meta":[],"product_brand":[],"product_cat":[337,307],"product_tag":[],"class_list":{"0":"post-53851","1":"product","2":"type-product","3":"status-publish","4":"has-post-thumbnail","6":"product_cat-sliding-system","7":"product_cat-glass-partition-walls","9":"first","10":"instock","11":"shipping-taxable","12":"product-type-simple"},"yoast_head":"<!-- This site is optimized with the Yoast SEO plugin v27.1.1 - https:\/\/yoast.com\/product\/yoast-seo-wordpress\/ -->\n<title>GLASS PARTITION WALLMON03 - STIKLA SERVISS<\/title>\n<meta name=\"description\" content=\"GLASS PARTITION WALLMON03 - STIKLA SERVISS\" \/>\n<meta name=\"robots\" content=\"index, follow, max-snippet:-1, max-image-preview:large, max-video-preview:-1\" \/>\n<link rel=\"canonical\" href=\"https:\/\/www.stikla-serviss.lv\/en\/product\/glass-partition-wall-mon03\/\" \/>\n<meta property=\"og:locale\" content=\"en_US\" \/>\n<meta property=\"og:type\" content=\"article\" \/>\n<meta property=\"og:title\" content=\"GLASS PARTITION WALLMON03 - STIKLA SERVISS\" \/>\n<meta property=\"og:description\" content=\"GLASS PARTITION WALLMON03 - STIKLA SERVISS\" \/>\n<meta property=\"og:url\" content=\"https:\/\/www.stikla-serviss.lv\/en\/product\/glass-partition-wall-mon03\/\" \/>\n<meta property=\"og:site_name\" content=\"STIKLA SERVISS\" \/>\n<meta property=\"article:modified_time\" content=\"2026-03-13T10:24:16+00:00\" \/>\n<meta property=\"og:image\" content=\"https:\/\/www.stikla-serviss.lv\/wp-content\/uploads\/2023\/12\/Mon03-e1708336389725.jpg\" \/>\n\t<meta property=\"og:image:width\" content=\"1800\" \/>\n\t<meta property=\"og:image:height\" content=\"1800\" \/>\n\t<meta property=\"og:image:type\" content=\"image\/jpeg\" \/>\n<meta name=\"twitter:card\" content=\"summary_large_image\" \/>\n<meta name=\"twitter:label1\" content=\"Est. reading time\" \/>\n\t<meta name=\"twitter:data1\" content=\"2 minutes\" \/>\n<script type=\"application\/ld+json\" class=\"yoast-schema-graph\">{\"@context\":\"https:\/\/schema.org\",\"@graph\":[{\"@type\":\"WebPage\",\"@id\":\"https:\/\/www.stikla-serviss.lv\/en\/product\/glass-partition-wall-mon03\/\",\"url\":\"https:\/\/www.stikla-serviss.lv\/en\/product\/glass-partition-wall-mon03\/\",\"name\":\"GLASS PARTITION WALLMON03 - STIKLA SERVISS\",\"isPartOf\":{\"@id\":\"https:\/\/www.stikla-serviss.lv\/en\/#website\"},\"primaryImageOfPage\":{\"@id\":\"https:\/\/www.stikla-serviss.lv\/en\/product\/glass-partition-wall-mon03\/#primaryimage\"},\"image\":{\"@id\":\"https:\/\/www.stikla-serviss.lv\/en\/product\/glass-partition-wall-mon03\/#primaryimage\"},\"thumbnailUrl\":\"https:\/\/www.stikla-serviss.lv\/wp-content\/uploads\/2023\/12\/Mon03-e1708336389725.jpg\",\"datePublished\":\"2023-12-22T07:10:09+00:00\",\"dateModified\":\"2026-03-13T10:24:16+00:00\",\"description\":\"GLASS PARTITION WALLMON03 - STIKLA SERVISS\",\"breadcrumb\":{\"@id\":\"https:\/\/www.stikla-serviss.lv\/en\/product\/glass-partition-wall-mon03\/#breadcrumb\"},\"inLanguage\":\"en-US\",\"potentialAction\":[{\"@type\":\"ReadAction\",\"target\":[\"https:\/\/www.stikla-serviss.lv\/en\/product\/glass-partition-wall-mon03\/\"]}]},{\"@type\":\"ImageObject\",\"inLanguage\":\"en-US\",\"@id\":\"https:\/\/www.stikla-serviss.lv\/en\/product\/glass-partition-wall-mon03\/#primaryimage\",\"url\":\"https:\/\/www.stikla-serviss.lv\/wp-content\/uploads\/2023\/12\/Mon03-e1708336389725.jpg\",\"contentUrl\":\"https:\/\/www.stikla-serviss.lv\/wp-content\/uploads\/2023\/12\/Mon03-e1708336389725.jpg\",\"width\":1800,\"height\":1800},{\"@type\":\"BreadcrumbList\",\"@id\":\"https:\/\/www.stikla-serviss.lv\/en\/product\/glass-partition-wall-mon03\/#breadcrumb\",\"itemListElement\":[{\"@type\":\"ListItem\",\"position\":1,\"name\":\"Home\",\"item\":\"https:\/\/www.stikla-serviss.lv\/en\/\"},{\"@type\":\"ListItem\",\"position\":2,\"name\":\"PRODUCTS\",\"item\":\"https:\/\/www.stikla-serviss.lv\/en\/produkti\/\"},{\"@type\":\"ListItem\",\"position\":3,\"name\":\"GLASS PARTITION WALLMON03\"}]},{\"@type\":\"WebSite\",\"@id\":\"https:\/\/www.stikla-serviss.lv\/en\/#website\",\"url\":\"https:\/\/www.stikla-serviss.lv\/en\/\",\"name\":\"STIKLA SERVISS\",\"description\":\"Stikla tirdzniec\u012bbas un stikla izstr\u0101d\u0101jumu ra\u017eo\u0161anas uz\u0146\u0113mums\",\"publisher\":{\"@id\":\"https:\/\/www.stikla-serviss.lv\/en\/#organization\"},\"potentialAction\":[{\"@type\":\"SearchAction\",\"target\":{\"@type\":\"EntryPoint\",\"urlTemplate\":\"https:\/\/www.stikla-serviss.lv\/en\/?s={search_term_string}\"},\"query-input\":{\"@type\":\"PropertyValueSpecification\",\"valueRequired\":true,\"valueName\":\"search_term_string\"}}],\"inLanguage\":\"en-US\"},{\"@type\":\"Organization\",\"@id\":\"https:\/\/www.stikla-serviss.lv\/en\/#organization\",\"name\":\"SIA \\\"STIKLA SERVISS\\\"\",\"url\":\"https:\/\/www.stikla-serviss.lv\/en\/\",\"logo\":{\"@type\":\"ImageObject\",\"inLanguage\":\"en-US\",\"@id\":\"https:\/\/www.stikla-serviss.lv\/en\/#\/schema\/logo\/image\/\",\"url\":\"https:\/\/www.stikla-serviss.lv\/wp-content\/uploads\/2020\/07\/LOGO-ISTS.jpg\",\"contentUrl\":\"https:\/\/www.stikla-serviss.lv\/wp-content\/uploads\/2020\/07\/LOGO-ISTS.jpg\",\"width\":1860,\"height\":817,\"caption\":\"SIA \\\"STIKLA SERVISS\\\"\"},\"image\":{\"@id\":\"https:\/\/www.stikla-serviss.lv\/en\/#\/schema\/logo\/image\/\"}}]}<\/script>\n<!-- \/ Yoast SEO plugin. -->","yoast_head_json":{"title":"GLASS PARTITION WALLMON03 - STIKLA SERVISS","description":"GLASS PARTITION WALLMON03 - STIKLA SERVISS","robots":{"index":"index","follow":"follow","max-snippet":"max-snippet:-1","max-image-preview":"max-image-preview:large","max-video-preview":"max-video-preview:-1"},"canonical":"https:\/\/www.stikla-serviss.lv\/en\/product\/glass-partition-wall-mon03\/","og_locale":"en_US","og_type":"article","og_title":"GLASS PARTITION WALLMON03 - STIKLA SERVISS","og_description":"GLASS PARTITION WALLMON03 - STIKLA SERVISS","og_url":"https:\/\/www.stikla-serviss.lv\/en\/product\/glass-partition-wall-mon03\/","og_site_name":"STIKLA SERVISS","article_modified_time":"2026-03-13T10:24:16+00:00","og_image":[{"width":1800,"height":1800,"url":"https:\/\/www.stikla-serviss.lv\/wp-content\/uploads\/2023\/12\/Mon03-e1708336389725.jpg","type":"image\/jpeg"}],"twitter_card":"summary_large_image","twitter_misc":{"Est. reading time":"2 minutes"},"schema":{"@context":"https:\/\/schema.org","@graph":[{"@type":"WebPage","@id":"https:\/\/www.stikla-serviss.lv\/en\/product\/glass-partition-wall-mon03\/","url":"https:\/\/www.stikla-serviss.lv\/en\/product\/glass-partition-wall-mon03\/","name":"GLASS PARTITION WALLMON03 - STIKLA SERVISS","isPartOf":{"@id":"https:\/\/www.stikla-serviss.lv\/en\/#website"},"primaryImageOfPage":{"@id":"https:\/\/www.stikla-serviss.lv\/en\/product\/glass-partition-wall-mon03\/#primaryimage"},"image":{"@id":"https:\/\/www.stikla-serviss.lv\/en\/product\/glass-partition-wall-mon03\/#primaryimage"},"thumbnailUrl":"https:\/\/www.stikla-serviss.lv\/wp-content\/uploads\/2023\/12\/Mon03-e1708336389725.jpg","datePublished":"2023-12-22T07:10:09+00:00","dateModified":"2026-03-13T10:24:16+00:00","description":"GLASS PARTITION WALLMON03 - STIKLA SERVISS","breadcrumb":{"@id":"https:\/\/www.stikla-serviss.lv\/en\/product\/glass-partition-wall-mon03\/#breadcrumb"},"inLanguage":"en-US","potentialAction":[{"@type":"ReadAction","target":["https:\/\/www.stikla-serviss.lv\/en\/product\/glass-partition-wall-mon03\/"]}]},{"@type":"ImageObject","inLanguage":"en-US","@id":"https:\/\/www.stikla-serviss.lv\/en\/product\/glass-partition-wall-mon03\/#primaryimage","url":"https:\/\/www.stikla-serviss.lv\/wp-content\/uploads\/2023\/12\/Mon03-e1708336389725.jpg","contentUrl":"https:\/\/www.stikla-serviss.lv\/wp-content\/uploads\/2023\/12\/Mon03-e1708336389725.jpg","width":1800,"height":1800},{"@type":"BreadcrumbList","@id":"https:\/\/www.stikla-serviss.lv\/en\/product\/glass-partition-wall-mon03\/#breadcrumb","itemListElement":[{"@type":"ListItem","position":1,"name":"Home","item":"https:\/\/www.stikla-serviss.lv\/en\/"},{"@type":"ListItem","position":2,"name":"PRODUCTS","item":"https:\/\/www.stikla-serviss.lv\/en\/produkti\/"},{"@type":"ListItem","position":3,"name":"GLASS PARTITION WALLMON03"}]},{"@type":"WebSite","@id":"https:\/\/www.stikla-serviss.lv\/en\/#website","url":"https:\/\/www.stikla-serviss.lv\/en\/","name":"STIKLA SERVISS","description":"Stikla tirdzniec\u012bbas un stikla izstr\u0101d\u0101jumu ra\u017eo\u0161anas uz\u0146\u0113mums","publisher":{"@id":"https:\/\/www.stikla-serviss.lv\/en\/#organization"},"potentialAction":[{"@type":"SearchAction","target":{"@type":"EntryPoint","urlTemplate":"https:\/\/www.stikla-serviss.lv\/en\/?s={search_term_string}"},"query-input":{"@type":"PropertyValueSpecification","valueRequired":true,"valueName":"search_term_string"}}],"inLanguage":"en-US"},{"@type":"Organization","@id":"https:\/\/www.stikla-serviss.lv\/en\/#organization","name":"SIA \"STIKLA SERVISS\"","url":"https:\/\/www.stikla-serviss.lv\/en\/","logo":{"@type":"ImageObject","inLanguage":"en-US","@id":"https:\/\/www.stikla-serviss.lv\/en\/#\/schema\/logo\/image\/","url":"https:\/\/www.stikla-serviss.lv\/wp-content\/uploads\/2020\/07\/LOGO-ISTS.jpg","contentUrl":"https:\/\/www.stikla-serviss.lv\/wp-content\/uploads\/2020\/07\/LOGO-ISTS.jpg","width":1860,"height":817,"caption":"SIA \"STIKLA SERVISS\""},"image":{"@id":"https:\/\/www.stikla-serviss.lv\/en\/#\/schema\/logo\/image\/"}}]}},"_links":{"self":[{"href":"https:\/\/www.stikla-serviss.lv\/en\/wp-json\/wp\/v2\/product\/53851","targetHints":{"allow":["GET"]}}],"collection":[{"href":"https:\/\/www.stikla-serviss.lv\/en\/wp-json\/wp\/v2\/product"}],"about":[{"href":"https:\/\/www.stikla-serviss.lv\/en\/wp-json\/wp\/v2\/types\/product"}],"wp:featuredmedia":[{"embeddable":true,"href":"https:\/\/www.stikla-serviss.lv\/en\/wp-json\/wp\/v2\/media\/47404"}],"wp:attachment":[{"href":"https:\/\/www.stikla-serviss.lv\/en\/wp-json\/wp\/v2\/media?parent=53851"}],"wp:term":[{"taxonomy":"product_brand","embeddable":true,"href":"https:\/\/www.stikla-serviss.lv\/en\/wp-json\/wp\/v2\/product_brand?post=53851"},{"taxonomy":"product_cat","embeddable":true,"href":"https:\/\/www.stikla-serviss.lv\/en\/wp-json\/wp\/v2\/product_cat?post=53851"},{"taxonomy":"product_tag","embeddable":true,"href":"https:\/\/www.stikla-serviss.lv\/en\/wp-json\/wp\/v2\/product_tag?post=53851"}],"curies":[{"name":"wp","href":"https:\/\/api.w.org\/{rel}","templated":true}]}}