{"id":5442,"date":"2020-11-26T10:36:59","date_gmt":"2020-11-26T07:36:59","guid":{"rendered":"https:\/\/www.stikla-serviss.lv\/product\/dusas-kabine-montagna\/"},"modified":"2025-12-22T14:16:42","modified_gmt":"2025-12-22T12:16:42","slug":"dusas-kabine-montagna","status":"publish","type":"product","link":"https:\/\/www.stikla-serviss.lv\/en\/product\/dusas-kabine-montagna\/","title":{"rendered":"SHOWER ENCLOSURE<p>MONTAGNA<\/p>"},"content":{"rendered":"<table style=\"border-collapse: collapse; width: 148.056%; height: 168px;\" border=\"0\" cellspacing=\"0\" cellpadding=\"0\">\n<colgroup>\n<col width=\"99\" \/>\n<col width=\"60\" \/>\n<col span=\"8\" width=\"76\" \/>\n<col width=\"73\" \/><\/colgroup>\n<tbody>\n<tr style=\"background-color: #8a8a8a;\">\n<td class=\"xl81\" style=\"vertical-align: top; text-align: center; width: 9.09003%; height: 43px;\"><span style=\"font-size: 90%; color: #ffffff;\">Code<\/span><\/td>\n<td class=\"xl81\" style=\"vertical-align: top; text-align: center; width: 6.22567%; height: 43px;\"><span style=\"font-size: 90%; color: #ffffff;\">Height (mm)<\/span><\/td>\n<td class=\"xl81\" style=\"vertical-align: top; text-align: center; width: 7.06222%; height: 43px;\"><span style=\"font-size: 90%; color: #ffffff;\">Width C (mm)<\/span><\/td>\n<td style=\"vertical-align: top; text-align: center; width: 8.57221%; height: 43px;\"><span style=\"font-size: 90%; color: #ffffff;\">Adjustment A (mm)<\/span><\/td>\n<td class=\"xl81\" style=\"vertical-align: top; text-align: center; width: 7.22953%; height: 43px;\"><span style=\"font-size: 90%; color: #ffffff;\">Entrance width A1\u00a0 (mm)<\/span><\/td>\n<td class=\"xl81\" style=\"vertical-align: top; text-align: center; width: 9.20514%; height: 43px;\"><span style=\"font-size: 90%; color: #ffffff;\">Adjustment B (mm)<\/span><\/td>\n<td class=\"xl80\" style=\"vertical-align: top; text-align: center; width: 4.71912%; height: 43px;\"><span style=\"font-size: 90%; color: #ffffff;\">Clear<\/span><\/td>\n<td class=\"xl80\" style=\"vertical-align: top; text-align: center; width: 6.32196%; height: 43px;\"><span style=\"font-size: 90%; color: #ffffff;\">Bronze or Gray<\/span><\/td>\n<td class=\"xl80\" style=\"vertical-align: top; text-align: center; width: 7.61486%; height: 43px;\"><span style=\"font-size: 90%; color: #ffffff;\">Matte White \/ Crepi<\/span><\/td>\n<td class=\"xl80\" style=\"vertical-align: top; text-align: center; width: 6.81707%; height: 43px;\"><span style=\"font-size: 90%; color: #ffffff;\">Matte Bronze \/ Gray \/ Extra Clear<\/span><\/td>\n<td class=\"xl83\" style=\"vertical-align: top; text-align: center; width: 3.76937%; height: 43px;\"><span style=\"font-size: 90%; color: #ffffff;\">Matte extra clear \/ Mirror <span style=\"color: #ffffff;\">\/ Linea<\/span><\/span><\/td>\n<\/tr>\n<tr style=\"height: 39px;\">\n<td style=\"width: 9.09003%; height: 39px; text-align: center;\"><span style=\"font-size: 90%;\">80x80MONT<\/span><\/td>\n<td class=\"xl82\" style=\"width: 6.22567%; height: 39px; text-align: center;\"><span style=\"font-size: 90%;\">2000<\/span><\/td>\n<td style=\"width: 7.06222%; height: 39px; text-align: center;\"><span style=\"font-size: 90%;\">777<\/span><\/td>\n<td style=\"width: 8.57221%; height: 39px; text-align: center;\"><span style=\"font-size: 90%;\">490-495<\/span><\/td>\n<td style=\"width: 7.22953%; height: 39px; text-align: center;\"><span style=\"font-size: 90%;\">450<\/span><\/td>\n<td style=\"width: 9.20514%; height: 39px; text-align: center;\"><span style=\"font-size: 90%;\">425-430<\/span><\/td>\n<td style=\"width: 4.71912%; text-align: center;\" width=\"73\">\u20ac847<\/td>\n<td style=\"width: 6.32196%; text-align: center;\" width=\"73\">\u20ac884<\/td>\n<td style=\"width: 7.61486%; text-align: center;\" width=\"72\">\u20ac957<\/td>\n<td style=\"width: 6.81707%; text-align: center;\" width=\"73\">\u20ac1 009<\/td>\n<td style=\"width: 3.76937%; text-align: center;\" width=\"72\">\u20ac1 160<\/td>\n<\/tr>\n<tr style=\"height: 30px;\">\n<td style=\"width: 9.09003%; height: 30px; text-align: center;\"><span style=\"font-size: 90%;\">90x90MONT<\/span><\/td>\n<td class=\"xl82\" style=\"width: 6.22567%; height: 30px; text-align: center;\"><span style=\"font-size: 90%;\">2000<\/span><\/td>\n<td style=\"width: 7.06222%; height: 30px; text-align: center;\"><span style=\"font-size: 90%;\">877<\/span><\/td>\n<td style=\"width: 8.57221%; height: 30px; text-align: center;\"><span style=\"font-size: 90%;\">490-495<\/span><\/td>\n<td style=\"width: 7.22953%; height: 30px; text-align: center;\"><span style=\"font-size: 90%;\">450<\/span><\/td>\n<td style=\"width: 9.20514%; height: 30px; text-align: center;\"><span style=\"font-size: 90%;\">525-530<\/span><\/td>\n<td style=\"width: 4.71912%; text-align: center;\" width=\"73\">\u20ac865<\/td>\n<td style=\"width: 6.32196%; text-align: center;\" width=\"73\">\u20ac901<\/td>\n<td style=\"width: 7.61486%; text-align: center;\" width=\"72\">\u20ac976<\/td>\n<td style=\"width: 6.81707%; text-align: center;\" width=\"73\">\u20ac1 028<\/td>\n<td style=\"width: 3.76937%; text-align: center;\" width=\"72\">\u20ac1 182<\/td>\n<\/tr>\n<tr style=\"height: 28px;\">\n<td style=\"width: 9.09003%; height: 28px; text-align: center;\"><span style=\"font-size: 90%;\">100x100MONT<\/span><\/td>\n<td class=\"xl82\" style=\"width: 6.22567%; height: 28px; text-align: center;\"><span style=\"font-size: 90%;\">2000<\/span><\/td>\n<td style=\"width: 7.06222%; height: 28px; text-align: center;\"><span style=\"font-size: 90%;\">977<\/span><\/td>\n<td style=\"width: 8.57221%; height: 28px; text-align: center;\"><span style=\"font-size: 90%;\">590-595<\/span><\/td>\n<td style=\"width: 7.22953%; height: 28px; text-align: center;\"><span style=\"font-size: 90%;\">550<\/span><\/td>\n<td style=\"width: 9.20514%; height: 28px; text-align: center;\"><span style=\"font-size: 90%;\">555-560<\/span><\/td>\n<td style=\"width: 4.71912%; text-align: center;\" width=\"73\">\u20ac884<\/td>\n<td style=\"width: 6.32196%; text-align: center;\" width=\"73\">\u20ac919<\/td>\n<td style=\"width: 7.61486%; text-align: center;\" width=\"72\">\u20ac995<\/td>\n<td style=\"width: 6.81707%; text-align: center;\" width=\"73\">\u20ac1 047<\/td>\n<td style=\"width: 3.76937%; text-align: center;\" width=\"72\">\u20ac1 203<\/td>\n<\/tr>\n<tr style=\"height: 28px;\">\n<td style=\"width: 9.09003%; height: 28px; text-align: center;\"><span style=\"font-size: 90%;\">110x110MONT<\/span><\/td>\n<td class=\"xl82\" style=\"width: 6.22567%; height: 28px; text-align: center;\"><span style=\"font-size: 90%;\">2000<\/span><\/td>\n<td style=\"width: 7.06222%; height: 28px; text-align: center;\"><span style=\"font-size: 90%;\">1077<\/span><\/td>\n<td style=\"width: 8.57221%; height: 28px; text-align: center;\"><span style=\"font-size: 90%;\">590-595<\/span><\/td>\n<td style=\"width: 7.22953%; height: 28px; text-align: center;\"><span style=\"font-size: 90%;\">550<\/span><\/td>\n<td style=\"width: 9.20514%; height: 28px; text-align: center;\"><span style=\"font-size: 90%;\">655-660<\/span><\/td>\n<td style=\"width: 4.71912%; text-align: center;\" width=\"73\">\u20ac901<\/td>\n<td style=\"width: 6.32196%; text-align: center;\" width=\"73\">\u20ac939<\/td>\n<td style=\"width: 7.61486%; text-align: center;\" width=\"72\">\u20ac1 012<\/td>\n<td style=\"width: 6.81707%; text-align: center;\" width=\"73\">\u20ac1 064<\/td>\n<td style=\"width: 3.76937%; text-align: center;\" width=\"72\">\u20ac1 223<\/td>\n<\/tr>\n<\/tbody>\n<\/table>\n<p>*All prices include VAT.<\/p>\n","protected":false},"excerpt":{"rendered":"<div id='gallery-1' class='gallery galleryid-5442 gallery-columns-6 gallery-size-thumbnail'><figure class='gallery-item'>\n\t\t\t<div class='gallery-icon landscape'>\n\t\t\t\t<img width=\"280\" height=\"280\" src=\"https:\/\/www.stikla-serviss.lv\/wp-content\/uploads\/2020\/07\/ss_pic-02-280x280.png\" class=\"attachment-thumbnail size-thumbnail\" alt=\"\" decoding=\"async\" loading=\"lazy\" srcset=\"https:\/\/www.stikla-serviss.lv\/wp-content\/uploads\/2020\/07\/ss_pic-02-280x280.png 280w, https:\/\/www.stikla-serviss.lv\/wp-content\/uploads\/2020\/07\/ss_pic-02-401x400.png 401w, https:\/\/www.stikla-serviss.lv\/wp-content\/uploads\/2020\/07\/ss_pic-02-300x300.png 300w, https:\/\/www.stikla-serviss.lv\/wp-content\/uploads\/2020\/07\/ss_pic-02-100x100.png 100w, https:\/\/www.stikla-serviss.lv\/wp-content\/uploads\/2020\/07\/ss_pic-02-32x32.png 32w, https:\/\/www.stikla-serviss.lv\/wp-content\/uploads\/2020\/07\/ss_pic-02-e1604331855484.png 80w\" sizes=\"auto, (max-width: 280px) 100vw, 280px\" \/>\n\t\t\t<\/div><\/figure><figure class='gallery-item'>\n\t\t\t<div class='gallery-icon landscape'>\n\t\t\t\t<img width=\"280\" height=\"280\" src=\"https:\/\/www.stikla-serviss.lv\/wp-content\/uploads\/2020\/07\/ss_pic-03-280x280.png\" class=\"attachment-thumbnail size-thumbnail\" alt=\"\" decoding=\"async\" loading=\"lazy\" srcset=\"https:\/\/www.stikla-serviss.lv\/wp-content\/uploads\/2020\/07\/ss_pic-03-280x280.png 280w, https:\/\/www.stikla-serviss.lv\/wp-content\/uploads\/2020\/07\/ss_pic-03-401x400.png 401w, https:\/\/www.stikla-serviss.lv\/wp-content\/uploads\/2020\/07\/ss_pic-03-300x300.png 300w, https:\/\/www.stikla-serviss.lv\/wp-content\/uploads\/2020\/07\/ss_pic-03-100x100.png 100w, https:\/\/www.stikla-serviss.lv\/wp-content\/uploads\/2020\/07\/ss_pic-03-32x32.png 32w, https:\/\/www.stikla-serviss.lv\/wp-content\/uploads\/2020\/07\/ss_pic-03-e1604331865897.png 80w\" sizes=\"auto, (max-width: 280px) 100vw, 280px\" \/>\n\t\t\t<\/div><\/figure><figure class='gallery-item'>\n\t\t\t<div class='gallery-icon landscape'>\n\t\t\t\t<img width=\"280\" height=\"280\" src=\"https:\/\/www.stikla-serviss.lv\/wp-content\/uploads\/2020\/07\/ss_pic-04-280x280.png\" class=\"attachment-thumbnail size-thumbnail\" alt=\"\" decoding=\"async\" loading=\"lazy\" srcset=\"https:\/\/www.stikla-serviss.lv\/wp-content\/uploads\/2020\/07\/ss_pic-04-280x280.png 280w, https:\/\/www.stikla-serviss.lv\/wp-content\/uploads\/2020\/07\/ss_pic-04-400x400.png 400w, https:\/\/www.stikla-serviss.lv\/wp-content\/uploads\/2020\/07\/ss_pic-04-300x300.png 300w, https:\/\/www.stikla-serviss.lv\/wp-content\/uploads\/2020\/07\/ss_pic-04-100x100.png 100w, https:\/\/www.stikla-serviss.lv\/wp-content\/uploads\/2020\/07\/ss_pic-04-32x32.png 32w, https:\/\/www.stikla-serviss.lv\/wp-content\/uploads\/2020\/07\/ss_pic-04-e1604331879773.png 80w\" sizes=\"auto, (max-width: 280px) 100vw, 280px\" \/>\n\t\t\t<\/div><\/figure><figure class='gallery-item'>\n\t\t\t<div class='gallery-icon landscape'>\n\t\t\t\t<img width=\"280\" height=\"280\" src=\"https:\/\/www.stikla-serviss.lv\/wp-content\/uploads\/2020\/07\/ss_pic-09-280x280.png\" class=\"attachment-thumbnail size-thumbnail\" alt=\"\" decoding=\"async\" loading=\"lazy\" srcset=\"https:\/\/www.stikla-serviss.lv\/wp-content\/uploads\/2020\/07\/ss_pic-09-280x280.png 280w, https:\/\/www.stikla-serviss.lv\/wp-content\/uploads\/2020\/07\/ss_pic-09-400x400.png 400w, https:\/\/www.stikla-serviss.lv\/wp-content\/uploads\/2020\/07\/ss_pic-09-300x300.png 300w, https:\/\/www.stikla-serviss.lv\/wp-content\/uploads\/2020\/07\/ss_pic-09-100x100.png 100w, https:\/\/www.stikla-serviss.lv\/wp-content\/uploads\/2020\/07\/ss_pic-09-32x32.png 32w, https:\/\/www.stikla-serviss.lv\/wp-content\/uploads\/2020\/07\/ss_pic-09-e1604331937629.png 80w\" sizes=\"auto, (max-width: 280px) 100vw, 280px\" \/>\n\t\t\t<\/div><\/figure><figure class='gallery-item'>\n\t\t\t<div class='gallery-icon landscape'>\n\t\t\t\t<img width=\"280\" height=\"280\" src=\"https:\/\/www.stikla-serviss.lv\/wp-content\/uploads\/2020\/07\/ss_pic-06-280x280.png\" class=\"attachment-thumbnail size-thumbnail\" alt=\"\" decoding=\"async\" loading=\"lazy\" srcset=\"https:\/\/www.stikla-serviss.lv\/wp-content\/uploads\/2020\/07\/ss_pic-06-280x280.png 280w, https:\/\/www.stikla-serviss.lv\/wp-content\/uploads\/2020\/07\/ss_pic-06-401x400.png 401w, https:\/\/www.stikla-serviss.lv\/wp-content\/uploads\/2020\/07\/ss_pic-06-300x300.png 300w, https:\/\/www.stikla-serviss.lv\/wp-content\/uploads\/2020\/07\/ss_pic-06-100x100.png 100w, https:\/\/www.stikla-serviss.lv\/wp-content\/uploads\/2020\/07\/ss_pic-06-32x32.png 32w, https:\/\/www.stikla-serviss.lv\/wp-content\/uploads\/2020\/07\/ss_pic-06-e1604331904953.png 80w\" sizes=\"auto, (max-width: 280px) 100vw, 280px\" \/>\n\t\t\t<\/div><\/figure><figure class='gallery-item'>\n\t\t\t<div class='gallery-icon landscape'>\n\t\t\t\t<img width=\"280\" height=\"280\" src=\"https:\/\/www.stikla-serviss.lv\/wp-content\/uploads\/2020\/07\/ss_pic-10-280x280.png\" class=\"attachment-thumbnail size-thumbnail\" alt=\"\" decoding=\"async\" loading=\"lazy\" srcset=\"https:\/\/www.stikla-serviss.lv\/wp-content\/uploads\/2020\/07\/ss_pic-10-280x280.png 280w, https:\/\/www.stikla-serviss.lv\/wp-content\/uploads\/2020\/07\/ss_pic-10-400x400.png 400w, https:\/\/www.stikla-serviss.lv\/wp-content\/uploads\/2020\/07\/ss_pic-10-300x300.png 300w, https:\/\/www.stikla-serviss.lv\/wp-content\/uploads\/2020\/07\/ss_pic-10-100x100.png 100w, https:\/\/www.stikla-serviss.lv\/wp-content\/uploads\/2020\/07\/ss_pic-10-32x32.png 32w, https:\/\/www.stikla-serviss.lv\/wp-content\/uploads\/2020\/07\/ss_pic-10-e1604331947327.png 80w\" sizes=\"auto, (max-width: 280px) 100vw, 280px\" \/>\n\t\t\t<\/div><\/figure><figure class='gallery-item'>\n\t\t\t<div class='gallery-icon landscape'>\n\t\t\t\t<img width=\"280\" height=\"280\" src=\"https:\/\/www.stikla-serviss.lv\/wp-content\/uploads\/2020\/07\/ss_pic-13-280x280.png\" class=\"attachment-thumbnail size-thumbnail\" alt=\"\" decoding=\"async\" loading=\"lazy\" srcset=\"https:\/\/www.stikla-serviss.lv\/wp-content\/uploads\/2020\/07\/ss_pic-13-280x280.png 280w, https:\/\/www.stikla-serviss.lv\/wp-content\/uploads\/2020\/07\/ss_pic-13-400x400.png 400w, https:\/\/www.stikla-serviss.lv\/wp-content\/uploads\/2020\/07\/ss_pic-13-300x300.png 300w, https:\/\/www.stikla-serviss.lv\/wp-content\/uploads\/2020\/07\/ss_pic-13-100x100.png 100w, https:\/\/www.stikla-serviss.lv\/wp-content\/uploads\/2020\/07\/ss_pic-13-32x32.png 32w, https:\/\/www.stikla-serviss.lv\/wp-content\/uploads\/2020\/07\/ss_pic-13-e1604331986104.png 80w\" sizes=\"auto, (max-width: 280px) 100vw, 280px\" \/>\n\t\t\t<\/div><\/figure><figure class='gallery-item'>\n\t\t\t<div class='gallery-icon landscape'>\n\t\t\t\t<img width=\"280\" height=\"280\" src=\"https:\/\/www.stikla-serviss.lv\/wp-content\/uploads\/2020\/07\/ss_pic-11-280x280.png\" class=\"attachment-thumbnail size-thumbnail\" alt=\"\" decoding=\"async\" loading=\"lazy\" srcset=\"https:\/\/www.stikla-serviss.lv\/wp-content\/uploads\/2020\/07\/ss_pic-11-280x280.png 280w, https:\/\/www.stikla-serviss.lv\/wp-content\/uploads\/2020\/07\/ss_pic-11-399x400.png 399w, https:\/\/www.stikla-serviss.lv\/wp-content\/uploads\/2020\/07\/ss_pic-11-300x300.png 300w, https:\/\/www.stikla-serviss.lv\/wp-content\/uploads\/2020\/07\/ss_pic-11-100x100.png 100w, https:\/\/www.stikla-serviss.lv\/wp-content\/uploads\/2020\/07\/ss_pic-11-32x32.png 32w, https:\/\/www.stikla-serviss.lv\/wp-content\/uploads\/2020\/07\/ss_pic-11-e1604331963655.png 80w\" sizes=\"auto, (max-width: 280px) 100vw, 280px\" \/>\n\t\t\t<\/div><\/figure>\n\t\t<\/div>\n\n<p><img loading=\"lazy\" decoding=\"async\" class=\"alignnone wp-image-5178 size-full\" src=\"https:\/\/www.stikla-serviss.lv\/wp-content\/uploads\/2020\/07\/kabine19.jpg\" alt=\"\" width=\"189\" height=\"199\" srcset=\"https:\/\/www.stikla-serviss.lv\/wp-content\/uploads\/2020\/07\/kabine19.jpg 189w, https:\/\/www.stikla-serviss.lv\/wp-content\/uploads\/2020\/07\/kabine19-30x32.jpg 30w\" sizes=\"auto, (max-width: 189px) 100vw, 189px\" \/><\/p>\n","protected":false},"featured_media":3787,"template":"","meta":[],"product_brand":[],"product_cat":[246,248],"product_tag":[],"class_list":{"0":"post-5442","1":"product","2":"type-product","3":"status-publish","4":"has-post-thumbnail","6":"product_cat-shower-enclosures-and-bath-screens","7":"product_cat-shower-enclosures","9":"first","10":"instock","11":"shipping-taxable","12":"product-type-simple"},"yoast_head":"<!-- This site is optimized with the Yoast SEO plugin v27.1.1 - https:\/\/yoast.com\/product\/yoast-seo-wordpress\/ -->\n<title>SHOWER ENCLOSUREMONTAGNA - STIKLA SERVISS<\/title>\n<meta name=\"description\" content=\"SHOWER ENCLOSUREMONTAGNA - STIKLA SERVISS\" \/>\n<meta name=\"robots\" content=\"index, follow, max-snippet:-1, max-image-preview:large, max-video-preview:-1\" \/>\n<link rel=\"canonical\" href=\"https:\/\/www.stikla-serviss.lv\/en\/product\/dusas-kabine-montagna\/\" \/>\n<meta property=\"og:locale\" content=\"en_US\" \/>\n<meta property=\"og:type\" content=\"article\" \/>\n<meta property=\"og:title\" content=\"SHOWER ENCLOSUREMONTAGNA - STIKLA SERVISS\" \/>\n<meta property=\"og:description\" content=\"SHOWER ENCLOSUREMONTAGNA - STIKLA SERVISS\" \/>\n<meta property=\"og:url\" content=\"https:\/\/www.stikla-serviss.lv\/en\/product\/dusas-kabine-montagna\/\" \/>\n<meta property=\"og:site_name\" content=\"STIKLA SERVISS\" \/>\n<meta property=\"article:modified_time\" content=\"2025-12-22T12:16:42+00:00\" \/>\n<meta property=\"og:image\" content=\"https:\/\/www.stikla-serviss.lv\/wp-content\/uploads\/2020\/12\/Montagna.jpg\" \/>\n\t<meta property=\"og:image:width\" content=\"1800\" \/>\n\t<meta property=\"og:image:height\" content=\"1800\" \/>\n\t<meta property=\"og:image:type\" content=\"image\/jpeg\" \/>\n<meta name=\"twitter:card\" content=\"summary_large_image\" \/>\n<meta name=\"twitter:label1\" content=\"Est. reading time\" \/>\n\t<meta name=\"twitter:data1\" content=\"1 minute\" \/>\n<script type=\"application\/ld+json\" class=\"yoast-schema-graph\">{\"@context\":\"https:\/\/schema.org\",\"@graph\":[{\"@type\":\"WebPage\",\"@id\":\"https:\/\/www.stikla-serviss.lv\/en\/product\/dusas-kabine-montagna\/\",\"url\":\"https:\/\/www.stikla-serviss.lv\/en\/product\/dusas-kabine-montagna\/\",\"name\":\"SHOWER ENCLOSUREMONTAGNA - STIKLA SERVISS\",\"isPartOf\":{\"@id\":\"https:\/\/www.stikla-serviss.lv\/en\/#website\"},\"primaryImageOfPage\":{\"@id\":\"https:\/\/www.stikla-serviss.lv\/en\/product\/dusas-kabine-montagna\/#primaryimage\"},\"image\":{\"@id\":\"https:\/\/www.stikla-serviss.lv\/en\/product\/dusas-kabine-montagna\/#primaryimage\"},\"thumbnailUrl\":\"https:\/\/www.stikla-serviss.lv\/wp-content\/uploads\/2020\/12\/Montagna.jpg\",\"datePublished\":\"2020-11-26T07:36:59+00:00\",\"dateModified\":\"2025-12-22T12:16:42+00:00\",\"description\":\"SHOWER ENCLOSUREMONTAGNA - STIKLA SERVISS\",\"breadcrumb\":{\"@id\":\"https:\/\/www.stikla-serviss.lv\/en\/product\/dusas-kabine-montagna\/#breadcrumb\"},\"inLanguage\":\"en-US\",\"potentialAction\":[{\"@type\":\"ReadAction\",\"target\":[\"https:\/\/www.stikla-serviss.lv\/en\/product\/dusas-kabine-montagna\/\"]}]},{\"@type\":\"ImageObject\",\"inLanguage\":\"en-US\",\"@id\":\"https:\/\/www.stikla-serviss.lv\/en\/product\/dusas-kabine-montagna\/#primaryimage\",\"url\":\"https:\/\/www.stikla-serviss.lv\/wp-content\/uploads\/2020\/12\/Montagna.jpg\",\"contentUrl\":\"https:\/\/www.stikla-serviss.lv\/wp-content\/uploads\/2020\/12\/Montagna.jpg\",\"width\":1800,\"height\":1800},{\"@type\":\"BreadcrumbList\",\"@id\":\"https:\/\/www.stikla-serviss.lv\/en\/product\/dusas-kabine-montagna\/#breadcrumb\",\"itemListElement\":[{\"@type\":\"ListItem\",\"position\":1,\"name\":\"Home\",\"item\":\"https:\/\/www.stikla-serviss.lv\/en\/\"},{\"@type\":\"ListItem\",\"position\":2,\"name\":\"PRODUCTS\",\"item\":\"https:\/\/www.stikla-serviss.lv\/en\/produkti\/\"},{\"@type\":\"ListItem\",\"position\":3,\"name\":\"SHOWER ENCLOSUREMONTAGNA\"}]},{\"@type\":\"WebSite\",\"@id\":\"https:\/\/www.stikla-serviss.lv\/en\/#website\",\"url\":\"https:\/\/www.stikla-serviss.lv\/en\/\",\"name\":\"STIKLA SERVISS\",\"description\":\"Stikla tirdzniec\u012bbas un stikla izstr\u0101d\u0101jumu ra\u017eo\u0161anas uz\u0146\u0113mums\",\"publisher\":{\"@id\":\"https:\/\/www.stikla-serviss.lv\/en\/#organization\"},\"potentialAction\":[{\"@type\":\"SearchAction\",\"target\":{\"@type\":\"EntryPoint\",\"urlTemplate\":\"https:\/\/www.stikla-serviss.lv\/en\/?s={search_term_string}\"},\"query-input\":{\"@type\":\"PropertyValueSpecification\",\"valueRequired\":true,\"valueName\":\"search_term_string\"}}],\"inLanguage\":\"en-US\"},{\"@type\":\"Organization\",\"@id\":\"https:\/\/www.stikla-serviss.lv\/en\/#organization\",\"name\":\"SIA \\\"STIKLA SERVISS\\\"\",\"url\":\"https:\/\/www.stikla-serviss.lv\/en\/\",\"logo\":{\"@type\":\"ImageObject\",\"inLanguage\":\"en-US\",\"@id\":\"https:\/\/www.stikla-serviss.lv\/en\/#\/schema\/logo\/image\/\",\"url\":\"https:\/\/www.stikla-serviss.lv\/wp-content\/uploads\/2020\/07\/LOGO-ISTS.jpg\",\"contentUrl\":\"https:\/\/www.stikla-serviss.lv\/wp-content\/uploads\/2020\/07\/LOGO-ISTS.jpg\",\"width\":1860,\"height\":817,\"caption\":\"SIA \\\"STIKLA SERVISS\\\"\"},\"image\":{\"@id\":\"https:\/\/www.stikla-serviss.lv\/en\/#\/schema\/logo\/image\/\"}}]}<\/script>\n<!-- \/ Yoast SEO plugin. -->","yoast_head_json":{"title":"SHOWER ENCLOSUREMONTAGNA - STIKLA SERVISS","description":"SHOWER ENCLOSUREMONTAGNA - STIKLA SERVISS","robots":{"index":"index","follow":"follow","max-snippet":"max-snippet:-1","max-image-preview":"max-image-preview:large","max-video-preview":"max-video-preview:-1"},"canonical":"https:\/\/www.stikla-serviss.lv\/en\/product\/dusas-kabine-montagna\/","og_locale":"en_US","og_type":"article","og_title":"SHOWER ENCLOSUREMONTAGNA - STIKLA SERVISS","og_description":"SHOWER ENCLOSUREMONTAGNA - STIKLA SERVISS","og_url":"https:\/\/www.stikla-serviss.lv\/en\/product\/dusas-kabine-montagna\/","og_site_name":"STIKLA SERVISS","article_modified_time":"2025-12-22T12:16:42+00:00","og_image":[{"width":1800,"height":1800,"url":"https:\/\/www.stikla-serviss.lv\/wp-content\/uploads\/2020\/12\/Montagna.jpg","type":"image\/jpeg"}],"twitter_card":"summary_large_image","twitter_misc":{"Est. reading time":"1 minute"},"schema":{"@context":"https:\/\/schema.org","@graph":[{"@type":"WebPage","@id":"https:\/\/www.stikla-serviss.lv\/en\/product\/dusas-kabine-montagna\/","url":"https:\/\/www.stikla-serviss.lv\/en\/product\/dusas-kabine-montagna\/","name":"SHOWER ENCLOSUREMONTAGNA - STIKLA SERVISS","isPartOf":{"@id":"https:\/\/www.stikla-serviss.lv\/en\/#website"},"primaryImageOfPage":{"@id":"https:\/\/www.stikla-serviss.lv\/en\/product\/dusas-kabine-montagna\/#primaryimage"},"image":{"@id":"https:\/\/www.stikla-serviss.lv\/en\/product\/dusas-kabine-montagna\/#primaryimage"},"thumbnailUrl":"https:\/\/www.stikla-serviss.lv\/wp-content\/uploads\/2020\/12\/Montagna.jpg","datePublished":"2020-11-26T07:36:59+00:00","dateModified":"2025-12-22T12:16:42+00:00","description":"SHOWER ENCLOSUREMONTAGNA - STIKLA SERVISS","breadcrumb":{"@id":"https:\/\/www.stikla-serviss.lv\/en\/product\/dusas-kabine-montagna\/#breadcrumb"},"inLanguage":"en-US","potentialAction":[{"@type":"ReadAction","target":["https:\/\/www.stikla-serviss.lv\/en\/product\/dusas-kabine-montagna\/"]}]},{"@type":"ImageObject","inLanguage":"en-US","@id":"https:\/\/www.stikla-serviss.lv\/en\/product\/dusas-kabine-montagna\/#primaryimage","url":"https:\/\/www.stikla-serviss.lv\/wp-content\/uploads\/2020\/12\/Montagna.jpg","contentUrl":"https:\/\/www.stikla-serviss.lv\/wp-content\/uploads\/2020\/12\/Montagna.jpg","width":1800,"height":1800},{"@type":"BreadcrumbList","@id":"https:\/\/www.stikla-serviss.lv\/en\/product\/dusas-kabine-montagna\/#breadcrumb","itemListElement":[{"@type":"ListItem","position":1,"name":"Home","item":"https:\/\/www.stikla-serviss.lv\/en\/"},{"@type":"ListItem","position":2,"name":"PRODUCTS","item":"https:\/\/www.stikla-serviss.lv\/en\/produkti\/"},{"@type":"ListItem","position":3,"name":"SHOWER ENCLOSUREMONTAGNA"}]},{"@type":"WebSite","@id":"https:\/\/www.stikla-serviss.lv\/en\/#website","url":"https:\/\/www.stikla-serviss.lv\/en\/","name":"STIKLA SERVISS","description":"Stikla tirdzniec\u012bbas un stikla izstr\u0101d\u0101jumu ra\u017eo\u0161anas uz\u0146\u0113mums","publisher":{"@id":"https:\/\/www.stikla-serviss.lv\/en\/#organization"},"potentialAction":[{"@type":"SearchAction","target":{"@type":"EntryPoint","urlTemplate":"https:\/\/www.stikla-serviss.lv\/en\/?s={search_term_string}"},"query-input":{"@type":"PropertyValueSpecification","valueRequired":true,"valueName":"search_term_string"}}],"inLanguage":"en-US"},{"@type":"Organization","@id":"https:\/\/www.stikla-serviss.lv\/en\/#organization","name":"SIA \"STIKLA SERVISS\"","url":"https:\/\/www.stikla-serviss.lv\/en\/","logo":{"@type":"ImageObject","inLanguage":"en-US","@id":"https:\/\/www.stikla-serviss.lv\/en\/#\/schema\/logo\/image\/","url":"https:\/\/www.stikla-serviss.lv\/wp-content\/uploads\/2020\/07\/LOGO-ISTS.jpg","contentUrl":"https:\/\/www.stikla-serviss.lv\/wp-content\/uploads\/2020\/07\/LOGO-ISTS.jpg","width":1860,"height":817,"caption":"SIA \"STIKLA SERVISS\""},"image":{"@id":"https:\/\/www.stikla-serviss.lv\/en\/#\/schema\/logo\/image\/"}}]}},"_links":{"self":[{"href":"https:\/\/www.stikla-serviss.lv\/en\/wp-json\/wp\/v2\/product\/5442","targetHints":{"allow":["GET"]}}],"collection":[{"href":"https:\/\/www.stikla-serviss.lv\/en\/wp-json\/wp\/v2\/product"}],"about":[{"href":"https:\/\/www.stikla-serviss.lv\/en\/wp-json\/wp\/v2\/types\/product"}],"wp:featuredmedia":[{"embeddable":true,"href":"https:\/\/www.stikla-serviss.lv\/en\/wp-json\/wp\/v2\/media\/3787"}],"wp:attachment":[{"href":"https:\/\/www.stikla-serviss.lv\/en\/wp-json\/wp\/v2\/media?parent=5442"}],"wp:term":[{"taxonomy":"product_brand","embeddable":true,"href":"https:\/\/www.stikla-serviss.lv\/en\/wp-json\/wp\/v2\/product_brand?post=5442"},{"taxonomy":"product_cat","embeddable":true,"href":"https:\/\/www.stikla-serviss.lv\/en\/wp-json\/wp\/v2\/product_cat?post=5442"},{"taxonomy":"product_tag","embeddable":true,"href":"https:\/\/www.stikla-serviss.lv\/en\/wp-json\/wp\/v2\/product_tag?post=5442"}],"curies":[{"name":"wp","href":"https:\/\/api.w.org\/{rel}","templated":true}]}}