{"id":5447,"date":"2020-11-21T12:01:01","date_gmt":"2020-11-21T09:01:01","guid":{"rendered":"https:\/\/www.stikla-serviss.lv\/product\/dusas-kabine-sabrina\/"},"modified":"2025-04-29T14:57:43","modified_gmt":"2025-04-29T11:57:43","slug":"dusas-kabine-sabrina","status":"publish","type":"product","link":"https:\/\/www.stikla-serviss.lv\/en\/product\/dusas-kabine-sabrina\/","title":{"rendered":"SHOWER ENCLOSURE<p>SABRINA<\/p>"},"content":{"rendered":"<table style=\"border-collapse: collapse; width: 1261px;\" border=\"0\" cellspacing=\"0\" cellpadding=\"0\">\n<colgroup>\n<col width=\"99\" \/>\n<col width=\"60\" \/>\n<col span=\"8\" width=\"76\" \/>\n<col width=\"73\" \/><\/colgroup>\n<tbody>\n<tr style=\"background-color: #8a8a8a;\">\n<td class=\"xl81\" style=\"vertical-align: top; text-align: center; width: 160px;\"><span style=\"font-size: 90%; color: #ffffff;\">Code<\/span><\/td>\n<td class=\"xl81\" style=\"vertical-align: top; text-align: center; width: 97px;\"><span style=\"font-size: 90%; color: #ffffff;\">Height (mm)<\/span><\/td>\n<td class=\"xl81\" style=\"vertical-align: top; text-align: center; width: 122px;\"><span style=\"font-size: 90%; color: #ffffff;\">Adjustment A+B (mm)<\/span><\/td>\n<td class=\"xl81\" style=\"vertical-align: top; text-align: center; width: 123px;\"><span style=\"font-size: 90%; color: #ffffff;\">Entrance width A1\u00a0 (mm)<\/span><\/td>\n<td class=\"xl81\" style=\"vertical-align: top; text-align: center; width: 123px;\"><span style=\"font-size: 90%; color: #ffffff;\">Width B (mm)<\/span><\/td>\n<td class=\"xl80\" style=\"vertical-align: top; text-align: center; width: 50px;\"><span style=\"font-size: 90%; color: #ffffff;\">Clear<\/span><\/td>\n<td class=\"xl80\" style=\"vertical-align: top; text-align: center; width: 136px;\"><span style=\"font-size: 90%; color: #ffffff;\">Bronze or Gray<\/span><\/td>\n<td class=\"xl80\" style=\"vertical-align: top; text-align: center; width: 143px;\"><span style=\"font-size: 90%; color: #ffffff;\">Matte White \/ Crepi<\/span><\/td>\n<td class=\"xl80\" style=\"vertical-align: top; text-align: center; width: 153px;\"><span style=\"font-size: 90%; color: #ffffff;\">Matte Bronze \/ Gray \/ Extra Clear<\/span><\/td>\n<td class=\"xl83\" style=\"vertical-align: top; text-align: center; width: 154px;\"><span style=\"font-size: 90%; color: #ffffff;\">Matte extra clear \/ Mirror <span style=\"color: #ffffff;\">\/ Linea<\/span><\/span><\/td>\n<\/tr>\n<tr>\n<td style=\"text-align: center; width: 160px;\"><span style=\"font-size: 90%;\">70x70SAB<\/span><\/td>\n<td class=\"xl82\" style=\"text-align: center; width: 97px;\"><span style=\"font-size: 90%;\">2000<\/span><\/td>\n<td style=\"text-align: center; width: 122px;\"><span style=\"font-size: 90%;\">680-700<\/span><\/td>\n<td style=\"text-align: center; width: 123px;\"><span style=\"font-size: 90%;\">380<\/span><\/td>\n<td style=\"text-align: center; width: 123px;\"><span style=\"font-size: 90%;\">370<\/span><\/td>\n<td style=\"width: 50px; text-align: center;\" width=\"69\"><span style=\"font-size: 90%;\">\u20ac930<\/span><\/td>\n<td style=\"width: 136px; text-align: center;\" width=\"67\"><span style=\"font-size: 90%;\">\u20ac973<\/span><\/td>\n<td style=\"width: 143px; text-align: center;\" width=\"67\"><span style=\"font-size: 90%;\">\u20ac1 015<\/span><\/td>\n<td style=\"width: 153px; text-align: center;\" width=\"67\"><span style=\"font-size: 90%;\">\u20ac1 058<\/span><\/td>\n<td style=\"width: 154px; text-align: center;\" width=\"90\"><span style=\"font-size: 90%;\">\u20ac1 217<\/span><\/td>\n<\/tr>\n<tr>\n<td style=\"text-align: center; width: 160px;\"><span style=\"font-size: 90%;\">80x80SAB<\/span><\/td>\n<td class=\"xl82\" style=\"text-align: center; width: 97px;\"><span style=\"font-size: 90%;\">2000<\/span><\/td>\n<td style=\"text-align: center; width: 122px;\"><span style=\"font-size: 90%;\">780-700<\/span><\/td>\n<td style=\"text-align: center; width: 123px;\"><span style=\"font-size: 90%;\">450<\/span><\/td>\n<td style=\"text-align: center; width: 123px;\"><span style=\"font-size: 90%;\">420<\/span><\/td>\n<td style=\"width: 50px; text-align: center;\" width=\"69\"><span style=\"font-size: 90%;\">\u20ac951<\/span><\/td>\n<td style=\"width: 136px; text-align: center;\" width=\"67\"><span style=\"font-size: 90%;\">\u20ac994<\/span><\/td>\n<td style=\"width: 143px; text-align: center;\" width=\"67\"><span style=\"font-size: 90%;\">\u20ac1 037<\/span><\/td>\n<td style=\"width: 153px; text-align: center;\" width=\"67\"><span style=\"font-size: 90%;\">\u20ac1 079<\/span><\/td>\n<td style=\"width: 154px; text-align: center;\" width=\"90\"><span style=\"font-size: 90%;\">\u20ac1 241<\/span><\/td>\n<\/tr>\n<tr>\n<td style=\"text-align: center; width: 160px;\"><span style=\"font-size: 90%;\">90x90SAB<\/span><\/td>\n<td class=\"xl82\" style=\"text-align: center; width: 97px;\"><span style=\"font-size: 90%;\">2000<\/span><\/td>\n<td style=\"text-align: center; width: 122px;\"><span style=\"font-size: 90%;\">880-900<\/span><\/td>\n<td style=\"text-align: center; width: 123px;\"><span style=\"font-size: 90%;\">520<\/span><\/td>\n<td style=\"text-align: center; width: 123px;\"><span style=\"font-size: 90%;\">470<\/span><\/td>\n<td style=\"width: 50px; text-align: center;\" width=\"69\"><span style=\"font-size: 90%;\">\u20ac973<\/span><\/td>\n<td style=\"width: 136px; text-align: center;\" width=\"67\"><span style=\"font-size: 90%;\">\u20ac1 015<\/span><\/td>\n<td style=\"width: 143px; text-align: center;\" width=\"67\"><span style=\"font-size: 90%;\">\u20ac1 058<\/span><\/td>\n<td style=\"width: 153px; text-align: center;\" width=\"67\"><span style=\"font-size: 90%;\">\u20ac1 101<\/span><\/td>\n<td style=\"width: 154px; text-align: center;\" width=\"90\"><span style=\"font-size: 90%;\">\u20ac1 266<\/span><\/td>\n<\/tr>\n<tr>\n<td style=\"text-align: center; width: 160px;\"><span style=\"font-size: 90%;\">100x100SAB<\/span><\/td>\n<td class=\"xl82\" style=\"text-align: center; width: 97px;\"><span style=\"font-size: 90%;\">2000<\/span><\/td>\n<td style=\"text-align: center; width: 122px;\"><span style=\"font-size: 90%;\">980-1000<\/span><\/td>\n<td style=\"text-align: center; width: 123px;\"><span style=\"font-size: 90%;\">520<\/span><\/td>\n<td style=\"text-align: center; width: 123px;\"><span style=\"font-size: 90%;\">520<\/span><\/td>\n<td style=\"width: 50px; text-align: center;\" width=\"69\"><span style=\"font-size: 90%;\">\u20ac994<\/span><\/td>\n<td style=\"width: 136px; text-align: center;\" width=\"67\"><span style=\"font-size: 90%;\">\u20ac1 037<\/span><\/td>\n<td style=\"width: 143px; text-align: center;\" width=\"67\"><span style=\"font-size: 90%;\">\u20ac1 079<\/span><\/td>\n<td style=\"width: 153px; text-align: center;\" width=\"67\"><span style=\"font-size: 90%;\">\u20ac1 122<\/span><\/td>\n<td style=\"width: 154px; text-align: center;\" width=\"90\"><span style=\"font-size: 90%;\">\u20ac1 291<\/span><\/td>\n<\/tr>\n<\/tbody>\n<\/table>\n<p>&nbsp;<\/p>\n","protected":false},"excerpt":{"rendered":"<div id='gallery-1' class='gallery galleryid-5447 gallery-columns-6 gallery-size-thumbnail'><figure class='gallery-item'>\n\t\t\t<div class='gallery-icon landscape'>\n\t\t\t\t<img width=\"280\" height=\"280\" src=\"https:\/\/www.stikla-serviss.lv\/wp-content\/uploads\/2020\/07\/ss_pic-02-280x280.png\" class=\"attachment-thumbnail size-thumbnail\" alt=\"\" decoding=\"async\" loading=\"lazy\" srcset=\"https:\/\/www.stikla-serviss.lv\/wp-content\/uploads\/2020\/07\/ss_pic-02-280x280.png 280w, https:\/\/www.stikla-serviss.lv\/wp-content\/uploads\/2020\/07\/ss_pic-02-401x400.png 401w, https:\/\/www.stikla-serviss.lv\/wp-content\/uploads\/2020\/07\/ss_pic-02-300x300.png 300w, https:\/\/www.stikla-serviss.lv\/wp-content\/uploads\/2020\/07\/ss_pic-02-100x100.png 100w, https:\/\/www.stikla-serviss.lv\/wp-content\/uploads\/2020\/07\/ss_pic-02-32x32.png 32w, https:\/\/www.stikla-serviss.lv\/wp-content\/uploads\/2020\/07\/ss_pic-02-e1604331855484.png 80w\" sizes=\"auto, (max-width: 280px) 100vw, 280px\" \/>\n\t\t\t<\/div><\/figure><figure class='gallery-item'>\n\t\t\t<div class='gallery-icon landscape'>\n\t\t\t\t<img width=\"280\" height=\"280\" src=\"https:\/\/www.stikla-serviss.lv\/wp-content\/uploads\/2020\/07\/ss_pic-03-280x280.png\" class=\"attachment-thumbnail size-thumbnail\" alt=\"\" decoding=\"async\" loading=\"lazy\" srcset=\"https:\/\/www.stikla-serviss.lv\/wp-content\/uploads\/2020\/07\/ss_pic-03-280x280.png 280w, https:\/\/www.stikla-serviss.lv\/wp-content\/uploads\/2020\/07\/ss_pic-03-401x400.png 401w, https:\/\/www.stikla-serviss.lv\/wp-content\/uploads\/2020\/07\/ss_pic-03-300x300.png 300w, https:\/\/www.stikla-serviss.lv\/wp-content\/uploads\/2020\/07\/ss_pic-03-100x100.png 100w, https:\/\/www.stikla-serviss.lv\/wp-content\/uploads\/2020\/07\/ss_pic-03-32x32.png 32w, https:\/\/www.stikla-serviss.lv\/wp-content\/uploads\/2020\/07\/ss_pic-03-e1604331865897.png 80w\" sizes=\"auto, (max-width: 280px) 100vw, 280px\" \/>\n\t\t\t<\/div><\/figure><figure class='gallery-item'>\n\t\t\t<div class='gallery-icon landscape'>\n\t\t\t\t<img width=\"280\" height=\"280\" src=\"https:\/\/www.stikla-serviss.lv\/wp-content\/uploads\/2020\/07\/ss_pic-04-280x280.png\" class=\"attachment-thumbnail size-thumbnail\" alt=\"\" decoding=\"async\" loading=\"lazy\" srcset=\"https:\/\/www.stikla-serviss.lv\/wp-content\/uploads\/2020\/07\/ss_pic-04-280x280.png 280w, https:\/\/www.stikla-serviss.lv\/wp-content\/uploads\/2020\/07\/ss_pic-04-400x400.png 400w, https:\/\/www.stikla-serviss.lv\/wp-content\/uploads\/2020\/07\/ss_pic-04-300x300.png 300w, https:\/\/www.stikla-serviss.lv\/wp-content\/uploads\/2020\/07\/ss_pic-04-100x100.png 100w, https:\/\/www.stikla-serviss.lv\/wp-content\/uploads\/2020\/07\/ss_pic-04-32x32.png 32w, https:\/\/www.stikla-serviss.lv\/wp-content\/uploads\/2020\/07\/ss_pic-04-e1604331879773.png 80w\" sizes=\"auto, (max-width: 280px) 100vw, 280px\" \/>\n\t\t\t<\/div><\/figure><figure class='gallery-item'>\n\t\t\t<div class='gallery-icon landscape'>\n\t\t\t\t<img width=\"280\" height=\"280\" src=\"https:\/\/www.stikla-serviss.lv\/wp-content\/uploads\/2020\/12\/ch_sn_ral-280x280.png\" class=\"attachment-thumbnail size-thumbnail\" alt=\"\" decoding=\"async\" loading=\"lazy\" srcset=\"https:\/\/www.stikla-serviss.lv\/wp-content\/uploads\/2020\/12\/ch_sn_ral-280x280.png 280w, https:\/\/www.stikla-serviss.lv\/wp-content\/uploads\/2020\/12\/ch_sn_ral-100x100.png 100w, https:\/\/www.stikla-serviss.lv\/wp-content\/uploads\/2020\/12\/ch_sn_ral-510x510.png 510w, https:\/\/www.stikla-serviss.lv\/wp-content\/uploads\/2020\/12\/ch_sn_ral-400x400.png 400w, https:\/\/www.stikla-serviss.lv\/wp-content\/uploads\/2020\/12\/ch_sn_ral-32x32.png 32w, https:\/\/www.stikla-serviss.lv\/wp-content\/uploads\/2020\/12\/ch_sn_ral.png 592w\" sizes=\"auto, (max-width: 280px) 100vw, 280px\" \/>\n\t\t\t<\/div><\/figure><figure class='gallery-item'>\n\t\t\t<div class='gallery-icon landscape'>\n\t\t\t\t<img width=\"280\" height=\"280\" src=\"https:\/\/www.stikla-serviss.lv\/wp-content\/uploads\/2020\/07\/ss_pic-09-280x280.png\" class=\"attachment-thumbnail size-thumbnail\" alt=\"\" decoding=\"async\" loading=\"lazy\" srcset=\"https:\/\/www.stikla-serviss.lv\/wp-content\/uploads\/2020\/07\/ss_pic-09-280x280.png 280w, https:\/\/www.stikla-serviss.lv\/wp-content\/uploads\/2020\/07\/ss_pic-09-400x400.png 400w, https:\/\/www.stikla-serviss.lv\/wp-content\/uploads\/2020\/07\/ss_pic-09-300x300.png 300w, https:\/\/www.stikla-serviss.lv\/wp-content\/uploads\/2020\/07\/ss_pic-09-100x100.png 100w, https:\/\/www.stikla-serviss.lv\/wp-content\/uploads\/2020\/07\/ss_pic-09-32x32.png 32w, https:\/\/www.stikla-serviss.lv\/wp-content\/uploads\/2020\/07\/ss_pic-09-e1604331937629.png 80w\" sizes=\"auto, (max-width: 280px) 100vw, 280px\" \/>\n\t\t\t<\/div><\/figure><figure class='gallery-item'>\n\t\t\t<div class='gallery-icon landscape'>\n\t\t\t\t<img width=\"280\" height=\"280\" src=\"https:\/\/www.stikla-serviss.lv\/wp-content\/uploads\/2020\/07\/ss_pic-13-280x280.png\" class=\"attachment-thumbnail size-thumbnail\" alt=\"\" decoding=\"async\" loading=\"lazy\" srcset=\"https:\/\/www.stikla-serviss.lv\/wp-content\/uploads\/2020\/07\/ss_pic-13-280x280.png 280w, https:\/\/www.stikla-serviss.lv\/wp-content\/uploads\/2020\/07\/ss_pic-13-400x400.png 400w, https:\/\/www.stikla-serviss.lv\/wp-content\/uploads\/2020\/07\/ss_pic-13-300x300.png 300w, https:\/\/www.stikla-serviss.lv\/wp-content\/uploads\/2020\/07\/ss_pic-13-100x100.png 100w, https:\/\/www.stikla-serviss.lv\/wp-content\/uploads\/2020\/07\/ss_pic-13-32x32.png 32w, https:\/\/www.stikla-serviss.lv\/wp-content\/uploads\/2020\/07\/ss_pic-13-e1604331986104.png 80w\" sizes=\"auto, (max-width: 280px) 100vw, 280px\" \/>\n\t\t\t<\/div><\/figure>\n\t\t<\/div>\n\n<p><img loading=\"lazy\" decoding=\"async\" class=\"alignnone wp-image-5174 size-full\" src=\"https:\/\/www.stikla-serviss.lv\/wp-content\/uploads\/2020\/07\/kabine18.jpg\" alt=\"\" width=\"201\" height=\"198\" srcset=\"https:\/\/www.stikla-serviss.lv\/wp-content\/uploads\/2020\/07\/kabine18.jpg 201w, https:\/\/www.stikla-serviss.lv\/wp-content\/uploads\/2020\/07\/kabine18-100x100.jpg 100w, https:\/\/www.stikla-serviss.lv\/wp-content\/uploads\/2020\/07\/kabine18-32x32.jpg 32w\" sizes=\"auto, (max-width: 201px) 100vw, 201px\" \/><\/p>\n","protected":false},"featured_media":3851,"template":"","meta":[],"product_brand":[],"product_cat":[246,248],"product_tag":[],"class_list":{"0":"post-5447","1":"product","2":"type-product","3":"status-publish","4":"has-post-thumbnail","6":"product_cat-shower-enclosures-and-bath-screens","7":"product_cat-shower-enclosures","9":"first","10":"instock","11":"shipping-taxable","12":"product-type-simple"},"yoast_head":"<!-- This site is optimized with the Yoast SEO plugin v27.1.1 - https:\/\/yoast.com\/product\/yoast-seo-wordpress\/ -->\n<title>SHOWER ENCLOSURESABRINA - STIKLA SERVISS<\/title>\n<meta name=\"description\" content=\"SHOWER ENCLOSURESABRINA - STIKLA SERVISS\" \/>\n<meta name=\"robots\" content=\"index, follow, max-snippet:-1, max-image-preview:large, max-video-preview:-1\" \/>\n<link rel=\"canonical\" href=\"https:\/\/www.stikla-serviss.lv\/en\/product\/dusas-kabine-sabrina\/\" \/>\n<meta property=\"og:locale\" content=\"en_US\" \/>\n<meta property=\"og:type\" content=\"article\" \/>\n<meta property=\"og:title\" content=\"SHOWER ENCLOSURESABRINA - STIKLA SERVISS\" \/>\n<meta property=\"og:description\" content=\"SHOWER ENCLOSURESABRINA - STIKLA SERVISS\" \/>\n<meta property=\"og:url\" content=\"https:\/\/www.stikla-serviss.lv\/en\/product\/dusas-kabine-sabrina\/\" \/>\n<meta property=\"og:site_name\" content=\"STIKLA SERVISS\" \/>\n<meta property=\"article:modified_time\" content=\"2025-04-29T11:57:43+00:00\" \/>\n<meta property=\"og:image\" content=\"https:\/\/www.stikla-serviss.lv\/wp-content\/uploads\/2020\/12\/Sabrina.jpg\" \/>\n\t<meta property=\"og:image:width\" content=\"1800\" \/>\n\t<meta property=\"og:image:height\" content=\"1800\" \/>\n\t<meta property=\"og:image:type\" content=\"image\/jpeg\" \/>\n<meta name=\"twitter:card\" content=\"summary_large_image\" \/>\n<meta name=\"twitter:label1\" content=\"Est. reading time\" \/>\n\t<meta name=\"twitter:data1\" content=\"1 minute\" \/>\n<script type=\"application\/ld+json\" class=\"yoast-schema-graph\">{\"@context\":\"https:\/\/schema.org\",\"@graph\":[{\"@type\":\"WebPage\",\"@id\":\"https:\/\/www.stikla-serviss.lv\/en\/product\/dusas-kabine-sabrina\/\",\"url\":\"https:\/\/www.stikla-serviss.lv\/en\/product\/dusas-kabine-sabrina\/\",\"name\":\"SHOWER ENCLOSURESABRINA - STIKLA SERVISS\",\"isPartOf\":{\"@id\":\"https:\/\/www.stikla-serviss.lv\/en\/#website\"},\"primaryImageOfPage\":{\"@id\":\"https:\/\/www.stikla-serviss.lv\/en\/product\/dusas-kabine-sabrina\/#primaryimage\"},\"image\":{\"@id\":\"https:\/\/www.stikla-serviss.lv\/en\/product\/dusas-kabine-sabrina\/#primaryimage\"},\"thumbnailUrl\":\"https:\/\/www.stikla-serviss.lv\/wp-content\/uploads\/2020\/12\/Sabrina.jpg\",\"datePublished\":\"2020-11-21T09:01:01+00:00\",\"dateModified\":\"2025-04-29T11:57:43+00:00\",\"description\":\"SHOWER ENCLOSURESABRINA - STIKLA SERVISS\",\"breadcrumb\":{\"@id\":\"https:\/\/www.stikla-serviss.lv\/en\/product\/dusas-kabine-sabrina\/#breadcrumb\"},\"inLanguage\":\"en-US\",\"potentialAction\":[{\"@type\":\"ReadAction\",\"target\":[\"https:\/\/www.stikla-serviss.lv\/en\/product\/dusas-kabine-sabrina\/\"]}]},{\"@type\":\"ImageObject\",\"inLanguage\":\"en-US\",\"@id\":\"https:\/\/www.stikla-serviss.lv\/en\/product\/dusas-kabine-sabrina\/#primaryimage\",\"url\":\"https:\/\/www.stikla-serviss.lv\/wp-content\/uploads\/2020\/12\/Sabrina.jpg\",\"contentUrl\":\"https:\/\/www.stikla-serviss.lv\/wp-content\/uploads\/2020\/12\/Sabrina.jpg\",\"width\":1800,\"height\":1800},{\"@type\":\"BreadcrumbList\",\"@id\":\"https:\/\/www.stikla-serviss.lv\/en\/product\/dusas-kabine-sabrina\/#breadcrumb\",\"itemListElement\":[{\"@type\":\"ListItem\",\"position\":1,\"name\":\"Home\",\"item\":\"https:\/\/www.stikla-serviss.lv\/en\/\"},{\"@type\":\"ListItem\",\"position\":2,\"name\":\"PRODUCTS\",\"item\":\"https:\/\/www.stikla-serviss.lv\/en\/produkti\/\"},{\"@type\":\"ListItem\",\"position\":3,\"name\":\"SHOWER ENCLOSURESABRINA\"}]},{\"@type\":\"WebSite\",\"@id\":\"https:\/\/www.stikla-serviss.lv\/en\/#website\",\"url\":\"https:\/\/www.stikla-serviss.lv\/en\/\",\"name\":\"STIKLA SERVISS\",\"description\":\"Stikla tirdzniec\u012bbas un stikla izstr\u0101d\u0101jumu ra\u017eo\u0161anas uz\u0146\u0113mums\",\"publisher\":{\"@id\":\"https:\/\/www.stikla-serviss.lv\/en\/#organization\"},\"potentialAction\":[{\"@type\":\"SearchAction\",\"target\":{\"@type\":\"EntryPoint\",\"urlTemplate\":\"https:\/\/www.stikla-serviss.lv\/en\/?s={search_term_string}\"},\"query-input\":{\"@type\":\"PropertyValueSpecification\",\"valueRequired\":true,\"valueName\":\"search_term_string\"}}],\"inLanguage\":\"en-US\"},{\"@type\":\"Organization\",\"@id\":\"https:\/\/www.stikla-serviss.lv\/en\/#organization\",\"name\":\"SIA \\\"STIKLA SERVISS\\\"\",\"url\":\"https:\/\/www.stikla-serviss.lv\/en\/\",\"logo\":{\"@type\":\"ImageObject\",\"inLanguage\":\"en-US\",\"@id\":\"https:\/\/www.stikla-serviss.lv\/en\/#\/schema\/logo\/image\/\",\"url\":\"https:\/\/www.stikla-serviss.lv\/wp-content\/uploads\/2020\/07\/LOGO-ISTS.jpg\",\"contentUrl\":\"https:\/\/www.stikla-serviss.lv\/wp-content\/uploads\/2020\/07\/LOGO-ISTS.jpg\",\"width\":1860,\"height\":817,\"caption\":\"SIA \\\"STIKLA SERVISS\\\"\"},\"image\":{\"@id\":\"https:\/\/www.stikla-serviss.lv\/en\/#\/schema\/logo\/image\/\"}}]}<\/script>\n<!-- \/ Yoast SEO plugin. -->","yoast_head_json":{"title":"SHOWER ENCLOSURESABRINA - STIKLA SERVISS","description":"SHOWER ENCLOSURESABRINA - STIKLA SERVISS","robots":{"index":"index","follow":"follow","max-snippet":"max-snippet:-1","max-image-preview":"max-image-preview:large","max-video-preview":"max-video-preview:-1"},"canonical":"https:\/\/www.stikla-serviss.lv\/en\/product\/dusas-kabine-sabrina\/","og_locale":"en_US","og_type":"article","og_title":"SHOWER ENCLOSURESABRINA - STIKLA SERVISS","og_description":"SHOWER ENCLOSURESABRINA - STIKLA SERVISS","og_url":"https:\/\/www.stikla-serviss.lv\/en\/product\/dusas-kabine-sabrina\/","og_site_name":"STIKLA SERVISS","article_modified_time":"2025-04-29T11:57:43+00:00","og_image":[{"width":1800,"height":1800,"url":"https:\/\/www.stikla-serviss.lv\/wp-content\/uploads\/2020\/12\/Sabrina.jpg","type":"image\/jpeg"}],"twitter_card":"summary_large_image","twitter_misc":{"Est. reading time":"1 minute"},"schema":{"@context":"https:\/\/schema.org","@graph":[{"@type":"WebPage","@id":"https:\/\/www.stikla-serviss.lv\/en\/product\/dusas-kabine-sabrina\/","url":"https:\/\/www.stikla-serviss.lv\/en\/product\/dusas-kabine-sabrina\/","name":"SHOWER ENCLOSURESABRINA - STIKLA SERVISS","isPartOf":{"@id":"https:\/\/www.stikla-serviss.lv\/en\/#website"},"primaryImageOfPage":{"@id":"https:\/\/www.stikla-serviss.lv\/en\/product\/dusas-kabine-sabrina\/#primaryimage"},"image":{"@id":"https:\/\/www.stikla-serviss.lv\/en\/product\/dusas-kabine-sabrina\/#primaryimage"},"thumbnailUrl":"https:\/\/www.stikla-serviss.lv\/wp-content\/uploads\/2020\/12\/Sabrina.jpg","datePublished":"2020-11-21T09:01:01+00:00","dateModified":"2025-04-29T11:57:43+00:00","description":"SHOWER ENCLOSURESABRINA - STIKLA SERVISS","breadcrumb":{"@id":"https:\/\/www.stikla-serviss.lv\/en\/product\/dusas-kabine-sabrina\/#breadcrumb"},"inLanguage":"en-US","potentialAction":[{"@type":"ReadAction","target":["https:\/\/www.stikla-serviss.lv\/en\/product\/dusas-kabine-sabrina\/"]}]},{"@type":"ImageObject","inLanguage":"en-US","@id":"https:\/\/www.stikla-serviss.lv\/en\/product\/dusas-kabine-sabrina\/#primaryimage","url":"https:\/\/www.stikla-serviss.lv\/wp-content\/uploads\/2020\/12\/Sabrina.jpg","contentUrl":"https:\/\/www.stikla-serviss.lv\/wp-content\/uploads\/2020\/12\/Sabrina.jpg","width":1800,"height":1800},{"@type":"BreadcrumbList","@id":"https:\/\/www.stikla-serviss.lv\/en\/product\/dusas-kabine-sabrina\/#breadcrumb","itemListElement":[{"@type":"ListItem","position":1,"name":"Home","item":"https:\/\/www.stikla-serviss.lv\/en\/"},{"@type":"ListItem","position":2,"name":"PRODUCTS","item":"https:\/\/www.stikla-serviss.lv\/en\/produkti\/"},{"@type":"ListItem","position":3,"name":"SHOWER ENCLOSURESABRINA"}]},{"@type":"WebSite","@id":"https:\/\/www.stikla-serviss.lv\/en\/#website","url":"https:\/\/www.stikla-serviss.lv\/en\/","name":"STIKLA SERVISS","description":"Stikla tirdzniec\u012bbas un stikla izstr\u0101d\u0101jumu ra\u017eo\u0161anas uz\u0146\u0113mums","publisher":{"@id":"https:\/\/www.stikla-serviss.lv\/en\/#organization"},"potentialAction":[{"@type":"SearchAction","target":{"@type":"EntryPoint","urlTemplate":"https:\/\/www.stikla-serviss.lv\/en\/?s={search_term_string}"},"query-input":{"@type":"PropertyValueSpecification","valueRequired":true,"valueName":"search_term_string"}}],"inLanguage":"en-US"},{"@type":"Organization","@id":"https:\/\/www.stikla-serviss.lv\/en\/#organization","name":"SIA \"STIKLA SERVISS\"","url":"https:\/\/www.stikla-serviss.lv\/en\/","logo":{"@type":"ImageObject","inLanguage":"en-US","@id":"https:\/\/www.stikla-serviss.lv\/en\/#\/schema\/logo\/image\/","url":"https:\/\/www.stikla-serviss.lv\/wp-content\/uploads\/2020\/07\/LOGO-ISTS.jpg","contentUrl":"https:\/\/www.stikla-serviss.lv\/wp-content\/uploads\/2020\/07\/LOGO-ISTS.jpg","width":1860,"height":817,"caption":"SIA \"STIKLA SERVISS\""},"image":{"@id":"https:\/\/www.stikla-serviss.lv\/en\/#\/schema\/logo\/image\/"}}]}},"_links":{"self":[{"href":"https:\/\/www.stikla-serviss.lv\/en\/wp-json\/wp\/v2\/product\/5447","targetHints":{"allow":["GET"]}}],"collection":[{"href":"https:\/\/www.stikla-serviss.lv\/en\/wp-json\/wp\/v2\/product"}],"about":[{"href":"https:\/\/www.stikla-serviss.lv\/en\/wp-json\/wp\/v2\/types\/product"}],"wp:featuredmedia":[{"embeddable":true,"href":"https:\/\/www.stikla-serviss.lv\/en\/wp-json\/wp\/v2\/media\/3851"}],"wp:attachment":[{"href":"https:\/\/www.stikla-serviss.lv\/en\/wp-json\/wp\/v2\/media?parent=5447"}],"wp:term":[{"taxonomy":"product_brand","embeddable":true,"href":"https:\/\/www.stikla-serviss.lv\/en\/wp-json\/wp\/v2\/product_brand?post=5447"},{"taxonomy":"product_cat","embeddable":true,"href":"https:\/\/www.stikla-serviss.lv\/en\/wp-json\/wp\/v2\/product_cat?post=5447"},{"taxonomy":"product_tag","embeddable":true,"href":"https:\/\/www.stikla-serviss.lv\/en\/wp-json\/wp\/v2\/product_tag?post=5447"}],"curies":[{"name":"wp","href":"https:\/\/api.w.org\/{rel}","templated":true}]}}