{"id":5461,"date":"2020-11-16T13:34:23","date_gmt":"2020-11-16T10:34:23","guid":{"rendered":"https:\/\/www.stikla-serviss.lv\/product\/dusas-kabine-marsela\/"},"modified":"2025-12-22T13:57:20","modified_gmt":"2025-12-22T11:57:20","slug":"dusas-kabine-marsela","status":"publish","type":"product","link":"https:\/\/www.stikla-serviss.lv\/en\/product\/dusas-kabine-marsela\/","title":{"rendered":"SHOWER ENCLOSURE<p>MARSELA<\/p>"},"content":{"rendered":"<table style=\"border-collapse: collapse; width: 101.307%;\" border=\"0\" cellspacing=\"0\" cellpadding=\"0\">\n<colgroup>\n<col width=\"99\" \/>\n<col width=\"60\" \/>\n<col span=\"8\" width=\"76\" \/>\n<col width=\"73\" \/><\/colgroup>\n<tbody>\n<tr style=\"background-color: #8a8a8a;\">\n<td class=\"xl81\" style=\"vertical-align: top; text-align: center; width: 17.5085%;\"><span style=\"font-size: 90%; color: #ffffff;\">Code<\/span><\/td>\n<td class=\"xl81\" style=\"vertical-align: top; text-align: center; width: 4.71381%;\"><span style=\"font-size: 90%; color: #ffffff;\">Height (mm)<\/span><\/td>\n<td class=\"xl81\" style=\"vertical-align: top; text-align: center; width: 11.4478%;\"><span style=\"font-size: 90%; color: #ffffff;\">Adjustment A+B (mm)<\/span><\/td>\n<td class=\"xl81\" style=\"vertical-align: top; text-align: center; width: 11.4478%;\"><span style=\"font-size: 90%; color: #ffffff;\">Adjustment C (mm)<\/span><\/td>\n<td style=\"vertical-align: top; text-align: center; width: 9.59596%;\"><span style=\"font-size: 90%; color: #ffffff;\">Entrance width A1\u00a0 (mm)<\/span><\/td>\n<td style=\"vertical-align: top; text-align: center; width: 7.23906%;\"><span style=\"font-size: 90%; color: #ffffff;\">Width B (mm)<\/span><\/td>\n<td class=\"xl80\" style=\"vertical-align: top; text-align: center; width: 6.73401%;\"><span style=\"font-size: 90%; color: #ffffff;\">Clear<\/span><\/td>\n<td class=\"xl80\" style=\"vertical-align: top; text-align: center; width: 8.41751%;\"><span style=\"font-size: 90%; color: #ffffff;\">Bronze or Gray<\/span><\/td>\n<td class=\"xl80\" style=\"vertical-align: top; text-align: center; width: 7.23906%;\"><span style=\"font-size: 90%; color: #ffffff;\">Matte White \/ Crepi<\/span><\/td>\n<td class=\"xl80\" style=\"vertical-align: top; text-align: center; width: 8.41751%;\"><span style=\"font-size: 90%; color: #ffffff;\">Matte Bronze \/ Gray \/ Extra Clear<\/span><\/td>\n<td class=\"xl83\" style=\"vertical-align: top; text-align: center; width: 8.38004%;\"><span style=\"font-size: 90%; color: #ffffff;\">Matte extra clear \/ Mirror <span style=\"color: #ffffff;\">\/ Linea<\/span><\/span><\/td>\n<\/tr>\n<tr>\n<td style=\"text-align: center; width: 17.5085%;\"><span style=\"font-size: 90%;\">80x80MARS<\/span><\/td>\n<td class=\"xl82\" style=\"text-align: center; width: 4.71381%;\"><span style=\"font-size: 90%;\">2000<\/span><\/td>\n<td style=\"text-align: center; width: 11.4478%;\"><span style=\"font-size: 90%;\">797-802<\/span><\/td>\n<td style=\"text-align: center; width: 11.4478%;\"><span style=\"font-size: 90%;\">782-785<\/span><\/td>\n<td style=\"text-align: center; width: 9.59596%;\"><span style=\"font-size: 90%;\">550<\/span><\/td>\n<td style=\"text-align: center; width: 7.23906%;\"><span style=\"font-size: 90%;\">200<\/span><\/td>\n<td style=\"width: 6.73401%; text-align: center;\" width=\"73\">\u20ac970<\/td>\n<td style=\"width: 8.41751%; text-align: center;\" width=\"73\">\u20ac1 015<\/td>\n<td style=\"width: 7.23906%; text-align: center;\" width=\"72\">\u20ac1 115<\/td>\n<td style=\"width: 8.41751%; text-align: center;\" width=\"73\">\u20ac1 180<\/td>\n<td style=\"width: 8.38004%; text-align: center;\" width=\"72\">\u20ac1 346<\/td>\n<\/tr>\n<tr>\n<td style=\"text-align: center; width: 17.5085%;\"><span style=\"font-size: 90%;\">90x90MARS<\/span><\/td>\n<td class=\"xl82\" style=\"text-align: center; width: 4.71381%;\"><span style=\"font-size: 90%;\">2000<\/span><\/td>\n<td style=\"text-align: center; width: 11.4478%;\"><span style=\"font-size: 90%;\">897-902<\/span><\/td>\n<td style=\"text-align: center; width: 11.4478%;\"><span style=\"font-size: 90%;\">882-885<\/span><\/td>\n<td style=\"text-align: center; width: 9.59596%;\"><span style=\"font-size: 90%;\">550<\/span><\/td>\n<td style=\"text-align: center; width: 7.23906%;\"><span style=\"font-size: 90%;\">300<\/span><\/td>\n<td style=\"width: 6.73401%; text-align: center;\" width=\"73\">\u20ac992<\/td>\n<td style=\"width: 8.41751%; text-align: center;\" width=\"73\">\u20ac1 045<\/td>\n<td style=\"width: 7.23906%; text-align: center;\" width=\"72\">\u20ac1 130<\/td>\n<td style=\"width: 8.41751%; text-align: center;\" width=\"73\">\u20ac1 195<\/td>\n<td style=\"width: 8.38004%; text-align: center;\" width=\"72\">\u20ac1 363<\/td>\n<\/tr>\n<tr>\n<td style=\"text-align: center; width: 17.5085%;\"><span style=\"font-size: 90%;\">100x100MARS<\/span><\/td>\n<td class=\"xl82\" style=\"text-align: center; width: 4.71381%;\"><span style=\"font-size: 90%;\">2000<\/span><\/td>\n<td style=\"text-align: center; width: 11.4478%;\"><span style=\"font-size: 90%;\">997-1002<\/span><\/td>\n<td style=\"text-align: center; width: 11.4478%;\"><span style=\"font-size: 90%;\">982-985<\/span><\/td>\n<td style=\"text-align: center; width: 9.59596%;\"><span style=\"font-size: 90%;\">650<\/span><\/td>\n<td style=\"text-align: center; width: 7.23906%;\"><span style=\"font-size: 90%;\">300<\/span><\/td>\n<td style=\"width: 6.73401%; text-align: center;\" width=\"73\">\u20ac1 015<\/td>\n<td style=\"width: 8.41751%; text-align: center;\" width=\"73\">\u20ac1 076<\/td>\n<td style=\"width: 7.23906%; text-align: center;\" width=\"72\">\u20ac1 153<\/td>\n<td style=\"width: 8.41751%; text-align: center;\" width=\"73\">\u20ac1 217<\/td>\n<td style=\"width: 8.38004%; text-align: center;\" width=\"72\">\u20ac1 389<\/td>\n<\/tr>\n<tr>\n<td style=\"text-align: center; width: 17.5085%;\"><span style=\"font-size: 90%;\">110x110MARS<\/span><\/td>\n<td class=\"xl82\" style=\"text-align: center; width: 4.71381%;\"><span style=\"font-size: 90%;\">2000<\/span><\/td>\n<td style=\"text-align: center; width: 11.4478%;\"><span style=\"font-size: 90%;\">1097-1102<\/span><\/td>\n<td style=\"text-align: center; width: 11.4478%;\"><span style=\"font-size: 90%;\">1082-1085<\/span><\/td>\n<td style=\"text-align: center; width: 9.59596%;\"><span style=\"font-size: 90%;\">650<\/span><\/td>\n<td style=\"text-align: center; width: 7.23906%;\"><span style=\"font-size: 90%;\">400<\/span><\/td>\n<td style=\"width: 6.73401%; text-align: center;\" width=\"73\">\u20ac1 041<\/td>\n<td style=\"width: 8.41751%; text-align: center;\" width=\"73\">\u20ac1 100<\/td>\n<td style=\"width: 7.23906%; text-align: center;\" width=\"72\">\u20ac1 174<\/td>\n<td style=\"width: 8.41751%; text-align: center;\" width=\"73\">\u20ac1 238<\/td>\n<td style=\"width: 8.38004%; text-align: center;\" width=\"72\">\u20ac1 414<\/td>\n<\/tr>\n<tr>\n<td style=\"text-align: center; width: 17.5085%;\"><span style=\"font-size: 90%;\">120x120MARS<\/span><\/td>\n<td style=\"text-align: center; width: 4.71381%;\"><span style=\"font-size: 90%;\">2000<\/span><\/td>\n<td style=\"text-align: center; width: 11.4478%;\"><span style=\"font-size: 90%;\">1197-1202<\/span><\/td>\n<td style=\"text-align: center; width: 11.4478%;\"><span style=\"font-size: 90%;\">1182-1185<\/span><\/td>\n<td style=\"text-align: center; width: 9.59596%;\"><span style=\"font-size: 90%;\">650<\/span><\/td>\n<td style=\"text-align: center; width: 7.23906%;\"><span style=\"font-size: 90%;\">500<\/span><\/td>\n<td style=\"width: 6.73401%; text-align: center;\" width=\"73\">\u20ac1 062<\/td>\n<td style=\"width: 8.41751%; text-align: center;\" width=\"73\">\u20ac1 126<\/td>\n<td style=\"width: 7.23906%; text-align: center;\" width=\"72\">\u20ac1 196<\/td>\n<td style=\"width: 8.41751%; text-align: center;\" width=\"73\">\u20ac1 261<\/td>\n<td style=\"width: 8.38004%; text-align: center;\" width=\"72\">\u20ac1 440<\/td>\n<\/tr>\n<tr>\n<td style=\"text-align: center; width: 17.5085%;\"><span style=\"font-size: 90%;\">120x80MARS<\/span><\/td>\n<td style=\"text-align: center; width: 4.71381%;\"><span style=\"font-size: 90%;\">2000<\/span><\/td>\n<td style=\"text-align: center; width: 11.4478%;\"><span style=\"font-size: 90%;\">1197-1202<\/span><\/td>\n<td style=\"text-align: center; width: 11.4478%;\"><span style=\"font-size: 90%;\">782-785<\/span><\/td>\n<td style=\"text-align: center; width: 9.59596%;\"><span style=\"font-size: 90%;\">650<\/span><\/td>\n<td style=\"text-align: center; width: 7.23906%;\"><span style=\"font-size: 90%;\">500<\/span><\/td>\n<td style=\"width: 6.73401%; text-align: center;\" width=\"73\">\u20ac1 019<\/td>\n<td style=\"width: 8.41751%; text-align: center;\" width=\"73\">\u20ac1 065<\/td>\n<td style=\"width: 7.23906%; text-align: center;\" width=\"72\">\u20ac1 163<\/td>\n<td style=\"width: 8.41751%; text-align: center;\" width=\"73\">\u20ac1 227<\/td>\n<td style=\"width: 8.38004%; text-align: center;\" width=\"72\">\u20ac1 401<\/td>\n<\/tr>\n<tr>\n<td style=\"text-align: center; width: 17.5085%;\"><span style=\"font-size: 90%;\">120x90MARS<\/span><\/td>\n<td style=\"text-align: center; width: 4.71381%;\"><span style=\"font-size: 90%;\">2000<\/span><\/td>\n<td style=\"text-align: center; width: 11.4478%;\"><span style=\"font-size: 90%;\">1197-1202<\/span><\/td>\n<td style=\"text-align: center; width: 11.4478%;\"><span style=\"font-size: 90%;\">882-885<\/span><\/td>\n<td style=\"text-align: center; width: 9.59596%;\"><span style=\"font-size: 90%;\">650<\/span><\/td>\n<td style=\"text-align: center; width: 7.23906%;\"><span style=\"font-size: 90%;\">500<\/span><\/td>\n<td style=\"width: 6.73401%; text-align: center;\" width=\"73\">\u20ac1 030<\/td>\n<td style=\"width: 8.41751%; text-align: center;\" width=\"73\">\u20ac1 081<\/td>\n<td style=\"width: 7.23906%; text-align: center;\" width=\"72\">\u20ac1 166<\/td>\n<td style=\"width: 8.41751%; text-align: center;\" width=\"73\">\u20ac1 231<\/td>\n<td style=\"width: 8.38004%; text-align: center;\" width=\"72\">\u20ac1 404<\/td>\n<\/tr>\n<\/tbody>\n<\/table>\n<p>*All prices include VAT.<\/p>\n","protected":false},"excerpt":{"rendered":"<div id='gallery-1' class='gallery galleryid-5461 gallery-columns-6 gallery-size-thumbnail'><figure class='gallery-item'>\n\t\t\t<div class='gallery-icon landscape'>\n\t\t\t\t<img width=\"280\" height=\"280\" src=\"https:\/\/www.stikla-serviss.lv\/wp-content\/uploads\/2020\/07\/ss_pic-02-280x280.png\" class=\"attachment-thumbnail size-thumbnail\" alt=\"\" decoding=\"async\" loading=\"lazy\" srcset=\"https:\/\/www.stikla-serviss.lv\/wp-content\/uploads\/2020\/07\/ss_pic-02-280x280.png 280w, https:\/\/www.stikla-serviss.lv\/wp-content\/uploads\/2020\/07\/ss_pic-02-401x400.png 401w, https:\/\/www.stikla-serviss.lv\/wp-content\/uploads\/2020\/07\/ss_pic-02-300x300.png 300w, https:\/\/www.stikla-serviss.lv\/wp-content\/uploads\/2020\/07\/ss_pic-02-100x100.png 100w, https:\/\/www.stikla-serviss.lv\/wp-content\/uploads\/2020\/07\/ss_pic-02-32x32.png 32w, https:\/\/www.stikla-serviss.lv\/wp-content\/uploads\/2020\/07\/ss_pic-02-e1604331855484.png 80w\" sizes=\"auto, (max-width: 280px) 100vw, 280px\" \/>\n\t\t\t<\/div><\/figure><figure class='gallery-item'>\n\t\t\t<div class='gallery-icon landscape'>\n\t\t\t\t<img width=\"280\" height=\"280\" src=\"https:\/\/www.stikla-serviss.lv\/wp-content\/uploads\/2020\/07\/ss_pic-03-280x280.png\" class=\"attachment-thumbnail size-thumbnail\" alt=\"\" decoding=\"async\" loading=\"lazy\" srcset=\"https:\/\/www.stikla-serviss.lv\/wp-content\/uploads\/2020\/07\/ss_pic-03-280x280.png 280w, https:\/\/www.stikla-serviss.lv\/wp-content\/uploads\/2020\/07\/ss_pic-03-401x400.png 401w, https:\/\/www.stikla-serviss.lv\/wp-content\/uploads\/2020\/07\/ss_pic-03-300x300.png 300w, https:\/\/www.stikla-serviss.lv\/wp-content\/uploads\/2020\/07\/ss_pic-03-100x100.png 100w, https:\/\/www.stikla-serviss.lv\/wp-content\/uploads\/2020\/07\/ss_pic-03-32x32.png 32w, https:\/\/www.stikla-serviss.lv\/wp-content\/uploads\/2020\/07\/ss_pic-03-e1604331865897.png 80w\" sizes=\"auto, (max-width: 280px) 100vw, 280px\" \/>\n\t\t\t<\/div><\/figure><figure class='gallery-item'>\n\t\t\t<div class='gallery-icon landscape'>\n\t\t\t\t<img width=\"280\" height=\"280\" src=\"https:\/\/www.stikla-serviss.lv\/wp-content\/uploads\/2020\/07\/ss_pic-09-280x280.png\" class=\"attachment-thumbnail size-thumbnail\" alt=\"\" decoding=\"async\" loading=\"lazy\" srcset=\"https:\/\/www.stikla-serviss.lv\/wp-content\/uploads\/2020\/07\/ss_pic-09-280x280.png 280w, https:\/\/www.stikla-serviss.lv\/wp-content\/uploads\/2020\/07\/ss_pic-09-400x400.png 400w, https:\/\/www.stikla-serviss.lv\/wp-content\/uploads\/2020\/07\/ss_pic-09-300x300.png 300w, https:\/\/www.stikla-serviss.lv\/wp-content\/uploads\/2020\/07\/ss_pic-09-100x100.png 100w, https:\/\/www.stikla-serviss.lv\/wp-content\/uploads\/2020\/07\/ss_pic-09-32x32.png 32w, https:\/\/www.stikla-serviss.lv\/wp-content\/uploads\/2020\/07\/ss_pic-09-e1604331937629.png 80w\" sizes=\"auto, (max-width: 280px) 100vw, 280px\" \/>\n\t\t\t<\/div><\/figure><figure class='gallery-item'>\n\t\t\t<div class='gallery-icon landscape'>\n\t\t\t\t<img width=\"280\" height=\"280\" src=\"https:\/\/www.stikla-serviss.lv\/wp-content\/uploads\/2020\/07\/ss_pic-13-280x280.png\" class=\"attachment-thumbnail size-thumbnail\" alt=\"\" decoding=\"async\" loading=\"lazy\" srcset=\"https:\/\/www.stikla-serviss.lv\/wp-content\/uploads\/2020\/07\/ss_pic-13-280x280.png 280w, https:\/\/www.stikla-serviss.lv\/wp-content\/uploads\/2020\/07\/ss_pic-13-400x400.png 400w, https:\/\/www.stikla-serviss.lv\/wp-content\/uploads\/2020\/07\/ss_pic-13-300x300.png 300w, https:\/\/www.stikla-serviss.lv\/wp-content\/uploads\/2020\/07\/ss_pic-13-100x100.png 100w, https:\/\/www.stikla-serviss.lv\/wp-content\/uploads\/2020\/07\/ss_pic-13-32x32.png 32w, https:\/\/www.stikla-serviss.lv\/wp-content\/uploads\/2020\/07\/ss_pic-13-e1604331986104.png 80w\" sizes=\"auto, (max-width: 280px) 100vw, 280px\" \/>\n\t\t\t<\/div><\/figure><figure class='gallery-item'>\n\t\t\t<div class='gallery-icon landscape'>\n\t\t\t\t<img width=\"280\" height=\"280\" src=\"https:\/\/www.stikla-serviss.lv\/wp-content\/uploads\/2020\/07\/ss_pic-07-280x280.png\" class=\"attachment-thumbnail size-thumbnail\" alt=\"\" decoding=\"async\" loading=\"lazy\" srcset=\"https:\/\/www.stikla-serviss.lv\/wp-content\/uploads\/2020\/07\/ss_pic-07-280x280.png 280w, https:\/\/www.stikla-serviss.lv\/wp-content\/uploads\/2020\/07\/ss_pic-07-400x400.png 400w, https:\/\/www.stikla-serviss.lv\/wp-content\/uploads\/2020\/07\/ss_pic-07-300x300.png 300w, https:\/\/www.stikla-serviss.lv\/wp-content\/uploads\/2020\/07\/ss_pic-07-100x100.png 100w, https:\/\/www.stikla-serviss.lv\/wp-content\/uploads\/2020\/07\/ss_pic-07-32x32.png 32w, https:\/\/www.stikla-serviss.lv\/wp-content\/uploads\/2020\/07\/ss_pic-07-e1604331916526.png 80w\" sizes=\"auto, (max-width: 280px) 100vw, 280px\" \/>\n\t\t\t<\/div><\/figure><figure class='gallery-item'>\n\t\t\t<div class='gallery-icon landscape'>\n\t\t\t\t<img width=\"280\" height=\"280\" src=\"https:\/\/www.stikla-serviss.lv\/wp-content\/uploads\/2020\/07\/ss_pic-10-280x280.png\" class=\"attachment-thumbnail size-thumbnail\" alt=\"\" decoding=\"async\" loading=\"lazy\" srcset=\"https:\/\/www.stikla-serviss.lv\/wp-content\/uploads\/2020\/07\/ss_pic-10-280x280.png 280w, https:\/\/www.stikla-serviss.lv\/wp-content\/uploads\/2020\/07\/ss_pic-10-400x400.png 400w, https:\/\/www.stikla-serviss.lv\/wp-content\/uploads\/2020\/07\/ss_pic-10-300x300.png 300w, https:\/\/www.stikla-serviss.lv\/wp-content\/uploads\/2020\/07\/ss_pic-10-100x100.png 100w, https:\/\/www.stikla-serviss.lv\/wp-content\/uploads\/2020\/07\/ss_pic-10-32x32.png 32w, https:\/\/www.stikla-serviss.lv\/wp-content\/uploads\/2020\/07\/ss_pic-10-e1604331947327.png 80w\" sizes=\"auto, (max-width: 280px) 100vw, 280px\" \/>\n\t\t\t<\/div><\/figure>\n\t\t<\/div>\n\n<p><img loading=\"lazy\" decoding=\"async\" class=\"alignnone wp-image-5186 size-full\" src=\"https:\/\/www.stikla-serviss.lv\/wp-content\/uploads\/2020\/07\/kabine21.jpg\" alt=\"\" width=\"184\" height=\"201\" srcset=\"https:\/\/www.stikla-serviss.lv\/wp-content\/uploads\/2020\/07\/kabine21.jpg 184w, https:\/\/www.stikla-serviss.lv\/wp-content\/uploads\/2020\/07\/kabine21-29x32.jpg 29w\" sizes=\"auto, (max-width: 184px) 100vw, 184px\" \/><\/p>\n","protected":false},"featured_media":3755,"template":"","meta":[],"product_brand":[],"product_cat":[246,248],"product_tag":[],"class_list":{"0":"post-5461","1":"product","2":"type-product","3":"status-publish","4":"has-post-thumbnail","6":"product_cat-shower-enclosures-and-bath-screens","7":"product_cat-shower-enclosures","9":"first","10":"instock","11":"shipping-taxable","12":"product-type-simple"},"yoast_head":"<!-- This site is optimized with the Yoast SEO plugin v27.1.1 - https:\/\/yoast.com\/product\/yoast-seo-wordpress\/ -->\n<title>SHOWER ENCLOSUREMARSELA - STIKLA SERVISS<\/title>\n<meta name=\"description\" content=\"SHOWER ENCLOSUREMARSELA - STIKLA SERVISS\" \/>\n<meta name=\"robots\" content=\"index, follow, max-snippet:-1, max-image-preview:large, max-video-preview:-1\" \/>\n<link rel=\"canonical\" href=\"https:\/\/www.stikla-serviss.lv\/en\/product\/dusas-kabine-marsela\/\" \/>\n<meta property=\"og:locale\" content=\"en_US\" \/>\n<meta property=\"og:type\" content=\"article\" \/>\n<meta property=\"og:title\" content=\"SHOWER ENCLOSUREMARSELA - STIKLA SERVISS\" \/>\n<meta property=\"og:description\" content=\"SHOWER ENCLOSUREMARSELA - STIKLA SERVISS\" \/>\n<meta property=\"og:url\" content=\"https:\/\/www.stikla-serviss.lv\/en\/product\/dusas-kabine-marsela\/\" \/>\n<meta property=\"og:site_name\" content=\"STIKLA SERVISS\" \/>\n<meta property=\"article:modified_time\" content=\"2025-12-22T11:57:20+00:00\" \/>\n<meta property=\"og:image\" content=\"https:\/\/www.stikla-serviss.lv\/wp-content\/uploads\/2020\/12\/MARSELA.jpg\" \/>\n\t<meta property=\"og:image:width\" content=\"2400\" \/>\n\t<meta property=\"og:image:height\" content=\"2400\" \/>\n\t<meta property=\"og:image:type\" content=\"image\/jpeg\" \/>\n<meta name=\"twitter:card\" content=\"summary_large_image\" \/>\n<meta name=\"twitter:label1\" content=\"Est. reading time\" \/>\n\t<meta name=\"twitter:data1\" content=\"2 minutes\" \/>\n<script type=\"application\/ld+json\" class=\"yoast-schema-graph\">{\"@context\":\"https:\/\/schema.org\",\"@graph\":[{\"@type\":\"WebPage\",\"@id\":\"https:\/\/www.stikla-serviss.lv\/en\/product\/dusas-kabine-marsela\/\",\"url\":\"https:\/\/www.stikla-serviss.lv\/en\/product\/dusas-kabine-marsela\/\",\"name\":\"SHOWER ENCLOSUREMARSELA - STIKLA SERVISS\",\"isPartOf\":{\"@id\":\"https:\/\/www.stikla-serviss.lv\/en\/#website\"},\"primaryImageOfPage\":{\"@id\":\"https:\/\/www.stikla-serviss.lv\/en\/product\/dusas-kabine-marsela\/#primaryimage\"},\"image\":{\"@id\":\"https:\/\/www.stikla-serviss.lv\/en\/product\/dusas-kabine-marsela\/#primaryimage\"},\"thumbnailUrl\":\"https:\/\/www.stikla-serviss.lv\/wp-content\/uploads\/2020\/12\/MARSELA.jpg\",\"datePublished\":\"2020-11-16T10:34:23+00:00\",\"dateModified\":\"2025-12-22T11:57:20+00:00\",\"description\":\"SHOWER ENCLOSUREMARSELA - STIKLA SERVISS\",\"breadcrumb\":{\"@id\":\"https:\/\/www.stikla-serviss.lv\/en\/product\/dusas-kabine-marsela\/#breadcrumb\"},\"inLanguage\":\"en-US\",\"potentialAction\":[{\"@type\":\"ReadAction\",\"target\":[\"https:\/\/www.stikla-serviss.lv\/en\/product\/dusas-kabine-marsela\/\"]}]},{\"@type\":\"ImageObject\",\"inLanguage\":\"en-US\",\"@id\":\"https:\/\/www.stikla-serviss.lv\/en\/product\/dusas-kabine-marsela\/#primaryimage\",\"url\":\"https:\/\/www.stikla-serviss.lv\/wp-content\/uploads\/2020\/12\/MARSELA.jpg\",\"contentUrl\":\"https:\/\/www.stikla-serviss.lv\/wp-content\/uploads\/2020\/12\/MARSELA.jpg\",\"width\":2400,\"height\":2400},{\"@type\":\"BreadcrumbList\",\"@id\":\"https:\/\/www.stikla-serviss.lv\/en\/product\/dusas-kabine-marsela\/#breadcrumb\",\"itemListElement\":[{\"@type\":\"ListItem\",\"position\":1,\"name\":\"Home\",\"item\":\"https:\/\/www.stikla-serviss.lv\/en\/\"},{\"@type\":\"ListItem\",\"position\":2,\"name\":\"PRODUCTS\",\"item\":\"https:\/\/www.stikla-serviss.lv\/en\/produkti\/\"},{\"@type\":\"ListItem\",\"position\":3,\"name\":\"SHOWER ENCLOSUREMARSELA\"}]},{\"@type\":\"WebSite\",\"@id\":\"https:\/\/www.stikla-serviss.lv\/en\/#website\",\"url\":\"https:\/\/www.stikla-serviss.lv\/en\/\",\"name\":\"STIKLA SERVISS\",\"description\":\"Stikla tirdzniec\u012bbas un stikla izstr\u0101d\u0101jumu ra\u017eo\u0161anas uz\u0146\u0113mums\",\"publisher\":{\"@id\":\"https:\/\/www.stikla-serviss.lv\/en\/#organization\"},\"potentialAction\":[{\"@type\":\"SearchAction\",\"target\":{\"@type\":\"EntryPoint\",\"urlTemplate\":\"https:\/\/www.stikla-serviss.lv\/en\/?s={search_term_string}\"},\"query-input\":{\"@type\":\"PropertyValueSpecification\",\"valueRequired\":true,\"valueName\":\"search_term_string\"}}],\"inLanguage\":\"en-US\"},{\"@type\":\"Organization\",\"@id\":\"https:\/\/www.stikla-serviss.lv\/en\/#organization\",\"name\":\"SIA \\\"STIKLA SERVISS\\\"\",\"url\":\"https:\/\/www.stikla-serviss.lv\/en\/\",\"logo\":{\"@type\":\"ImageObject\",\"inLanguage\":\"en-US\",\"@id\":\"https:\/\/www.stikla-serviss.lv\/en\/#\/schema\/logo\/image\/\",\"url\":\"https:\/\/www.stikla-serviss.lv\/wp-content\/uploads\/2020\/07\/LOGO-ISTS.jpg\",\"contentUrl\":\"https:\/\/www.stikla-serviss.lv\/wp-content\/uploads\/2020\/07\/LOGO-ISTS.jpg\",\"width\":1860,\"height\":817,\"caption\":\"SIA \\\"STIKLA SERVISS\\\"\"},\"image\":{\"@id\":\"https:\/\/www.stikla-serviss.lv\/en\/#\/schema\/logo\/image\/\"}}]}<\/script>\n<!-- \/ Yoast SEO plugin. -->","yoast_head_json":{"title":"SHOWER ENCLOSUREMARSELA - STIKLA SERVISS","description":"SHOWER ENCLOSUREMARSELA - STIKLA SERVISS","robots":{"index":"index","follow":"follow","max-snippet":"max-snippet:-1","max-image-preview":"max-image-preview:large","max-video-preview":"max-video-preview:-1"},"canonical":"https:\/\/www.stikla-serviss.lv\/en\/product\/dusas-kabine-marsela\/","og_locale":"en_US","og_type":"article","og_title":"SHOWER ENCLOSUREMARSELA - STIKLA SERVISS","og_description":"SHOWER ENCLOSUREMARSELA - STIKLA SERVISS","og_url":"https:\/\/www.stikla-serviss.lv\/en\/product\/dusas-kabine-marsela\/","og_site_name":"STIKLA SERVISS","article_modified_time":"2025-12-22T11:57:20+00:00","og_image":[{"width":2400,"height":2400,"url":"https:\/\/www.stikla-serviss.lv\/wp-content\/uploads\/2020\/12\/MARSELA.jpg","type":"image\/jpeg"}],"twitter_card":"summary_large_image","twitter_misc":{"Est. reading time":"2 minutes"},"schema":{"@context":"https:\/\/schema.org","@graph":[{"@type":"WebPage","@id":"https:\/\/www.stikla-serviss.lv\/en\/product\/dusas-kabine-marsela\/","url":"https:\/\/www.stikla-serviss.lv\/en\/product\/dusas-kabine-marsela\/","name":"SHOWER ENCLOSUREMARSELA - STIKLA SERVISS","isPartOf":{"@id":"https:\/\/www.stikla-serviss.lv\/en\/#website"},"primaryImageOfPage":{"@id":"https:\/\/www.stikla-serviss.lv\/en\/product\/dusas-kabine-marsela\/#primaryimage"},"image":{"@id":"https:\/\/www.stikla-serviss.lv\/en\/product\/dusas-kabine-marsela\/#primaryimage"},"thumbnailUrl":"https:\/\/www.stikla-serviss.lv\/wp-content\/uploads\/2020\/12\/MARSELA.jpg","datePublished":"2020-11-16T10:34:23+00:00","dateModified":"2025-12-22T11:57:20+00:00","description":"SHOWER ENCLOSUREMARSELA - STIKLA SERVISS","breadcrumb":{"@id":"https:\/\/www.stikla-serviss.lv\/en\/product\/dusas-kabine-marsela\/#breadcrumb"},"inLanguage":"en-US","potentialAction":[{"@type":"ReadAction","target":["https:\/\/www.stikla-serviss.lv\/en\/product\/dusas-kabine-marsela\/"]}]},{"@type":"ImageObject","inLanguage":"en-US","@id":"https:\/\/www.stikla-serviss.lv\/en\/product\/dusas-kabine-marsela\/#primaryimage","url":"https:\/\/www.stikla-serviss.lv\/wp-content\/uploads\/2020\/12\/MARSELA.jpg","contentUrl":"https:\/\/www.stikla-serviss.lv\/wp-content\/uploads\/2020\/12\/MARSELA.jpg","width":2400,"height":2400},{"@type":"BreadcrumbList","@id":"https:\/\/www.stikla-serviss.lv\/en\/product\/dusas-kabine-marsela\/#breadcrumb","itemListElement":[{"@type":"ListItem","position":1,"name":"Home","item":"https:\/\/www.stikla-serviss.lv\/en\/"},{"@type":"ListItem","position":2,"name":"PRODUCTS","item":"https:\/\/www.stikla-serviss.lv\/en\/produkti\/"},{"@type":"ListItem","position":3,"name":"SHOWER ENCLOSUREMARSELA"}]},{"@type":"WebSite","@id":"https:\/\/www.stikla-serviss.lv\/en\/#website","url":"https:\/\/www.stikla-serviss.lv\/en\/","name":"STIKLA SERVISS","description":"Stikla tirdzniec\u012bbas un stikla izstr\u0101d\u0101jumu ra\u017eo\u0161anas uz\u0146\u0113mums","publisher":{"@id":"https:\/\/www.stikla-serviss.lv\/en\/#organization"},"potentialAction":[{"@type":"SearchAction","target":{"@type":"EntryPoint","urlTemplate":"https:\/\/www.stikla-serviss.lv\/en\/?s={search_term_string}"},"query-input":{"@type":"PropertyValueSpecification","valueRequired":true,"valueName":"search_term_string"}}],"inLanguage":"en-US"},{"@type":"Organization","@id":"https:\/\/www.stikla-serviss.lv\/en\/#organization","name":"SIA \"STIKLA SERVISS\"","url":"https:\/\/www.stikla-serviss.lv\/en\/","logo":{"@type":"ImageObject","inLanguage":"en-US","@id":"https:\/\/www.stikla-serviss.lv\/en\/#\/schema\/logo\/image\/","url":"https:\/\/www.stikla-serviss.lv\/wp-content\/uploads\/2020\/07\/LOGO-ISTS.jpg","contentUrl":"https:\/\/www.stikla-serviss.lv\/wp-content\/uploads\/2020\/07\/LOGO-ISTS.jpg","width":1860,"height":817,"caption":"SIA \"STIKLA SERVISS\""},"image":{"@id":"https:\/\/www.stikla-serviss.lv\/en\/#\/schema\/logo\/image\/"}}]}},"_links":{"self":[{"href":"https:\/\/www.stikla-serviss.lv\/en\/wp-json\/wp\/v2\/product\/5461","targetHints":{"allow":["GET"]}}],"collection":[{"href":"https:\/\/www.stikla-serviss.lv\/en\/wp-json\/wp\/v2\/product"}],"about":[{"href":"https:\/\/www.stikla-serviss.lv\/en\/wp-json\/wp\/v2\/types\/product"}],"wp:featuredmedia":[{"embeddable":true,"href":"https:\/\/www.stikla-serviss.lv\/en\/wp-json\/wp\/v2\/media\/3755"}],"wp:attachment":[{"href":"https:\/\/www.stikla-serviss.lv\/en\/wp-json\/wp\/v2\/media?parent=5461"}],"wp:term":[{"taxonomy":"product_brand","embeddable":true,"href":"https:\/\/www.stikla-serviss.lv\/en\/wp-json\/wp\/v2\/product_brand?post=5461"},{"taxonomy":"product_cat","embeddable":true,"href":"https:\/\/www.stikla-serviss.lv\/en\/wp-json\/wp\/v2\/product_cat?post=5461"},{"taxonomy":"product_tag","embeddable":true,"href":"https:\/\/www.stikla-serviss.lv\/en\/wp-json\/wp\/v2\/product_tag?post=5461"}],"curies":[{"name":"wp","href":"https:\/\/api.w.org\/{rel}","templated":true}]}}