{"id":5474,"date":"2020-12-05T13:06:10","date_gmt":"2020-12-05T10:06:10","guid":{"rendered":"https:\/\/www.stikla-serviss.lv\/product\/stikla-dusas-siena-conforto\/"},"modified":"2025-12-22T11:43:55","modified_gmt":"2025-12-22T09:43:55","slug":"stikla-dusas-siena-conforto","status":"publish","type":"product","link":"https:\/\/www.stikla-serviss.lv\/en\/product\/stikla-dusas-siena-conforto\/","title":{"rendered":"SHOWER WALL<p>CONFORTO<\/p>"},"content":{"rendered":"<div title=\"Page 45\">\n<div title=\"Page 45\">\n<table style=\"width: 94.611%; height: 196px;\" border=\"0\" width=\"796\" cellspacing=\"0\" cellpadding=\"0\">\n<colgroup>\n<col width=\"72\" \/>\n<col span=\"2\" width=\"133\" \/>\n<col width=\"84\" \/>\n<col width=\"103\" \/>\n<col width=\"91\" \/>\n<col width=\"180\" \/><\/colgroup>\n<tbody>\n<tr style=\"background-color: #999999;\">\n<td class=\"xl65\" style=\"text-align: center; height: 49px; width: 11.1843%;\" width=\"72\" height=\"21\"><span style=\"color: #ffffff; font-size: 90%;\">Code\u00a0<\/span><\/td>\n<td class=\"xl65\" style=\"text-align: center; height: 49px; width: 7.20617%;\" width=\"133\">\n<div title=\"Page 45\"><span style=\"color: #ffffff; font-size: 90%;\">Height (mm)<\/span><\/div>\n<\/td>\n<td class=\"xl65\" style=\"text-align: center; height: 49px; width: 6.36891%;\" width=\"133\">\n<div title=\"Page 45\"><span style=\"color: #ffffff; font-size: 90%;\">Adjustment (mm)<\/span><\/div>\n<\/td>\n<td class=\"xl80\" style=\"vertical-align: top; width: 3.77594%; height: 49px; text-align: center;\"><span style=\"font-size: 90%; color: #ffffff;\">Clear<\/span><\/td>\n<td class=\"xl80\" style=\"vertical-align: top; width: 4.07626%; height: 49px; text-align: center;\"><span style=\"font-size: 90%; color: #ffffff;\">Bronze or Gray<\/span><\/td>\n<td class=\"xl80\" style=\"vertical-align: top; width: 5.98542%; height: 49px; text-align: center;\"><span style=\"font-size: 90%; color: #ffffff;\">Matte White \/ Crepi<\/span><\/td>\n<td class=\"xl80\" style=\"vertical-align: top; width: 5.64042%; height: 49px; text-align: center;\"><span style=\"font-size: 90%; color: #ffffff;\">Matte Bronze \/ Gray \/ Extra Clear<\/span><\/td>\n<td class=\"xl83\" style=\"vertical-align: top; width: 8.03341%; height: 49px; text-align: center;\"><span style=\"font-size: 90%; color: #ffffff;\">Matte extra clear \/ Mirror \/ Linea<\/span><\/td>\n<\/tr>\n<tr style=\"height: 21px;\">\n<td style=\"width: 11.1843%; text-align: center; height: 21px;\" width=\"90\"><span style=\"font-size: 90%;\">60CON<\/span><\/td>\n<td class=\"xl65\" style=\"text-align: center; height: 21px; width: 7.20617%;\"><span style=\"font-size: 90%;\">2000<\/span><\/td>\n<td style=\"width: 6.36891%; text-align: center; height: 21px;\" width=\"69\"><span style=\"font-size: 90%;\">568-573<\/span><\/td>\n<td style=\"width: 3.77594%; text-align: center;\" width=\"66\">\u20ac293<\/td>\n<td style=\"width: 4.07626%; text-align: center;\" width=\"66\">\u20ac317<\/td>\n<td style=\"width: 5.98542%; text-align: center;\" width=\"66\">\u20ac364<\/td>\n<td style=\"width: 5.64042%; text-align: center;\" width=\"73\">\u20ac398<\/td>\n<td style=\"width: 8.03341%; text-align: center;\" width=\"73\">\u20ac458<\/td>\n<\/tr>\n<tr style=\"height: 21px;\">\n<td style=\"width: 11.1843%; text-align: center; height: 21px;\" width=\"90\"><span style=\"font-size: 90%;\">70CON<\/span><\/td>\n<td class=\"xl65\" style=\"text-align: center; height: 21px; width: 7.20617%;\"><span style=\"font-size: 90%;\">2000<\/span><\/td>\n<td style=\"width: 6.36891%; text-align: center; height: 21px;\" width=\"69\"><span style=\"font-size: 90%;\">668-673<\/span><\/td>\n<td style=\"width: 3.77594%; text-align: center;\" width=\"66\">\u20ac307<\/td>\n<td style=\"width: 4.07626%; text-align: center;\" width=\"66\">\u20ac331<\/td>\n<td style=\"width: 5.98542%; text-align: center;\" width=\"66\">\u20ac381<\/td>\n<td style=\"width: 5.64042%; text-align: center;\" width=\"73\">\u20ac416<\/td>\n<td style=\"width: 8.03341%; text-align: center;\" width=\"73\">\u20ac478<\/td>\n<\/tr>\n<tr style=\"height: 21px;\">\n<td style=\"width: 11.1843%; text-align: center; height: 21px;\" width=\"90\"><span style=\"font-size: 90%;\">80CON<\/span><\/td>\n<td class=\"xl65\" style=\"text-align: center; height: 21px; width: 7.20617%;\"><span style=\"font-size: 90%;\">2000<\/span><\/td>\n<td style=\"width: 6.36891%; text-align: center; height: 21px;\" width=\"69\"><span style=\"font-size: 90%;\">768-773<\/span><\/td>\n<td style=\"width: 3.77594%; text-align: center;\" width=\"66\">\u20ac317<\/td>\n<td style=\"width: 4.07626%; text-align: center;\" width=\"66\">\u20ac342<\/td>\n<td style=\"width: 5.98542%; text-align: center;\" width=\"66\">\u20ac398<\/td>\n<td style=\"width: 5.64042%; text-align: center;\" width=\"73\">\u20ac433<\/td>\n<td style=\"width: 8.03341%; text-align: center;\" width=\"73\">\u20ac498<\/td>\n<\/tr>\n<tr style=\"height: 21px;\">\n<td style=\"width: 11.1843%; text-align: center; height: 21px;\" width=\"90\"><span style=\"font-size: 90%;\">90CON<\/span><\/td>\n<td class=\"xl65\" style=\"text-align: center; height: 21px; width: 7.20617%;\"><span style=\"font-size: 90%;\">2000<\/span><\/td>\n<td style=\"width: 6.36891%; text-align: center; height: 21px;\" width=\"69\"><span style=\"font-size: 90%;\">868-873<\/span><\/td>\n<td style=\"width: 3.77594%; text-align: center;\" width=\"66\">\u20ac329<\/td>\n<td style=\"width: 4.07626%; text-align: center;\" width=\"66\">\u20ac361<\/td>\n<td style=\"width: 5.98542%; text-align: center;\" width=\"66\">\u20ac402<\/td>\n<td style=\"width: 5.64042%; text-align: center;\" width=\"73\">\u20ac436<\/td>\n<td style=\"width: 8.03341%; text-align: center;\" width=\"73\">\u20ac502<\/td>\n<\/tr>\n<tr style=\"height: 21px;\">\n<td style=\"width: 11.1843%; text-align: center; height: 21px;\" width=\"90\"><span style=\"font-size: 90%;\">100CON<\/span><\/td>\n<td style=\"text-align: center; width: 7.20617%; height: 21px;\"><span style=\"font-size: 90%;\">2000<\/span><\/td>\n<td style=\"width: 6.36891%; text-align: center; height: 21px;\" width=\"69\"><span style=\"font-size: 90%;\">968-973<\/span><\/td>\n<td style=\"width: 3.77594%; text-align: center;\" width=\"66\">\u20ac342<\/td>\n<td style=\"width: 4.07626%; text-align: center;\" width=\"66\">\u20ac381<\/td>\n<td style=\"width: 5.98542%; text-align: center;\" width=\"66\">\u20ac414<\/td>\n<td style=\"width: 5.64042%; text-align: center;\" width=\"73\">\u20ac449<\/td>\n<td style=\"width: 8.03341%; text-align: center;\" width=\"73\">\u20ac516<\/td>\n<\/tr>\n<tr style=\"height: 21px;\">\n<td style=\"width: 11.1843%; text-align: center; height: 21px;\" width=\"90\"><span style=\"font-size: 90%;\">110CON<\/span><\/td>\n<td style=\"text-align: center; width: 7.20617%; height: 21px;\"><span style=\"font-size: 90%;\">2000<\/span><\/td>\n<td style=\"width: 6.36891%; text-align: center; height: 21px;\" width=\"69\"><span style=\"font-size: 90%;\">1068-1073<\/span><\/td>\n<td style=\"width: 3.77594%; text-align: center;\" width=\"66\">\u20ac355<\/td>\n<td style=\"width: 4.07626%; text-align: center;\" width=\"66\">\u20ac395<\/td>\n<td style=\"width: 5.98542%; text-align: center;\" width=\"66\">\u20ac424<\/td>\n<td style=\"width: 5.64042%; text-align: center;\" width=\"73\">\u20ac459<\/td>\n<td style=\"width: 8.03341%; text-align: center;\" width=\"73\">\u20ac528<\/td>\n<\/tr>\n<tr style=\"height: 21px;\">\n<td style=\"width: 11.1843%; text-align: center; height: 21px;\" width=\"90\"><span style=\"font-size: 90%;\">120CON<\/span><\/td>\n<td style=\"text-align: center; width: 7.20617%; height: 21px;\"><span style=\"font-size: 90%;\">2000<\/span><\/td>\n<td style=\"width: 6.36891%; text-align: center; height: 21px;\" width=\"69\"><span style=\"font-size: 90%;\">1168-1173<\/span><\/td>\n<td style=\"width: 3.77594%; text-align: center;\" width=\"66\">\u20ac366<\/td>\n<td style=\"width: 4.07626%; text-align: center;\" width=\"66\">\u20ac411<\/td>\n<td style=\"width: 5.98542%; text-align: center;\" width=\"66\">\u20ac436<\/td>\n<td style=\"width: 5.64042%; text-align: center;\" width=\"73\">\u20ac471<\/td>\n<td style=\"width: 8.03341%; text-align: center;\" width=\"73\">\u20ac542<\/td>\n<\/tr>\n<\/tbody>\n<\/table>\n<p>*All prices include VAT.<\/p>\n<\/div>\n<\/div>\n","protected":false},"excerpt":{"rendered":"<div id='gallery-1' class='gallery galleryid-5474 gallery-columns-6 gallery-size-thumbnail'><figure class='gallery-item'>\n\t\t\t<div class='gallery-icon landscape'>\n\t\t\t\t<img width=\"280\" height=\"280\" src=\"https:\/\/www.stikla-serviss.lv\/wp-content\/uploads\/2020\/07\/ss_pic-02-280x280.png\" class=\"attachment-thumbnail size-thumbnail\" alt=\"\" decoding=\"async\" loading=\"lazy\" srcset=\"https:\/\/www.stikla-serviss.lv\/wp-content\/uploads\/2020\/07\/ss_pic-02-280x280.png 280w, https:\/\/www.stikla-serviss.lv\/wp-content\/uploads\/2020\/07\/ss_pic-02-401x400.png 401w, https:\/\/www.stikla-serviss.lv\/wp-content\/uploads\/2020\/07\/ss_pic-02-300x300.png 300w, https:\/\/www.stikla-serviss.lv\/wp-content\/uploads\/2020\/07\/ss_pic-02-100x100.png 100w, https:\/\/www.stikla-serviss.lv\/wp-content\/uploads\/2020\/07\/ss_pic-02-32x32.png 32w, https:\/\/www.stikla-serviss.lv\/wp-content\/uploads\/2020\/07\/ss_pic-02-e1604331855484.png 80w\" sizes=\"auto, (max-width: 280px) 100vw, 280px\" \/>\n\t\t\t<\/div><\/figure><figure class='gallery-item'>\n\t\t\t<div class='gallery-icon landscape'>\n\t\t\t\t<img width=\"280\" height=\"280\" src=\"https:\/\/www.stikla-serviss.lv\/wp-content\/uploads\/2020\/07\/ss_pic-03-280x280.png\" class=\"attachment-thumbnail size-thumbnail\" alt=\"\" decoding=\"async\" loading=\"lazy\" srcset=\"https:\/\/www.stikla-serviss.lv\/wp-content\/uploads\/2020\/07\/ss_pic-03-280x280.png 280w, https:\/\/www.stikla-serviss.lv\/wp-content\/uploads\/2020\/07\/ss_pic-03-401x400.png 401w, https:\/\/www.stikla-serviss.lv\/wp-content\/uploads\/2020\/07\/ss_pic-03-300x300.png 300w, https:\/\/www.stikla-serviss.lv\/wp-content\/uploads\/2020\/07\/ss_pic-03-100x100.png 100w, https:\/\/www.stikla-serviss.lv\/wp-content\/uploads\/2020\/07\/ss_pic-03-32x32.png 32w, https:\/\/www.stikla-serviss.lv\/wp-content\/uploads\/2020\/07\/ss_pic-03-e1604331865897.png 80w\" sizes=\"auto, (max-width: 280px) 100vw, 280px\" \/>\n\t\t\t<\/div><\/figure><figure class='gallery-item'>\n\t\t\t<div class='gallery-icon landscape'>\n\t\t\t\t<img width=\"280\" height=\"280\" src=\"https:\/\/www.stikla-serviss.lv\/wp-content\/uploads\/2020\/07\/ss_pic-10-280x280.png\" class=\"attachment-thumbnail size-thumbnail\" alt=\"\" decoding=\"async\" loading=\"lazy\" srcset=\"https:\/\/www.stikla-serviss.lv\/wp-content\/uploads\/2020\/07\/ss_pic-10-280x280.png 280w, https:\/\/www.stikla-serviss.lv\/wp-content\/uploads\/2020\/07\/ss_pic-10-400x400.png 400w, https:\/\/www.stikla-serviss.lv\/wp-content\/uploads\/2020\/07\/ss_pic-10-300x300.png 300w, https:\/\/www.stikla-serviss.lv\/wp-content\/uploads\/2020\/07\/ss_pic-10-100x100.png 100w, https:\/\/www.stikla-serviss.lv\/wp-content\/uploads\/2020\/07\/ss_pic-10-32x32.png 32w, https:\/\/www.stikla-serviss.lv\/wp-content\/uploads\/2020\/07\/ss_pic-10-e1604331947327.png 80w\" sizes=\"auto, (max-width: 280px) 100vw, 280px\" \/>\n\t\t\t<\/div><\/figure><figure class='gallery-item'>\n\t\t\t<div class='gallery-icon landscape'>\n\t\t\t\t<img width=\"280\" height=\"280\" src=\"https:\/\/www.stikla-serviss.lv\/wp-content\/uploads\/2020\/07\/ss_pic-04-280x280.png\" class=\"attachment-thumbnail size-thumbnail\" alt=\"\" decoding=\"async\" loading=\"lazy\" srcset=\"https:\/\/www.stikla-serviss.lv\/wp-content\/uploads\/2020\/07\/ss_pic-04-280x280.png 280w, https:\/\/www.stikla-serviss.lv\/wp-content\/uploads\/2020\/07\/ss_pic-04-400x400.png 400w, https:\/\/www.stikla-serviss.lv\/wp-content\/uploads\/2020\/07\/ss_pic-04-300x300.png 300w, https:\/\/www.stikla-serviss.lv\/wp-content\/uploads\/2020\/07\/ss_pic-04-100x100.png 100w, https:\/\/www.stikla-serviss.lv\/wp-content\/uploads\/2020\/07\/ss_pic-04-32x32.png 32w, https:\/\/www.stikla-serviss.lv\/wp-content\/uploads\/2020\/07\/ss_pic-04-e1604331879773.png 80w\" sizes=\"auto, (max-width: 280px) 100vw, 280px\" \/>\n\t\t\t<\/div><\/figure><figure class='gallery-item'>\n\t\t\t<div class='gallery-icon landscape'>\n\t\t\t\t<img width=\"280\" height=\"280\" src=\"https:\/\/www.stikla-serviss.lv\/wp-content\/uploads\/2020\/07\/ss_pic-09-280x280.png\" class=\"attachment-thumbnail size-thumbnail\" alt=\"\" decoding=\"async\" loading=\"lazy\" srcset=\"https:\/\/www.stikla-serviss.lv\/wp-content\/uploads\/2020\/07\/ss_pic-09-280x280.png 280w, https:\/\/www.stikla-serviss.lv\/wp-content\/uploads\/2020\/07\/ss_pic-09-400x400.png 400w, https:\/\/www.stikla-serviss.lv\/wp-content\/uploads\/2020\/07\/ss_pic-09-300x300.png 300w, https:\/\/www.stikla-serviss.lv\/wp-content\/uploads\/2020\/07\/ss_pic-09-100x100.png 100w, https:\/\/www.stikla-serviss.lv\/wp-content\/uploads\/2020\/07\/ss_pic-09-32x32.png 32w, https:\/\/www.stikla-serviss.lv\/wp-content\/uploads\/2020\/07\/ss_pic-09-e1604331937629.png 80w\" sizes=\"auto, (max-width: 280px) 100vw, 280px\" \/>\n\t\t\t<\/div><\/figure><figure class='gallery-item'>\n\t\t\t<div class='gallery-icon landscape'>\n\t\t\t\t<img width=\"280\" height=\"280\" src=\"https:\/\/www.stikla-serviss.lv\/wp-content\/uploads\/2020\/07\/ss_pic-14-280x280.png\" class=\"attachment-thumbnail size-thumbnail\" alt=\"\" decoding=\"async\" loading=\"lazy\" srcset=\"https:\/\/www.stikla-serviss.lv\/wp-content\/uploads\/2020\/07\/ss_pic-14-280x280.png 280w, https:\/\/www.stikla-serviss.lv\/wp-content\/uploads\/2020\/07\/ss_pic-14-399x400.png 399w, https:\/\/www.stikla-serviss.lv\/wp-content\/uploads\/2020\/07\/ss_pic-14-300x300.png 300w, https:\/\/www.stikla-serviss.lv\/wp-content\/uploads\/2020\/07\/ss_pic-14-100x100.png 100w, https:\/\/www.stikla-serviss.lv\/wp-content\/uploads\/2020\/07\/ss_pic-14-32x32.png 32w, https:\/\/www.stikla-serviss.lv\/wp-content\/uploads\/2020\/07\/ss_pic-14-e1604331998354.png 80w\" sizes=\"auto, (max-width: 280px) 100vw, 280px\" \/>\n\t\t\t<\/div><\/figure>\n\t\t<\/div>\n\n<p><img loading=\"lazy\" decoding=\"async\" class=\"alignnone wp-image-4996 size-full\" src=\"https:\/\/www.stikla-serviss.lv\/wp-content\/uploads\/2020\/07\/siena.jpg\" alt=\"\" width=\"181\" height=\"179\" srcset=\"https:\/\/www.stikla-serviss.lv\/wp-content\/uploads\/2020\/07\/siena.jpg 181w, https:\/\/www.stikla-serviss.lv\/wp-content\/uploads\/2020\/07\/siena-100x100.jpg 100w, https:\/\/www.stikla-serviss.lv\/wp-content\/uploads\/2020\/07\/siena-32x32.jpg 32w\" sizes=\"auto, (max-width: 181px) 100vw, 181px\" \/><\/p>\n","protected":false},"featured_media":3543,"template":"","meta":[],"product_brand":[],"product_cat":[250,246],"product_tag":[],"class_list":{"0":"post-5474","1":"product","2":"type-product","3":"status-publish","4":"has-post-thumbnail","6":"product_cat-shower-walls","7":"product_cat-shower-enclosures-and-bath-screens","9":"first","10":"instock","11":"shipping-taxable","12":"product-type-simple"},"yoast_head":"<!-- This site is optimized with the Yoast SEO plugin v27.1.1 - https:\/\/yoast.com\/product\/yoast-seo-wordpress\/ -->\n<title>SHOWER WALLCONFORTO - STIKLA SERVISS<\/title>\n<meta name=\"description\" content=\"SHOWER WALLCONFORTO - STIKLA SERVISS\" \/>\n<meta name=\"robots\" content=\"index, follow, max-snippet:-1, max-image-preview:large, max-video-preview:-1\" \/>\n<link rel=\"canonical\" href=\"https:\/\/www.stikla-serviss.lv\/en\/product\/stikla-dusas-siena-conforto\/\" \/>\n<meta property=\"og:locale\" content=\"en_US\" \/>\n<meta property=\"og:type\" content=\"article\" \/>\n<meta property=\"og:title\" content=\"SHOWER WALLCONFORTO - STIKLA SERVISS\" \/>\n<meta property=\"og:description\" content=\"SHOWER WALLCONFORTO - STIKLA SERVISS\" \/>\n<meta property=\"og:url\" content=\"https:\/\/www.stikla-serviss.lv\/en\/product\/stikla-dusas-siena-conforto\/\" \/>\n<meta property=\"og:site_name\" content=\"STIKLA SERVISS\" \/>\n<meta property=\"article:modified_time\" content=\"2025-12-22T09:43:55+00:00\" \/>\n<meta property=\"og:image\" content=\"https:\/\/www.stikla-serviss.lv\/wp-content\/uploads\/2020\/12\/Conforto.jpg\" \/>\n\t<meta property=\"og:image:width\" content=\"1800\" \/>\n\t<meta property=\"og:image:height\" content=\"1800\" \/>\n\t<meta property=\"og:image:type\" content=\"image\/jpeg\" \/>\n<meta name=\"twitter:card\" content=\"summary_large_image\" \/>\n<meta name=\"twitter:label1\" content=\"Est. reading time\" \/>\n\t<meta name=\"twitter:data1\" content=\"1 minute\" \/>\n<script type=\"application\/ld+json\" class=\"yoast-schema-graph\">{\"@context\":\"https:\/\/schema.org\",\"@graph\":[{\"@type\":\"WebPage\",\"@id\":\"https:\/\/www.stikla-serviss.lv\/en\/product\/stikla-dusas-siena-conforto\/\",\"url\":\"https:\/\/www.stikla-serviss.lv\/en\/product\/stikla-dusas-siena-conforto\/\",\"name\":\"SHOWER WALLCONFORTO - STIKLA SERVISS\",\"isPartOf\":{\"@id\":\"https:\/\/www.stikla-serviss.lv\/en\/#website\"},\"primaryImageOfPage\":{\"@id\":\"https:\/\/www.stikla-serviss.lv\/en\/product\/stikla-dusas-siena-conforto\/#primaryimage\"},\"image\":{\"@id\":\"https:\/\/www.stikla-serviss.lv\/en\/product\/stikla-dusas-siena-conforto\/#primaryimage\"},\"thumbnailUrl\":\"https:\/\/www.stikla-serviss.lv\/wp-content\/uploads\/2020\/12\/Conforto.jpg\",\"datePublished\":\"2020-12-05T10:06:10+00:00\",\"dateModified\":\"2025-12-22T09:43:55+00:00\",\"description\":\"SHOWER WALLCONFORTO - STIKLA SERVISS\",\"breadcrumb\":{\"@id\":\"https:\/\/www.stikla-serviss.lv\/en\/product\/stikla-dusas-siena-conforto\/#breadcrumb\"},\"inLanguage\":\"en-US\",\"potentialAction\":[{\"@type\":\"ReadAction\",\"target\":[\"https:\/\/www.stikla-serviss.lv\/en\/product\/stikla-dusas-siena-conforto\/\"]}]},{\"@type\":\"ImageObject\",\"inLanguage\":\"en-US\",\"@id\":\"https:\/\/www.stikla-serviss.lv\/en\/product\/stikla-dusas-siena-conforto\/#primaryimage\",\"url\":\"https:\/\/www.stikla-serviss.lv\/wp-content\/uploads\/2020\/12\/Conforto.jpg\",\"contentUrl\":\"https:\/\/www.stikla-serviss.lv\/wp-content\/uploads\/2020\/12\/Conforto.jpg\",\"width\":1800,\"height\":1800},{\"@type\":\"BreadcrumbList\",\"@id\":\"https:\/\/www.stikla-serviss.lv\/en\/product\/stikla-dusas-siena-conforto\/#breadcrumb\",\"itemListElement\":[{\"@type\":\"ListItem\",\"position\":1,\"name\":\"Home\",\"item\":\"https:\/\/www.stikla-serviss.lv\/en\/\"},{\"@type\":\"ListItem\",\"position\":2,\"name\":\"PRODUCTS\",\"item\":\"https:\/\/www.stikla-serviss.lv\/en\/produkti\/\"},{\"@type\":\"ListItem\",\"position\":3,\"name\":\"SHOWER WALLCONFORTO\"}]},{\"@type\":\"WebSite\",\"@id\":\"https:\/\/www.stikla-serviss.lv\/en\/#website\",\"url\":\"https:\/\/www.stikla-serviss.lv\/en\/\",\"name\":\"STIKLA SERVISS\",\"description\":\"Stikla tirdzniec\u012bbas un stikla izstr\u0101d\u0101jumu ra\u017eo\u0161anas uz\u0146\u0113mums\",\"publisher\":{\"@id\":\"https:\/\/www.stikla-serviss.lv\/en\/#organization\"},\"potentialAction\":[{\"@type\":\"SearchAction\",\"target\":{\"@type\":\"EntryPoint\",\"urlTemplate\":\"https:\/\/www.stikla-serviss.lv\/en\/?s={search_term_string}\"},\"query-input\":{\"@type\":\"PropertyValueSpecification\",\"valueRequired\":true,\"valueName\":\"search_term_string\"}}],\"inLanguage\":\"en-US\"},{\"@type\":\"Organization\",\"@id\":\"https:\/\/www.stikla-serviss.lv\/en\/#organization\",\"name\":\"SIA \\\"STIKLA SERVISS\\\"\",\"url\":\"https:\/\/www.stikla-serviss.lv\/en\/\",\"logo\":{\"@type\":\"ImageObject\",\"inLanguage\":\"en-US\",\"@id\":\"https:\/\/www.stikla-serviss.lv\/en\/#\/schema\/logo\/image\/\",\"url\":\"https:\/\/www.stikla-serviss.lv\/wp-content\/uploads\/2020\/07\/LOGO-ISTS.jpg\",\"contentUrl\":\"https:\/\/www.stikla-serviss.lv\/wp-content\/uploads\/2020\/07\/LOGO-ISTS.jpg\",\"width\":1860,\"height\":817,\"caption\":\"SIA \\\"STIKLA SERVISS\\\"\"},\"image\":{\"@id\":\"https:\/\/www.stikla-serviss.lv\/en\/#\/schema\/logo\/image\/\"}}]}<\/script>\n<!-- \/ Yoast SEO plugin. -->","yoast_head_json":{"title":"SHOWER WALLCONFORTO - STIKLA SERVISS","description":"SHOWER WALLCONFORTO - STIKLA SERVISS","robots":{"index":"index","follow":"follow","max-snippet":"max-snippet:-1","max-image-preview":"max-image-preview:large","max-video-preview":"max-video-preview:-1"},"canonical":"https:\/\/www.stikla-serviss.lv\/en\/product\/stikla-dusas-siena-conforto\/","og_locale":"en_US","og_type":"article","og_title":"SHOWER WALLCONFORTO - STIKLA SERVISS","og_description":"SHOWER WALLCONFORTO - STIKLA SERVISS","og_url":"https:\/\/www.stikla-serviss.lv\/en\/product\/stikla-dusas-siena-conforto\/","og_site_name":"STIKLA SERVISS","article_modified_time":"2025-12-22T09:43:55+00:00","og_image":[{"width":1800,"height":1800,"url":"https:\/\/www.stikla-serviss.lv\/wp-content\/uploads\/2020\/12\/Conforto.jpg","type":"image\/jpeg"}],"twitter_card":"summary_large_image","twitter_misc":{"Est. reading time":"1 minute"},"schema":{"@context":"https:\/\/schema.org","@graph":[{"@type":"WebPage","@id":"https:\/\/www.stikla-serviss.lv\/en\/product\/stikla-dusas-siena-conforto\/","url":"https:\/\/www.stikla-serviss.lv\/en\/product\/stikla-dusas-siena-conforto\/","name":"SHOWER WALLCONFORTO - STIKLA SERVISS","isPartOf":{"@id":"https:\/\/www.stikla-serviss.lv\/en\/#website"},"primaryImageOfPage":{"@id":"https:\/\/www.stikla-serviss.lv\/en\/product\/stikla-dusas-siena-conforto\/#primaryimage"},"image":{"@id":"https:\/\/www.stikla-serviss.lv\/en\/product\/stikla-dusas-siena-conforto\/#primaryimage"},"thumbnailUrl":"https:\/\/www.stikla-serviss.lv\/wp-content\/uploads\/2020\/12\/Conforto.jpg","datePublished":"2020-12-05T10:06:10+00:00","dateModified":"2025-12-22T09:43:55+00:00","description":"SHOWER WALLCONFORTO - STIKLA SERVISS","breadcrumb":{"@id":"https:\/\/www.stikla-serviss.lv\/en\/product\/stikla-dusas-siena-conforto\/#breadcrumb"},"inLanguage":"en-US","potentialAction":[{"@type":"ReadAction","target":["https:\/\/www.stikla-serviss.lv\/en\/product\/stikla-dusas-siena-conforto\/"]}]},{"@type":"ImageObject","inLanguage":"en-US","@id":"https:\/\/www.stikla-serviss.lv\/en\/product\/stikla-dusas-siena-conforto\/#primaryimage","url":"https:\/\/www.stikla-serviss.lv\/wp-content\/uploads\/2020\/12\/Conforto.jpg","contentUrl":"https:\/\/www.stikla-serviss.lv\/wp-content\/uploads\/2020\/12\/Conforto.jpg","width":1800,"height":1800},{"@type":"BreadcrumbList","@id":"https:\/\/www.stikla-serviss.lv\/en\/product\/stikla-dusas-siena-conforto\/#breadcrumb","itemListElement":[{"@type":"ListItem","position":1,"name":"Home","item":"https:\/\/www.stikla-serviss.lv\/en\/"},{"@type":"ListItem","position":2,"name":"PRODUCTS","item":"https:\/\/www.stikla-serviss.lv\/en\/produkti\/"},{"@type":"ListItem","position":3,"name":"SHOWER WALLCONFORTO"}]},{"@type":"WebSite","@id":"https:\/\/www.stikla-serviss.lv\/en\/#website","url":"https:\/\/www.stikla-serviss.lv\/en\/","name":"STIKLA SERVISS","description":"Stikla tirdzniec\u012bbas un stikla izstr\u0101d\u0101jumu ra\u017eo\u0161anas uz\u0146\u0113mums","publisher":{"@id":"https:\/\/www.stikla-serviss.lv\/en\/#organization"},"potentialAction":[{"@type":"SearchAction","target":{"@type":"EntryPoint","urlTemplate":"https:\/\/www.stikla-serviss.lv\/en\/?s={search_term_string}"},"query-input":{"@type":"PropertyValueSpecification","valueRequired":true,"valueName":"search_term_string"}}],"inLanguage":"en-US"},{"@type":"Organization","@id":"https:\/\/www.stikla-serviss.lv\/en\/#organization","name":"SIA \"STIKLA SERVISS\"","url":"https:\/\/www.stikla-serviss.lv\/en\/","logo":{"@type":"ImageObject","inLanguage":"en-US","@id":"https:\/\/www.stikla-serviss.lv\/en\/#\/schema\/logo\/image\/","url":"https:\/\/www.stikla-serviss.lv\/wp-content\/uploads\/2020\/07\/LOGO-ISTS.jpg","contentUrl":"https:\/\/www.stikla-serviss.lv\/wp-content\/uploads\/2020\/07\/LOGO-ISTS.jpg","width":1860,"height":817,"caption":"SIA \"STIKLA SERVISS\""},"image":{"@id":"https:\/\/www.stikla-serviss.lv\/en\/#\/schema\/logo\/image\/"}}]}},"_links":{"self":[{"href":"https:\/\/www.stikla-serviss.lv\/en\/wp-json\/wp\/v2\/product\/5474","targetHints":{"allow":["GET"]}}],"collection":[{"href":"https:\/\/www.stikla-serviss.lv\/en\/wp-json\/wp\/v2\/product"}],"about":[{"href":"https:\/\/www.stikla-serviss.lv\/en\/wp-json\/wp\/v2\/types\/product"}],"wp:featuredmedia":[{"embeddable":true,"href":"https:\/\/www.stikla-serviss.lv\/en\/wp-json\/wp\/v2\/media\/3543"}],"wp:attachment":[{"href":"https:\/\/www.stikla-serviss.lv\/en\/wp-json\/wp\/v2\/media?parent=5474"}],"wp:term":[{"taxonomy":"product_brand","embeddable":true,"href":"https:\/\/www.stikla-serviss.lv\/en\/wp-json\/wp\/v2\/product_brand?post=5474"},{"taxonomy":"product_cat","embeddable":true,"href":"https:\/\/www.stikla-serviss.lv\/en\/wp-json\/wp\/v2\/product_cat?post=5474"},{"taxonomy":"product_tag","embeddable":true,"href":"https:\/\/www.stikla-serviss.lv\/en\/wp-json\/wp\/v2\/product_tag?post=5474"}],"curies":[{"name":"wp","href":"https:\/\/api.w.org\/{rel}","templated":true}]}}