{"id":5476,"date":"2020-12-03T13:29:10","date_gmt":"2020-12-03T10:29:10","guid":{"rendered":"https:\/\/www.stikla-serviss.lv\/product\/stikla-dusas-siena-conforto-ar-dizainu\/"},"modified":"2025-07-08T12:37:58","modified_gmt":"2025-07-08T09:37:58","slug":"stikla-dusas-siena-conforto-ar-dizainu","status":"publish","type":"product","link":"https:\/\/www.stikla-serviss.lv\/en\/product\/stikla-dusas-siena-conforto-ar-dizainu\/","title":{"rendered":"SHOWER WALL <p>CONFORTO DESIGN<\/p>"},"content":{"rendered":"<div title=\"Page 45\">\n<div title=\"Page 45\">\n<table style=\"border-collapse: collapse; width: 100.072%;\" border=\"0\" cellspacing=\"0\" cellpadding=\"0\">\n<colgroup>\n<col width=\"72\" \/>\n<col span=\"2\" width=\"133\" \/>\n<col width=\"84\" \/>\n<col width=\"103\" \/>\n<col width=\"91\" \/>\n<col width=\"180\" \/><\/colgroup>\n<tbody>\n<tr style=\"background-color: #999999;\">\n<td class=\"xl65\" style=\"text-align: center; width: 11.0789%;\"><span style=\"color: #ffffff; font-size: 90%;\">Code\u00a0<\/span><\/td>\n<td class=\"xl65\" style=\"text-align: center; width: 13.6133%;\">\n<div title=\"Page 45\"><span style=\"color: #ffffff; font-size: 90%;\">Height (mm)<\/span><\/div>\n<\/td>\n<td class=\"xl65\" style=\"text-align: center; width: 16.8767%;\">\n<div title=\"Page 45\"><span style=\"color: #ffffff; font-size: 90%;\">Adjustment (mm)<\/span><\/div>\n<\/td>\n<td class=\"xl80\" style=\"vertical-align: top; text-align: center; width: 10.9293%;\"><span style=\"font-size: 90%; color: #ffffff;\">Clear<\/span><\/td>\n<td class=\"xl80\" style=\"vertical-align: top; text-align: center; width: 10.8616%;\"><span style=\"font-size: 90%; color: #ffffff;\">Bronze or Gray<\/span><\/td>\n<td class=\"xl80\" style=\"vertical-align: top; text-align: center; width: 10.1376%;\"><span style=\"font-size: 90%; color: #ffffff;\">Matte White \/ Crepi<\/span><\/td>\n<td class=\"xl80\" style=\"vertical-align: top; text-align: center; width: 12.7444%;\"><span style=\"font-size: 90%; color: #ffffff;\">Matte Bronze \/ Gray \/ Extra Clear<\/span><\/td>\n<td class=\"xl83\" style=\"vertical-align: top; text-align: center; width: 13.6857%;\"><span style=\"font-size: 90%; color: #ffffff;\">Matte extra clear \/ Mirror \/ Linea<\/span><\/td>\n<\/tr>\n<tr>\n<td style=\"text-align: center; width: 11.0789%;\"><span style=\"font-size: 90%;\">60CON_MD<\/span><\/td>\n<td class=\"xl65\" style=\"text-align: center; width: 13.6133%;\"><span style=\"font-size: 90%;\">2000<\/span><\/td>\n<td style=\"text-align: center; width: 16.8767%;\"><span style=\"font-size: 90%;\">568-573<\/span><\/td>\n<td style=\"width: 10.9293%; text-align: center; height: 21px;\" width=\"69\"><span style=\"font-size: 90%;\">\u20ac400<\/span><\/td>\n<td style=\"width: 10.8616%; text-align: center; height: 21px;\" width=\"69\"><span style=\"font-size: 90%;\">\u20ac418<\/span><\/td>\n<td style=\"width: 10.1376%; text-align: center; height: 21px;\" width=\"69\"><span style=\"font-size: 90%;\">\u20ac451<\/span><\/td>\n<td style=\"width: 12.7444%; text-align: center; height: 21px;\" width=\"69\"><span style=\"font-size: 90%;\">\u20ac476<\/span><\/td>\n<td style=\"width: 13.6857%; text-align: center; height: 21px;\" width=\"69\"><span style=\"font-size: 90%;\">\u20ac549<\/span><\/td>\n<\/tr>\n<tr>\n<td style=\"text-align: center; width: 11.0789%;\"><span style=\"font-size: 90%;\">70CON_MD<\/span><\/td>\n<td class=\"xl65\" style=\"text-align: center; width: 13.6133%;\"><span style=\"font-size: 90%;\">2000<\/span><\/td>\n<td style=\"text-align: center; width: 16.8767%;\"><span style=\"font-size: 90%;\">668-673<\/span><\/td>\n<td style=\"width: 10.9293%; text-align: center; height: 21px;\" width=\"69\"><span style=\"font-size: 90%;\">\u20ac410<\/span><\/td>\n<td style=\"width: 10.8616%; text-align: center; height: 21px;\" width=\"69\"><span style=\"font-size: 90%;\">\u20ac390<\/span><\/td>\n<td style=\"width: 10.1376%; text-align: center; height: 21px;\" width=\"69\"><span style=\"font-size: 90%;\">\u20ac464<\/span><\/td>\n<td style=\"width: 12.7444%; text-align: center; height: 21px;\" width=\"69\"><span style=\"font-size: 90%;\">\u20ac489<\/span><\/td>\n<td style=\"width: 13.6857%; text-align: center; height: 21px;\" width=\"69\"><span style=\"font-size: 90%;\">\u20ac563<\/span><\/td>\n<\/tr>\n<tr>\n<td style=\"text-align: center; width: 11.0789%;\"><span style=\"font-size: 90%;\">80CON_MD<\/span><\/td>\n<td class=\"xl65\" style=\"text-align: center; width: 13.6133%;\"><span style=\"font-size: 90%;\">2000<\/span><\/td>\n<td style=\"text-align: center; width: 16.8767%;\"><span style=\"font-size: 90%;\">768-773<\/span><\/td>\n<td style=\"width: 10.9293%; text-align: center; height: 21px;\" width=\"69\"><span style=\"font-size: 90%;\">\u20ac418<\/span><\/td>\n<td style=\"width: 10.8616%; text-align: center; height: 21px;\" width=\"69\"><span style=\"font-size: 90%;\">\u20ac348<\/span><\/td>\n<td style=\"width: 10.1376%; text-align: center; height: 21px;\" width=\"69\"><span style=\"font-size: 90%;\">\u20ac476<\/span><\/td>\n<td style=\"width: 12.7444%; text-align: center; height: 21px;\" width=\"69\"><span style=\"font-size: 90%;\">\u20ac501<\/span><\/td>\n<td style=\"width: 13.6857%; text-align: center; height: 21px;\" width=\"69\"><span style=\"font-size: 90%;\">\u20ac578<\/span><\/td>\n<\/tr>\n<tr>\n<td style=\"text-align: center; width: 11.0789%;\"><span style=\"font-size: 90%;\">90CON_MD<\/span><\/td>\n<td class=\"xl65\" style=\"text-align: center; width: 13.6133%;\"><span style=\"font-size: 90%;\">2000<\/span><\/td>\n<td style=\"text-align: center; width: 16.8767%;\"><span style=\"font-size: 90%;\">868-873<\/span><\/td>\n<td style=\"width: 10.9293%; text-align: center; height: 21px;\" width=\"69\"><span style=\"font-size: 90%;\">\u20ac426<\/span><\/td>\n<td style=\"width: 10.8616%; text-align: center; height: 21px;\" width=\"69\"><span style=\"font-size: 90%;\">\u20ac435<\/span><\/td>\n<td style=\"width: 10.1376%; text-align: center; height: 21px;\" width=\"69\"><span style=\"font-size: 90%;\">\u20ac479<\/span><\/td>\n<td style=\"width: 12.7444%; text-align: center; height: 21px;\" width=\"69\"><span style=\"font-size: 90%;\">\u20ac504<\/span><\/td>\n<td style=\"width: 13.6857%; text-align: center; height: 21px;\" width=\"69\"><span style=\"font-size: 90%;\">\u20ac580<\/span><\/td>\n<\/tr>\n<tr>\n<td style=\"text-align: center; width: 11.0789%;\"><span style=\"font-size: 90%;\">100CON_MD<\/span><\/td>\n<td style=\"text-align: center; width: 13.6133%;\"><span style=\"font-size: 90%;\">2000<\/span><\/td>\n<td style=\"text-align: center; width: 16.8767%;\"><span style=\"font-size: 90%;\">968-973<\/span><\/td>\n<td style=\"width: 10.9293%; text-align: center; height: 21px;\" width=\"69\"><span style=\"font-size: 90%;\">\u20ac435<\/span><\/td>\n<td style=\"width: 10.8616%; text-align: center; height: 21px;\" width=\"69\"><span style=\"font-size: 90%;\">\u20ac464<\/span><\/td>\n<td style=\"width: 10.1376%; text-align: center; height: 21px;\" width=\"69\"><span style=\"font-size: 90%;\">\u20ac488<\/span><\/td>\n<td style=\"width: 12.7444%; text-align: center; height: 21px;\" width=\"69\"><span style=\"font-size: 90%;\">\u20ac513<\/span><\/td>\n<td style=\"width: 13.6857%; text-align: center; height: 21px;\" width=\"69\"><span style=\"font-size: 90%;\">\u20ac590<\/span><\/td>\n<\/tr>\n<tr>\n<td style=\"text-align: center; width: 11.0789%;\"><span style=\"font-size: 90%;\">110CON_MD<\/span><\/td>\n<td style=\"text-align: center; width: 13.6133%;\"><span style=\"font-size: 90%;\">2000<\/span><\/td>\n<td style=\"text-align: center; width: 16.8767%;\"><span style=\"font-size: 90%;\">1068-1073<\/span><\/td>\n<td style=\"width: 10.9293%; text-align: center; height: 21px;\" width=\"69\"><span style=\"font-size: 90%;\">\u20ac445<\/span><\/td>\n<td style=\"width: 10.8616%; text-align: center; height: 21px;\" width=\"69\"><span style=\"font-size: 90%;\">\u20ac474<\/span><\/td>\n<td style=\"width: 10.1376%; text-align: center; height: 21px;\" width=\"69\"><span style=\"font-size: 90%;\">\u20ac495<\/span><\/td>\n<td style=\"width: 12.7444%; text-align: center; height: 21px;\" width=\"69\"><span style=\"font-size: 90%;\">\u20ac520<\/span><\/td>\n<td style=\"width: 13.6857%; text-align: center; height: 21px;\" width=\"69\"><span style=\"font-size: 90%;\">\u20ac599<\/span><\/td>\n<\/tr>\n<tr>\n<td style=\"text-align: center; width: 11.0789%;\"><span style=\"font-size: 90%;\">120CON_MD<\/span><\/td>\n<td style=\"text-align: center; width: 13.6133%;\"><span style=\"font-size: 90%;\">2000<\/span><\/td>\n<td style=\"text-align: center; width: 16.8767%;\"><span style=\"font-size: 90%;\">1168-1173<\/span><\/td>\n<td style=\"width: 10.9293%; text-align: center; height: 21px;\" width=\"69\"><span style=\"font-size: 90%;\">\u20ac453<\/span><\/td>\n<td style=\"width: 10.8616%; text-align: center; height: 21px;\" width=\"69\"><span style=\"font-size: 90%;\">\u20ac485<\/span><\/td>\n<td style=\"width: 10.1376%; text-align: center; height: 21px;\" width=\"69\"><span style=\"font-size: 90%;\">\u20ac504<\/span><\/td>\n<td style=\"width: 12.7444%; text-align: center; height: 21px;\" width=\"69\"><span style=\"font-size: 90%;\">\u20ac529<\/span><\/td>\n<td style=\"width: 13.6857%; text-align: center; height: 21px;\" width=\"69\"><span style=\"font-size: 90%;\">\u20ac609<\/span><\/td>\n<\/tr>\n<\/tbody>\n<\/table>\n<p>*All prices include VAT.<\/p>\n<\/div>\n<\/div>\n","protected":false},"excerpt":{"rendered":"<div id='gallery-1' class='gallery galleryid-5476 gallery-columns-6 gallery-size-thumbnail'><figure class='gallery-item'>\n\t\t\t<div class='gallery-icon landscape'>\n\t\t\t\t<img width=\"280\" height=\"280\" src=\"https:\/\/www.stikla-serviss.lv\/wp-content\/uploads\/2020\/07\/ss_pic-02-280x280.png\" class=\"attachment-thumbnail size-thumbnail\" alt=\"\" decoding=\"async\" loading=\"lazy\" srcset=\"https:\/\/www.stikla-serviss.lv\/wp-content\/uploads\/2020\/07\/ss_pic-02-280x280.png 280w, https:\/\/www.stikla-serviss.lv\/wp-content\/uploads\/2020\/07\/ss_pic-02-401x400.png 401w, https:\/\/www.stikla-serviss.lv\/wp-content\/uploads\/2020\/07\/ss_pic-02-300x300.png 300w, https:\/\/www.stikla-serviss.lv\/wp-content\/uploads\/2020\/07\/ss_pic-02-100x100.png 100w, https:\/\/www.stikla-serviss.lv\/wp-content\/uploads\/2020\/07\/ss_pic-02-32x32.png 32w, https:\/\/www.stikla-serviss.lv\/wp-content\/uploads\/2020\/07\/ss_pic-02-e1604331855484.png 80w\" sizes=\"auto, (max-width: 280px) 100vw, 280px\" \/>\n\t\t\t<\/div><\/figure><figure class='gallery-item'>\n\t\t\t<div class='gallery-icon landscape'>\n\t\t\t\t<img width=\"280\" height=\"280\" src=\"https:\/\/www.stikla-serviss.lv\/wp-content\/uploads\/2020\/07\/ss_pic-03-280x280.png\" class=\"attachment-thumbnail size-thumbnail\" alt=\"\" decoding=\"async\" loading=\"lazy\" srcset=\"https:\/\/www.stikla-serviss.lv\/wp-content\/uploads\/2020\/07\/ss_pic-03-280x280.png 280w, https:\/\/www.stikla-serviss.lv\/wp-content\/uploads\/2020\/07\/ss_pic-03-401x400.png 401w, https:\/\/www.stikla-serviss.lv\/wp-content\/uploads\/2020\/07\/ss_pic-03-300x300.png 300w, https:\/\/www.stikla-serviss.lv\/wp-content\/uploads\/2020\/07\/ss_pic-03-100x100.png 100w, https:\/\/www.stikla-serviss.lv\/wp-content\/uploads\/2020\/07\/ss_pic-03-32x32.png 32w, https:\/\/www.stikla-serviss.lv\/wp-content\/uploads\/2020\/07\/ss_pic-03-e1604331865897.png 80w\" sizes=\"auto, (max-width: 280px) 100vw, 280px\" \/>\n\t\t\t<\/div><\/figure><figure class='gallery-item'>\n\t\t\t<div class='gallery-icon landscape'>\n\t\t\t\t<img width=\"280\" height=\"280\" src=\"https:\/\/www.stikla-serviss.lv\/wp-content\/uploads\/2020\/07\/ss_pic-10-280x280.png\" class=\"attachment-thumbnail size-thumbnail\" alt=\"\" decoding=\"async\" loading=\"lazy\" srcset=\"https:\/\/www.stikla-serviss.lv\/wp-content\/uploads\/2020\/07\/ss_pic-10-280x280.png 280w, https:\/\/www.stikla-serviss.lv\/wp-content\/uploads\/2020\/07\/ss_pic-10-400x400.png 400w, https:\/\/www.stikla-serviss.lv\/wp-content\/uploads\/2020\/07\/ss_pic-10-300x300.png 300w, https:\/\/www.stikla-serviss.lv\/wp-content\/uploads\/2020\/07\/ss_pic-10-100x100.png 100w, https:\/\/www.stikla-serviss.lv\/wp-content\/uploads\/2020\/07\/ss_pic-10-32x32.png 32w, https:\/\/www.stikla-serviss.lv\/wp-content\/uploads\/2020\/07\/ss_pic-10-e1604331947327.png 80w\" sizes=\"auto, (max-width: 280px) 100vw, 280px\" \/>\n\t\t\t<\/div><\/figure><figure class='gallery-item'>\n\t\t\t<div class='gallery-icon landscape'>\n\t\t\t\t<img width=\"280\" height=\"280\" src=\"https:\/\/www.stikla-serviss.lv\/wp-content\/uploads\/2020\/07\/ss_pic-09-280x280.png\" class=\"attachment-thumbnail size-thumbnail\" alt=\"\" decoding=\"async\" loading=\"lazy\" srcset=\"https:\/\/www.stikla-serviss.lv\/wp-content\/uploads\/2020\/07\/ss_pic-09-280x280.png 280w, https:\/\/www.stikla-serviss.lv\/wp-content\/uploads\/2020\/07\/ss_pic-09-400x400.png 400w, https:\/\/www.stikla-serviss.lv\/wp-content\/uploads\/2020\/07\/ss_pic-09-300x300.png 300w, https:\/\/www.stikla-serviss.lv\/wp-content\/uploads\/2020\/07\/ss_pic-09-100x100.png 100w, https:\/\/www.stikla-serviss.lv\/wp-content\/uploads\/2020\/07\/ss_pic-09-32x32.png 32w, https:\/\/www.stikla-serviss.lv\/wp-content\/uploads\/2020\/07\/ss_pic-09-e1604331937629.png 80w\" sizes=\"auto, (max-width: 280px) 100vw, 280px\" \/>\n\t\t\t<\/div><\/figure><figure class='gallery-item'>\n\t\t\t<div class='gallery-icon landscape'>\n\t\t\t\t<img width=\"280\" height=\"280\" src=\"https:\/\/www.stikla-serviss.lv\/wp-content\/uploads\/2020\/07\/ss_pic-14-280x280.png\" class=\"attachment-thumbnail size-thumbnail\" alt=\"\" decoding=\"async\" loading=\"lazy\" srcset=\"https:\/\/www.stikla-serviss.lv\/wp-content\/uploads\/2020\/07\/ss_pic-14-280x280.png 280w, https:\/\/www.stikla-serviss.lv\/wp-content\/uploads\/2020\/07\/ss_pic-14-399x400.png 399w, https:\/\/www.stikla-serviss.lv\/wp-content\/uploads\/2020\/07\/ss_pic-14-300x300.png 300w, https:\/\/www.stikla-serviss.lv\/wp-content\/uploads\/2020\/07\/ss_pic-14-100x100.png 100w, https:\/\/www.stikla-serviss.lv\/wp-content\/uploads\/2020\/07\/ss_pic-14-32x32.png 32w, https:\/\/www.stikla-serviss.lv\/wp-content\/uploads\/2020\/07\/ss_pic-14-e1604331998354.png 80w\" sizes=\"auto, (max-width: 280px) 100vw, 280px\" \/>\n\t\t\t<\/div><\/figure>\n\t\t<\/div>\n\n<p><img loading=\"lazy\" decoding=\"async\" class=\"alignnone wp-image-4996 size-full\" src=\"https:\/\/www.stikla-serviss.lv\/wp-content\/uploads\/2020\/07\/siena.jpg\" alt=\"\" width=\"181\" height=\"179\" srcset=\"https:\/\/www.stikla-serviss.lv\/wp-content\/uploads\/2020\/07\/siena.jpg 181w, https:\/\/www.stikla-serviss.lv\/wp-content\/uploads\/2020\/07\/siena-100x100.jpg 100w, https:\/\/www.stikla-serviss.lv\/wp-content\/uploads\/2020\/07\/siena-32x32.jpg 32w\" sizes=\"auto, (max-width: 181px) 100vw, 181px\" \/><\/p>\n","protected":false},"featured_media":3555,"template":"","meta":[],"product_brand":[],"product_cat":[250,246],"product_tag":[],"class_list":{"0":"post-5476","1":"product","2":"type-product","3":"status-publish","4":"has-post-thumbnail","6":"product_cat-shower-walls","7":"product_cat-shower-enclosures-and-bath-screens","9":"first","10":"instock","11":"shipping-taxable","12":"product-type-simple"},"yoast_head":"<!-- This site is optimized with the Yoast SEO plugin v27.1.1 - https:\/\/yoast.com\/product\/yoast-seo-wordpress\/ -->\n<title>SHOWER WALL CONFORTO DESIGN - STIKLA SERVISS<\/title>\n<meta name=\"description\" content=\"SHOWER WALL CONFORTO DESIGN - STIKLA SERVISS\" \/>\n<meta name=\"robots\" content=\"index, follow, max-snippet:-1, max-image-preview:large, max-video-preview:-1\" \/>\n<link rel=\"canonical\" href=\"https:\/\/www.stikla-serviss.lv\/en\/product\/stikla-dusas-siena-conforto-ar-dizainu\/\" \/>\n<meta property=\"og:locale\" content=\"en_US\" \/>\n<meta property=\"og:type\" content=\"article\" \/>\n<meta property=\"og:title\" content=\"SHOWER WALL CONFORTO DESIGN - STIKLA SERVISS\" \/>\n<meta property=\"og:description\" content=\"SHOWER WALL CONFORTO DESIGN - STIKLA SERVISS\" \/>\n<meta property=\"og:url\" content=\"https:\/\/www.stikla-serviss.lv\/en\/product\/stikla-dusas-siena-conforto-ar-dizainu\/\" \/>\n<meta property=\"og:site_name\" content=\"STIKLA SERVISS\" \/>\n<meta property=\"article:modified_time\" content=\"2025-07-08T09:37:58+00:00\" \/>\n<meta property=\"og:image\" content=\"https:\/\/www.stikla-serviss.lv\/wp-content\/uploads\/2020\/12\/Conforto_flora-ar-dizainu.jpg\" \/>\n\t<meta property=\"og:image:width\" content=\"1800\" \/>\n\t<meta property=\"og:image:height\" content=\"1800\" \/>\n\t<meta property=\"og:image:type\" content=\"image\/jpeg\" \/>\n<meta name=\"twitter:card\" content=\"summary_large_image\" \/>\n<meta name=\"twitter:label1\" content=\"Est. reading time\" \/>\n\t<meta name=\"twitter:data1\" content=\"1 minute\" \/>\n<script type=\"application\/ld+json\" class=\"yoast-schema-graph\">{\"@context\":\"https:\/\/schema.org\",\"@graph\":[{\"@type\":\"WebPage\",\"@id\":\"https:\/\/www.stikla-serviss.lv\/en\/product\/stikla-dusas-siena-conforto-ar-dizainu\/\",\"url\":\"https:\/\/www.stikla-serviss.lv\/en\/product\/stikla-dusas-siena-conforto-ar-dizainu\/\",\"name\":\"SHOWER WALL CONFORTO DESIGN - STIKLA SERVISS\",\"isPartOf\":{\"@id\":\"https:\/\/www.stikla-serviss.lv\/en\/#website\"},\"primaryImageOfPage\":{\"@id\":\"https:\/\/www.stikla-serviss.lv\/en\/product\/stikla-dusas-siena-conforto-ar-dizainu\/#primaryimage\"},\"image\":{\"@id\":\"https:\/\/www.stikla-serviss.lv\/en\/product\/stikla-dusas-siena-conforto-ar-dizainu\/#primaryimage\"},\"thumbnailUrl\":\"https:\/\/www.stikla-serviss.lv\/wp-content\/uploads\/2020\/12\/Conforto_flora-ar-dizainu.jpg\",\"datePublished\":\"2020-12-03T10:29:10+00:00\",\"dateModified\":\"2025-07-08T09:37:58+00:00\",\"description\":\"SHOWER WALL CONFORTO DESIGN - STIKLA SERVISS\",\"breadcrumb\":{\"@id\":\"https:\/\/www.stikla-serviss.lv\/en\/product\/stikla-dusas-siena-conforto-ar-dizainu\/#breadcrumb\"},\"inLanguage\":\"en-US\",\"potentialAction\":[{\"@type\":\"ReadAction\",\"target\":[\"https:\/\/www.stikla-serviss.lv\/en\/product\/stikla-dusas-siena-conforto-ar-dizainu\/\"]}]},{\"@type\":\"ImageObject\",\"inLanguage\":\"en-US\",\"@id\":\"https:\/\/www.stikla-serviss.lv\/en\/product\/stikla-dusas-siena-conforto-ar-dizainu\/#primaryimage\",\"url\":\"https:\/\/www.stikla-serviss.lv\/wp-content\/uploads\/2020\/12\/Conforto_flora-ar-dizainu.jpg\",\"contentUrl\":\"https:\/\/www.stikla-serviss.lv\/wp-content\/uploads\/2020\/12\/Conforto_flora-ar-dizainu.jpg\",\"width\":1800,\"height\":1800},{\"@type\":\"BreadcrumbList\",\"@id\":\"https:\/\/www.stikla-serviss.lv\/en\/product\/stikla-dusas-siena-conforto-ar-dizainu\/#breadcrumb\",\"itemListElement\":[{\"@type\":\"ListItem\",\"position\":1,\"name\":\"Home\",\"item\":\"https:\/\/www.stikla-serviss.lv\/en\/\"},{\"@type\":\"ListItem\",\"position\":2,\"name\":\"PRODUCTS\",\"item\":\"https:\/\/www.stikla-serviss.lv\/en\/produkti\/\"},{\"@type\":\"ListItem\",\"position\":3,\"name\":\"SHOWER WALL CONFORTO DESIGN\"}]},{\"@type\":\"WebSite\",\"@id\":\"https:\/\/www.stikla-serviss.lv\/en\/#website\",\"url\":\"https:\/\/www.stikla-serviss.lv\/en\/\",\"name\":\"STIKLA SERVISS\",\"description\":\"Stikla tirdzniec\u012bbas un stikla izstr\u0101d\u0101jumu ra\u017eo\u0161anas uz\u0146\u0113mums\",\"publisher\":{\"@id\":\"https:\/\/www.stikla-serviss.lv\/en\/#organization\"},\"potentialAction\":[{\"@type\":\"SearchAction\",\"target\":{\"@type\":\"EntryPoint\",\"urlTemplate\":\"https:\/\/www.stikla-serviss.lv\/en\/?s={search_term_string}\"},\"query-input\":{\"@type\":\"PropertyValueSpecification\",\"valueRequired\":true,\"valueName\":\"search_term_string\"}}],\"inLanguage\":\"en-US\"},{\"@type\":\"Organization\",\"@id\":\"https:\/\/www.stikla-serviss.lv\/en\/#organization\",\"name\":\"SIA \\\"STIKLA SERVISS\\\"\",\"url\":\"https:\/\/www.stikla-serviss.lv\/en\/\",\"logo\":{\"@type\":\"ImageObject\",\"inLanguage\":\"en-US\",\"@id\":\"https:\/\/www.stikla-serviss.lv\/en\/#\/schema\/logo\/image\/\",\"url\":\"https:\/\/www.stikla-serviss.lv\/wp-content\/uploads\/2020\/07\/LOGO-ISTS.jpg\",\"contentUrl\":\"https:\/\/www.stikla-serviss.lv\/wp-content\/uploads\/2020\/07\/LOGO-ISTS.jpg\",\"width\":1860,\"height\":817,\"caption\":\"SIA \\\"STIKLA SERVISS\\\"\"},\"image\":{\"@id\":\"https:\/\/www.stikla-serviss.lv\/en\/#\/schema\/logo\/image\/\"}}]}<\/script>\n<!-- \/ Yoast SEO plugin. -->","yoast_head_json":{"title":"SHOWER WALL CONFORTO DESIGN - STIKLA SERVISS","description":"SHOWER WALL CONFORTO DESIGN - STIKLA SERVISS","robots":{"index":"index","follow":"follow","max-snippet":"max-snippet:-1","max-image-preview":"max-image-preview:large","max-video-preview":"max-video-preview:-1"},"canonical":"https:\/\/www.stikla-serviss.lv\/en\/product\/stikla-dusas-siena-conforto-ar-dizainu\/","og_locale":"en_US","og_type":"article","og_title":"SHOWER WALL CONFORTO DESIGN - STIKLA SERVISS","og_description":"SHOWER WALL CONFORTO DESIGN - STIKLA SERVISS","og_url":"https:\/\/www.stikla-serviss.lv\/en\/product\/stikla-dusas-siena-conforto-ar-dizainu\/","og_site_name":"STIKLA SERVISS","article_modified_time":"2025-07-08T09:37:58+00:00","og_image":[{"width":1800,"height":1800,"url":"https:\/\/www.stikla-serviss.lv\/wp-content\/uploads\/2020\/12\/Conforto_flora-ar-dizainu.jpg","type":"image\/jpeg"}],"twitter_card":"summary_large_image","twitter_misc":{"Est. reading time":"1 minute"},"schema":{"@context":"https:\/\/schema.org","@graph":[{"@type":"WebPage","@id":"https:\/\/www.stikla-serviss.lv\/en\/product\/stikla-dusas-siena-conforto-ar-dizainu\/","url":"https:\/\/www.stikla-serviss.lv\/en\/product\/stikla-dusas-siena-conforto-ar-dizainu\/","name":"SHOWER WALL CONFORTO DESIGN - STIKLA SERVISS","isPartOf":{"@id":"https:\/\/www.stikla-serviss.lv\/en\/#website"},"primaryImageOfPage":{"@id":"https:\/\/www.stikla-serviss.lv\/en\/product\/stikla-dusas-siena-conforto-ar-dizainu\/#primaryimage"},"image":{"@id":"https:\/\/www.stikla-serviss.lv\/en\/product\/stikla-dusas-siena-conforto-ar-dizainu\/#primaryimage"},"thumbnailUrl":"https:\/\/www.stikla-serviss.lv\/wp-content\/uploads\/2020\/12\/Conforto_flora-ar-dizainu.jpg","datePublished":"2020-12-03T10:29:10+00:00","dateModified":"2025-07-08T09:37:58+00:00","description":"SHOWER WALL CONFORTO DESIGN - STIKLA SERVISS","breadcrumb":{"@id":"https:\/\/www.stikla-serviss.lv\/en\/product\/stikla-dusas-siena-conforto-ar-dizainu\/#breadcrumb"},"inLanguage":"en-US","potentialAction":[{"@type":"ReadAction","target":["https:\/\/www.stikla-serviss.lv\/en\/product\/stikla-dusas-siena-conforto-ar-dizainu\/"]}]},{"@type":"ImageObject","inLanguage":"en-US","@id":"https:\/\/www.stikla-serviss.lv\/en\/product\/stikla-dusas-siena-conforto-ar-dizainu\/#primaryimage","url":"https:\/\/www.stikla-serviss.lv\/wp-content\/uploads\/2020\/12\/Conforto_flora-ar-dizainu.jpg","contentUrl":"https:\/\/www.stikla-serviss.lv\/wp-content\/uploads\/2020\/12\/Conforto_flora-ar-dizainu.jpg","width":1800,"height":1800},{"@type":"BreadcrumbList","@id":"https:\/\/www.stikla-serviss.lv\/en\/product\/stikla-dusas-siena-conforto-ar-dizainu\/#breadcrumb","itemListElement":[{"@type":"ListItem","position":1,"name":"Home","item":"https:\/\/www.stikla-serviss.lv\/en\/"},{"@type":"ListItem","position":2,"name":"PRODUCTS","item":"https:\/\/www.stikla-serviss.lv\/en\/produkti\/"},{"@type":"ListItem","position":3,"name":"SHOWER WALL CONFORTO DESIGN"}]},{"@type":"WebSite","@id":"https:\/\/www.stikla-serviss.lv\/en\/#website","url":"https:\/\/www.stikla-serviss.lv\/en\/","name":"STIKLA SERVISS","description":"Stikla tirdzniec\u012bbas un stikla izstr\u0101d\u0101jumu ra\u017eo\u0161anas uz\u0146\u0113mums","publisher":{"@id":"https:\/\/www.stikla-serviss.lv\/en\/#organization"},"potentialAction":[{"@type":"SearchAction","target":{"@type":"EntryPoint","urlTemplate":"https:\/\/www.stikla-serviss.lv\/en\/?s={search_term_string}"},"query-input":{"@type":"PropertyValueSpecification","valueRequired":true,"valueName":"search_term_string"}}],"inLanguage":"en-US"},{"@type":"Organization","@id":"https:\/\/www.stikla-serviss.lv\/en\/#organization","name":"SIA \"STIKLA SERVISS\"","url":"https:\/\/www.stikla-serviss.lv\/en\/","logo":{"@type":"ImageObject","inLanguage":"en-US","@id":"https:\/\/www.stikla-serviss.lv\/en\/#\/schema\/logo\/image\/","url":"https:\/\/www.stikla-serviss.lv\/wp-content\/uploads\/2020\/07\/LOGO-ISTS.jpg","contentUrl":"https:\/\/www.stikla-serviss.lv\/wp-content\/uploads\/2020\/07\/LOGO-ISTS.jpg","width":1860,"height":817,"caption":"SIA \"STIKLA SERVISS\""},"image":{"@id":"https:\/\/www.stikla-serviss.lv\/en\/#\/schema\/logo\/image\/"}}]}},"_links":{"self":[{"href":"https:\/\/www.stikla-serviss.lv\/en\/wp-json\/wp\/v2\/product\/5476","targetHints":{"allow":["GET"]}}],"collection":[{"href":"https:\/\/www.stikla-serviss.lv\/en\/wp-json\/wp\/v2\/product"}],"about":[{"href":"https:\/\/www.stikla-serviss.lv\/en\/wp-json\/wp\/v2\/types\/product"}],"wp:featuredmedia":[{"embeddable":true,"href":"https:\/\/www.stikla-serviss.lv\/en\/wp-json\/wp\/v2\/media\/3555"}],"wp:attachment":[{"href":"https:\/\/www.stikla-serviss.lv\/en\/wp-json\/wp\/v2\/media?parent=5476"}],"wp:term":[{"taxonomy":"product_brand","embeddable":true,"href":"https:\/\/www.stikla-serviss.lv\/en\/wp-json\/wp\/v2\/product_brand?post=5476"},{"taxonomy":"product_cat","embeddable":true,"href":"https:\/\/www.stikla-serviss.lv\/en\/wp-json\/wp\/v2\/product_cat?post=5476"},{"taxonomy":"product_tag","embeddable":true,"href":"https:\/\/www.stikla-serviss.lv\/en\/wp-json\/wp\/v2\/product_tag?post=5476"}],"curies":[{"name":"wp","href":"https:\/\/api.w.org\/{rel}","templated":true}]}}