{"id":5496,"date":"2020-12-10T09:30:43","date_gmt":"2020-12-10T06:30:43","guid":{"rendered":"https:\/\/www.stikla-serviss.lv\/product\/dusas-durvis-rossa-lux\/"},"modified":"2025-12-22T12:59:50","modified_gmt":"2025-12-22T10:59:50","slug":"dusas-durvis-rossa-lux","status":"publish","type":"product","link":"https:\/\/www.stikla-serviss.lv\/en\/product\/dusas-durvis-rossa-lux\/","title":{"rendered":"SHOWER DOOR<p>ROSSA LUX<\/p>"},"content":{"rendered":"<table style=\"border-collapse: collapse; width: 100%;\" border=\"0\" cellspacing=\"0\" cellpadding=\"0\">\n<colgroup>\n<col width=\"52\" \/>\n<col width=\"103\" \/>\n<col width=\"119\" \/>\n<col width=\"149\" \/>\n<col width=\"103\" \/>\n<col width=\"77\" \/>\n<col width=\"112\" \/>\n<col width=\"80\" \/>\n<col width=\"137\" \/>\n<col width=\"85\" \/><\/colgroup>\n<tbody>\n<tr style=\"background-color: #999999;\">\n<td class=\"xl77\" style=\"text-align: center; width: 11.1111%;\"><span style=\"color: #ffffff;\">Code<\/span><\/td>\n<td class=\"xl77\" style=\"text-align: center; width: 6.73401%;\"><span style=\"color: #ffffff;\">Height (mm)<\/span><\/td>\n<td class=\"xl77\" style=\"text-align: center; width: 14.1414%;\"><span style=\"color: #ffffff;\">Adjustment A (mm)<\/span><\/td>\n<td class=\"xl77\" style=\"text-align: center; width: 13.2997%;\"><span style=\"color: #ffffff;\">Entrance width A1\u00a0 (mm)<\/span><\/td>\n<td class=\"xl77\" style=\"text-align: center; width: 8.75421%;\"><span style=\"color: #ffffff;\">Width B (mm)<\/span><\/td>\n<td class=\"xl65\" style=\"text-align: center; width: 7.57576%;\"><span style=\"color: #ffffff;\">Clear<\/span><\/td>\n<td class=\"xl65\" style=\"text-align: center; width: 10.4377%;\"><span style=\"color: #ffffff;\">Bronze or Gray<\/span><\/td>\n<td class=\"xl65\" style=\"text-align: center; width: 8.08081%;\"><span style=\"color: #ffffff;\">Matte White \/ Crepi<\/span><\/td>\n<td style=\"text-align: center; width: 11.4478%;\"><span style=\"color: #ffffff;\">Matte Bronze \/ Gray \/ Extra Clear<\/span><\/td>\n<td class=\"xl65\" style=\"text-align: center; width: 8.24916%;\"><span style=\"color: #ffffff;\">Matte extra clear <span style=\"font-size: 90%; color: #ffffff;\"> \/ Mirror \/ Linea<\/span><\/span><\/td>\n<\/tr>\n<tr>\n<td class=\"xl78\" style=\"text-align: center; width: 11.1111%;\"><span style=\"font-size: 90%;\">100ROS<\/span><\/td>\n<td class=\"xl79\" style=\"text-align: center; width: 6.73401%;\" align=\"right\"><span style=\"font-size: 90%;\">2000<\/span><\/td>\n<td class=\"xl80\" style=\"text-align: center; width: 14.1414%;\"><span style=\"font-size: 90%;\">980-1000<\/span><\/td>\n<td style=\"text-align: center; width: 13.2997%;\"><span style=\"font-size: 90%;\">470<\/span><\/td>\n<td style=\"text-align: center; width: 8.75421%;\"><span style=\"font-size: 90%;\">520<\/span><\/td>\n<td style=\"width: 7.57576%;\" width=\"66\">\u20ac668<\/td>\n<td style=\"width: 10.4377%;\" width=\"73\">\u20ac697<\/td>\n<td style=\"width: 8.08081%;\" width=\"73\">\u20ac726<\/td>\n<td style=\"width: 11.4478%;\" width=\"72\">\u20ac755<\/td>\n<td style=\"width: 8.24916%;\" width=\"73\">\u20ac868<\/td>\n<\/tr>\n<tr>\n<td class=\"xl78\" style=\"text-align: center; width: 11.1111%;\"><span style=\"font-size: 90%;\">110ROS<\/span><\/td>\n<td class=\"xl79\" style=\"text-align: center; width: 6.73401%;\" align=\"right\"><span style=\"font-size: 90%;\">2000<\/span><\/td>\n<td class=\"xl80\" style=\"text-align: center; width: 14.1414%;\"><span style=\"font-size: 90%;\">1080-1100<\/span><\/td>\n<td style=\"text-align: center; width: 13.2997%;\"><span style=\"font-size: 90%;\">520<\/span><\/td>\n<td style=\"text-align: center; width: 8.75421%;\"><span style=\"font-size: 90%;\">570<\/span><\/td>\n<td style=\"width: 7.57576%;\" width=\"66\">\u20ac683<\/td>\n<td style=\"width: 10.4377%;\" width=\"73\">\u20ac712<\/td>\n<td style=\"width: 8.08081%;\" width=\"73\">\u20ac740<\/td>\n<td style=\"width: 11.4478%;\" width=\"72\">\u20ac769<\/td>\n<td style=\"width: 8.24916%;\" width=\"73\">\u20ac884<\/td>\n<\/tr>\n<tr>\n<td class=\"xl78\" style=\"text-align: center; width: 11.1111%;\"><span style=\"font-size: 90%;\">120ROS<\/span><\/td>\n<td class=\"xl79\" style=\"text-align: center; width: 6.73401%;\" align=\"right\"><span style=\"font-size: 90%;\">2000<\/span><\/td>\n<td class=\"xl80\" style=\"text-align: center; width: 14.1414%;\"><span style=\"font-size: 90%;\">1180-1200<\/span><\/td>\n<td style=\"text-align: center; width: 13.2997%;\"><span style=\"font-size: 90%;\">570<\/span><\/td>\n<td style=\"text-align: center; width: 8.75421%;\"><span style=\"font-size: 90%;\">620<\/span><\/td>\n<td style=\"width: 7.57576%;\" width=\"66\">\u20ac697<\/td>\n<td style=\"width: 10.4377%;\" width=\"73\">\u20ac726<\/td>\n<td style=\"width: 8.08081%;\" width=\"73\">\u20ac755<\/td>\n<td style=\"width: 11.4478%;\" width=\"72\">\u20ac783<\/td>\n<td style=\"width: 8.24916%;\" width=\"73\">\u20ac901<\/td>\n<\/tr>\n<tr>\n<td class=\"xl78\" style=\"text-align: center; width: 11.1111%;\"><span style=\"font-size: 90%;\">130ROS<\/span><\/td>\n<td class=\"xl79\" style=\"text-align: center; width: 6.73401%;\" align=\"right\"><span style=\"font-size: 90%;\">2000<\/span><\/td>\n<td class=\"xl80\" style=\"text-align: center; width: 14.1414%;\"><span style=\"font-size: 90%;\">1280-1300<\/span><\/td>\n<td style=\"text-align: center; width: 13.2997%;\"><span style=\"font-size: 90%;\">620<\/span><\/td>\n<td style=\"text-align: center; width: 8.75421%;\"><span style=\"font-size: 90%;\">670<\/span><\/td>\n<td style=\"width: 7.57576%;\" width=\"66\">\u20ac712<\/td>\n<td style=\"width: 10.4377%;\" width=\"73\">\u20ac740<\/td>\n<td style=\"width: 8.08081%;\" width=\"73\">\u20ac769<\/td>\n<td style=\"width: 11.4478%;\" width=\"72\">\u20ac798<\/td>\n<td style=\"width: 8.24916%;\" width=\"73\">\u20ac917<\/td>\n<\/tr>\n<tr>\n<td class=\"xl78\" style=\"text-align: center; width: 11.1111%;\"><span style=\"font-size: 90%;\">140ROS<\/span><\/td>\n<td class=\"xl79\" style=\"text-align: center; width: 6.73401%;\" align=\"right\"><span style=\"font-size: 90%;\">2000<\/span><\/td>\n<td class=\"xl80\" style=\"text-align: center; width: 14.1414%;\"><span style=\"font-size: 90%;\">1380-1400<\/span><\/td>\n<td style=\"text-align: center; width: 13.2997%;\"><span style=\"font-size: 90%;\">670<\/span><\/td>\n<td style=\"text-align: center; width: 8.75421%;\"><span style=\"font-size: 90%;\">720<\/span><\/td>\n<td style=\"width: 7.57576%;\" width=\"66\">\u20ac726<\/td>\n<td style=\"width: 10.4377%;\" width=\"73\">\u20ac755<\/td>\n<td style=\"width: 8.08081%;\" width=\"73\">\u20ac783<\/td>\n<td style=\"width: 11.4478%;\" width=\"72\">\u20ac812<\/td>\n<td style=\"width: 8.24916%;\" width=\"73\">\u20ac934<\/td>\n<\/tr>\n<tr>\n<td class=\"xl78\" style=\"text-align: center; width: 11.1111%;\"><span style=\"font-size: 90%;\">150ROS<\/span><\/td>\n<td class=\"xl79\" style=\"text-align: center; width: 6.73401%;\" align=\"right\"><span style=\"font-size: 90%;\">2000<\/span><\/td>\n<td class=\"xl80\" style=\"text-align: center; width: 14.1414%;\"><span style=\"font-size: 90%;\">1480-1500<\/span><\/td>\n<td style=\"text-align: center; width: 13.2997%;\"><span style=\"font-size: 90%;\">720<\/span><\/td>\n<td style=\"text-align: center; width: 8.75421%;\"><span style=\"font-size: 90%;\">770<\/span><\/td>\n<td style=\"width: 7.57576%;\" width=\"66\">\u20ac740<\/td>\n<td style=\"width: 10.4377%;\" width=\"73\">\u20ac769<\/td>\n<td style=\"width: 8.08081%;\" width=\"73\">\u20ac798<\/td>\n<td style=\"width: 11.4478%;\" width=\"72\">\u20ac827<\/td>\n<td style=\"width: 8.24916%;\" width=\"73\">\u20ac951<\/td>\n<\/tr>\n<\/tbody>\n<\/table>\n<p>*All prices include VAT.<\/p>\n","protected":false},"excerpt":{"rendered":"<div id='gallery-1' class='gallery galleryid-5496 gallery-columns-6 gallery-size-thumbnail'><figure class='gallery-item'>\n\t\t\t<div class='gallery-icon landscape'>\n\t\t\t\t<img width=\"280\" height=\"280\" src=\"https:\/\/www.stikla-serviss.lv\/wp-content\/uploads\/2020\/07\/ss_pic-02-280x280.png\" class=\"attachment-thumbnail size-thumbnail\" alt=\"\" decoding=\"async\" loading=\"lazy\" srcset=\"https:\/\/www.stikla-serviss.lv\/wp-content\/uploads\/2020\/07\/ss_pic-02-280x280.png 280w, https:\/\/www.stikla-serviss.lv\/wp-content\/uploads\/2020\/07\/ss_pic-02-401x400.png 401w, https:\/\/www.stikla-serviss.lv\/wp-content\/uploads\/2020\/07\/ss_pic-02-300x300.png 300w, https:\/\/www.stikla-serviss.lv\/wp-content\/uploads\/2020\/07\/ss_pic-02-100x100.png 100w, https:\/\/www.stikla-serviss.lv\/wp-content\/uploads\/2020\/07\/ss_pic-02-32x32.png 32w, https:\/\/www.stikla-serviss.lv\/wp-content\/uploads\/2020\/07\/ss_pic-02-e1604331855484.png 80w\" sizes=\"auto, (max-width: 280px) 100vw, 280px\" \/>\n\t\t\t<\/div><\/figure><figure class='gallery-item'>\n\t\t\t<div class='gallery-icon landscape'>\n\t\t\t\t<img width=\"280\" height=\"280\" src=\"https:\/\/www.stikla-serviss.lv\/wp-content\/uploads\/2020\/07\/ss_pic-03-280x280.png\" class=\"attachment-thumbnail size-thumbnail\" alt=\"\" decoding=\"async\" loading=\"lazy\" srcset=\"https:\/\/www.stikla-serviss.lv\/wp-content\/uploads\/2020\/07\/ss_pic-03-280x280.png 280w, https:\/\/www.stikla-serviss.lv\/wp-content\/uploads\/2020\/07\/ss_pic-03-401x400.png 401w, https:\/\/www.stikla-serviss.lv\/wp-content\/uploads\/2020\/07\/ss_pic-03-300x300.png 300w, https:\/\/www.stikla-serviss.lv\/wp-content\/uploads\/2020\/07\/ss_pic-03-100x100.png 100w, https:\/\/www.stikla-serviss.lv\/wp-content\/uploads\/2020\/07\/ss_pic-03-32x32.png 32w, https:\/\/www.stikla-serviss.lv\/wp-content\/uploads\/2020\/07\/ss_pic-03-e1604331865897.png 80w\" sizes=\"auto, (max-width: 280px) 100vw, 280px\" \/>\n\t\t\t<\/div><\/figure><figure class='gallery-item'>\n\t\t\t<div class='gallery-icon landscape'>\n\t\t\t\t<img width=\"280\" height=\"280\" src=\"https:\/\/www.stikla-serviss.lv\/wp-content\/uploads\/2020\/12\/ch_sn_ral-280x280.png\" class=\"attachment-thumbnail size-thumbnail\" alt=\"\" decoding=\"async\" loading=\"lazy\" srcset=\"https:\/\/www.stikla-serviss.lv\/wp-content\/uploads\/2020\/12\/ch_sn_ral-280x280.png 280w, https:\/\/www.stikla-serviss.lv\/wp-content\/uploads\/2020\/12\/ch_sn_ral-100x100.png 100w, https:\/\/www.stikla-serviss.lv\/wp-content\/uploads\/2020\/12\/ch_sn_ral-510x510.png 510w, https:\/\/www.stikla-serviss.lv\/wp-content\/uploads\/2020\/12\/ch_sn_ral-400x400.png 400w, https:\/\/www.stikla-serviss.lv\/wp-content\/uploads\/2020\/12\/ch_sn_ral-32x32.png 32w, https:\/\/www.stikla-serviss.lv\/wp-content\/uploads\/2020\/12\/ch_sn_ral.png 592w\" sizes=\"auto, (max-width: 280px) 100vw, 280px\" \/>\n\t\t\t<\/div><\/figure><figure class='gallery-item'>\n\t\t\t<div class='gallery-icon landscape'>\n\t\t\t\t<img width=\"280\" height=\"280\" src=\"https:\/\/www.stikla-serviss.lv\/wp-content\/uploads\/2020\/07\/ss_pic-09-280x280.png\" class=\"attachment-thumbnail size-thumbnail\" alt=\"\" decoding=\"async\" loading=\"lazy\" srcset=\"https:\/\/www.stikla-serviss.lv\/wp-content\/uploads\/2020\/07\/ss_pic-09-280x280.png 280w, https:\/\/www.stikla-serviss.lv\/wp-content\/uploads\/2020\/07\/ss_pic-09-400x400.png 400w, https:\/\/www.stikla-serviss.lv\/wp-content\/uploads\/2020\/07\/ss_pic-09-300x300.png 300w, https:\/\/www.stikla-serviss.lv\/wp-content\/uploads\/2020\/07\/ss_pic-09-100x100.png 100w, https:\/\/www.stikla-serviss.lv\/wp-content\/uploads\/2020\/07\/ss_pic-09-32x32.png 32w, https:\/\/www.stikla-serviss.lv\/wp-content\/uploads\/2020\/07\/ss_pic-09-e1604331937629.png 80w\" sizes=\"auto, (max-width: 280px) 100vw, 280px\" \/>\n\t\t\t<\/div><\/figure><figure class='gallery-item'>\n\t\t\t<div class='gallery-icon landscape'>\n\t\t\t\t<img width=\"280\" height=\"280\" src=\"https:\/\/www.stikla-serviss.lv\/wp-content\/uploads\/2020\/07\/ss_pic-04-280x280.png\" class=\"attachment-thumbnail size-thumbnail\" alt=\"\" decoding=\"async\" loading=\"lazy\" srcset=\"https:\/\/www.stikla-serviss.lv\/wp-content\/uploads\/2020\/07\/ss_pic-04-280x280.png 280w, https:\/\/www.stikla-serviss.lv\/wp-content\/uploads\/2020\/07\/ss_pic-04-400x400.png 400w, https:\/\/www.stikla-serviss.lv\/wp-content\/uploads\/2020\/07\/ss_pic-04-300x300.png 300w, https:\/\/www.stikla-serviss.lv\/wp-content\/uploads\/2020\/07\/ss_pic-04-100x100.png 100w, https:\/\/www.stikla-serviss.lv\/wp-content\/uploads\/2020\/07\/ss_pic-04-32x32.png 32w, https:\/\/www.stikla-serviss.lv\/wp-content\/uploads\/2020\/07\/ss_pic-04-e1604331879773.png 80w\" sizes=\"auto, (max-width: 280px) 100vw, 280px\" \/>\n\t\t\t<\/div><\/figure><figure class='gallery-item'>\n\t\t\t<div class='gallery-icon landscape'>\n\t\t\t\t<img width=\"280\" height=\"280\" src=\"https:\/\/www.stikla-serviss.lv\/wp-content\/uploads\/2020\/07\/ss_pic-13-280x280.png\" class=\"attachment-thumbnail size-thumbnail\" alt=\"\" decoding=\"async\" loading=\"lazy\" srcset=\"https:\/\/www.stikla-serviss.lv\/wp-content\/uploads\/2020\/07\/ss_pic-13-280x280.png 280w, https:\/\/www.stikla-serviss.lv\/wp-content\/uploads\/2020\/07\/ss_pic-13-400x400.png 400w, https:\/\/www.stikla-serviss.lv\/wp-content\/uploads\/2020\/07\/ss_pic-13-300x300.png 300w, https:\/\/www.stikla-serviss.lv\/wp-content\/uploads\/2020\/07\/ss_pic-13-100x100.png 100w, https:\/\/www.stikla-serviss.lv\/wp-content\/uploads\/2020\/07\/ss_pic-13-32x32.png 32w, https:\/\/www.stikla-serviss.lv\/wp-content\/uploads\/2020\/07\/ss_pic-13-e1604331986104.png 80w\" sizes=\"auto, (max-width: 280px) 100vw, 280px\" \/>\n\t\t\t<\/div><\/figure>\n\t\t<\/div>\n\n<p><img loading=\"lazy\" decoding=\"async\" class=\"alignnone wp-image-5070 size-full\" src=\"https:\/\/www.stikla-serviss.lv\/wp-content\/uploads\/2020\/07\/bid_durvis-.jpg\" alt=\"\" width=\"185\" height=\"194\" \/><\/p>\n","protected":false},"featured_media":5527,"template":"","meta":[],"product_brand":[],"product_cat":[246,247],"product_tag":[],"class_list":{"0":"post-5496","1":"product","2":"type-product","3":"status-publish","4":"has-post-thumbnail","6":"product_cat-shower-enclosures-and-bath-screens","7":"product_cat-shower-doors","9":"first","10":"instock","11":"shipping-taxable","12":"product-type-simple"},"yoast_head":"<!-- This site is optimized with the Yoast SEO plugin v27.1.1 - https:\/\/yoast.com\/product\/yoast-seo-wordpress\/ -->\n<title>SHOWER DOORROSSA LUX - STIKLA SERVISS<\/title>\n<meta name=\"description\" content=\"SHOWER DOORROSSA LUX - STIKLA SERVISS\" \/>\n<meta name=\"robots\" content=\"index, follow, max-snippet:-1, max-image-preview:large, max-video-preview:-1\" \/>\n<link rel=\"canonical\" href=\"https:\/\/www.stikla-serviss.lv\/en\/product\/dusas-durvis-rossa-lux\/\" \/>\n<meta property=\"og:locale\" content=\"en_US\" \/>\n<meta property=\"og:type\" content=\"article\" \/>\n<meta property=\"og:title\" content=\"SHOWER DOORROSSA LUX - STIKLA SERVISS\" \/>\n<meta property=\"og:description\" content=\"SHOWER DOORROSSA LUX - STIKLA SERVISS\" \/>\n<meta property=\"og:url\" content=\"https:\/\/www.stikla-serviss.lv\/en\/product\/dusas-durvis-rossa-lux\/\" \/>\n<meta property=\"og:site_name\" content=\"STIKLA SERVISS\" \/>\n<meta property=\"article:modified_time\" content=\"2025-12-22T10:59:50+00:00\" \/>\n<meta property=\"og:image\" content=\"https:\/\/www.stikla-serviss.lv\/wp-content\/uploads\/2020\/12\/Rossa_NEW-1.jpg\" \/>\n\t<meta property=\"og:image:width\" content=\"2400\" \/>\n\t<meta property=\"og:image:height\" content=\"2400\" \/>\n\t<meta property=\"og:image:type\" content=\"image\/jpeg\" \/>\n<meta name=\"twitter:card\" content=\"summary_large_image\" \/>\n<meta name=\"twitter:label1\" content=\"Est. reading time\" \/>\n\t<meta name=\"twitter:data1\" content=\"1 minute\" \/>\n<script type=\"application\/ld+json\" class=\"yoast-schema-graph\">{\"@context\":\"https:\/\/schema.org\",\"@graph\":[{\"@type\":\"WebPage\",\"@id\":\"https:\/\/www.stikla-serviss.lv\/en\/product\/dusas-durvis-rossa-lux\/\",\"url\":\"https:\/\/www.stikla-serviss.lv\/en\/product\/dusas-durvis-rossa-lux\/\",\"name\":\"SHOWER DOORROSSA LUX - STIKLA SERVISS\",\"isPartOf\":{\"@id\":\"https:\/\/www.stikla-serviss.lv\/en\/#website\"},\"primaryImageOfPage\":{\"@id\":\"https:\/\/www.stikla-serviss.lv\/en\/product\/dusas-durvis-rossa-lux\/#primaryimage\"},\"image\":{\"@id\":\"https:\/\/www.stikla-serviss.lv\/en\/product\/dusas-durvis-rossa-lux\/#primaryimage\"},\"thumbnailUrl\":\"https:\/\/www.stikla-serviss.lv\/wp-content\/uploads\/2020\/12\/Rossa_NEW-1.jpg\",\"datePublished\":\"2020-12-10T06:30:43+00:00\",\"dateModified\":\"2025-12-22T10:59:50+00:00\",\"description\":\"SHOWER DOORROSSA LUX - STIKLA SERVISS\",\"breadcrumb\":{\"@id\":\"https:\/\/www.stikla-serviss.lv\/en\/product\/dusas-durvis-rossa-lux\/#breadcrumb\"},\"inLanguage\":\"en-US\",\"potentialAction\":[{\"@type\":\"ReadAction\",\"target\":[\"https:\/\/www.stikla-serviss.lv\/en\/product\/dusas-durvis-rossa-lux\/\"]}]},{\"@type\":\"ImageObject\",\"inLanguage\":\"en-US\",\"@id\":\"https:\/\/www.stikla-serviss.lv\/en\/product\/dusas-durvis-rossa-lux\/#primaryimage\",\"url\":\"https:\/\/www.stikla-serviss.lv\/wp-content\/uploads\/2020\/12\/Rossa_NEW-1.jpg\",\"contentUrl\":\"https:\/\/www.stikla-serviss.lv\/wp-content\/uploads\/2020\/12\/Rossa_NEW-1.jpg\",\"width\":2400,\"height\":2400},{\"@type\":\"BreadcrumbList\",\"@id\":\"https:\/\/www.stikla-serviss.lv\/en\/product\/dusas-durvis-rossa-lux\/#breadcrumb\",\"itemListElement\":[{\"@type\":\"ListItem\",\"position\":1,\"name\":\"Home\",\"item\":\"https:\/\/www.stikla-serviss.lv\/en\/\"},{\"@type\":\"ListItem\",\"position\":2,\"name\":\"PRODUCTS\",\"item\":\"https:\/\/www.stikla-serviss.lv\/en\/produkti\/\"},{\"@type\":\"ListItem\",\"position\":3,\"name\":\"SHOWER DOORROSSA LUX\"}]},{\"@type\":\"WebSite\",\"@id\":\"https:\/\/www.stikla-serviss.lv\/en\/#website\",\"url\":\"https:\/\/www.stikla-serviss.lv\/en\/\",\"name\":\"STIKLA SERVISS\",\"description\":\"Stikla tirdzniec\u012bbas un stikla izstr\u0101d\u0101jumu ra\u017eo\u0161anas uz\u0146\u0113mums\",\"publisher\":{\"@id\":\"https:\/\/www.stikla-serviss.lv\/en\/#organization\"},\"potentialAction\":[{\"@type\":\"SearchAction\",\"target\":{\"@type\":\"EntryPoint\",\"urlTemplate\":\"https:\/\/www.stikla-serviss.lv\/en\/?s={search_term_string}\"},\"query-input\":{\"@type\":\"PropertyValueSpecification\",\"valueRequired\":true,\"valueName\":\"search_term_string\"}}],\"inLanguage\":\"en-US\"},{\"@type\":\"Organization\",\"@id\":\"https:\/\/www.stikla-serviss.lv\/en\/#organization\",\"name\":\"SIA \\\"STIKLA SERVISS\\\"\",\"url\":\"https:\/\/www.stikla-serviss.lv\/en\/\",\"logo\":{\"@type\":\"ImageObject\",\"inLanguage\":\"en-US\",\"@id\":\"https:\/\/www.stikla-serviss.lv\/en\/#\/schema\/logo\/image\/\",\"url\":\"https:\/\/www.stikla-serviss.lv\/wp-content\/uploads\/2020\/07\/LOGO-ISTS.jpg\",\"contentUrl\":\"https:\/\/www.stikla-serviss.lv\/wp-content\/uploads\/2020\/07\/LOGO-ISTS.jpg\",\"width\":1860,\"height\":817,\"caption\":\"SIA \\\"STIKLA SERVISS\\\"\"},\"image\":{\"@id\":\"https:\/\/www.stikla-serviss.lv\/en\/#\/schema\/logo\/image\/\"}}]}<\/script>\n<!-- \/ Yoast SEO plugin. -->","yoast_head_json":{"title":"SHOWER DOORROSSA LUX - STIKLA SERVISS","description":"SHOWER DOORROSSA LUX - STIKLA SERVISS","robots":{"index":"index","follow":"follow","max-snippet":"max-snippet:-1","max-image-preview":"max-image-preview:large","max-video-preview":"max-video-preview:-1"},"canonical":"https:\/\/www.stikla-serviss.lv\/en\/product\/dusas-durvis-rossa-lux\/","og_locale":"en_US","og_type":"article","og_title":"SHOWER DOORROSSA LUX - STIKLA SERVISS","og_description":"SHOWER DOORROSSA LUX - STIKLA SERVISS","og_url":"https:\/\/www.stikla-serviss.lv\/en\/product\/dusas-durvis-rossa-lux\/","og_site_name":"STIKLA SERVISS","article_modified_time":"2025-12-22T10:59:50+00:00","og_image":[{"width":2400,"height":2400,"url":"https:\/\/www.stikla-serviss.lv\/wp-content\/uploads\/2020\/12\/Rossa_NEW-1.jpg","type":"image\/jpeg"}],"twitter_card":"summary_large_image","twitter_misc":{"Est. reading time":"1 minute"},"schema":{"@context":"https:\/\/schema.org","@graph":[{"@type":"WebPage","@id":"https:\/\/www.stikla-serviss.lv\/en\/product\/dusas-durvis-rossa-lux\/","url":"https:\/\/www.stikla-serviss.lv\/en\/product\/dusas-durvis-rossa-lux\/","name":"SHOWER DOORROSSA LUX - STIKLA SERVISS","isPartOf":{"@id":"https:\/\/www.stikla-serviss.lv\/en\/#website"},"primaryImageOfPage":{"@id":"https:\/\/www.stikla-serviss.lv\/en\/product\/dusas-durvis-rossa-lux\/#primaryimage"},"image":{"@id":"https:\/\/www.stikla-serviss.lv\/en\/product\/dusas-durvis-rossa-lux\/#primaryimage"},"thumbnailUrl":"https:\/\/www.stikla-serviss.lv\/wp-content\/uploads\/2020\/12\/Rossa_NEW-1.jpg","datePublished":"2020-12-10T06:30:43+00:00","dateModified":"2025-12-22T10:59:50+00:00","description":"SHOWER DOORROSSA LUX - STIKLA SERVISS","breadcrumb":{"@id":"https:\/\/www.stikla-serviss.lv\/en\/product\/dusas-durvis-rossa-lux\/#breadcrumb"},"inLanguage":"en-US","potentialAction":[{"@type":"ReadAction","target":["https:\/\/www.stikla-serviss.lv\/en\/product\/dusas-durvis-rossa-lux\/"]}]},{"@type":"ImageObject","inLanguage":"en-US","@id":"https:\/\/www.stikla-serviss.lv\/en\/product\/dusas-durvis-rossa-lux\/#primaryimage","url":"https:\/\/www.stikla-serviss.lv\/wp-content\/uploads\/2020\/12\/Rossa_NEW-1.jpg","contentUrl":"https:\/\/www.stikla-serviss.lv\/wp-content\/uploads\/2020\/12\/Rossa_NEW-1.jpg","width":2400,"height":2400},{"@type":"BreadcrumbList","@id":"https:\/\/www.stikla-serviss.lv\/en\/product\/dusas-durvis-rossa-lux\/#breadcrumb","itemListElement":[{"@type":"ListItem","position":1,"name":"Home","item":"https:\/\/www.stikla-serviss.lv\/en\/"},{"@type":"ListItem","position":2,"name":"PRODUCTS","item":"https:\/\/www.stikla-serviss.lv\/en\/produkti\/"},{"@type":"ListItem","position":3,"name":"SHOWER DOORROSSA LUX"}]},{"@type":"WebSite","@id":"https:\/\/www.stikla-serviss.lv\/en\/#website","url":"https:\/\/www.stikla-serviss.lv\/en\/","name":"STIKLA SERVISS","description":"Stikla tirdzniec\u012bbas un stikla izstr\u0101d\u0101jumu ra\u017eo\u0161anas uz\u0146\u0113mums","publisher":{"@id":"https:\/\/www.stikla-serviss.lv\/en\/#organization"},"potentialAction":[{"@type":"SearchAction","target":{"@type":"EntryPoint","urlTemplate":"https:\/\/www.stikla-serviss.lv\/en\/?s={search_term_string}"},"query-input":{"@type":"PropertyValueSpecification","valueRequired":true,"valueName":"search_term_string"}}],"inLanguage":"en-US"},{"@type":"Organization","@id":"https:\/\/www.stikla-serviss.lv\/en\/#organization","name":"SIA \"STIKLA SERVISS\"","url":"https:\/\/www.stikla-serviss.lv\/en\/","logo":{"@type":"ImageObject","inLanguage":"en-US","@id":"https:\/\/www.stikla-serviss.lv\/en\/#\/schema\/logo\/image\/","url":"https:\/\/www.stikla-serviss.lv\/wp-content\/uploads\/2020\/07\/LOGO-ISTS.jpg","contentUrl":"https:\/\/www.stikla-serviss.lv\/wp-content\/uploads\/2020\/07\/LOGO-ISTS.jpg","width":1860,"height":817,"caption":"SIA \"STIKLA SERVISS\""},"image":{"@id":"https:\/\/www.stikla-serviss.lv\/en\/#\/schema\/logo\/image\/"}}]}},"_links":{"self":[{"href":"https:\/\/www.stikla-serviss.lv\/en\/wp-json\/wp\/v2\/product\/5496","targetHints":{"allow":["GET"]}}],"collection":[{"href":"https:\/\/www.stikla-serviss.lv\/en\/wp-json\/wp\/v2\/product"}],"about":[{"href":"https:\/\/www.stikla-serviss.lv\/en\/wp-json\/wp\/v2\/types\/product"}],"wp:featuredmedia":[{"embeddable":true,"href":"https:\/\/www.stikla-serviss.lv\/en\/wp-json\/wp\/v2\/media\/5527"}],"wp:attachment":[{"href":"https:\/\/www.stikla-serviss.lv\/en\/wp-json\/wp\/v2\/media?parent=5496"}],"wp:term":[{"taxonomy":"product_brand","embeddable":true,"href":"https:\/\/www.stikla-serviss.lv\/en\/wp-json\/wp\/v2\/product_brand?post=5496"},{"taxonomy":"product_cat","embeddable":true,"href":"https:\/\/www.stikla-serviss.lv\/en\/wp-json\/wp\/v2\/product_cat?post=5496"},{"taxonomy":"product_tag","embeddable":true,"href":"https:\/\/www.stikla-serviss.lv\/en\/wp-json\/wp\/v2\/product_tag?post=5496"}],"curies":[{"name":"wp","href":"https:\/\/api.w.org\/{rel}","templated":true}]}}