{"id":5533,"date":"2020-12-06T16:29:31","date_gmt":"2020-12-06T13:29:31","guid":{"rendered":"https:\/\/www.stikla-serviss.lv\/product\/dusas-durvis-adele-plus\/"},"modified":"2025-12-22T13:09:14","modified_gmt":"2025-12-22T11:09:14","slug":"dusas-durvis-adele-plus","status":"publish","type":"product","link":"https:\/\/www.stikla-serviss.lv\/en\/product\/dusas-durvis-adele-plus\/","title":{"rendered":"SHOWER DOOR<p>ADELE PLUS<\/p>"},"content":{"rendered":"<table style=\"width: 100%; height: 189px;\">\n<colgroup>\n<col width=\"52\" \/>\n<col width=\"103\" \/>\n<col width=\"119\" \/>\n<col width=\"149\" \/>\n<col width=\"103\" \/>\n<col width=\"77\" \/>\n<col width=\"112\" \/>\n<col width=\"80\" \/>\n<col width=\"137\" \/>\n<col width=\"85\" \/><\/colgroup>\n<tbody>\n<tr style=\"background-color: #999999;\">\n<td class=\"xl77\" style=\"width: 13.2997%; height: 63px; text-align: center;\"><span style=\"color: #ffffff;\">Code<\/span><\/td>\n<td class=\"xl77\" style=\"width: 5.55556%; height: 63px; text-align: center;\"><span style=\"color: #ffffff;\">Height (mm)<\/span><\/td>\n<td class=\"xl77\" style=\"width: 13.8047%; height: 63px; text-align: center;\"><span style=\"color: #ffffff;\">Adjustment A+B (mm)<\/span><\/td>\n<td class=\"xl77\" style=\"width: 12.1212%; height: 63px; text-align: center;\"><span style=\"color: #ffffff;\">Entrance width A1\u00a0 (mm)<\/span><\/td>\n<td style=\"width: 8.08081%; height: 63px; text-align: center;\"><span style=\"color: #ffffff;\">Width B (mm)<\/span><\/td>\n<td class=\"xl65\" style=\"width: 7.40741%; height: 63px; text-align: center;\"><span style=\"color: #ffffff;\">Clear<\/span><\/td>\n<td class=\"xl65\" style=\"width: 9.76431%; height: 63px; text-align: center;\"><span style=\"color: #ffffff;\">Bronze or Gray<\/span><\/td>\n<td class=\"xl65\" style=\"width: 7.74411%; height: 63px; text-align: center;\"><span style=\"color: #ffffff;\">Matte White \/ Crepi<\/span><\/td>\n<td style=\"width: 10.2694%; height: 63px; text-align: center;\"><span style=\"color: #ffffff;\">Matte Bronze \/ Gray \/ Extra Clear<\/span><\/td>\n<td class=\"xl65\" style=\"width: 7.91246%; height: 63px; text-align: center;\"><span style=\"color: #ffffff;\">Matte extra clear\/ Linea<\/span><\/td>\n<\/tr>\n<tr style=\"height: 21px;\">\n<td style=\"width: 13.2997%; height: 21px; text-align: center;\"><span style=\"font-size: 90%;\">70ADE+<\/span><\/td>\n<td class=\"xl79\" style=\"width: 5.55556%; height: 21px; text-align: center;\"><span style=\"font-size: 90%;\">2000<\/span><\/td>\n<td style=\"width: 13.8047%; height: 21px; text-align: center;\"><span style=\"font-size: 90%;\">698-703<\/span><\/td>\n<td style=\"width: 12.1212%; height: 21px; text-align: center;\"><span style=\"font-size: 90%;\">460<\/span><\/td>\n<td style=\"width: 8.08081%; height: 21px; text-align: center;\"><span style=\"font-size: 90%;\">200<\/span><\/td>\n<td style=\"width: 7.40741%; text-align: center;\" width=\"66\">\u20ac671<\/td>\n<td style=\"width: 9.76431%; text-align: center;\" width=\"73\">\u20ac700<\/td>\n<td style=\"width: 7.74411%; text-align: center;\" width=\"73\">\u20ac729<\/td>\n<td style=\"width: 10.2694%; text-align: center;\" width=\"72\">\u20ac758<\/td>\n<td style=\"width: 7.91246%; text-align: center;\" width=\"73\">\u20ac872<\/td>\n<\/tr>\n<tr style=\"height: 21px;\">\n<td style=\"width: 13.2997%; height: 21px; text-align: center;\"><span style=\"font-size: 90%;\">80ADE+<\/span><\/td>\n<td class=\"xl79\" style=\"width: 5.55556%; height: 21px; text-align: center;\"><span style=\"font-size: 90%;\">2000<\/span><\/td>\n<td style=\"width: 13.8047%; height: 21px; text-align: center;\"><span style=\"font-size: 90%;\">798-803<\/span><\/td>\n<td style=\"width: 12.1212%; height: 21px; text-align: center;\"><span style=\"font-size: 90%;\">560<\/span><\/td>\n<td style=\"width: 8.08081%; height: 21px; text-align: center;\"><span style=\"font-size: 90%;\">200<\/span><\/td>\n<td style=\"width: 7.40741%; text-align: center;\" width=\"66\">\u20ac686<\/td>\n<td style=\"width: 9.76431%; text-align: center;\" width=\"73\">\u20ac714<\/td>\n<td style=\"width: 7.74411%; text-align: center;\" width=\"73\">\u20ac743<\/td>\n<td style=\"width: 10.2694%; text-align: center;\" width=\"72\">\u20ac772<\/td>\n<td style=\"width: 7.91246%; text-align: center;\" width=\"73\">\u20ac888<\/td>\n<\/tr>\n<tr style=\"height: 21px;\">\n<td style=\"width: 13.2997%; height: 21px; text-align: center;\"><span style=\"font-size: 90%;\">90ADE+<\/span><\/td>\n<td class=\"xl79\" style=\"width: 5.55556%; height: 21px; text-align: center;\"><span style=\"font-size: 90%;\">2000<\/span><\/td>\n<td style=\"width: 13.8047%; height: 21px; text-align: center;\"><span style=\"font-size: 90%;\">898-903<\/span><\/td>\n<td style=\"width: 12.1212%; height: 21px; text-align: center;\"><span style=\"font-size: 90%;\">560<\/span><\/td>\n<td style=\"width: 8.08081%; height: 21px; text-align: center;\"><span style=\"font-size: 90%;\">300<\/span><\/td>\n<td style=\"width: 7.40741%; text-align: center;\" width=\"66\">\u20ac700<\/td>\n<td style=\"width: 9.76431%; text-align: center;\" width=\"73\">\u20ac729<\/td>\n<td style=\"width: 7.74411%; text-align: center;\" width=\"73\">\u20ac758<\/td>\n<td style=\"width: 10.2694%; text-align: center;\" width=\"72\">\u20ac786<\/td>\n<td style=\"width: 7.91246%; text-align: center;\" width=\"73\">\u20ac904<\/td>\n<\/tr>\n<tr style=\"height: 21px;\">\n<td style=\"width: 13.2997%; height: 21px; text-align: center;\"><span style=\"font-size: 90%;\">100ADE+<\/span><\/td>\n<td class=\"xl79\" style=\"width: 5.55556%; height: 21px; text-align: center;\"><span style=\"font-size: 90%;\">2000<\/span><\/td>\n<td style=\"width: 13.8047%; height: 21px; text-align: center;\"><span style=\"font-size: 90%;\">998-1003<\/span><\/td>\n<td style=\"width: 12.1212%; height: 21px; text-align: center;\"><span style=\"font-size: 90%;\">660<\/span><\/td>\n<td style=\"width: 8.08081%; height: 21px; text-align: center;\"><span style=\"font-size: 90%;\">300<\/span><\/td>\n<td style=\"width: 7.40741%; text-align: center;\" width=\"66\">\u20ac714<\/td>\n<td style=\"width: 9.76431%; text-align: center;\" width=\"73\">\u20ac743<\/td>\n<td style=\"width: 7.74411%; text-align: center;\" width=\"73\">\u20ac772<\/td>\n<td style=\"width: 10.2694%; text-align: center;\" width=\"72\">\u20ac801<\/td>\n<td style=\"width: 7.91246%; text-align: center;\" width=\"73\">\u20ac921<\/td>\n<\/tr>\n<tr style=\"height: 21px;\">\n<td style=\"width: 13.2997%; height: 21px; text-align: center;\"><span style=\"font-size: 90%;\">110ADE+<\/span><\/td>\n<td style=\"width: 5.55556%; height: 21px; text-align: center;\"><span style=\"font-size: 90%;\">2000<\/span><\/td>\n<td style=\"width: 13.8047%; height: 21px; text-align: center;\"><span style=\"font-size: 90%;\">1098-1103<\/span><\/td>\n<td style=\"width: 12.1212%; height: 21px; text-align: center;\"><span style=\"font-size: 90%;\">660<\/span><\/td>\n<td style=\"width: 8.08081%; height: 21px; text-align: center;\"><span style=\"font-size: 90%;\">400<\/span><\/td>\n<td style=\"width: 7.40741%; text-align: center;\" width=\"66\">\u20ac729<\/td>\n<td style=\"width: 9.76431%; text-align: center;\" width=\"73\">\u20ac758<\/td>\n<td style=\"width: 7.74411%; text-align: center;\" width=\"73\">\u20ac786<\/td>\n<td style=\"width: 10.2694%; text-align: center;\" width=\"72\">\u20ac815<\/td>\n<td style=\"width: 7.91246%; text-align: center;\" width=\"73\">\u20ac937<\/td>\n<\/tr>\n<tr style=\"height: 21px;\">\n<td style=\"width: 13.2997%; height: 21px; text-align: center;\"><span style=\"font-size: 90%;\">120ADE+<\/span><\/td>\n<td style=\"width: 5.55556%; height: 21px; text-align: center;\"><span style=\"font-size: 90%;\">2000<\/span><\/td>\n<td style=\"width: 13.8047%; height: 21px; text-align: center;\"><span style=\"font-size: 90%;\">1198-1203<\/span><\/td>\n<td style=\"width: 12.1212%; height: 21px; text-align: center;\"><span style=\"font-size: 90%;\">660<\/span><\/td>\n<td style=\"width: 8.08081%; height: 21px; text-align: center;\"><span style=\"font-size: 90%;\">500<\/span><\/td>\n<td style=\"width: 7.40741%; text-align: center;\" width=\"66\">\u20ac743<\/td>\n<td style=\"width: 9.76431%; text-align: center;\" width=\"73\">\u20ac772<\/td>\n<td style=\"width: 7.74411%; text-align: center;\" width=\"73\">\u20ac801<\/td>\n<td style=\"width: 10.2694%; text-align: center;\" width=\"72\">\u20ac829<\/td>\n<td style=\"width: 7.91246%; text-align: center;\" width=\"73\">\u20ac953<\/td>\n<\/tr>\n<\/tbody>\n<\/table>\n<p>&nbsp;<\/p>\n","protected":false},"excerpt":{"rendered":"<div id='gallery-1' class='gallery galleryid-5533 gallery-columns-6 gallery-size-thumbnail'><figure class='gallery-item'>\n\t\t\t<div class='gallery-icon landscape'>\n\t\t\t\t<img width=\"280\" height=\"280\" src=\"https:\/\/www.stikla-serviss.lv\/wp-content\/uploads\/2020\/07\/ss_pic-02-280x280.png\" class=\"attachment-thumbnail size-thumbnail\" alt=\"\" decoding=\"async\" loading=\"lazy\" srcset=\"https:\/\/www.stikla-serviss.lv\/wp-content\/uploads\/2020\/07\/ss_pic-02-280x280.png 280w, https:\/\/www.stikla-serviss.lv\/wp-content\/uploads\/2020\/07\/ss_pic-02-401x400.png 401w, https:\/\/www.stikla-serviss.lv\/wp-content\/uploads\/2020\/07\/ss_pic-02-300x300.png 300w, https:\/\/www.stikla-serviss.lv\/wp-content\/uploads\/2020\/07\/ss_pic-02-100x100.png 100w, https:\/\/www.stikla-serviss.lv\/wp-content\/uploads\/2020\/07\/ss_pic-02-32x32.png 32w, https:\/\/www.stikla-serviss.lv\/wp-content\/uploads\/2020\/07\/ss_pic-02-e1604331855484.png 80w\" sizes=\"auto, (max-width: 280px) 100vw, 280px\" \/>\n\t\t\t<\/div><\/figure><figure class='gallery-item'>\n\t\t\t<div class='gallery-icon landscape'>\n\t\t\t\t<img width=\"280\" height=\"280\" src=\"https:\/\/www.stikla-serviss.lv\/wp-content\/uploads\/2020\/07\/ss_pic-03-280x280.png\" class=\"attachment-thumbnail size-thumbnail\" alt=\"\" decoding=\"async\" loading=\"lazy\" srcset=\"https:\/\/www.stikla-serviss.lv\/wp-content\/uploads\/2020\/07\/ss_pic-03-280x280.png 280w, https:\/\/www.stikla-serviss.lv\/wp-content\/uploads\/2020\/07\/ss_pic-03-401x400.png 401w, https:\/\/www.stikla-serviss.lv\/wp-content\/uploads\/2020\/07\/ss_pic-03-300x300.png 300w, https:\/\/www.stikla-serviss.lv\/wp-content\/uploads\/2020\/07\/ss_pic-03-100x100.png 100w, https:\/\/www.stikla-serviss.lv\/wp-content\/uploads\/2020\/07\/ss_pic-03-32x32.png 32w, https:\/\/www.stikla-serviss.lv\/wp-content\/uploads\/2020\/07\/ss_pic-03-e1604331865897.png 80w\" sizes=\"auto, (max-width: 280px) 100vw, 280px\" \/>\n\t\t\t<\/div><\/figure><figure class='gallery-item'>\n\t\t\t<div class='gallery-icon landscape'>\n\t\t\t\t<img width=\"280\" height=\"280\" src=\"https:\/\/www.stikla-serviss.lv\/wp-content\/uploads\/2020\/07\/ss_pic-09-280x280.png\" class=\"attachment-thumbnail size-thumbnail\" alt=\"\" decoding=\"async\" loading=\"lazy\" srcset=\"https:\/\/www.stikla-serviss.lv\/wp-content\/uploads\/2020\/07\/ss_pic-09-280x280.png 280w, https:\/\/www.stikla-serviss.lv\/wp-content\/uploads\/2020\/07\/ss_pic-09-400x400.png 400w, https:\/\/www.stikla-serviss.lv\/wp-content\/uploads\/2020\/07\/ss_pic-09-300x300.png 300w, https:\/\/www.stikla-serviss.lv\/wp-content\/uploads\/2020\/07\/ss_pic-09-100x100.png 100w, https:\/\/www.stikla-serviss.lv\/wp-content\/uploads\/2020\/07\/ss_pic-09-32x32.png 32w, https:\/\/www.stikla-serviss.lv\/wp-content\/uploads\/2020\/07\/ss_pic-09-e1604331937629.png 80w\" sizes=\"auto, (max-width: 280px) 100vw, 280px\" \/>\n\t\t\t<\/div><\/figure><figure class='gallery-item'>\n\t\t\t<div class='gallery-icon landscape'>\n\t\t\t\t<img width=\"280\" height=\"280\" src=\"https:\/\/www.stikla-serviss.lv\/wp-content\/uploads\/2020\/07\/ss_pic-07-280x280.png\" class=\"attachment-thumbnail size-thumbnail\" alt=\"\" decoding=\"async\" loading=\"lazy\" srcset=\"https:\/\/www.stikla-serviss.lv\/wp-content\/uploads\/2020\/07\/ss_pic-07-280x280.png 280w, https:\/\/www.stikla-serviss.lv\/wp-content\/uploads\/2020\/07\/ss_pic-07-400x400.png 400w, https:\/\/www.stikla-serviss.lv\/wp-content\/uploads\/2020\/07\/ss_pic-07-300x300.png 300w, https:\/\/www.stikla-serviss.lv\/wp-content\/uploads\/2020\/07\/ss_pic-07-100x100.png 100w, https:\/\/www.stikla-serviss.lv\/wp-content\/uploads\/2020\/07\/ss_pic-07-32x32.png 32w, https:\/\/www.stikla-serviss.lv\/wp-content\/uploads\/2020\/07\/ss_pic-07-e1604331916526.png 80w\" sizes=\"auto, (max-width: 280px) 100vw, 280px\" \/>\n\t\t\t<\/div><\/figure><figure class='gallery-item'>\n\t\t\t<div class='gallery-icon landscape'>\n\t\t\t\t<img width=\"280\" height=\"280\" src=\"https:\/\/www.stikla-serviss.lv\/wp-content\/uploads\/2020\/12\/ch_sn_ral-280x280.png\" class=\"attachment-thumbnail size-thumbnail\" alt=\"\" decoding=\"async\" loading=\"lazy\" srcset=\"https:\/\/www.stikla-serviss.lv\/wp-content\/uploads\/2020\/12\/ch_sn_ral-280x280.png 280w, https:\/\/www.stikla-serviss.lv\/wp-content\/uploads\/2020\/12\/ch_sn_ral-100x100.png 100w, https:\/\/www.stikla-serviss.lv\/wp-content\/uploads\/2020\/12\/ch_sn_ral-510x510.png 510w, https:\/\/www.stikla-serviss.lv\/wp-content\/uploads\/2020\/12\/ch_sn_ral-400x400.png 400w, https:\/\/www.stikla-serviss.lv\/wp-content\/uploads\/2020\/12\/ch_sn_ral-32x32.png 32w, https:\/\/www.stikla-serviss.lv\/wp-content\/uploads\/2020\/12\/ch_sn_ral.png 592w\" sizes=\"auto, (max-width: 280px) 100vw, 280px\" \/>\n\t\t\t<\/div><\/figure><figure class='gallery-item'>\n\t\t\t<div class='gallery-icon landscape'>\n\t\t\t\t<img width=\"280\" height=\"280\" src=\"https:\/\/www.stikla-serviss.lv\/wp-content\/uploads\/2020\/07\/ss_pic-12-280x280.png\" class=\"attachment-thumbnail size-thumbnail\" alt=\"\" decoding=\"async\" loading=\"lazy\" srcset=\"https:\/\/www.stikla-serviss.lv\/wp-content\/uploads\/2020\/07\/ss_pic-12-280x280.png 280w, https:\/\/www.stikla-serviss.lv\/wp-content\/uploads\/2020\/07\/ss_pic-12-399x400.png 399w, https:\/\/www.stikla-serviss.lv\/wp-content\/uploads\/2020\/07\/ss_pic-12-300x300.png 300w, https:\/\/www.stikla-serviss.lv\/wp-content\/uploads\/2020\/07\/ss_pic-12-100x100.png 100w, https:\/\/www.stikla-serviss.lv\/wp-content\/uploads\/2020\/07\/ss_pic-12-32x32.png 32w, https:\/\/www.stikla-serviss.lv\/wp-content\/uploads\/2020\/07\/ss_pic-12-e1604331975911.png 80w\" sizes=\"auto, (max-width: 280px) 100vw, 280px\" \/>\n\t\t\t<\/div><\/figure>\n\t\t<\/div>\n\n<p><img loading=\"lazy\" decoding=\"async\" class=\"alignnone wp-image-5078 size-full\" src=\"https:\/\/www.stikla-serviss.lv\/wp-content\/uploads\/2020\/07\/durvis2.jpg\" alt=\"\" width=\"182\" height=\"202\" srcset=\"https:\/\/www.stikla-serviss.lv\/wp-content\/uploads\/2020\/07\/durvis2.jpg 182w, https:\/\/www.stikla-serviss.lv\/wp-content\/uploads\/2020\/07\/durvis2-29x32.jpg 29w\" sizes=\"auto, (max-width: 182px) 100vw, 182px\" \/><\/p>\n","protected":false},"featured_media":3487,"template":"","meta":[],"product_brand":[],"product_cat":[246,247],"product_tag":[],"class_list":{"0":"post-5533","1":"product","2":"type-product","3":"status-publish","4":"has-post-thumbnail","6":"product_cat-shower-enclosures-and-bath-screens","7":"product_cat-shower-doors","9":"first","10":"instock","11":"shipping-taxable","12":"product-type-simple"},"yoast_head":"<!-- This site is optimized with the Yoast SEO plugin v27.1.1 - https:\/\/yoast.com\/product\/yoast-seo-wordpress\/ -->\n<title>SHOWER DOORADELE PLUS - STIKLA SERVISS<\/title>\n<meta name=\"description\" content=\"SHOWER DOORADELE PLUS - STIKLA SERVISS\" \/>\n<meta name=\"robots\" content=\"index, follow, max-snippet:-1, max-image-preview:large, max-video-preview:-1\" \/>\n<link rel=\"canonical\" href=\"https:\/\/www.stikla-serviss.lv\/en\/product\/dusas-durvis-adele-plus\/\" \/>\n<meta property=\"og:locale\" content=\"en_US\" \/>\n<meta property=\"og:type\" content=\"article\" \/>\n<meta property=\"og:title\" content=\"SHOWER DOORADELE PLUS - STIKLA SERVISS\" \/>\n<meta property=\"og:description\" content=\"SHOWER DOORADELE PLUS - STIKLA SERVISS\" \/>\n<meta property=\"og:url\" content=\"https:\/\/www.stikla-serviss.lv\/en\/product\/dusas-durvis-adele-plus\/\" \/>\n<meta property=\"og:site_name\" content=\"STIKLA SERVISS\" \/>\n<meta property=\"article:modified_time\" content=\"2025-12-22T11:09:14+00:00\" \/>\n<meta property=\"og:image\" content=\"https:\/\/www.stikla-serviss.lv\/wp-content\/uploads\/2020\/12\/Adele_plus.jpg\" \/>\n\t<meta property=\"og:image:width\" content=\"1800\" \/>\n\t<meta property=\"og:image:height\" content=\"1800\" \/>\n\t<meta property=\"og:image:type\" content=\"image\/jpeg\" \/>\n<meta name=\"twitter:card\" content=\"summary_large_image\" \/>\n<meta name=\"twitter:label1\" content=\"Est. reading time\" \/>\n\t<meta name=\"twitter:data1\" content=\"1 minute\" \/>\n<script type=\"application\/ld+json\" class=\"yoast-schema-graph\">{\"@context\":\"https:\/\/schema.org\",\"@graph\":[{\"@type\":\"WebPage\",\"@id\":\"https:\/\/www.stikla-serviss.lv\/en\/product\/dusas-durvis-adele-plus\/\",\"url\":\"https:\/\/www.stikla-serviss.lv\/en\/product\/dusas-durvis-adele-plus\/\",\"name\":\"SHOWER DOORADELE PLUS - STIKLA SERVISS\",\"isPartOf\":{\"@id\":\"https:\/\/www.stikla-serviss.lv\/en\/#website\"},\"primaryImageOfPage\":{\"@id\":\"https:\/\/www.stikla-serviss.lv\/en\/product\/dusas-durvis-adele-plus\/#primaryimage\"},\"image\":{\"@id\":\"https:\/\/www.stikla-serviss.lv\/en\/product\/dusas-durvis-adele-plus\/#primaryimage\"},\"thumbnailUrl\":\"https:\/\/www.stikla-serviss.lv\/wp-content\/uploads\/2020\/12\/Adele_plus.jpg\",\"datePublished\":\"2020-12-06T13:29:31+00:00\",\"dateModified\":\"2025-12-22T11:09:14+00:00\",\"description\":\"SHOWER DOORADELE PLUS - STIKLA SERVISS\",\"breadcrumb\":{\"@id\":\"https:\/\/www.stikla-serviss.lv\/en\/product\/dusas-durvis-adele-plus\/#breadcrumb\"},\"inLanguage\":\"en-US\",\"potentialAction\":[{\"@type\":\"ReadAction\",\"target\":[\"https:\/\/www.stikla-serviss.lv\/en\/product\/dusas-durvis-adele-plus\/\"]}]},{\"@type\":\"ImageObject\",\"inLanguage\":\"en-US\",\"@id\":\"https:\/\/www.stikla-serviss.lv\/en\/product\/dusas-durvis-adele-plus\/#primaryimage\",\"url\":\"https:\/\/www.stikla-serviss.lv\/wp-content\/uploads\/2020\/12\/Adele_plus.jpg\",\"contentUrl\":\"https:\/\/www.stikla-serviss.lv\/wp-content\/uploads\/2020\/12\/Adele_plus.jpg\",\"width\":1800,\"height\":1800},{\"@type\":\"BreadcrumbList\",\"@id\":\"https:\/\/www.stikla-serviss.lv\/en\/product\/dusas-durvis-adele-plus\/#breadcrumb\",\"itemListElement\":[{\"@type\":\"ListItem\",\"position\":1,\"name\":\"Home\",\"item\":\"https:\/\/www.stikla-serviss.lv\/en\/\"},{\"@type\":\"ListItem\",\"position\":2,\"name\":\"PRODUCTS\",\"item\":\"https:\/\/www.stikla-serviss.lv\/en\/produkti\/\"},{\"@type\":\"ListItem\",\"position\":3,\"name\":\"SHOWER DOORADELE PLUS\"}]},{\"@type\":\"WebSite\",\"@id\":\"https:\/\/www.stikla-serviss.lv\/en\/#website\",\"url\":\"https:\/\/www.stikla-serviss.lv\/en\/\",\"name\":\"STIKLA SERVISS\",\"description\":\"Stikla tirdzniec\u012bbas un stikla izstr\u0101d\u0101jumu ra\u017eo\u0161anas uz\u0146\u0113mums\",\"publisher\":{\"@id\":\"https:\/\/www.stikla-serviss.lv\/en\/#organization\"},\"potentialAction\":[{\"@type\":\"SearchAction\",\"target\":{\"@type\":\"EntryPoint\",\"urlTemplate\":\"https:\/\/www.stikla-serviss.lv\/en\/?s={search_term_string}\"},\"query-input\":{\"@type\":\"PropertyValueSpecification\",\"valueRequired\":true,\"valueName\":\"search_term_string\"}}],\"inLanguage\":\"en-US\"},{\"@type\":\"Organization\",\"@id\":\"https:\/\/www.stikla-serviss.lv\/en\/#organization\",\"name\":\"SIA \\\"STIKLA SERVISS\\\"\",\"url\":\"https:\/\/www.stikla-serviss.lv\/en\/\",\"logo\":{\"@type\":\"ImageObject\",\"inLanguage\":\"en-US\",\"@id\":\"https:\/\/www.stikla-serviss.lv\/en\/#\/schema\/logo\/image\/\",\"url\":\"https:\/\/www.stikla-serviss.lv\/wp-content\/uploads\/2020\/07\/LOGO-ISTS.jpg\",\"contentUrl\":\"https:\/\/www.stikla-serviss.lv\/wp-content\/uploads\/2020\/07\/LOGO-ISTS.jpg\",\"width\":1860,\"height\":817,\"caption\":\"SIA \\\"STIKLA SERVISS\\\"\"},\"image\":{\"@id\":\"https:\/\/www.stikla-serviss.lv\/en\/#\/schema\/logo\/image\/\"}}]}<\/script>\n<!-- \/ Yoast SEO plugin. -->","yoast_head_json":{"title":"SHOWER DOORADELE PLUS - STIKLA SERVISS","description":"SHOWER DOORADELE PLUS - STIKLA SERVISS","robots":{"index":"index","follow":"follow","max-snippet":"max-snippet:-1","max-image-preview":"max-image-preview:large","max-video-preview":"max-video-preview:-1"},"canonical":"https:\/\/www.stikla-serviss.lv\/en\/product\/dusas-durvis-adele-plus\/","og_locale":"en_US","og_type":"article","og_title":"SHOWER DOORADELE PLUS - STIKLA SERVISS","og_description":"SHOWER DOORADELE PLUS - STIKLA SERVISS","og_url":"https:\/\/www.stikla-serviss.lv\/en\/product\/dusas-durvis-adele-plus\/","og_site_name":"STIKLA SERVISS","article_modified_time":"2025-12-22T11:09:14+00:00","og_image":[{"width":1800,"height":1800,"url":"https:\/\/www.stikla-serviss.lv\/wp-content\/uploads\/2020\/12\/Adele_plus.jpg","type":"image\/jpeg"}],"twitter_card":"summary_large_image","twitter_misc":{"Est. reading time":"1 minute"},"schema":{"@context":"https:\/\/schema.org","@graph":[{"@type":"WebPage","@id":"https:\/\/www.stikla-serviss.lv\/en\/product\/dusas-durvis-adele-plus\/","url":"https:\/\/www.stikla-serviss.lv\/en\/product\/dusas-durvis-adele-plus\/","name":"SHOWER DOORADELE PLUS - STIKLA SERVISS","isPartOf":{"@id":"https:\/\/www.stikla-serviss.lv\/en\/#website"},"primaryImageOfPage":{"@id":"https:\/\/www.stikla-serviss.lv\/en\/product\/dusas-durvis-adele-plus\/#primaryimage"},"image":{"@id":"https:\/\/www.stikla-serviss.lv\/en\/product\/dusas-durvis-adele-plus\/#primaryimage"},"thumbnailUrl":"https:\/\/www.stikla-serviss.lv\/wp-content\/uploads\/2020\/12\/Adele_plus.jpg","datePublished":"2020-12-06T13:29:31+00:00","dateModified":"2025-12-22T11:09:14+00:00","description":"SHOWER DOORADELE PLUS - STIKLA SERVISS","breadcrumb":{"@id":"https:\/\/www.stikla-serviss.lv\/en\/product\/dusas-durvis-adele-plus\/#breadcrumb"},"inLanguage":"en-US","potentialAction":[{"@type":"ReadAction","target":["https:\/\/www.stikla-serviss.lv\/en\/product\/dusas-durvis-adele-plus\/"]}]},{"@type":"ImageObject","inLanguage":"en-US","@id":"https:\/\/www.stikla-serviss.lv\/en\/product\/dusas-durvis-adele-plus\/#primaryimage","url":"https:\/\/www.stikla-serviss.lv\/wp-content\/uploads\/2020\/12\/Adele_plus.jpg","contentUrl":"https:\/\/www.stikla-serviss.lv\/wp-content\/uploads\/2020\/12\/Adele_plus.jpg","width":1800,"height":1800},{"@type":"BreadcrumbList","@id":"https:\/\/www.stikla-serviss.lv\/en\/product\/dusas-durvis-adele-plus\/#breadcrumb","itemListElement":[{"@type":"ListItem","position":1,"name":"Home","item":"https:\/\/www.stikla-serviss.lv\/en\/"},{"@type":"ListItem","position":2,"name":"PRODUCTS","item":"https:\/\/www.stikla-serviss.lv\/en\/produkti\/"},{"@type":"ListItem","position":3,"name":"SHOWER DOORADELE PLUS"}]},{"@type":"WebSite","@id":"https:\/\/www.stikla-serviss.lv\/en\/#website","url":"https:\/\/www.stikla-serviss.lv\/en\/","name":"STIKLA SERVISS","description":"Stikla tirdzniec\u012bbas un stikla izstr\u0101d\u0101jumu ra\u017eo\u0161anas uz\u0146\u0113mums","publisher":{"@id":"https:\/\/www.stikla-serviss.lv\/en\/#organization"},"potentialAction":[{"@type":"SearchAction","target":{"@type":"EntryPoint","urlTemplate":"https:\/\/www.stikla-serviss.lv\/en\/?s={search_term_string}"},"query-input":{"@type":"PropertyValueSpecification","valueRequired":true,"valueName":"search_term_string"}}],"inLanguage":"en-US"},{"@type":"Organization","@id":"https:\/\/www.stikla-serviss.lv\/en\/#organization","name":"SIA \"STIKLA SERVISS\"","url":"https:\/\/www.stikla-serviss.lv\/en\/","logo":{"@type":"ImageObject","inLanguage":"en-US","@id":"https:\/\/www.stikla-serviss.lv\/en\/#\/schema\/logo\/image\/","url":"https:\/\/www.stikla-serviss.lv\/wp-content\/uploads\/2020\/07\/LOGO-ISTS.jpg","contentUrl":"https:\/\/www.stikla-serviss.lv\/wp-content\/uploads\/2020\/07\/LOGO-ISTS.jpg","width":1860,"height":817,"caption":"SIA \"STIKLA SERVISS\""},"image":{"@id":"https:\/\/www.stikla-serviss.lv\/en\/#\/schema\/logo\/image\/"}}]}},"_links":{"self":[{"href":"https:\/\/www.stikla-serviss.lv\/en\/wp-json\/wp\/v2\/product\/5533","targetHints":{"allow":["GET"]}}],"collection":[{"href":"https:\/\/www.stikla-serviss.lv\/en\/wp-json\/wp\/v2\/product"}],"about":[{"href":"https:\/\/www.stikla-serviss.lv\/en\/wp-json\/wp\/v2\/types\/product"}],"wp:featuredmedia":[{"embeddable":true,"href":"https:\/\/www.stikla-serviss.lv\/en\/wp-json\/wp\/v2\/media\/3487"}],"wp:attachment":[{"href":"https:\/\/www.stikla-serviss.lv\/en\/wp-json\/wp\/v2\/media?parent=5533"}],"wp:term":[{"taxonomy":"product_brand","embeddable":true,"href":"https:\/\/www.stikla-serviss.lv\/en\/wp-json\/wp\/v2\/product_brand?post=5533"},{"taxonomy":"product_cat","embeddable":true,"href":"https:\/\/www.stikla-serviss.lv\/en\/wp-json\/wp\/v2\/product_cat?post=5533"},{"taxonomy":"product_tag","embeddable":true,"href":"https:\/\/www.stikla-serviss.lv\/en\/wp-json\/wp\/v2\/product_tag?post=5533"}],"curies":[{"name":"wp","href":"https:\/\/api.w.org\/{rel}","templated":true}]}}