{"id":5712,"date":"2020-12-04T14:05:30","date_gmt":"2020-12-04T12:05:30","guid":{"rendered":"https:\/\/www.stikla-serviss.lv\/product\/masa-tonets-float-stikls-planibel-grey\/"},"modified":"2024-05-20T12:34:58","modified_gmt":"2024-05-20T09:34:58","slug":"masa-tonets-float-stikls-planibel-grey","status":"publish","type":"product","link":"https:\/\/www.stikla-serviss.lv\/en\/product\/masa-tonets-float-stikls-planibel-grey\/","title":{"rendered":"TINTED FLOAT GLASS &#8211; Planibel Grey"},"content":{"rendered":"<p>Assortment \u2013 sheets of the specified sizes can be cut to the required sizes<\/p>\n<table style=\"border-collapse: collapse; width: 100%;\">\n<tbody>\n<tr>\n<td style=\"width: 50%; vertical-align: top;\">\n<table style=\"width: 192px;\" border=\"0\" width=\"194\" cellspacing=\"0\" cellpadding=\"0\">\n<colgroup>\n<col width=\"87\" \/>\n<col width=\"107\" \/><\/colgroup>\n<tbody>\n<tr>\n<td class=\"xl65\" style=\"width: 84px;\" width=\"87\" height=\"21\">4mm<\/td>\n<td class=\"xl65\" style=\"width: 108px;\" width=\"107\">1605x2250mm<\/td>\n<\/tr>\n<tr>\n<td class=\"xl65\" style=\"width: 84px;\" height=\"21\"><\/td>\n<td class=\"xl65\" style=\"width: 108px;\">3210x2250mm<\/td>\n<\/tr>\n<tr>\n<td style=\"width: 84px;\" height=\"21\"><\/td>\n<td style=\"width: 108px;\"><\/td>\n<\/tr>\n<tr>\n<td class=\"xl65\" style=\"width: 84px;\" height=\"21\">5mm<\/td>\n<td class=\"xl65\" style=\"width: 108px;\">1605x2250mm<\/td>\n<\/tr>\n<tr>\n<td class=\"xl65\" style=\"width: 84px;\" height=\"21\"><\/td>\n<td class=\"xl65\" style=\"width: 108px;\">3210x2250mm<\/td>\n<\/tr>\n<tr>\n<td style=\"width: 84px;\" height=\"21\"><\/td>\n<td style=\"width: 108px;\"><\/td>\n<\/tr>\n<tr>\n<td class=\"xl65\" style=\"width: 84px;\" height=\"21\">6mm<\/td>\n<td class=\"xl65\" style=\"width: 108px;\">1605x2250mm<\/td>\n<\/tr>\n<tr>\n<td class=\"xl65\" style=\"width: 84px;\" height=\"21\"><\/td>\n<td class=\"xl65\" style=\"width: 108px;\">3210x2250mm<\/td>\n<\/tr>\n<tr>\n<td style=\"width: 84px;\" height=\"21\"><\/td>\n<td style=\"width: 108px;\"><\/td>\n<\/tr>\n<tr>\n<td class=\"xl65\" style=\"width: 84px;\" height=\"21\">8mm<\/td>\n<td class=\"xl65\" style=\"width: 108px;\">1605x2250mm<\/td>\n<\/tr>\n<tr>\n<td style=\"width: 84px;\"><\/td>\n<td style=\"width: 108px;\">3210x2250mm<\/td>\n<\/tr>\n<tr>\n<td class=\"xl65\" style=\"width: 84px;\" height=\"21\"><\/td>\n<td class=\"xl65\" style=\"width: 108px;\">3210x2550mm<\/td>\n<\/tr>\n<tr>\n<td style=\"width: 84px;\"><\/td>\n<td style=\"width: 108px;\"><\/td>\n<\/tr>\n<tr>\n<td class=\"xl65\" style=\"width: 84px;\" height=\"21\">10mm<\/td>\n<td class=\"xl65\" style=\"width: 108px;\">1605x2250mm<\/td>\n<\/tr>\n<tr>\n<td class=\"xl65\" style=\"width: 84px;\" height=\"21\"><\/td>\n<td class=\"xl65\" style=\"width: 108px;\">3210x2250mm<\/td>\n<\/tr>\n<\/tbody>\n<\/table>\n<\/td>\n<td style=\"width: 50%; vertical-align: top;\"><div class=\"row\"  id=\"row-650427006\">\r\n\r\n\n\t<div id=\"col-540049853\" class=\"col medium-6 small-12 large-6\"  >\n\t\t\t\t<div class=\"col-inner\"  >\n\t\t\t\n\t\t\t\r\n<p style=\"text-align: right;\">M\u0100RIS BUTLERS<\/p>\r\n<p style=\"text-align: right;\">Sales manager<\/p>\r\n<p style=\"text-align: right;\">\u00a0+371 67472933<\/p>\r\n<p style=\"text-align: right;\">+371 29463776<\/p>\r\n<p style=\"text-align: right;\"><a id=\"contact_email_4\" href=\"mailto:maris@stikla-serviss.lv\">maris@stikla-serviss.lv<\/a><\/p>\r\n<p style=\"text-align: right;\"><a id=\"contact_email_4\" href=\"mailto:info@stikla-serviss.lv\">info@stikla-serviss.lv<\/a><\/p>\r\n\t\t<\/div>\n\t\t\t\t\t<\/div>\n\n\t\r\n\n\t<div id=\"col-1729884532\" class=\"col medium-6 small-12 large-6\"  >\n\t\t\t\t<div class=\"col-inner\"  >\n\t\t\t\n\t\t\t\r\n\r\n\t<div class=\"img has-hover x md-x lg-x y md-y lg-y\" id=\"image_1261873617\">\n\t\t\t\t\t\t\t\t<div class=\"img-inner dark\" >\n\t\t\t<img loading=\"lazy\" decoding=\"async\" width=\"785\" height=\"800\" src=\"https:\/\/www.stikla-serviss.lv\/wp-content\/uploads\/2021\/03\/foto_LaumaKalnina-0053-scaled-e1614866288815-785x800.jpg\" class=\"attachment-large size-large\" alt=\"\" srcset=\"https:\/\/www.stikla-serviss.lv\/wp-content\/uploads\/2021\/03\/foto_LaumaKalnina-0053-scaled-e1614866288815-785x800.jpg 785w, https:\/\/www.stikla-serviss.lv\/wp-content\/uploads\/2021\/03\/foto_LaumaKalnina-0053-scaled-e1614866288815-510x520.jpg 510w, https:\/\/www.stikla-serviss.lv\/wp-content\/uploads\/2021\/03\/foto_LaumaKalnina-0053-scaled-e1614866288815-392x400.jpg 392w, https:\/\/www.stikla-serviss.lv\/wp-content\/uploads\/2021\/03\/foto_LaumaKalnina-0053-scaled-e1614866288815-768x783.jpg 768w, https:\/\/www.stikla-serviss.lv\/wp-content\/uploads\/2021\/03\/foto_LaumaKalnina-0053-scaled-e1614866288815-1507x1536.jpg 1507w, https:\/\/www.stikla-serviss.lv\/wp-content\/uploads\/2021\/03\/foto_LaumaKalnina-0053-scaled-e1614866288815.jpg 1707w\" sizes=\"auto, (max-width: 785px) 100vw, 785px\" \/>\t\t\t\t\t\t\n\t\t\t\t\t<\/div>\n\t\t\t\t\t\t\t\t\n<style>\n#image_1261873617 {\n  width: 100%;\n}\n<\/style>\n\t<\/div>\n\t\r\n\r\n\t\t<\/div>\n\t\t\t\t\t<\/div>\n\n\t\r\n\r\n<\/div><\/td>\n<\/tr>\n<\/tbody>\n<\/table>\n<p>&nbsp;<\/p>\n","protected":false},"excerpt":{"rendered":"<p>To obtain tinted glass coloring pigments are added to the float glass mass. The most commonly used tinted glass in the following shades \u2013 gray, bronze, green and blue.<\/p>\n","protected":false},"featured_media":5713,"template":"","meta":[],"product_brand":[],"product_cat":[256,279],"product_tag":[],"class_list":{"0":"post-5712","1":"product","2":"type-product","3":"status-publish","4":"has-post-thumbnail","6":"product_cat-sheet-glass-and-sheet-mirrors","7":"product_cat-tinted-float-glass","9":"first","10":"instock","11":"shipping-taxable","12":"product-type-simple"},"yoast_head":"<!-- This site is optimized with the Yoast SEO plugin v27.1.1 - https:\/\/yoast.com\/product\/yoast-seo-wordpress\/ -->\n<title>TINTED FLOAT GLASS - Planibel Grey - STIKLA SERVISS<\/title>\n<meta name=\"description\" content=\"TINTED FLOAT GLASS - Planibel Grey - STIKLA SERVISS\" \/>\n<meta name=\"robots\" content=\"index, follow, max-snippet:-1, max-image-preview:large, max-video-preview:-1\" \/>\n<link rel=\"canonical\" href=\"https:\/\/www.stikla-serviss.lv\/en\/product\/masa-tonets-float-stikls-planibel-grey\/\" \/>\n<meta property=\"og:locale\" content=\"en_US\" \/>\n<meta property=\"og:type\" content=\"article\" \/>\n<meta property=\"og:title\" content=\"TINTED FLOAT GLASS - Planibel Grey - STIKLA SERVISS\" \/>\n<meta property=\"og:description\" content=\"TINTED FLOAT GLASS - Planibel Grey - STIKLA SERVISS\" \/>\n<meta property=\"og:url\" content=\"https:\/\/www.stikla-serviss.lv\/en\/product\/masa-tonets-float-stikls-planibel-grey\/\" \/>\n<meta property=\"og:site_name\" content=\"STIKLA SERVISS\" \/>\n<meta property=\"article:modified_time\" content=\"2024-05-20T09:34:58+00:00\" \/>\n<meta property=\"og:image\" content=\"https:\/\/www.stikla-serviss.lv\/wp-content\/uploads\/2020\/05\/masa-tonets-float-stikls-Planibel-Grey.jpg\" \/>\n\t<meta property=\"og:image:width\" content=\"556\" \/>\n\t<meta property=\"og:image:height\" content=\"284\" \/>\n\t<meta property=\"og:image:type\" content=\"image\/jpeg\" \/>\n<meta name=\"twitter:card\" content=\"summary_large_image\" \/>\n<meta name=\"twitter:label1\" content=\"Est. reading time\" \/>\n\t<meta name=\"twitter:data1\" content=\"1 minute\" \/>\n<script type=\"application\/ld+json\" class=\"yoast-schema-graph\">{\"@context\":\"https:\/\/schema.org\",\"@graph\":[{\"@type\":\"WebPage\",\"@id\":\"https:\/\/www.stikla-serviss.lv\/en\/product\/masa-tonets-float-stikls-planibel-grey\/\",\"url\":\"https:\/\/www.stikla-serviss.lv\/en\/product\/masa-tonets-float-stikls-planibel-grey\/\",\"name\":\"TINTED FLOAT GLASS - Planibel Grey - STIKLA SERVISS\",\"isPartOf\":{\"@id\":\"https:\/\/www.stikla-serviss.lv\/en\/#website\"},\"primaryImageOfPage\":{\"@id\":\"https:\/\/www.stikla-serviss.lv\/en\/product\/masa-tonets-float-stikls-planibel-grey\/#primaryimage\"},\"image\":{\"@id\":\"https:\/\/www.stikla-serviss.lv\/en\/product\/masa-tonets-float-stikls-planibel-grey\/#primaryimage\"},\"thumbnailUrl\":\"https:\/\/www.stikla-serviss.lv\/wp-content\/uploads\/2020\/05\/masa-tonets-float-stikls-Planibel-Grey.jpg\",\"datePublished\":\"2020-12-04T12:05:30+00:00\",\"dateModified\":\"2024-05-20T09:34:58+00:00\",\"description\":\"TINTED FLOAT GLASS - Planibel Grey - STIKLA SERVISS\",\"breadcrumb\":{\"@id\":\"https:\/\/www.stikla-serviss.lv\/en\/product\/masa-tonets-float-stikls-planibel-grey\/#breadcrumb\"},\"inLanguage\":\"en-US\",\"potentialAction\":[{\"@type\":\"ReadAction\",\"target\":[\"https:\/\/www.stikla-serviss.lv\/en\/product\/masa-tonets-float-stikls-planibel-grey\/\"]}]},{\"@type\":\"ImageObject\",\"inLanguage\":\"en-US\",\"@id\":\"https:\/\/www.stikla-serviss.lv\/en\/product\/masa-tonets-float-stikls-planibel-grey\/#primaryimage\",\"url\":\"https:\/\/www.stikla-serviss.lv\/wp-content\/uploads\/2020\/05\/masa-tonets-float-stikls-Planibel-Grey.jpg\",\"contentUrl\":\"https:\/\/www.stikla-serviss.lv\/wp-content\/uploads\/2020\/05\/masa-tonets-float-stikls-Planibel-Grey.jpg\",\"width\":556,\"height\":284},{\"@type\":\"BreadcrumbList\",\"@id\":\"https:\/\/www.stikla-serviss.lv\/en\/product\/masa-tonets-float-stikls-planibel-grey\/#breadcrumb\",\"itemListElement\":[{\"@type\":\"ListItem\",\"position\":1,\"name\":\"Home\",\"item\":\"https:\/\/www.stikla-serviss.lv\/en\/\"},{\"@type\":\"ListItem\",\"position\":2,\"name\":\"PRODUCTS\",\"item\":\"https:\/\/www.stikla-serviss.lv\/en\/produkti\/\"},{\"@type\":\"ListItem\",\"position\":3,\"name\":\"TINTED FLOAT GLASS &#8211; Planibel Grey\"}]},{\"@type\":\"WebSite\",\"@id\":\"https:\/\/www.stikla-serviss.lv\/en\/#website\",\"url\":\"https:\/\/www.stikla-serviss.lv\/en\/\",\"name\":\"STIKLA SERVISS\",\"description\":\"Stikla tirdzniec\u012bbas un stikla izstr\u0101d\u0101jumu ra\u017eo\u0161anas uz\u0146\u0113mums\",\"publisher\":{\"@id\":\"https:\/\/www.stikla-serviss.lv\/en\/#organization\"},\"potentialAction\":[{\"@type\":\"SearchAction\",\"target\":{\"@type\":\"EntryPoint\",\"urlTemplate\":\"https:\/\/www.stikla-serviss.lv\/en\/?s={search_term_string}\"},\"query-input\":{\"@type\":\"PropertyValueSpecification\",\"valueRequired\":true,\"valueName\":\"search_term_string\"}}],\"inLanguage\":\"en-US\"},{\"@type\":\"Organization\",\"@id\":\"https:\/\/www.stikla-serviss.lv\/en\/#organization\",\"name\":\"SIA \\\"STIKLA SERVISS\\\"\",\"url\":\"https:\/\/www.stikla-serviss.lv\/en\/\",\"logo\":{\"@type\":\"ImageObject\",\"inLanguage\":\"en-US\",\"@id\":\"https:\/\/www.stikla-serviss.lv\/en\/#\/schema\/logo\/image\/\",\"url\":\"https:\/\/www.stikla-serviss.lv\/wp-content\/uploads\/2020\/07\/LOGO-ISTS.jpg\",\"contentUrl\":\"https:\/\/www.stikla-serviss.lv\/wp-content\/uploads\/2020\/07\/LOGO-ISTS.jpg\",\"width\":1860,\"height\":817,\"caption\":\"SIA \\\"STIKLA SERVISS\\\"\"},\"image\":{\"@id\":\"https:\/\/www.stikla-serviss.lv\/en\/#\/schema\/logo\/image\/\"}}]}<\/script>\n<!-- \/ Yoast SEO plugin. -->","yoast_head_json":{"title":"TINTED FLOAT GLASS - Planibel Grey - STIKLA SERVISS","description":"TINTED FLOAT GLASS - Planibel Grey - STIKLA SERVISS","robots":{"index":"index","follow":"follow","max-snippet":"max-snippet:-1","max-image-preview":"max-image-preview:large","max-video-preview":"max-video-preview:-1"},"canonical":"https:\/\/www.stikla-serviss.lv\/en\/product\/masa-tonets-float-stikls-planibel-grey\/","og_locale":"en_US","og_type":"article","og_title":"TINTED FLOAT GLASS - Planibel Grey - STIKLA SERVISS","og_description":"TINTED FLOAT GLASS - Planibel Grey - STIKLA SERVISS","og_url":"https:\/\/www.stikla-serviss.lv\/en\/product\/masa-tonets-float-stikls-planibel-grey\/","og_site_name":"STIKLA SERVISS","article_modified_time":"2024-05-20T09:34:58+00:00","og_image":[{"width":556,"height":284,"url":"https:\/\/www.stikla-serviss.lv\/wp-content\/uploads\/2020\/05\/masa-tonets-float-stikls-Planibel-Grey.jpg","type":"image\/jpeg"}],"twitter_card":"summary_large_image","twitter_misc":{"Est. reading time":"1 minute"},"schema":{"@context":"https:\/\/schema.org","@graph":[{"@type":"WebPage","@id":"https:\/\/www.stikla-serviss.lv\/en\/product\/masa-tonets-float-stikls-planibel-grey\/","url":"https:\/\/www.stikla-serviss.lv\/en\/product\/masa-tonets-float-stikls-planibel-grey\/","name":"TINTED FLOAT GLASS - Planibel Grey - STIKLA SERVISS","isPartOf":{"@id":"https:\/\/www.stikla-serviss.lv\/en\/#website"},"primaryImageOfPage":{"@id":"https:\/\/www.stikla-serviss.lv\/en\/product\/masa-tonets-float-stikls-planibel-grey\/#primaryimage"},"image":{"@id":"https:\/\/www.stikla-serviss.lv\/en\/product\/masa-tonets-float-stikls-planibel-grey\/#primaryimage"},"thumbnailUrl":"https:\/\/www.stikla-serviss.lv\/wp-content\/uploads\/2020\/05\/masa-tonets-float-stikls-Planibel-Grey.jpg","datePublished":"2020-12-04T12:05:30+00:00","dateModified":"2024-05-20T09:34:58+00:00","description":"TINTED FLOAT GLASS - Planibel Grey - STIKLA SERVISS","breadcrumb":{"@id":"https:\/\/www.stikla-serviss.lv\/en\/product\/masa-tonets-float-stikls-planibel-grey\/#breadcrumb"},"inLanguage":"en-US","potentialAction":[{"@type":"ReadAction","target":["https:\/\/www.stikla-serviss.lv\/en\/product\/masa-tonets-float-stikls-planibel-grey\/"]}]},{"@type":"ImageObject","inLanguage":"en-US","@id":"https:\/\/www.stikla-serviss.lv\/en\/product\/masa-tonets-float-stikls-planibel-grey\/#primaryimage","url":"https:\/\/www.stikla-serviss.lv\/wp-content\/uploads\/2020\/05\/masa-tonets-float-stikls-Planibel-Grey.jpg","contentUrl":"https:\/\/www.stikla-serviss.lv\/wp-content\/uploads\/2020\/05\/masa-tonets-float-stikls-Planibel-Grey.jpg","width":556,"height":284},{"@type":"BreadcrumbList","@id":"https:\/\/www.stikla-serviss.lv\/en\/product\/masa-tonets-float-stikls-planibel-grey\/#breadcrumb","itemListElement":[{"@type":"ListItem","position":1,"name":"Home","item":"https:\/\/www.stikla-serviss.lv\/en\/"},{"@type":"ListItem","position":2,"name":"PRODUCTS","item":"https:\/\/www.stikla-serviss.lv\/en\/produkti\/"},{"@type":"ListItem","position":3,"name":"TINTED FLOAT GLASS &#8211; Planibel Grey"}]},{"@type":"WebSite","@id":"https:\/\/www.stikla-serviss.lv\/en\/#website","url":"https:\/\/www.stikla-serviss.lv\/en\/","name":"STIKLA SERVISS","description":"Stikla tirdzniec\u012bbas un stikla izstr\u0101d\u0101jumu ra\u017eo\u0161anas uz\u0146\u0113mums","publisher":{"@id":"https:\/\/www.stikla-serviss.lv\/en\/#organization"},"potentialAction":[{"@type":"SearchAction","target":{"@type":"EntryPoint","urlTemplate":"https:\/\/www.stikla-serviss.lv\/en\/?s={search_term_string}"},"query-input":{"@type":"PropertyValueSpecification","valueRequired":true,"valueName":"search_term_string"}}],"inLanguage":"en-US"},{"@type":"Organization","@id":"https:\/\/www.stikla-serviss.lv\/en\/#organization","name":"SIA \"STIKLA SERVISS\"","url":"https:\/\/www.stikla-serviss.lv\/en\/","logo":{"@type":"ImageObject","inLanguage":"en-US","@id":"https:\/\/www.stikla-serviss.lv\/en\/#\/schema\/logo\/image\/","url":"https:\/\/www.stikla-serviss.lv\/wp-content\/uploads\/2020\/07\/LOGO-ISTS.jpg","contentUrl":"https:\/\/www.stikla-serviss.lv\/wp-content\/uploads\/2020\/07\/LOGO-ISTS.jpg","width":1860,"height":817,"caption":"SIA \"STIKLA SERVISS\""},"image":{"@id":"https:\/\/www.stikla-serviss.lv\/en\/#\/schema\/logo\/image\/"}}]}},"_links":{"self":[{"href":"https:\/\/www.stikla-serviss.lv\/en\/wp-json\/wp\/v2\/product\/5712","targetHints":{"allow":["GET"]}}],"collection":[{"href":"https:\/\/www.stikla-serviss.lv\/en\/wp-json\/wp\/v2\/product"}],"about":[{"href":"https:\/\/www.stikla-serviss.lv\/en\/wp-json\/wp\/v2\/types\/product"}],"wp:featuredmedia":[{"embeddable":true,"href":"https:\/\/www.stikla-serviss.lv\/en\/wp-json\/wp\/v2\/media\/5713"}],"wp:attachment":[{"href":"https:\/\/www.stikla-serviss.lv\/en\/wp-json\/wp\/v2\/media?parent=5712"}],"wp:term":[{"taxonomy":"product_brand","embeddable":true,"href":"https:\/\/www.stikla-serviss.lv\/en\/wp-json\/wp\/v2\/product_brand?post=5712"},{"taxonomy":"product_cat","embeddable":true,"href":"https:\/\/www.stikla-serviss.lv\/en\/wp-json\/wp\/v2\/product_cat?post=5712"},{"taxonomy":"product_tag","embeddable":true,"href":"https:\/\/www.stikla-serviss.lv\/en\/wp-json\/wp\/v2\/product_tag?post=5712"}],"curies":[{"name":"wp","href":"https:\/\/api.w.org\/{rel}","templated":true}]}}