{"id":5882,"date":"2020-12-03T16:10:29","date_gmt":"2020-12-03T14:10:29","guid":{"rendered":"https:\/\/www.stikla-serviss.lv\/product\/krasotie-stikli-lacobel-lacomat-lacobel-pastel-blue-1603\/"},"modified":"2024-05-20T13:03:58","modified_gmt":"2024-05-20T10:03:58","slug":"krasotie-stikli-lacobel-lacomat-lacobel-pastel-blue-1603","status":"publish","type":"product","link":"https:\/\/www.stikla-serviss.lv\/en\/product\/krasotie-stikli-lacobel-lacomat-lacobel-pastel-blue-1603\/","title":{"rendered":"PAINTED GLASS &#8211; LACOBEL, LACOMAT &#8211; LACOBEL Pastel Blue (1603)"},"content":{"rendered":"<p>&nbsp;<\/p>\n<table style=\"border-collapse: collapse; width: 100%; height: 243px;\">\n<tbody>\n<tr>\n<td style=\"width: 49.916%;\" width=\"564\">Assortment \u2013 sheets of the specified sizes can be cut to the required sizes<\/p>\n<table width=\"50%\">\n<tbody>\n<tr>\n<td width=\"54%\">Glass thickness:<\/td>\n<td width=\"45%\">4mm<\/td>\n<\/tr>\n<tr>\n<td width=\"54%\">Glass size:<\/td>\n<td width=\"45%\">1605x2550mm<\/td>\n<\/tr>\n<\/tbody>\n<\/table>\n<\/td>\n<td style=\"width: 50%; vertical-align: top; height: 243px;\"><div class=\"row\"  id=\"row-1343389105\">\r\n\r\n\n\t<div id=\"col-1794472134\" class=\"col medium-6 small-12 large-6\"  >\n\t\t\t\t<div class=\"col-inner\"  >\n\t\t\t\n\t\t\t\r\n<p style=\"text-align: right;\">M\u0100RIS BUTLERS<\/p>\r\n<p style=\"text-align: right;\">Sales manager<\/p>\r\n<p style=\"text-align: right;\">\u00a0+371 67472933<\/p>\r\n<p style=\"text-align: right;\">+371 29463776<\/p>\r\n<p style=\"text-align: right;\"><a id=\"contact_email_4\" href=\"mailto:maris@stikla-serviss.lv\">maris@stikla-serviss.lv<\/a><\/p>\r\n<p style=\"text-align: right;\"><a id=\"contact_email_4\" href=\"mailto:info@stikla-serviss.lv\">info@stikla-serviss.lv<\/a><\/p>\r\n\t\t<\/div>\n\t\t\t\t\t<\/div>\n\n\t\r\n\n\t<div id=\"col-47400167\" class=\"col medium-6 small-12 large-6\"  >\n\t\t\t\t<div class=\"col-inner\"  >\n\t\t\t\n\t\t\t\r\n\r\n\t<div class=\"img has-hover x md-x lg-x y md-y lg-y\" id=\"image_927561033\">\n\t\t\t\t\t\t\t\t<div class=\"img-inner dark\" >\n\t\t\t<img loading=\"lazy\" decoding=\"async\" width=\"785\" height=\"800\" src=\"https:\/\/www.stikla-serviss.lv\/wp-content\/uploads\/2021\/03\/foto_LaumaKalnina-0053-scaled-e1614866288815-785x800.jpg\" class=\"attachment-large size-large\" alt=\"\" srcset=\"https:\/\/www.stikla-serviss.lv\/wp-content\/uploads\/2021\/03\/foto_LaumaKalnina-0053-scaled-e1614866288815-785x800.jpg 785w, https:\/\/www.stikla-serviss.lv\/wp-content\/uploads\/2021\/03\/foto_LaumaKalnina-0053-scaled-e1614866288815-510x520.jpg 510w, https:\/\/www.stikla-serviss.lv\/wp-content\/uploads\/2021\/03\/foto_LaumaKalnina-0053-scaled-e1614866288815-392x400.jpg 392w, https:\/\/www.stikla-serviss.lv\/wp-content\/uploads\/2021\/03\/foto_LaumaKalnina-0053-scaled-e1614866288815-768x783.jpg 768w, https:\/\/www.stikla-serviss.lv\/wp-content\/uploads\/2021\/03\/foto_LaumaKalnina-0053-scaled-e1614866288815-1507x1536.jpg 1507w, https:\/\/www.stikla-serviss.lv\/wp-content\/uploads\/2021\/03\/foto_LaumaKalnina-0053-scaled-e1614866288815.jpg 1707w\" sizes=\"auto, (max-width: 785px) 100vw, 785px\" \/>\t\t\t\t\t\t\n\t\t\t\t\t<\/div>\n\t\t\t\t\t\t\t\t\n<style>\n#image_927561033 {\n  width: 100%;\n}\n<\/style>\n\t<\/div>\n\t\r\n\r\n\t\t<\/div>\n\t\t\t\t\t<\/div>\n\n\t\r\n\r\n<\/div><\/td>\n<\/tr>\n<\/tbody>\n<\/table>\n<div><\/div>\n<div><\/div>\n","protected":false},"excerpt":{"rendered":"<p>LACOBEL \u2013 glass that has been industrially coated with high-quality paint that is friendly to people and the environment.<\/p>\n<p>We offer LACOBEL painted glass 4 mm thick with SAFE safety film applied.<\/p>\n","protected":false},"featured_media":5883,"template":"","meta":[],"product_brand":[],"product_cat":[256,281],"product_tag":[],"class_list":{"0":"post-5882","1":"product","2":"type-product","3":"status-publish","4":"has-post-thumbnail","6":"product_cat-sheet-glass-and-sheet-mirrors","7":"product_cat-painted-glass-lacobel-lacomat","9":"first","10":"instock","11":"shipping-taxable","12":"product-type-simple"},"yoast_head":"<!-- This site is optimized with the Yoast SEO plugin v27.1.1 - https:\/\/yoast.com\/product\/yoast-seo-wordpress\/ -->\n<title>PAINTED GLASS - LACOBEL, LACOMAT - LACOBEL Pastel Blue (1603) - STIKLA SERVISS<\/title>\n<meta name=\"description\" content=\"PAINTED GLASS - LACOBEL, LACOMAT - LACOBEL Pastel Blue (1603) - STIKLA SERVISS\" \/>\n<meta name=\"robots\" content=\"index, follow, max-snippet:-1, max-image-preview:large, max-video-preview:-1\" \/>\n<link rel=\"canonical\" href=\"https:\/\/www.stikla-serviss.lv\/en\/product\/krasotie-stikli-lacobel-lacomat-lacobel-pastel-blue-1603\/\" \/>\n<meta property=\"og:locale\" content=\"en_US\" \/>\n<meta property=\"og:type\" content=\"article\" \/>\n<meta property=\"og:title\" content=\"PAINTED GLASS - LACOBEL, LACOMAT - LACOBEL Pastel Blue (1603) - STIKLA SERVISS\" \/>\n<meta property=\"og:description\" content=\"PAINTED GLASS - LACOBEL, LACOMAT - LACOBEL Pastel Blue (1603) - STIKLA SERVISS\" \/>\n<meta property=\"og:url\" content=\"https:\/\/www.stikla-serviss.lv\/en\/product\/krasotie-stikli-lacobel-lacomat-lacobel-pastel-blue-1603\/\" \/>\n<meta property=\"og:site_name\" content=\"STIKLA SERVISS\" \/>\n<meta property=\"article:modified_time\" content=\"2024-05-20T10:03:58+00:00\" \/>\n<meta property=\"og:image\" content=\"https:\/\/www.stikla-serviss.lv\/wp-content\/uploads\/2020\/07\/KRASOTIE-STIKLI-LACOBEL-LACOMAT-LACOBEL-Pastel-Blue-1603.jpg\" \/>\n\t<meta property=\"og:image:width\" content=\"800\" \/>\n\t<meta property=\"og:image:height\" content=\"533\" \/>\n\t<meta property=\"og:image:type\" content=\"image\/jpeg\" \/>\n<meta name=\"twitter:card\" content=\"summary_large_image\" \/>\n<script type=\"application\/ld+json\" class=\"yoast-schema-graph\">{\"@context\":\"https:\/\/schema.org\",\"@graph\":[{\"@type\":\"WebPage\",\"@id\":\"https:\/\/www.stikla-serviss.lv\/en\/product\/krasotie-stikli-lacobel-lacomat-lacobel-pastel-blue-1603\/\",\"url\":\"https:\/\/www.stikla-serviss.lv\/en\/product\/krasotie-stikli-lacobel-lacomat-lacobel-pastel-blue-1603\/\",\"name\":\"PAINTED GLASS - LACOBEL, LACOMAT - LACOBEL Pastel Blue (1603) - STIKLA SERVISS\",\"isPartOf\":{\"@id\":\"https:\/\/www.stikla-serviss.lv\/en\/#website\"},\"primaryImageOfPage\":{\"@id\":\"https:\/\/www.stikla-serviss.lv\/en\/product\/krasotie-stikli-lacobel-lacomat-lacobel-pastel-blue-1603\/#primaryimage\"},\"image\":{\"@id\":\"https:\/\/www.stikla-serviss.lv\/en\/product\/krasotie-stikli-lacobel-lacomat-lacobel-pastel-blue-1603\/#primaryimage\"},\"thumbnailUrl\":\"https:\/\/www.stikla-serviss.lv\/wp-content\/uploads\/2020\/07\/KRASOTIE-STIKLI-LACOBEL-LACOMAT-LACOBEL-Pastel-Blue-1603.jpg\",\"datePublished\":\"2020-12-03T14:10:29+00:00\",\"dateModified\":\"2024-05-20T10:03:58+00:00\",\"description\":\"PAINTED GLASS - LACOBEL, LACOMAT - LACOBEL Pastel Blue (1603) - STIKLA SERVISS\",\"breadcrumb\":{\"@id\":\"https:\/\/www.stikla-serviss.lv\/en\/product\/krasotie-stikli-lacobel-lacomat-lacobel-pastel-blue-1603\/#breadcrumb\"},\"inLanguage\":\"en-US\",\"potentialAction\":[{\"@type\":\"ReadAction\",\"target\":[\"https:\/\/www.stikla-serviss.lv\/en\/product\/krasotie-stikli-lacobel-lacomat-lacobel-pastel-blue-1603\/\"]}]},{\"@type\":\"ImageObject\",\"inLanguage\":\"en-US\",\"@id\":\"https:\/\/www.stikla-serviss.lv\/en\/product\/krasotie-stikli-lacobel-lacomat-lacobel-pastel-blue-1603\/#primaryimage\",\"url\":\"https:\/\/www.stikla-serviss.lv\/wp-content\/uploads\/2020\/07\/KRASOTIE-STIKLI-LACOBEL-LACOMAT-LACOBEL-Pastel-Blue-1603.jpg\",\"contentUrl\":\"https:\/\/www.stikla-serviss.lv\/wp-content\/uploads\/2020\/07\/KRASOTIE-STIKLI-LACOBEL-LACOMAT-LACOBEL-Pastel-Blue-1603.jpg\",\"width\":800,\"height\":533,\"caption\":\"KRASOTIE-STIKLI-LACOBEL-LACOMAT-LACOBEL-Pastel-Blue-1603\"},{\"@type\":\"BreadcrumbList\",\"@id\":\"https:\/\/www.stikla-serviss.lv\/en\/product\/krasotie-stikli-lacobel-lacomat-lacobel-pastel-blue-1603\/#breadcrumb\",\"itemListElement\":[{\"@type\":\"ListItem\",\"position\":1,\"name\":\"Home\",\"item\":\"https:\/\/www.stikla-serviss.lv\/en\/\"},{\"@type\":\"ListItem\",\"position\":2,\"name\":\"PRODUCTS\",\"item\":\"https:\/\/www.stikla-serviss.lv\/en\/produkti\/\"},{\"@type\":\"ListItem\",\"position\":3,\"name\":\"PAINTED GLASS &#8211; LACOBEL, LACOMAT &#8211; LACOBEL Pastel Blue (1603)\"}]},{\"@type\":\"WebSite\",\"@id\":\"https:\/\/www.stikla-serviss.lv\/en\/#website\",\"url\":\"https:\/\/www.stikla-serviss.lv\/en\/\",\"name\":\"STIKLA SERVISS\",\"description\":\"Stikla tirdzniec\u012bbas un stikla izstr\u0101d\u0101jumu ra\u017eo\u0161anas uz\u0146\u0113mums\",\"publisher\":{\"@id\":\"https:\/\/www.stikla-serviss.lv\/en\/#organization\"},\"potentialAction\":[{\"@type\":\"SearchAction\",\"target\":{\"@type\":\"EntryPoint\",\"urlTemplate\":\"https:\/\/www.stikla-serviss.lv\/en\/?s={search_term_string}\"},\"query-input\":{\"@type\":\"PropertyValueSpecification\",\"valueRequired\":true,\"valueName\":\"search_term_string\"}}],\"inLanguage\":\"en-US\"},{\"@type\":\"Organization\",\"@id\":\"https:\/\/www.stikla-serviss.lv\/en\/#organization\",\"name\":\"SIA \\\"STIKLA SERVISS\\\"\",\"url\":\"https:\/\/www.stikla-serviss.lv\/en\/\",\"logo\":{\"@type\":\"ImageObject\",\"inLanguage\":\"en-US\",\"@id\":\"https:\/\/www.stikla-serviss.lv\/en\/#\/schema\/logo\/image\/\",\"url\":\"https:\/\/www.stikla-serviss.lv\/wp-content\/uploads\/2020\/07\/LOGO-ISTS.jpg\",\"contentUrl\":\"https:\/\/www.stikla-serviss.lv\/wp-content\/uploads\/2020\/07\/LOGO-ISTS.jpg\",\"width\":1860,\"height\":817,\"caption\":\"SIA \\\"STIKLA SERVISS\\\"\"},\"image\":{\"@id\":\"https:\/\/www.stikla-serviss.lv\/en\/#\/schema\/logo\/image\/\"}}]}<\/script>\n<!-- \/ Yoast SEO plugin. -->","yoast_head_json":{"title":"PAINTED GLASS - LACOBEL, LACOMAT - LACOBEL Pastel Blue (1603) - STIKLA SERVISS","description":"PAINTED GLASS - LACOBEL, LACOMAT - LACOBEL Pastel Blue (1603) - STIKLA SERVISS","robots":{"index":"index","follow":"follow","max-snippet":"max-snippet:-1","max-image-preview":"max-image-preview:large","max-video-preview":"max-video-preview:-1"},"canonical":"https:\/\/www.stikla-serviss.lv\/en\/product\/krasotie-stikli-lacobel-lacomat-lacobel-pastel-blue-1603\/","og_locale":"en_US","og_type":"article","og_title":"PAINTED GLASS - LACOBEL, LACOMAT - LACOBEL Pastel Blue (1603) - STIKLA SERVISS","og_description":"PAINTED GLASS - LACOBEL, LACOMAT - LACOBEL Pastel Blue (1603) - STIKLA SERVISS","og_url":"https:\/\/www.stikla-serviss.lv\/en\/product\/krasotie-stikli-lacobel-lacomat-lacobel-pastel-blue-1603\/","og_site_name":"STIKLA SERVISS","article_modified_time":"2024-05-20T10:03:58+00:00","og_image":[{"width":800,"height":533,"url":"https:\/\/www.stikla-serviss.lv\/wp-content\/uploads\/2020\/07\/KRASOTIE-STIKLI-LACOBEL-LACOMAT-LACOBEL-Pastel-Blue-1603.jpg","type":"image\/jpeg"}],"twitter_card":"summary_large_image","schema":{"@context":"https:\/\/schema.org","@graph":[{"@type":"WebPage","@id":"https:\/\/www.stikla-serviss.lv\/en\/product\/krasotie-stikli-lacobel-lacomat-lacobel-pastel-blue-1603\/","url":"https:\/\/www.stikla-serviss.lv\/en\/product\/krasotie-stikli-lacobel-lacomat-lacobel-pastel-blue-1603\/","name":"PAINTED GLASS - LACOBEL, LACOMAT - LACOBEL Pastel Blue (1603) - STIKLA SERVISS","isPartOf":{"@id":"https:\/\/www.stikla-serviss.lv\/en\/#website"},"primaryImageOfPage":{"@id":"https:\/\/www.stikla-serviss.lv\/en\/product\/krasotie-stikli-lacobel-lacomat-lacobel-pastel-blue-1603\/#primaryimage"},"image":{"@id":"https:\/\/www.stikla-serviss.lv\/en\/product\/krasotie-stikli-lacobel-lacomat-lacobel-pastel-blue-1603\/#primaryimage"},"thumbnailUrl":"https:\/\/www.stikla-serviss.lv\/wp-content\/uploads\/2020\/07\/KRASOTIE-STIKLI-LACOBEL-LACOMAT-LACOBEL-Pastel-Blue-1603.jpg","datePublished":"2020-12-03T14:10:29+00:00","dateModified":"2024-05-20T10:03:58+00:00","description":"PAINTED GLASS - LACOBEL, LACOMAT - LACOBEL Pastel Blue (1603) - STIKLA SERVISS","breadcrumb":{"@id":"https:\/\/www.stikla-serviss.lv\/en\/product\/krasotie-stikli-lacobel-lacomat-lacobel-pastel-blue-1603\/#breadcrumb"},"inLanguage":"en-US","potentialAction":[{"@type":"ReadAction","target":["https:\/\/www.stikla-serviss.lv\/en\/product\/krasotie-stikli-lacobel-lacomat-lacobel-pastel-blue-1603\/"]}]},{"@type":"ImageObject","inLanguage":"en-US","@id":"https:\/\/www.stikla-serviss.lv\/en\/product\/krasotie-stikli-lacobel-lacomat-lacobel-pastel-blue-1603\/#primaryimage","url":"https:\/\/www.stikla-serviss.lv\/wp-content\/uploads\/2020\/07\/KRASOTIE-STIKLI-LACOBEL-LACOMAT-LACOBEL-Pastel-Blue-1603.jpg","contentUrl":"https:\/\/www.stikla-serviss.lv\/wp-content\/uploads\/2020\/07\/KRASOTIE-STIKLI-LACOBEL-LACOMAT-LACOBEL-Pastel-Blue-1603.jpg","width":800,"height":533,"caption":"KRASOTIE-STIKLI-LACOBEL-LACOMAT-LACOBEL-Pastel-Blue-1603"},{"@type":"BreadcrumbList","@id":"https:\/\/www.stikla-serviss.lv\/en\/product\/krasotie-stikli-lacobel-lacomat-lacobel-pastel-blue-1603\/#breadcrumb","itemListElement":[{"@type":"ListItem","position":1,"name":"Home","item":"https:\/\/www.stikla-serviss.lv\/en\/"},{"@type":"ListItem","position":2,"name":"PRODUCTS","item":"https:\/\/www.stikla-serviss.lv\/en\/produkti\/"},{"@type":"ListItem","position":3,"name":"PAINTED GLASS &#8211; LACOBEL, LACOMAT &#8211; LACOBEL Pastel Blue (1603)"}]},{"@type":"WebSite","@id":"https:\/\/www.stikla-serviss.lv\/en\/#website","url":"https:\/\/www.stikla-serviss.lv\/en\/","name":"STIKLA SERVISS","description":"Stikla tirdzniec\u012bbas un stikla izstr\u0101d\u0101jumu ra\u017eo\u0161anas uz\u0146\u0113mums","publisher":{"@id":"https:\/\/www.stikla-serviss.lv\/en\/#organization"},"potentialAction":[{"@type":"SearchAction","target":{"@type":"EntryPoint","urlTemplate":"https:\/\/www.stikla-serviss.lv\/en\/?s={search_term_string}"},"query-input":{"@type":"PropertyValueSpecification","valueRequired":true,"valueName":"search_term_string"}}],"inLanguage":"en-US"},{"@type":"Organization","@id":"https:\/\/www.stikla-serviss.lv\/en\/#organization","name":"SIA \"STIKLA SERVISS\"","url":"https:\/\/www.stikla-serviss.lv\/en\/","logo":{"@type":"ImageObject","inLanguage":"en-US","@id":"https:\/\/www.stikla-serviss.lv\/en\/#\/schema\/logo\/image\/","url":"https:\/\/www.stikla-serviss.lv\/wp-content\/uploads\/2020\/07\/LOGO-ISTS.jpg","contentUrl":"https:\/\/www.stikla-serviss.lv\/wp-content\/uploads\/2020\/07\/LOGO-ISTS.jpg","width":1860,"height":817,"caption":"SIA \"STIKLA SERVISS\""},"image":{"@id":"https:\/\/www.stikla-serviss.lv\/en\/#\/schema\/logo\/image\/"}}]}},"_links":{"self":[{"href":"https:\/\/www.stikla-serviss.lv\/en\/wp-json\/wp\/v2\/product\/5882","targetHints":{"allow":["GET"]}}],"collection":[{"href":"https:\/\/www.stikla-serviss.lv\/en\/wp-json\/wp\/v2\/product"}],"about":[{"href":"https:\/\/www.stikla-serviss.lv\/en\/wp-json\/wp\/v2\/types\/product"}],"wp:featuredmedia":[{"embeddable":true,"href":"https:\/\/www.stikla-serviss.lv\/en\/wp-json\/wp\/v2\/media\/5883"}],"wp:attachment":[{"href":"https:\/\/www.stikla-serviss.lv\/en\/wp-json\/wp\/v2\/media?parent=5882"}],"wp:term":[{"taxonomy":"product_brand","embeddable":true,"href":"https:\/\/www.stikla-serviss.lv\/en\/wp-json\/wp\/v2\/product_brand?post=5882"},{"taxonomy":"product_cat","embeddable":true,"href":"https:\/\/www.stikla-serviss.lv\/en\/wp-json\/wp\/v2\/product_cat?post=5882"},{"taxonomy":"product_tag","embeddable":true,"href":"https:\/\/www.stikla-serviss.lv\/en\/wp-json\/wp\/v2\/product_tag?post=5882"}],"curies":[{"name":"wp","href":"https:\/\/api.w.org\/{rel}","templated":true}]}}