{"id":5924,"date":"2020-12-03T14:30:46","date_gmt":"2020-12-03T12:30:46","guid":{"rendered":"https:\/\/www.stikla-serviss.lv\/product\/vilktais-stikls-restauracijai-fourcault-process\/"},"modified":"2025-06-30T09:24:34","modified_gmt":"2025-06-30T06:24:34","slug":"vilktais-stikls-restauracijai-fourcault-process","status":"publish","type":"product","link":"https:\/\/www.stikla-serviss.lv\/en\/product\/vilktais-stikls-restauracijai-fourcault-process\/","title":{"rendered":"DRAWN GLASS RESTORATION (FOURCAULT PROCESS)"},"content":{"rendered":"<p>&nbsp;<\/p>\n<table style=\"border-collapse: collapse; width: 100%; height: 243px;\">\n<tbody>\n<tr style=\"height: 243px;\">\n<td style=\"width: 50%; vertical-align: top; height: 243px;\">\n<div>\n<p>Assortment \u2013 sheets of the specified sizes can be cut to the required sizes<\/p>\n<\/div>\n<div>\n<table style=\"width: 50.6618%; height: 115px;\" border=\"0\" width=\"212\" cellspacing=\"0\" cellpadding=\"0\">\n<colgroup>\n<col width=\"105\" \/>\n<col width=\"107\" \/><\/colgroup>\n<tbody>\n<tr style=\"height: 21px;\">\n<td class=\"xl65\" style=\"width: 33.7662%; height: 21px;\" width=\"105\" height=\"21\">3mm<\/td>\n<td class=\"xl65\" style=\"width: 65.368%; height: 21px;\" width=\"185\">1300x1800mm<\/td>\n<\/tr>\n<tr style=\"height: 21px;\">\n<td class=\"xl65\" style=\"width: 33.7662%; height: 21px;\" height=\"21\"><\/td>\n<td class=\"xl65\" style=\"width: 65.368%; height: 21px;\">1605x2000mm<\/td>\n<\/tr>\n<tr style=\"height: 21px;\">\n<td style=\"width: 33.7662%; height: 21px;\" height=\"21\"><\/td>\n<td style=\"width: 65.368%; height: 21px;\"><\/td>\n<\/tr>\n<tr style=\"height: 21px;\">\n<td class=\"xl65\" style=\"width: 33.7662%; height: 21px;\" height=\"21\">4mm<\/td>\n<td class=\"xl65\" style=\"width: 65.368%; height: 21px;\">1300x1000mm<\/td>\n<\/tr>\n<tr style=\"height: 21px;\">\n<td class=\"xl65\" style=\"width: 33.7662%; height: 21px;\" height=\"21\"><\/td>\n<td class=\"xl65\" style=\"width: 65.368%; height: 21px;\">1300x2000mm<\/td>\n<\/tr>\n<\/tbody>\n<\/table>\n<\/div>\n<\/td>\n<td style=\"width: 50%; vertical-align: top; height: 243px;\"><div class=\"row\"  id=\"row-834885378\">\r\n\r\n\n\t<div id=\"col-1169200184\" class=\"col medium-6 small-12 large-6\"  >\n\t\t\t\t<div class=\"col-inner\"  >\n\t\t\t\n\t\t\t\r\n<p style=\"text-align: right;\">M\u0100RIS BUTLERS<\/p>\r\n<p style=\"text-align: right;\">Sales manager<\/p>\r\n<p style=\"text-align: right;\">\u00a0+371 67472933<\/p>\r\n<p style=\"text-align: right;\">+371 29463776<\/p>\r\n<p style=\"text-align: right;\"><a id=\"contact_email_4\" href=\"mailto:maris@stikla-serviss.lv\">maris@stikla-serviss.lv<\/a><\/p>\r\n<p style=\"text-align: right;\"><a id=\"contact_email_4\" href=\"mailto:info@stikla-serviss.lv\">info@stikla-serviss.lv<\/a><\/p>\r\n\t\t<\/div>\n\t\t\t\t\t<\/div>\n\n\t\r\n\n\t<div id=\"col-577163948\" class=\"col medium-6 small-12 large-6\"  >\n\t\t\t\t<div class=\"col-inner\"  >\n\t\t\t\n\t\t\t\r\n\r\n\t<div class=\"img has-hover x md-x lg-x y md-y lg-y\" id=\"image_1282012811\">\n\t\t\t\t\t\t\t\t<div class=\"img-inner dark\" >\n\t\t\t<img loading=\"lazy\" decoding=\"async\" width=\"785\" height=\"800\" src=\"https:\/\/www.stikla-serviss.lv\/wp-content\/uploads\/2021\/03\/foto_LaumaKalnina-0053-scaled-e1614866288815-785x800.jpg\" class=\"attachment-large size-large\" alt=\"\" srcset=\"https:\/\/www.stikla-serviss.lv\/wp-content\/uploads\/2021\/03\/foto_LaumaKalnina-0053-scaled-e1614866288815-785x800.jpg 785w, https:\/\/www.stikla-serviss.lv\/wp-content\/uploads\/2021\/03\/foto_LaumaKalnina-0053-scaled-e1614866288815-510x520.jpg 510w, https:\/\/www.stikla-serviss.lv\/wp-content\/uploads\/2021\/03\/foto_LaumaKalnina-0053-scaled-e1614866288815-392x400.jpg 392w, https:\/\/www.stikla-serviss.lv\/wp-content\/uploads\/2021\/03\/foto_LaumaKalnina-0053-scaled-e1614866288815-768x783.jpg 768w, https:\/\/www.stikla-serviss.lv\/wp-content\/uploads\/2021\/03\/foto_LaumaKalnina-0053-scaled-e1614866288815-1507x1536.jpg 1507w, https:\/\/www.stikla-serviss.lv\/wp-content\/uploads\/2021\/03\/foto_LaumaKalnina-0053-scaled-e1614866288815.jpg 1707w\" sizes=\"auto, (max-width: 785px) 100vw, 785px\" \/>\t\t\t\t\t\t\n\t\t\t\t\t<\/div>\n\t\t\t\t\t\t\t\t\n<style>\n#image_1282012811 {\n  width: 100%;\n}\n<\/style>\n\t<\/div>\n\t\r\n\r\n\t\t<\/div>\n\t\t\t\t\t<\/div>\n\n\t\r\n\r\n<\/div><\/td>\n<\/tr>\n<\/tbody>\n<\/table>\n<div><\/div>\n<div><\/div>\n","protected":false},"excerpt":{"rendered":"<p>The fourcault process is a method of producing a vertical drawing of glass sheets.<\/p>\n","protected":false},"featured_media":5925,"template":"","meta":[],"product_brand":[],"product_cat":[256,291],"product_tag":[],"class_list":{"0":"post-5924","1":"product","2":"type-product","3":"status-publish","4":"has-post-thumbnail","6":"product_cat-sheet-glass-and-sheet-mirrors","7":"product_cat-drawn-glass-restoration-fourcault-process","9":"first","10":"instock","11":"shipping-taxable","12":"product-type-simple"},"yoast_head":"<!-- This site is optimized with the Yoast SEO plugin v27.1.1 - https:\/\/yoast.com\/product\/yoast-seo-wordpress\/ -->\n<title>DRAWN GLASS RESTORATION (FOURCAULT PROCESS) - STIKLA SERVISS<\/title>\n<meta name=\"description\" content=\"DRAWN GLASS RESTORATION (FOURCAULT PROCESS) - STIKLA SERVISS\" \/>\n<meta name=\"robots\" content=\"index, follow, max-snippet:-1, max-image-preview:large, max-video-preview:-1\" \/>\n<link rel=\"canonical\" href=\"https:\/\/www.stikla-serviss.lv\/en\/product\/vilktais-stikls-restauracijai-fourcault-process\/\" \/>\n<meta property=\"og:locale\" content=\"en_US\" \/>\n<meta property=\"og:type\" content=\"article\" \/>\n<meta property=\"og:title\" content=\"DRAWN GLASS RESTORATION (FOURCAULT PROCESS) - STIKLA SERVISS\" \/>\n<meta property=\"og:description\" content=\"DRAWN GLASS RESTORATION (FOURCAULT PROCESS) - STIKLA SERVISS\" \/>\n<meta property=\"og:url\" content=\"https:\/\/www.stikla-serviss.lv\/en\/product\/vilktais-stikls-restauracijai-fourcault-process\/\" \/>\n<meta property=\"og:site_name\" content=\"STIKLA SERVISS\" \/>\n<meta property=\"article:modified_time\" content=\"2025-06-30T06:24:34+00:00\" \/>\n<meta property=\"og:image\" content=\"https:\/\/www.stikla-serviss.lv\/wp-content\/uploads\/2020\/07\/VILKTAIS-STIKLS-RESTAURACIJAI-FOURCAULT-PROCESS.jpg\" \/>\n\t<meta property=\"og:image:width\" content=\"533\" \/>\n\t<meta property=\"og:image:height\" content=\"800\" \/>\n\t<meta property=\"og:image:type\" content=\"image\/jpeg\" \/>\n<meta name=\"twitter:card\" content=\"summary_large_image\" \/>\n<meta name=\"twitter:label1\" content=\"Est. reading time\" \/>\n\t<meta name=\"twitter:data1\" content=\"1 minute\" \/>\n<script type=\"application\/ld+json\" class=\"yoast-schema-graph\">{\"@context\":\"https:\/\/schema.org\",\"@graph\":[{\"@type\":\"WebPage\",\"@id\":\"https:\/\/www.stikla-serviss.lv\/en\/product\/vilktais-stikls-restauracijai-fourcault-process\/\",\"url\":\"https:\/\/www.stikla-serviss.lv\/en\/product\/vilktais-stikls-restauracijai-fourcault-process\/\",\"name\":\"DRAWN GLASS RESTORATION (FOURCAULT PROCESS) - STIKLA SERVISS\",\"isPartOf\":{\"@id\":\"https:\/\/www.stikla-serviss.lv\/en\/#website\"},\"primaryImageOfPage\":{\"@id\":\"https:\/\/www.stikla-serviss.lv\/en\/product\/vilktais-stikls-restauracijai-fourcault-process\/#primaryimage\"},\"image\":{\"@id\":\"https:\/\/www.stikla-serviss.lv\/en\/product\/vilktais-stikls-restauracijai-fourcault-process\/#primaryimage\"},\"thumbnailUrl\":\"https:\/\/www.stikla-serviss.lv\/wp-content\/uploads\/2020\/07\/VILKTAIS-STIKLS-RESTAURACIJAI-FOURCAULT-PROCESS.jpg\",\"datePublished\":\"2020-12-03T12:30:46+00:00\",\"dateModified\":\"2025-06-30T06:24:34+00:00\",\"description\":\"DRAWN GLASS RESTORATION (FOURCAULT PROCESS) - STIKLA SERVISS\",\"breadcrumb\":{\"@id\":\"https:\/\/www.stikla-serviss.lv\/en\/product\/vilktais-stikls-restauracijai-fourcault-process\/#breadcrumb\"},\"inLanguage\":\"en-US\",\"potentialAction\":[{\"@type\":\"ReadAction\",\"target\":[\"https:\/\/www.stikla-serviss.lv\/en\/product\/vilktais-stikls-restauracijai-fourcault-process\/\"]}]},{\"@type\":\"ImageObject\",\"inLanguage\":\"en-US\",\"@id\":\"https:\/\/www.stikla-serviss.lv\/en\/product\/vilktais-stikls-restauracijai-fourcault-process\/#primaryimage\",\"url\":\"https:\/\/www.stikla-serviss.lv\/wp-content\/uploads\/2020\/07\/VILKTAIS-STIKLS-RESTAURACIJAI-FOURCAULT-PROCESS.jpg\",\"contentUrl\":\"https:\/\/www.stikla-serviss.lv\/wp-content\/uploads\/2020\/07\/VILKTAIS-STIKLS-RESTAURACIJAI-FOURCAULT-PROCESS.jpg\",\"width\":533,\"height\":800,\"caption\":\"VILKTAIS-STIKLS-RESTAURACIJAI-FOURCAULT-PROCESS\"},{\"@type\":\"BreadcrumbList\",\"@id\":\"https:\/\/www.stikla-serviss.lv\/en\/product\/vilktais-stikls-restauracijai-fourcault-process\/#breadcrumb\",\"itemListElement\":[{\"@type\":\"ListItem\",\"position\":1,\"name\":\"Home\",\"item\":\"https:\/\/www.stikla-serviss.lv\/en\/\"},{\"@type\":\"ListItem\",\"position\":2,\"name\":\"PRODUCTS\",\"item\":\"https:\/\/www.stikla-serviss.lv\/en\/produkti\/\"},{\"@type\":\"ListItem\",\"position\":3,\"name\":\"DRAWN GLASS RESTORATION (FOURCAULT PROCESS)\"}]},{\"@type\":\"WebSite\",\"@id\":\"https:\/\/www.stikla-serviss.lv\/en\/#website\",\"url\":\"https:\/\/www.stikla-serviss.lv\/en\/\",\"name\":\"STIKLA SERVISS\",\"description\":\"Stikla tirdzniec\u012bbas un stikla izstr\u0101d\u0101jumu ra\u017eo\u0161anas uz\u0146\u0113mums\",\"publisher\":{\"@id\":\"https:\/\/www.stikla-serviss.lv\/en\/#organization\"},\"potentialAction\":[{\"@type\":\"SearchAction\",\"target\":{\"@type\":\"EntryPoint\",\"urlTemplate\":\"https:\/\/www.stikla-serviss.lv\/en\/?s={search_term_string}\"},\"query-input\":{\"@type\":\"PropertyValueSpecification\",\"valueRequired\":true,\"valueName\":\"search_term_string\"}}],\"inLanguage\":\"en-US\"},{\"@type\":\"Organization\",\"@id\":\"https:\/\/www.stikla-serviss.lv\/en\/#organization\",\"name\":\"SIA \\\"STIKLA SERVISS\\\"\",\"url\":\"https:\/\/www.stikla-serviss.lv\/en\/\",\"logo\":{\"@type\":\"ImageObject\",\"inLanguage\":\"en-US\",\"@id\":\"https:\/\/www.stikla-serviss.lv\/en\/#\/schema\/logo\/image\/\",\"url\":\"https:\/\/www.stikla-serviss.lv\/wp-content\/uploads\/2020\/07\/LOGO-ISTS.jpg\",\"contentUrl\":\"https:\/\/www.stikla-serviss.lv\/wp-content\/uploads\/2020\/07\/LOGO-ISTS.jpg\",\"width\":1860,\"height\":817,\"caption\":\"SIA \\\"STIKLA SERVISS\\\"\"},\"image\":{\"@id\":\"https:\/\/www.stikla-serviss.lv\/en\/#\/schema\/logo\/image\/\"}}]}<\/script>\n<!-- \/ Yoast SEO plugin. -->","yoast_head_json":{"title":"DRAWN GLASS RESTORATION (FOURCAULT PROCESS) - STIKLA SERVISS","description":"DRAWN GLASS RESTORATION (FOURCAULT PROCESS) - STIKLA SERVISS","robots":{"index":"index","follow":"follow","max-snippet":"max-snippet:-1","max-image-preview":"max-image-preview:large","max-video-preview":"max-video-preview:-1"},"canonical":"https:\/\/www.stikla-serviss.lv\/en\/product\/vilktais-stikls-restauracijai-fourcault-process\/","og_locale":"en_US","og_type":"article","og_title":"DRAWN GLASS RESTORATION (FOURCAULT PROCESS) - STIKLA SERVISS","og_description":"DRAWN GLASS RESTORATION (FOURCAULT PROCESS) - STIKLA SERVISS","og_url":"https:\/\/www.stikla-serviss.lv\/en\/product\/vilktais-stikls-restauracijai-fourcault-process\/","og_site_name":"STIKLA SERVISS","article_modified_time":"2025-06-30T06:24:34+00:00","og_image":[{"width":533,"height":800,"url":"https:\/\/www.stikla-serviss.lv\/wp-content\/uploads\/2020\/07\/VILKTAIS-STIKLS-RESTAURACIJAI-FOURCAULT-PROCESS.jpg","type":"image\/jpeg"}],"twitter_card":"summary_large_image","twitter_misc":{"Est. reading time":"1 minute"},"schema":{"@context":"https:\/\/schema.org","@graph":[{"@type":"WebPage","@id":"https:\/\/www.stikla-serviss.lv\/en\/product\/vilktais-stikls-restauracijai-fourcault-process\/","url":"https:\/\/www.stikla-serviss.lv\/en\/product\/vilktais-stikls-restauracijai-fourcault-process\/","name":"DRAWN GLASS RESTORATION (FOURCAULT PROCESS) - STIKLA SERVISS","isPartOf":{"@id":"https:\/\/www.stikla-serviss.lv\/en\/#website"},"primaryImageOfPage":{"@id":"https:\/\/www.stikla-serviss.lv\/en\/product\/vilktais-stikls-restauracijai-fourcault-process\/#primaryimage"},"image":{"@id":"https:\/\/www.stikla-serviss.lv\/en\/product\/vilktais-stikls-restauracijai-fourcault-process\/#primaryimage"},"thumbnailUrl":"https:\/\/www.stikla-serviss.lv\/wp-content\/uploads\/2020\/07\/VILKTAIS-STIKLS-RESTAURACIJAI-FOURCAULT-PROCESS.jpg","datePublished":"2020-12-03T12:30:46+00:00","dateModified":"2025-06-30T06:24:34+00:00","description":"DRAWN GLASS RESTORATION (FOURCAULT PROCESS) - STIKLA SERVISS","breadcrumb":{"@id":"https:\/\/www.stikla-serviss.lv\/en\/product\/vilktais-stikls-restauracijai-fourcault-process\/#breadcrumb"},"inLanguage":"en-US","potentialAction":[{"@type":"ReadAction","target":["https:\/\/www.stikla-serviss.lv\/en\/product\/vilktais-stikls-restauracijai-fourcault-process\/"]}]},{"@type":"ImageObject","inLanguage":"en-US","@id":"https:\/\/www.stikla-serviss.lv\/en\/product\/vilktais-stikls-restauracijai-fourcault-process\/#primaryimage","url":"https:\/\/www.stikla-serviss.lv\/wp-content\/uploads\/2020\/07\/VILKTAIS-STIKLS-RESTAURACIJAI-FOURCAULT-PROCESS.jpg","contentUrl":"https:\/\/www.stikla-serviss.lv\/wp-content\/uploads\/2020\/07\/VILKTAIS-STIKLS-RESTAURACIJAI-FOURCAULT-PROCESS.jpg","width":533,"height":800,"caption":"VILKTAIS-STIKLS-RESTAURACIJAI-FOURCAULT-PROCESS"},{"@type":"BreadcrumbList","@id":"https:\/\/www.stikla-serviss.lv\/en\/product\/vilktais-stikls-restauracijai-fourcault-process\/#breadcrumb","itemListElement":[{"@type":"ListItem","position":1,"name":"Home","item":"https:\/\/www.stikla-serviss.lv\/en\/"},{"@type":"ListItem","position":2,"name":"PRODUCTS","item":"https:\/\/www.stikla-serviss.lv\/en\/produkti\/"},{"@type":"ListItem","position":3,"name":"DRAWN GLASS RESTORATION (FOURCAULT PROCESS)"}]},{"@type":"WebSite","@id":"https:\/\/www.stikla-serviss.lv\/en\/#website","url":"https:\/\/www.stikla-serviss.lv\/en\/","name":"STIKLA SERVISS","description":"Stikla tirdzniec\u012bbas un stikla izstr\u0101d\u0101jumu ra\u017eo\u0161anas uz\u0146\u0113mums","publisher":{"@id":"https:\/\/www.stikla-serviss.lv\/en\/#organization"},"potentialAction":[{"@type":"SearchAction","target":{"@type":"EntryPoint","urlTemplate":"https:\/\/www.stikla-serviss.lv\/en\/?s={search_term_string}"},"query-input":{"@type":"PropertyValueSpecification","valueRequired":true,"valueName":"search_term_string"}}],"inLanguage":"en-US"},{"@type":"Organization","@id":"https:\/\/www.stikla-serviss.lv\/en\/#organization","name":"SIA \"STIKLA SERVISS\"","url":"https:\/\/www.stikla-serviss.lv\/en\/","logo":{"@type":"ImageObject","inLanguage":"en-US","@id":"https:\/\/www.stikla-serviss.lv\/en\/#\/schema\/logo\/image\/","url":"https:\/\/www.stikla-serviss.lv\/wp-content\/uploads\/2020\/07\/LOGO-ISTS.jpg","contentUrl":"https:\/\/www.stikla-serviss.lv\/wp-content\/uploads\/2020\/07\/LOGO-ISTS.jpg","width":1860,"height":817,"caption":"SIA \"STIKLA SERVISS\""},"image":{"@id":"https:\/\/www.stikla-serviss.lv\/en\/#\/schema\/logo\/image\/"}}]}},"_links":{"self":[{"href":"https:\/\/www.stikla-serviss.lv\/en\/wp-json\/wp\/v2\/product\/5924","targetHints":{"allow":["GET"]}}],"collection":[{"href":"https:\/\/www.stikla-serviss.lv\/en\/wp-json\/wp\/v2\/product"}],"about":[{"href":"https:\/\/www.stikla-serviss.lv\/en\/wp-json\/wp\/v2\/types\/product"}],"wp:featuredmedia":[{"embeddable":true,"href":"https:\/\/www.stikla-serviss.lv\/en\/wp-json\/wp\/v2\/media\/5925"}],"wp:attachment":[{"href":"https:\/\/www.stikla-serviss.lv\/en\/wp-json\/wp\/v2\/media?parent=5924"}],"wp:term":[{"taxonomy":"product_brand","embeddable":true,"href":"https:\/\/www.stikla-serviss.lv\/en\/wp-json\/wp\/v2\/product_brand?post=5924"},{"taxonomy":"product_cat","embeddable":true,"href":"https:\/\/www.stikla-serviss.lv\/en\/wp-json\/wp\/v2\/product_cat?post=5924"},{"taxonomy":"product_tag","embeddable":true,"href":"https:\/\/www.stikla-serviss.lv\/en\/wp-json\/wp\/v2\/product_tag?post=5924"}],"curies":[{"name":"wp","href":"https:\/\/api.w.org\/{rel}","templated":true}]}}