{"id":59380,"date":"2024-11-01T08:39:42","date_gmt":"2024-11-01T06:39:42","guid":{"rendered":"https:\/\/www.stikla-serviss.lv\/?post_type=product&#038;p=59380"},"modified":"2024-11-01T10:22:29","modified_gmt":"2024-11-01T08:22:29","slug":"glass-doors-sauna-door-modern","status":"publish","type":"product","link":"https:\/\/www.stikla-serviss.lv\/en\/product\/glass-doors-sauna-door-modern\/","title":{"rendered":"GLASS DOORS- SAUNA DOOR &#8211; MODERN"},"content":{"rendered":"<table style=\"border-collapse: collapse; width: 100%;\">\n<tbody>\n<tr>\n<td style=\"width: 50%; vertical-align: top;\">\n<table style=\"border-collapse: collapse; width: 100%; height: 285px;\">\n<tbody>\n<tr style=\"height: 107px;\">\n<td class=\"xl65\" style=\"width: 45.1754%; text-align: center; height: 107px;\" width=\"120\" height=\"21\">Doorway size, dm<\/td>\n<td class=\"xl65\" style=\"width: 27.193%; text-align: center; height: 107px;\" width=\"71\">Clear, EUR<\/td>\n<td style=\"width: 6.79825%; text-align: center; height: 107px;\" width=\"71\">Matte white, Bronze, Gray, EUR<\/td>\n<td style=\"width: 6.79825%; text-align: center;\">Extra clear<\/td>\n<td style=\"width: 13.5965%; text-align: center;\">Matt extra clear<\/td>\n<\/tr>\n<tr style=\"height: 21px;\">\n<td class=\"xl66\" style=\"width: 45.1754%; text-align: center; height: 21px;\" height=\"20\">7\u00d719<\/td>\n<td class=\"xl67\" style=\"width: 27.193%; text-align: center; height: 21px;\">711<\/td>\n<td class=\"xl67\" style=\"width: 6.79825%; text-align: center; height: 21px;\">791<\/td>\n<td style=\"width: 6.79825%; text-align: center; height: 21px;\">791<\/td>\n<td style=\"width: 13.5965%; text-align: center; height: 21px;\">883<\/td>\n<\/tr>\n<tr style=\"height: 21px;\">\n<td class=\"xl66\" style=\"width: 45.1754%; text-align: center; height: 21px;\" height=\"20\">7\u00d720<\/td>\n<td class=\"xl67\" style=\"width: 27.193%; text-align: center; height: 21px;\">722<\/td>\n<td class=\"xl67\" style=\"width: 6.79825%; text-align: center; height: 21px;\">803<\/td>\n<td style=\"width: 6.79825%; text-align: center; height: 21px;\">803<\/td>\n<td style=\"width: 13.5965%; text-align: center; height: 21px;\">895<\/td>\n<\/tr>\n<tr style=\"height: 21px;\">\n<td class=\"xl66\" style=\"width: 45.1754%; text-align: center; height: 21px;\" height=\"20\">7\u00d721<\/td>\n<td class=\"xl67\" style=\"width: 27.193%; text-align: center; height: 21px;\">734<\/td>\n<td class=\"xl67\" style=\"width: 6.79825%; text-align: center; height: 21px;\">814<\/td>\n<td style=\"width: 6.79825%; text-align: center; height: 21px;\">814<\/td>\n<td style=\"width: 13.5965%; text-align: center; height: 21px;\">906<\/td>\n<\/tr>\n<tr style=\"height: 21px;\">\n<td class=\"xl66\" style=\"width: 45.1754%; text-align: center; height: 21px;\" height=\"20\">8\u00d719<\/td>\n<td class=\"xl67\" style=\"width: 27.193%; text-align: center; height: 21px;\">745<\/td>\n<td class=\"xl67\" style=\"width: 6.79825%; text-align: center; height: 21px;\">826<\/td>\n<td style=\"width: 6.79825%; text-align: center; height: 21px;\">826<\/td>\n<td style=\"width: 13.5965%; text-align: center; height: 21px;\">918<\/td>\n<\/tr>\n<tr style=\"height: 21px;\">\n<td class=\"xl66\" style=\"width: 45.1754%; text-align: center; height: 21px;\" height=\"20\">8\u00d720<\/td>\n<td class=\"xl67\" style=\"width: 27.193%; text-align: center; height: 21px;\">757<\/td>\n<td class=\"xl67\" style=\"width: 6.79825%; text-align: center; height: 21px;\">837<\/td>\n<td style=\"width: 6.79825%; text-align: center; height: 21px;\">837<\/td>\n<td style=\"width: 13.5965%; text-align: center; height: 21px;\">929<\/td>\n<\/tr>\n<tr style=\"height: 21px;\">\n<td class=\"xl66\" style=\"width: 45.1754%; text-align: center; height: 21px;\" height=\"20\">8\u00d721<\/td>\n<td class=\"xl67\" style=\"width: 27.193%; text-align: center; height: 21px;\">768<\/td>\n<td class=\"xl67\" style=\"width: 6.79825%; text-align: center; height: 21px;\">849<\/td>\n<td style=\"width: 6.79825%; text-align: center; height: 21px;\">849<\/td>\n<td style=\"width: 13.5965%; text-align: center; height: 21px;\">941<\/td>\n<\/tr>\n<tr style=\"height: 21px;\">\n<td class=\"xl66\" style=\"width: 45.1754%; text-align: center; height: 21px;\" height=\"20\">9\u00d719<\/td>\n<td class=\"xl67\" style=\"width: 27.193%; text-align: center; height: 21px;\">791<\/td>\n<td class=\"xl67\" style=\"width: 6.79825%; text-align: center; height: 21px;\">895<\/td>\n<td style=\"width: 6.79825%; text-align: center; height: 21px;\">895<\/td>\n<td style=\"width: 13.5965%; text-align: center; height: 21px;\">1010<\/td>\n<\/tr>\n<tr style=\"height: 10px;\">\n<td class=\"xl66\" style=\"width: 45.1754%; text-align: center; height: 10px;\" height=\"20\">9\u00d720<\/td>\n<td class=\"xl67\" style=\"width: 27.193%; text-align: center; height: 21px;\">814<\/td>\n<td class=\"xl67\" style=\"width: 6.79825%; text-align: center; height: 21px;\">918<\/td>\n<td style=\"width: 6.79825%; text-align: center; height: 21px;\">918<\/td>\n<td style=\"width: 13.5965%; text-align: center; height: 21px;\">1033<\/td>\n<\/tr>\n<tr style=\"height: 21px;\">\n<td class=\"xl66\" style=\"width: 45.1754%; text-align: center; height: 21px;\" height=\"20\">9\u00d721<\/td>\n<td class=\"xl67\" style=\"width: 27.193%; height: 21px; text-align: center;\">837<\/td>\n<td class=\"xl67\" style=\"width: 6.79825%; height: 21px; text-align: center;\">941<\/td>\n<td style=\"width: 6.79825%; text-align: center; height: 21px;\">941<\/td>\n<td style=\"width: 13.5965%; text-align: center; height: 21px;\">1056<\/td>\n<\/tr>\n<\/tbody>\n<\/table>\n<p>*All prices include VAT.<\/td>\n<td style=\"width: 50%; vertical-align: top;\"><div class=\"row\"  id=\"row-2095331139\">\r\n\r\n\n\t<div id=\"col-171451722\" class=\"col medium-6 small-12 large-6\"  >\n\t\t\t\t<div class=\"col-inner\"  >\n\t\t\t\n\t\t\t\r\n<p style=\"text-align: right;\">VINETA MIKITANE<\/p>\r\n<p style=\"text-align: right;\">Project manager<\/p>\r\n<p style=\"text-align: right;\">+371 67472933<\/p>\r\n<p style=\"text-align: right;\">\u00a0+371 20036026<\/p>\r\n<p style=\"text-align: right;\"><a id=\"contact_email_19\" href=\"mailto:vineta@stikla-serviss.lv\">vineta@stikla-serviss.lv<\/a><\/p>\r\n<p style=\"text-align: right;\"><a href=\"mailto:info@stikla-serviss.lv\">info@stikla-serviss.lv<\/a><\/p>\r\n\t\t<\/div>\n\t\t\t\t\t<\/div>\n\n\t\r\n\n\t<div id=\"col-1972102099\" class=\"col medium-6 small-12 large-6\"  >\n\t\t\t\t<div class=\"col-inner\"  >\n\t\t\t\n\t\t\t\r\n\r\n\t<div class=\"img has-hover x md-x lg-x y md-y lg-y\" id=\"image_1896913576\">\n\t\t\t\t\t\t\t\t<div class=\"img-inner dark\" >\n\t\t\t<img loading=\"lazy\" decoding=\"async\" width=\"666\" height=\"800\" src=\"https:\/\/www.stikla-serviss.lv\/wp-content\/uploads\/2021\/03\/foto_LaumaKalnina-9989-scaled-e1614866226278-666x800.jpg\" class=\"attachment-large size-large\" alt=\"\" srcset=\"https:\/\/www.stikla-serviss.lv\/wp-content\/uploads\/2021\/03\/foto_LaumaKalnina-9989-scaled-e1614866226278-666x800.jpg 666w, https:\/\/www.stikla-serviss.lv\/wp-content\/uploads\/2021\/03\/foto_LaumaKalnina-9989-scaled-e1614866226278-247x296.jpg 247w, https:\/\/www.stikla-serviss.lv\/wp-content\/uploads\/2021\/03\/foto_LaumaKalnina-9989-scaled-e1614866226278-510x612.jpg 510w, https:\/\/www.stikla-serviss.lv\/wp-content\/uploads\/2021\/03\/foto_LaumaKalnina-9989-scaled-e1614866226278-333x400.jpg 333w, https:\/\/www.stikla-serviss.lv\/wp-content\/uploads\/2021\/03\/foto_LaumaKalnina-9989-scaled-e1614866226278-768x922.jpg 768w, https:\/\/www.stikla-serviss.lv\/wp-content\/uploads\/2021\/03\/foto_LaumaKalnina-9989-scaled-e1614866226278-1280x1536.jpg 1280w, https:\/\/www.stikla-serviss.lv\/wp-content\/uploads\/2021\/03\/foto_LaumaKalnina-9989-scaled-e1614866226278-350x420.jpg 350w, https:\/\/www.stikla-serviss.lv\/wp-content\/uploads\/2021\/03\/foto_LaumaKalnina-9989-scaled-e1614866226278.jpg 1706w\" sizes=\"auto, (max-width: 666px) 100vw, 666px\" \/>\t\t\t\t\t\t\n\t\t\t\t\t<\/div>\n\t\t\t\t\t\t\t\t\n<style>\n#image_1896913576 {\n  width: 100%;\n}\n<\/style>\n\t<\/div>\n\t\r\n\r\n\t\t<\/div>\n\t\t\t\t\t<\/div>\n\n\t\r\n\r\n<\/div><\/td>\n<\/tr>\n<\/tbody>\n<\/table>\n","protected":false},"excerpt":{"rendered":"<p>Sauna door MODERN with modern design, made according to new technology.\u00a0 MODERN equipped with an elegant magnetic lock and an innovative air opening that ensures air exchange in the sauna.<\/p>\n<p>Door set:<\/p>\n<ul>\n<li>Glass sash<\/li>\n<li>Thermal aspen box<\/li>\n<li>Wooden handle<\/li>\n<li>Decorative pins<\/li>\n<li>Cardboard packaging<\/li>\n<\/ul>\n","protected":false},"featured_media":59386,"template":"","meta":[],"product_brand":[],"product_cat":[298,258],"product_tag":[],"class_list":{"0":"post-59380","1":"product","2":"type-product","3":"status-publish","4":"has-post-thumbnail","6":"product_cat-sauna-doors","7":"product_cat-glass-doors","9":"first","10":"instock","11":"shipping-taxable","12":"product-type-simple"},"yoast_head":"<!-- This site is optimized with the Yoast SEO plugin v27.1.1 - https:\/\/yoast.com\/product\/yoast-seo-wordpress\/ -->\n<title>GLASS DOORS- SAUNA DOOR - MODERN - STIKLA SERVISS<\/title>\n<meta name=\"description\" content=\"GLASS DOORS- SAUNA DOOR - MODERN - STIKLA SERVISS\" \/>\n<meta name=\"robots\" content=\"index, follow, max-snippet:-1, max-image-preview:large, max-video-preview:-1\" \/>\n<link rel=\"canonical\" href=\"https:\/\/www.stikla-serviss.lv\/en\/product\/glass-doors-sauna-door-modern\/\" \/>\n<meta property=\"og:locale\" content=\"en_US\" \/>\n<meta property=\"og:type\" content=\"article\" \/>\n<meta property=\"og:title\" content=\"GLASS DOORS- SAUNA DOOR - MODERN - STIKLA SERVISS\" \/>\n<meta property=\"og:description\" content=\"GLASS DOORS- SAUNA DOOR - MODERN - STIKLA SERVISS\" \/>\n<meta property=\"og:url\" content=\"https:\/\/www.stikla-serviss.lv\/en\/product\/glass-doors-sauna-door-modern\/\" \/>\n<meta property=\"og:site_name\" content=\"STIKLA SERVISS\" \/>\n<meta property=\"article:modified_time\" content=\"2024-11-01T08:22:29+00:00\" \/>\n<meta property=\"og:image\" content=\"https:\/\/www.stikla-serviss.lv\/wp-content\/uploads\/2024\/11\/mODERN.jpg\" \/>\n\t<meta property=\"og:image:width\" content=\"1676\" \/>\n\t<meta property=\"og:image:height\" content=\"1600\" \/>\n\t<meta property=\"og:image:type\" content=\"image\/jpeg\" \/>\n<meta name=\"twitter:card\" content=\"summary_large_image\" \/>\n<meta name=\"twitter:label1\" content=\"Est. reading time\" \/>\n\t<meta name=\"twitter:data1\" content=\"1 minute\" \/>\n<script type=\"application\/ld+json\" class=\"yoast-schema-graph\">{\"@context\":\"https:\/\/schema.org\",\"@graph\":[{\"@type\":\"WebPage\",\"@id\":\"https:\/\/www.stikla-serviss.lv\/en\/product\/glass-doors-sauna-door-modern\/\",\"url\":\"https:\/\/www.stikla-serviss.lv\/en\/product\/glass-doors-sauna-door-modern\/\",\"name\":\"GLASS DOORS- SAUNA DOOR - MODERN - STIKLA SERVISS\",\"isPartOf\":{\"@id\":\"https:\/\/www.stikla-serviss.lv\/en\/#website\"},\"primaryImageOfPage\":{\"@id\":\"https:\/\/www.stikla-serviss.lv\/en\/product\/glass-doors-sauna-door-modern\/#primaryimage\"},\"image\":{\"@id\":\"https:\/\/www.stikla-serviss.lv\/en\/product\/glass-doors-sauna-door-modern\/#primaryimage\"},\"thumbnailUrl\":\"https:\/\/www.stikla-serviss.lv\/wp-content\/uploads\/2024\/11\/mODERN.jpg\",\"datePublished\":\"2024-11-01T06:39:42+00:00\",\"dateModified\":\"2024-11-01T08:22:29+00:00\",\"description\":\"GLASS DOORS- SAUNA DOOR - MODERN - STIKLA SERVISS\",\"breadcrumb\":{\"@id\":\"https:\/\/www.stikla-serviss.lv\/en\/product\/glass-doors-sauna-door-modern\/#breadcrumb\"},\"inLanguage\":\"en-US\",\"potentialAction\":[{\"@type\":\"ReadAction\",\"target\":[\"https:\/\/www.stikla-serviss.lv\/en\/product\/glass-doors-sauna-door-modern\/\"]}]},{\"@type\":\"ImageObject\",\"inLanguage\":\"en-US\",\"@id\":\"https:\/\/www.stikla-serviss.lv\/en\/product\/glass-doors-sauna-door-modern\/#primaryimage\",\"url\":\"https:\/\/www.stikla-serviss.lv\/wp-content\/uploads\/2024\/11\/mODERN.jpg\",\"contentUrl\":\"https:\/\/www.stikla-serviss.lv\/wp-content\/uploads\/2024\/11\/mODERN.jpg\",\"width\":1676,\"height\":1600},{\"@type\":\"BreadcrumbList\",\"@id\":\"https:\/\/www.stikla-serviss.lv\/en\/product\/glass-doors-sauna-door-modern\/#breadcrumb\",\"itemListElement\":[{\"@type\":\"ListItem\",\"position\":1,\"name\":\"Home\",\"item\":\"https:\/\/www.stikla-serviss.lv\/en\/\"},{\"@type\":\"ListItem\",\"position\":2,\"name\":\"PRODUCTS\",\"item\":\"https:\/\/www.stikla-serviss.lv\/en\/produkti\/\"},{\"@type\":\"ListItem\",\"position\":3,\"name\":\"GLASS DOORS- SAUNA DOOR &#8211; MODERN\"}]},{\"@type\":\"WebSite\",\"@id\":\"https:\/\/www.stikla-serviss.lv\/en\/#website\",\"url\":\"https:\/\/www.stikla-serviss.lv\/en\/\",\"name\":\"STIKLA SERVISS\",\"description\":\"Stikla tirdzniec\u012bbas un stikla izstr\u0101d\u0101jumu ra\u017eo\u0161anas uz\u0146\u0113mums\",\"publisher\":{\"@id\":\"https:\/\/www.stikla-serviss.lv\/en\/#organization\"},\"potentialAction\":[{\"@type\":\"SearchAction\",\"target\":{\"@type\":\"EntryPoint\",\"urlTemplate\":\"https:\/\/www.stikla-serviss.lv\/en\/?s={search_term_string}\"},\"query-input\":{\"@type\":\"PropertyValueSpecification\",\"valueRequired\":true,\"valueName\":\"search_term_string\"}}],\"inLanguage\":\"en-US\"},{\"@type\":\"Organization\",\"@id\":\"https:\/\/www.stikla-serviss.lv\/en\/#organization\",\"name\":\"SIA \\\"STIKLA SERVISS\\\"\",\"url\":\"https:\/\/www.stikla-serviss.lv\/en\/\",\"logo\":{\"@type\":\"ImageObject\",\"inLanguage\":\"en-US\",\"@id\":\"https:\/\/www.stikla-serviss.lv\/en\/#\/schema\/logo\/image\/\",\"url\":\"https:\/\/www.stikla-serviss.lv\/wp-content\/uploads\/2020\/07\/LOGO-ISTS.jpg\",\"contentUrl\":\"https:\/\/www.stikla-serviss.lv\/wp-content\/uploads\/2020\/07\/LOGO-ISTS.jpg\",\"width\":1860,\"height\":817,\"caption\":\"SIA \\\"STIKLA SERVISS\\\"\"},\"image\":{\"@id\":\"https:\/\/www.stikla-serviss.lv\/en\/#\/schema\/logo\/image\/\"}}]}<\/script>\n<!-- \/ Yoast SEO plugin. -->","yoast_head_json":{"title":"GLASS DOORS- SAUNA DOOR - MODERN - STIKLA SERVISS","description":"GLASS DOORS- SAUNA DOOR - MODERN - STIKLA SERVISS","robots":{"index":"index","follow":"follow","max-snippet":"max-snippet:-1","max-image-preview":"max-image-preview:large","max-video-preview":"max-video-preview:-1"},"canonical":"https:\/\/www.stikla-serviss.lv\/en\/product\/glass-doors-sauna-door-modern\/","og_locale":"en_US","og_type":"article","og_title":"GLASS DOORS- SAUNA DOOR - MODERN - STIKLA SERVISS","og_description":"GLASS DOORS- SAUNA DOOR - MODERN - STIKLA SERVISS","og_url":"https:\/\/www.stikla-serviss.lv\/en\/product\/glass-doors-sauna-door-modern\/","og_site_name":"STIKLA SERVISS","article_modified_time":"2024-11-01T08:22:29+00:00","og_image":[{"width":1676,"height":1600,"url":"https:\/\/www.stikla-serviss.lv\/wp-content\/uploads\/2024\/11\/mODERN.jpg","type":"image\/jpeg"}],"twitter_card":"summary_large_image","twitter_misc":{"Est. reading time":"1 minute"},"schema":{"@context":"https:\/\/schema.org","@graph":[{"@type":"WebPage","@id":"https:\/\/www.stikla-serviss.lv\/en\/product\/glass-doors-sauna-door-modern\/","url":"https:\/\/www.stikla-serviss.lv\/en\/product\/glass-doors-sauna-door-modern\/","name":"GLASS DOORS- SAUNA DOOR - MODERN - STIKLA SERVISS","isPartOf":{"@id":"https:\/\/www.stikla-serviss.lv\/en\/#website"},"primaryImageOfPage":{"@id":"https:\/\/www.stikla-serviss.lv\/en\/product\/glass-doors-sauna-door-modern\/#primaryimage"},"image":{"@id":"https:\/\/www.stikla-serviss.lv\/en\/product\/glass-doors-sauna-door-modern\/#primaryimage"},"thumbnailUrl":"https:\/\/www.stikla-serviss.lv\/wp-content\/uploads\/2024\/11\/mODERN.jpg","datePublished":"2024-11-01T06:39:42+00:00","dateModified":"2024-11-01T08:22:29+00:00","description":"GLASS DOORS- SAUNA DOOR - MODERN - STIKLA SERVISS","breadcrumb":{"@id":"https:\/\/www.stikla-serviss.lv\/en\/product\/glass-doors-sauna-door-modern\/#breadcrumb"},"inLanguage":"en-US","potentialAction":[{"@type":"ReadAction","target":["https:\/\/www.stikla-serviss.lv\/en\/product\/glass-doors-sauna-door-modern\/"]}]},{"@type":"ImageObject","inLanguage":"en-US","@id":"https:\/\/www.stikla-serviss.lv\/en\/product\/glass-doors-sauna-door-modern\/#primaryimage","url":"https:\/\/www.stikla-serviss.lv\/wp-content\/uploads\/2024\/11\/mODERN.jpg","contentUrl":"https:\/\/www.stikla-serviss.lv\/wp-content\/uploads\/2024\/11\/mODERN.jpg","width":1676,"height":1600},{"@type":"BreadcrumbList","@id":"https:\/\/www.stikla-serviss.lv\/en\/product\/glass-doors-sauna-door-modern\/#breadcrumb","itemListElement":[{"@type":"ListItem","position":1,"name":"Home","item":"https:\/\/www.stikla-serviss.lv\/en\/"},{"@type":"ListItem","position":2,"name":"PRODUCTS","item":"https:\/\/www.stikla-serviss.lv\/en\/produkti\/"},{"@type":"ListItem","position":3,"name":"GLASS DOORS- SAUNA DOOR &#8211; MODERN"}]},{"@type":"WebSite","@id":"https:\/\/www.stikla-serviss.lv\/en\/#website","url":"https:\/\/www.stikla-serviss.lv\/en\/","name":"STIKLA SERVISS","description":"Stikla tirdzniec\u012bbas un stikla izstr\u0101d\u0101jumu ra\u017eo\u0161anas uz\u0146\u0113mums","publisher":{"@id":"https:\/\/www.stikla-serviss.lv\/en\/#organization"},"potentialAction":[{"@type":"SearchAction","target":{"@type":"EntryPoint","urlTemplate":"https:\/\/www.stikla-serviss.lv\/en\/?s={search_term_string}"},"query-input":{"@type":"PropertyValueSpecification","valueRequired":true,"valueName":"search_term_string"}}],"inLanguage":"en-US"},{"@type":"Organization","@id":"https:\/\/www.stikla-serviss.lv\/en\/#organization","name":"SIA \"STIKLA SERVISS\"","url":"https:\/\/www.stikla-serviss.lv\/en\/","logo":{"@type":"ImageObject","inLanguage":"en-US","@id":"https:\/\/www.stikla-serviss.lv\/en\/#\/schema\/logo\/image\/","url":"https:\/\/www.stikla-serviss.lv\/wp-content\/uploads\/2020\/07\/LOGO-ISTS.jpg","contentUrl":"https:\/\/www.stikla-serviss.lv\/wp-content\/uploads\/2020\/07\/LOGO-ISTS.jpg","width":1860,"height":817,"caption":"SIA \"STIKLA SERVISS\""},"image":{"@id":"https:\/\/www.stikla-serviss.lv\/en\/#\/schema\/logo\/image\/"}}]}},"_links":{"self":[{"href":"https:\/\/www.stikla-serviss.lv\/en\/wp-json\/wp\/v2\/product\/59380","targetHints":{"allow":["GET"]}}],"collection":[{"href":"https:\/\/www.stikla-serviss.lv\/en\/wp-json\/wp\/v2\/product"}],"about":[{"href":"https:\/\/www.stikla-serviss.lv\/en\/wp-json\/wp\/v2\/types\/product"}],"wp:featuredmedia":[{"embeddable":true,"href":"https:\/\/www.stikla-serviss.lv\/en\/wp-json\/wp\/v2\/media\/59386"}],"wp:attachment":[{"href":"https:\/\/www.stikla-serviss.lv\/en\/wp-json\/wp\/v2\/media?parent=59380"}],"wp:term":[{"taxonomy":"product_brand","embeddable":true,"href":"https:\/\/www.stikla-serviss.lv\/en\/wp-json\/wp\/v2\/product_brand?post=59380"},{"taxonomy":"product_cat","embeddable":true,"href":"https:\/\/www.stikla-serviss.lv\/en\/wp-json\/wp\/v2\/product_cat?post=59380"},{"taxonomy":"product_tag","embeddable":true,"href":"https:\/\/www.stikla-serviss.lv\/en\/wp-json\/wp\/v2\/product_tag?post=59380"}],"curies":[{"name":"wp","href":"https:\/\/api.w.org\/{rel}","templated":true}]}}