{"id":5965,"date":"2020-07-06T21:02:21","date_gmt":"2020-07-06T18:02:21","guid":{"rendered":"https:\/\/www.stikla-serviss.lv\/product\/stikla-durvis-saunas-durvis-lux\/"},"modified":"2025-06-17T16:15:55","modified_gmt":"2025-06-17T13:15:55","slug":"stikla-durvis-saunas-durvis-lux","status":"publish","type":"product","link":"https:\/\/www.stikla-serviss.lv\/en\/product\/stikla-durvis-saunas-durvis-lux\/","title":{"rendered":"GLASS DOORS- SAUNA DOOR &#8211; LUX"},"content":{"rendered":"<p>&nbsp;<\/p>\n<table style=\"border-collapse: collapse; width: 100%; height: 332px;\">\n<tbody>\n<tr style=\"height: 332px;\">\n<td style=\"width: 50%; vertical-align: top; height: 332px;\">\n<h3><\/h3>\n<table style=\"border-collapse: collapse; width: 100.582%; height: 310px;\">\n<tbody>\n<tr>\n<td class=\"xl65\" style=\"width: 28.9474%; text-align: center;\" width=\"135\" height=\"21\">Doorway size, dm<\/td>\n<td class=\"xl65\" style=\"width: 29.1667%; text-align: center;\" width=\"251\">Glass bronze\/gray\/clear, EUR<\/td>\n<td class=\"xl65\" style=\"width: 41.4474%; text-align: center;\" width=\"311\">Glass matte: bronze\/gray\/clear, EUR<\/td>\n<\/tr>\n<tr>\n<td class=\"xl65\" style=\"width: 28.9474%; text-align: center;\" height=\"21\">7\u00d719<\/td>\n<td class=\"xl66\" style=\"width: 29.1667%; text-align: center; height: 21px;\" align=\"right\">618 \u20ac<\/td>\n<td class=\"xl66\" style=\"width: 41.4474%; text-align: center; height: 21px;\" align=\"right\">\u00a0718 \u20ac<\/td>\n<\/tr>\n<tr>\n<td class=\"xl65\" style=\"width: 28.9474%; text-align: center;\" height=\"21\">7\u00d720<\/td>\n<td class=\"xl66\" style=\"width: 29.1667%; text-align: center; height: 21px;\" align=\"right\">624 \u20ac<\/td>\n<td class=\"xl66\" style=\"width: 41.4474%; text-align: center; height: 21px;\" align=\"right\">724 \u20ac<\/td>\n<\/tr>\n<tr>\n<td class=\"xl65\" style=\"width: 28.9474%; text-align: center;\" height=\"21\">7\u00d721<\/td>\n<td class=\"xl66\" style=\"width: 29.1667%; text-align: center; height: 21px;\" align=\"right\">630 \u20ac<\/td>\n<td class=\"xl66\" style=\"width: 41.4474%; text-align: center; height: 21px;\" align=\"right\">730 \u20ac<\/td>\n<\/tr>\n<tr>\n<td class=\"xl65\" style=\"width: 28.9474%; text-align: center;\" height=\"21\">8\u00d719<\/td>\n<td class=\"xl66\" style=\"width: 29.1667%; text-align: center; height: 21px;\" align=\"right\">636 \u20ac<\/td>\n<td class=\"xl66\" style=\"width: 41.4474%; text-align: center; height: 21px;\" align=\"right\">736 \u20ac<\/td>\n<\/tr>\n<tr>\n<td class=\"xl65\" style=\"width: 28.9474%; text-align: center;\" height=\"21\">8\u00d720<\/td>\n<td class=\"xl66\" style=\"width: 29.1667%; text-align: center; height: 21px;\" align=\"right\">642 \u20ac<\/td>\n<td class=\"xl66\" style=\"width: 41.4474%; text-align: center; height: 21px;\" align=\"right\">742 \u20ac<\/td>\n<\/tr>\n<tr>\n<td class=\"xl65\" style=\"width: 28.9474%; text-align: center;\" height=\"21\">8\u00d721<\/td>\n<td class=\"xl66\" style=\"width: 29.1667%; text-align: center; height: 21px;\" align=\"right\">648 \u20ac<\/td>\n<td class=\"xl66\" style=\"width: 41.4474%; text-align: center; height: 21px;\" align=\"right\">748 \u20ac<\/td>\n<\/tr>\n<tr>\n<td class=\"xl65\" style=\"width: 28.9474%; text-align: center;\" height=\"21\">9\u00d719<\/td>\n<td class=\"xl66\" style=\"width: 29.1667%; text-align: center; height: 21px;\" align=\"right\">654 \u20ac<\/td>\n<td class=\"xl66\" style=\"width: 41.4474%; text-align: center; height: 21px;\" align=\"right\">754 \u20ac<\/td>\n<\/tr>\n<tr>\n<td class=\"xl65\" style=\"width: 28.9474%; text-align: center;\" height=\"21\">9\u00d720<\/td>\n<td class=\"xl66\" style=\"width: 29.1667%; text-align: center; height: 21px;\" align=\"right\">660 \u20ac<\/td>\n<td class=\"xl66\" style=\"width: 41.4474%; text-align: center; height: 21px;\" align=\"right\">760 \u20ac<\/td>\n<\/tr>\n<tr>\n<td class=\"xl65\" style=\"width: 28.9474%; text-align: center;\" height=\"21\">9\u00d721<\/td>\n<td class=\"xl66\" style=\"width: 29.1667%; text-align: center; height: 21px;\" align=\"right\">666 \u20ac<\/td>\n<td class=\"xl66\" style=\"width: 41.4474%; text-align: center; height: 21px;\" align=\"right\">766 \u20ac<\/td>\n<\/tr>\n<\/tbody>\n<\/table>\n<p>*All prices include VAT.<\/td>\n<td style=\"width: 50%; vertical-align: top; height: 332px;\">&nbsp;<\/p>\n<div class=\"row\"  id=\"row-583855714\">\r\n\r\n\n\t<div id=\"col-775276146\" class=\"col medium-6 small-12 large-6\"  >\n\t\t\t\t<div class=\"col-inner\"  >\n\t\t\t\n\t\t\t\r\n<p style=\"text-align: right;\">VINETA MIKITANE<\/p>\r\n<p style=\"text-align: right;\">Project manager<\/p>\r\n<p style=\"text-align: right;\">+371 67472933<\/p>\r\n<p style=\"text-align: right;\">\u00a0+371 20036026<\/p>\r\n<p style=\"text-align: right;\"><a id=\"contact_email_19\" href=\"mailto:vineta@stikla-serviss.lv\">vineta@stikla-serviss.lv<\/a><\/p>\r\n<p style=\"text-align: right;\"><a href=\"mailto:info@stikla-serviss.lv\">info@stikla-serviss.lv<\/a><\/p>\r\n\t\t<\/div>\n\t\t\t\t\t<\/div>\n\n\t\r\n\n\t<div id=\"col-2001237910\" class=\"col medium-6 small-12 large-6\"  >\n\t\t\t\t<div class=\"col-inner\"  >\n\t\t\t\n\t\t\t\r\n\r\n\t<div class=\"img has-hover x md-x lg-x y md-y lg-y\" id=\"image_1903370292\">\n\t\t\t\t\t\t\t\t<div class=\"img-inner dark\" >\n\t\t\t<img loading=\"lazy\" decoding=\"async\" width=\"666\" height=\"800\" src=\"https:\/\/www.stikla-serviss.lv\/wp-content\/uploads\/2021\/03\/foto_LaumaKalnina-9989-scaled-e1614866226278-666x800.jpg\" class=\"attachment-large size-large\" alt=\"\" srcset=\"https:\/\/www.stikla-serviss.lv\/wp-content\/uploads\/2021\/03\/foto_LaumaKalnina-9989-scaled-e1614866226278-666x800.jpg 666w, https:\/\/www.stikla-serviss.lv\/wp-content\/uploads\/2021\/03\/foto_LaumaKalnina-9989-scaled-e1614866226278-247x296.jpg 247w, https:\/\/www.stikla-serviss.lv\/wp-content\/uploads\/2021\/03\/foto_LaumaKalnina-9989-scaled-e1614866226278-510x612.jpg 510w, https:\/\/www.stikla-serviss.lv\/wp-content\/uploads\/2021\/03\/foto_LaumaKalnina-9989-scaled-e1614866226278-333x400.jpg 333w, https:\/\/www.stikla-serviss.lv\/wp-content\/uploads\/2021\/03\/foto_LaumaKalnina-9989-scaled-e1614866226278-768x922.jpg 768w, https:\/\/www.stikla-serviss.lv\/wp-content\/uploads\/2021\/03\/foto_LaumaKalnina-9989-scaled-e1614866226278-1280x1536.jpg 1280w, https:\/\/www.stikla-serviss.lv\/wp-content\/uploads\/2021\/03\/foto_LaumaKalnina-9989-scaled-e1614866226278-350x420.jpg 350w, https:\/\/www.stikla-serviss.lv\/wp-content\/uploads\/2021\/03\/foto_LaumaKalnina-9989-scaled-e1614866226278.jpg 1706w\" sizes=\"auto, (max-width: 666px) 100vw, 666px\" \/>\t\t\t\t\t\t\n\t\t\t\t\t<\/div>\n\t\t\t\t\t\t\t\t\n<style>\n#image_1903370292 {\n  width: 100%;\n}\n<\/style>\n\t<\/div>\n\t\r\n\r\n\t\t<\/div>\n\t\t\t\t\t<\/div>\n\n\t\r\n\r\n<\/div><\/td>\n<\/tr>\n<\/tbody>\n<\/table>\n<p>&nbsp;<\/p>\n","protected":false},"excerpt":{"rendered":"<p>Sauna doors are made of 8 mm tempered glass. The door can be completed with different types of tinted glass: gray, bronze, as well as several types of decorative glass. It is possible to have a door with a chemically matte pattern. The sauna door box is made of glued hardwood. Hinges KS-6540, FL-48 of the company \u201cAbloy\u201d is specially used for sauna doors; Abloy locks \u201cAbloy-4238\u201d. The sauna door has a box seal-heat resistance silicone.<\/p>\n<p><strong>\u00a0<\/strong><\/p>\n<p>Door set:<\/p>\n<ul>\n<li>Glass sash \u2013 tempered glass, 8 mm thick<\/li>\n<li>Hardwood box, glued, without branches<\/li>\n<li>Box seal (8 mm silicone rubber seal)<\/li>\n<li>Abloy hinges<\/li>\n<li>Abloy roller lock<\/li>\n<li>Wooden handle (pine)<\/li>\n<li>Decorative pins<\/li>\n<li>Cardboard packaging<\/li>\n<\/ul>\n","protected":false},"featured_media":6043,"template":"","meta":[],"product_brand":[],"product_cat":[298,258],"product_tag":[],"class_list":{"0":"post-5965","1":"product","2":"type-product","3":"status-publish","4":"has-post-thumbnail","6":"product_cat-sauna-doors","7":"product_cat-glass-doors","9":"first","10":"instock","11":"shipping-taxable","12":"product-type-simple"},"yoast_head":"<!-- This site is optimized with the Yoast SEO plugin v27.1.1 - https:\/\/yoast.com\/product\/yoast-seo-wordpress\/ -->\n<title>GLASS DOORS- SAUNA DOOR - LUX - STIKLA SERVISS<\/title>\n<meta name=\"description\" content=\"GLASS DOORS- SAUNA DOOR - LUX - STIKLA SERVISS\" \/>\n<meta name=\"robots\" content=\"index, follow, max-snippet:-1, max-image-preview:large, max-video-preview:-1\" \/>\n<link rel=\"canonical\" href=\"https:\/\/www.stikla-serviss.lv\/en\/product\/stikla-durvis-saunas-durvis-lux\/\" \/>\n<meta property=\"og:locale\" content=\"en_US\" \/>\n<meta property=\"og:type\" content=\"article\" \/>\n<meta property=\"og:title\" content=\"GLASS DOORS- SAUNA DOOR - LUX - STIKLA SERVISS\" \/>\n<meta property=\"og:description\" content=\"GLASS DOORS- SAUNA DOOR - LUX - STIKLA SERVISS\" \/>\n<meta property=\"og:url\" content=\"https:\/\/www.stikla-serviss.lv\/en\/product\/stikla-durvis-saunas-durvis-lux\/\" \/>\n<meta property=\"og:site_name\" content=\"STIKLA SERVISS\" \/>\n<meta property=\"article:modified_time\" content=\"2025-06-17T13:15:55+00:00\" \/>\n<meta property=\"og:image\" content=\"https:\/\/www.stikla-serviss.lv\/wp-content\/uploads\/2020\/10\/Lux.png\" \/>\n\t<meta property=\"og:image:width\" content=\"2548\" \/>\n\t<meta property=\"og:image:height\" content=\"2548\" \/>\n\t<meta property=\"og:image:type\" content=\"image\/png\" \/>\n<meta name=\"twitter:card\" content=\"summary_large_image\" \/>\n<meta name=\"twitter:label1\" content=\"Est. reading time\" \/>\n\t<meta name=\"twitter:data1\" content=\"1 minute\" \/>\n<script type=\"application\/ld+json\" class=\"yoast-schema-graph\">{\"@context\":\"https:\/\/schema.org\",\"@graph\":[{\"@type\":\"WebPage\",\"@id\":\"https:\/\/www.stikla-serviss.lv\/en\/product\/stikla-durvis-saunas-durvis-lux\/\",\"url\":\"https:\/\/www.stikla-serviss.lv\/en\/product\/stikla-durvis-saunas-durvis-lux\/\",\"name\":\"GLASS DOORS- SAUNA DOOR - LUX - STIKLA SERVISS\",\"isPartOf\":{\"@id\":\"https:\/\/www.stikla-serviss.lv\/en\/#website\"},\"primaryImageOfPage\":{\"@id\":\"https:\/\/www.stikla-serviss.lv\/en\/product\/stikla-durvis-saunas-durvis-lux\/#primaryimage\"},\"image\":{\"@id\":\"https:\/\/www.stikla-serviss.lv\/en\/product\/stikla-durvis-saunas-durvis-lux\/#primaryimage\"},\"thumbnailUrl\":\"https:\/\/www.stikla-serviss.lv\/wp-content\/uploads\/2020\/10\/Lux.png\",\"datePublished\":\"2020-07-06T18:02:21+00:00\",\"dateModified\":\"2025-06-17T13:15:55+00:00\",\"description\":\"GLASS DOORS- SAUNA DOOR - LUX - STIKLA SERVISS\",\"breadcrumb\":{\"@id\":\"https:\/\/www.stikla-serviss.lv\/en\/product\/stikla-durvis-saunas-durvis-lux\/#breadcrumb\"},\"inLanguage\":\"en-US\",\"potentialAction\":[{\"@type\":\"ReadAction\",\"target\":[\"https:\/\/www.stikla-serviss.lv\/en\/product\/stikla-durvis-saunas-durvis-lux\/\"]}]},{\"@type\":\"ImageObject\",\"inLanguage\":\"en-US\",\"@id\":\"https:\/\/www.stikla-serviss.lv\/en\/product\/stikla-durvis-saunas-durvis-lux\/#primaryimage\",\"url\":\"https:\/\/www.stikla-serviss.lv\/wp-content\/uploads\/2020\/10\/Lux.png\",\"contentUrl\":\"https:\/\/www.stikla-serviss.lv\/wp-content\/uploads\/2020\/10\/Lux.png\",\"width\":2548,\"height\":2548},{\"@type\":\"BreadcrumbList\",\"@id\":\"https:\/\/www.stikla-serviss.lv\/en\/product\/stikla-durvis-saunas-durvis-lux\/#breadcrumb\",\"itemListElement\":[{\"@type\":\"ListItem\",\"position\":1,\"name\":\"Home\",\"item\":\"https:\/\/www.stikla-serviss.lv\/en\/\"},{\"@type\":\"ListItem\",\"position\":2,\"name\":\"PRODUCTS\",\"item\":\"https:\/\/www.stikla-serviss.lv\/en\/produkti\/\"},{\"@type\":\"ListItem\",\"position\":3,\"name\":\"GLASS DOORS- SAUNA DOOR &#8211; LUX\"}]},{\"@type\":\"WebSite\",\"@id\":\"https:\/\/www.stikla-serviss.lv\/en\/#website\",\"url\":\"https:\/\/www.stikla-serviss.lv\/en\/\",\"name\":\"STIKLA SERVISS\",\"description\":\"Stikla tirdzniec\u012bbas un stikla izstr\u0101d\u0101jumu ra\u017eo\u0161anas uz\u0146\u0113mums\",\"publisher\":{\"@id\":\"https:\/\/www.stikla-serviss.lv\/en\/#organization\"},\"potentialAction\":[{\"@type\":\"SearchAction\",\"target\":{\"@type\":\"EntryPoint\",\"urlTemplate\":\"https:\/\/www.stikla-serviss.lv\/en\/?s={search_term_string}\"},\"query-input\":{\"@type\":\"PropertyValueSpecification\",\"valueRequired\":true,\"valueName\":\"search_term_string\"}}],\"inLanguage\":\"en-US\"},{\"@type\":\"Organization\",\"@id\":\"https:\/\/www.stikla-serviss.lv\/en\/#organization\",\"name\":\"SIA \\\"STIKLA SERVISS\\\"\",\"url\":\"https:\/\/www.stikla-serviss.lv\/en\/\",\"logo\":{\"@type\":\"ImageObject\",\"inLanguage\":\"en-US\",\"@id\":\"https:\/\/www.stikla-serviss.lv\/en\/#\/schema\/logo\/image\/\",\"url\":\"https:\/\/www.stikla-serviss.lv\/wp-content\/uploads\/2020\/07\/LOGO-ISTS.jpg\",\"contentUrl\":\"https:\/\/www.stikla-serviss.lv\/wp-content\/uploads\/2020\/07\/LOGO-ISTS.jpg\",\"width\":1860,\"height\":817,\"caption\":\"SIA \\\"STIKLA SERVISS\\\"\"},\"image\":{\"@id\":\"https:\/\/www.stikla-serviss.lv\/en\/#\/schema\/logo\/image\/\"}}]}<\/script>\n<!-- \/ Yoast SEO plugin. -->","yoast_head_json":{"title":"GLASS DOORS- SAUNA DOOR - LUX - STIKLA SERVISS","description":"GLASS DOORS- SAUNA DOOR - LUX - STIKLA SERVISS","robots":{"index":"index","follow":"follow","max-snippet":"max-snippet:-1","max-image-preview":"max-image-preview:large","max-video-preview":"max-video-preview:-1"},"canonical":"https:\/\/www.stikla-serviss.lv\/en\/product\/stikla-durvis-saunas-durvis-lux\/","og_locale":"en_US","og_type":"article","og_title":"GLASS DOORS- SAUNA DOOR - LUX - STIKLA SERVISS","og_description":"GLASS DOORS- SAUNA DOOR - LUX - STIKLA SERVISS","og_url":"https:\/\/www.stikla-serviss.lv\/en\/product\/stikla-durvis-saunas-durvis-lux\/","og_site_name":"STIKLA SERVISS","article_modified_time":"2025-06-17T13:15:55+00:00","og_image":[{"width":2548,"height":2548,"url":"https:\/\/www.stikla-serviss.lv\/wp-content\/uploads\/2020\/10\/Lux.png","type":"image\/png"}],"twitter_card":"summary_large_image","twitter_misc":{"Est. reading time":"1 minute"},"schema":{"@context":"https:\/\/schema.org","@graph":[{"@type":"WebPage","@id":"https:\/\/www.stikla-serviss.lv\/en\/product\/stikla-durvis-saunas-durvis-lux\/","url":"https:\/\/www.stikla-serviss.lv\/en\/product\/stikla-durvis-saunas-durvis-lux\/","name":"GLASS DOORS- SAUNA DOOR - LUX - STIKLA SERVISS","isPartOf":{"@id":"https:\/\/www.stikla-serviss.lv\/en\/#website"},"primaryImageOfPage":{"@id":"https:\/\/www.stikla-serviss.lv\/en\/product\/stikla-durvis-saunas-durvis-lux\/#primaryimage"},"image":{"@id":"https:\/\/www.stikla-serviss.lv\/en\/product\/stikla-durvis-saunas-durvis-lux\/#primaryimage"},"thumbnailUrl":"https:\/\/www.stikla-serviss.lv\/wp-content\/uploads\/2020\/10\/Lux.png","datePublished":"2020-07-06T18:02:21+00:00","dateModified":"2025-06-17T13:15:55+00:00","description":"GLASS DOORS- SAUNA DOOR - LUX - STIKLA SERVISS","breadcrumb":{"@id":"https:\/\/www.stikla-serviss.lv\/en\/product\/stikla-durvis-saunas-durvis-lux\/#breadcrumb"},"inLanguage":"en-US","potentialAction":[{"@type":"ReadAction","target":["https:\/\/www.stikla-serviss.lv\/en\/product\/stikla-durvis-saunas-durvis-lux\/"]}]},{"@type":"ImageObject","inLanguage":"en-US","@id":"https:\/\/www.stikla-serviss.lv\/en\/product\/stikla-durvis-saunas-durvis-lux\/#primaryimage","url":"https:\/\/www.stikla-serviss.lv\/wp-content\/uploads\/2020\/10\/Lux.png","contentUrl":"https:\/\/www.stikla-serviss.lv\/wp-content\/uploads\/2020\/10\/Lux.png","width":2548,"height":2548},{"@type":"BreadcrumbList","@id":"https:\/\/www.stikla-serviss.lv\/en\/product\/stikla-durvis-saunas-durvis-lux\/#breadcrumb","itemListElement":[{"@type":"ListItem","position":1,"name":"Home","item":"https:\/\/www.stikla-serviss.lv\/en\/"},{"@type":"ListItem","position":2,"name":"PRODUCTS","item":"https:\/\/www.stikla-serviss.lv\/en\/produkti\/"},{"@type":"ListItem","position":3,"name":"GLASS DOORS- SAUNA DOOR &#8211; LUX"}]},{"@type":"WebSite","@id":"https:\/\/www.stikla-serviss.lv\/en\/#website","url":"https:\/\/www.stikla-serviss.lv\/en\/","name":"STIKLA SERVISS","description":"Stikla tirdzniec\u012bbas un stikla izstr\u0101d\u0101jumu ra\u017eo\u0161anas uz\u0146\u0113mums","publisher":{"@id":"https:\/\/www.stikla-serviss.lv\/en\/#organization"},"potentialAction":[{"@type":"SearchAction","target":{"@type":"EntryPoint","urlTemplate":"https:\/\/www.stikla-serviss.lv\/en\/?s={search_term_string}"},"query-input":{"@type":"PropertyValueSpecification","valueRequired":true,"valueName":"search_term_string"}}],"inLanguage":"en-US"},{"@type":"Organization","@id":"https:\/\/www.stikla-serviss.lv\/en\/#organization","name":"SIA \"STIKLA SERVISS\"","url":"https:\/\/www.stikla-serviss.lv\/en\/","logo":{"@type":"ImageObject","inLanguage":"en-US","@id":"https:\/\/www.stikla-serviss.lv\/en\/#\/schema\/logo\/image\/","url":"https:\/\/www.stikla-serviss.lv\/wp-content\/uploads\/2020\/07\/LOGO-ISTS.jpg","contentUrl":"https:\/\/www.stikla-serviss.lv\/wp-content\/uploads\/2020\/07\/LOGO-ISTS.jpg","width":1860,"height":817,"caption":"SIA \"STIKLA SERVISS\""},"image":{"@id":"https:\/\/www.stikla-serviss.lv\/en\/#\/schema\/logo\/image\/"}}]}},"_links":{"self":[{"href":"https:\/\/www.stikla-serviss.lv\/en\/wp-json\/wp\/v2\/product\/5965","targetHints":{"allow":["GET"]}}],"collection":[{"href":"https:\/\/www.stikla-serviss.lv\/en\/wp-json\/wp\/v2\/product"}],"about":[{"href":"https:\/\/www.stikla-serviss.lv\/en\/wp-json\/wp\/v2\/types\/product"}],"wp:featuredmedia":[{"embeddable":true,"href":"https:\/\/www.stikla-serviss.lv\/en\/wp-json\/wp\/v2\/media\/6043"}],"wp:attachment":[{"href":"https:\/\/www.stikla-serviss.lv\/en\/wp-json\/wp\/v2\/media?parent=5965"}],"wp:term":[{"taxonomy":"product_brand","embeddable":true,"href":"https:\/\/www.stikla-serviss.lv\/en\/wp-json\/wp\/v2\/product_brand?post=5965"},{"taxonomy":"product_cat","embeddable":true,"href":"https:\/\/www.stikla-serviss.lv\/en\/wp-json\/wp\/v2\/product_cat?post=5965"},{"taxonomy":"product_tag","embeddable":true,"href":"https:\/\/www.stikla-serviss.lv\/en\/wp-json\/wp\/v2\/product_tag?post=5965"}],"curies":[{"name":"wp","href":"https:\/\/api.w.org\/{rel}","templated":true}]}}