{"id":5977,"date":"2020-07-06T20:58:56","date_gmt":"2020-07-06T17:58:56","guid":{"rendered":"https:\/\/www.stikla-serviss.lv\/product\/stikla-durvis-saunas-durvis-natural-l1800n\/"},"modified":"2025-06-17T16:10:20","modified_gmt":"2025-06-17T13:10:20","slug":"stikla-durvis-saunas-durvis-natural-l1800n","status":"publish","type":"product","link":"https:\/\/www.stikla-serviss.lv\/en\/product\/stikla-durvis-saunas-durvis-natural-l1800n\/","title":{"rendered":"GLASS DOORS- SAUNA DOOR &#8211; NATURAL L1800N"},"content":{"rendered":"<p>&nbsp;<\/p>\n<table style=\"border-collapse: collapse; width: 100%; height: 332px;\">\n<tbody>\n<tr style=\"height: 332px;\">\n<td style=\"width: 50%; vertical-align: top; height: 332px;\">\n<table style=\"border-collapse: collapse; width: 100%; height: 252px;\">\n<tbody>\n<tr>\n<td class=\"xl65\" style=\"width: 30.4825%; text-align: center;\" width=\"135\" height=\"21\">Doorway size, dm<\/td>\n<td class=\"xl65\" style=\"width: 28.4988%; text-align: center;\" width=\"251\">Glass bronze\/gray\/clear, EUR<\/td>\n<td class=\"xl65\" style=\"width: 40.5802%; text-align: center;\" width=\"311\">Glass matte: bronze\/gray\/clear, EUR<\/td>\n<\/tr>\n<tr>\n<td class=\"xl65\" style=\"width: 30.4825%; text-align: center;\" height=\"21\">7\u00d719<\/td>\n<td class=\"xl66\" style=\"width: 28.4988%; text-align: center; height: 21px;\" align=\"right\">392 \u20ac<\/td>\n<td class=\"xl66\" style=\"width: 40.5802%; text-align: center; height: 21px;\" align=\"right\">\u00a0492 \u20ac<\/td>\n<\/tr>\n<tr>\n<td class=\"xl65\" style=\"width: 30.4825%; text-align: center;\" height=\"21\">7\u00d720<\/td>\n<td class=\"xl66\" style=\"width: 28.4988%; text-align: center; height: 21px;\" align=\"right\">408 \u20ac<\/td>\n<td class=\"xl66\" style=\"width: 40.5802%; text-align: center; height: 21px;\" align=\"right\">508 \u20ac<\/td>\n<\/tr>\n<tr>\n<td class=\"xl65\" style=\"width: 30.4825%; text-align: center;\" height=\"21\">7\u00d721<\/td>\n<td class=\"xl66\" style=\"width: 28.4988%; text-align: center; height: 21px;\" align=\"right\">424 \u20ac<\/td>\n<td class=\"xl66\" style=\"width: 40.5802%; text-align: center; height: 21px;\" align=\"right\">524 \u20ac<\/td>\n<\/tr>\n<tr>\n<td class=\"xl65\" style=\"width: 30.4825%; text-align: center;\" height=\"21\">8\u00d719<\/td>\n<td class=\"xl66\" style=\"width: 28.4988%; text-align: center; height: 21px;\" align=\"right\">433 \u20ac<\/td>\n<td class=\"xl66\" style=\"width: 40.5802%; text-align: center; height: 21px;\" align=\"right\">533 \u20ac<\/td>\n<\/tr>\n<tr>\n<td class=\"xl65\" style=\"width: 30.4825%; text-align: center;\" height=\"21\">8\u00d720<\/td>\n<td class=\"xl66\" style=\"width: 28.4988%; text-align: center; height: 21px;\" align=\"right\">453 \u20ac<\/td>\n<td class=\"xl66\" style=\"width: 40.5802%; text-align: center; height: 21px;\" align=\"right\">553 \u20ac<\/td>\n<\/tr>\n<tr>\n<td class=\"xl65\" style=\"width: 30.4825%; text-align: center;\" height=\"21\">8\u00d721<\/td>\n<td class=\"xl66\" style=\"width: 28.4988%; text-align: center; height: 21px;\" align=\"right\">476 \u20ac<\/td>\n<td class=\"xl66\" style=\"width: 40.5802%; text-align: center; height: 21px;\" align=\"right\">576 \u20ac<\/td>\n<\/tr>\n<tr>\n<td class=\"xl65\" style=\"width: 30.4825%; text-align: center;\" height=\"21\">9\u00d719<\/td>\n<td class=\"xl66\" style=\"width: 28.4988%; text-align: center; height: 21px;\" align=\"right\">499 \u20ac<\/td>\n<td class=\"xl66\" style=\"width: 40.5802%; text-align: center; height: 21px;\" align=\"right\">599 \u20ac<\/td>\n<\/tr>\n<tr>\n<td class=\"xl65\" style=\"width: 30.4825%; text-align: center;\" height=\"21\">9\u00d720<\/td>\n<td class=\"xl66\" style=\"width: 28.4988%; text-align: center; height: 21px;\" align=\"right\">520 \u20ac<\/td>\n<td class=\"xl66\" style=\"width: 40.5802%; text-align: center; height: 21px;\" align=\"right\">620 \u20ac<\/td>\n<\/tr>\n<tr>\n<td class=\"xl65\" style=\"width: 30.4825%; text-align: center;\" height=\"21\">9\u00d721<\/td>\n<td class=\"xl66\" style=\"width: 28.4988%; text-align: center; height: 21px;\" align=\"right\">529 \u20ac<\/td>\n<td class=\"xl66\" style=\"width: 40.5802%; text-align: center; height: 21px;\" align=\"right\">629 \u20ac<\/td>\n<\/tr>\n<\/tbody>\n<\/table>\n<p>*All prices include VAT.<\/td>\n<td style=\"width: 50%; vertical-align: top; height: 332px;\">&nbsp;<\/p>\n<p style=\"text-align: right;\">\n<\/td>\n<\/tr>\n<\/tbody>\n<\/table>\n<p>&nbsp;<\/p>\n","protected":false},"excerpt":{"rendered":"<p>Sauna doors are made of 8 mm tempered glass. The door can be completed with different types of tinted glass: gray, bronze, as well as several types of decorative glass. It is possible to have a door with a chemically matte pattern. The sauna door box is made of glued hardwood. Hinges KS-6540, FL-48 of the company \u201cAbloy\u201d is specially used for sauna doors; Abloy locks \u201cAbloy-4238\u201d. The sauna door has a box seal-heat resistance silicone.<\/p>\n<p><strong>\u00a0<\/strong><\/p>\n<p>Door set:<\/p>\n<ul>\n<li>Glass sash \u2013 tempered glass, 8 mm thick<\/li>\n<li>Hardwood box, glued, without branches<\/li>\n<li>Box seal (8 mm silicone rubber seal)<\/li>\n<li>Abloy hinges<\/li>\n<li>Abloy roller lock<\/li>\n<li>Wooden handle (pine)<\/li>\n<li>Decorative pins<\/li>\n<li>Cardboard packaging<\/li>\n<\/ul>\n","protected":false},"featured_media":6051,"template":"","meta":[],"product_brand":[],"product_cat":[298,258],"product_tag":[],"class_list":{"0":"post-5977","1":"product","2":"type-product","3":"status-publish","4":"has-post-thumbnail","6":"product_cat-sauna-doors","7":"product_cat-glass-doors","9":"first","10":"instock","11":"shipping-taxable","12":"product-type-simple"},"yoast_head":"<!-- This site is optimized with the Yoast SEO plugin v27.1.1 - https:\/\/yoast.com\/product\/yoast-seo-wordpress\/ -->\n<title>GLASS DOORS- SAUNA DOOR - NATURAL L1800N - STIKLA SERVISS<\/title>\n<meta name=\"description\" content=\"GLASS DOORS- SAUNA DOOR - NATURAL L1800N - STIKLA SERVISS\" \/>\n<meta name=\"robots\" content=\"index, follow, max-snippet:-1, max-image-preview:large, max-video-preview:-1\" \/>\n<link rel=\"canonical\" href=\"https:\/\/www.stikla-serviss.lv\/en\/product\/stikla-durvis-saunas-durvis-natural-l1800n\/\" \/>\n<meta property=\"og:locale\" content=\"en_US\" \/>\n<meta property=\"og:type\" content=\"article\" \/>\n<meta property=\"og:title\" content=\"GLASS DOORS- SAUNA DOOR - NATURAL L1800N - STIKLA SERVISS\" \/>\n<meta property=\"og:description\" content=\"GLASS DOORS- SAUNA DOOR - NATURAL L1800N - STIKLA SERVISS\" \/>\n<meta property=\"og:url\" content=\"https:\/\/www.stikla-serviss.lv\/en\/product\/stikla-durvis-saunas-durvis-natural-l1800n\/\" \/>\n<meta property=\"og:site_name\" content=\"STIKLA SERVISS\" \/>\n<meta property=\"article:modified_time\" content=\"2025-06-17T13:10:20+00:00\" \/>\n<meta property=\"og:image\" content=\"https:\/\/www.stikla-serviss.lv\/wp-content\/uploads\/2020\/10\/Natural-L1800N.png\" \/>\n\t<meta property=\"og:image:width\" content=\"2548\" \/>\n\t<meta property=\"og:image:height\" content=\"2548\" \/>\n\t<meta property=\"og:image:type\" content=\"image\/png\" \/>\n<meta name=\"twitter:card\" content=\"summary_large_image\" \/>\n<meta name=\"twitter:label1\" content=\"Est. reading time\" \/>\n\t<meta name=\"twitter:data1\" content=\"1 minute\" \/>\n<script type=\"application\/ld+json\" class=\"yoast-schema-graph\">{\"@context\":\"https:\/\/schema.org\",\"@graph\":[{\"@type\":\"WebPage\",\"@id\":\"https:\/\/www.stikla-serviss.lv\/en\/product\/stikla-durvis-saunas-durvis-natural-l1800n\/\",\"url\":\"https:\/\/www.stikla-serviss.lv\/en\/product\/stikla-durvis-saunas-durvis-natural-l1800n\/\",\"name\":\"GLASS DOORS- SAUNA DOOR - NATURAL L1800N - STIKLA SERVISS\",\"isPartOf\":{\"@id\":\"https:\/\/www.stikla-serviss.lv\/en\/#website\"},\"primaryImageOfPage\":{\"@id\":\"https:\/\/www.stikla-serviss.lv\/en\/product\/stikla-durvis-saunas-durvis-natural-l1800n\/#primaryimage\"},\"image\":{\"@id\":\"https:\/\/www.stikla-serviss.lv\/en\/product\/stikla-durvis-saunas-durvis-natural-l1800n\/#primaryimage\"},\"thumbnailUrl\":\"https:\/\/www.stikla-serviss.lv\/wp-content\/uploads\/2020\/10\/Natural-L1800N.png\",\"datePublished\":\"2020-07-06T17:58:56+00:00\",\"dateModified\":\"2025-06-17T13:10:20+00:00\",\"description\":\"GLASS DOORS- SAUNA DOOR - NATURAL L1800N - STIKLA SERVISS\",\"breadcrumb\":{\"@id\":\"https:\/\/www.stikla-serviss.lv\/en\/product\/stikla-durvis-saunas-durvis-natural-l1800n\/#breadcrumb\"},\"inLanguage\":\"en-US\",\"potentialAction\":[{\"@type\":\"ReadAction\",\"target\":[\"https:\/\/www.stikla-serviss.lv\/en\/product\/stikla-durvis-saunas-durvis-natural-l1800n\/\"]}]},{\"@type\":\"ImageObject\",\"inLanguage\":\"en-US\",\"@id\":\"https:\/\/www.stikla-serviss.lv\/en\/product\/stikla-durvis-saunas-durvis-natural-l1800n\/#primaryimage\",\"url\":\"https:\/\/www.stikla-serviss.lv\/wp-content\/uploads\/2020\/10\/Natural-L1800N.png\",\"contentUrl\":\"https:\/\/www.stikla-serviss.lv\/wp-content\/uploads\/2020\/10\/Natural-L1800N.png\",\"width\":2548,\"height\":2548},{\"@type\":\"BreadcrumbList\",\"@id\":\"https:\/\/www.stikla-serviss.lv\/en\/product\/stikla-durvis-saunas-durvis-natural-l1800n\/#breadcrumb\",\"itemListElement\":[{\"@type\":\"ListItem\",\"position\":1,\"name\":\"Home\",\"item\":\"https:\/\/www.stikla-serviss.lv\/en\/\"},{\"@type\":\"ListItem\",\"position\":2,\"name\":\"PRODUCTS\",\"item\":\"https:\/\/www.stikla-serviss.lv\/en\/produkti\/\"},{\"@type\":\"ListItem\",\"position\":3,\"name\":\"GLASS DOORS- SAUNA DOOR &#8211; NATURAL L1800N\"}]},{\"@type\":\"WebSite\",\"@id\":\"https:\/\/www.stikla-serviss.lv\/en\/#website\",\"url\":\"https:\/\/www.stikla-serviss.lv\/en\/\",\"name\":\"STIKLA SERVISS\",\"description\":\"Stikla tirdzniec\u012bbas un stikla izstr\u0101d\u0101jumu ra\u017eo\u0161anas uz\u0146\u0113mums\",\"publisher\":{\"@id\":\"https:\/\/www.stikla-serviss.lv\/en\/#organization\"},\"potentialAction\":[{\"@type\":\"SearchAction\",\"target\":{\"@type\":\"EntryPoint\",\"urlTemplate\":\"https:\/\/www.stikla-serviss.lv\/en\/?s={search_term_string}\"},\"query-input\":{\"@type\":\"PropertyValueSpecification\",\"valueRequired\":true,\"valueName\":\"search_term_string\"}}],\"inLanguage\":\"en-US\"},{\"@type\":\"Organization\",\"@id\":\"https:\/\/www.stikla-serviss.lv\/en\/#organization\",\"name\":\"SIA \\\"STIKLA SERVISS\\\"\",\"url\":\"https:\/\/www.stikla-serviss.lv\/en\/\",\"logo\":{\"@type\":\"ImageObject\",\"inLanguage\":\"en-US\",\"@id\":\"https:\/\/www.stikla-serviss.lv\/en\/#\/schema\/logo\/image\/\",\"url\":\"https:\/\/www.stikla-serviss.lv\/wp-content\/uploads\/2020\/07\/LOGO-ISTS.jpg\",\"contentUrl\":\"https:\/\/www.stikla-serviss.lv\/wp-content\/uploads\/2020\/07\/LOGO-ISTS.jpg\",\"width\":1860,\"height\":817,\"caption\":\"SIA \\\"STIKLA SERVISS\\\"\"},\"image\":{\"@id\":\"https:\/\/www.stikla-serviss.lv\/en\/#\/schema\/logo\/image\/\"}}]}<\/script>\n<!-- \/ Yoast SEO plugin. -->","yoast_head_json":{"title":"GLASS DOORS- SAUNA DOOR - NATURAL L1800N - STIKLA SERVISS","description":"GLASS DOORS- SAUNA DOOR - NATURAL L1800N - STIKLA SERVISS","robots":{"index":"index","follow":"follow","max-snippet":"max-snippet:-1","max-image-preview":"max-image-preview:large","max-video-preview":"max-video-preview:-1"},"canonical":"https:\/\/www.stikla-serviss.lv\/en\/product\/stikla-durvis-saunas-durvis-natural-l1800n\/","og_locale":"en_US","og_type":"article","og_title":"GLASS DOORS- SAUNA DOOR - NATURAL L1800N - STIKLA SERVISS","og_description":"GLASS DOORS- SAUNA DOOR - NATURAL L1800N - STIKLA SERVISS","og_url":"https:\/\/www.stikla-serviss.lv\/en\/product\/stikla-durvis-saunas-durvis-natural-l1800n\/","og_site_name":"STIKLA SERVISS","article_modified_time":"2025-06-17T13:10:20+00:00","og_image":[{"width":2548,"height":2548,"url":"https:\/\/www.stikla-serviss.lv\/wp-content\/uploads\/2020\/10\/Natural-L1800N.png","type":"image\/png"}],"twitter_card":"summary_large_image","twitter_misc":{"Est. reading time":"1 minute"},"schema":{"@context":"https:\/\/schema.org","@graph":[{"@type":"WebPage","@id":"https:\/\/www.stikla-serviss.lv\/en\/product\/stikla-durvis-saunas-durvis-natural-l1800n\/","url":"https:\/\/www.stikla-serviss.lv\/en\/product\/stikla-durvis-saunas-durvis-natural-l1800n\/","name":"GLASS DOORS- SAUNA DOOR - NATURAL L1800N - STIKLA SERVISS","isPartOf":{"@id":"https:\/\/www.stikla-serviss.lv\/en\/#website"},"primaryImageOfPage":{"@id":"https:\/\/www.stikla-serviss.lv\/en\/product\/stikla-durvis-saunas-durvis-natural-l1800n\/#primaryimage"},"image":{"@id":"https:\/\/www.stikla-serviss.lv\/en\/product\/stikla-durvis-saunas-durvis-natural-l1800n\/#primaryimage"},"thumbnailUrl":"https:\/\/www.stikla-serviss.lv\/wp-content\/uploads\/2020\/10\/Natural-L1800N.png","datePublished":"2020-07-06T17:58:56+00:00","dateModified":"2025-06-17T13:10:20+00:00","description":"GLASS DOORS- SAUNA DOOR - NATURAL L1800N - STIKLA SERVISS","breadcrumb":{"@id":"https:\/\/www.stikla-serviss.lv\/en\/product\/stikla-durvis-saunas-durvis-natural-l1800n\/#breadcrumb"},"inLanguage":"en-US","potentialAction":[{"@type":"ReadAction","target":["https:\/\/www.stikla-serviss.lv\/en\/product\/stikla-durvis-saunas-durvis-natural-l1800n\/"]}]},{"@type":"ImageObject","inLanguage":"en-US","@id":"https:\/\/www.stikla-serviss.lv\/en\/product\/stikla-durvis-saunas-durvis-natural-l1800n\/#primaryimage","url":"https:\/\/www.stikla-serviss.lv\/wp-content\/uploads\/2020\/10\/Natural-L1800N.png","contentUrl":"https:\/\/www.stikla-serviss.lv\/wp-content\/uploads\/2020\/10\/Natural-L1800N.png","width":2548,"height":2548},{"@type":"BreadcrumbList","@id":"https:\/\/www.stikla-serviss.lv\/en\/product\/stikla-durvis-saunas-durvis-natural-l1800n\/#breadcrumb","itemListElement":[{"@type":"ListItem","position":1,"name":"Home","item":"https:\/\/www.stikla-serviss.lv\/en\/"},{"@type":"ListItem","position":2,"name":"PRODUCTS","item":"https:\/\/www.stikla-serviss.lv\/en\/produkti\/"},{"@type":"ListItem","position":3,"name":"GLASS DOORS- SAUNA DOOR &#8211; NATURAL L1800N"}]},{"@type":"WebSite","@id":"https:\/\/www.stikla-serviss.lv\/en\/#website","url":"https:\/\/www.stikla-serviss.lv\/en\/","name":"STIKLA SERVISS","description":"Stikla tirdzniec\u012bbas un stikla izstr\u0101d\u0101jumu ra\u017eo\u0161anas uz\u0146\u0113mums","publisher":{"@id":"https:\/\/www.stikla-serviss.lv\/en\/#organization"},"potentialAction":[{"@type":"SearchAction","target":{"@type":"EntryPoint","urlTemplate":"https:\/\/www.stikla-serviss.lv\/en\/?s={search_term_string}"},"query-input":{"@type":"PropertyValueSpecification","valueRequired":true,"valueName":"search_term_string"}}],"inLanguage":"en-US"},{"@type":"Organization","@id":"https:\/\/www.stikla-serviss.lv\/en\/#organization","name":"SIA \"STIKLA SERVISS\"","url":"https:\/\/www.stikla-serviss.lv\/en\/","logo":{"@type":"ImageObject","inLanguage":"en-US","@id":"https:\/\/www.stikla-serviss.lv\/en\/#\/schema\/logo\/image\/","url":"https:\/\/www.stikla-serviss.lv\/wp-content\/uploads\/2020\/07\/LOGO-ISTS.jpg","contentUrl":"https:\/\/www.stikla-serviss.lv\/wp-content\/uploads\/2020\/07\/LOGO-ISTS.jpg","width":1860,"height":817,"caption":"SIA \"STIKLA SERVISS\""},"image":{"@id":"https:\/\/www.stikla-serviss.lv\/en\/#\/schema\/logo\/image\/"}}]}},"_links":{"self":[{"href":"https:\/\/www.stikla-serviss.lv\/en\/wp-json\/wp\/v2\/product\/5977","targetHints":{"allow":["GET"]}}],"collection":[{"href":"https:\/\/www.stikla-serviss.lv\/en\/wp-json\/wp\/v2\/product"}],"about":[{"href":"https:\/\/www.stikla-serviss.lv\/en\/wp-json\/wp\/v2\/types\/product"}],"wp:featuredmedia":[{"embeddable":true,"href":"https:\/\/www.stikla-serviss.lv\/en\/wp-json\/wp\/v2\/media\/6051"}],"wp:attachment":[{"href":"https:\/\/www.stikla-serviss.lv\/en\/wp-json\/wp\/v2\/media?parent=5977"}],"wp:term":[{"taxonomy":"product_brand","embeddable":true,"href":"https:\/\/www.stikla-serviss.lv\/en\/wp-json\/wp\/v2\/product_brand?post=5977"},{"taxonomy":"product_cat","embeddable":true,"href":"https:\/\/www.stikla-serviss.lv\/en\/wp-json\/wp\/v2\/product_cat?post=5977"},{"taxonomy":"product_tag","embeddable":true,"href":"https:\/\/www.stikla-serviss.lv\/en\/wp-json\/wp\/v2\/product_tag?post=5977"}],"curies":[{"name":"wp","href":"https:\/\/api.w.org\/{rel}","templated":true}]}}