{"id":6218,"date":"2020-10-27T13:50:19","date_gmt":"2020-10-27T10:50:19","guid":{"rendered":"https:\/\/www.stikla-serviss.lv\/product\/stikla-durvis-stikla-durvis-ar-aluminija-karbu-tvaika-pirtim-tvaika-pirts-durvis-lux-black-bronza\/"},"modified":"2021-10-26T15:23:38","modified_gmt":"2021-10-26T12:23:38","slug":"stikla-durvis-stikla-durvis-ar-aluminija-karbu-tvaika-pirtim-tvaika-pirts-durvis-lux-black-bronza","status":"publish","type":"product","link":"https:\/\/www.stikla-serviss.lv\/en\/product\/stikla-durvis-stikla-durvis-ar-aluminija-karbu-tvaika-pirtim-tvaika-pirts-durvis-lux-black-bronza\/","title":{"rendered":"GLASS DOORS &#8211; STEAM BATH DOOR (ALUMINUM BOX) &#8211; LUX BLACK BRONZE"},"content":{"rendered":"<p>&nbsp;<\/p>\n<table style=\"border-collapse: collapse; width: 100%; height: 332px;\">\n<tbody>\n<tr style=\"height: 332px;\">\n<td style=\"width: 50%; vertical-align: top; height: 332px;\">\n<table style=\"font-family: inherit; font-size: inherit; border-collapse: collapse; width: 99.5739%; height: 446px;\">\n<tbody>\n<tr>\n<td class=\"xl65\" style=\"width: 45.3968%; text-align: center;\" width=\"120\" height=\"21\">Doorway size<\/td>\n<td class=\"xl65\" style=\"width: 27.3016%; text-align: center;\" width=\"71\">Bronze, clear, gray<\/td>\n<td style=\"width: 71.1519%; text-align: center;\" width=\"71\">Matte bronze, clear, gray<\/td>\n<\/tr>\n<tr>\n<td class=\"xl66\" style=\"width: 45.3968%; text-align: center;\" height=\"20\">7\u00d719<\/td>\n<td class=\"xl67\" style=\"width: 27.3016%; text-align: center; height: 35px;\">789,60<\/td>\n<td class=\"xl67\" style=\"width: 71.1519%; text-align: center; height: 35px;\">879,75<\/td>\n<\/tr>\n<tr>\n<td class=\"xl66\" style=\"width: 45.3968%; text-align: center;\" height=\"20\">7\u00d720<\/td>\n<td class=\"xl67\" style=\"width: 27.3016%; text-align: center; height: 35px;\">833,75<\/td>\n<td class=\"xl67\" style=\"width: 71.1519%; text-align: center; height: 35px;\">891,25<\/td>\n<\/tr>\n<tr>\n<td class=\"xl66\" style=\"width: 45.3968%; text-align: center;\" height=\"20\">7\u00d721<\/td>\n<td class=\"xl67\" style=\"width: 27.3016%; text-align: center; height: 35px;\">845,25<\/td>\n<td class=\"xl67\" style=\"width: 71.1519%; text-align: center; height: 35px;\">902,75<\/td>\n<\/tr>\n<tr>\n<td class=\"xl66\" style=\"width: 45.3968%; text-align: center;\" height=\"20\">8\u00d719<\/td>\n<td class=\"xl67\" style=\"width: 27.3016%; text-align: center; height: 35px;\">856,75<\/td>\n<td class=\"xl67\" style=\"width: 71.1519%; text-align: center; height: 35px;\">914,25<\/td>\n<\/tr>\n<tr>\n<td class=\"xl66\" style=\"width: 45.3968%; text-align: center;\" height=\"20\">8\u00d720<\/td>\n<td class=\"xl67\" style=\"width: 27.3016%; text-align: center; height: 35px;\">868,25<\/td>\n<td class=\"xl67\" style=\"width: 71.1519%; text-align: center; height: 35px;\">925,75<\/td>\n<\/tr>\n<tr>\n<td class=\"xl66\" style=\"width: 45.3968%; text-align: center;\" height=\"20\">8\u00d721<\/td>\n<td class=\"xl67\" style=\"width: 27.3016%; text-align: center; height: 35px;\">874,00<\/td>\n<td class=\"xl67\" style=\"width: 71.1519%; text-align: center; height: 35px;\">937,25<\/td>\n<\/tr>\n<tr>\n<td class=\"xl66\" style=\"width: 45.3968%; text-align: center;\" height=\"20\">9\u00d719<\/td>\n<td class=\"xl67\" style=\"width: 27.3016%; text-align: center; height: 35px;\">879,75<\/td>\n<td class=\"xl67\" style=\"width: 71.1519%; text-align: center; height: 35px;\">948,75<\/td>\n<\/tr>\n<tr>\n<td class=\"xl66\" style=\"width: 45.3968%; text-align: center;\" height=\"20\">9\u00d720<\/td>\n<td class=\"xl67\" style=\"width: 27.3016%; text-align: center; height: 35px;\">891,25<\/td>\n<td class=\"xl67\" style=\"width: 71.1519%; text-align: center; height: 35px;\">960,25<\/td>\n<\/tr>\n<tr>\n<td class=\"xl66\" style=\"width: 45.3968%; text-align: center;\" height=\"20\">9\u00d721<\/td>\n<td class=\"xl67\" style=\"width: 27.3016%; text-align: center; height: 33px;\">902,75<\/td>\n<td class=\"xl67\" style=\"width: 71.1519%; text-align: center; height: 33px;\">971,75<\/td>\n<\/tr>\n<\/tbody>\n<\/table>\n<p>*All prices include VAT.<\/td>\n<td style=\"width: 50%; vertical-align: top; height: 332px;\"><div class=\"row\"  id=\"row-2132493394\">\r\n\r\n\n\t<div id=\"col-487798111\" class=\"col medium-6 small-12 large-6\"  >\n\t\t\t\t<div class=\"col-inner\"  >\n\t\t\t\n\t\t\t\r\n<p style=\"text-align: right;\">VINETA MIKITANE<\/p>\r\n<p style=\"text-align: right;\">Project manager<\/p>\r\n<p style=\"text-align: right;\">+371 67472933<\/p>\r\n<p style=\"text-align: right;\">\u00a0+371 20036026<\/p>\r\n<p style=\"text-align: right;\"><a id=\"contact_email_19\" href=\"mailto:vineta@stikla-serviss.lv\">vineta@stikla-serviss.lv<\/a><\/p>\r\n<p style=\"text-align: right;\"><a href=\"mailto:info@stikla-serviss.lv\">info@stikla-serviss.lv<\/a><\/p>\r\n\t\t<\/div>\n\t\t\t\t\t<\/div>\n\n\t\r\n\n\t<div id=\"col-160737217\" class=\"col medium-6 small-12 large-6\"  >\n\t\t\t\t<div class=\"col-inner\"  >\n\t\t\t\n\t\t\t\r\n\r\n\t<div class=\"img has-hover x md-x lg-x y md-y lg-y\" id=\"image_2040149246\">\n\t\t\t\t\t\t\t\t<div class=\"img-inner dark\" >\n\t\t\t<img loading=\"lazy\" decoding=\"async\" width=\"666\" height=\"800\" src=\"https:\/\/www.stikla-serviss.lv\/wp-content\/uploads\/2021\/03\/foto_LaumaKalnina-9989-scaled-e1614866226278-666x800.jpg\" class=\"attachment-large size-large\" alt=\"\" srcset=\"https:\/\/www.stikla-serviss.lv\/wp-content\/uploads\/2021\/03\/foto_LaumaKalnina-9989-scaled-e1614866226278-666x800.jpg 666w, https:\/\/www.stikla-serviss.lv\/wp-content\/uploads\/2021\/03\/foto_LaumaKalnina-9989-scaled-e1614866226278-247x296.jpg 247w, https:\/\/www.stikla-serviss.lv\/wp-content\/uploads\/2021\/03\/foto_LaumaKalnina-9989-scaled-e1614866226278-510x612.jpg 510w, https:\/\/www.stikla-serviss.lv\/wp-content\/uploads\/2021\/03\/foto_LaumaKalnina-9989-scaled-e1614866226278-333x400.jpg 333w, https:\/\/www.stikla-serviss.lv\/wp-content\/uploads\/2021\/03\/foto_LaumaKalnina-9989-scaled-e1614866226278-768x922.jpg 768w, https:\/\/www.stikla-serviss.lv\/wp-content\/uploads\/2021\/03\/foto_LaumaKalnina-9989-scaled-e1614866226278-1280x1536.jpg 1280w, https:\/\/www.stikla-serviss.lv\/wp-content\/uploads\/2021\/03\/foto_LaumaKalnina-9989-scaled-e1614866226278-350x420.jpg 350w, https:\/\/www.stikla-serviss.lv\/wp-content\/uploads\/2021\/03\/foto_LaumaKalnina-9989-scaled-e1614866226278.jpg 1706w\" sizes=\"auto, (max-width: 666px) 100vw, 666px\" \/>\t\t\t\t\t\t\n\t\t\t\t\t<\/div>\n\t\t\t\t\t\t\t\t\n<style>\n#image_2040149246 {\n  width: 100%;\n}\n<\/style>\n\t<\/div>\n\t\r\n\r\n\t\t<\/div>\n\t\t\t\t\t<\/div>\n\n\t\r\n\r\n<\/div><\/td>\n<\/tr>\n<\/tbody>\n<\/table>\n<p>&nbsp;<\/p>\n","protected":false},"excerpt":{"rendered":"<p>These doors are designed for rooms with high humidity (showers, steam baths). Steam or Roman baths have been known for several thousand years since ancient Roman times. These saunas have a relatively low temperature, around 45-50 degrees, and 100 % humidity, so the use of ordinary sauna doors with a wooden box in these saunas is not possible. The biggest difference between a steam bath door and a sauna door in terms of configuration is an aluminium box. An aluminum box is needed to prevent the door from being damaged by high humidity.<\/p>\n","protected":false},"featured_media":6215,"template":"","meta":[],"product_brand":[],"product_cat":[297,258],"product_tag":[],"class_list":{"0":"post-6218","1":"product","2":"type-product","3":"status-publish","4":"has-post-thumbnail","6":"product_cat-steam-bath-doors-aluminium-box","7":"product_cat-glass-doors","9":"first","10":"instock","11":"shipping-taxable","12":"product-type-simple"},"yoast_head":"<!-- This site is optimized with the Yoast SEO plugin v27.1.1 - https:\/\/yoast.com\/product\/yoast-seo-wordpress\/ -->\n<title>GLASS DOORS - STEAM BATH DOOR (ALUMINUM BOX) - LUX BLACK BRONZE - STIKLA SERVISS<\/title>\n<meta name=\"description\" content=\"GLASS DOORS - STEAM BATH DOOR (ALUMINUM BOX) - LUX BLACK BRONZE - STIKLA SERVISS\" \/>\n<meta name=\"robots\" content=\"index, follow, max-snippet:-1, max-image-preview:large, max-video-preview:-1\" \/>\n<link rel=\"canonical\" href=\"https:\/\/www.stikla-serviss.lv\/en\/product\/stikla-durvis-stikla-durvis-ar-aluminija-karbu-tvaika-pirtim-tvaika-pirts-durvis-lux-black-bronza\/\" \/>\n<meta property=\"og:locale\" content=\"en_US\" \/>\n<meta property=\"og:type\" content=\"article\" \/>\n<meta property=\"og:title\" content=\"GLASS DOORS - STEAM BATH DOOR (ALUMINUM BOX) - LUX BLACK BRONZE - STIKLA SERVISS\" \/>\n<meta property=\"og:description\" content=\"GLASS DOORS - STEAM BATH DOOR (ALUMINUM BOX) - LUX BLACK BRONZE - STIKLA SERVISS\" \/>\n<meta property=\"og:url\" content=\"https:\/\/www.stikla-serviss.lv\/en\/product\/stikla-durvis-stikla-durvis-ar-aluminija-karbu-tvaika-pirtim-tvaika-pirts-durvis-lux-black-bronza\/\" \/>\n<meta property=\"og:site_name\" content=\"STIKLA SERVISS\" \/>\n<meta property=\"article:modified_time\" content=\"2021-10-26T12:23:38+00:00\" \/>\n<meta property=\"og:image\" content=\"https:\/\/www.stikla-serviss.lv\/wp-content\/uploads\/2020\/10\/Lux-black-bronza.png\" \/>\n\t<meta property=\"og:image:width\" content=\"2548\" \/>\n\t<meta property=\"og:image:height\" content=\"2548\" \/>\n\t<meta property=\"og:image:type\" content=\"image\/png\" \/>\n<meta name=\"twitter:card\" content=\"summary_large_image\" \/>\n<meta name=\"twitter:label1\" content=\"Est. reading time\" \/>\n\t<meta name=\"twitter:data1\" content=\"1 minute\" \/>\n<script type=\"application\/ld+json\" class=\"yoast-schema-graph\">{\"@context\":\"https:\/\/schema.org\",\"@graph\":[{\"@type\":\"WebPage\",\"@id\":\"https:\/\/www.stikla-serviss.lv\/en\/product\/stikla-durvis-stikla-durvis-ar-aluminija-karbu-tvaika-pirtim-tvaika-pirts-durvis-lux-black-bronza\/\",\"url\":\"https:\/\/www.stikla-serviss.lv\/en\/product\/stikla-durvis-stikla-durvis-ar-aluminija-karbu-tvaika-pirtim-tvaika-pirts-durvis-lux-black-bronza\/\",\"name\":\"GLASS DOORS - STEAM BATH DOOR (ALUMINUM BOX) - LUX BLACK BRONZE - STIKLA SERVISS\",\"isPartOf\":{\"@id\":\"https:\/\/www.stikla-serviss.lv\/en\/#website\"},\"primaryImageOfPage\":{\"@id\":\"https:\/\/www.stikla-serviss.lv\/en\/product\/stikla-durvis-stikla-durvis-ar-aluminija-karbu-tvaika-pirtim-tvaika-pirts-durvis-lux-black-bronza\/#primaryimage\"},\"image\":{\"@id\":\"https:\/\/www.stikla-serviss.lv\/en\/product\/stikla-durvis-stikla-durvis-ar-aluminija-karbu-tvaika-pirtim-tvaika-pirts-durvis-lux-black-bronza\/#primaryimage\"},\"thumbnailUrl\":\"https:\/\/www.stikla-serviss.lv\/wp-content\/uploads\/2020\/10\/Lux-black-bronza.png\",\"datePublished\":\"2020-10-27T10:50:19+00:00\",\"dateModified\":\"2021-10-26T12:23:38+00:00\",\"description\":\"GLASS DOORS - STEAM BATH DOOR (ALUMINUM BOX) - LUX BLACK BRONZE - STIKLA SERVISS\",\"breadcrumb\":{\"@id\":\"https:\/\/www.stikla-serviss.lv\/en\/product\/stikla-durvis-stikla-durvis-ar-aluminija-karbu-tvaika-pirtim-tvaika-pirts-durvis-lux-black-bronza\/#breadcrumb\"},\"inLanguage\":\"en-US\",\"potentialAction\":[{\"@type\":\"ReadAction\",\"target\":[\"https:\/\/www.stikla-serviss.lv\/en\/product\/stikla-durvis-stikla-durvis-ar-aluminija-karbu-tvaika-pirtim-tvaika-pirts-durvis-lux-black-bronza\/\"]}]},{\"@type\":\"ImageObject\",\"inLanguage\":\"en-US\",\"@id\":\"https:\/\/www.stikla-serviss.lv\/en\/product\/stikla-durvis-stikla-durvis-ar-aluminija-karbu-tvaika-pirtim-tvaika-pirts-durvis-lux-black-bronza\/#primaryimage\",\"url\":\"https:\/\/www.stikla-serviss.lv\/wp-content\/uploads\/2020\/10\/Lux-black-bronza.png\",\"contentUrl\":\"https:\/\/www.stikla-serviss.lv\/wp-content\/uploads\/2020\/10\/Lux-black-bronza.png\",\"width\":2548,\"height\":2548},{\"@type\":\"BreadcrumbList\",\"@id\":\"https:\/\/www.stikla-serviss.lv\/en\/product\/stikla-durvis-stikla-durvis-ar-aluminija-karbu-tvaika-pirtim-tvaika-pirts-durvis-lux-black-bronza\/#breadcrumb\",\"itemListElement\":[{\"@type\":\"ListItem\",\"position\":1,\"name\":\"Home\",\"item\":\"https:\/\/www.stikla-serviss.lv\/en\/\"},{\"@type\":\"ListItem\",\"position\":2,\"name\":\"PRODUCTS\",\"item\":\"https:\/\/www.stikla-serviss.lv\/en\/produkti\/\"},{\"@type\":\"ListItem\",\"position\":3,\"name\":\"GLASS DOORS &#8211; STEAM BATH DOOR (ALUMINUM BOX) &#8211; LUX BLACK BRONZE\"}]},{\"@type\":\"WebSite\",\"@id\":\"https:\/\/www.stikla-serviss.lv\/en\/#website\",\"url\":\"https:\/\/www.stikla-serviss.lv\/en\/\",\"name\":\"STIKLA SERVISS\",\"description\":\"Stikla tirdzniec\u012bbas un stikla izstr\u0101d\u0101jumu ra\u017eo\u0161anas uz\u0146\u0113mums\",\"publisher\":{\"@id\":\"https:\/\/www.stikla-serviss.lv\/en\/#organization\"},\"potentialAction\":[{\"@type\":\"SearchAction\",\"target\":{\"@type\":\"EntryPoint\",\"urlTemplate\":\"https:\/\/www.stikla-serviss.lv\/en\/?s={search_term_string}\"},\"query-input\":{\"@type\":\"PropertyValueSpecification\",\"valueRequired\":true,\"valueName\":\"search_term_string\"}}],\"inLanguage\":\"en-US\"},{\"@type\":\"Organization\",\"@id\":\"https:\/\/www.stikla-serviss.lv\/en\/#organization\",\"name\":\"SIA \\\"STIKLA SERVISS\\\"\",\"url\":\"https:\/\/www.stikla-serviss.lv\/en\/\",\"logo\":{\"@type\":\"ImageObject\",\"inLanguage\":\"en-US\",\"@id\":\"https:\/\/www.stikla-serviss.lv\/en\/#\/schema\/logo\/image\/\",\"url\":\"https:\/\/www.stikla-serviss.lv\/wp-content\/uploads\/2020\/07\/LOGO-ISTS.jpg\",\"contentUrl\":\"https:\/\/www.stikla-serviss.lv\/wp-content\/uploads\/2020\/07\/LOGO-ISTS.jpg\",\"width\":1860,\"height\":817,\"caption\":\"SIA \\\"STIKLA SERVISS\\\"\"},\"image\":{\"@id\":\"https:\/\/www.stikla-serviss.lv\/en\/#\/schema\/logo\/image\/\"}}]}<\/script>\n<!-- \/ Yoast SEO plugin. -->","yoast_head_json":{"title":"GLASS DOORS - STEAM BATH DOOR (ALUMINUM BOX) - LUX BLACK BRONZE - STIKLA SERVISS","description":"GLASS DOORS - STEAM BATH DOOR (ALUMINUM BOX) - LUX BLACK BRONZE - STIKLA SERVISS","robots":{"index":"index","follow":"follow","max-snippet":"max-snippet:-1","max-image-preview":"max-image-preview:large","max-video-preview":"max-video-preview:-1"},"canonical":"https:\/\/www.stikla-serviss.lv\/en\/product\/stikla-durvis-stikla-durvis-ar-aluminija-karbu-tvaika-pirtim-tvaika-pirts-durvis-lux-black-bronza\/","og_locale":"en_US","og_type":"article","og_title":"GLASS DOORS - STEAM BATH DOOR (ALUMINUM BOX) - LUX BLACK BRONZE - STIKLA SERVISS","og_description":"GLASS DOORS - STEAM BATH DOOR (ALUMINUM BOX) - LUX BLACK BRONZE - STIKLA SERVISS","og_url":"https:\/\/www.stikla-serviss.lv\/en\/product\/stikla-durvis-stikla-durvis-ar-aluminija-karbu-tvaika-pirtim-tvaika-pirts-durvis-lux-black-bronza\/","og_site_name":"STIKLA SERVISS","article_modified_time":"2021-10-26T12:23:38+00:00","og_image":[{"width":2548,"height":2548,"url":"https:\/\/www.stikla-serviss.lv\/wp-content\/uploads\/2020\/10\/Lux-black-bronza.png","type":"image\/png"}],"twitter_card":"summary_large_image","twitter_misc":{"Est. reading time":"1 minute"},"schema":{"@context":"https:\/\/schema.org","@graph":[{"@type":"WebPage","@id":"https:\/\/www.stikla-serviss.lv\/en\/product\/stikla-durvis-stikla-durvis-ar-aluminija-karbu-tvaika-pirtim-tvaika-pirts-durvis-lux-black-bronza\/","url":"https:\/\/www.stikla-serviss.lv\/en\/product\/stikla-durvis-stikla-durvis-ar-aluminija-karbu-tvaika-pirtim-tvaika-pirts-durvis-lux-black-bronza\/","name":"GLASS DOORS - STEAM BATH DOOR (ALUMINUM BOX) - LUX BLACK BRONZE - STIKLA SERVISS","isPartOf":{"@id":"https:\/\/www.stikla-serviss.lv\/en\/#website"},"primaryImageOfPage":{"@id":"https:\/\/www.stikla-serviss.lv\/en\/product\/stikla-durvis-stikla-durvis-ar-aluminija-karbu-tvaika-pirtim-tvaika-pirts-durvis-lux-black-bronza\/#primaryimage"},"image":{"@id":"https:\/\/www.stikla-serviss.lv\/en\/product\/stikla-durvis-stikla-durvis-ar-aluminija-karbu-tvaika-pirtim-tvaika-pirts-durvis-lux-black-bronza\/#primaryimage"},"thumbnailUrl":"https:\/\/www.stikla-serviss.lv\/wp-content\/uploads\/2020\/10\/Lux-black-bronza.png","datePublished":"2020-10-27T10:50:19+00:00","dateModified":"2021-10-26T12:23:38+00:00","description":"GLASS DOORS - STEAM BATH DOOR (ALUMINUM BOX) - LUX BLACK BRONZE - STIKLA SERVISS","breadcrumb":{"@id":"https:\/\/www.stikla-serviss.lv\/en\/product\/stikla-durvis-stikla-durvis-ar-aluminija-karbu-tvaika-pirtim-tvaika-pirts-durvis-lux-black-bronza\/#breadcrumb"},"inLanguage":"en-US","potentialAction":[{"@type":"ReadAction","target":["https:\/\/www.stikla-serviss.lv\/en\/product\/stikla-durvis-stikla-durvis-ar-aluminija-karbu-tvaika-pirtim-tvaika-pirts-durvis-lux-black-bronza\/"]}]},{"@type":"ImageObject","inLanguage":"en-US","@id":"https:\/\/www.stikla-serviss.lv\/en\/product\/stikla-durvis-stikla-durvis-ar-aluminija-karbu-tvaika-pirtim-tvaika-pirts-durvis-lux-black-bronza\/#primaryimage","url":"https:\/\/www.stikla-serviss.lv\/wp-content\/uploads\/2020\/10\/Lux-black-bronza.png","contentUrl":"https:\/\/www.stikla-serviss.lv\/wp-content\/uploads\/2020\/10\/Lux-black-bronza.png","width":2548,"height":2548},{"@type":"BreadcrumbList","@id":"https:\/\/www.stikla-serviss.lv\/en\/product\/stikla-durvis-stikla-durvis-ar-aluminija-karbu-tvaika-pirtim-tvaika-pirts-durvis-lux-black-bronza\/#breadcrumb","itemListElement":[{"@type":"ListItem","position":1,"name":"Home","item":"https:\/\/www.stikla-serviss.lv\/en\/"},{"@type":"ListItem","position":2,"name":"PRODUCTS","item":"https:\/\/www.stikla-serviss.lv\/en\/produkti\/"},{"@type":"ListItem","position":3,"name":"GLASS DOORS &#8211; STEAM BATH DOOR (ALUMINUM BOX) &#8211; LUX BLACK BRONZE"}]},{"@type":"WebSite","@id":"https:\/\/www.stikla-serviss.lv\/en\/#website","url":"https:\/\/www.stikla-serviss.lv\/en\/","name":"STIKLA SERVISS","description":"Stikla tirdzniec\u012bbas un stikla izstr\u0101d\u0101jumu ra\u017eo\u0161anas uz\u0146\u0113mums","publisher":{"@id":"https:\/\/www.stikla-serviss.lv\/en\/#organization"},"potentialAction":[{"@type":"SearchAction","target":{"@type":"EntryPoint","urlTemplate":"https:\/\/www.stikla-serviss.lv\/en\/?s={search_term_string}"},"query-input":{"@type":"PropertyValueSpecification","valueRequired":true,"valueName":"search_term_string"}}],"inLanguage":"en-US"},{"@type":"Organization","@id":"https:\/\/www.stikla-serviss.lv\/en\/#organization","name":"SIA \"STIKLA SERVISS\"","url":"https:\/\/www.stikla-serviss.lv\/en\/","logo":{"@type":"ImageObject","inLanguage":"en-US","@id":"https:\/\/www.stikla-serviss.lv\/en\/#\/schema\/logo\/image\/","url":"https:\/\/www.stikla-serviss.lv\/wp-content\/uploads\/2020\/07\/LOGO-ISTS.jpg","contentUrl":"https:\/\/www.stikla-serviss.lv\/wp-content\/uploads\/2020\/07\/LOGO-ISTS.jpg","width":1860,"height":817,"caption":"SIA \"STIKLA SERVISS\""},"image":{"@id":"https:\/\/www.stikla-serviss.lv\/en\/#\/schema\/logo\/image\/"}}]}},"_links":{"self":[{"href":"https:\/\/www.stikla-serviss.lv\/en\/wp-json\/wp\/v2\/product\/6218","targetHints":{"allow":["GET"]}}],"collection":[{"href":"https:\/\/www.stikla-serviss.lv\/en\/wp-json\/wp\/v2\/product"}],"about":[{"href":"https:\/\/www.stikla-serviss.lv\/en\/wp-json\/wp\/v2\/types\/product"}],"wp:featuredmedia":[{"embeddable":true,"href":"https:\/\/www.stikla-serviss.lv\/en\/wp-json\/wp\/v2\/media\/6215"}],"wp:attachment":[{"href":"https:\/\/www.stikla-serviss.lv\/en\/wp-json\/wp\/v2\/media?parent=6218"}],"wp:term":[{"taxonomy":"product_brand","embeddable":true,"href":"https:\/\/www.stikla-serviss.lv\/en\/wp-json\/wp\/v2\/product_brand?post=6218"},{"taxonomy":"product_cat","embeddable":true,"href":"https:\/\/www.stikla-serviss.lv\/en\/wp-json\/wp\/v2\/product_cat?post=6218"},{"taxonomy":"product_tag","embeddable":true,"href":"https:\/\/www.stikla-serviss.lv\/en\/wp-json\/wp\/v2\/product_tag?post=6218"}],"curies":[{"name":"wp","href":"https:\/\/api.w.org\/{rel}","templated":true}]}}