{"id":6325,"date":"2020-07-07T13:13:51","date_gmt":"2020-07-07T10:13:51","guid":{"rendered":"https:\/\/www.stikla-serviss.lv\/product\/stikla-durvis-stikla-ieksdurvis-stikla-ieksdurvis-lasna\/"},"modified":"2021-01-05T17:21:50","modified_gmt":"2021-01-05T14:21:50","slug":"stikla-durvis-stikla-ieksdurvis-stikla-ieksdurvis-lasna","status":"publish","type":"product","link":"https:\/\/www.stikla-serviss.lv\/en\/product\/stikla-durvis-stikla-ieksdurvis-stikla-ieksdurvis-lasna\/","title":{"rendered":"GLASS DOORS &#8211; INTERIOR DOOR &#8211; LASNA"},"content":{"rendered":"<p>&nbsp;<\/p>\n<table style=\"border-collapse: collapse; width: 100%; height: 332px;\">\n<tbody>\n<tr style=\"height: 332px;\">\n<td style=\"width: 50%; vertical-align: top; height: 332px;\">&nbsp;<\/p>\n<table style=\"border-collapse: collapse; width: 82.40324724059452%; height: 247px;\">\n<tbody>\n<tr style=\"height: 91px;\">\n<td class=\"xl65\" style=\"width: 42.66666666666667%; height: 91px;\" width=\"135\" height=\"21\">Size<\/td>\n<td class=\"xl65\" style=\"width: 30.133333333333333%; height: 91px;\" width=\"251\">Glass bronze\/gray\/ clear<\/td>\n<td class=\"xl65\" style=\"width: 26.93333333333333%; height: 91px;\" width=\"311\">Glass matte: bronze\/gray\/ clear<\/td>\n<\/tr>\n<tr style=\"height: 26px;\">\n<td class=\"xl65\" style=\"width: 42.66666666666667%; height: 26px;\" height=\"21\">7&#215;20 (690&#215;1990)<\/td>\n<td class=\"xl66\" style=\"width: 30.133333333333333%; height: 26px;\" align=\"right\">244 \u20ac<\/td>\n<td class=\"xl66\" style=\"width: 26.93333333333333%; height: 26px;\" align=\"right\">294 \u20ac<\/td>\n<\/tr>\n<tr style=\"height: 27px;\">\n<td class=\"xl65\" style=\"width: 42.66666666666667%; height: 27px;\" height=\"21\">7&#215;21 (690&#215;2090)<\/td>\n<td class=\"xl66\" style=\"width: 30.133333333333333%; height: 27px;\" align=\"right\">244 \u20ac<\/td>\n<td class=\"xl66\" style=\"width: 26.93333333333333%; height: 27px;\" align=\"right\">294 \u20ac<\/td>\n<\/tr>\n<tr style=\"height: 26px;\">\n<td class=\"xl65\" style=\"width: 42.66666666666667%; height: 26px;\" height=\"21\">8&#215;20 (790&#215;1990)<\/td>\n<td class=\"xl66\" style=\"width: 30.133333333333333%; height: 26px;\" align=\"right\">274 \u20ac<\/td>\n<td class=\"xl66\" style=\"width: 26.93333333333333%; height: 26px;\" align=\"right\">324 \u20ac<\/td>\n<\/tr>\n<tr style=\"height: 25px;\">\n<td class=\"xl65\" style=\"width: 42.66666666666667%; height: 25px;\" height=\"21\">8&#215;21 (790&#215;2090)<\/td>\n<td class=\"xl66\" style=\"width: 30.133333333333333%; height: 25px;\" align=\"right\">274 \u20ac<\/td>\n<td class=\"xl66\" style=\"width: 26.93333333333333%; height: 25px;\" align=\"right\">324 \u20ac<\/td>\n<\/tr>\n<tr style=\"height: 26px;\">\n<td class=\"xl65\" style=\"width: 42.66666666666667%; height: 26px;\" height=\"21\">9&#215;20 (890&#215;1990)<\/td>\n<td class=\"xl66\" style=\"width: 30.133333333333333%; height: 26px;\" align=\"right\">304 \u20ac<\/td>\n<td class=\"xl66\" style=\"width: 26.93333333333333%; height: 26px;\" align=\"right\">354 \u20ac<\/td>\n<\/tr>\n<tr style=\"height: 26px;\">\n<td class=\"xl65\" style=\"width: 42.66666666666667%; height: 26px;\" height=\"21\">9&#215;21 (890&#215;2090)<\/td>\n<td class=\"xl66\" style=\"width: 30.133333333333333%; height: 26px;\" align=\"right\">304 \u20ac<\/td>\n<td class=\"xl66\" style=\"width: 26.93333333333333%; height: 26px;\" align=\"right\">354 \u20ac<\/td>\n<\/tr>\n<\/tbody>\n<\/table>\n<p>&nbsp;<\/td>\n<td style=\"width: 50%; vertical-align: top; height: 332px;\"><div class=\"row\"  id=\"row-1360795651\">\r\n\r\n\n\t<div id=\"col-691060297\" class=\"col medium-6 small-12 large-6\"  >\n\t\t\t\t<div class=\"col-inner\"  >\n\t\t\t\n\t\t\t\r\n<p style=\"text-align: right;\">VINETA MIKITANE<\/p>\r\n<p style=\"text-align: right;\">Project manager<\/p>\r\n<p style=\"text-align: right;\">+371 67472933<\/p>\r\n<p style=\"text-align: right;\">\u00a0+371 20036026<\/p>\r\n<p style=\"text-align: right;\"><a id=\"contact_email_19\" href=\"mailto:vineta@stikla-serviss.lv\">vineta@stikla-serviss.lv<\/a><\/p>\r\n<p style=\"text-align: right;\"><a href=\"mailto:info@stikla-serviss.lv\">info@stikla-serviss.lv<\/a><\/p>\r\n\t\t<\/div>\n\t\t\t\t\t<\/div>\n\n\t\r\n\n\t<div id=\"col-166983544\" class=\"col medium-6 small-12 large-6\"  >\n\t\t\t\t<div class=\"col-inner\"  >\n\t\t\t\n\t\t\t\r\n\r\n\t<div class=\"img has-hover x md-x lg-x y md-y lg-y\" id=\"image_576351329\">\n\t\t\t\t\t\t\t\t<div class=\"img-inner dark\" >\n\t\t\t<img loading=\"lazy\" decoding=\"async\" width=\"666\" height=\"800\" src=\"https:\/\/www.stikla-serviss.lv\/wp-content\/uploads\/2021\/03\/foto_LaumaKalnina-9989-scaled-e1614866226278-666x800.jpg\" class=\"attachment-large size-large\" alt=\"\" srcset=\"https:\/\/www.stikla-serviss.lv\/wp-content\/uploads\/2021\/03\/foto_LaumaKalnina-9989-scaled-e1614866226278-666x800.jpg 666w, https:\/\/www.stikla-serviss.lv\/wp-content\/uploads\/2021\/03\/foto_LaumaKalnina-9989-scaled-e1614866226278-247x296.jpg 247w, https:\/\/www.stikla-serviss.lv\/wp-content\/uploads\/2021\/03\/foto_LaumaKalnina-9989-scaled-e1614866226278-510x612.jpg 510w, https:\/\/www.stikla-serviss.lv\/wp-content\/uploads\/2021\/03\/foto_LaumaKalnina-9989-scaled-e1614866226278-333x400.jpg 333w, https:\/\/www.stikla-serviss.lv\/wp-content\/uploads\/2021\/03\/foto_LaumaKalnina-9989-scaled-e1614866226278-768x922.jpg 768w, https:\/\/www.stikla-serviss.lv\/wp-content\/uploads\/2021\/03\/foto_LaumaKalnina-9989-scaled-e1614866226278-1280x1536.jpg 1280w, https:\/\/www.stikla-serviss.lv\/wp-content\/uploads\/2021\/03\/foto_LaumaKalnina-9989-scaled-e1614866226278-350x420.jpg 350w, https:\/\/www.stikla-serviss.lv\/wp-content\/uploads\/2021\/03\/foto_LaumaKalnina-9989-scaled-e1614866226278.jpg 1706w\" sizes=\"auto, (max-width: 666px) 100vw, 666px\" \/>\t\t\t\t\t\t\n\t\t\t\t\t<\/div>\n\t\t\t\t\t\t\t\t\n<style>\n#image_576351329 {\n  width: 100%;\n}\n<\/style>\n\t<\/div>\n\t\r\n\r\n\t\t<\/div>\n\t\t\t\t\t<\/div>\n\n\t\r\n\r\n<\/div><\/td>\n<\/tr>\n<\/tbody>\n<\/table>\n<p>&nbsp;<\/p>\n","protected":false},"excerpt":{"rendered":"<p>Andres interior doors are assembled with high-quality fittings \u2013 durable Stremler hinges and secure lock. 8 mm thick tempered glass, box seal. The door has a universal direction of opening. White painted wooden box 92&#215;42 mm.<\/p>\n","protected":false},"featured_media":6283,"template":"","meta":[],"product_brand":[],"product_cat":[296,258],"product_tag":[],"class_list":{"0":"post-6325","1":"product","2":"type-product","3":"status-publish","4":"has-post-thumbnail","6":"product_cat-interior-doors","7":"product_cat-glass-doors","9":"first","10":"instock","11":"shipping-taxable","12":"product-type-simple"},"yoast_head":"<!-- This site is optimized with the Yoast SEO plugin v27.1.1 - https:\/\/yoast.com\/product\/yoast-seo-wordpress\/ -->\n<title>GLASS DOORS - INTERIOR DOOR - LASNA - STIKLA SERVISS<\/title>\n<meta name=\"description\" content=\"GLASS DOORS - INTERIOR DOOR - LASNA - STIKLA SERVISS\" \/>\n<meta name=\"robots\" content=\"index, follow, max-snippet:-1, max-image-preview:large, max-video-preview:-1\" \/>\n<link rel=\"canonical\" href=\"https:\/\/www.stikla-serviss.lv\/en\/product\/stikla-durvis-stikla-ieksdurvis-stikla-ieksdurvis-lasna\/\" \/>\n<meta property=\"og:locale\" content=\"en_US\" \/>\n<meta property=\"og:type\" content=\"article\" \/>\n<meta property=\"og:title\" content=\"GLASS DOORS - INTERIOR DOOR - LASNA - STIKLA SERVISS\" \/>\n<meta property=\"og:description\" content=\"GLASS DOORS - INTERIOR DOOR - LASNA - STIKLA SERVISS\" \/>\n<meta property=\"og:url\" content=\"https:\/\/www.stikla-serviss.lv\/en\/product\/stikla-durvis-stikla-ieksdurvis-stikla-ieksdurvis-lasna\/\" \/>\n<meta property=\"og:site_name\" content=\"STIKLA SERVISS\" \/>\n<meta property=\"article:modified_time\" content=\"2021-01-05T14:21:50+00:00\" \/>\n<meta property=\"og:image\" content=\"https:\/\/www.stikla-serviss.lv\/wp-content\/uploads\/2020\/07\/LASNA.png\" \/>\n\t<meta property=\"og:image:width\" content=\"2548\" \/>\n\t<meta property=\"og:image:height\" content=\"2548\" \/>\n\t<meta property=\"og:image:type\" content=\"image\/png\" \/>\n<meta name=\"twitter:card\" content=\"summary_large_image\" \/>\n<script type=\"application\/ld+json\" class=\"yoast-schema-graph\">{\"@context\":\"https:\/\/schema.org\",\"@graph\":[{\"@type\":\"WebPage\",\"@id\":\"https:\/\/www.stikla-serviss.lv\/en\/product\/stikla-durvis-stikla-ieksdurvis-stikla-ieksdurvis-lasna\/\",\"url\":\"https:\/\/www.stikla-serviss.lv\/en\/product\/stikla-durvis-stikla-ieksdurvis-stikla-ieksdurvis-lasna\/\",\"name\":\"GLASS DOORS - INTERIOR DOOR - LASNA - STIKLA SERVISS\",\"isPartOf\":{\"@id\":\"https:\/\/www.stikla-serviss.lv\/en\/#website\"},\"primaryImageOfPage\":{\"@id\":\"https:\/\/www.stikla-serviss.lv\/en\/product\/stikla-durvis-stikla-ieksdurvis-stikla-ieksdurvis-lasna\/#primaryimage\"},\"image\":{\"@id\":\"https:\/\/www.stikla-serviss.lv\/en\/product\/stikla-durvis-stikla-ieksdurvis-stikla-ieksdurvis-lasna\/#primaryimage\"},\"thumbnailUrl\":\"https:\/\/www.stikla-serviss.lv\/wp-content\/uploads\/2020\/07\/LASNA.png\",\"datePublished\":\"2020-07-07T10:13:51+00:00\",\"dateModified\":\"2021-01-05T14:21:50+00:00\",\"description\":\"GLASS DOORS - INTERIOR DOOR - LASNA - STIKLA SERVISS\",\"breadcrumb\":{\"@id\":\"https:\/\/www.stikla-serviss.lv\/en\/product\/stikla-durvis-stikla-ieksdurvis-stikla-ieksdurvis-lasna\/#breadcrumb\"},\"inLanguage\":\"en-US\",\"potentialAction\":[{\"@type\":\"ReadAction\",\"target\":[\"https:\/\/www.stikla-serviss.lv\/en\/product\/stikla-durvis-stikla-ieksdurvis-stikla-ieksdurvis-lasna\/\"]}]},{\"@type\":\"ImageObject\",\"inLanguage\":\"en-US\",\"@id\":\"https:\/\/www.stikla-serviss.lv\/en\/product\/stikla-durvis-stikla-ieksdurvis-stikla-ieksdurvis-lasna\/#primaryimage\",\"url\":\"https:\/\/www.stikla-serviss.lv\/wp-content\/uploads\/2020\/07\/LASNA.png\",\"contentUrl\":\"https:\/\/www.stikla-serviss.lv\/wp-content\/uploads\/2020\/07\/LASNA.png\",\"width\":2548,\"height\":2548},{\"@type\":\"BreadcrumbList\",\"@id\":\"https:\/\/www.stikla-serviss.lv\/en\/product\/stikla-durvis-stikla-ieksdurvis-stikla-ieksdurvis-lasna\/#breadcrumb\",\"itemListElement\":[{\"@type\":\"ListItem\",\"position\":1,\"name\":\"Home\",\"item\":\"https:\/\/www.stikla-serviss.lv\/en\/\"},{\"@type\":\"ListItem\",\"position\":2,\"name\":\"PRODUCTS\",\"item\":\"https:\/\/www.stikla-serviss.lv\/en\/produkti\/\"},{\"@type\":\"ListItem\",\"position\":3,\"name\":\"GLASS DOORS &#8211; INTERIOR DOOR &#8211; LASNA\"}]},{\"@type\":\"WebSite\",\"@id\":\"https:\/\/www.stikla-serviss.lv\/en\/#website\",\"url\":\"https:\/\/www.stikla-serviss.lv\/en\/\",\"name\":\"STIKLA SERVISS\",\"description\":\"Stikla tirdzniec\u012bbas un stikla izstr\u0101d\u0101jumu ra\u017eo\u0161anas uz\u0146\u0113mums\",\"publisher\":{\"@id\":\"https:\/\/www.stikla-serviss.lv\/en\/#organization\"},\"potentialAction\":[{\"@type\":\"SearchAction\",\"target\":{\"@type\":\"EntryPoint\",\"urlTemplate\":\"https:\/\/www.stikla-serviss.lv\/en\/?s={search_term_string}\"},\"query-input\":{\"@type\":\"PropertyValueSpecification\",\"valueRequired\":true,\"valueName\":\"search_term_string\"}}],\"inLanguage\":\"en-US\"},{\"@type\":\"Organization\",\"@id\":\"https:\/\/www.stikla-serviss.lv\/en\/#organization\",\"name\":\"SIA \\\"STIKLA SERVISS\\\"\",\"url\":\"https:\/\/www.stikla-serviss.lv\/en\/\",\"logo\":{\"@type\":\"ImageObject\",\"inLanguage\":\"en-US\",\"@id\":\"https:\/\/www.stikla-serviss.lv\/en\/#\/schema\/logo\/image\/\",\"url\":\"https:\/\/www.stikla-serviss.lv\/wp-content\/uploads\/2020\/07\/LOGO-ISTS.jpg\",\"contentUrl\":\"https:\/\/www.stikla-serviss.lv\/wp-content\/uploads\/2020\/07\/LOGO-ISTS.jpg\",\"width\":1860,\"height\":817,\"caption\":\"SIA \\\"STIKLA SERVISS\\\"\"},\"image\":{\"@id\":\"https:\/\/www.stikla-serviss.lv\/en\/#\/schema\/logo\/image\/\"}}]}<\/script>\n<!-- \/ Yoast SEO plugin. -->","yoast_head_json":{"title":"GLASS DOORS - INTERIOR DOOR - LASNA - STIKLA SERVISS","description":"GLASS DOORS - INTERIOR DOOR - LASNA - STIKLA SERVISS","robots":{"index":"index","follow":"follow","max-snippet":"max-snippet:-1","max-image-preview":"max-image-preview:large","max-video-preview":"max-video-preview:-1"},"canonical":"https:\/\/www.stikla-serviss.lv\/en\/product\/stikla-durvis-stikla-ieksdurvis-stikla-ieksdurvis-lasna\/","og_locale":"en_US","og_type":"article","og_title":"GLASS DOORS - INTERIOR DOOR - LASNA - STIKLA SERVISS","og_description":"GLASS DOORS - INTERIOR DOOR - LASNA - STIKLA SERVISS","og_url":"https:\/\/www.stikla-serviss.lv\/en\/product\/stikla-durvis-stikla-ieksdurvis-stikla-ieksdurvis-lasna\/","og_site_name":"STIKLA SERVISS","article_modified_time":"2021-01-05T14:21:50+00:00","og_image":[{"width":2548,"height":2548,"url":"https:\/\/www.stikla-serviss.lv\/wp-content\/uploads\/2020\/07\/LASNA.png","type":"image\/png"}],"twitter_card":"summary_large_image","schema":{"@context":"https:\/\/schema.org","@graph":[{"@type":"WebPage","@id":"https:\/\/www.stikla-serviss.lv\/en\/product\/stikla-durvis-stikla-ieksdurvis-stikla-ieksdurvis-lasna\/","url":"https:\/\/www.stikla-serviss.lv\/en\/product\/stikla-durvis-stikla-ieksdurvis-stikla-ieksdurvis-lasna\/","name":"GLASS DOORS - INTERIOR DOOR - LASNA - STIKLA SERVISS","isPartOf":{"@id":"https:\/\/www.stikla-serviss.lv\/en\/#website"},"primaryImageOfPage":{"@id":"https:\/\/www.stikla-serviss.lv\/en\/product\/stikla-durvis-stikla-ieksdurvis-stikla-ieksdurvis-lasna\/#primaryimage"},"image":{"@id":"https:\/\/www.stikla-serviss.lv\/en\/product\/stikla-durvis-stikla-ieksdurvis-stikla-ieksdurvis-lasna\/#primaryimage"},"thumbnailUrl":"https:\/\/www.stikla-serviss.lv\/wp-content\/uploads\/2020\/07\/LASNA.png","datePublished":"2020-07-07T10:13:51+00:00","dateModified":"2021-01-05T14:21:50+00:00","description":"GLASS DOORS - INTERIOR DOOR - LASNA - STIKLA SERVISS","breadcrumb":{"@id":"https:\/\/www.stikla-serviss.lv\/en\/product\/stikla-durvis-stikla-ieksdurvis-stikla-ieksdurvis-lasna\/#breadcrumb"},"inLanguage":"en-US","potentialAction":[{"@type":"ReadAction","target":["https:\/\/www.stikla-serviss.lv\/en\/product\/stikla-durvis-stikla-ieksdurvis-stikla-ieksdurvis-lasna\/"]}]},{"@type":"ImageObject","inLanguage":"en-US","@id":"https:\/\/www.stikla-serviss.lv\/en\/product\/stikla-durvis-stikla-ieksdurvis-stikla-ieksdurvis-lasna\/#primaryimage","url":"https:\/\/www.stikla-serviss.lv\/wp-content\/uploads\/2020\/07\/LASNA.png","contentUrl":"https:\/\/www.stikla-serviss.lv\/wp-content\/uploads\/2020\/07\/LASNA.png","width":2548,"height":2548},{"@type":"BreadcrumbList","@id":"https:\/\/www.stikla-serviss.lv\/en\/product\/stikla-durvis-stikla-ieksdurvis-stikla-ieksdurvis-lasna\/#breadcrumb","itemListElement":[{"@type":"ListItem","position":1,"name":"Home","item":"https:\/\/www.stikla-serviss.lv\/en\/"},{"@type":"ListItem","position":2,"name":"PRODUCTS","item":"https:\/\/www.stikla-serviss.lv\/en\/produkti\/"},{"@type":"ListItem","position":3,"name":"GLASS DOORS &#8211; INTERIOR DOOR &#8211; LASNA"}]},{"@type":"WebSite","@id":"https:\/\/www.stikla-serviss.lv\/en\/#website","url":"https:\/\/www.stikla-serviss.lv\/en\/","name":"STIKLA SERVISS","description":"Stikla tirdzniec\u012bbas un stikla izstr\u0101d\u0101jumu ra\u017eo\u0161anas uz\u0146\u0113mums","publisher":{"@id":"https:\/\/www.stikla-serviss.lv\/en\/#organization"},"potentialAction":[{"@type":"SearchAction","target":{"@type":"EntryPoint","urlTemplate":"https:\/\/www.stikla-serviss.lv\/en\/?s={search_term_string}"},"query-input":{"@type":"PropertyValueSpecification","valueRequired":true,"valueName":"search_term_string"}}],"inLanguage":"en-US"},{"@type":"Organization","@id":"https:\/\/www.stikla-serviss.lv\/en\/#organization","name":"SIA \"STIKLA SERVISS\"","url":"https:\/\/www.stikla-serviss.lv\/en\/","logo":{"@type":"ImageObject","inLanguage":"en-US","@id":"https:\/\/www.stikla-serviss.lv\/en\/#\/schema\/logo\/image\/","url":"https:\/\/www.stikla-serviss.lv\/wp-content\/uploads\/2020\/07\/LOGO-ISTS.jpg","contentUrl":"https:\/\/www.stikla-serviss.lv\/wp-content\/uploads\/2020\/07\/LOGO-ISTS.jpg","width":1860,"height":817,"caption":"SIA \"STIKLA SERVISS\""},"image":{"@id":"https:\/\/www.stikla-serviss.lv\/en\/#\/schema\/logo\/image\/"}}]}},"_links":{"self":[{"href":"https:\/\/www.stikla-serviss.lv\/en\/wp-json\/wp\/v2\/product\/6325","targetHints":{"allow":["GET"]}}],"collection":[{"href":"https:\/\/www.stikla-serviss.lv\/en\/wp-json\/wp\/v2\/product"}],"about":[{"href":"https:\/\/www.stikla-serviss.lv\/en\/wp-json\/wp\/v2\/types\/product"}],"wp:featuredmedia":[{"embeddable":true,"href":"https:\/\/www.stikla-serviss.lv\/en\/wp-json\/wp\/v2\/media\/6283"}],"wp:attachment":[{"href":"https:\/\/www.stikla-serviss.lv\/en\/wp-json\/wp\/v2\/media?parent=6325"}],"wp:term":[{"taxonomy":"product_brand","embeddable":true,"href":"https:\/\/www.stikla-serviss.lv\/en\/wp-json\/wp\/v2\/product_brand?post=6325"},{"taxonomy":"product_cat","embeddable":true,"href":"https:\/\/www.stikla-serviss.lv\/en\/wp-json\/wp\/v2\/product_cat?post=6325"},{"taxonomy":"product_tag","embeddable":true,"href":"https:\/\/www.stikla-serviss.lv\/en\/wp-json\/wp\/v2\/product_tag?post=6325"}],"curies":[{"name":"wp","href":"https:\/\/api.w.org\/{rel}","templated":true}]}}