{"id":64106,"date":"2024-07-12T15:51:50","date_gmt":"2024-07-12T12:51:50","guid":{"rendered":"https:\/\/www.stikla-serviss.lv\/?post_type=product&#038;p=64106"},"modified":"2025-12-22T12:55:10","modified_gmt":"2025-12-22T10:55:10","slug":"shower-door-luna","status":"publish","type":"product","link":"https:\/\/www.stikla-serviss.lv\/en\/product\/shower-door-luna\/","title":{"rendered":"SHOWER DOOR<p>LUNA <\/p>"},"content":{"rendered":"<table style=\"border-collapse: collapse; width: 100%; height: 163px;\" border=\"0\" cellspacing=\"0\" cellpadding=\"0\">\n<colgroup>\n<col width=\"52\" \/>\n<col width=\"103\" \/>\n<col width=\"119\" \/>\n<col width=\"149\" \/>\n<col width=\"103\" \/>\n<col width=\"77\" \/>\n<col width=\"112\" \/>\n<col width=\"80\" \/>\n<col width=\"137\" \/>\n<col width=\"85\" \/><\/colgroup>\n<tbody>\n<tr style=\"background-color: #999999;\">\n<td class=\"xl77\" style=\"text-align: center; width: 11.1111%; height: 21px;\"><span style=\"color: #ffffff;\">Code<\/span><\/td>\n<td class=\"xl77\" style=\"text-align: center; width: 6.73401%; height: 21px;\"><span style=\"color: #ffffff;\">Height (mm)<\/span><\/td>\n<td class=\"xl77\" style=\"text-align: center; width: 14.1414%; height: 21px;\"><span style=\"color: #ffffff;\">Adjustment A (mm)<\/span><\/td>\n<td class=\"xl77\" style=\"text-align: center; width: 13.2997%; height: 21px;\"><span style=\"color: #ffffff;\">Entrance width A1\u00a0 (mm)<\/span><\/td>\n<td class=\"xl65\" style=\"text-align: center; width: 7.57576%; height: 21px;\"><span style=\"color: #ffffff;\">Clear<\/span><\/td>\n<td class=\"xl65\" style=\"text-align: center; width: 10.4377%; height: 21px;\"><span style=\"color: #ffffff;\">Bronze or Gray<\/span><\/td>\n<td class=\"xl65\" style=\"text-align: center; width: 8.08081%; height: 21px;\"><span style=\"color: #ffffff;\">Matte White \/ Crepi<\/span><\/td>\n<td style=\"text-align: center; width: 11.4478%; height: 21px;\"><span style=\"color: #ffffff;\">Matte Bronze \/ Gray \/ Extra Clear<\/span><\/td>\n<td class=\"xl65\" style=\"text-align: center; width: 8.24916%; height: 21px;\"><span style=\"color: #ffffff;\">Matte extra clear<span style=\"font-size: 90%; color: #ffffff;\"> \/ Mirror \/ Linea<\/span><\/span><\/td>\n<\/tr>\n<tr>\n<td style=\"width: 11.1111%; text-align: center;\" width=\"89\"><span style=\"font-size: 90%;\">70LUN<\/span><\/td>\n<td class=\"xl79\" style=\"width: 6.73401%; text-align: center; height: 26px;\" align=\"right\" width=\"103\"><span style=\"font-size: 90%;\">2000<\/span><\/td>\n<td style=\"width: 14.1414%; text-align: center;\" width=\"66\"><span style=\"font-size: 90%;\">695-710<\/span><\/td>\n<td style=\"width: 13.2997%; text-align: center;\" width=\"66\"><span style=\"font-size: 90%;\">650<\/span><\/td>\n<td style=\"width: 7.57576%; text-align: center;\" width=\"66\">\u20ac803<\/td>\n<td style=\"width: 10.4377%; text-align: center;\" width=\"66\">\u20ac834<\/td>\n<td style=\"width: 8.08081%; text-align: center;\" width=\"73\">\u20ac865<\/td>\n<td style=\"width: 11.4478%; text-align: center;\" width=\"73\">\u20ac896<\/td>\n<td style=\"width: 8.24916%; text-align: center;\" width=\"72\">\u20ac1 030<\/td>\n<\/tr>\n<tr>\n<td style=\"width: 11.1111%; text-align: center;\" width=\"89\"><span style=\"font-size: 90%;\">80LUN<\/span><\/td>\n<td class=\"xl79\" style=\"width: 6.73401%; text-align: center; height: 26px;\" align=\"right\" width=\"103\"><span style=\"font-size: 90%;\">2000<\/span><\/td>\n<td style=\"width: 14.1414%; text-align: center;\" width=\"66\"><span style=\"font-size: 90%;\">795-810<\/span><\/td>\n<td style=\"width: 13.2997%; text-align: center;\" width=\"66\"><span style=\"font-size: 90%;\">750<\/span><\/td>\n<td style=\"width: 7.57576%; text-align: center;\" width=\"66\">\u20ac818<\/td>\n<td style=\"width: 10.4377%; text-align: center;\" width=\"66\">\u20ac849<\/td>\n<td style=\"width: 8.08081%; text-align: center;\" width=\"73\">\u20ac880<\/td>\n<td style=\"width: 11.4478%; text-align: center;\" width=\"73\">\u20ac911<\/td>\n<td style=\"width: 8.24916%; text-align: center;\" width=\"72\">\u20ac1 048<\/td>\n<\/tr>\n<tr>\n<td style=\"width: 11.1111%; text-align: center;\" width=\"89\"><span style=\"font-size: 90%;\">90LUN<\/span><\/td>\n<td class=\"xl79\" style=\"width: 6.73401%; text-align: center; height: 26px;\" align=\"right\" width=\"103\"><span style=\"font-size: 90%;\">2000<\/span><\/td>\n<td style=\"width: 14.1414%; text-align: center;\" width=\"66\"><span style=\"font-size: 90%;\">895-910<\/span><\/td>\n<td style=\"width: 13.2997%; text-align: center;\" width=\"66\"><span style=\"font-size: 90%;\">850<\/span><\/td>\n<td style=\"width: 7.57576%; text-align: center;\" width=\"66\">\u20ac834<\/td>\n<td style=\"width: 10.4377%; text-align: center;\" width=\"66\">\u20ac865<\/td>\n<td style=\"width: 8.08081%; text-align: center;\" width=\"73\">\u20ac896<\/td>\n<td style=\"width: 11.4478%; text-align: center;\" width=\"73\">\u20ac927<\/td>\n<td style=\"width: 8.24916%; text-align: center;\" width=\"72\">\u20ac1 066<\/td>\n<\/tr>\n<tr>\n<td style=\"width: 11.1111%; text-align: center;\" width=\"89\"><span style=\"font-size: 90%;\">100LUN<\/span><\/td>\n<td class=\"xl79\" style=\"width: 6.73401%; text-align: center; height: 22px;\" align=\"right\" width=\"103\"><span style=\"font-size: 90%;\">2000<\/span><\/td>\n<td style=\"width: 14.1414%; text-align: center;\" width=\"66\"><span style=\"font-size: 90%;\">995-1010<\/span><\/td>\n<td style=\"width: 13.2997%; text-align: center;\" width=\"66\"><span style=\"font-size: 90%;\">950<\/span><\/td>\n<td style=\"width: 7.57576%; text-align: center;\" width=\"66\">\u20ac849<\/td>\n<td style=\"width: 10.4377%; text-align: center;\" width=\"66\">\u20ac880<\/td>\n<td style=\"width: 8.08081%; text-align: center;\" width=\"73\">\u20ac911<\/td>\n<td style=\"width: 11.4478%; text-align: center;\" width=\"73\">\u20ac942<\/td>\n<td style=\"width: 8.24916%; text-align: center;\" width=\"72\">\u20ac1 084<\/td>\n<\/tr>\n<\/tbody>\n<\/table>\n<p>*All prices include VAT.<\/p>\n","protected":false},"excerpt":{"rendered":"<div id='gallery-1' class='gallery galleryid-64106 gallery-columns-6 gallery-size-thumbnail'><figure class='gallery-item'>\n\t\t\t<div class='gallery-icon landscape'>\n\t\t\t\t<img width=\"280\" height=\"280\" src=\"https:\/\/www.stikla-serviss.lv\/wp-content\/uploads\/2020\/07\/ss_pic-02-280x280.png\" class=\"attachment-thumbnail size-thumbnail\" alt=\"\" decoding=\"async\" loading=\"lazy\" srcset=\"https:\/\/www.stikla-serviss.lv\/wp-content\/uploads\/2020\/07\/ss_pic-02-280x280.png 280w, https:\/\/www.stikla-serviss.lv\/wp-content\/uploads\/2020\/07\/ss_pic-02-401x400.png 401w, https:\/\/www.stikla-serviss.lv\/wp-content\/uploads\/2020\/07\/ss_pic-02-300x300.png 300w, https:\/\/www.stikla-serviss.lv\/wp-content\/uploads\/2020\/07\/ss_pic-02-100x100.png 100w, https:\/\/www.stikla-serviss.lv\/wp-content\/uploads\/2020\/07\/ss_pic-02-32x32.png 32w, https:\/\/www.stikla-serviss.lv\/wp-content\/uploads\/2020\/07\/ss_pic-02-e1604331855484.png 80w\" sizes=\"auto, (max-width: 280px) 100vw, 280px\" \/>\n\t\t\t<\/div><\/figure><figure class='gallery-item'>\n\t\t\t<div class='gallery-icon landscape'>\n\t\t\t\t<img width=\"280\" height=\"280\" src=\"https:\/\/www.stikla-serviss.lv\/wp-content\/uploads\/2020\/07\/ss_pic-03-280x280.png\" class=\"attachment-thumbnail size-thumbnail\" alt=\"\" decoding=\"async\" loading=\"lazy\" srcset=\"https:\/\/www.stikla-serviss.lv\/wp-content\/uploads\/2020\/07\/ss_pic-03-280x280.png 280w, https:\/\/www.stikla-serviss.lv\/wp-content\/uploads\/2020\/07\/ss_pic-03-401x400.png 401w, https:\/\/www.stikla-serviss.lv\/wp-content\/uploads\/2020\/07\/ss_pic-03-300x300.png 300w, https:\/\/www.stikla-serviss.lv\/wp-content\/uploads\/2020\/07\/ss_pic-03-100x100.png 100w, https:\/\/www.stikla-serviss.lv\/wp-content\/uploads\/2020\/07\/ss_pic-03-32x32.png 32w, https:\/\/www.stikla-serviss.lv\/wp-content\/uploads\/2020\/07\/ss_pic-03-e1604331865897.png 80w\" sizes=\"auto, (max-width: 280px) 100vw, 280px\" \/>\n\t\t\t<\/div><\/figure><figure class='gallery-item'>\n\t\t\t<div class='gallery-icon landscape'>\n\t\t\t\t<img width=\"280\" height=\"280\" src=\"https:\/\/www.stikla-serviss.lv\/wp-content\/uploads\/2020\/07\/ss_pic-09-280x280.png\" class=\"attachment-thumbnail size-thumbnail\" alt=\"\" decoding=\"async\" loading=\"lazy\" srcset=\"https:\/\/www.stikla-serviss.lv\/wp-content\/uploads\/2020\/07\/ss_pic-09-280x280.png 280w, https:\/\/www.stikla-serviss.lv\/wp-content\/uploads\/2020\/07\/ss_pic-09-400x400.png 400w, https:\/\/www.stikla-serviss.lv\/wp-content\/uploads\/2020\/07\/ss_pic-09-300x300.png 300w, https:\/\/www.stikla-serviss.lv\/wp-content\/uploads\/2020\/07\/ss_pic-09-100x100.png 100w, https:\/\/www.stikla-serviss.lv\/wp-content\/uploads\/2020\/07\/ss_pic-09-32x32.png 32w, https:\/\/www.stikla-serviss.lv\/wp-content\/uploads\/2020\/07\/ss_pic-09-e1604331937629.png 80w\" sizes=\"auto, (max-width: 280px) 100vw, 280px\" \/>\n\t\t\t<\/div><\/figure><figure class='gallery-item'>\n\t\t\t<div class='gallery-icon landscape'>\n\t\t\t\t<img width=\"280\" height=\"280\" src=\"https:\/\/www.stikla-serviss.lv\/wp-content\/uploads\/2022\/12\/ch-280x280.png\" class=\"attachment-thumbnail size-thumbnail\" alt=\"\" decoding=\"async\" loading=\"lazy\" srcset=\"https:\/\/www.stikla-serviss.lv\/wp-content\/uploads\/2022\/12\/ch-280x280.png 280w, https:\/\/www.stikla-serviss.lv\/wp-content\/uploads\/2022\/12\/ch-400x400.png 400w, https:\/\/www.stikla-serviss.lv\/wp-content\/uploads\/2022\/12\/ch-510x510.png 510w, https:\/\/www.stikla-serviss.lv\/wp-content\/uploads\/2022\/12\/ch-100x100.png 100w, https:\/\/www.stikla-serviss.lv\/wp-content\/uploads\/2022\/12\/ch-e1718091072703.png 80w\" sizes=\"auto, (max-width: 280px) 100vw, 280px\" \/>\n\t\t\t<\/div><\/figure><figure class='gallery-item'>\n\t\t\t<div class='gallery-icon landscape'>\n\t\t\t\t<img width=\"280\" height=\"280\" src=\"https:\/\/www.stikla-serviss.lv\/wp-content\/uploads\/2020\/07\/ss_pic-13-280x280.png\" class=\"attachment-thumbnail size-thumbnail\" alt=\"\" decoding=\"async\" loading=\"lazy\" srcset=\"https:\/\/www.stikla-serviss.lv\/wp-content\/uploads\/2020\/07\/ss_pic-13-280x280.png 280w, https:\/\/www.stikla-serviss.lv\/wp-content\/uploads\/2020\/07\/ss_pic-13-400x400.png 400w, https:\/\/www.stikla-serviss.lv\/wp-content\/uploads\/2020\/07\/ss_pic-13-300x300.png 300w, https:\/\/www.stikla-serviss.lv\/wp-content\/uploads\/2020\/07\/ss_pic-13-100x100.png 100w, https:\/\/www.stikla-serviss.lv\/wp-content\/uploads\/2020\/07\/ss_pic-13-32x32.png 32w, https:\/\/www.stikla-serviss.lv\/wp-content\/uploads\/2020\/07\/ss_pic-13-e1604331986104.png 80w\" sizes=\"auto, (max-width: 280px) 100vw, 280px\" \/>\n\t\t\t<\/div><\/figure>\n\t\t<\/div>\n\n<p><img loading=\"lazy\" decoding=\"async\" class=\"alignnone wp-image-58682\" src=\"https:\/\/www.stikla-serviss.lv\/wp-content\/uploads\/2024\/07\/Luna.jpg\" alt=\"\" width=\"194\" height=\"219\" srcset=\"https:\/\/www.stikla-serviss.lv\/wp-content\/uploads\/2024\/07\/Luna.jpg 606w, https:\/\/www.stikla-serviss.lv\/wp-content\/uploads\/2024\/07\/Luna-353x400.jpg 353w, https:\/\/www.stikla-serviss.lv\/wp-content\/uploads\/2024\/07\/Luna-510x577.jpg 510w\" sizes=\"auto, (max-width: 194px) 100vw, 194px\" \/><\/p>\n","protected":false},"featured_media":55394,"template":"","meta":[],"product_brand":[],"product_cat":[247,246],"product_tag":[],"class_list":{"0":"post-64106","1":"product","2":"type-product","3":"status-publish","4":"has-post-thumbnail","6":"product_cat-shower-doors","7":"product_cat-shower-enclosures-and-bath-screens","9":"first","10":"instock","11":"shipping-taxable","12":"product-type-simple"},"yoast_head":"<!-- This site is optimized with the Yoast SEO plugin v27.1.1 - https:\/\/yoast.com\/product\/yoast-seo-wordpress\/ -->\n<title>SHOWER DOORLUNA  - STIKLA SERVISS<\/title>\n<meta name=\"description\" content=\"SHOWER DOORLUNA  - STIKLA SERVISS\" \/>\n<meta name=\"robots\" content=\"index, follow, max-snippet:-1, max-image-preview:large, max-video-preview:-1\" \/>\n<link rel=\"canonical\" href=\"https:\/\/www.stikla-serviss.lv\/en\/product\/shower-door-luna\/\" \/>\n<meta property=\"og:locale\" content=\"en_US\" \/>\n<meta property=\"og:type\" content=\"article\" \/>\n<meta property=\"og:title\" content=\"SHOWER DOORLUNA  - STIKLA SERVISS\" \/>\n<meta property=\"og:description\" content=\"SHOWER DOORLUNA  - STIKLA SERVISS\" \/>\n<meta property=\"og:url\" content=\"https:\/\/www.stikla-serviss.lv\/en\/product\/shower-door-luna\/\" \/>\n<meta property=\"og:site_name\" content=\"STIKLA SERVISS\" \/>\n<meta property=\"article:modified_time\" content=\"2025-12-22T10:55:10+00:00\" \/>\n<meta property=\"og:image\" content=\"https:\/\/www.stikla-serviss.lv\/wp-content\/uploads\/2024\/07\/Luna-WEB-e1720789291637.jpg\" \/>\n\t<meta property=\"og:image:width\" content=\"1800\" \/>\n\t<meta property=\"og:image:height\" content=\"1580\" \/>\n\t<meta property=\"og:image:type\" content=\"image\/jpeg\" \/>\n<meta name=\"twitter:card\" content=\"summary_large_image\" \/>\n<meta name=\"twitter:label1\" content=\"Est. reading time\" \/>\n\t<meta name=\"twitter:data1\" content=\"1 minute\" \/>\n<script type=\"application\/ld+json\" class=\"yoast-schema-graph\">{\"@context\":\"https:\/\/schema.org\",\"@graph\":[{\"@type\":\"WebPage\",\"@id\":\"https:\/\/www.stikla-serviss.lv\/en\/product\/shower-door-luna\/\",\"url\":\"https:\/\/www.stikla-serviss.lv\/en\/product\/shower-door-luna\/\",\"name\":\"SHOWER DOORLUNA - STIKLA SERVISS\",\"isPartOf\":{\"@id\":\"https:\/\/www.stikla-serviss.lv\/en\/#website\"},\"primaryImageOfPage\":{\"@id\":\"https:\/\/www.stikla-serviss.lv\/en\/product\/shower-door-luna\/#primaryimage\"},\"image\":{\"@id\":\"https:\/\/www.stikla-serviss.lv\/en\/product\/shower-door-luna\/#primaryimage\"},\"thumbnailUrl\":\"https:\/\/www.stikla-serviss.lv\/wp-content\/uploads\/2024\/07\/Luna-WEB-e1720789291637.jpg\",\"datePublished\":\"2024-07-12T12:51:50+00:00\",\"dateModified\":\"2025-12-22T10:55:10+00:00\",\"description\":\"SHOWER DOORLUNA - STIKLA SERVISS\",\"breadcrumb\":{\"@id\":\"https:\/\/www.stikla-serviss.lv\/en\/product\/shower-door-luna\/#breadcrumb\"},\"inLanguage\":\"en-US\",\"potentialAction\":[{\"@type\":\"ReadAction\",\"target\":[\"https:\/\/www.stikla-serviss.lv\/en\/product\/shower-door-luna\/\"]}]},{\"@type\":\"ImageObject\",\"inLanguage\":\"en-US\",\"@id\":\"https:\/\/www.stikla-serviss.lv\/en\/product\/shower-door-luna\/#primaryimage\",\"url\":\"https:\/\/www.stikla-serviss.lv\/wp-content\/uploads\/2024\/07\/Luna-WEB-e1720789291637.jpg\",\"contentUrl\":\"https:\/\/www.stikla-serviss.lv\/wp-content\/uploads\/2024\/07\/Luna-WEB-e1720789291637.jpg\",\"width\":1800,\"height\":1580},{\"@type\":\"BreadcrumbList\",\"@id\":\"https:\/\/www.stikla-serviss.lv\/en\/product\/shower-door-luna\/#breadcrumb\",\"itemListElement\":[{\"@type\":\"ListItem\",\"position\":1,\"name\":\"Home\",\"item\":\"https:\/\/www.stikla-serviss.lv\/en\/\"},{\"@type\":\"ListItem\",\"position\":2,\"name\":\"PRODUCTS\",\"item\":\"https:\/\/www.stikla-serviss.lv\/en\/produkti\/\"},{\"@type\":\"ListItem\",\"position\":3,\"name\":\"SHOWER DOORLUNA\"}]},{\"@type\":\"WebSite\",\"@id\":\"https:\/\/www.stikla-serviss.lv\/en\/#website\",\"url\":\"https:\/\/www.stikla-serviss.lv\/en\/\",\"name\":\"STIKLA SERVISS\",\"description\":\"Stikla tirdzniec\u012bbas un stikla izstr\u0101d\u0101jumu ra\u017eo\u0161anas uz\u0146\u0113mums\",\"publisher\":{\"@id\":\"https:\/\/www.stikla-serviss.lv\/en\/#organization\"},\"potentialAction\":[{\"@type\":\"SearchAction\",\"target\":{\"@type\":\"EntryPoint\",\"urlTemplate\":\"https:\/\/www.stikla-serviss.lv\/en\/?s={search_term_string}\"},\"query-input\":{\"@type\":\"PropertyValueSpecification\",\"valueRequired\":true,\"valueName\":\"search_term_string\"}}],\"inLanguage\":\"en-US\"},{\"@type\":\"Organization\",\"@id\":\"https:\/\/www.stikla-serviss.lv\/en\/#organization\",\"name\":\"SIA \\\"STIKLA SERVISS\\\"\",\"url\":\"https:\/\/www.stikla-serviss.lv\/en\/\",\"logo\":{\"@type\":\"ImageObject\",\"inLanguage\":\"en-US\",\"@id\":\"https:\/\/www.stikla-serviss.lv\/en\/#\/schema\/logo\/image\/\",\"url\":\"https:\/\/www.stikla-serviss.lv\/wp-content\/uploads\/2020\/07\/LOGO-ISTS.jpg\",\"contentUrl\":\"https:\/\/www.stikla-serviss.lv\/wp-content\/uploads\/2020\/07\/LOGO-ISTS.jpg\",\"width\":1860,\"height\":817,\"caption\":\"SIA \\\"STIKLA SERVISS\\\"\"},\"image\":{\"@id\":\"https:\/\/www.stikla-serviss.lv\/en\/#\/schema\/logo\/image\/\"}}]}<\/script>\n<!-- \/ Yoast SEO plugin. -->","yoast_head_json":{"title":"SHOWER DOORLUNA  - STIKLA SERVISS","description":"SHOWER DOORLUNA  - STIKLA SERVISS","robots":{"index":"index","follow":"follow","max-snippet":"max-snippet:-1","max-image-preview":"max-image-preview:large","max-video-preview":"max-video-preview:-1"},"canonical":"https:\/\/www.stikla-serviss.lv\/en\/product\/shower-door-luna\/","og_locale":"en_US","og_type":"article","og_title":"SHOWER DOORLUNA  - STIKLA SERVISS","og_description":"SHOWER DOORLUNA  - STIKLA SERVISS","og_url":"https:\/\/www.stikla-serviss.lv\/en\/product\/shower-door-luna\/","og_site_name":"STIKLA SERVISS","article_modified_time":"2025-12-22T10:55:10+00:00","og_image":[{"width":1800,"height":1580,"url":"https:\/\/www.stikla-serviss.lv\/wp-content\/uploads\/2024\/07\/Luna-WEB-e1720789291637.jpg","type":"image\/jpeg"}],"twitter_card":"summary_large_image","twitter_misc":{"Est. reading time":"1 minute"},"schema":{"@context":"https:\/\/schema.org","@graph":[{"@type":"WebPage","@id":"https:\/\/www.stikla-serviss.lv\/en\/product\/shower-door-luna\/","url":"https:\/\/www.stikla-serviss.lv\/en\/product\/shower-door-luna\/","name":"SHOWER DOORLUNA - STIKLA SERVISS","isPartOf":{"@id":"https:\/\/www.stikla-serviss.lv\/en\/#website"},"primaryImageOfPage":{"@id":"https:\/\/www.stikla-serviss.lv\/en\/product\/shower-door-luna\/#primaryimage"},"image":{"@id":"https:\/\/www.stikla-serviss.lv\/en\/product\/shower-door-luna\/#primaryimage"},"thumbnailUrl":"https:\/\/www.stikla-serviss.lv\/wp-content\/uploads\/2024\/07\/Luna-WEB-e1720789291637.jpg","datePublished":"2024-07-12T12:51:50+00:00","dateModified":"2025-12-22T10:55:10+00:00","description":"SHOWER DOORLUNA - STIKLA SERVISS","breadcrumb":{"@id":"https:\/\/www.stikla-serviss.lv\/en\/product\/shower-door-luna\/#breadcrumb"},"inLanguage":"en-US","potentialAction":[{"@type":"ReadAction","target":["https:\/\/www.stikla-serviss.lv\/en\/product\/shower-door-luna\/"]}]},{"@type":"ImageObject","inLanguage":"en-US","@id":"https:\/\/www.stikla-serviss.lv\/en\/product\/shower-door-luna\/#primaryimage","url":"https:\/\/www.stikla-serviss.lv\/wp-content\/uploads\/2024\/07\/Luna-WEB-e1720789291637.jpg","contentUrl":"https:\/\/www.stikla-serviss.lv\/wp-content\/uploads\/2024\/07\/Luna-WEB-e1720789291637.jpg","width":1800,"height":1580},{"@type":"BreadcrumbList","@id":"https:\/\/www.stikla-serviss.lv\/en\/product\/shower-door-luna\/#breadcrumb","itemListElement":[{"@type":"ListItem","position":1,"name":"Home","item":"https:\/\/www.stikla-serviss.lv\/en\/"},{"@type":"ListItem","position":2,"name":"PRODUCTS","item":"https:\/\/www.stikla-serviss.lv\/en\/produkti\/"},{"@type":"ListItem","position":3,"name":"SHOWER DOORLUNA"}]},{"@type":"WebSite","@id":"https:\/\/www.stikla-serviss.lv\/en\/#website","url":"https:\/\/www.stikla-serviss.lv\/en\/","name":"STIKLA SERVISS","description":"Stikla tirdzniec\u012bbas un stikla izstr\u0101d\u0101jumu ra\u017eo\u0161anas uz\u0146\u0113mums","publisher":{"@id":"https:\/\/www.stikla-serviss.lv\/en\/#organization"},"potentialAction":[{"@type":"SearchAction","target":{"@type":"EntryPoint","urlTemplate":"https:\/\/www.stikla-serviss.lv\/en\/?s={search_term_string}"},"query-input":{"@type":"PropertyValueSpecification","valueRequired":true,"valueName":"search_term_string"}}],"inLanguage":"en-US"},{"@type":"Organization","@id":"https:\/\/www.stikla-serviss.lv\/en\/#organization","name":"SIA \"STIKLA SERVISS\"","url":"https:\/\/www.stikla-serviss.lv\/en\/","logo":{"@type":"ImageObject","inLanguage":"en-US","@id":"https:\/\/www.stikla-serviss.lv\/en\/#\/schema\/logo\/image\/","url":"https:\/\/www.stikla-serviss.lv\/wp-content\/uploads\/2020\/07\/LOGO-ISTS.jpg","contentUrl":"https:\/\/www.stikla-serviss.lv\/wp-content\/uploads\/2020\/07\/LOGO-ISTS.jpg","width":1860,"height":817,"caption":"SIA \"STIKLA SERVISS\""},"image":{"@id":"https:\/\/www.stikla-serviss.lv\/en\/#\/schema\/logo\/image\/"}}]}},"_links":{"self":[{"href":"https:\/\/www.stikla-serviss.lv\/en\/wp-json\/wp\/v2\/product\/64106","targetHints":{"allow":["GET"]}}],"collection":[{"href":"https:\/\/www.stikla-serviss.lv\/en\/wp-json\/wp\/v2\/product"}],"about":[{"href":"https:\/\/www.stikla-serviss.lv\/en\/wp-json\/wp\/v2\/types\/product"}],"wp:featuredmedia":[{"embeddable":true,"href":"https:\/\/www.stikla-serviss.lv\/en\/wp-json\/wp\/v2\/media\/55394"}],"wp:attachment":[{"href":"https:\/\/www.stikla-serviss.lv\/en\/wp-json\/wp\/v2\/media?parent=64106"}],"wp:term":[{"taxonomy":"product_brand","embeddable":true,"href":"https:\/\/www.stikla-serviss.lv\/en\/wp-json\/wp\/v2\/product_brand?post=64106"},{"taxonomy":"product_cat","embeddable":true,"href":"https:\/\/www.stikla-serviss.lv\/en\/wp-json\/wp\/v2\/product_cat?post=64106"},{"taxonomy":"product_tag","embeddable":true,"href":"https:\/\/www.stikla-serviss.lv\/en\/wp-json\/wp\/v2\/product_tag?post=64106"}],"curies":[{"name":"wp","href":"https:\/\/api.w.org\/{rel}","templated":true}]}}