{"id":6926,"date":"2020-07-06T12:46:14","date_gmt":"2020-07-06T09:46:14","guid":{"rendered":"https:\/\/www.stikla-serviss.lv\/product\/ugunsdrosais-stikls-pyrobel-pyrobel-16-ei30\/"},"modified":"2021-01-12T11:39:16","modified_gmt":"2021-01-12T09:39:16","slug":"ugunsdrosais-stikls-pyrobel-pyrobel-16-ei30","status":"publish","type":"product","link":"https:\/\/www.stikla-serviss.lv\/en\/product\/ugunsdrosais-stikls-pyrobel-pyrobel-16-ei30\/","title":{"rendered":"FIRERESISTANT GLASS &#8211; PYROBEL &#8211; PYROBEL 16 EI30"},"content":{"rendered":"<p>&nbsp;<\/p>\n<table style=\"border-collapse: collapse; width: 100%; height: 243px;\">\n<tbody>\n<tr style=\"height: 243px;\">\n<td style=\"width: 50%; vertical-align: top; height: 243px;\">\n<div>\n<p><span style=\"color: #555555; font-family: inherit; font-size: inherit;\"><span style=\"color: #555555; font-family: inherit; font-size: inherit;\">Pyrobel <\/span><\/span><span style=\"color: #555555; font-family: inherit; font-size: inherit;\">is a laminated glass with several transparent interlayers.<\/span><\/p>\n<p>In the event of a fire, when the temperature reaches 120 C, the interlayers expand and form a rigid, opaque shield, ensuring that the glass meets the integrity and insulation criteria of standard EN 1363.<\/p>\n<\/div>\n<div>\n<div class=\"page\" title=\"Page 1\">\n<div class=\"section\">\n<div class=\"layoutArea\">\n<div class=\"column\">\n<p>&nbsp;<\/p>\n<p><a href=\"https:\/\/www.stikla-serviss.lv\/wp-content\/uploads\/2021\/01\/TDS_Pyrobel_16-EI30.pdf\" target=\"_blank\" rel=\"noopener noreferrer\"><img loading=\"lazy\" decoding=\"async\" class=\"alignnone wp-image-1506\" src=\"https:\/\/www.stikla-serviss.lv\/wp-content\/uploads\/2020\/07\/download-pdf-e1593878897360.gif\" alt=\"\" width=\"80\" height=\"80\" \/><\/a><\/p>\n<\/div>\n<\/div>\n<\/div>\n<\/div>\n<\/div>\n<\/td>\n<td style=\"width: 50%; vertical-align: top; height: 243px;\"><div class=\"row\"  id=\"row-1258201486\">\r\n\r\n\n\t<div id=\"col-1841676426\" class=\"col medium-6 small-12 large-6\"  >\n\t\t\t\t<div class=\"col-inner\"  >\n\t\t\t\n\t\t\t\r\n<p style=\"text-align: right;\">JANA ZUBRICKA<\/p>\r\n<p style=\"text-align: right;\">Member of the Board<\/p>\r\n<p style=\"text-align: right;\">+371 67472933<\/p>\r\n<p style=\"text-align: right;\"><a id=\"contact_email_2\" href=\"mailto:jana@stikla-serviss.lv\">jana@stikla-serviss.lv<\/a><\/p>\r\n<p style=\"text-align: right;\"><a href=\"mailto:info@stikla-serviss.lv\">info@stikla-serviss.lv<\/a><\/p>\r\n\t\t<\/div>\n\t\t\t\t\t<\/div>\n\n\t\r\n\n\t<div id=\"col-815450598\" class=\"col medium-6 small-12 large-6\"  >\n\t\t\t\t<div class=\"col-inner\"  >\n\t\t\t\n\t\t\t\r\n\r\n\t<div class=\"img has-hover x md-x lg-x y md-y lg-y\" id=\"image_6461373\">\n\t\t\t\t\t\t\t\t<div class=\"img-inner dark\" >\n\t\t\t<img loading=\"lazy\" decoding=\"async\" width=\"769\" height=\"800\" src=\"https:\/\/www.stikla-serviss.lv\/wp-content\/uploads\/2020\/09\/Jana_Zubricka2-769x800.jpg\" class=\"attachment-large size-large\" alt=\"\" srcset=\"https:\/\/www.stikla-serviss.lv\/wp-content\/uploads\/2020\/09\/Jana_Zubricka2-769x800.jpg 769w, https:\/\/www.stikla-serviss.lv\/wp-content\/uploads\/2020\/09\/Jana_Zubricka2-510x531.jpg 510w, https:\/\/www.stikla-serviss.lv\/wp-content\/uploads\/2020\/09\/Jana_Zubricka2-384x400.jpg 384w, https:\/\/www.stikla-serviss.lv\/wp-content\/uploads\/2020\/09\/Jana_Zubricka2-768x799.jpg 768w, https:\/\/www.stikla-serviss.lv\/wp-content\/uploads\/2020\/09\/Jana_Zubricka2-32x32.jpg 32w, https:\/\/www.stikla-serviss.lv\/wp-content\/uploads\/2020\/09\/Jana_Zubricka2.jpg 1200w\" sizes=\"auto, (max-width: 769px) 100vw, 769px\" \/>\t\t\t\t\t\t\n\t\t\t\t\t<\/div>\n\t\t\t\t\t\t\t\t\n<style>\n#image_6461373 {\n  width: 100%;\n}\n<\/style>\n\t<\/div>\n\t\r\n\r\n\t\t<\/div>\n\t\t\t\t\t<\/div>\n\n\t\r\n\r\n<\/div><\/td>\n<\/tr>\n<\/tbody>\n<\/table>\n<div><\/div>\n<div><\/div>\n","protected":false},"excerpt":{"rendered":"<p>To create new aesthetic forms of building design, as well as to ensure greater comfort and safety, architects and designers are increasingly looking for opportunities to use larger glazed walls and doors. In many cases, such plans are difficult to implement, as the glazing must be fireproof to comply with building regulations that limit the spread of fire and the safe evacuation of people from the building. PYROBEL series glass is transparent and durable, with good sound insulation.<\/p>\n","protected":false},"featured_media":6927,"template":"","meta":[],"product_brand":[],"product_cat":[256,309,260],"product_tag":[],"class_list":{"0":"post-6926","1":"product","2":"type-product","3":"status-publish","4":"has-post-thumbnail","6":"product_cat-sheet-glass-and-sheet-mirrors","7":"product_cat-pyrobel","8":"product_cat-fireresistant-glass","10":"first","11":"instock","12":"shipping-taxable","13":"product-type-simple"},"yoast_head":"<!-- This site is optimized with the Yoast SEO plugin v27.1.1 - https:\/\/yoast.com\/product\/yoast-seo-wordpress\/ -->\n<title>FIRERESISTANT GLASS - PYROBEL - PYROBEL 16 EI30 - STIKLA SERVISS<\/title>\n<meta name=\"description\" content=\"FIRERESISTANT GLASS - PYROBEL - PYROBEL 16 EI30 - STIKLA SERVISS\" \/>\n<meta name=\"robots\" content=\"index, follow, max-snippet:-1, max-image-preview:large, max-video-preview:-1\" \/>\n<link rel=\"canonical\" href=\"https:\/\/www.stikla-serviss.lv\/en\/product\/ugunsdrosais-stikls-pyrobel-pyrobel-16-ei30\/\" \/>\n<meta property=\"og:locale\" content=\"en_US\" \/>\n<meta property=\"og:type\" content=\"article\" \/>\n<meta property=\"og:title\" content=\"FIRERESISTANT GLASS - PYROBEL - PYROBEL 16 EI30 - STIKLA SERVISS\" \/>\n<meta property=\"og:description\" content=\"FIRERESISTANT GLASS - PYROBEL - PYROBEL 16 EI30 - STIKLA SERVISS\" \/>\n<meta property=\"og:url\" content=\"https:\/\/www.stikla-serviss.lv\/en\/product\/ugunsdrosais-stikls-pyrobel-pyrobel-16-ei30\/\" \/>\n<meta property=\"og:site_name\" content=\"STIKLA SERVISS\" \/>\n<meta property=\"article:modified_time\" content=\"2021-01-12T09:39:16+00:00\" \/>\n<meta property=\"og:image\" content=\"https:\/\/www.stikla-serviss.lv\/wp-content\/uploads\/2020\/07\/ugunsdrosais-stikls-pyrobel-PYROBEL-16-EI30.png\" \/>\n\t<meta property=\"og:image:width\" content=\"660\" \/>\n\t<meta property=\"og:image:height\" content=\"732\" \/>\n\t<meta property=\"og:image:type\" content=\"image\/png\" \/>\n<meta name=\"twitter:card\" content=\"summary_large_image\" \/>\n<script type=\"application\/ld+json\" class=\"yoast-schema-graph\">{\"@context\":\"https:\/\/schema.org\",\"@graph\":[{\"@type\":\"WebPage\",\"@id\":\"https:\/\/www.stikla-serviss.lv\/en\/product\/ugunsdrosais-stikls-pyrobel-pyrobel-16-ei30\/\",\"url\":\"https:\/\/www.stikla-serviss.lv\/en\/product\/ugunsdrosais-stikls-pyrobel-pyrobel-16-ei30\/\",\"name\":\"FIRERESISTANT GLASS - PYROBEL - PYROBEL 16 EI30 - STIKLA SERVISS\",\"isPartOf\":{\"@id\":\"https:\/\/www.stikla-serviss.lv\/en\/#website\"},\"primaryImageOfPage\":{\"@id\":\"https:\/\/www.stikla-serviss.lv\/en\/product\/ugunsdrosais-stikls-pyrobel-pyrobel-16-ei30\/#primaryimage\"},\"image\":{\"@id\":\"https:\/\/www.stikla-serviss.lv\/en\/product\/ugunsdrosais-stikls-pyrobel-pyrobel-16-ei30\/#primaryimage\"},\"thumbnailUrl\":\"https:\/\/www.stikla-serviss.lv\/wp-content\/uploads\/2020\/07\/ugunsdrosais-stikls-pyrobel-PYROBEL-16-EI30.png\",\"datePublished\":\"2020-07-06T09:46:14+00:00\",\"dateModified\":\"2021-01-12T09:39:16+00:00\",\"description\":\"FIRERESISTANT GLASS - PYROBEL - PYROBEL 16 EI30 - STIKLA SERVISS\",\"breadcrumb\":{\"@id\":\"https:\/\/www.stikla-serviss.lv\/en\/product\/ugunsdrosais-stikls-pyrobel-pyrobel-16-ei30\/#breadcrumb\"},\"inLanguage\":\"en-US\",\"potentialAction\":[{\"@type\":\"ReadAction\",\"target\":[\"https:\/\/www.stikla-serviss.lv\/en\/product\/ugunsdrosais-stikls-pyrobel-pyrobel-16-ei30\/\"]}]},{\"@type\":\"ImageObject\",\"inLanguage\":\"en-US\",\"@id\":\"https:\/\/www.stikla-serviss.lv\/en\/product\/ugunsdrosais-stikls-pyrobel-pyrobel-16-ei30\/#primaryimage\",\"url\":\"https:\/\/www.stikla-serviss.lv\/wp-content\/uploads\/2020\/07\/ugunsdrosais-stikls-pyrobel-PYROBEL-16-EI30.png\",\"contentUrl\":\"https:\/\/www.stikla-serviss.lv\/wp-content\/uploads\/2020\/07\/ugunsdrosais-stikls-pyrobel-PYROBEL-16-EI30.png\",\"width\":660,\"height\":732,\"caption\":\"ugunsdrosais-stikls-pyrobel-PYROBEL-16-EI30\"},{\"@type\":\"BreadcrumbList\",\"@id\":\"https:\/\/www.stikla-serviss.lv\/en\/product\/ugunsdrosais-stikls-pyrobel-pyrobel-16-ei30\/#breadcrumb\",\"itemListElement\":[{\"@type\":\"ListItem\",\"position\":1,\"name\":\"Home\",\"item\":\"https:\/\/www.stikla-serviss.lv\/en\/\"},{\"@type\":\"ListItem\",\"position\":2,\"name\":\"PRODUCTS\",\"item\":\"https:\/\/www.stikla-serviss.lv\/en\/produkti\/\"},{\"@type\":\"ListItem\",\"position\":3,\"name\":\"FIRERESISTANT GLASS &#8211; PYROBEL &#8211; PYROBEL 16 EI30\"}]},{\"@type\":\"WebSite\",\"@id\":\"https:\/\/www.stikla-serviss.lv\/en\/#website\",\"url\":\"https:\/\/www.stikla-serviss.lv\/en\/\",\"name\":\"STIKLA SERVISS\",\"description\":\"Stikla tirdzniec\u012bbas un stikla izstr\u0101d\u0101jumu ra\u017eo\u0161anas uz\u0146\u0113mums\",\"publisher\":{\"@id\":\"https:\/\/www.stikla-serviss.lv\/en\/#organization\"},\"potentialAction\":[{\"@type\":\"SearchAction\",\"target\":{\"@type\":\"EntryPoint\",\"urlTemplate\":\"https:\/\/www.stikla-serviss.lv\/en\/?s={search_term_string}\"},\"query-input\":{\"@type\":\"PropertyValueSpecification\",\"valueRequired\":true,\"valueName\":\"search_term_string\"}}],\"inLanguage\":\"en-US\"},{\"@type\":\"Organization\",\"@id\":\"https:\/\/www.stikla-serviss.lv\/en\/#organization\",\"name\":\"SIA \\\"STIKLA SERVISS\\\"\",\"url\":\"https:\/\/www.stikla-serviss.lv\/en\/\",\"logo\":{\"@type\":\"ImageObject\",\"inLanguage\":\"en-US\",\"@id\":\"https:\/\/www.stikla-serviss.lv\/en\/#\/schema\/logo\/image\/\",\"url\":\"https:\/\/www.stikla-serviss.lv\/wp-content\/uploads\/2020\/07\/LOGO-ISTS.jpg\",\"contentUrl\":\"https:\/\/www.stikla-serviss.lv\/wp-content\/uploads\/2020\/07\/LOGO-ISTS.jpg\",\"width\":1860,\"height\":817,\"caption\":\"SIA \\\"STIKLA SERVISS\\\"\"},\"image\":{\"@id\":\"https:\/\/www.stikla-serviss.lv\/en\/#\/schema\/logo\/image\/\"}}]}<\/script>\n<!-- \/ Yoast SEO plugin. -->","yoast_head_json":{"title":"FIRERESISTANT GLASS - PYROBEL - PYROBEL 16 EI30 - STIKLA SERVISS","description":"FIRERESISTANT GLASS - PYROBEL - PYROBEL 16 EI30 - STIKLA SERVISS","robots":{"index":"index","follow":"follow","max-snippet":"max-snippet:-1","max-image-preview":"max-image-preview:large","max-video-preview":"max-video-preview:-1"},"canonical":"https:\/\/www.stikla-serviss.lv\/en\/product\/ugunsdrosais-stikls-pyrobel-pyrobel-16-ei30\/","og_locale":"en_US","og_type":"article","og_title":"FIRERESISTANT GLASS - PYROBEL - PYROBEL 16 EI30 - STIKLA SERVISS","og_description":"FIRERESISTANT GLASS - PYROBEL - PYROBEL 16 EI30 - STIKLA SERVISS","og_url":"https:\/\/www.stikla-serviss.lv\/en\/product\/ugunsdrosais-stikls-pyrobel-pyrobel-16-ei30\/","og_site_name":"STIKLA SERVISS","article_modified_time":"2021-01-12T09:39:16+00:00","og_image":[{"width":660,"height":732,"url":"https:\/\/www.stikla-serviss.lv\/wp-content\/uploads\/2020\/07\/ugunsdrosais-stikls-pyrobel-PYROBEL-16-EI30.png","type":"image\/png"}],"twitter_card":"summary_large_image","schema":{"@context":"https:\/\/schema.org","@graph":[{"@type":"WebPage","@id":"https:\/\/www.stikla-serviss.lv\/en\/product\/ugunsdrosais-stikls-pyrobel-pyrobel-16-ei30\/","url":"https:\/\/www.stikla-serviss.lv\/en\/product\/ugunsdrosais-stikls-pyrobel-pyrobel-16-ei30\/","name":"FIRERESISTANT GLASS - PYROBEL - PYROBEL 16 EI30 - STIKLA SERVISS","isPartOf":{"@id":"https:\/\/www.stikla-serviss.lv\/en\/#website"},"primaryImageOfPage":{"@id":"https:\/\/www.stikla-serviss.lv\/en\/product\/ugunsdrosais-stikls-pyrobel-pyrobel-16-ei30\/#primaryimage"},"image":{"@id":"https:\/\/www.stikla-serviss.lv\/en\/product\/ugunsdrosais-stikls-pyrobel-pyrobel-16-ei30\/#primaryimage"},"thumbnailUrl":"https:\/\/www.stikla-serviss.lv\/wp-content\/uploads\/2020\/07\/ugunsdrosais-stikls-pyrobel-PYROBEL-16-EI30.png","datePublished":"2020-07-06T09:46:14+00:00","dateModified":"2021-01-12T09:39:16+00:00","description":"FIRERESISTANT GLASS - PYROBEL - PYROBEL 16 EI30 - STIKLA SERVISS","breadcrumb":{"@id":"https:\/\/www.stikla-serviss.lv\/en\/product\/ugunsdrosais-stikls-pyrobel-pyrobel-16-ei30\/#breadcrumb"},"inLanguage":"en-US","potentialAction":[{"@type":"ReadAction","target":["https:\/\/www.stikla-serviss.lv\/en\/product\/ugunsdrosais-stikls-pyrobel-pyrobel-16-ei30\/"]}]},{"@type":"ImageObject","inLanguage":"en-US","@id":"https:\/\/www.stikla-serviss.lv\/en\/product\/ugunsdrosais-stikls-pyrobel-pyrobel-16-ei30\/#primaryimage","url":"https:\/\/www.stikla-serviss.lv\/wp-content\/uploads\/2020\/07\/ugunsdrosais-stikls-pyrobel-PYROBEL-16-EI30.png","contentUrl":"https:\/\/www.stikla-serviss.lv\/wp-content\/uploads\/2020\/07\/ugunsdrosais-stikls-pyrobel-PYROBEL-16-EI30.png","width":660,"height":732,"caption":"ugunsdrosais-stikls-pyrobel-PYROBEL-16-EI30"},{"@type":"BreadcrumbList","@id":"https:\/\/www.stikla-serviss.lv\/en\/product\/ugunsdrosais-stikls-pyrobel-pyrobel-16-ei30\/#breadcrumb","itemListElement":[{"@type":"ListItem","position":1,"name":"Home","item":"https:\/\/www.stikla-serviss.lv\/en\/"},{"@type":"ListItem","position":2,"name":"PRODUCTS","item":"https:\/\/www.stikla-serviss.lv\/en\/produkti\/"},{"@type":"ListItem","position":3,"name":"FIRERESISTANT GLASS &#8211; PYROBEL &#8211; PYROBEL 16 EI30"}]},{"@type":"WebSite","@id":"https:\/\/www.stikla-serviss.lv\/en\/#website","url":"https:\/\/www.stikla-serviss.lv\/en\/","name":"STIKLA SERVISS","description":"Stikla tirdzniec\u012bbas un stikla izstr\u0101d\u0101jumu ra\u017eo\u0161anas uz\u0146\u0113mums","publisher":{"@id":"https:\/\/www.stikla-serviss.lv\/en\/#organization"},"potentialAction":[{"@type":"SearchAction","target":{"@type":"EntryPoint","urlTemplate":"https:\/\/www.stikla-serviss.lv\/en\/?s={search_term_string}"},"query-input":{"@type":"PropertyValueSpecification","valueRequired":true,"valueName":"search_term_string"}}],"inLanguage":"en-US"},{"@type":"Organization","@id":"https:\/\/www.stikla-serviss.lv\/en\/#organization","name":"SIA \"STIKLA SERVISS\"","url":"https:\/\/www.stikla-serviss.lv\/en\/","logo":{"@type":"ImageObject","inLanguage":"en-US","@id":"https:\/\/www.stikla-serviss.lv\/en\/#\/schema\/logo\/image\/","url":"https:\/\/www.stikla-serviss.lv\/wp-content\/uploads\/2020\/07\/LOGO-ISTS.jpg","contentUrl":"https:\/\/www.stikla-serviss.lv\/wp-content\/uploads\/2020\/07\/LOGO-ISTS.jpg","width":1860,"height":817,"caption":"SIA \"STIKLA SERVISS\""},"image":{"@id":"https:\/\/www.stikla-serviss.lv\/en\/#\/schema\/logo\/image\/"}}]}},"_links":{"self":[{"href":"https:\/\/www.stikla-serviss.lv\/en\/wp-json\/wp\/v2\/product\/6926","targetHints":{"allow":["GET"]}}],"collection":[{"href":"https:\/\/www.stikla-serviss.lv\/en\/wp-json\/wp\/v2\/product"}],"about":[{"href":"https:\/\/www.stikla-serviss.lv\/en\/wp-json\/wp\/v2\/types\/product"}],"wp:featuredmedia":[{"embeddable":true,"href":"https:\/\/www.stikla-serviss.lv\/en\/wp-json\/wp\/v2\/media\/6927"}],"wp:attachment":[{"href":"https:\/\/www.stikla-serviss.lv\/en\/wp-json\/wp\/v2\/media?parent=6926"}],"wp:term":[{"taxonomy":"product_brand","embeddable":true,"href":"https:\/\/www.stikla-serviss.lv\/en\/wp-json\/wp\/v2\/product_brand?post=6926"},{"taxonomy":"product_cat","embeddable":true,"href":"https:\/\/www.stikla-serviss.lv\/en\/wp-json\/wp\/v2\/product_cat?post=6926"},{"taxonomy":"product_tag","embeddable":true,"href":"https:\/\/www.stikla-serviss.lv\/en\/wp-json\/wp\/v2\/product_tag?post=6926"}],"curies":[{"name":"wp","href":"https:\/\/api.w.org\/{rel}","templated":true}]}}