{"id":7012,"date":"2020-10-19T14:02:17","date_gmt":"2020-10-19T11:02:17","guid":{"rendered":"https:\/\/www.stikla-serviss.lv\/product\/krasota-stikla-sienu-apdares-paneli-dusas-telpas-interjera\/"},"modified":"2021-10-27T11:15:31","modified_gmt":"2021-10-27T08:15:31","slug":"krasota-stikla-sienu-apdares-paneli-dusas-telpas-interjera","status":"publish","type":"product","link":"https:\/\/www.stikla-serviss.lv\/en\/product\/krasota-stikla-sienu-apdares-paneli-dusas-telpas-interjera\/","title":{"rendered":"Painted glass wall finishing panels (shower rooms, interior) glass"},"content":{"rendered":"<p>The Lacobel and Matelac painted glass in the Stikla Serviss range can be used for walls, sliding doors, and furniture and keep their original appearance for years.<\/p>\n<p>Lacobel and Matelac are manufactured using environmentally friendly paints that do not contain heavy metals or harmful chemicals. There are 20 modern shades available. The colors are carefully selected in collaboration with experienced design experts. Tone lines allow for a variety of matte and glossy effects, from tone to tone with 14 parallel and contrasting shades. This sheet pallet is designed for interior decoration.<\/p>\n<p>Lacobel T and Matelac T ranges of tempered glass are required on the outside.<\/p>\n<div id='gallery-1' class='gallery galleryid-7012 gallery-columns-4 gallery-size-thumbnail'><figure class='gallery-item'>\n\t\t\t<div class='gallery-icon landscape'>\n\t\t\t\t<a href='https:\/\/www.stikla-serviss.lv\/wp-content\/uploads\/2020\/10\/krasota-stikla-sienas-apdares-paneli-1.jpg'><img loading=\"lazy\" decoding=\"async\" width=\"280\" height=\"280\" src=\"https:\/\/www.stikla-serviss.lv\/wp-content\/uploads\/2020\/10\/krasota-stikla-sienas-apdares-paneli-1-280x280.jpg\" class=\"attachment-thumbnail size-thumbnail\" alt=\"\" srcset=\"https:\/\/www.stikla-serviss.lv\/wp-content\/uploads\/2020\/10\/krasota-stikla-sienas-apdares-paneli-1-280x280.jpg 280w, https:\/\/www.stikla-serviss.lv\/wp-content\/uploads\/2020\/10\/krasota-stikla-sienas-apdares-paneli-1-100x100.jpg 100w\" sizes=\"auto, (max-width: 280px) 100vw, 280px\" \/><\/a>\n\t\t\t<\/div><\/figure><figure class='gallery-item'>\n\t\t\t<div class='gallery-icon landscape'>\n\t\t\t\t<a href='https:\/\/www.stikla-serviss.lv\/wp-content\/uploads\/2020\/10\/krasota-stikla-sienas-apdares-paneli-2.jpg'><img loading=\"lazy\" decoding=\"async\" width=\"280\" height=\"280\" src=\"https:\/\/www.stikla-serviss.lv\/wp-content\/uploads\/2020\/10\/krasota-stikla-sienas-apdares-paneli-2-280x280.jpg\" class=\"attachment-thumbnail size-thumbnail\" alt=\"\" srcset=\"https:\/\/www.stikla-serviss.lv\/wp-content\/uploads\/2020\/10\/krasota-stikla-sienas-apdares-paneli-2-280x280.jpg 280w, https:\/\/www.stikla-serviss.lv\/wp-content\/uploads\/2020\/10\/krasota-stikla-sienas-apdares-paneli-2-100x100.jpg 100w\" sizes=\"auto, (max-width: 280px) 100vw, 280px\" \/><\/a>\n\t\t\t<\/div><\/figure><figure class='gallery-item'>\n\t\t\t<div class='gallery-icon landscape'>\n\t\t\t\t<a href='https:\/\/www.stikla-serviss.lv\/wp-content\/uploads\/2020\/10\/krasota-stikla-sienas-apdares-paneli-3.jpg'><img loading=\"lazy\" decoding=\"async\" width=\"280\" height=\"280\" src=\"https:\/\/www.stikla-serviss.lv\/wp-content\/uploads\/2020\/10\/krasota-stikla-sienas-apdares-paneli-3-280x280.jpg\" class=\"attachment-thumbnail size-thumbnail\" alt=\"\" srcset=\"https:\/\/www.stikla-serviss.lv\/wp-content\/uploads\/2020\/10\/krasota-stikla-sienas-apdares-paneli-3-280x280.jpg 280w, https:\/\/www.stikla-serviss.lv\/wp-content\/uploads\/2020\/10\/krasota-stikla-sienas-apdares-paneli-3-100x100.jpg 100w\" sizes=\"auto, (max-width: 280px) 100vw, 280px\" \/><\/a>\n\t\t\t<\/div><\/figure><figure class='gallery-item'>\n\t\t\t<div class='gallery-icon portrait'>\n\t\t\t\t<a href='https:\/\/www.stikla-serviss.lv\/wp-content\/uploads\/2020\/10\/krasota-stikla-sienas-apdares-paneli-4.jpg'><img loading=\"lazy\" decoding=\"async\" width=\"280\" height=\"280\" src=\"https:\/\/www.stikla-serviss.lv\/wp-content\/uploads\/2020\/10\/krasota-stikla-sienas-apdares-paneli-4-280x280.jpg\" class=\"attachment-thumbnail size-thumbnail\" alt=\"\" srcset=\"https:\/\/www.stikla-serviss.lv\/wp-content\/uploads\/2020\/10\/krasota-stikla-sienas-apdares-paneli-4-280x280.jpg 280w, https:\/\/www.stikla-serviss.lv\/wp-content\/uploads\/2020\/10\/krasota-stikla-sienas-apdares-paneli-4-100x100.jpg 100w\" sizes=\"auto, (max-width: 280px) 100vw, 280px\" \/><\/a>\n\t\t\t<\/div><\/figure><figure class='gallery-item'>\n\t\t\t<div class='gallery-icon landscape'>\n\t\t\t\t<a href='https:\/\/www.stikla-serviss.lv\/wp-content\/uploads\/2020\/10\/krasota-stikla-sienas-apdares-paneli-5.jpg'><img loading=\"lazy\" decoding=\"async\" width=\"280\" height=\"280\" src=\"https:\/\/www.stikla-serviss.lv\/wp-content\/uploads\/2020\/10\/krasota-stikla-sienas-apdares-paneli-5-280x280.jpg\" class=\"attachment-thumbnail size-thumbnail\" alt=\"\" srcset=\"https:\/\/www.stikla-serviss.lv\/wp-content\/uploads\/2020\/10\/krasota-stikla-sienas-apdares-paneli-5-280x280.jpg 280w, https:\/\/www.stikla-serviss.lv\/wp-content\/uploads\/2020\/10\/krasota-stikla-sienas-apdares-paneli-5-100x100.jpg 100w\" sizes=\"auto, (max-width: 280px) 100vw, 280px\" \/><\/a>\n\t\t\t<\/div><\/figure><figure class='gallery-item'>\n\t\t\t<div class='gallery-icon landscape'>\n\t\t\t\t<a href='https:\/\/www.stikla-serviss.lv\/wp-content\/uploads\/2020\/10\/krasota-stikla-sienas-apdares-paneli-6.jpg'><img loading=\"lazy\" decoding=\"async\" width=\"280\" height=\"280\" src=\"https:\/\/www.stikla-serviss.lv\/wp-content\/uploads\/2020\/10\/krasota-stikla-sienas-apdares-paneli-6-280x280.jpg\" class=\"attachment-thumbnail size-thumbnail\" alt=\"\" srcset=\"https:\/\/www.stikla-serviss.lv\/wp-content\/uploads\/2020\/10\/krasota-stikla-sienas-apdares-paneli-6-280x280.jpg 280w, https:\/\/www.stikla-serviss.lv\/wp-content\/uploads\/2020\/10\/krasota-stikla-sienas-apdares-paneli-6-100x100.jpg 100w\" sizes=\"auto, (max-width: 280px) 100vw, 280px\" \/><\/a>\n\t\t\t<\/div><\/figure><figure class='gallery-item'>\n\t\t\t<div class='gallery-icon landscape'>\n\t\t\t\t<a href='https:\/\/www.stikla-serviss.lv\/wp-content\/uploads\/2020\/10\/krasota-stikla-sienas-apdares-paneli-7.jpg'><img loading=\"lazy\" decoding=\"async\" width=\"280\" height=\"280\" src=\"https:\/\/www.stikla-serviss.lv\/wp-content\/uploads\/2020\/10\/krasota-stikla-sienas-apdares-paneli-7-280x280.jpg\" class=\"attachment-thumbnail size-thumbnail\" alt=\"\" srcset=\"https:\/\/www.stikla-serviss.lv\/wp-content\/uploads\/2020\/10\/krasota-stikla-sienas-apdares-paneli-7-280x280.jpg 280w, https:\/\/www.stikla-serviss.lv\/wp-content\/uploads\/2020\/10\/krasota-stikla-sienas-apdares-paneli-7-100x100.jpg 100w\" sizes=\"auto, (max-width: 280px) 100vw, 280px\" \/><\/a>\n\t\t\t<\/div><\/figure>\n\t\t<\/div>\n\n","protected":false},"excerpt":{"rendered":"<p>The Lacobel and Matelac painted glass in the Stikla Serviss range can be used for walls, sliding doors, and furniture and keep their original appearance for years. Lacobel and Matelac are manufactured using environmentally friendly paints that do not contain heavy metals or harmful chemicals. There are 20 modern shades available. The colors are carefully [&#8230;]\n","protected":false},"featured_media":2870,"template":"","meta":[],"product_brand":[],"product_cat":[301,259],"product_tag":[],"class_list":{"0":"post-7012","1":"product","2":"type-product","3":"status-publish","4":"has-post-thumbnail","6":"product_cat-painted-glass-wall-finishing-panels-shower-rooms-interior-glass","7":"product_cat-individual-glass-solutions","9":"first","10":"instock","11":"shipping-taxable","12":"product-type-simple"},"yoast_head":"<!-- This site is optimized with the Yoast SEO plugin v27.1.1 - https:\/\/yoast.com\/product\/yoast-seo-wordpress\/ -->\n<title>Painted glass wall finishing panels (shower rooms, interior) glass - STIKLA SERVISS<\/title>\n<meta name=\"description\" content=\"Painted glass wall finishing panels (shower rooms, interior) glass - STIKLA SERVISS\" \/>\n<meta name=\"robots\" content=\"index, follow, max-snippet:-1, max-image-preview:large, max-video-preview:-1\" \/>\n<link rel=\"canonical\" href=\"https:\/\/www.stikla-serviss.lv\/en\/product\/krasota-stikla-sienu-apdares-paneli-dusas-telpas-interjera\/\" \/>\n<meta property=\"og:locale\" content=\"en_US\" \/>\n<meta property=\"og:type\" content=\"article\" \/>\n<meta property=\"og:title\" content=\"Painted glass wall finishing panels (shower rooms, interior) glass - STIKLA SERVISS\" \/>\n<meta property=\"og:description\" content=\"Painted glass wall finishing panels (shower rooms, interior) glass - STIKLA SERVISS\" \/>\n<meta property=\"og:url\" content=\"https:\/\/www.stikla-serviss.lv\/en\/product\/krasota-stikla-sienu-apdares-paneli-dusas-telpas-interjera\/\" \/>\n<meta property=\"og:site_name\" content=\"STIKLA SERVISS\" \/>\n<meta property=\"article:modified_time\" content=\"2021-10-27T08:15:31+00:00\" \/>\n<meta property=\"og:image\" content=\"https:\/\/www.stikla-serviss.lv\/wp-content\/uploads\/2020\/10\/kr\u0101sota-stikla-sienu-apdares-pane\u013ci.jpg\" \/>\n\t<meta property=\"og:image:width\" content=\"800\" \/>\n\t<meta property=\"og:image:height\" content=\"571\" \/>\n\t<meta property=\"og:image:type\" content=\"image\/jpeg\" \/>\n<meta name=\"twitter:card\" content=\"summary_large_image\" \/>\n<meta name=\"twitter:label1\" content=\"Est. reading time\" \/>\n\t<meta name=\"twitter:data1\" content=\"1 minute\" \/>\n<script type=\"application\/ld+json\" class=\"yoast-schema-graph\">{\"@context\":\"https:\/\/schema.org\",\"@graph\":[{\"@type\":\"WebPage\",\"@id\":\"https:\/\/www.stikla-serviss.lv\/en\/product\/krasota-stikla-sienu-apdares-paneli-dusas-telpas-interjera\/\",\"url\":\"https:\/\/www.stikla-serviss.lv\/en\/product\/krasota-stikla-sienu-apdares-paneli-dusas-telpas-interjera\/\",\"name\":\"Painted glass wall finishing panels (shower rooms, interior) glass - STIKLA SERVISS\",\"isPartOf\":{\"@id\":\"https:\/\/www.stikla-serviss.lv\/en\/#website\"},\"primaryImageOfPage\":{\"@id\":\"https:\/\/www.stikla-serviss.lv\/en\/product\/krasota-stikla-sienu-apdares-paneli-dusas-telpas-interjera\/#primaryimage\"},\"image\":{\"@id\":\"https:\/\/www.stikla-serviss.lv\/en\/product\/krasota-stikla-sienu-apdares-paneli-dusas-telpas-interjera\/#primaryimage\"},\"thumbnailUrl\":\"https:\/\/www.stikla-serviss.lv\/wp-content\/uploads\/2020\/10\/kr\u0101sota-stikla-sienu-apdares-pane\u013ci.jpg\",\"datePublished\":\"2020-10-19T11:02:17+00:00\",\"dateModified\":\"2021-10-27T08:15:31+00:00\",\"description\":\"Painted glass wall finishing panels (shower rooms, interior) glass - STIKLA SERVISS\",\"breadcrumb\":{\"@id\":\"https:\/\/www.stikla-serviss.lv\/en\/product\/krasota-stikla-sienu-apdares-paneli-dusas-telpas-interjera\/#breadcrumb\"},\"inLanguage\":\"en-US\",\"potentialAction\":[{\"@type\":\"ReadAction\",\"target\":[\"https:\/\/www.stikla-serviss.lv\/en\/product\/krasota-stikla-sienu-apdares-paneli-dusas-telpas-interjera\/\"]}]},{\"@type\":\"ImageObject\",\"inLanguage\":\"en-US\",\"@id\":\"https:\/\/www.stikla-serviss.lv\/en\/product\/krasota-stikla-sienu-apdares-paneli-dusas-telpas-interjera\/#primaryimage\",\"url\":\"https:\/\/www.stikla-serviss.lv\/wp-content\/uploads\/2020\/10\/kr\u0101sota-stikla-sienu-apdares-pane\u013ci.jpg\",\"contentUrl\":\"https:\/\/www.stikla-serviss.lv\/wp-content\/uploads\/2020\/10\/kr\u0101sota-stikla-sienu-apdares-pane\u013ci.jpg\",\"width\":800,\"height\":571},{\"@type\":\"BreadcrumbList\",\"@id\":\"https:\/\/www.stikla-serviss.lv\/en\/product\/krasota-stikla-sienu-apdares-paneli-dusas-telpas-interjera\/#breadcrumb\",\"itemListElement\":[{\"@type\":\"ListItem\",\"position\":1,\"name\":\"Home\",\"item\":\"https:\/\/www.stikla-serviss.lv\/en\/\"},{\"@type\":\"ListItem\",\"position\":2,\"name\":\"PRODUCTS\",\"item\":\"https:\/\/www.stikla-serviss.lv\/en\/produkti\/\"},{\"@type\":\"ListItem\",\"position\":3,\"name\":\"Painted glass wall finishing panels (shower rooms, interior) glass\"}]},{\"@type\":\"WebSite\",\"@id\":\"https:\/\/www.stikla-serviss.lv\/en\/#website\",\"url\":\"https:\/\/www.stikla-serviss.lv\/en\/\",\"name\":\"STIKLA SERVISS\",\"description\":\"Stikla tirdzniec\u012bbas un stikla izstr\u0101d\u0101jumu ra\u017eo\u0161anas uz\u0146\u0113mums\",\"publisher\":{\"@id\":\"https:\/\/www.stikla-serviss.lv\/en\/#organization\"},\"potentialAction\":[{\"@type\":\"SearchAction\",\"target\":{\"@type\":\"EntryPoint\",\"urlTemplate\":\"https:\/\/www.stikla-serviss.lv\/en\/?s={search_term_string}\"},\"query-input\":{\"@type\":\"PropertyValueSpecification\",\"valueRequired\":true,\"valueName\":\"search_term_string\"}}],\"inLanguage\":\"en-US\"},{\"@type\":\"Organization\",\"@id\":\"https:\/\/www.stikla-serviss.lv\/en\/#organization\",\"name\":\"SIA \\\"STIKLA SERVISS\\\"\",\"url\":\"https:\/\/www.stikla-serviss.lv\/en\/\",\"logo\":{\"@type\":\"ImageObject\",\"inLanguage\":\"en-US\",\"@id\":\"https:\/\/www.stikla-serviss.lv\/en\/#\/schema\/logo\/image\/\",\"url\":\"https:\/\/www.stikla-serviss.lv\/wp-content\/uploads\/2020\/07\/LOGO-ISTS.jpg\",\"contentUrl\":\"https:\/\/www.stikla-serviss.lv\/wp-content\/uploads\/2020\/07\/LOGO-ISTS.jpg\",\"width\":1860,\"height\":817,\"caption\":\"SIA \\\"STIKLA SERVISS\\\"\"},\"image\":{\"@id\":\"https:\/\/www.stikla-serviss.lv\/en\/#\/schema\/logo\/image\/\"}}]}<\/script>\n<!-- \/ Yoast SEO plugin. -->","yoast_head_json":{"title":"Painted glass wall finishing panels (shower rooms, interior) glass - STIKLA SERVISS","description":"Painted glass wall finishing panels (shower rooms, interior) glass - STIKLA SERVISS","robots":{"index":"index","follow":"follow","max-snippet":"max-snippet:-1","max-image-preview":"max-image-preview:large","max-video-preview":"max-video-preview:-1"},"canonical":"https:\/\/www.stikla-serviss.lv\/en\/product\/krasota-stikla-sienu-apdares-paneli-dusas-telpas-interjera\/","og_locale":"en_US","og_type":"article","og_title":"Painted glass wall finishing panels (shower rooms, interior) glass - STIKLA SERVISS","og_description":"Painted glass wall finishing panels (shower rooms, interior) glass - STIKLA SERVISS","og_url":"https:\/\/www.stikla-serviss.lv\/en\/product\/krasota-stikla-sienu-apdares-paneli-dusas-telpas-interjera\/","og_site_name":"STIKLA SERVISS","article_modified_time":"2021-10-27T08:15:31+00:00","og_image":[{"width":800,"height":571,"url":"https:\/\/www.stikla-serviss.lv\/wp-content\/uploads\/2020\/10\/kr\u0101sota-stikla-sienu-apdares-pane\u013ci.jpg","type":"image\/jpeg"}],"twitter_card":"summary_large_image","twitter_misc":{"Est. reading time":"1 minute"},"schema":{"@context":"https:\/\/schema.org","@graph":[{"@type":"WebPage","@id":"https:\/\/www.stikla-serviss.lv\/en\/product\/krasota-stikla-sienu-apdares-paneli-dusas-telpas-interjera\/","url":"https:\/\/www.stikla-serviss.lv\/en\/product\/krasota-stikla-sienu-apdares-paneli-dusas-telpas-interjera\/","name":"Painted glass wall finishing panels (shower rooms, interior) glass - STIKLA SERVISS","isPartOf":{"@id":"https:\/\/www.stikla-serviss.lv\/en\/#website"},"primaryImageOfPage":{"@id":"https:\/\/www.stikla-serviss.lv\/en\/product\/krasota-stikla-sienu-apdares-paneli-dusas-telpas-interjera\/#primaryimage"},"image":{"@id":"https:\/\/www.stikla-serviss.lv\/en\/product\/krasota-stikla-sienu-apdares-paneli-dusas-telpas-interjera\/#primaryimage"},"thumbnailUrl":"https:\/\/www.stikla-serviss.lv\/wp-content\/uploads\/2020\/10\/kr\u0101sota-stikla-sienu-apdares-pane\u013ci.jpg","datePublished":"2020-10-19T11:02:17+00:00","dateModified":"2021-10-27T08:15:31+00:00","description":"Painted glass wall finishing panels (shower rooms, interior) glass - STIKLA SERVISS","breadcrumb":{"@id":"https:\/\/www.stikla-serviss.lv\/en\/product\/krasota-stikla-sienu-apdares-paneli-dusas-telpas-interjera\/#breadcrumb"},"inLanguage":"en-US","potentialAction":[{"@type":"ReadAction","target":["https:\/\/www.stikla-serviss.lv\/en\/product\/krasota-stikla-sienu-apdares-paneli-dusas-telpas-interjera\/"]}]},{"@type":"ImageObject","inLanguage":"en-US","@id":"https:\/\/www.stikla-serviss.lv\/en\/product\/krasota-stikla-sienu-apdares-paneli-dusas-telpas-interjera\/#primaryimage","url":"https:\/\/www.stikla-serviss.lv\/wp-content\/uploads\/2020\/10\/kr\u0101sota-stikla-sienu-apdares-pane\u013ci.jpg","contentUrl":"https:\/\/www.stikla-serviss.lv\/wp-content\/uploads\/2020\/10\/kr\u0101sota-stikla-sienu-apdares-pane\u013ci.jpg","width":800,"height":571},{"@type":"BreadcrumbList","@id":"https:\/\/www.stikla-serviss.lv\/en\/product\/krasota-stikla-sienu-apdares-paneli-dusas-telpas-interjera\/#breadcrumb","itemListElement":[{"@type":"ListItem","position":1,"name":"Home","item":"https:\/\/www.stikla-serviss.lv\/en\/"},{"@type":"ListItem","position":2,"name":"PRODUCTS","item":"https:\/\/www.stikla-serviss.lv\/en\/produkti\/"},{"@type":"ListItem","position":3,"name":"Painted glass wall finishing panels (shower rooms, interior) glass"}]},{"@type":"WebSite","@id":"https:\/\/www.stikla-serviss.lv\/en\/#website","url":"https:\/\/www.stikla-serviss.lv\/en\/","name":"STIKLA SERVISS","description":"Stikla tirdzniec\u012bbas un stikla izstr\u0101d\u0101jumu ra\u017eo\u0161anas uz\u0146\u0113mums","publisher":{"@id":"https:\/\/www.stikla-serviss.lv\/en\/#organization"},"potentialAction":[{"@type":"SearchAction","target":{"@type":"EntryPoint","urlTemplate":"https:\/\/www.stikla-serviss.lv\/en\/?s={search_term_string}"},"query-input":{"@type":"PropertyValueSpecification","valueRequired":true,"valueName":"search_term_string"}}],"inLanguage":"en-US"},{"@type":"Organization","@id":"https:\/\/www.stikla-serviss.lv\/en\/#organization","name":"SIA \"STIKLA SERVISS\"","url":"https:\/\/www.stikla-serviss.lv\/en\/","logo":{"@type":"ImageObject","inLanguage":"en-US","@id":"https:\/\/www.stikla-serviss.lv\/en\/#\/schema\/logo\/image\/","url":"https:\/\/www.stikla-serviss.lv\/wp-content\/uploads\/2020\/07\/LOGO-ISTS.jpg","contentUrl":"https:\/\/www.stikla-serviss.lv\/wp-content\/uploads\/2020\/07\/LOGO-ISTS.jpg","width":1860,"height":817,"caption":"SIA \"STIKLA SERVISS\""},"image":{"@id":"https:\/\/www.stikla-serviss.lv\/en\/#\/schema\/logo\/image\/"}}]}},"_links":{"self":[{"href":"https:\/\/www.stikla-serviss.lv\/en\/wp-json\/wp\/v2\/product\/7012","targetHints":{"allow":["GET"]}}],"collection":[{"href":"https:\/\/www.stikla-serviss.lv\/en\/wp-json\/wp\/v2\/product"}],"about":[{"href":"https:\/\/www.stikla-serviss.lv\/en\/wp-json\/wp\/v2\/types\/product"}],"wp:featuredmedia":[{"embeddable":true,"href":"https:\/\/www.stikla-serviss.lv\/en\/wp-json\/wp\/v2\/media\/2870"}],"wp:attachment":[{"href":"https:\/\/www.stikla-serviss.lv\/en\/wp-json\/wp\/v2\/media?parent=7012"}],"wp:term":[{"taxonomy":"product_brand","embeddable":true,"href":"https:\/\/www.stikla-serviss.lv\/en\/wp-json\/wp\/v2\/product_brand?post=7012"},{"taxonomy":"product_cat","embeddable":true,"href":"https:\/\/www.stikla-serviss.lv\/en\/wp-json\/wp\/v2\/product_cat?post=7012"},{"taxonomy":"product_tag","embeddable":true,"href":"https:\/\/www.stikla-serviss.lv\/en\/wp-json\/wp\/v2\/product_tag?post=7012"}],"curies":[{"name":"wp","href":"https:\/\/api.w.org\/{rel}","templated":true}]}}