{"id":7041,"date":"2020-07-12T12:54:53","date_gmt":"2020-07-12T09:54:53","guid":{"rendered":"https:\/\/www.stikla-serviss.lv\/product\/furnitura-stiklam-spoguliem-furnitura-spogulu-stiprinasanai\/"},"modified":"2021-01-14T16:55:08","modified_gmt":"2021-01-14T14:55:08","slug":"furnitura-stiklam-spoguliem-furnitura-spogulu-stiprinasanai","status":"publish","type":"product","link":"https:\/\/www.stikla-serviss.lv\/en\/product\/furnitura-stiklam-spoguliem-furnitura-spogulu-stiprinasanai\/","title":{"rendered":"FITTINGS FOR GLASS, MIRRORS &#8211; FITTINGS FOR GLASS, MIRRORS"},"content":{"rendered":"<p>&nbsp;<\/p>\n<table style=\"border-collapse: collapse; width: 100%; height: 332px;\">\n<tbody>\n<tr style=\"height: 332px;\">\n<td style=\"vertical-align: top;\"><div class=\"row\"  id=\"row-2014841670\">\r\n\r\n\n\t<div id=\"col-546796932\" class=\"col medium-6 small-12 large-6\"  >\n\t\t\t\t<div class=\"col-inner\"  >\n\t\t\t\n\t\t\t\r\n<p style=\"text-align: right;\">LAURA V\u012aTOLA<\/p>\r\n<p style=\"text-align: right;\">Product designer<\/p>\r\n<p style=\"text-align: right;\">+371 20010062<\/p>\r\n<p style=\"text-align: right;\">+371 67472933<\/p>\r\n<p style=\"text-align: right;\"><a id=\"contact_email_19\" href=\"mailto:laura@stikla-serviss.lv\">laura@stikla-serviss.lv<\/a><\/p>\r\n<p style=\"text-align: right;\"><a href=\"mailto:info@stikla-serviss.lv\">info@stikla-serviss.lv<\/a><\/p>\r\n\t\t<\/div>\n\t\t\t\t\t<\/div>\n\n\t\r\n\n\t<div id=\"col-1773227592\" class=\"col medium-6 small-12 large-6\"  >\n\t\t\t\t<div class=\"col-inner\"  >\n\t\t\t\n\t\t\t\r\n\r\n\t<div class=\"img has-hover x md-x lg-x y md-y lg-y\" id=\"image_712992274\">\n\t\t\t\t\t\t\t\t<div class=\"img-inner dark\" >\n\t\t\t<img loading=\"lazy\" decoding=\"async\" width=\"800\" height=\"792\" src=\"https:\/\/www.stikla-serviss.lv\/wp-content\/uploads\/2021\/10\/Laura-Vitola-3-1.jpg\" class=\"attachment-large size-large\" alt=\"\" srcset=\"https:\/\/www.stikla-serviss.lv\/wp-content\/uploads\/2021\/10\/Laura-Vitola-3-1.jpg 800w, https:\/\/www.stikla-serviss.lv\/wp-content\/uploads\/2021\/10\/Laura-Vitola-3-1-100x100.jpg 100w, https:\/\/www.stikla-serviss.lv\/wp-content\/uploads\/2021\/10\/Laura-Vitola-3-1-510x505.jpg 510w, https:\/\/www.stikla-serviss.lv\/wp-content\/uploads\/2021\/10\/Laura-Vitola-3-1-404x400.jpg 404w, https:\/\/www.stikla-serviss.lv\/wp-content\/uploads\/2021\/10\/Laura-Vitola-3-1-768x760.jpg 768w\" sizes=\"auto, (max-width: 800px) 100vw, 800px\" \/>\t\t\t\t\t\t\n\t\t\t\t\t<\/div>\n\t\t\t\t\t\t\t\t\n<style>\n#image_712992274 {\n  width: 100%;\n}\n<\/style>\n\t<\/div>\n\t\r\n\r\n\t\t<\/div>\n\t\t\t\t\t<\/div>\n\n\t\r\n\r\n<\/div><\/td>\n<td style=\"width: 50%; vertical-align: top; height: 332px;\"><div class=\"row\"  id=\"row-1172568277\">\n\n\n\t<div id=\"col-1019573581\" class=\"col medium-6 small-12 large-6\"  >\n\t\t\t\t<div class=\"col-inner\"  >\n\t\t\t\n\t\t\t\n\n<p style=\"text-align: right;\">NORMUNDS SAVICKIS<\/p>\n<p style=\"text-align: right;\">Project manager<\/p>\n<p style=\"text-align: right;\">+371 67472933<\/p>\n<p style=\"text-align: right;\">\u00a0+371 29483999<\/p>\n<p style=\"text-align: right;\"><a id=\"contact_email_5\" href=\"mailto:normunds@stikla-serviss.lv\">normunds@stikla-serviss.lv<\/a><\/p>\n<p style=\"text-align: right;\"><a href=\"mailto:info@stikla-serviss.lv\">info@stikla-serviss.lv<\/a><\/p>\n\n\t\t<\/div>\n\t\t\t\t\t<\/div>\n\n\t\n\n\t<div id=\"col-1292957571\" class=\"col medium-6 small-12 large-6\"  >\n\t\t\t\t<div class=\"col-inner\"  >\n\t\t\t\n\t\t\t\n\n\t<div class=\"img has-hover x md-x lg-x y md-y lg-y\" id=\"image_1241442461\">\n\t\t\t\t\t\t\t\t<div class=\"img-inner dark\" >\n\t\t\t<img loading=\"lazy\" decoding=\"async\" width=\"743\" height=\"800\" src=\"https:\/\/www.stikla-serviss.lv\/wp-content\/uploads\/2026\/04\/Normuds-Savickis-2-743x800.jpg\" class=\"attachment-large size-large\" alt=\"\" srcset=\"https:\/\/www.stikla-serviss.lv\/wp-content\/uploads\/2026\/04\/Normuds-Savickis-2-743x800.jpg 743w, https:\/\/www.stikla-serviss.lv\/wp-content\/uploads\/2026\/04\/Normuds-Savickis-2-371x400.jpg 371w, https:\/\/www.stikla-serviss.lv\/wp-content\/uploads\/2026\/04\/Normuds-Savickis-2-768x827.jpg 768w, https:\/\/www.stikla-serviss.lv\/wp-content\/uploads\/2026\/04\/Normuds-Savickis-2-510x549.jpg 510w, https:\/\/www.stikla-serviss.lv\/wp-content\/uploads\/2026\/04\/Normuds-Savickis-2.jpg 791w\" sizes=\"auto, (max-width: 743px) 100vw, 743px\" \/>\t\t\t\t\t\t\n\t\t\t\t\t<\/div>\n\t\t\t\t\t\t\t\t\n<style>\n#image_1241442461 {\n  width: 100%;\n}\n<\/style>\n\t<\/div>\n\t\n\n\n\t\t<\/div>\n\t\t\t\t\t<\/div>\n\n\t\n\n<\/div><\/td>\n<\/tr>\n<\/tbody>\n<\/table>\n<p>&nbsp;<\/p>\n","protected":false},"excerpt":{"rendered":"<p><img loading=\"lazy\" decoding=\"async\" class=\"alignnone wp-image-1506\" src=\"https:\/\/www.stikla-serviss.lv\/wp-content\/uploads\/2020\/07\/download-pdf-e1610095795770.gif\" alt=\"\" width=\"80\" height=\"80\" \/><\/p>\n","protected":false},"featured_media":2750,"template":"","meta":[],"product_brand":[],"product_cat":[271,254],"product_tag":[],"class_list":{"0":"post-7041","1":"product","2":"type-product","3":"status-publish","4":"has-post-thumbnail","6":"product_cat-fittings-for-glass-mirrors-fittings-for-glass-mirrors","7":"product_cat-fittings-for-glass-mirrors","9":"first","10":"instock","11":"shipping-taxable","12":"product-type-simple"},"yoast_head":"<!-- This site is optimized with the Yoast SEO plugin v27.1.1 - https:\/\/yoast.com\/product\/yoast-seo-wordpress\/ -->\n<title>FITTINGS FOR GLASS, MIRRORS - FITTINGS FOR GLASS, MIRRORS - STIKLA SERVISS<\/title>\n<meta name=\"description\" content=\"FITTINGS FOR GLASS, MIRRORS - FITTINGS FOR GLASS, MIRRORS - STIKLA SERVISS\" \/>\n<meta name=\"robots\" content=\"index, follow, max-snippet:-1, max-image-preview:large, max-video-preview:-1\" \/>\n<link rel=\"canonical\" href=\"https:\/\/www.stikla-serviss.lv\/en\/product\/furnitura-stiklam-spoguliem-furnitura-spogulu-stiprinasanai\/\" \/>\n<meta property=\"og:locale\" content=\"en_US\" \/>\n<meta property=\"og:type\" content=\"article\" \/>\n<meta property=\"og:title\" content=\"FITTINGS FOR GLASS, MIRRORS - FITTINGS FOR GLASS, MIRRORS - STIKLA SERVISS\" \/>\n<meta property=\"og:description\" content=\"FITTINGS FOR GLASS, MIRRORS - FITTINGS FOR GLASS, MIRRORS - STIKLA SERVISS\" \/>\n<meta property=\"og:url\" content=\"https:\/\/www.stikla-serviss.lv\/en\/product\/furnitura-stiklam-spoguliem-furnitura-spogulu-stiprinasanai\/\" \/>\n<meta property=\"og:site_name\" content=\"STIKLA SERVISS\" \/>\n<meta property=\"article:modified_time\" content=\"2021-01-14T14:55:08+00:00\" \/>\n<meta property=\"og:image\" content=\"https:\/\/www.stikla-serviss.lv\/wp-content\/uploads\/2020\/09\/furnit\u016bra-spogu\u013cu-stiprin\u0101\u0161anai-scaled.jpg\" \/>\n\t<meta property=\"og:image:width\" content=\"2560\" \/>\n\t<meta property=\"og:image:height\" content=\"1707\" \/>\n\t<meta property=\"og:image:type\" content=\"image\/jpeg\" \/>\n<meta name=\"twitter:card\" content=\"summary_large_image\" \/>\n<script type=\"application\/ld+json\" class=\"yoast-schema-graph\">{\"@context\":\"https:\/\/schema.org\",\"@graph\":[{\"@type\":\"WebPage\",\"@id\":\"https:\/\/www.stikla-serviss.lv\/en\/product\/furnitura-stiklam-spoguliem-furnitura-spogulu-stiprinasanai\/\",\"url\":\"https:\/\/www.stikla-serviss.lv\/en\/product\/furnitura-stiklam-spoguliem-furnitura-spogulu-stiprinasanai\/\",\"name\":\"FITTINGS FOR GLASS, MIRRORS - FITTINGS FOR GLASS, MIRRORS - STIKLA SERVISS\",\"isPartOf\":{\"@id\":\"https:\/\/www.stikla-serviss.lv\/en\/#website\"},\"primaryImageOfPage\":{\"@id\":\"https:\/\/www.stikla-serviss.lv\/en\/product\/furnitura-stiklam-spoguliem-furnitura-spogulu-stiprinasanai\/#primaryimage\"},\"image\":{\"@id\":\"https:\/\/www.stikla-serviss.lv\/en\/product\/furnitura-stiklam-spoguliem-furnitura-spogulu-stiprinasanai\/#primaryimage\"},\"thumbnailUrl\":\"https:\/\/www.stikla-serviss.lv\/wp-content\/uploads\/2020\/09\/furnit\u016bra-spogu\u013cu-stiprin\u0101\u0161anai-scaled.jpg\",\"datePublished\":\"2020-07-12T09:54:53+00:00\",\"dateModified\":\"2021-01-14T14:55:08+00:00\",\"description\":\"FITTINGS FOR GLASS, MIRRORS - FITTINGS FOR GLASS, MIRRORS - STIKLA SERVISS\",\"breadcrumb\":{\"@id\":\"https:\/\/www.stikla-serviss.lv\/en\/product\/furnitura-stiklam-spoguliem-furnitura-spogulu-stiprinasanai\/#breadcrumb\"},\"inLanguage\":\"en-US\",\"potentialAction\":[{\"@type\":\"ReadAction\",\"target\":[\"https:\/\/www.stikla-serviss.lv\/en\/product\/furnitura-stiklam-spoguliem-furnitura-spogulu-stiprinasanai\/\"]}]},{\"@type\":\"ImageObject\",\"inLanguage\":\"en-US\",\"@id\":\"https:\/\/www.stikla-serviss.lv\/en\/product\/furnitura-stiklam-spoguliem-furnitura-spogulu-stiprinasanai\/#primaryimage\",\"url\":\"https:\/\/www.stikla-serviss.lv\/wp-content\/uploads\/2020\/09\/furnit\u016bra-spogu\u013cu-stiprin\u0101\u0161anai-scaled.jpg\",\"contentUrl\":\"https:\/\/www.stikla-serviss.lv\/wp-content\/uploads\/2020\/09\/furnit\u016bra-spogu\u013cu-stiprin\u0101\u0161anai-scaled.jpg\",\"width\":2560,\"height\":1707},{\"@type\":\"BreadcrumbList\",\"@id\":\"https:\/\/www.stikla-serviss.lv\/en\/product\/furnitura-stiklam-spoguliem-furnitura-spogulu-stiprinasanai\/#breadcrumb\",\"itemListElement\":[{\"@type\":\"ListItem\",\"position\":1,\"name\":\"Home\",\"item\":\"https:\/\/www.stikla-serviss.lv\/en\/\"},{\"@type\":\"ListItem\",\"position\":2,\"name\":\"PRODUCTS\",\"item\":\"https:\/\/www.stikla-serviss.lv\/en\/produkti\/\"},{\"@type\":\"ListItem\",\"position\":3,\"name\":\"FITTINGS FOR GLASS, MIRRORS &#8211; FITTINGS FOR GLASS, MIRRORS\"}]},{\"@type\":\"WebSite\",\"@id\":\"https:\/\/www.stikla-serviss.lv\/en\/#website\",\"url\":\"https:\/\/www.stikla-serviss.lv\/en\/\",\"name\":\"STIKLA SERVISS\",\"description\":\"Stikla tirdzniec\u012bbas un stikla izstr\u0101d\u0101jumu ra\u017eo\u0161anas uz\u0146\u0113mums\",\"publisher\":{\"@id\":\"https:\/\/www.stikla-serviss.lv\/en\/#organization\"},\"potentialAction\":[{\"@type\":\"SearchAction\",\"target\":{\"@type\":\"EntryPoint\",\"urlTemplate\":\"https:\/\/www.stikla-serviss.lv\/en\/?s={search_term_string}\"},\"query-input\":{\"@type\":\"PropertyValueSpecification\",\"valueRequired\":true,\"valueName\":\"search_term_string\"}}],\"inLanguage\":\"en-US\"},{\"@type\":\"Organization\",\"@id\":\"https:\/\/www.stikla-serviss.lv\/en\/#organization\",\"name\":\"SIA \\\"STIKLA SERVISS\\\"\",\"url\":\"https:\/\/www.stikla-serviss.lv\/en\/\",\"logo\":{\"@type\":\"ImageObject\",\"inLanguage\":\"en-US\",\"@id\":\"https:\/\/www.stikla-serviss.lv\/en\/#\/schema\/logo\/image\/\",\"url\":\"https:\/\/www.stikla-serviss.lv\/wp-content\/uploads\/2020\/07\/LOGO-ISTS.jpg\",\"contentUrl\":\"https:\/\/www.stikla-serviss.lv\/wp-content\/uploads\/2020\/07\/LOGO-ISTS.jpg\",\"width\":1860,\"height\":817,\"caption\":\"SIA \\\"STIKLA SERVISS\\\"\"},\"image\":{\"@id\":\"https:\/\/www.stikla-serviss.lv\/en\/#\/schema\/logo\/image\/\"}}]}<\/script>\n<!-- \/ Yoast SEO plugin. -->","yoast_head_json":{"title":"FITTINGS FOR GLASS, MIRRORS - FITTINGS FOR GLASS, MIRRORS - STIKLA SERVISS","description":"FITTINGS FOR GLASS, MIRRORS - FITTINGS FOR GLASS, MIRRORS - STIKLA SERVISS","robots":{"index":"index","follow":"follow","max-snippet":"max-snippet:-1","max-image-preview":"max-image-preview:large","max-video-preview":"max-video-preview:-1"},"canonical":"https:\/\/www.stikla-serviss.lv\/en\/product\/furnitura-stiklam-spoguliem-furnitura-spogulu-stiprinasanai\/","og_locale":"en_US","og_type":"article","og_title":"FITTINGS FOR GLASS, MIRRORS - FITTINGS FOR GLASS, MIRRORS - STIKLA SERVISS","og_description":"FITTINGS FOR GLASS, MIRRORS - FITTINGS FOR GLASS, MIRRORS - STIKLA SERVISS","og_url":"https:\/\/www.stikla-serviss.lv\/en\/product\/furnitura-stiklam-spoguliem-furnitura-spogulu-stiprinasanai\/","og_site_name":"STIKLA SERVISS","article_modified_time":"2021-01-14T14:55:08+00:00","og_image":[{"width":2560,"height":1707,"url":"https:\/\/www.stikla-serviss.lv\/wp-content\/uploads\/2020\/09\/furnit\u016bra-spogu\u013cu-stiprin\u0101\u0161anai-scaled.jpg","type":"image\/jpeg"}],"twitter_card":"summary_large_image","schema":{"@context":"https:\/\/schema.org","@graph":[{"@type":"WebPage","@id":"https:\/\/www.stikla-serviss.lv\/en\/product\/furnitura-stiklam-spoguliem-furnitura-spogulu-stiprinasanai\/","url":"https:\/\/www.stikla-serviss.lv\/en\/product\/furnitura-stiklam-spoguliem-furnitura-spogulu-stiprinasanai\/","name":"FITTINGS FOR GLASS, MIRRORS - FITTINGS FOR GLASS, MIRRORS - STIKLA SERVISS","isPartOf":{"@id":"https:\/\/www.stikla-serviss.lv\/en\/#website"},"primaryImageOfPage":{"@id":"https:\/\/www.stikla-serviss.lv\/en\/product\/furnitura-stiklam-spoguliem-furnitura-spogulu-stiprinasanai\/#primaryimage"},"image":{"@id":"https:\/\/www.stikla-serviss.lv\/en\/product\/furnitura-stiklam-spoguliem-furnitura-spogulu-stiprinasanai\/#primaryimage"},"thumbnailUrl":"https:\/\/www.stikla-serviss.lv\/wp-content\/uploads\/2020\/09\/furnit\u016bra-spogu\u013cu-stiprin\u0101\u0161anai-scaled.jpg","datePublished":"2020-07-12T09:54:53+00:00","dateModified":"2021-01-14T14:55:08+00:00","description":"FITTINGS FOR GLASS, MIRRORS - FITTINGS FOR GLASS, MIRRORS - STIKLA SERVISS","breadcrumb":{"@id":"https:\/\/www.stikla-serviss.lv\/en\/product\/furnitura-stiklam-spoguliem-furnitura-spogulu-stiprinasanai\/#breadcrumb"},"inLanguage":"en-US","potentialAction":[{"@type":"ReadAction","target":["https:\/\/www.stikla-serviss.lv\/en\/product\/furnitura-stiklam-spoguliem-furnitura-spogulu-stiprinasanai\/"]}]},{"@type":"ImageObject","inLanguage":"en-US","@id":"https:\/\/www.stikla-serviss.lv\/en\/product\/furnitura-stiklam-spoguliem-furnitura-spogulu-stiprinasanai\/#primaryimage","url":"https:\/\/www.stikla-serviss.lv\/wp-content\/uploads\/2020\/09\/furnit\u016bra-spogu\u013cu-stiprin\u0101\u0161anai-scaled.jpg","contentUrl":"https:\/\/www.stikla-serviss.lv\/wp-content\/uploads\/2020\/09\/furnit\u016bra-spogu\u013cu-stiprin\u0101\u0161anai-scaled.jpg","width":2560,"height":1707},{"@type":"BreadcrumbList","@id":"https:\/\/www.stikla-serviss.lv\/en\/product\/furnitura-stiklam-spoguliem-furnitura-spogulu-stiprinasanai\/#breadcrumb","itemListElement":[{"@type":"ListItem","position":1,"name":"Home","item":"https:\/\/www.stikla-serviss.lv\/en\/"},{"@type":"ListItem","position":2,"name":"PRODUCTS","item":"https:\/\/www.stikla-serviss.lv\/en\/produkti\/"},{"@type":"ListItem","position":3,"name":"FITTINGS FOR GLASS, MIRRORS &#8211; FITTINGS FOR GLASS, MIRRORS"}]},{"@type":"WebSite","@id":"https:\/\/www.stikla-serviss.lv\/en\/#website","url":"https:\/\/www.stikla-serviss.lv\/en\/","name":"STIKLA SERVISS","description":"Stikla tirdzniec\u012bbas un stikla izstr\u0101d\u0101jumu ra\u017eo\u0161anas uz\u0146\u0113mums","publisher":{"@id":"https:\/\/www.stikla-serviss.lv\/en\/#organization"},"potentialAction":[{"@type":"SearchAction","target":{"@type":"EntryPoint","urlTemplate":"https:\/\/www.stikla-serviss.lv\/en\/?s={search_term_string}"},"query-input":{"@type":"PropertyValueSpecification","valueRequired":true,"valueName":"search_term_string"}}],"inLanguage":"en-US"},{"@type":"Organization","@id":"https:\/\/www.stikla-serviss.lv\/en\/#organization","name":"SIA \"STIKLA SERVISS\"","url":"https:\/\/www.stikla-serviss.lv\/en\/","logo":{"@type":"ImageObject","inLanguage":"en-US","@id":"https:\/\/www.stikla-serviss.lv\/en\/#\/schema\/logo\/image\/","url":"https:\/\/www.stikla-serviss.lv\/wp-content\/uploads\/2020\/07\/LOGO-ISTS.jpg","contentUrl":"https:\/\/www.stikla-serviss.lv\/wp-content\/uploads\/2020\/07\/LOGO-ISTS.jpg","width":1860,"height":817,"caption":"SIA \"STIKLA SERVISS\""},"image":{"@id":"https:\/\/www.stikla-serviss.lv\/en\/#\/schema\/logo\/image\/"}}]}},"_links":{"self":[{"href":"https:\/\/www.stikla-serviss.lv\/en\/wp-json\/wp\/v2\/product\/7041","targetHints":{"allow":["GET"]}}],"collection":[{"href":"https:\/\/www.stikla-serviss.lv\/en\/wp-json\/wp\/v2\/product"}],"about":[{"href":"https:\/\/www.stikla-serviss.lv\/en\/wp-json\/wp\/v2\/types\/product"}],"wp:featuredmedia":[{"embeddable":true,"href":"https:\/\/www.stikla-serviss.lv\/en\/wp-json\/wp\/v2\/media\/2750"}],"wp:attachment":[{"href":"https:\/\/www.stikla-serviss.lv\/en\/wp-json\/wp\/v2\/media?parent=7041"}],"wp:term":[{"taxonomy":"product_brand","embeddable":true,"href":"https:\/\/www.stikla-serviss.lv\/en\/wp-json\/wp\/v2\/product_brand?post=7041"},{"taxonomy":"product_cat","embeddable":true,"href":"https:\/\/www.stikla-serviss.lv\/en\/wp-json\/wp\/v2\/product_cat?post=7041"},{"taxonomy":"product_tag","embeddable":true,"href":"https:\/\/www.stikla-serviss.lv\/en\/wp-json\/wp\/v2\/product_tag?post=7041"}],"curies":[{"name":"wp","href":"https:\/\/api.w.org\/{rel}","templated":true}]}}