{"id":80580,"date":"2025-10-22T12:15:34","date_gmt":"2025-10-22T09:16:34","guid":{"rendered":"https:\/\/www.stikla-serviss.lv\/?post_type=product&#038;p=80580"},"modified":"2025-10-23T11:16:32","modified_gmt":"2025-10-23T08:16:32","slug":"fireplace-guard-kp01","status":"publish","type":"product","link":"https:\/\/www.stikla-serviss.lv\/en\/product\/fireplace-guard-kp01\/","title":{"rendered":"Fireplace guard KP01"},"content":{"rendered":"<table style=\"border-collapse: collapse; width: 100%; height: 21px;\">\n<tbody>\n<tr style=\"height: 21px;\">\n<td style=\"width: 50%; height: 21px;\">\n<table style=\"width: 93.3856%; height: 255px;\" border=\"0\" width=\"796\" cellspacing=\"0\" cellpadding=\"0\">\n<colgroup>\n<col width=\"72\" \/>\n<col span=\"2\" width=\"133\" \/>\n<col width=\"84\" \/>\n<col width=\"103\" \/>\n<col width=\"91\" \/>\n<col width=\"180\" \/><\/colgroup>\n<tbody>\n<tr style=\"background-color: #999999;\">\n<td class=\"xl65\" style=\"text-align: center; height: 49px; width: 11.1843%;\" width=\"72\" height=\"21\"><span style=\"color: #ffffff;\">Product code<\/span><\/td>\n<td class=\"xl65\" style=\"text-align: center; height: 49px; width: 7.20617%;\" width=\"133\">\n<div title=\"Page 45\"><span style=\"color: #ffffff;\">Height<\/span><\/div>\n<div title=\"Page 45\"><span style=\"color: #ffffff;\">H (mm)<\/span><\/div>\n<\/td>\n<td class=\"xl65\" style=\"text-align: center; height: 49px; width: 20.5823%;\" width=\"133\">\n<div title=\"Page 45\"><span style=\"color: #ffffff;\">Width<\/span><\/div>\n<div title=\"Page 45\"><span style=\"color: #ffffff;\">W (mm)<\/span><\/div>\n<\/td>\n<td class=\"xl65\" style=\"text-align: center; height: 49px; width: 31.6235%;\" width=\"84\"><span style=\"color: #ffffff;\">Price (inc. VAT)<\/span><\/td>\n<\/tr>\n<tr style=\"height: 21px;\">\n<td style=\"width: 11.1843%; text-align: center; height: 21px;\" width=\"89\"><span style=\"font-size: 90%;\">KP01_60x80<\/span><\/td>\n<td class=\"xl65\" style=\"text-align: center; height: 21px; width: 7.20617%;\"><span style=\"font-size: 90%;\">600<\/span><\/td>\n<td style=\"width: 20.5823%; text-align: center; height: 21px;\" width=\"69\"><span style=\"font-size: 90%;\">800<\/span><\/td>\n<td style=\"width: 31.6235%; text-align: center; height: 21px;\" width=\"66\"><span style=\"font-size: 90%;\">\u20ac67<\/span><\/td>\n<\/tr>\n<tr style=\"height: 21px;\">\n<td style=\"width: 11.1843%; text-align: center; height: 21px;\" width=\"89\"><span style=\"font-size: 90%;\">\u00a0KP01_50x100<\/span><\/td>\n<td class=\"xl65\" style=\"text-align: center; height: 21px; width: 7.20617%;\"><span style=\"font-size: 90%;\">500<\/span><\/td>\n<td style=\"width: 20.5823%; text-align: center; height: 21px;\" width=\"69\"><span style=\"font-size: 90%;\">1000<\/span><\/td>\n<td style=\"width: 31.6235%; text-align: center; height: 21px;\" width=\"66\"><span style=\"font-size: 90%;\">\u20ac70<\/span><\/td>\n<\/tr>\n<tr style=\"height: 21px;\">\n<td style=\"width: 11.1843%; text-align: center; height: 21px;\" width=\"89\"><span style=\"font-size: 90%;\">\u00a0KP01_60x120<\/span><\/td>\n<td class=\"xl65\" style=\"text-align: center; height: 21px; width: 7.20617%;\"><span style=\"font-size: 90%;\">600<\/span><\/td>\n<td style=\"width: 20.5823%; text-align: center; height: 21px;\" width=\"69\"><span style=\"font-size: 90%;\">1200<\/span><\/td>\n<td style=\"width: 31.6235%; text-align: center; height: 21px;\" width=\"66\"><span style=\"font-size: 90%;\">\u20ac95<\/span><\/td>\n<\/tr>\n<\/tbody>\n<\/table>\n<p>*Non-standard size: a 15% surcharge applies when changing glass type, hight and width.<\/td>\n<td style=\"width: 50%; height: 21px;\"><div class=\"row\"  id=\"row-2134574389\">\r\n\r\n\n\t<div id=\"col-240242867\" class=\"col medium-6 small-12 large-6\"  >\n\t\t\t\t<div class=\"col-inner\"  >\n\t\t\t\n\t\t\t\r\n<p style=\"text-align: right;\">LAURA V\u012aTOLA<\/p>\r\n<p style=\"text-align: right;\">Product designer<\/p>\r\n<p style=\"text-align: right;\">+371 20010062<\/p>\r\n<p style=\"text-align: right;\">+371 67472933<\/p>\r\n<p style=\"text-align: right;\"><a id=\"contact_email_19\" href=\"mailto:laura@stikla-serviss.lv\">laura@stikla-serviss.lv<\/a><\/p>\r\n<p style=\"text-align: right;\"><a href=\"mailto:info@stikla-serviss.lv\">info@stikla-serviss.lv<\/a><\/p>\r\n\t\t<\/div>\n\t\t\t\t\t<\/div>\n\n\t\r\n\n\t<div id=\"col-1435707140\" class=\"col medium-6 small-12 large-6\"  >\n\t\t\t\t<div class=\"col-inner\"  >\n\t\t\t\n\t\t\t\r\n\r\n\t<div class=\"img has-hover x md-x lg-x y md-y lg-y\" id=\"image_1011200498\">\n\t\t\t\t\t\t\t\t<div class=\"img-inner dark\" >\n\t\t\t<img loading=\"lazy\" decoding=\"async\" width=\"800\" height=\"792\" src=\"https:\/\/www.stikla-serviss.lv\/wp-content\/uploads\/2021\/10\/Laura-Vitola-3-1.jpg\" class=\"attachment-large size-large\" alt=\"\" srcset=\"https:\/\/www.stikla-serviss.lv\/wp-content\/uploads\/2021\/10\/Laura-Vitola-3-1.jpg 800w, https:\/\/www.stikla-serviss.lv\/wp-content\/uploads\/2021\/10\/Laura-Vitola-3-1-100x100.jpg 100w, https:\/\/www.stikla-serviss.lv\/wp-content\/uploads\/2021\/10\/Laura-Vitola-3-1-510x505.jpg 510w, https:\/\/www.stikla-serviss.lv\/wp-content\/uploads\/2021\/10\/Laura-Vitola-3-1-404x400.jpg 404w, https:\/\/www.stikla-serviss.lv\/wp-content\/uploads\/2021\/10\/Laura-Vitola-3-1-768x760.jpg 768w\" sizes=\"auto, (max-width: 800px) 100vw, 800px\" \/>\t\t\t\t\t\t\n\t\t\t\t\t<\/div>\n\t\t\t\t\t\t\t\t\n<style>\n#image_1011200498 {\n  width: 100%;\n}\n<\/style>\n\t<\/div>\n\t\r\n\r\n\t\t<\/div>\n\t\t\t\t\t<\/div>\n\n\t\r\n\r\n<\/div><\/td>\n<\/tr>\n<\/tbody>\n<\/table>\n","protected":false},"excerpt":{"rendered":"<p><span style=\"font-size: small;\">The fireplace guards is intended for use as a floor covering under the stove or fireplace, providing effective protection for the existing floor during the stove&#8217;s operation. Made of high-quality tempered glass that withstands high temperatures and mechanical stress<\/span><\/p>\n<p><span style=\"font-size: small;\">\u2022 Glass: clear<br \/>\n\u2022 Material: tempered glass<br \/>\n\u2022 Thickness: 6mm<br \/>\n\u2022 Rounded polished edges<br \/>\n<\/span><\/p>\n<p><span style=\"font-size: small;\"><strong>Important!<\/strong><br \/>\n\u2022 During use, the temperature must be below <strong data-start=\"1230\" data-end=\"1240\">200 \u00b0C<\/strong><br \/>\n\u2022 Maintain a safe distance of at least <strong data-start=\"1264\" data-end=\"1273\">10 cm<\/strong> from the heat source.\u00a0<\/span><\/p>\n<p><img loading=\"lazy\" decoding=\"async\" class=\"alignnone wp-image-80585 size-full\" src=\"https:\/\/www.stikla-serviss.lv\/wp-content\/uploads\/2025\/10\/Kamina-plaksnes-rasejums-2.jpg\" alt=\"\" width=\"288\" height=\"192\" \/><\/p>\n","protected":false},"featured_media":80589,"template":"","meta":[],"product_brand":[],"product_cat":[347,259],"product_tag":[],"class_list":{"0":"post-80580","1":"product","2":"type-product","3":"status-publish","4":"has-post-thumbnail","6":"product_cat-fireplace-guards","7":"product_cat-individual-glass-solutions","9":"first","10":"instock","11":"shipping-taxable","12":"product-type-simple"},"yoast_head":"<!-- This site is optimized with the Yoast SEO plugin v27.1.1 - https:\/\/yoast.com\/product\/yoast-seo-wordpress\/ -->\n<title>Fireplace guard KP01 - STIKLA SERVISS<\/title>\n<meta name=\"description\" content=\"Fireplace guard KP01 - STIKLA SERVISS\" \/>\n<meta name=\"robots\" content=\"index, follow, max-snippet:-1, max-image-preview:large, max-video-preview:-1\" \/>\n<link rel=\"canonical\" href=\"https:\/\/www.stikla-serviss.lv\/en\/product\/fireplace-guard-kp01\/\" \/>\n<meta property=\"og:locale\" content=\"en_US\" \/>\n<meta property=\"og:type\" content=\"article\" \/>\n<meta property=\"og:title\" content=\"Fireplace guard KP01 - STIKLA SERVISS\" \/>\n<meta property=\"og:description\" content=\"Fireplace guard KP01 - STIKLA SERVISS\" \/>\n<meta property=\"og:url\" content=\"https:\/\/www.stikla-serviss.lv\/en\/product\/fireplace-guard-kp01\/\" \/>\n<meta property=\"og:site_name\" content=\"STIKLA SERVISS\" \/>\n<meta property=\"article:modified_time\" content=\"2025-10-23T08:16:32+00:00\" \/>\n<meta property=\"og:image\" content=\"https:\/\/www.stikla-serviss.lv\/wp-content\/uploads\/2025\/10\/Kamina-aizsargplaksne-01.jpg\" \/>\n\t<meta property=\"og:image:width\" content=\"1800\" \/>\n\t<meta property=\"og:image:height\" content=\"2250\" \/>\n\t<meta property=\"og:image:type\" content=\"image\/jpeg\" \/>\n<meta name=\"twitter:card\" content=\"summary_large_image\" \/>\n<meta name=\"twitter:label1\" content=\"Est. reading time\" \/>\n\t<meta name=\"twitter:data1\" content=\"1 minute\" \/>\n<script type=\"application\/ld+json\" class=\"yoast-schema-graph\">{\"@context\":\"https:\/\/schema.org\",\"@graph\":[{\"@type\":\"WebPage\",\"@id\":\"https:\/\/www.stikla-serviss.lv\/en\/product\/fireplace-guard-kp01\/\",\"url\":\"https:\/\/www.stikla-serviss.lv\/en\/product\/fireplace-guard-kp01\/\",\"name\":\"Fireplace guard KP01 - STIKLA SERVISS\",\"isPartOf\":{\"@id\":\"https:\/\/www.stikla-serviss.lv\/en\/#website\"},\"primaryImageOfPage\":{\"@id\":\"https:\/\/www.stikla-serviss.lv\/en\/product\/fireplace-guard-kp01\/#primaryimage\"},\"image\":{\"@id\":\"https:\/\/www.stikla-serviss.lv\/en\/product\/fireplace-guard-kp01\/#primaryimage\"},\"thumbnailUrl\":\"https:\/\/www.stikla-serviss.lv\/wp-content\/uploads\/2025\/10\/Kamina-aizsargplaksne-01.jpg\",\"datePublished\":\"2025-10-22T09:16:34+00:00\",\"dateModified\":\"2025-10-23T08:16:32+00:00\",\"description\":\"Fireplace guard KP01 - STIKLA SERVISS\",\"breadcrumb\":{\"@id\":\"https:\/\/www.stikla-serviss.lv\/en\/product\/fireplace-guard-kp01\/#breadcrumb\"},\"inLanguage\":\"en-US\",\"potentialAction\":[{\"@type\":\"ReadAction\",\"target\":[\"https:\/\/www.stikla-serviss.lv\/en\/product\/fireplace-guard-kp01\/\"]}]},{\"@type\":\"ImageObject\",\"inLanguage\":\"en-US\",\"@id\":\"https:\/\/www.stikla-serviss.lv\/en\/product\/fireplace-guard-kp01\/#primaryimage\",\"url\":\"https:\/\/www.stikla-serviss.lv\/wp-content\/uploads\/2025\/10\/Kamina-aizsargplaksne-01.jpg\",\"contentUrl\":\"https:\/\/www.stikla-serviss.lv\/wp-content\/uploads\/2025\/10\/Kamina-aizsargplaksne-01.jpg\",\"width\":1800,\"height\":2250},{\"@type\":\"BreadcrumbList\",\"@id\":\"https:\/\/www.stikla-serviss.lv\/en\/product\/fireplace-guard-kp01\/#breadcrumb\",\"itemListElement\":[{\"@type\":\"ListItem\",\"position\":1,\"name\":\"Home\",\"item\":\"https:\/\/www.stikla-serviss.lv\/en\/\"},{\"@type\":\"ListItem\",\"position\":2,\"name\":\"PRODUCTS\",\"item\":\"https:\/\/www.stikla-serviss.lv\/en\/produkti\/\"},{\"@type\":\"ListItem\",\"position\":3,\"name\":\"Fireplace guard KP01\"}]},{\"@type\":\"WebSite\",\"@id\":\"https:\/\/www.stikla-serviss.lv\/en\/#website\",\"url\":\"https:\/\/www.stikla-serviss.lv\/en\/\",\"name\":\"STIKLA SERVISS\",\"description\":\"Stikla tirdzniec\u012bbas un stikla izstr\u0101d\u0101jumu ra\u017eo\u0161anas uz\u0146\u0113mums\",\"publisher\":{\"@id\":\"https:\/\/www.stikla-serviss.lv\/en\/#organization\"},\"potentialAction\":[{\"@type\":\"SearchAction\",\"target\":{\"@type\":\"EntryPoint\",\"urlTemplate\":\"https:\/\/www.stikla-serviss.lv\/en\/?s={search_term_string}\"},\"query-input\":{\"@type\":\"PropertyValueSpecification\",\"valueRequired\":true,\"valueName\":\"search_term_string\"}}],\"inLanguage\":\"en-US\"},{\"@type\":\"Organization\",\"@id\":\"https:\/\/www.stikla-serviss.lv\/en\/#organization\",\"name\":\"SIA \\\"STIKLA SERVISS\\\"\",\"url\":\"https:\/\/www.stikla-serviss.lv\/en\/\",\"logo\":{\"@type\":\"ImageObject\",\"inLanguage\":\"en-US\",\"@id\":\"https:\/\/www.stikla-serviss.lv\/en\/#\/schema\/logo\/image\/\",\"url\":\"https:\/\/www.stikla-serviss.lv\/wp-content\/uploads\/2020\/07\/LOGO-ISTS.jpg\",\"contentUrl\":\"https:\/\/www.stikla-serviss.lv\/wp-content\/uploads\/2020\/07\/LOGO-ISTS.jpg\",\"width\":1860,\"height\":817,\"caption\":\"SIA \\\"STIKLA SERVISS\\\"\"},\"image\":{\"@id\":\"https:\/\/www.stikla-serviss.lv\/en\/#\/schema\/logo\/image\/\"}}]}<\/script>\n<!-- \/ Yoast SEO plugin. -->","yoast_head_json":{"title":"Fireplace guard KP01 - STIKLA SERVISS","description":"Fireplace guard KP01 - STIKLA SERVISS","robots":{"index":"index","follow":"follow","max-snippet":"max-snippet:-1","max-image-preview":"max-image-preview:large","max-video-preview":"max-video-preview:-1"},"canonical":"https:\/\/www.stikla-serviss.lv\/en\/product\/fireplace-guard-kp01\/","og_locale":"en_US","og_type":"article","og_title":"Fireplace guard KP01 - STIKLA SERVISS","og_description":"Fireplace guard KP01 - STIKLA SERVISS","og_url":"https:\/\/www.stikla-serviss.lv\/en\/product\/fireplace-guard-kp01\/","og_site_name":"STIKLA SERVISS","article_modified_time":"2025-10-23T08:16:32+00:00","og_image":[{"width":1800,"height":2250,"url":"https:\/\/www.stikla-serviss.lv\/wp-content\/uploads\/2025\/10\/Kamina-aizsargplaksne-01.jpg","type":"image\/jpeg"}],"twitter_card":"summary_large_image","twitter_misc":{"Est. reading time":"1 minute"},"schema":{"@context":"https:\/\/schema.org","@graph":[{"@type":"WebPage","@id":"https:\/\/www.stikla-serviss.lv\/en\/product\/fireplace-guard-kp01\/","url":"https:\/\/www.stikla-serviss.lv\/en\/product\/fireplace-guard-kp01\/","name":"Fireplace guard KP01 - STIKLA SERVISS","isPartOf":{"@id":"https:\/\/www.stikla-serviss.lv\/en\/#website"},"primaryImageOfPage":{"@id":"https:\/\/www.stikla-serviss.lv\/en\/product\/fireplace-guard-kp01\/#primaryimage"},"image":{"@id":"https:\/\/www.stikla-serviss.lv\/en\/product\/fireplace-guard-kp01\/#primaryimage"},"thumbnailUrl":"https:\/\/www.stikla-serviss.lv\/wp-content\/uploads\/2025\/10\/Kamina-aizsargplaksne-01.jpg","datePublished":"2025-10-22T09:16:34+00:00","dateModified":"2025-10-23T08:16:32+00:00","description":"Fireplace guard KP01 - STIKLA SERVISS","breadcrumb":{"@id":"https:\/\/www.stikla-serviss.lv\/en\/product\/fireplace-guard-kp01\/#breadcrumb"},"inLanguage":"en-US","potentialAction":[{"@type":"ReadAction","target":["https:\/\/www.stikla-serviss.lv\/en\/product\/fireplace-guard-kp01\/"]}]},{"@type":"ImageObject","inLanguage":"en-US","@id":"https:\/\/www.stikla-serviss.lv\/en\/product\/fireplace-guard-kp01\/#primaryimage","url":"https:\/\/www.stikla-serviss.lv\/wp-content\/uploads\/2025\/10\/Kamina-aizsargplaksne-01.jpg","contentUrl":"https:\/\/www.stikla-serviss.lv\/wp-content\/uploads\/2025\/10\/Kamina-aizsargplaksne-01.jpg","width":1800,"height":2250},{"@type":"BreadcrumbList","@id":"https:\/\/www.stikla-serviss.lv\/en\/product\/fireplace-guard-kp01\/#breadcrumb","itemListElement":[{"@type":"ListItem","position":1,"name":"Home","item":"https:\/\/www.stikla-serviss.lv\/en\/"},{"@type":"ListItem","position":2,"name":"PRODUCTS","item":"https:\/\/www.stikla-serviss.lv\/en\/produkti\/"},{"@type":"ListItem","position":3,"name":"Fireplace guard KP01"}]},{"@type":"WebSite","@id":"https:\/\/www.stikla-serviss.lv\/en\/#website","url":"https:\/\/www.stikla-serviss.lv\/en\/","name":"STIKLA SERVISS","description":"Stikla tirdzniec\u012bbas un stikla izstr\u0101d\u0101jumu ra\u017eo\u0161anas uz\u0146\u0113mums","publisher":{"@id":"https:\/\/www.stikla-serviss.lv\/en\/#organization"},"potentialAction":[{"@type":"SearchAction","target":{"@type":"EntryPoint","urlTemplate":"https:\/\/www.stikla-serviss.lv\/en\/?s={search_term_string}"},"query-input":{"@type":"PropertyValueSpecification","valueRequired":true,"valueName":"search_term_string"}}],"inLanguage":"en-US"},{"@type":"Organization","@id":"https:\/\/www.stikla-serviss.lv\/en\/#organization","name":"SIA \"STIKLA SERVISS\"","url":"https:\/\/www.stikla-serviss.lv\/en\/","logo":{"@type":"ImageObject","inLanguage":"en-US","@id":"https:\/\/www.stikla-serviss.lv\/en\/#\/schema\/logo\/image\/","url":"https:\/\/www.stikla-serviss.lv\/wp-content\/uploads\/2020\/07\/LOGO-ISTS.jpg","contentUrl":"https:\/\/www.stikla-serviss.lv\/wp-content\/uploads\/2020\/07\/LOGO-ISTS.jpg","width":1860,"height":817,"caption":"SIA \"STIKLA SERVISS\""},"image":{"@id":"https:\/\/www.stikla-serviss.lv\/en\/#\/schema\/logo\/image\/"}}]}},"_links":{"self":[{"href":"https:\/\/www.stikla-serviss.lv\/en\/wp-json\/wp\/v2\/product\/80580","targetHints":{"allow":["GET"]}}],"collection":[{"href":"https:\/\/www.stikla-serviss.lv\/en\/wp-json\/wp\/v2\/product"}],"about":[{"href":"https:\/\/www.stikla-serviss.lv\/en\/wp-json\/wp\/v2\/types\/product"}],"wp:featuredmedia":[{"embeddable":true,"href":"https:\/\/www.stikla-serviss.lv\/en\/wp-json\/wp\/v2\/media\/80589"}],"wp:attachment":[{"href":"https:\/\/www.stikla-serviss.lv\/en\/wp-json\/wp\/v2\/media?parent=80580"}],"wp:term":[{"taxonomy":"product_brand","embeddable":true,"href":"https:\/\/www.stikla-serviss.lv\/en\/wp-json\/wp\/v2\/product_brand?post=80580"},{"taxonomy":"product_cat","embeddable":true,"href":"https:\/\/www.stikla-serviss.lv\/en\/wp-json\/wp\/v2\/product_cat?post=80580"},{"taxonomy":"product_tag","embeddable":true,"href":"https:\/\/www.stikla-serviss.lv\/en\/wp-json\/wp\/v2\/product_tag?post=80580"}],"curies":[{"name":"wp","href":"https:\/\/api.w.org\/{rel}","templated":true}]}}